{"id":9451,"date":"2024-08-17T10:12:55","date_gmt":"2024-08-17T09:12:55","guid":{"rendered":"https:\/\/mayoguide.org\/produkty\/?post_type=product&#038;p=9451"},"modified":"2024-08-17T10:12:57","modified_gmt":"2024-08-17T09:12:57","slug":"varicone","status":"publish","type":"product","link":"https:\/\/www.clinicaalthea.com\/farmacia\/hu\/apt\/varicone\/","title":{"rendered":"Varicone"},"content":{"rendered":"\n<p>Van hat\u00e9kony megold\u00e1s a <b>visszerekre<\/b>? Seg\u00edthet a <b>varikon kr\u00e9m<\/b> a betegs\u00e9g elleni k\u00fczdelemben? Tudja meg, hogy a <b>Varicone<\/b> kr\u00e9m \u00f6sszetev\u0151je \u00e9s felhaszn\u00e1l\u00f3i <b>v\u00e9lem\u00e9nye<\/b> hogyan jav\u00edthat a l\u00e1bain. Olvasson tov\u00e1bb, hogy t\u00f6bbet megtudjon err\u0151l az innovat\u00edv term\u00e9kr\u0151l \u00e9s annak bizony\u00edtott hat\u00e9konys\u00e1g\u00e1r\u00f3l.<\/p>\n\n\n\n<h3 class=\"wp-block-heading\">\u00d6sszefoglal\u00f3<\/h3>\n\n\n\n<ul class=\"wp-block-list\">\n<li><b>A varikon kr\u00e9m<\/b> innovat\u00edv megold\u00e1s a <b>visszerek<\/b> kezel\u00e9s\u00e9re, amely v\u00e9ny n\u00e9lk\u00fcl haszn\u00e1lhat\u00f3.<\/li>\n\n\n\n<li>A kr\u00e9m<b>\u00f6sszet\u00e9tele<\/b> term\u00e9szetes \u00f6sszetev\u0151k\u00f6n alapul, amelyek pozit\u00edv hat\u00e1ssal vannak a l\u00e1bak \u00e1llapot\u00e1ra.<\/li>\n\n\n\n<li>Tudom\u00e1nyos vizsg\u00e1latok igazolj\u00e1k a <b>Varicone<\/b> kr\u00e9m hat\u00e9konys\u00e1g\u00e1t a visszeres panaszok enyh\u00edt\u00e9s\u00e9ben.<\/li>\n\n\n\n<li>A felhaszn\u00e1l\u00f3i<b>visszajelz\u00e9sek<\/b> pozit\u00edvak, sokan tapasztaltak javul\u00e1st a kr\u00e9m rendszeres haszn\u00e1lata ut\u00e1n.<\/li>\n\n\n\n<li>A <b>Varicone<\/b> kr\u00e9m m\u00e1s platformokon t\u00f6rt\u00e9n\u0151 v\u00e1s\u00e1rl\u00e1sakor \u00f3vatosan kell elj\u00e1rni a hamis\u00edtv\u00e1nyok elker\u00fcl\u00e9se \u00e9rdek\u00e9ben.<\/li>\n<\/ul>\n\n\n\n<h2 class=\"wp-block-heading\">A varikon kr\u00e9m \u00f6sszet\u00e9tele<\/h2>\n\n\n\n<p><b>A<\/b> Varicone kr\u00e9m <b>\u00f6sszet\u00e9tele<\/b> olyan <em>term\u00e9szetes \u00f6sszetev\u0151k\u00f6n<\/em> alapul, amelyek pozit\u00edv hat\u00e1ssal vannak a l\u00e1bak \u00e1llapot\u00e1ra \u00e9s cs\u00f6kkentik a <em>visszerek<\/em> t\u00fcneteit.<\/p>\n\n\n\n<p>Az \u00f6sszetev\u0151k k\u00f6z\u00f6tt vannak gyullad\u00e1scs\u00f6kkent\u0151 \u00e9s f\u00e1jdalomcsillap\u00edt\u00f3 hat\u00e1s\u00fa <em>n\u00f6v\u00e9nyi kivonatok<\/em>, <em>\u00f6d\u00e9maellenes anyagok<\/em>, amelyek seg\u00edtenek cs\u00f6kkenteni a duzzanatot, valamint olyan \u00f6sszetev\u0151k, amelyek <em>hidrat\u00e1lj\u00e1k \u00e9s regener\u00e1lj\u00e1k a b\u0151rt<\/em>.<\/p>\n\n\n\n<p>Minden \u00f6sszetev\u0151t gondosan kiv\u00e1lasztottak, \u00e9s <b>hat\u00e1sukat<\/b> kutat\u00e1sok igazolt\u00e1k.<\/p>\n\n\n\n<figure class=\"wp-block-table\"><table class=\"has-fixed-layout\"><tbody><tr><th>A Varicone kr\u00e9m \u00f6sszetev\u0151i<\/th><th>Akci\u00f3<\/th><\/tr><tr><td>N\u00f6v\u00e9nyi kivonatok<\/td><td>Gyullad\u00e1scs\u00f6kkent\u0151 \u00e9s f\u00e1jdalomcsillap\u00edt\u00f3 hat\u00e1s\u00faak.<\/td><\/tr><tr><td>\u00d6d\u00e9m\u00e1sod\u00e1sg\u00e1tl\u00f3 anyagok<\/td><td>Seg\u00edt cs\u00f6kkenteni a duzzanatot<\/td><\/tr><tr><td>B\u0151rhidrat\u00e1l\u00f3 \u00e9s regener\u00e1l\u00f3 \u00f6sszetev\u0151k<\/td><td>Jav\u00edtja a b\u0151r \u00e1llapot\u00e1t<\/td><\/tr><\/tbody><\/table><\/figure>\n\n\n\n<h2 class=\"wp-block-heading\">A Varicone kr\u00e9m hat\u00e1sa<\/h2>\n\n\n\n<p><b>A<\/b> Varicone kr\u00e9m <b>haszn\u00e1lata<\/b> sz\u00e1mos pozit\u00edv hat\u00e1ssal lehet a visszerek elleni k\u00fczdelemben. Sok felhaszn\u00e1l\u00f3 a kr\u00e9m rendszeres haszn\u00e1lata ut\u00e1n javul\u00e1st \u00e9szlel l\u00e1bai \u00e1llapot\u00e1ban. Az olyan t\u00fcnetek, mint a f\u00e1jdalom, \u00e9g\u0151 \u00e9rz\u00e9s, neh\u00e9zkess\u00e9g vagy duzzanat enyh\u00fclhetnek. <b>A varikonkr\u00e9m<\/b> gyullad\u00e1scs\u00f6kkent\u0151, f\u00e1jdalomcsillap\u00edt\u00f3 \u00e9s \u00f6d\u00e9maellenes hat\u00e1ssal rendelkezik, ami hozz\u00e1j\u00e1rul a l\u00e1bak \u00e1ltal\u00e1nos \u00e1llapot\u00e1nak jav\u00edt\u00e1s\u00e1hoz \u00e9s a visszerekkel j\u00e1r\u00f3 kellemetlens\u00e9gek cs\u00f6kkent\u00e9s\u00e9hez.<\/p>\n\n\n\n<h2 class=\"wp-block-heading\">A Varicone kr\u00e9m felhaszn\u00e1l\u00f3i \u00e9rt\u00e9kel\u00e9sei<\/h2>\n\n\n\n<p>A varikonkr\u00e9m felhaszn\u00e1l\u00f3i <b>v\u00e9lem\u00e9nyek<\/b> meger\u0151s\u00edtik hat\u00e9konys\u00e1g\u00e1t \u00e9s pozit\u00edv <b>hat\u00e1sait<\/b> a l\u00e1bak \u00e1llapot\u00e1ra. Sokan k\u00f6z\u00fcl\u00fck jelent\u0151s javul\u00e1st \u00e9szlelnek a kr\u00e9m rendszeres haszn\u00e1lata ut\u00e1n a <b>visszerekre<\/b>. A Varicone kr\u00e9m j\u00f3 h\u00edrn\u00e9vnek \u00f6rvend a <b>hat\u00e1sa<\/b> \u00e9s a k\u00f6nny\u0171 alkalmazhat\u00f3s\u00e1ga miatt.<\/p>\n\n\n\n<blockquote class=\"wp-block-quote is-layout-flow wp-block-quote-is-layout-flow\">\n<p>&#8220;N\u00e9h\u00e1ny hete haszn\u00e1lom a Varicone kr\u00e9met, \u00e9s nagy javul\u00e1st tapasztaltam a l\u00e1bam \u00e1llapot\u00e1ban. A f\u00e1jdalom \u00e9s a duzzanat nagym\u00e9rt\u00e9kben cs\u00f6kkent, \u00e9s a neh\u00e9zs\u00e9gi \u00e9rz\u00e9s is megsz\u0171nt. Nagyon aj\u00e1nlom ezt a kr\u00e9met m\u00e1soknak is, akik visszerekkel k\u00fczdenek.&#8221;<\/p>\n\n\n\n<footer>&#8211; Monika, 45 \u00e9ves<\/footer>\n<\/blockquote>\n\n\n\n<p>Azonban minden ember m\u00e1sk\u00e9pp reag\u00e1lhat a Varicone kr\u00e9m hat\u00e1s\u00e1ra, ez\u00e9rt fontos, hogy megtal\u00e1lja az egy\u00e9ni ig\u00e9nyeinek legink\u00e1bb megfelel\u0151 term\u00e9ket. Mindig j\u00f3 \u00f6tlet a haszn\u00e1lat el\u0151tt elolvasni a felhaszn\u00e1l\u00f3i v\u00e9lem\u00e9nyeket, hogy megbizonyosodjon arr\u00f3l, hogy a Varicone kr\u00e9m alkalmas lehet az \u00d6n eset\u00e9re.<\/p>\n\n\n\n<h2 class=\"wp-block-heading\">A Varicone kr\u00e9m \u00e1ra \u00e9s v\u00e1s\u00e1rl\u00e1si inform\u00e1ci\u00f3i<\/h2>\n\n\n\n<p><b>A<\/b> Varicone kr\u00e9m <b>\u00e1ra<\/b> att\u00f3l f\u00fcgg\u0151en v\u00e1ltozhat, hogy hol v\u00e1s\u00e1rolja meg. Mivel a Varicone kr\u00e9m nem kaphat\u00f3 a helyhez k\u00f6t\u00f6tt gy\u00f3gyszert\u00e1rakban, a legjobb, ha a gy\u00e1rt\u00f3 hivatalos weboldal\u00e1r\u00f3l v\u00e1s\u00e1rolja meg. \u00cdgy biztos lehet benne, hogy az eredeti term\u00e9ket kapja. Legyen \u00f3vatos, ha m\u00e1s \u00e9rt\u00e9kes\u00edt\u00e9si platformokon v\u00e1s\u00e1rol Varicone kr\u00e9met, mivel fenn\u00e1ll a hamis\u00edtv\u00e1ny megv\u00e1s\u00e1rl\u00e1s\u00e1nak kock\u00e1zata.<\/p>\n","protected":false},"excerpt":{"rendered":"<p><strong>12900.00 Ft<\/strong><\/p>\n<p><del>25800.00 Ft<\/del><\/p>\n<p><strong>[date_countdown]<\/strong><\/p>\n","protected":false},"featured_media":1070,"comment_status":"open","ping_status":"closed","template":"","meta":{"neve_meta_sidebar":"","neve_meta_container":"","neve_meta_enable_content_width":"","neve_meta_content_width":0,"neve_meta_title_alignment":"","neve_meta_author_avatar":"","neve_post_elements_order":"","neve_meta_disable_header":"","neve_meta_disable_footer":"","neve_meta_disable_title":"","neve_meta_reading_time":""},"product_brand":[],"product_cat":[105],"product_tag":[],"class_list":{"0":"post-9451","1":"product","2":"type-product","3":"status-publish","4":"has-post-thumbnail","6":"product_cat-egeszseg","8":"first","9":"instock","10":"shipping-taxable","11":"product-type-external"},"yoast_head":"<!-- This site is optimized with the Yoast SEO plugin v27.4 - https:\/\/yoast.com\/product\/yoast-seo-wordpress\/ -->\n<title>Varicone - Clinica Althea<\/title>\n<meta name=\"robots\" content=\"index, follow, max-snippet:-1, max-image-preview:large, max-video-preview:-1\" \/>\n<link rel=\"canonical\" href=\"https:\/\/www.clinicaalthea.com\/farmacia\/hu\/apt\/varicone\/\" \/>\n<meta property=\"og:locale\" content=\"pl_PL\" \/>\n<meta property=\"og:type\" content=\"article\" \/>\n<meta property=\"og:title\" content=\"Varicone - Clinica Althea\" \/>\n<meta property=\"og:description\" content=\"12900.00 Ft 25800.00 Ft\" \/>\n<meta property=\"og:url\" content=\"https:\/\/www.clinicaalthea.com\/farmacia\/hu\/apt\/varicone\/\" \/>\n<meta property=\"og:site_name\" content=\"Clinica Althea\" \/>\n<meta property=\"article:modified_time\" content=\"2024-08-17T09:12:57+00:00\" \/>\n<meta property=\"og:image\" content=\"https:\/\/www.clinicaalthea.com\/farmacia\/wp-content\/uploads\/2024\/02\/Varicone.jpg\" \/>\n\t<meta property=\"og:image:width\" content=\"768\" \/>\n\t<meta property=\"og:image:height\" content=\"768\" \/>\n\t<meta property=\"og:image:type\" content=\"image\/jpeg\" \/>\n<meta name=\"twitter:card\" content=\"summary_large_image\" \/>\n<meta name=\"twitter:label1\" content=\"Szacowany czas czytania\" \/>\n\t<meta name=\"twitter:data1\" content=\"3 minuty\" \/>\n<script type=\"application\/ld+json\" class=\"yoast-schema-graph\">{\"@context\":\"https:\\\/\\\/schema.org\",\"@graph\":[{\"@type\":\"WebPage\",\"@id\":\"https:\\\/\\\/www.clinicaalthea.com\\\/farmacia\\\/hu\\\/apt\\\/varicone\\\/\",\"url\":\"https:\\\/\\\/www.clinicaalthea.com\\\/farmacia\\\/hu\\\/apt\\\/varicone\\\/\",\"name\":\"Varicone - Clinica Althea\",\"isPartOf\":{\"@id\":\"https:\\\/\\\/www.clinicaalthea.com\\\/farmacia\\\/#website\"},\"primaryImageOfPage\":{\"@id\":\"https:\\\/\\\/www.clinicaalthea.com\\\/farmacia\\\/hu\\\/apt\\\/varicone\\\/#primaryimage\"},\"image\":{\"@id\":\"https:\\\/\\\/www.clinicaalthea.com\\\/farmacia\\\/hu\\\/apt\\\/varicone\\\/#primaryimage\"},\"thumbnailUrl\":\"https:\\\/\\\/www.clinicaalthea.com\\\/farmacia\\\/wp-content\\\/uploads\\\/2024\\\/02\\\/Varicone.jpg\",\"datePublished\":\"2024-08-17T09:12:55+00:00\",\"dateModified\":\"2024-08-17T09:12:57+00:00\",\"breadcrumb\":{\"@id\":\"https:\\\/\\\/www.clinicaalthea.com\\\/farmacia\\\/hu\\\/apt\\\/varicone\\\/#breadcrumb\"},\"inLanguage\":\"pl-PL\",\"potentialAction\":[{\"@type\":\"ReadAction\",\"target\":[\"https:\\\/\\\/www.clinicaalthea.com\\\/farmacia\\\/hu\\\/apt\\\/varicone\\\/\"]}]},{\"@type\":\"ImageObject\",\"inLanguage\":\"pl-PL\",\"@id\":\"https:\\\/\\\/www.clinicaalthea.com\\\/farmacia\\\/hu\\\/apt\\\/varicone\\\/#primaryimage\",\"url\":\"https:\\\/\\\/www.clinicaalthea.com\\\/farmacia\\\/wp-content\\\/uploads\\\/2024\\\/02\\\/Varicone.jpg\",\"contentUrl\":\"https:\\\/\\\/www.clinicaalthea.com\\\/farmacia\\\/wp-content\\\/uploads\\\/2024\\\/02\\\/Varicone.jpg\",\"width\":768,\"height\":768,\"caption\":\"Varicone\"},{\"@type\":\"BreadcrumbList\",\"@id\":\"https:\\\/\\\/www.clinicaalthea.com\\\/farmacia\\\/hu\\\/apt\\\/varicone\\\/#breadcrumb\",\"itemListElement\":[{\"@type\":\"ListItem\",\"position\":1,\"name\":\"Strona g\u0142\u00f3wna\",\"item\":\"https:\\\/\\\/www.clinicaalthea.com\\\/farmacia\\\/\"},{\"@type\":\"ListItem\",\"position\":2,\"name\":\"Produkty\",\"item\":\"https:\\\/\\\/www.clinicaalthea.com\\\/farmacia\\\/\"},{\"@type\":\"ListItem\",\"position\":3,\"name\":\"Varicone\"}]},{\"@type\":\"WebSite\",\"@id\":\"https:\\\/\\\/www.clinicaalthea.com\\\/farmacia\\\/#website\",\"url\":\"https:\\\/\\\/www.clinicaalthea.com\\\/farmacia\\\/\",\"name\":\"Clinica Althea\",\"description\":\"\",\"publisher\":{\"@id\":\"https:\\\/\\\/www.clinicaalthea.com\\\/farmacia\\\/#organization\"},\"potentialAction\":[{\"@type\":\"SearchAction\",\"target\":{\"@type\":\"EntryPoint\",\"urlTemplate\":\"https:\\\/\\\/www.clinicaalthea.com\\\/farmacia\\\/?s={search_term_string}\"},\"query-input\":{\"@type\":\"PropertyValueSpecification\",\"valueRequired\":true,\"valueName\":\"search_term_string\"}}],\"inLanguage\":\"pl-PL\"},{\"@type\":\"Organization\",\"@id\":\"https:\\\/\\\/www.clinicaalthea.com\\\/farmacia\\\/#organization\",\"name\":\"Clinica Althea\",\"url\":\"https:\\\/\\\/www.clinicaalthea.com\\\/farmacia\\\/\",\"logo\":{\"@type\":\"ImageObject\",\"inLanguage\":\"pl-PL\",\"@id\":\"https:\\\/\\\/www.clinicaalthea.com\\\/farmacia\\\/#\\\/schema\\\/logo\\\/image\\\/\",\"url\":\"https:\\\/\\\/www.clinicaalthea.com\\\/farmacia\\\/wp-content\\\/uploads\\\/2023\\\/12\\\/Jak-diagnozuje-sie-FAS_-objawy-kryteria-diagnostyczne-i-metody-diagnozowania-154162903.jpg\",\"contentUrl\":\"https:\\\/\\\/www.clinicaalthea.com\\\/farmacia\\\/wp-content\\\/uploads\\\/2023\\\/12\\\/Jak-diagnozuje-sie-FAS_-objawy-kryteria-diagnostyczne-i-metody-diagnozowania-154162903.jpg\",\"width\":1216,\"height\":832,\"caption\":\"Clinica Althea\"},\"image\":{\"@id\":\"https:\\\/\\\/www.clinicaalthea.com\\\/farmacia\\\/#\\\/schema\\\/logo\\\/image\\\/\"}}]}<\/script>\n<!-- \/ Yoast SEO plugin. -->","yoast_head_json":{"title":"Varicone - Clinica Althea","robots":{"index":"index","follow":"follow","max-snippet":"max-snippet:-1","max-image-preview":"max-image-preview:large","max-video-preview":"max-video-preview:-1"},"canonical":"https:\/\/www.clinicaalthea.com\/farmacia\/hu\/apt\/varicone\/","og_locale":"pl_PL","og_type":"article","og_title":"Varicone - Clinica Althea","og_description":"12900.00 Ft 25800.00 Ft","og_url":"https:\/\/www.clinicaalthea.com\/farmacia\/hu\/apt\/varicone\/","og_site_name":"Clinica Althea","article_modified_time":"2024-08-17T09:12:57+00:00","og_image":[{"width":768,"height":768,"url":"https:\/\/www.clinicaalthea.com\/farmacia\/wp-content\/uploads\/2024\/02\/Varicone.jpg","type":"image\/jpeg"}],"twitter_card":"summary_large_image","twitter_misc":{"Szacowany czas czytania":"3 minuty"},"schema":{"@context":"https:\/\/schema.org","@graph":[{"@type":"WebPage","@id":"https:\/\/www.clinicaalthea.com\/farmacia\/hu\/apt\/varicone\/","url":"https:\/\/www.clinicaalthea.com\/farmacia\/hu\/apt\/varicone\/","name":"Varicone - Clinica Althea","isPartOf":{"@id":"https:\/\/www.clinicaalthea.com\/farmacia\/#website"},"primaryImageOfPage":{"@id":"https:\/\/www.clinicaalthea.com\/farmacia\/hu\/apt\/varicone\/#primaryimage"},"image":{"@id":"https:\/\/www.clinicaalthea.com\/farmacia\/hu\/apt\/varicone\/#primaryimage"},"thumbnailUrl":"https:\/\/www.clinicaalthea.com\/farmacia\/wp-content\/uploads\/2024\/02\/Varicone.jpg","datePublished":"2024-08-17T09:12:55+00:00","dateModified":"2024-08-17T09:12:57+00:00","breadcrumb":{"@id":"https:\/\/www.clinicaalthea.com\/farmacia\/hu\/apt\/varicone\/#breadcrumb"},"inLanguage":"pl-PL","potentialAction":[{"@type":"ReadAction","target":["https:\/\/www.clinicaalthea.com\/farmacia\/hu\/apt\/varicone\/"]}]},{"@type":"ImageObject","inLanguage":"pl-PL","@id":"https:\/\/www.clinicaalthea.com\/farmacia\/hu\/apt\/varicone\/#primaryimage","url":"https:\/\/www.clinicaalthea.com\/farmacia\/wp-content\/uploads\/2024\/02\/Varicone.jpg","contentUrl":"https:\/\/www.clinicaalthea.com\/farmacia\/wp-content\/uploads\/2024\/02\/Varicone.jpg","width":768,"height":768,"caption":"Varicone"},{"@type":"BreadcrumbList","@id":"https:\/\/www.clinicaalthea.com\/farmacia\/hu\/apt\/varicone\/#breadcrumb","itemListElement":[{"@type":"ListItem","position":1,"name":"Strona g\u0142\u00f3wna","item":"https:\/\/www.clinicaalthea.com\/farmacia\/"},{"@type":"ListItem","position":2,"name":"Produkty","item":"https:\/\/www.clinicaalthea.com\/farmacia\/"},{"@type":"ListItem","position":3,"name":"Varicone"}]},{"@type":"WebSite","@id":"https:\/\/www.clinicaalthea.com\/farmacia\/#website","url":"https:\/\/www.clinicaalthea.com\/farmacia\/","name":"Clinica Althea","description":"","publisher":{"@id":"https:\/\/www.clinicaalthea.com\/farmacia\/#organization"},"potentialAction":[{"@type":"SearchAction","target":{"@type":"EntryPoint","urlTemplate":"https:\/\/www.clinicaalthea.com\/farmacia\/?s={search_term_string}"},"query-input":{"@type":"PropertyValueSpecification","valueRequired":true,"valueName":"search_term_string"}}],"inLanguage":"pl-PL"},{"@type":"Organization","@id":"https:\/\/www.clinicaalthea.com\/farmacia\/#organization","name":"Clinica Althea","url":"https:\/\/www.clinicaalthea.com\/farmacia\/","logo":{"@type":"ImageObject","inLanguage":"pl-PL","@id":"https:\/\/www.clinicaalthea.com\/farmacia\/#\/schema\/logo\/image\/","url":"https:\/\/www.clinicaalthea.com\/farmacia\/wp-content\/uploads\/2023\/12\/Jak-diagnozuje-sie-FAS_-objawy-kryteria-diagnostyczne-i-metody-diagnozowania-154162903.jpg","contentUrl":"https:\/\/www.clinicaalthea.com\/farmacia\/wp-content\/uploads\/2023\/12\/Jak-diagnozuje-sie-FAS_-objawy-kryteria-diagnostyczne-i-metody-diagnozowania-154162903.jpg","width":1216,"height":832,"caption":"Clinica Althea"},"image":{"@id":"https:\/\/www.clinicaalthea.com\/farmacia\/#\/schema\/logo\/image\/"}}]}},"lang":"hu","translations":{"hu":9451,"pl":1069,"es":9431,"cs":9433,"de":9435,"el":9437,"sk":9439,"sl":9441,"pt":9443,"bg":9445,"it":9447,"ro":9449},"pll_sync_post":[],"_links":{"self":[{"href":"https:\/\/www.clinicaalthea.com\/farmacia\/wp-json\/wp\/v2\/product\/9451","targetHints":{"allow":["GET"]}}],"collection":[{"href":"https:\/\/www.clinicaalthea.com\/farmacia\/wp-json\/wp\/v2\/product"}],"about":[{"href":"https:\/\/www.clinicaalthea.com\/farmacia\/wp-json\/wp\/v2\/types\/product"}],"replies":[{"embeddable":true,"href":"https:\/\/www.clinicaalthea.com\/farmacia\/wp-json\/wp\/v2\/comments?post=9451"}],"wp:featuredmedia":[{"embeddable":true,"href":"https:\/\/www.clinicaalthea.com\/farmacia\/wp-json\/wp\/v2\/media\/1070"}],"wp:attachment":[{"href":"https:\/\/www.clinicaalthea.com\/farmacia\/wp-json\/wp\/v2\/media?parent=9451"}],"wp:term":[{"taxonomy":"product_brand","embeddable":true,"href":"https:\/\/www.clinicaalthea.com\/farmacia\/wp-json\/wp\/v2\/product_brand?post=9451"},{"taxonomy":"product_cat","embeddable":true,"href":"https:\/\/www.clinicaalthea.com\/farmacia\/wp-json\/wp\/v2\/product_cat?post=9451"},{"taxonomy":"product_tag","embeddable":true,"href":"https:\/\/www.clinicaalthea.com\/farmacia\/wp-json\/wp\/v2\/product_tag?post=9451"}],"curies":[{"name":"wp","href":"https:\/\/api.w.org\/{rel}","templated":true}]}}