{"id":9449,"date":"2024-08-17T10:12:32","date_gmt":"2024-08-17T09:12:32","guid":{"rendered":"https:\/\/mayoguide.org\/produkty\/?post_type=product&#038;p=9449"},"modified":"2024-08-17T10:12:57","modified_gmt":"2024-08-17T09:12:57","slug":"varicone","status":"publish","type":"product","link":"https:\/\/www.clinicaalthea.com\/farmacia\/ro\/apt\/varicone\/","title":{"rendered":"Varicone"},"content":{"rendered":"\n<p>Exist\u0103 o solu\u021bie eficient\u0103 pentru <b>venele varicoase<\/b>? Poate <b>crema Varicone<\/b> s\u0103 ajute \u00een lupta \u00eempotriva acestei afec\u021biuni? Afla\u021bi cum ingredientele \u0219i <b>recenziile<\/b> utilizatorilor cremei <b>Varicone<\/b> v\u0103 pot \u00eembun\u0103t\u0103\u021bi picioarele. Citi\u021bi mai departe pentru a afla mai multe despre acest produs inovator \u0219i eficien\u021ba sa dovedit\u0103.<\/p>\n\n\n\n<h3 class=\"wp-block-heading\">Rezumat<\/h3>\n\n\n\n<ul class=\"wp-block-list\">\n<li><b>Crema Varicone<\/b> este o solu\u021bie inovatoare pentru <b>venele varicoase<\/b> care poate fi utilizat\u0103 f\u0103r\u0103 prescrip\u021bie medical\u0103.<\/li>\n\n\n\n<li><b>Compozi\u021bia<\/b> cremei se bazeaz\u0103 pe ingrediente naturale care au un efect pozitiv asupra st\u0103rii picioarelor.<\/li>\n\n\n\n<li>Cercet\u0103rile \u0219tiin\u021bifice confirm\u0103 eficacitatea cremei <b>Varicone<\/b> \u00een ameliorarea simptomelor venelor varicoase.<\/li>\n\n\n\n<li><b>Reac\u021biile<\/b> utilizatorilor au fost pozitive, mul\u021bi dintre ace\u0219tia experiment\u00e2nd \u00eembun\u0103t\u0103\u021biri dup\u0103 utilizarea regulat\u0103 a cremei.<\/li>\n\n\n\n<li>Trebuie s\u0103 ave\u021bi grij\u0103 atunci c\u00e2nd cump\u0103ra\u021bi crema <b>Varicone<\/b> pe alte platforme pentru a evita contrafacerea.<\/li>\n<\/ul>\n\n\n\n<h2 class=\"wp-block-heading\">Compozi\u021bia cremei Varicone<\/h2>\n\n\n\n<p><b>Compozi\u021bia<\/b> cremei Varicone se bazeaz\u0103 pe <em>ingrediente naturale<\/em> care au un efect pozitiv asupra st\u0103rii picioarelor \u0219i reduc simptomele <em>venelor varicoase<\/em>.<\/p>\n\n\n\n<p>Ingredientele includ <em>extracte de plante<\/em> care au efecte antiinflamatoare \u0219i analgezice, <em>substan\u021be antiedematoase<\/em> care ajut\u0103 la reducerea umfl\u0103turilor \u0219i ingrediente care <em>hidrateaz\u0103 \u0219i regenereaz\u0103 pielea<\/em>.<\/p>\n\n\n\n<p>Toate ingredientele au fost atent selectate, iar <b>efectele<\/b> lor au fost confirmate de cercet\u0103ri.<\/p>\n\n\n\n<figure class=\"wp-block-table\"><table class=\"has-fixed-layout\"><tbody><tr><th>Ingrediente ale cremei Varicone<\/th><th>Ac\u021biune<\/th><\/tr><tr><td>Extracte de plante<\/td><td>Au efecte antiinflamatorii \u0219i analgezice<\/td><\/tr><tr><td>Substan\u021be antiedematoase<\/td><td>Ajut\u0103 la reducerea umfl\u0103turilor<\/td><\/tr><tr><td>Ingrediente de hidratare \u0219i regenerare a pielii<\/td><td>\u00cembun\u0103t\u0103\u021birea st\u0103rii pielii<\/td><\/tr><\/tbody><\/table><\/figure>\n\n\n\n<h2 class=\"wp-block-heading\">Efectele cremei Varicone<\/h2>\n\n\n\n<p><b>Utilizarea<\/b> cremei Varicone poate avea multe efecte pozitive \u00een lupta \u00eempotriva venelor varicoase. Mul\u021bi utilizatori observ\u0103 o \u00eembun\u0103t\u0103\u021bire a st\u0103rii picioarelor lor dup\u0103 utilizarea regulat\u0103 a cremei. Simptome precum durere, arsur\u0103, greutate sau umfl\u0103turi pot fi ameliorate. <b>Crema Varicone<\/b> are un efect antiinflamator, analgezic \u0219i antiedematos, care contribuie la \u00eembun\u0103t\u0103\u021birea st\u0103rii generale a picioarelor \u0219i la reducerea disconfortului asociat cu varicele.<\/p>\n\n\n\n<h2 class=\"wp-block-heading\">Recenzii ale utilizatorului pentru Varicone cream<\/h2>\n\n\n\n<p><b>Comentariile<\/b> utilizatorilor <b>de<\/b> crem\u0103 Varicone confirm\u0103 eficacitatea \u0219i <b>efectele<\/b> sale pozitive asupra st\u0103rii picioarelor. Mul\u021bi dintre ei observ\u0103 o \u00eembun\u0103t\u0103\u021bire semnificativ\u0103 dup\u0103 utilizarea regulat\u0103 a acestei creme pentru <b>vene varicoase<\/b>. Crema Varicone are o bun\u0103 reputa\u021bie pentru <b>ac\u021biunea<\/b> sa \u0219i u\u0219urin\u021ba de aplicare.<\/p>\n\n\n\n<blockquote class=\"wp-block-quote is-layout-flow wp-block-quote-is-layout-flow\">\n<p>&#8220;Folosesc crema Varicone de c\u00e2teva s\u0103pt\u0103m\u00e2ni \u0219i am observat o mare \u00eembun\u0103t\u0103\u021bire a st\u0103rii picioarelor mele. Durerea \u0219i umflarea sunt mult reduse, iar senza\u021bia de greutate a disp\u0103rut. Recomand cu c\u0103ldur\u0103 aceast\u0103 crem\u0103 altor persoane care se lupt\u0103 cu vene varicoase.&#8221;<\/p>\n\n\n\n<footer>&#8211; Monika, 45 de ani<\/footer>\n<\/blockquote>\n\n\n\n<p>Cu toate acestea, fiecare persoan\u0103 poate reac\u021biona diferit la efectele cremei Varicone, deci este important s\u0103 g\u0103si\u021bi produsul care se potrive\u0219te cel mai bine nevoilor dumneavoastr\u0103 individuale. Este \u00eentotdeauna o idee bun\u0103 s\u0103 citi\u021bi m\u0103rturiile utilizatorilor \u00eenainte de utilizare pentru a v\u0103 asigura c\u0103 crema Varicone poate fi potrivit\u0103 pentru cazul dumneavoastr\u0103.<\/p>\n\n\n\n<h2 class=\"wp-block-heading\">Pre\u021b \u0219i informa\u021bii de cump\u0103rare pentru crema Varicone<\/h2>\n\n\n\n<p><b>Pre\u021bul<\/b> cremei Varicone poate varia \u00een func\u021bie de locul \u00een care este achizi\u021bionat\u0103. Deoarece crema Varicone nu este disponibil\u0103 \u00een farmaciile sta\u021bionare, cel mai bine este s\u0103 o cump\u0103ra\u021bi de pe site-ul oficial al produc\u0103torului. \u00cen acest fel, pute\u021bi fi siguri c\u0103 ob\u021bine\u021bi produsul original. Fi\u021bi aten\u021bi atunci c\u00e2nd cump\u0103ra\u021bi crema Varicone de pe alte platforme de v\u00e2nzare, deoarece exist\u0103 riscul de a achizi\u021biona o contrafacere.<\/p>\n","protected":false},"excerpt":{"rendered":"<p><strong>179.00 lei<\/strong><\/p>\n<p><del>358.00 lei<\/del><\/p>\n<p><strong>[date_countdown]<\/strong><\/p>\n","protected":false},"featured_media":1070,"comment_status":"open","ping_status":"closed","template":"","meta":{"neve_meta_sidebar":"","neve_meta_container":"","neve_meta_enable_content_width":"","neve_meta_content_width":0,"neve_meta_title_alignment":"","neve_meta_author_avatar":"","neve_post_elements_order":"","neve_meta_disable_header":"","neve_meta_disable_footer":"","neve_meta_disable_title":"","neve_meta_reading_time":""},"product_brand":[],"product_cat":[153],"product_tag":[],"class_list":{"0":"post-9449","1":"product","2":"type-product","3":"status-publish","4":"has-post-thumbnail","6":"product_cat-sanatate","8":"first","9":"instock","10":"shipping-taxable","11":"product-type-external"},"yoast_head":"<!-- This site is optimized with the Yoast SEO plugin v27.4 - https:\/\/yoast.com\/product\/yoast-seo-wordpress\/ -->\n<title>Varicone - Clinica Althea<\/title>\n<meta name=\"robots\" content=\"index, follow, max-snippet:-1, max-image-preview:large, max-video-preview:-1\" \/>\n<link rel=\"canonical\" href=\"https:\/\/www.clinicaalthea.com\/farmacia\/ro\/apt\/varicone\/\" \/>\n<meta property=\"og:locale\" content=\"pl_PL\" \/>\n<meta property=\"og:type\" content=\"article\" \/>\n<meta property=\"og:title\" content=\"Varicone - Clinica Althea\" \/>\n<meta property=\"og:description\" content=\"179.00 lei 358.00 lei\" \/>\n<meta property=\"og:url\" content=\"https:\/\/www.clinicaalthea.com\/farmacia\/ro\/apt\/varicone\/\" \/>\n<meta property=\"og:site_name\" content=\"Clinica Althea\" \/>\n<meta property=\"article:modified_time\" content=\"2024-08-17T09:12:57+00:00\" \/>\n<meta property=\"og:image\" content=\"https:\/\/www.clinicaalthea.com\/farmacia\/wp-content\/uploads\/2024\/02\/Varicone.jpg\" \/>\n\t<meta property=\"og:image:width\" content=\"768\" \/>\n\t<meta property=\"og:image:height\" content=\"768\" \/>\n\t<meta property=\"og:image:type\" content=\"image\/jpeg\" \/>\n<meta name=\"twitter:card\" content=\"summary_large_image\" \/>\n<meta name=\"twitter:label1\" content=\"Szacowany czas czytania\" \/>\n\t<meta name=\"twitter:data1\" content=\"3 minuty\" \/>\n<script type=\"application\/ld+json\" class=\"yoast-schema-graph\">{\"@context\":\"https:\\\/\\\/schema.org\",\"@graph\":[{\"@type\":\"WebPage\",\"@id\":\"https:\\\/\\\/www.clinicaalthea.com\\\/farmacia\\\/ro\\\/apt\\\/varicone\\\/\",\"url\":\"https:\\\/\\\/www.clinicaalthea.com\\\/farmacia\\\/ro\\\/apt\\\/varicone\\\/\",\"name\":\"Varicone - Clinica Althea\",\"isPartOf\":{\"@id\":\"https:\\\/\\\/www.clinicaalthea.com\\\/farmacia\\\/#website\"},\"primaryImageOfPage\":{\"@id\":\"https:\\\/\\\/www.clinicaalthea.com\\\/farmacia\\\/ro\\\/apt\\\/varicone\\\/#primaryimage\"},\"image\":{\"@id\":\"https:\\\/\\\/www.clinicaalthea.com\\\/farmacia\\\/ro\\\/apt\\\/varicone\\\/#primaryimage\"},\"thumbnailUrl\":\"https:\\\/\\\/www.clinicaalthea.com\\\/farmacia\\\/wp-content\\\/uploads\\\/2024\\\/02\\\/Varicone.jpg\",\"datePublished\":\"2024-08-17T09:12:32+00:00\",\"dateModified\":\"2024-08-17T09:12:57+00:00\",\"breadcrumb\":{\"@id\":\"https:\\\/\\\/www.clinicaalthea.com\\\/farmacia\\\/ro\\\/apt\\\/varicone\\\/#breadcrumb\"},\"inLanguage\":\"pl-PL\",\"potentialAction\":[{\"@type\":\"ReadAction\",\"target\":[\"https:\\\/\\\/www.clinicaalthea.com\\\/farmacia\\\/ro\\\/apt\\\/varicone\\\/\"]}]},{\"@type\":\"ImageObject\",\"inLanguage\":\"pl-PL\",\"@id\":\"https:\\\/\\\/www.clinicaalthea.com\\\/farmacia\\\/ro\\\/apt\\\/varicone\\\/#primaryimage\",\"url\":\"https:\\\/\\\/www.clinicaalthea.com\\\/farmacia\\\/wp-content\\\/uploads\\\/2024\\\/02\\\/Varicone.jpg\",\"contentUrl\":\"https:\\\/\\\/www.clinicaalthea.com\\\/farmacia\\\/wp-content\\\/uploads\\\/2024\\\/02\\\/Varicone.jpg\",\"width\":768,\"height\":768,\"caption\":\"Varicone\"},{\"@type\":\"BreadcrumbList\",\"@id\":\"https:\\\/\\\/www.clinicaalthea.com\\\/farmacia\\\/ro\\\/apt\\\/varicone\\\/#breadcrumb\",\"itemListElement\":[{\"@type\":\"ListItem\",\"position\":1,\"name\":\"Strona g\u0142\u00f3wna\",\"item\":\"https:\\\/\\\/www.clinicaalthea.com\\\/farmacia\\\/\"},{\"@type\":\"ListItem\",\"position\":2,\"name\":\"Produkty\",\"item\":\"https:\\\/\\\/www.clinicaalthea.com\\\/farmacia\\\/\"},{\"@type\":\"ListItem\",\"position\":3,\"name\":\"Varicone\"}]},{\"@type\":\"WebSite\",\"@id\":\"https:\\\/\\\/www.clinicaalthea.com\\\/farmacia\\\/#website\",\"url\":\"https:\\\/\\\/www.clinicaalthea.com\\\/farmacia\\\/\",\"name\":\"Clinica Althea\",\"description\":\"\",\"publisher\":{\"@id\":\"https:\\\/\\\/www.clinicaalthea.com\\\/farmacia\\\/#organization\"},\"potentialAction\":[{\"@type\":\"SearchAction\",\"target\":{\"@type\":\"EntryPoint\",\"urlTemplate\":\"https:\\\/\\\/www.clinicaalthea.com\\\/farmacia\\\/?s={search_term_string}\"},\"query-input\":{\"@type\":\"PropertyValueSpecification\",\"valueRequired\":true,\"valueName\":\"search_term_string\"}}],\"inLanguage\":\"pl-PL\"},{\"@type\":\"Organization\",\"@id\":\"https:\\\/\\\/www.clinicaalthea.com\\\/farmacia\\\/#organization\",\"name\":\"Clinica Althea\",\"url\":\"https:\\\/\\\/www.clinicaalthea.com\\\/farmacia\\\/\",\"logo\":{\"@type\":\"ImageObject\",\"inLanguage\":\"pl-PL\",\"@id\":\"https:\\\/\\\/www.clinicaalthea.com\\\/farmacia\\\/#\\\/schema\\\/logo\\\/image\\\/\",\"url\":\"https:\\\/\\\/www.clinicaalthea.com\\\/farmacia\\\/wp-content\\\/uploads\\\/2023\\\/12\\\/Jak-diagnozuje-sie-FAS_-objawy-kryteria-diagnostyczne-i-metody-diagnozowania-154162903.jpg\",\"contentUrl\":\"https:\\\/\\\/www.clinicaalthea.com\\\/farmacia\\\/wp-content\\\/uploads\\\/2023\\\/12\\\/Jak-diagnozuje-sie-FAS_-objawy-kryteria-diagnostyczne-i-metody-diagnozowania-154162903.jpg\",\"width\":1216,\"height\":832,\"caption\":\"Clinica Althea\"},\"image\":{\"@id\":\"https:\\\/\\\/www.clinicaalthea.com\\\/farmacia\\\/#\\\/schema\\\/logo\\\/image\\\/\"}}]}<\/script>\n<!-- \/ Yoast SEO plugin. -->","yoast_head_json":{"title":"Varicone - Clinica Althea","robots":{"index":"index","follow":"follow","max-snippet":"max-snippet:-1","max-image-preview":"max-image-preview:large","max-video-preview":"max-video-preview:-1"},"canonical":"https:\/\/www.clinicaalthea.com\/farmacia\/ro\/apt\/varicone\/","og_locale":"pl_PL","og_type":"article","og_title":"Varicone - Clinica Althea","og_description":"179.00 lei 358.00 lei","og_url":"https:\/\/www.clinicaalthea.com\/farmacia\/ro\/apt\/varicone\/","og_site_name":"Clinica Althea","article_modified_time":"2024-08-17T09:12:57+00:00","og_image":[{"width":768,"height":768,"url":"https:\/\/www.clinicaalthea.com\/farmacia\/wp-content\/uploads\/2024\/02\/Varicone.jpg","type":"image\/jpeg"}],"twitter_card":"summary_large_image","twitter_misc":{"Szacowany czas czytania":"3 minuty"},"schema":{"@context":"https:\/\/schema.org","@graph":[{"@type":"WebPage","@id":"https:\/\/www.clinicaalthea.com\/farmacia\/ro\/apt\/varicone\/","url":"https:\/\/www.clinicaalthea.com\/farmacia\/ro\/apt\/varicone\/","name":"Varicone - Clinica Althea","isPartOf":{"@id":"https:\/\/www.clinicaalthea.com\/farmacia\/#website"},"primaryImageOfPage":{"@id":"https:\/\/www.clinicaalthea.com\/farmacia\/ro\/apt\/varicone\/#primaryimage"},"image":{"@id":"https:\/\/www.clinicaalthea.com\/farmacia\/ro\/apt\/varicone\/#primaryimage"},"thumbnailUrl":"https:\/\/www.clinicaalthea.com\/farmacia\/wp-content\/uploads\/2024\/02\/Varicone.jpg","datePublished":"2024-08-17T09:12:32+00:00","dateModified":"2024-08-17T09:12:57+00:00","breadcrumb":{"@id":"https:\/\/www.clinicaalthea.com\/farmacia\/ro\/apt\/varicone\/#breadcrumb"},"inLanguage":"pl-PL","potentialAction":[{"@type":"ReadAction","target":["https:\/\/www.clinicaalthea.com\/farmacia\/ro\/apt\/varicone\/"]}]},{"@type":"ImageObject","inLanguage":"pl-PL","@id":"https:\/\/www.clinicaalthea.com\/farmacia\/ro\/apt\/varicone\/#primaryimage","url":"https:\/\/www.clinicaalthea.com\/farmacia\/wp-content\/uploads\/2024\/02\/Varicone.jpg","contentUrl":"https:\/\/www.clinicaalthea.com\/farmacia\/wp-content\/uploads\/2024\/02\/Varicone.jpg","width":768,"height":768,"caption":"Varicone"},{"@type":"BreadcrumbList","@id":"https:\/\/www.clinicaalthea.com\/farmacia\/ro\/apt\/varicone\/#breadcrumb","itemListElement":[{"@type":"ListItem","position":1,"name":"Strona g\u0142\u00f3wna","item":"https:\/\/www.clinicaalthea.com\/farmacia\/"},{"@type":"ListItem","position":2,"name":"Produkty","item":"https:\/\/www.clinicaalthea.com\/farmacia\/"},{"@type":"ListItem","position":3,"name":"Varicone"}]},{"@type":"WebSite","@id":"https:\/\/www.clinicaalthea.com\/farmacia\/#website","url":"https:\/\/www.clinicaalthea.com\/farmacia\/","name":"Clinica Althea","description":"","publisher":{"@id":"https:\/\/www.clinicaalthea.com\/farmacia\/#organization"},"potentialAction":[{"@type":"SearchAction","target":{"@type":"EntryPoint","urlTemplate":"https:\/\/www.clinicaalthea.com\/farmacia\/?s={search_term_string}"},"query-input":{"@type":"PropertyValueSpecification","valueRequired":true,"valueName":"search_term_string"}}],"inLanguage":"pl-PL"},{"@type":"Organization","@id":"https:\/\/www.clinicaalthea.com\/farmacia\/#organization","name":"Clinica Althea","url":"https:\/\/www.clinicaalthea.com\/farmacia\/","logo":{"@type":"ImageObject","inLanguage":"pl-PL","@id":"https:\/\/www.clinicaalthea.com\/farmacia\/#\/schema\/logo\/image\/","url":"https:\/\/www.clinicaalthea.com\/farmacia\/wp-content\/uploads\/2023\/12\/Jak-diagnozuje-sie-FAS_-objawy-kryteria-diagnostyczne-i-metody-diagnozowania-154162903.jpg","contentUrl":"https:\/\/www.clinicaalthea.com\/farmacia\/wp-content\/uploads\/2023\/12\/Jak-diagnozuje-sie-FAS_-objawy-kryteria-diagnostyczne-i-metody-diagnozowania-154162903.jpg","width":1216,"height":832,"caption":"Clinica Althea"},"image":{"@id":"https:\/\/www.clinicaalthea.com\/farmacia\/#\/schema\/logo\/image\/"}}]}},"lang":"ro","translations":{"ro":9449,"pl":1069,"es":9431,"cs":9433,"de":9435,"el":9437,"sk":9439,"sl":9441,"pt":9443,"bg":9445,"it":9447,"hu":9451},"pll_sync_post":[],"_links":{"self":[{"href":"https:\/\/www.clinicaalthea.com\/farmacia\/wp-json\/wp\/v2\/product\/9449","targetHints":{"allow":["GET"]}}],"collection":[{"href":"https:\/\/www.clinicaalthea.com\/farmacia\/wp-json\/wp\/v2\/product"}],"about":[{"href":"https:\/\/www.clinicaalthea.com\/farmacia\/wp-json\/wp\/v2\/types\/product"}],"replies":[{"embeddable":true,"href":"https:\/\/www.clinicaalthea.com\/farmacia\/wp-json\/wp\/v2\/comments?post=9449"}],"wp:featuredmedia":[{"embeddable":true,"href":"https:\/\/www.clinicaalthea.com\/farmacia\/wp-json\/wp\/v2\/media\/1070"}],"wp:attachment":[{"href":"https:\/\/www.clinicaalthea.com\/farmacia\/wp-json\/wp\/v2\/media?parent=9449"}],"wp:term":[{"taxonomy":"product_brand","embeddable":true,"href":"https:\/\/www.clinicaalthea.com\/farmacia\/wp-json\/wp\/v2\/product_brand?post=9449"},{"taxonomy":"product_cat","embeddable":true,"href":"https:\/\/www.clinicaalthea.com\/farmacia\/wp-json\/wp\/v2\/product_cat?post=9449"},{"taxonomy":"product_tag","embeddable":true,"href":"https:\/\/www.clinicaalthea.com\/farmacia\/wp-json\/wp\/v2\/product_tag?post=9449"}],"curies":[{"name":"wp","href":"https:\/\/api.w.org\/{rel}","templated":true}]}}