{"id":9447,"date":"2024-08-17T10:12:05","date_gmt":"2024-08-17T09:12:05","guid":{"rendered":"https:\/\/mayoguide.org\/produkty\/?post_type=product&#038;p=9447"},"modified":"2024-08-17T10:12:57","modified_gmt":"2024-08-17T09:12:57","slug":"varicone","status":"publish","type":"product","link":"https:\/\/www.clinicaalthea.com\/farmacia\/it\/apt\/varicone\/","title":{"rendered":"Varicone"},"content":{"rendered":"\n<p>Esiste una soluzione efficace per le <b>vene varicose<\/b>? La <b>crema Varicone<\/b> pu\u00f2 aiutare a combattere questo disturbo? Scoprite come gli ingredienti <b>della<\/b> crema <b>Varicone<\/b> e le <b>recensioni<\/b> degli utenti possono migliorare le vostre gambe. Continuate a leggere per saperne di pi\u00f9 su questo prodotto innovativo e sulla sua comprovata efficacia.<\/p>\n\n\n\n<h3 class=\"wp-block-heading\">Sintesi<\/h3>\n\n\n\n<ul class=\"wp-block-list\">\n<li>La<b>crema Varicone<\/b> \u00e8 una soluzione innovativa per le <b>vene varicose<\/b> che pu\u00f2 essere utilizzata senza prescrizione medica.<\/li>\n\n\n\n<li>La<b>composizione<\/b> della crema si basa su ingredienti naturali che hanno un effetto positivo sulla condizione delle gambe.<\/li>\n\n\n\n<li>Studi scientifici confermano l&#8217;efficacia della crema <b>Varicone<\/b> nell&#8217;alleviare i sintomi delle vene varicose.<\/li>\n\n\n\n<li><b>Il feedback<\/b> degli utenti \u00e8 stato positivo: molti hanno riscontrato miglioramenti dopo l&#8217;uso regolare della crema.<\/li>\n\n\n\n<li>\u00c8 necessario prestare attenzione quando si acquista la crema <b>Varicone<\/b> su altre piattaforme per evitare contraffazioni.<\/li>\n<\/ul>\n\n\n\n<h2 class=\"wp-block-heading\">Composizione della crema Varicone<\/h2>\n\n\n\n<p><b>La composizione della<\/b> crema Varicone si basa su <em>ingredienti naturali<\/em> che hanno un effetto positivo sulla condizione delle gambe e riducono i sintomi delle <em>vene varicose<\/em>.<\/p>\n\n\n\n<p>Gli ingredienti comprendono <em>estratti di piante<\/em> con effetti antinfiammatori e analgesici, <em>sostanze antiedematose<\/em> che aiutano a ridurre il gonfiore e ingredienti che <em>idratano e rigenerano la pelle<\/em>.<\/p>\n\n\n\n<p>Tutti gli ingredienti sono stati accuratamente selezionati e i loro <b>effetti<\/b> sono stati confermati dalla ricerca.<\/p>\n\n\n\n<figure class=\"wp-block-table\"><table class=\"has-fixed-layout\"><tbody><tr><th>Ingredienti della crema Varicone<\/th><th>Azione<\/th><\/tr><tr><td>Estratti vegetali<\/td><td>Hanno un&#8217;azione antinfiammatoria e analgesica<\/td><\/tr><tr><td>Sostanze antiedematose<\/td><td>Aiuta a ridurre il gonfiore<\/td><\/tr><tr><td>Ingredienti idratanti e rigeneranti per la pelle<\/td><td>Migliorare le condizioni della pelle<\/td><\/tr><\/tbody><\/table><\/figure>\n\n\n\n<h2 class=\"wp-block-heading\">Effetti della crema Varicone<\/h2>\n\n\n\n<p><b>L&#8217;uso della<\/b> crema Varicone pu\u00f2 avere molti effetti positivi nella lotta contro le vene varicose. Molti utenti notano un miglioramento delle condizioni delle gambe dopo l&#8217;uso regolare della crema. Sintomi come dolore, bruciore, pesantezza o gonfiore possono essere alleviati. <b>La crema Varicone<\/b> ha un effetto antinfiammatorio, analgesico e antiedemigeno, che contribuisce a migliorare la condizione generale delle gambe e a ridurre il disagio associato alle vene varicose.<\/p>\n\n\n\n<h2 class=\"wp-block-heading\">Recensioni di Varicone cream<\/h2>\n\n\n\n<p><b>Le recensioni<\/b> degli utenti della crema Varicone confermano la sua efficacia e i suoi <b>effetti<\/b> positivi sulla condizione delle gambe. Molti di loro hanno notato un miglioramento significativo dopo l&#8217;uso regolare di questa crema per le <b>vene varicose<\/b>. La crema Varicone ha una buona reputazione per la sua <b>azione<\/b> e la facilit\u00e0 di applicazione.<\/p>\n\n\n\n<blockquote class=\"wp-block-quote is-layout-flow wp-block-quote-is-layout-flow\">\n<p>&#8220;Uso la crema Varicone da qualche settimana e ho notato un grande miglioramento nella condizione delle mie gambe. Il dolore e il gonfiore si sono notevolmente ridotti e la sensazione di pesantezza \u00e8 sparita. Consiglio vivamente questa crema ad altre persone che lottano contro le vene varicose&#8221;.<\/p>\n\n\n\n<footer>&#8211; Monika, 45<\/footer>\n<\/blockquote>\n\n\n\n<p>Tuttavia, ogni persona pu\u00f2 reagire in modo diverso agli effetti della crema Varicone, quindi \u00e8 importante trovare il prodotto pi\u00f9 adatto alle proprie esigenze individuali. \u00c8 sempre una buona idea leggere le testimonianze degli utenti prima dell&#8217;uso per assicurarsi che la crema Varicone possa essere adatta al proprio caso.<\/p>\n\n\n\n<h2 class=\"wp-block-heading\">Prezzo e informazioni per l&#8217;acquisto della crema Varicone<\/h2>\n\n\n\n<p><b>Il prezzo della<\/b> crema Varicone pu\u00f2 variare a seconda del luogo di acquisto. Poich\u00e9 la crema Varicone non \u00e8 disponibile nelle farmacie fisse, \u00e8 meglio acquistarla dal sito ufficiale del produttore. In questo modo si pu\u00f2 essere sicuri di ricevere il prodotto originale. Fare attenzione quando si acquista la crema Varicone su altre piattaforme di vendita, perch\u00e9 c&#8217;\u00e8 il rischio di acquistare una contraffazione.<\/p>\n","protected":false},"excerpt":{"rendered":"<p><strong>39.00 \u20ac<\/strong><\/p>\n<p><del>78.00 \u20ac<\/del><\/p>\n<p><strong>[date_countdown]<\/strong><\/p>\n","protected":false},"featured_media":1070,"comment_status":"open","ping_status":"closed","template":"","meta":{"neve_meta_sidebar":"","neve_meta_container":"","neve_meta_enable_content_width":"","neve_meta_content_width":0,"neve_meta_title_alignment":"","neve_meta_author_avatar":"","neve_post_elements_order":"","neve_meta_disable_header":"","neve_meta_disable_footer":"","neve_meta_disable_title":"","neve_meta_reading_time":""},"product_brand":[],"product_cat":[113],"product_tag":[],"class_list":{"0":"post-9447","1":"product","2":"type-product","3":"status-publish","4":"has-post-thumbnail","6":"product_cat-salute","8":"first","9":"instock","10":"shipping-taxable","11":"product-type-external"},"yoast_head":"<!-- This site is optimized with the Yoast SEO plugin v27.4 - https:\/\/yoast.com\/product\/yoast-seo-wordpress\/ -->\n<title>Varicone - Clinica Althea<\/title>\n<meta name=\"robots\" content=\"index, follow, max-snippet:-1, max-image-preview:large, max-video-preview:-1\" \/>\n<link rel=\"canonical\" href=\"https:\/\/www.clinicaalthea.com\/farmacia\/it\/apt\/varicone\/\" \/>\n<meta property=\"og:locale\" content=\"pl_PL\" \/>\n<meta property=\"og:type\" content=\"article\" \/>\n<meta property=\"og:title\" content=\"Varicone - Clinica Althea\" \/>\n<meta property=\"og:description\" content=\"39.00 \u20ac 78.00 \u20ac\" \/>\n<meta property=\"og:url\" content=\"https:\/\/www.clinicaalthea.com\/farmacia\/it\/apt\/varicone\/\" \/>\n<meta property=\"og:site_name\" content=\"Clinica Althea\" \/>\n<meta property=\"article:modified_time\" content=\"2024-08-17T09:12:57+00:00\" \/>\n<meta property=\"og:image\" content=\"https:\/\/www.clinicaalthea.com\/farmacia\/wp-content\/uploads\/2024\/02\/Varicone.jpg\" \/>\n\t<meta property=\"og:image:width\" content=\"768\" \/>\n\t<meta property=\"og:image:height\" content=\"768\" \/>\n\t<meta property=\"og:image:type\" content=\"image\/jpeg\" \/>\n<meta name=\"twitter:card\" content=\"summary_large_image\" \/>\n<meta name=\"twitter:label1\" content=\"Szacowany czas czytania\" \/>\n\t<meta name=\"twitter:data1\" content=\"4 minuty\" \/>\n<script type=\"application\/ld+json\" class=\"yoast-schema-graph\">{\"@context\":\"https:\\\/\\\/schema.org\",\"@graph\":[{\"@type\":\"WebPage\",\"@id\":\"https:\\\/\\\/www.clinicaalthea.com\\\/farmacia\\\/it\\\/apt\\\/varicone\\\/\",\"url\":\"https:\\\/\\\/www.clinicaalthea.com\\\/farmacia\\\/it\\\/apt\\\/varicone\\\/\",\"name\":\"Varicone - Clinica Althea\",\"isPartOf\":{\"@id\":\"https:\\\/\\\/www.clinicaalthea.com\\\/farmacia\\\/#website\"},\"primaryImageOfPage\":{\"@id\":\"https:\\\/\\\/www.clinicaalthea.com\\\/farmacia\\\/it\\\/apt\\\/varicone\\\/#primaryimage\"},\"image\":{\"@id\":\"https:\\\/\\\/www.clinicaalthea.com\\\/farmacia\\\/it\\\/apt\\\/varicone\\\/#primaryimage\"},\"thumbnailUrl\":\"https:\\\/\\\/www.clinicaalthea.com\\\/farmacia\\\/wp-content\\\/uploads\\\/2024\\\/02\\\/Varicone.jpg\",\"datePublished\":\"2024-08-17T09:12:05+00:00\",\"dateModified\":\"2024-08-17T09:12:57+00:00\",\"breadcrumb\":{\"@id\":\"https:\\\/\\\/www.clinicaalthea.com\\\/farmacia\\\/it\\\/apt\\\/varicone\\\/#breadcrumb\"},\"inLanguage\":\"pl-PL\",\"potentialAction\":[{\"@type\":\"ReadAction\",\"target\":[\"https:\\\/\\\/www.clinicaalthea.com\\\/farmacia\\\/it\\\/apt\\\/varicone\\\/\"]}]},{\"@type\":\"ImageObject\",\"inLanguage\":\"pl-PL\",\"@id\":\"https:\\\/\\\/www.clinicaalthea.com\\\/farmacia\\\/it\\\/apt\\\/varicone\\\/#primaryimage\",\"url\":\"https:\\\/\\\/www.clinicaalthea.com\\\/farmacia\\\/wp-content\\\/uploads\\\/2024\\\/02\\\/Varicone.jpg\",\"contentUrl\":\"https:\\\/\\\/www.clinicaalthea.com\\\/farmacia\\\/wp-content\\\/uploads\\\/2024\\\/02\\\/Varicone.jpg\",\"width\":768,\"height\":768,\"caption\":\"Varicone\"},{\"@type\":\"BreadcrumbList\",\"@id\":\"https:\\\/\\\/www.clinicaalthea.com\\\/farmacia\\\/it\\\/apt\\\/varicone\\\/#breadcrumb\",\"itemListElement\":[{\"@type\":\"ListItem\",\"position\":1,\"name\":\"Strona g\u0142\u00f3wna\",\"item\":\"https:\\\/\\\/www.clinicaalthea.com\\\/farmacia\\\/\"},{\"@type\":\"ListItem\",\"position\":2,\"name\":\"Produkty\",\"item\":\"https:\\\/\\\/www.clinicaalthea.com\\\/farmacia\\\/\"},{\"@type\":\"ListItem\",\"position\":3,\"name\":\"Varicone\"}]},{\"@type\":\"WebSite\",\"@id\":\"https:\\\/\\\/www.clinicaalthea.com\\\/farmacia\\\/#website\",\"url\":\"https:\\\/\\\/www.clinicaalthea.com\\\/farmacia\\\/\",\"name\":\"Clinica Althea\",\"description\":\"\",\"publisher\":{\"@id\":\"https:\\\/\\\/www.clinicaalthea.com\\\/farmacia\\\/#organization\"},\"potentialAction\":[{\"@type\":\"SearchAction\",\"target\":{\"@type\":\"EntryPoint\",\"urlTemplate\":\"https:\\\/\\\/www.clinicaalthea.com\\\/farmacia\\\/?s={search_term_string}\"},\"query-input\":{\"@type\":\"PropertyValueSpecification\",\"valueRequired\":true,\"valueName\":\"search_term_string\"}}],\"inLanguage\":\"pl-PL\"},{\"@type\":\"Organization\",\"@id\":\"https:\\\/\\\/www.clinicaalthea.com\\\/farmacia\\\/#organization\",\"name\":\"Clinica Althea\",\"url\":\"https:\\\/\\\/www.clinicaalthea.com\\\/farmacia\\\/\",\"logo\":{\"@type\":\"ImageObject\",\"inLanguage\":\"pl-PL\",\"@id\":\"https:\\\/\\\/www.clinicaalthea.com\\\/farmacia\\\/#\\\/schema\\\/logo\\\/image\\\/\",\"url\":\"https:\\\/\\\/www.clinicaalthea.com\\\/farmacia\\\/wp-content\\\/uploads\\\/2023\\\/12\\\/Jak-diagnozuje-sie-FAS_-objawy-kryteria-diagnostyczne-i-metody-diagnozowania-154162903.jpg\",\"contentUrl\":\"https:\\\/\\\/www.clinicaalthea.com\\\/farmacia\\\/wp-content\\\/uploads\\\/2023\\\/12\\\/Jak-diagnozuje-sie-FAS_-objawy-kryteria-diagnostyczne-i-metody-diagnozowania-154162903.jpg\",\"width\":1216,\"height\":832,\"caption\":\"Clinica Althea\"},\"image\":{\"@id\":\"https:\\\/\\\/www.clinicaalthea.com\\\/farmacia\\\/#\\\/schema\\\/logo\\\/image\\\/\"}}]}<\/script>\n<!-- \/ Yoast SEO plugin. -->","yoast_head_json":{"title":"Varicone - Clinica Althea","robots":{"index":"index","follow":"follow","max-snippet":"max-snippet:-1","max-image-preview":"max-image-preview:large","max-video-preview":"max-video-preview:-1"},"canonical":"https:\/\/www.clinicaalthea.com\/farmacia\/it\/apt\/varicone\/","og_locale":"pl_PL","og_type":"article","og_title":"Varicone - Clinica Althea","og_description":"39.00 \u20ac 78.00 \u20ac","og_url":"https:\/\/www.clinicaalthea.com\/farmacia\/it\/apt\/varicone\/","og_site_name":"Clinica Althea","article_modified_time":"2024-08-17T09:12:57+00:00","og_image":[{"width":768,"height":768,"url":"https:\/\/www.clinicaalthea.com\/farmacia\/wp-content\/uploads\/2024\/02\/Varicone.jpg","type":"image\/jpeg"}],"twitter_card":"summary_large_image","twitter_misc":{"Szacowany czas czytania":"4 minuty"},"schema":{"@context":"https:\/\/schema.org","@graph":[{"@type":"WebPage","@id":"https:\/\/www.clinicaalthea.com\/farmacia\/it\/apt\/varicone\/","url":"https:\/\/www.clinicaalthea.com\/farmacia\/it\/apt\/varicone\/","name":"Varicone - Clinica Althea","isPartOf":{"@id":"https:\/\/www.clinicaalthea.com\/farmacia\/#website"},"primaryImageOfPage":{"@id":"https:\/\/www.clinicaalthea.com\/farmacia\/it\/apt\/varicone\/#primaryimage"},"image":{"@id":"https:\/\/www.clinicaalthea.com\/farmacia\/it\/apt\/varicone\/#primaryimage"},"thumbnailUrl":"https:\/\/www.clinicaalthea.com\/farmacia\/wp-content\/uploads\/2024\/02\/Varicone.jpg","datePublished":"2024-08-17T09:12:05+00:00","dateModified":"2024-08-17T09:12:57+00:00","breadcrumb":{"@id":"https:\/\/www.clinicaalthea.com\/farmacia\/it\/apt\/varicone\/#breadcrumb"},"inLanguage":"pl-PL","potentialAction":[{"@type":"ReadAction","target":["https:\/\/www.clinicaalthea.com\/farmacia\/it\/apt\/varicone\/"]}]},{"@type":"ImageObject","inLanguage":"pl-PL","@id":"https:\/\/www.clinicaalthea.com\/farmacia\/it\/apt\/varicone\/#primaryimage","url":"https:\/\/www.clinicaalthea.com\/farmacia\/wp-content\/uploads\/2024\/02\/Varicone.jpg","contentUrl":"https:\/\/www.clinicaalthea.com\/farmacia\/wp-content\/uploads\/2024\/02\/Varicone.jpg","width":768,"height":768,"caption":"Varicone"},{"@type":"BreadcrumbList","@id":"https:\/\/www.clinicaalthea.com\/farmacia\/it\/apt\/varicone\/#breadcrumb","itemListElement":[{"@type":"ListItem","position":1,"name":"Strona g\u0142\u00f3wna","item":"https:\/\/www.clinicaalthea.com\/farmacia\/"},{"@type":"ListItem","position":2,"name":"Produkty","item":"https:\/\/www.clinicaalthea.com\/farmacia\/"},{"@type":"ListItem","position":3,"name":"Varicone"}]},{"@type":"WebSite","@id":"https:\/\/www.clinicaalthea.com\/farmacia\/#website","url":"https:\/\/www.clinicaalthea.com\/farmacia\/","name":"Clinica Althea","description":"","publisher":{"@id":"https:\/\/www.clinicaalthea.com\/farmacia\/#organization"},"potentialAction":[{"@type":"SearchAction","target":{"@type":"EntryPoint","urlTemplate":"https:\/\/www.clinicaalthea.com\/farmacia\/?s={search_term_string}"},"query-input":{"@type":"PropertyValueSpecification","valueRequired":true,"valueName":"search_term_string"}}],"inLanguage":"pl-PL"},{"@type":"Organization","@id":"https:\/\/www.clinicaalthea.com\/farmacia\/#organization","name":"Clinica Althea","url":"https:\/\/www.clinicaalthea.com\/farmacia\/","logo":{"@type":"ImageObject","inLanguage":"pl-PL","@id":"https:\/\/www.clinicaalthea.com\/farmacia\/#\/schema\/logo\/image\/","url":"https:\/\/www.clinicaalthea.com\/farmacia\/wp-content\/uploads\/2023\/12\/Jak-diagnozuje-sie-FAS_-objawy-kryteria-diagnostyczne-i-metody-diagnozowania-154162903.jpg","contentUrl":"https:\/\/www.clinicaalthea.com\/farmacia\/wp-content\/uploads\/2023\/12\/Jak-diagnozuje-sie-FAS_-objawy-kryteria-diagnostyczne-i-metody-diagnozowania-154162903.jpg","width":1216,"height":832,"caption":"Clinica Althea"},"image":{"@id":"https:\/\/www.clinicaalthea.com\/farmacia\/#\/schema\/logo\/image\/"}}]}},"lang":"it","translations":{"it":9447,"pl":1069,"es":9431,"cs":9433,"de":9435,"el":9437,"sk":9439,"sl":9441,"pt":9443,"bg":9445,"ro":9449,"hu":9451},"pll_sync_post":[],"_links":{"self":[{"href":"https:\/\/www.clinicaalthea.com\/farmacia\/wp-json\/wp\/v2\/product\/9447","targetHints":{"allow":["GET"]}}],"collection":[{"href":"https:\/\/www.clinicaalthea.com\/farmacia\/wp-json\/wp\/v2\/product"}],"about":[{"href":"https:\/\/www.clinicaalthea.com\/farmacia\/wp-json\/wp\/v2\/types\/product"}],"replies":[{"embeddable":true,"href":"https:\/\/www.clinicaalthea.com\/farmacia\/wp-json\/wp\/v2\/comments?post=9447"}],"wp:featuredmedia":[{"embeddable":true,"href":"https:\/\/www.clinicaalthea.com\/farmacia\/wp-json\/wp\/v2\/media\/1070"}],"wp:attachment":[{"href":"https:\/\/www.clinicaalthea.com\/farmacia\/wp-json\/wp\/v2\/media?parent=9447"}],"wp:term":[{"taxonomy":"product_brand","embeddable":true,"href":"https:\/\/www.clinicaalthea.com\/farmacia\/wp-json\/wp\/v2\/product_brand?post=9447"},{"taxonomy":"product_cat","embeddable":true,"href":"https:\/\/www.clinicaalthea.com\/farmacia\/wp-json\/wp\/v2\/product_cat?post=9447"},{"taxonomy":"product_tag","embeddable":true,"href":"https:\/\/www.clinicaalthea.com\/farmacia\/wp-json\/wp\/v2\/product_tag?post=9447"}],"curies":[{"name":"wp","href":"https:\/\/api.w.org\/{rel}","templated":true}]}}