{"id":9439,"date":"2024-08-17T10:09:56","date_gmt":"2024-08-17T09:09:56","guid":{"rendered":"https:\/\/mayoguide.org\/produkty\/?post_type=product&#038;p=9439"},"modified":"2024-08-17T10:12:57","modified_gmt":"2024-08-17T09:12:57","slug":"varicone","status":"publish","type":"product","link":"https:\/\/www.clinicaalthea.com\/farmacia\/sk\/apt\/varicone\/","title":{"rendered":"Varicone"},"content":{"rendered":"\n<p>Existuje \u00fa\u010dinn\u00e9 rie\u0161enie na <b>k\u0155\u010dov\u00e9 \u017eily<\/b>? M\u00f4\u017ee <b>kr\u00e9m Varicone<\/b> pom\u00f4c\u0165 v boji proti tomuto ochoreniu? Zistite, ako m\u00f4\u017ee zlo\u017eka kr\u00e9mu <b>Varicone<\/b> a <b>recenzie<\/b> pou\u017e\u00edvate\u013eov zlep\u0161i\u0165 va\u0161e nohy. \u010c\u00edtajte \u010falej a dozviete sa viac o tomto inovat\u00edvnom v\u00fdrobku a jeho preuk\u00e1zanej \u00fa\u010dinnosti.<\/p>\n\n\n\n<h3 class=\"wp-block-heading\">Zhrnutie<\/h3>\n\n\n\n<ul class=\"wp-block-list\">\n<li><b>Varik\u00f3nov\u00fd kr\u00e9m<\/b> je inovat\u00edvne rie\u0161enie na <b>k\u0155\u010dov\u00e9 \u017eily<\/b>, ktor\u00e9 sa m\u00f4\u017ee pou\u017e\u00edva\u0165 bez lek\u00e1rskeho predpisu.<\/li>\n\n\n\n<li><b>Zlo\u017eenie<\/b> kr\u00e9mu je zalo\u017een\u00e9 na pr\u00edrodn\u00fdch zlo\u017ek\u00e1ch, ktor\u00e9 maj\u00fa pozit\u00edvny vplyv na stav n\u00f4h.<\/li>\n\n\n\n<li>Vedeck\u00e9 \u0161t\u00fadie potvrdzuj\u00fa \u00fa\u010dinnos\u0165 kr\u00e9mu <b>Varicone<\/b> pri zmier\u0148ovan\u00ed pr\u00edznakov k\u0155\u010dov\u00fdch \u017e\u00edl.<\/li>\n\n\n\n<li><b>Ohlasy<\/b> pou\u017e\u00edvate\u013eov s\u00fa pozit\u00edvne, mnoh\u00ed po pravidelnom pou\u017e\u00edvan\u00ed kr\u00e9mu poci\u0165uj\u00fa zlep\u0161enie.<\/li>\n\n\n\n<li>Pri n\u00e1kupe kr\u00e9mu <b>Varicone<\/b> na in\u00fdch platform\u00e1ch by ste mali by\u0165 opatrn\u00ed, aby ste sa vyhli falzifik\u00e1tom.<\/li>\n<\/ul>\n\n\n\n<h2 class=\"wp-block-heading\">Zlo\u017eenie kr\u00e9mu Varicone<\/h2>\n\n\n\n<p><b>Zlo\u017eenie<\/b> kr\u00e9mu Varicone je zalo\u017een\u00e9 na <em>pr\u00edrodn\u00fdch zlo\u017ek\u00e1ch,<\/em> ktor\u00e9 maj\u00fa pozit\u00edvny vplyv na stav n\u00f4h a zmier\u0148uj\u00fa pr\u00edznaky <em>k\u0155\u010dov\u00fdch \u017e\u00edl<\/em>.<\/p>\n\n\n\n<p>Zlo\u017eky obsahuj\u00fa <em>rastlinn\u00e9 v\u00fd\u0165a\u017eky,<\/em> ktor\u00e9 maj\u00fa protiz\u00e1palov\u00e9 a analgetick\u00e9 \u00fa\u010dinky, <em>antiedemat\u00f3zne l\u00e1tky,<\/em> ktor\u00e9 pom\u00e1haj\u00fa zni\u017eova\u0165 opuchy, a zlo\u017eky, ktor\u00e9 <em>hydratuj\u00fa a regeneruj\u00fa poko\u017eku<\/em>.<\/p>\n\n\n\n<p>V\u0161etky zlo\u017eky boli starostlivo vybran\u00e9 a ich <b>\u00fa\u010dinky<\/b> boli potvrden\u00e9 v\u00fdskumom.<\/p>\n\n\n\n<figure class=\"wp-block-table\"><table class=\"has-fixed-layout\"><tbody><tr><th>Zlo\u017eenie kr\u00e9mu Varicone<\/th><th>Akcia<\/th><\/tr><tr><td>Rastlinn\u00e9 v\u00fd\u0165a\u017eky<\/td><td>maj\u00fa protiz\u00e1palov\u00e9 a analgetick\u00e9 \u00fa\u010dinky<\/td><\/tr><tr><td>Antiedemat\u00f3zne l\u00e1tky<\/td><td>Pom\u00e1ha zni\u017eova\u0165 opuchy<\/td><\/tr><tr><td>Hydrata\u010dn\u00e9 a regenera\u010dn\u00e9 zlo\u017eky poko\u017eky<\/td><td>Zlep\u0161enie stavu poko\u017eky<\/td><\/tr><\/tbody><\/table><\/figure>\n\n\n\n<h2 class=\"wp-block-heading\">\u00da\u010dinky kr\u00e9mu Varicone<\/h2>\n\n\n\n<p><b>Pou\u017e\u00edvanie<\/b> kr\u00e9mu Varicone m\u00f4\u017ee ma\u0165 mnoho pozit\u00edvnych \u00fa\u010dinkov v boji proti k\u0155\u010dov\u00fdm \u017eil\u00e1m. Mnoh\u00ed pou\u017e\u00edvatelia si po pravidelnom pou\u017e\u00edvan\u00ed kr\u00e9mu v\u0161imn\u00fa zlep\u0161enie stavu svojich n\u00f4h. Pr\u00edznaky ako boles\u0165, p\u00e1lenie, \u0165a\u017eoba alebo opuch sa m\u00f4\u017eu zmierni\u0165. <b>Varik\u00f3nov\u00fd kr\u00e9m<\/b> m\u00e1 protiz\u00e1palov\u00fd, analgetick\u00fd a protied\u00e9mov\u00fd \u00fa\u010dinok, \u010do prispieva k zlep\u0161eniu celkov\u00e9ho stavu n\u00f4h a zn\u00ed\u017eeniu nepr\u00edjemn\u00fdch pocitov spojen\u00fdch s k\u0155\u010dov\u00fdmi \u017eilami.<\/p>\n\n\n\n<h2 class=\"wp-block-heading\">Recenzie pou\u017e\u00edvate\u013eov Varicone cream<\/h2>\n\n\n\n<p><b>Recenzie<\/b> pou\u017e\u00edvate\u013eov varik\u00f3nov\u00e9ho kr\u00e9mu potvrdzuj\u00fa jeho \u00fa\u010dinnos\u0165 a pozit\u00edvne <b>\u00fa\u010dinky<\/b> na stav n\u00f4h. Mnoh\u00ed z nich zaznamenali v\u00fdrazn\u00e9 zlep\u0161enie po pravidelnom pou\u017e\u00edvan\u00ed tohto kr\u00e9mu na <b>k\u0155\u010dov\u00e9 \u017eily<\/b>. Varicone kr\u00e9m m\u00e1 dobr\u00fa poves\u0165 pre svoje <b>p\u00f4sobenie<\/b> a jednoduch\u00fa aplik\u00e1ciu.<\/p>\n\n\n\n<blockquote class=\"wp-block-quote is-layout-flow wp-block-quote-is-layout-flow\">\n<p>&#8220;Pou\u017e\u00edvam kr\u00e9m Varicone u\u017e nieko\u013eko t\u00fd\u017ed\u0148ov a zaznamenala som ve\u013ek\u00e9 zlep\u0161enie stavu mojich n\u00f4h. Boles\u0165 a opuch sa v\u00fdrazne zn\u00ed\u017eili a pocit \u0165a\u017eoby zmizol. Tento kr\u00e9m vrelo odpor\u00fa\u010dam ostatn\u00fdm, ktor\u00ed bojuj\u00fa s k\u0155\u010dov\u00fdmi \u017eilami.&#8221;<\/p>\n\n\n\n<footer>&#8211; Monika, 45 rokov<\/footer>\n<\/blockquote>\n\n\n\n<p>Ka\u017ed\u00fd \u010dlovek v\u0161ak m\u00f4\u017ee na \u00fa\u010dinky kr\u00e9mu Varicone reagova\u0165 inak, preto je d\u00f4le\u017eit\u00e9 n\u00e1js\u0165 produkt, ktor\u00fd najlep\u0161ie vyhovuje va\u0161im individu\u00e1lnym potreb\u00e1m. Pred pou\u017eit\u00edm je v\u017edy dobr\u00e9 pre\u010d\u00edta\u0165 si posudky pou\u017e\u00edvate\u013eov, aby ste sa uistili, \u017ee Varicone cream m\u00f4\u017ee by\u0165 vhodn\u00fd pre v\u00e1\u0161 pr\u00edpad.<\/p>\n\n\n\n<h2 class=\"wp-block-heading\">Inform\u00e1cie o cene a k\u00fape kr\u00e9mu Varicone<\/h2>\n\n\n\n<p><b>Cena<\/b> kr\u00e9mu Varicone sa m\u00f4\u017ee l\u00ed\u0161i\u0165 v z\u00e1vislosti od miesta jeho n\u00e1kupu. Ke\u010f\u017ee Varicone kr\u00e9m nie je dostupn\u00fd v kamenn\u00fdch lek\u00e1r\u0148ach, najlep\u0161ie je zak\u00fapi\u0165 si ho na ofici\u00e1lnej webovej str\u00e1nke v\u00fdrobcu. Takto si m\u00f4\u017eete by\u0165 ist\u00ed, \u017ee z\u00edskavate origin\u00e1lny v\u00fdrobok. Pri n\u00e1kupe Varicone cream na in\u00fdch predajn\u00fdch platform\u00e1ch bu\u010fte opatrn\u00ed, preto\u017ee existuje riziko n\u00e1kupu falzifik\u00e1tu.<\/p>\n","protected":false},"excerpt":{"rendered":"<p><strong>39.00 \u20ac<\/strong><\/p>\n<p><del>78.00 \u20ac<\/del><\/p>\n<p><strong>[date_countdown]<\/strong><\/p>\n","protected":false},"featured_media":1070,"comment_status":"open","ping_status":"closed","template":"","meta":{"neve_meta_sidebar":"","neve_meta_container":"","neve_meta_enable_content_width":"","neve_meta_content_width":0,"neve_meta_title_alignment":"","neve_meta_author_avatar":"","neve_post_elements_order":"","neve_meta_disable_header":"","neve_meta_disable_footer":"","neve_meta_disable_title":"","neve_meta_reading_time":""},"product_brand":[],"product_cat":[169],"product_tag":[],"class_list":{"0":"post-9439","1":"product","2":"type-product","3":"status-publish","4":"has-post-thumbnail","6":"product_cat-zdravie","8":"first","9":"instock","10":"shipping-taxable","11":"product-type-external"},"yoast_head":"<!-- This site is optimized with the Yoast SEO plugin v27.4 - https:\/\/yoast.com\/product\/yoast-seo-wordpress\/ -->\n<title>Varicone - Clinica Althea<\/title>\n<meta name=\"robots\" content=\"index, follow, max-snippet:-1, max-image-preview:large, max-video-preview:-1\" \/>\n<link rel=\"canonical\" href=\"https:\/\/www.clinicaalthea.com\/farmacia\/sk\/apt\/varicone\/\" \/>\n<meta property=\"og:locale\" content=\"pl_PL\" \/>\n<meta property=\"og:type\" content=\"article\" \/>\n<meta property=\"og:title\" content=\"Varicone - Clinica Althea\" \/>\n<meta property=\"og:description\" content=\"39.00 \u20ac 78.00 \u20ac\" \/>\n<meta property=\"og:url\" content=\"https:\/\/www.clinicaalthea.com\/farmacia\/sk\/apt\/varicone\/\" \/>\n<meta property=\"og:site_name\" content=\"Clinica Althea\" \/>\n<meta property=\"article:modified_time\" content=\"2024-08-17T09:12:57+00:00\" \/>\n<meta property=\"og:image\" content=\"https:\/\/www.clinicaalthea.com\/farmacia\/wp-content\/uploads\/2024\/02\/Varicone.jpg\" \/>\n\t<meta property=\"og:image:width\" content=\"768\" \/>\n\t<meta property=\"og:image:height\" content=\"768\" \/>\n\t<meta property=\"og:image:type\" content=\"image\/jpeg\" \/>\n<meta name=\"twitter:card\" content=\"summary_large_image\" \/>\n<meta name=\"twitter:label1\" content=\"Szacowany czas czytania\" \/>\n\t<meta name=\"twitter:data1\" content=\"3 minuty\" \/>\n<script type=\"application\/ld+json\" class=\"yoast-schema-graph\">{\"@context\":\"https:\\\/\\\/schema.org\",\"@graph\":[{\"@type\":\"WebPage\",\"@id\":\"https:\\\/\\\/www.clinicaalthea.com\\\/farmacia\\\/sk\\\/apt\\\/varicone\\\/\",\"url\":\"https:\\\/\\\/www.clinicaalthea.com\\\/farmacia\\\/sk\\\/apt\\\/varicone\\\/\",\"name\":\"Varicone - Clinica Althea\",\"isPartOf\":{\"@id\":\"https:\\\/\\\/www.clinicaalthea.com\\\/farmacia\\\/#website\"},\"primaryImageOfPage\":{\"@id\":\"https:\\\/\\\/www.clinicaalthea.com\\\/farmacia\\\/sk\\\/apt\\\/varicone\\\/#primaryimage\"},\"image\":{\"@id\":\"https:\\\/\\\/www.clinicaalthea.com\\\/farmacia\\\/sk\\\/apt\\\/varicone\\\/#primaryimage\"},\"thumbnailUrl\":\"https:\\\/\\\/www.clinicaalthea.com\\\/farmacia\\\/wp-content\\\/uploads\\\/2024\\\/02\\\/Varicone.jpg\",\"datePublished\":\"2024-08-17T09:09:56+00:00\",\"dateModified\":\"2024-08-17T09:12:57+00:00\",\"breadcrumb\":{\"@id\":\"https:\\\/\\\/www.clinicaalthea.com\\\/farmacia\\\/sk\\\/apt\\\/varicone\\\/#breadcrumb\"},\"inLanguage\":\"pl-PL\",\"potentialAction\":[{\"@type\":\"ReadAction\",\"target\":[\"https:\\\/\\\/www.clinicaalthea.com\\\/farmacia\\\/sk\\\/apt\\\/varicone\\\/\"]}]},{\"@type\":\"ImageObject\",\"inLanguage\":\"pl-PL\",\"@id\":\"https:\\\/\\\/www.clinicaalthea.com\\\/farmacia\\\/sk\\\/apt\\\/varicone\\\/#primaryimage\",\"url\":\"https:\\\/\\\/www.clinicaalthea.com\\\/farmacia\\\/wp-content\\\/uploads\\\/2024\\\/02\\\/Varicone.jpg\",\"contentUrl\":\"https:\\\/\\\/www.clinicaalthea.com\\\/farmacia\\\/wp-content\\\/uploads\\\/2024\\\/02\\\/Varicone.jpg\",\"width\":768,\"height\":768,\"caption\":\"Varicone\"},{\"@type\":\"BreadcrumbList\",\"@id\":\"https:\\\/\\\/www.clinicaalthea.com\\\/farmacia\\\/sk\\\/apt\\\/varicone\\\/#breadcrumb\",\"itemListElement\":[{\"@type\":\"ListItem\",\"position\":1,\"name\":\"Strona g\u0142\u00f3wna\",\"item\":\"https:\\\/\\\/www.clinicaalthea.com\\\/farmacia\\\/\"},{\"@type\":\"ListItem\",\"position\":2,\"name\":\"Produkty\",\"item\":\"https:\\\/\\\/www.clinicaalthea.com\\\/farmacia\\\/\"},{\"@type\":\"ListItem\",\"position\":3,\"name\":\"Varicone\"}]},{\"@type\":\"WebSite\",\"@id\":\"https:\\\/\\\/www.clinicaalthea.com\\\/farmacia\\\/#website\",\"url\":\"https:\\\/\\\/www.clinicaalthea.com\\\/farmacia\\\/\",\"name\":\"Clinica Althea\",\"description\":\"\",\"publisher\":{\"@id\":\"https:\\\/\\\/www.clinicaalthea.com\\\/farmacia\\\/#organization\"},\"potentialAction\":[{\"@type\":\"SearchAction\",\"target\":{\"@type\":\"EntryPoint\",\"urlTemplate\":\"https:\\\/\\\/www.clinicaalthea.com\\\/farmacia\\\/?s={search_term_string}\"},\"query-input\":{\"@type\":\"PropertyValueSpecification\",\"valueRequired\":true,\"valueName\":\"search_term_string\"}}],\"inLanguage\":\"pl-PL\"},{\"@type\":\"Organization\",\"@id\":\"https:\\\/\\\/www.clinicaalthea.com\\\/farmacia\\\/#organization\",\"name\":\"Clinica Althea\",\"url\":\"https:\\\/\\\/www.clinicaalthea.com\\\/farmacia\\\/\",\"logo\":{\"@type\":\"ImageObject\",\"inLanguage\":\"pl-PL\",\"@id\":\"https:\\\/\\\/www.clinicaalthea.com\\\/farmacia\\\/#\\\/schema\\\/logo\\\/image\\\/\",\"url\":\"https:\\\/\\\/www.clinicaalthea.com\\\/farmacia\\\/wp-content\\\/uploads\\\/2023\\\/12\\\/Jak-diagnozuje-sie-FAS_-objawy-kryteria-diagnostyczne-i-metody-diagnozowania-154162903.jpg\",\"contentUrl\":\"https:\\\/\\\/www.clinicaalthea.com\\\/farmacia\\\/wp-content\\\/uploads\\\/2023\\\/12\\\/Jak-diagnozuje-sie-FAS_-objawy-kryteria-diagnostyczne-i-metody-diagnozowania-154162903.jpg\",\"width\":1216,\"height\":832,\"caption\":\"Clinica Althea\"},\"image\":{\"@id\":\"https:\\\/\\\/www.clinicaalthea.com\\\/farmacia\\\/#\\\/schema\\\/logo\\\/image\\\/\"}}]}<\/script>\n<!-- \/ Yoast SEO plugin. -->","yoast_head_json":{"title":"Varicone - Clinica Althea","robots":{"index":"index","follow":"follow","max-snippet":"max-snippet:-1","max-image-preview":"max-image-preview:large","max-video-preview":"max-video-preview:-1"},"canonical":"https:\/\/www.clinicaalthea.com\/farmacia\/sk\/apt\/varicone\/","og_locale":"pl_PL","og_type":"article","og_title":"Varicone - Clinica Althea","og_description":"39.00 \u20ac 78.00 \u20ac","og_url":"https:\/\/www.clinicaalthea.com\/farmacia\/sk\/apt\/varicone\/","og_site_name":"Clinica Althea","article_modified_time":"2024-08-17T09:12:57+00:00","og_image":[{"width":768,"height":768,"url":"https:\/\/www.clinicaalthea.com\/farmacia\/wp-content\/uploads\/2024\/02\/Varicone.jpg","type":"image\/jpeg"}],"twitter_card":"summary_large_image","twitter_misc":{"Szacowany czas czytania":"3 minuty"},"schema":{"@context":"https:\/\/schema.org","@graph":[{"@type":"WebPage","@id":"https:\/\/www.clinicaalthea.com\/farmacia\/sk\/apt\/varicone\/","url":"https:\/\/www.clinicaalthea.com\/farmacia\/sk\/apt\/varicone\/","name":"Varicone - Clinica Althea","isPartOf":{"@id":"https:\/\/www.clinicaalthea.com\/farmacia\/#website"},"primaryImageOfPage":{"@id":"https:\/\/www.clinicaalthea.com\/farmacia\/sk\/apt\/varicone\/#primaryimage"},"image":{"@id":"https:\/\/www.clinicaalthea.com\/farmacia\/sk\/apt\/varicone\/#primaryimage"},"thumbnailUrl":"https:\/\/www.clinicaalthea.com\/farmacia\/wp-content\/uploads\/2024\/02\/Varicone.jpg","datePublished":"2024-08-17T09:09:56+00:00","dateModified":"2024-08-17T09:12:57+00:00","breadcrumb":{"@id":"https:\/\/www.clinicaalthea.com\/farmacia\/sk\/apt\/varicone\/#breadcrumb"},"inLanguage":"pl-PL","potentialAction":[{"@type":"ReadAction","target":["https:\/\/www.clinicaalthea.com\/farmacia\/sk\/apt\/varicone\/"]}]},{"@type":"ImageObject","inLanguage":"pl-PL","@id":"https:\/\/www.clinicaalthea.com\/farmacia\/sk\/apt\/varicone\/#primaryimage","url":"https:\/\/www.clinicaalthea.com\/farmacia\/wp-content\/uploads\/2024\/02\/Varicone.jpg","contentUrl":"https:\/\/www.clinicaalthea.com\/farmacia\/wp-content\/uploads\/2024\/02\/Varicone.jpg","width":768,"height":768,"caption":"Varicone"},{"@type":"BreadcrumbList","@id":"https:\/\/www.clinicaalthea.com\/farmacia\/sk\/apt\/varicone\/#breadcrumb","itemListElement":[{"@type":"ListItem","position":1,"name":"Strona g\u0142\u00f3wna","item":"https:\/\/www.clinicaalthea.com\/farmacia\/"},{"@type":"ListItem","position":2,"name":"Produkty","item":"https:\/\/www.clinicaalthea.com\/farmacia\/"},{"@type":"ListItem","position":3,"name":"Varicone"}]},{"@type":"WebSite","@id":"https:\/\/www.clinicaalthea.com\/farmacia\/#website","url":"https:\/\/www.clinicaalthea.com\/farmacia\/","name":"Clinica Althea","description":"","publisher":{"@id":"https:\/\/www.clinicaalthea.com\/farmacia\/#organization"},"potentialAction":[{"@type":"SearchAction","target":{"@type":"EntryPoint","urlTemplate":"https:\/\/www.clinicaalthea.com\/farmacia\/?s={search_term_string}"},"query-input":{"@type":"PropertyValueSpecification","valueRequired":true,"valueName":"search_term_string"}}],"inLanguage":"pl-PL"},{"@type":"Organization","@id":"https:\/\/www.clinicaalthea.com\/farmacia\/#organization","name":"Clinica Althea","url":"https:\/\/www.clinicaalthea.com\/farmacia\/","logo":{"@type":"ImageObject","inLanguage":"pl-PL","@id":"https:\/\/www.clinicaalthea.com\/farmacia\/#\/schema\/logo\/image\/","url":"https:\/\/www.clinicaalthea.com\/farmacia\/wp-content\/uploads\/2023\/12\/Jak-diagnozuje-sie-FAS_-objawy-kryteria-diagnostyczne-i-metody-diagnozowania-154162903.jpg","contentUrl":"https:\/\/www.clinicaalthea.com\/farmacia\/wp-content\/uploads\/2023\/12\/Jak-diagnozuje-sie-FAS_-objawy-kryteria-diagnostyczne-i-metody-diagnozowania-154162903.jpg","width":1216,"height":832,"caption":"Clinica Althea"},"image":{"@id":"https:\/\/www.clinicaalthea.com\/farmacia\/#\/schema\/logo\/image\/"}}]}},"lang":"sk","translations":{"sk":9439,"pl":1069,"es":9431,"cs":9433,"de":9435,"el":9437,"sl":9441,"pt":9443,"bg":9445,"it":9447,"ro":9449,"hu":9451},"pll_sync_post":[],"_links":{"self":[{"href":"https:\/\/www.clinicaalthea.com\/farmacia\/wp-json\/wp\/v2\/product\/9439","targetHints":{"allow":["GET"]}}],"collection":[{"href":"https:\/\/www.clinicaalthea.com\/farmacia\/wp-json\/wp\/v2\/product"}],"about":[{"href":"https:\/\/www.clinicaalthea.com\/farmacia\/wp-json\/wp\/v2\/types\/product"}],"replies":[{"embeddable":true,"href":"https:\/\/www.clinicaalthea.com\/farmacia\/wp-json\/wp\/v2\/comments?post=9439"}],"wp:featuredmedia":[{"embeddable":true,"href":"https:\/\/www.clinicaalthea.com\/farmacia\/wp-json\/wp\/v2\/media\/1070"}],"wp:attachment":[{"href":"https:\/\/www.clinicaalthea.com\/farmacia\/wp-json\/wp\/v2\/media?parent=9439"}],"wp:term":[{"taxonomy":"product_brand","embeddable":true,"href":"https:\/\/www.clinicaalthea.com\/farmacia\/wp-json\/wp\/v2\/product_brand?post=9439"},{"taxonomy":"product_cat","embeddable":true,"href":"https:\/\/www.clinicaalthea.com\/farmacia\/wp-json\/wp\/v2\/product_cat?post=9439"},{"taxonomy":"product_tag","embeddable":true,"href":"https:\/\/www.clinicaalthea.com\/farmacia\/wp-json\/wp\/v2\/product_tag?post=9439"}],"curies":[{"name":"wp","href":"https:\/\/api.w.org\/{rel}","templated":true}]}}