{"id":9435,"date":"2024-08-17T10:08:52","date_gmt":"2024-08-17T09:08:52","guid":{"rendered":"https:\/\/mayoguide.org\/produkty\/?post_type=product&#038;p=9435"},"modified":"2024-08-17T10:12:57","modified_gmt":"2024-08-17T09:12:57","slug":"varicone","status":"publish","type":"product","link":"https:\/\/www.clinicaalthea.com\/farmacia\/de\/apt\/varicone\/","title":{"rendered":"Varicone"},"content":{"rendered":"\n<p>Gibt es eine wirksame L\u00f6sung f\u00fcr <b>Krampfadern<\/b>? Kann <b>Varicone Creme<\/b> im Kampf gegen diese Krankheit helfen? Finden Sie heraus, wie die Inhaltsstoffe <b>der<\/b> <b>Varicone<\/b> Creme und die <b>Bewertungen der<\/b> Anwender Ihre Beine verbessern k\u00f6nnen. Lesen Sie weiter, um mehr \u00fcber dieses innovative Produkt und seine erwiesene Wirksamkeit zu erfahren.<\/p>\n\n\n\n<h3 class=\"wp-block-heading\">Zusammenfassung<\/h3>\n\n\n\n<ul class=\"wp-block-list\">\n<li><b>Varicone Creme<\/b> ist eine innovative L\u00f6sung f\u00fcr <b>Krampfadern<\/b>, die ohne Rezept verwendet werden kann.<\/li>\n\n\n\n<li>Die<b>Zusammensetzung der<\/b> Creme basiert auf nat\u00fcrlichen Inhaltsstoffen, die eine positive Wirkung auf den Zustand der Beine haben.<\/li>\n\n\n\n<li>Wissenschaftliche Studien best\u00e4tigen die Wirksamkeit der <b>Varicone-Creme<\/b> bei der Linderung von Krampfaderbeschwerden.<\/li>\n\n\n\n<li>Die<b>R\u00fcckmeldungen<\/b> der Anwender sind positiv, und viele haben nach regelm\u00e4\u00dfiger Anwendung der Creme Verbesserungen festgestellt.<\/li>\n\n\n\n<li>Beim Kauf von <b>Varicone-Creme<\/b> auf anderen Plattformen sollte man vorsichtig sein, um F\u00e4lschungen zu vermeiden.<\/li>\n<\/ul>\n\n\n\n<h2 class=\"wp-block-heading\">Zusammensetzung der Varicone-Creme<\/h2>\n\n\n\n<p><b>Die Zusammensetzung der<\/b> Varicone Creme basiert auf <em>nat\u00fcrlichen Inhaltsstoffen<\/em>, die sich positiv auf den Zustand der Beine auswirken und die Symptome von <em>Krampfadern<\/em> reduzieren.<\/p>\n\n\n\n<p>Zu den Inhaltsstoffen geh\u00f6ren <em>Pflanzenextrakte<\/em>, die entz\u00fcndungshemmend und schmerzlindernd wirken, <em>anti\u00f6demat\u00f6se Substanzen<\/em>, die Schwellungen lindern, sowie Inhaltsstoffe, die <em>der Haut Feuchtigkeit spenden und sie regenerieren<\/em>.<\/p>\n\n\n\n<p>Alle Inhaltsstoffe wurden sorgf\u00e4ltig ausgew\u00e4hlt und ihre <b>Wirkung<\/b> ist durch die Forschung best\u00e4tigt.<\/p>\n\n\n\n<figure class=\"wp-block-table\"><table class=\"has-fixed-layout\"><tbody><tr><th>Inhaltsstoffe der Varicone-Creme<\/th><th>Aktion<\/th><\/tr><tr><td>Pflanzenextrakte<\/td><td>haben entz\u00fcndungshemmende und schmerzlindernde Wirkungen<\/td><\/tr><tr><td>Anti\u00f6demat\u00f6se Substanzen<\/td><td>Hilft Schwellungen zu reduzieren<\/td><\/tr><tr><td>Feuchtigkeitsspendende und regenerierende Inhaltsstoffe f\u00fcr die Haut<\/td><td>den Zustand der Haut zu verbessern<\/td><\/tr><\/tbody><\/table><\/figure>\n\n\n\n<h2 class=\"wp-block-heading\">Wirkungen von Varicone-Creme<\/h2>\n\n\n\n<p><b>Die Verwendung von<\/b> Varicone-Creme kann viele positive Auswirkungen im Kampf gegen Krampfadern haben. Viele Anwender bemerken nach regelm\u00e4\u00dfiger Anwendung der Creme eine Verbesserung des Zustands ihrer Beine. Symptome wie Schmerzen, Brennen, Schweregef\u00fchl oder Schwellungen k\u00f6nnen gelindert werden. Die <b>Varicon-Creme<\/b> wirkt entz\u00fcndungshemmend, schmerzlindernd und anti\u00f6demat\u00f6s, was dazu beitr\u00e4gt, den Gesamtzustand der Beine zu verbessern und die mit den Krampfadern verbundenen Beschwerden zu verringern.<\/p>\n\n\n\n<h2 class=\"wp-block-heading\">Benutzerbewertungen von Varicone cream<\/h2>\n\n\n\n<p><b>Die Bewertungen der<\/b> Anwender von Varicone Creme best\u00e4tigen ihre Wirksamkeit und ihre positiven <b>Auswirkungen<\/b> auf den Zustand der Beine. Viele von ihnen bemerken eine deutliche Verbesserung nach regelm\u00e4\u00dfiger Anwendung dieser Creme f\u00fcr <b>Krampfadern<\/b>. Varicone Creme hat einen guten Ruf f\u00fcr seine <b>Wirkung<\/b> und einfache Anwendung.<\/p>\n\n\n\n<blockquote class=\"wp-block-quote is-layout-flow wp-block-quote-is-layout-flow\">\n<p>&#8220;Ich verwende die Varicone Creme seit einigen Wochen und habe eine gro\u00dfe Verbesserung des Zustands meiner Beine festgestellt. Die Schmerzen und Schwellungen sind deutlich zur\u00fcckgegangen und das Schweregef\u00fchl ist verschwunden. Ich kann diese Creme anderen, die mit Krampfadern zu k\u00e4mpfen haben, nur empfehlen.&#8221;<\/p>\n\n\n\n<footer>&#8211; Monika, 45<\/footer>\n<\/blockquote>\n\n\n\n<p>Allerdings kann jede Person unterschiedlich auf die Wirkung von Varicon-Creme reagieren, so dass es wichtig ist, das Produkt zu finden, das Ihren individuellen Bed\u00fcrfnissen am besten entspricht. Es ist immer eine gute Idee, vor der Anwendung Erfahrungsberichte von Anwendern zu lesen, um sicherzustellen, dass die Varicon-Creme f\u00fcr Ihren Fall geeignet ist.<\/p>\n\n\n\n<h2 class=\"wp-block-heading\">Preis- und Kaufinformationen f\u00fcr Varicone Creme<\/h2>\n\n\n\n<p><b>Der Preis von<\/b> Varicone-Creme kann je nach Einkaufsort variieren. Da Varicone-Creme nicht in station\u00e4ren Apotheken erh\u00e4ltlich ist, kaufen Sie sie am besten \u00fcber die offizielle Website des Herstellers. Auf diese Weise k\u00f6nnen Sie sicher sein, dass Sie das Originalprodukt erhalten. Seien Sie vorsichtig, wenn Sie Varicone-Creme auf anderen Verkaufsplattformen kaufen, da die Gefahr besteht, dass Sie eine F\u00e4lschung erwerben.<\/p>\n","protected":false},"excerpt":{"rendered":"<p><strong>49.00 \u20ac<\/strong><\/p>\n<p><del>98.00 \u20ac<\/del><\/p>\n<p><strong>[date_countdown]<\/strong><\/p>\n","protected":false},"featured_media":1070,"comment_status":"open","ping_status":"closed","template":"","meta":{"neve_meta_sidebar":"","neve_meta_container":"","neve_meta_enable_content_width":"","neve_meta_content_width":0,"neve_meta_title_alignment":"","neve_meta_author_avatar":"","neve_post_elements_order":"","neve_meta_disable_header":"","neve_meta_disable_footer":"","neve_meta_disable_title":"","neve_meta_reading_time":""},"product_brand":[],"product_cat":[33],"product_tag":[],"class_list":{"0":"post-9435","1":"product","2":"type-product","3":"status-publish","4":"has-post-thumbnail","6":"product_cat-gesundheit","8":"first","9":"instock","10":"shipping-taxable","11":"product-type-external"},"yoast_head":"<!-- This site is optimized with the Yoast SEO plugin v27.4 - https:\/\/yoast.com\/product\/yoast-seo-wordpress\/ -->\n<title>Varicone - Clinica Althea<\/title>\n<meta name=\"robots\" content=\"index, follow, max-snippet:-1, max-image-preview:large, max-video-preview:-1\" \/>\n<link rel=\"canonical\" href=\"https:\/\/www.clinicaalthea.com\/farmacia\/de\/apt\/varicone\/\" \/>\n<meta property=\"og:locale\" content=\"pl_PL\" \/>\n<meta property=\"og:type\" content=\"article\" \/>\n<meta property=\"og:title\" content=\"Varicone - Clinica Althea\" \/>\n<meta property=\"og:description\" content=\"49.00 \u20ac 98.00 \u20ac\" \/>\n<meta property=\"og:url\" content=\"https:\/\/www.clinicaalthea.com\/farmacia\/de\/apt\/varicone\/\" \/>\n<meta property=\"og:site_name\" content=\"Clinica Althea\" \/>\n<meta property=\"article:modified_time\" content=\"2024-08-17T09:12:57+00:00\" \/>\n<meta property=\"og:image\" content=\"https:\/\/www.clinicaalthea.com\/farmacia\/wp-content\/uploads\/2024\/02\/Varicone.jpg\" \/>\n\t<meta property=\"og:image:width\" content=\"768\" \/>\n\t<meta property=\"og:image:height\" content=\"768\" \/>\n\t<meta property=\"og:image:type\" content=\"image\/jpeg\" \/>\n<meta name=\"twitter:card\" content=\"summary_large_image\" \/>\n<meta name=\"twitter:label1\" content=\"Szacowany czas czytania\" \/>\n\t<meta name=\"twitter:data1\" content=\"3 minuty\" \/>\n<script type=\"application\/ld+json\" class=\"yoast-schema-graph\">{\"@context\":\"https:\\\/\\\/schema.org\",\"@graph\":[{\"@type\":\"WebPage\",\"@id\":\"https:\\\/\\\/www.clinicaalthea.com\\\/farmacia\\\/de\\\/apt\\\/varicone\\\/\",\"url\":\"https:\\\/\\\/www.clinicaalthea.com\\\/farmacia\\\/de\\\/apt\\\/varicone\\\/\",\"name\":\"Varicone - Clinica Althea\",\"isPartOf\":{\"@id\":\"https:\\\/\\\/www.clinicaalthea.com\\\/farmacia\\\/#website\"},\"primaryImageOfPage\":{\"@id\":\"https:\\\/\\\/www.clinicaalthea.com\\\/farmacia\\\/de\\\/apt\\\/varicone\\\/#primaryimage\"},\"image\":{\"@id\":\"https:\\\/\\\/www.clinicaalthea.com\\\/farmacia\\\/de\\\/apt\\\/varicone\\\/#primaryimage\"},\"thumbnailUrl\":\"https:\\\/\\\/www.clinicaalthea.com\\\/farmacia\\\/wp-content\\\/uploads\\\/2024\\\/02\\\/Varicone.jpg\",\"datePublished\":\"2024-08-17T09:08:52+00:00\",\"dateModified\":\"2024-08-17T09:12:57+00:00\",\"breadcrumb\":{\"@id\":\"https:\\\/\\\/www.clinicaalthea.com\\\/farmacia\\\/de\\\/apt\\\/varicone\\\/#breadcrumb\"},\"inLanguage\":\"pl-PL\",\"potentialAction\":[{\"@type\":\"ReadAction\",\"target\":[\"https:\\\/\\\/www.clinicaalthea.com\\\/farmacia\\\/de\\\/apt\\\/varicone\\\/\"]}]},{\"@type\":\"ImageObject\",\"inLanguage\":\"pl-PL\",\"@id\":\"https:\\\/\\\/www.clinicaalthea.com\\\/farmacia\\\/de\\\/apt\\\/varicone\\\/#primaryimage\",\"url\":\"https:\\\/\\\/www.clinicaalthea.com\\\/farmacia\\\/wp-content\\\/uploads\\\/2024\\\/02\\\/Varicone.jpg\",\"contentUrl\":\"https:\\\/\\\/www.clinicaalthea.com\\\/farmacia\\\/wp-content\\\/uploads\\\/2024\\\/02\\\/Varicone.jpg\",\"width\":768,\"height\":768,\"caption\":\"Varicone\"},{\"@type\":\"BreadcrumbList\",\"@id\":\"https:\\\/\\\/www.clinicaalthea.com\\\/farmacia\\\/de\\\/apt\\\/varicone\\\/#breadcrumb\",\"itemListElement\":[{\"@type\":\"ListItem\",\"position\":1,\"name\":\"Strona g\u0142\u00f3wna\",\"item\":\"https:\\\/\\\/www.clinicaalthea.com\\\/farmacia\\\/\"},{\"@type\":\"ListItem\",\"position\":2,\"name\":\"Produkty\",\"item\":\"https:\\\/\\\/www.clinicaalthea.com\\\/farmacia\\\/\"},{\"@type\":\"ListItem\",\"position\":3,\"name\":\"Varicone\"}]},{\"@type\":\"WebSite\",\"@id\":\"https:\\\/\\\/www.clinicaalthea.com\\\/farmacia\\\/#website\",\"url\":\"https:\\\/\\\/www.clinicaalthea.com\\\/farmacia\\\/\",\"name\":\"Clinica Althea\",\"description\":\"\",\"publisher\":{\"@id\":\"https:\\\/\\\/www.clinicaalthea.com\\\/farmacia\\\/#organization\"},\"potentialAction\":[{\"@type\":\"SearchAction\",\"target\":{\"@type\":\"EntryPoint\",\"urlTemplate\":\"https:\\\/\\\/www.clinicaalthea.com\\\/farmacia\\\/?s={search_term_string}\"},\"query-input\":{\"@type\":\"PropertyValueSpecification\",\"valueRequired\":true,\"valueName\":\"search_term_string\"}}],\"inLanguage\":\"pl-PL\"},{\"@type\":\"Organization\",\"@id\":\"https:\\\/\\\/www.clinicaalthea.com\\\/farmacia\\\/#organization\",\"name\":\"Clinica Althea\",\"url\":\"https:\\\/\\\/www.clinicaalthea.com\\\/farmacia\\\/\",\"logo\":{\"@type\":\"ImageObject\",\"inLanguage\":\"pl-PL\",\"@id\":\"https:\\\/\\\/www.clinicaalthea.com\\\/farmacia\\\/#\\\/schema\\\/logo\\\/image\\\/\",\"url\":\"https:\\\/\\\/www.clinicaalthea.com\\\/farmacia\\\/wp-content\\\/uploads\\\/2023\\\/12\\\/Jak-diagnozuje-sie-FAS_-objawy-kryteria-diagnostyczne-i-metody-diagnozowania-154162903.jpg\",\"contentUrl\":\"https:\\\/\\\/www.clinicaalthea.com\\\/farmacia\\\/wp-content\\\/uploads\\\/2023\\\/12\\\/Jak-diagnozuje-sie-FAS_-objawy-kryteria-diagnostyczne-i-metody-diagnozowania-154162903.jpg\",\"width\":1216,\"height\":832,\"caption\":\"Clinica Althea\"},\"image\":{\"@id\":\"https:\\\/\\\/www.clinicaalthea.com\\\/farmacia\\\/#\\\/schema\\\/logo\\\/image\\\/\"}}]}<\/script>\n<!-- \/ Yoast SEO plugin. -->","yoast_head_json":{"title":"Varicone - Clinica Althea","robots":{"index":"index","follow":"follow","max-snippet":"max-snippet:-1","max-image-preview":"max-image-preview:large","max-video-preview":"max-video-preview:-1"},"canonical":"https:\/\/www.clinicaalthea.com\/farmacia\/de\/apt\/varicone\/","og_locale":"pl_PL","og_type":"article","og_title":"Varicone - Clinica Althea","og_description":"49.00 \u20ac 98.00 \u20ac","og_url":"https:\/\/www.clinicaalthea.com\/farmacia\/de\/apt\/varicone\/","og_site_name":"Clinica Althea","article_modified_time":"2024-08-17T09:12:57+00:00","og_image":[{"width":768,"height":768,"url":"https:\/\/www.clinicaalthea.com\/farmacia\/wp-content\/uploads\/2024\/02\/Varicone.jpg","type":"image\/jpeg"}],"twitter_card":"summary_large_image","twitter_misc":{"Szacowany czas czytania":"3 minuty"},"schema":{"@context":"https:\/\/schema.org","@graph":[{"@type":"WebPage","@id":"https:\/\/www.clinicaalthea.com\/farmacia\/de\/apt\/varicone\/","url":"https:\/\/www.clinicaalthea.com\/farmacia\/de\/apt\/varicone\/","name":"Varicone - Clinica Althea","isPartOf":{"@id":"https:\/\/www.clinicaalthea.com\/farmacia\/#website"},"primaryImageOfPage":{"@id":"https:\/\/www.clinicaalthea.com\/farmacia\/de\/apt\/varicone\/#primaryimage"},"image":{"@id":"https:\/\/www.clinicaalthea.com\/farmacia\/de\/apt\/varicone\/#primaryimage"},"thumbnailUrl":"https:\/\/www.clinicaalthea.com\/farmacia\/wp-content\/uploads\/2024\/02\/Varicone.jpg","datePublished":"2024-08-17T09:08:52+00:00","dateModified":"2024-08-17T09:12:57+00:00","breadcrumb":{"@id":"https:\/\/www.clinicaalthea.com\/farmacia\/de\/apt\/varicone\/#breadcrumb"},"inLanguage":"pl-PL","potentialAction":[{"@type":"ReadAction","target":["https:\/\/www.clinicaalthea.com\/farmacia\/de\/apt\/varicone\/"]}]},{"@type":"ImageObject","inLanguage":"pl-PL","@id":"https:\/\/www.clinicaalthea.com\/farmacia\/de\/apt\/varicone\/#primaryimage","url":"https:\/\/www.clinicaalthea.com\/farmacia\/wp-content\/uploads\/2024\/02\/Varicone.jpg","contentUrl":"https:\/\/www.clinicaalthea.com\/farmacia\/wp-content\/uploads\/2024\/02\/Varicone.jpg","width":768,"height":768,"caption":"Varicone"},{"@type":"BreadcrumbList","@id":"https:\/\/www.clinicaalthea.com\/farmacia\/de\/apt\/varicone\/#breadcrumb","itemListElement":[{"@type":"ListItem","position":1,"name":"Strona g\u0142\u00f3wna","item":"https:\/\/www.clinicaalthea.com\/farmacia\/"},{"@type":"ListItem","position":2,"name":"Produkty","item":"https:\/\/www.clinicaalthea.com\/farmacia\/"},{"@type":"ListItem","position":3,"name":"Varicone"}]},{"@type":"WebSite","@id":"https:\/\/www.clinicaalthea.com\/farmacia\/#website","url":"https:\/\/www.clinicaalthea.com\/farmacia\/","name":"Clinica Althea","description":"","publisher":{"@id":"https:\/\/www.clinicaalthea.com\/farmacia\/#organization"},"potentialAction":[{"@type":"SearchAction","target":{"@type":"EntryPoint","urlTemplate":"https:\/\/www.clinicaalthea.com\/farmacia\/?s={search_term_string}"},"query-input":{"@type":"PropertyValueSpecification","valueRequired":true,"valueName":"search_term_string"}}],"inLanguage":"pl-PL"},{"@type":"Organization","@id":"https:\/\/www.clinicaalthea.com\/farmacia\/#organization","name":"Clinica Althea","url":"https:\/\/www.clinicaalthea.com\/farmacia\/","logo":{"@type":"ImageObject","inLanguage":"pl-PL","@id":"https:\/\/www.clinicaalthea.com\/farmacia\/#\/schema\/logo\/image\/","url":"https:\/\/www.clinicaalthea.com\/farmacia\/wp-content\/uploads\/2023\/12\/Jak-diagnozuje-sie-FAS_-objawy-kryteria-diagnostyczne-i-metody-diagnozowania-154162903.jpg","contentUrl":"https:\/\/www.clinicaalthea.com\/farmacia\/wp-content\/uploads\/2023\/12\/Jak-diagnozuje-sie-FAS_-objawy-kryteria-diagnostyczne-i-metody-diagnozowania-154162903.jpg","width":1216,"height":832,"caption":"Clinica Althea"},"image":{"@id":"https:\/\/www.clinicaalthea.com\/farmacia\/#\/schema\/logo\/image\/"}}]}},"lang":"de","translations":{"de":9435,"pl":1069,"es":9431,"cs":9433,"el":9437,"sk":9439,"sl":9441,"pt":9443,"bg":9445,"it":9447,"ro":9449,"hu":9451},"pll_sync_post":[],"_links":{"self":[{"href":"https:\/\/www.clinicaalthea.com\/farmacia\/wp-json\/wp\/v2\/product\/9435","targetHints":{"allow":["GET"]}}],"collection":[{"href":"https:\/\/www.clinicaalthea.com\/farmacia\/wp-json\/wp\/v2\/product"}],"about":[{"href":"https:\/\/www.clinicaalthea.com\/farmacia\/wp-json\/wp\/v2\/types\/product"}],"replies":[{"embeddable":true,"href":"https:\/\/www.clinicaalthea.com\/farmacia\/wp-json\/wp\/v2\/comments?post=9435"}],"wp:featuredmedia":[{"embeddable":true,"href":"https:\/\/www.clinicaalthea.com\/farmacia\/wp-json\/wp\/v2\/media\/1070"}],"wp:attachment":[{"href":"https:\/\/www.clinicaalthea.com\/farmacia\/wp-json\/wp\/v2\/media?parent=9435"}],"wp:term":[{"taxonomy":"product_brand","embeddable":true,"href":"https:\/\/www.clinicaalthea.com\/farmacia\/wp-json\/wp\/v2\/product_brand?post=9435"},{"taxonomy":"product_cat","embeddable":true,"href":"https:\/\/www.clinicaalthea.com\/farmacia\/wp-json\/wp\/v2\/product_cat?post=9435"},{"taxonomy":"product_tag","embeddable":true,"href":"https:\/\/www.clinicaalthea.com\/farmacia\/wp-json\/wp\/v2\/product_tag?post=9435"}],"curies":[{"name":"wp","href":"https:\/\/api.w.org\/{rel}","templated":true}]}}