{"id":9433,"date":"2024-08-17T10:08:27","date_gmt":"2024-08-17T09:08:27","guid":{"rendered":"https:\/\/mayoguide.org\/produkty\/?post_type=product&#038;p=9433"},"modified":"2024-08-17T10:12:57","modified_gmt":"2024-08-17T09:12:57","slug":"varicone","status":"publish","type":"product","link":"https:\/\/www.clinicaalthea.com\/farmacia\/cs\/apt\/varicone\/","title":{"rendered":"Varicone"},"content":{"rendered":"\n<p>Existuje \u00fa\u010dinn\u00e9 \u0159e\u0161en\u00ed <b>k\u0159e\u010dov\u00fdch \u017eil<\/b>? M\u016f\u017ee v boji proti tomuto onemocn\u011bn\u00ed pomoci <b>kr\u00e9m Varicone<\/b>? Zjist\u011bte, jak slo\u017een\u00ed kr\u00e9mu <b>Varicone<\/b> a <b>recenze<\/b> u\u017eivatel\u016f mohou zlep\u0161it va\u0161e nohy. \u010ct\u011bte d\u00e1le a dozv\u00edte se v\u00edce o tomto inovativn\u00edm v\u00fdrobku a jeho prok\u00e1zan\u00e9 \u00fa\u010dinnosti.<\/p>\n\n\n\n<h3 class=\"wp-block-heading\">Souhrn<\/h3>\n\n\n\n<ul class=\"wp-block-list\">\n<li><b>Varikonov\u00fd kr\u00e9m<\/b> je inovativn\u00ed \u0159e\u0161en\u00ed <b>k\u0159e\u010dov\u00fdch \u017eil<\/b>, kter\u00e9 lze pou\u017e\u00edvat bez l\u00e9ka\u0159sk\u00e9ho p\u0159edpisu.<\/li>\n\n\n\n<li><b>Slo\u017een\u00ed<\/b> kr\u00e9mu je zalo\u017eeno na p\u0159\u00edrodn\u00edch slo\u017ek\u00e1ch, kter\u00e9 maj\u00ed pozitivn\u00ed vliv na stav nohou.<\/li>\n\n\n\n<li>V\u011bdeck\u00e9 studie potvrzuj\u00ed \u00fa\u010dinnost kr\u00e9mu <b>Varicone<\/b> p\u0159i zm\u00edr\u0148ov\u00e1n\u00ed p\u0159\u00edznak\u016f k\u0159e\u010dov\u00fdch \u017eil.<\/li>\n\n\n\n<li><b>Ohlasy<\/b> u\u017eivatel\u016f jsou pozitivn\u00ed a mnoz\u00ed z nich po pravideln\u00e9m pou\u017e\u00edv\u00e1n\u00ed kr\u00e9mu poci\u0165uj\u00ed zlep\u0161en\u00ed.<\/li>\n\n\n\n<li>P\u0159i n\u00e1kupu kr\u00e9mu <b>Varicone<\/b> na jin\u00fdch platform\u00e1ch je t\u0159eba d\u00e1vat pozor, aby nedo\u0161lo k pad\u011blk\u016fm.<\/li>\n<\/ul>\n\n\n\n<h2 class=\"wp-block-heading\">Slo\u017een\u00ed kr\u00e9mu Varicone<\/h2>\n\n\n\n<p><b>Slo\u017een\u00ed<\/b> kr\u00e9mu Varicone je zalo\u017eeno na <em>p\u0159\u00edrodn\u00edch slo\u017ek\u00e1ch,<\/em> kter\u00e9 maj\u00ed pozitivn\u00ed vliv na stav nohou a sni\u017euj\u00ed p\u0159\u00edznaky <em>k\u0159e\u010dov\u00fdch \u017eil<\/em>.<\/p>\n\n\n\n<p>Slo\u017een\u00ed obsahuje <em>rostlinn\u00e9 v\u00fdta\u017eky,<\/em> kter\u00e9 maj\u00ed protiz\u00e1n\u011btliv\u00e9 a analgetick\u00e9 \u00fa\u010dinky, <em>antiedemat\u00f3zn\u00ed l\u00e1tky,<\/em> kter\u00e9 pom\u00e1haj\u00ed sni\u017eovat otoky, a slo\u017eky, kter\u00e9 <em>hydratuj\u00ed a regeneruj\u00ed poko\u017eku<\/em>.<\/p>\n\n\n\n<p>V\u0161echny slo\u017eky byly pe\u010dliv\u011b vybr\u00e1ny a jejich <b>\u00fa\u010dinky<\/b> byly potvrzeny v\u00fdzkumem.<\/p>\n\n\n\n<figure class=\"wp-block-table\"><table class=\"has-fixed-layout\"><tbody><tr><th>Slo\u017een\u00ed kr\u00e9mu Varicone<\/th><th>Akce<\/th><\/tr><tr><td>Rostlinn\u00e9 v\u00fdta\u017eky<\/td><td>maj\u00ed protiz\u00e1n\u011btliv\u00e9 a analgetick\u00e9 \u00fa\u010dinky<\/td><\/tr><tr><td>Antiedemat\u00f3zn\u00ed l\u00e1tky<\/td><td>Pom\u00e1h\u00e1 sni\u017eovat otoky<\/td><\/tr><tr><td>Hydrata\u010dn\u00ed a regenera\u010dn\u00ed slo\u017eky<\/td><td>Zlep\u0161en\u00ed stavu poko\u017eky<\/td><\/tr><\/tbody><\/table><\/figure>\n\n\n\n<h2 class=\"wp-block-heading\">\u00da\u010dinky kr\u00e9mu Varicone<\/h2>\n\n\n\n<p><b>Pou\u017e\u00edv\u00e1n\u00ed<\/b> kr\u00e9mu Varicone m\u016f\u017ee m\u00edt mnoho pozitivn\u00edch \u00fa\u010dink\u016f v boji proti k\u0159e\u010dov\u00fdm \u017eil\u00e1m. Mnoho u\u017eivatel\u016f po pravideln\u00e9m pou\u017e\u00edv\u00e1n\u00ed kr\u00e9mu zaznamen\u00e1 zlep\u0161en\u00ed stavu sv\u00fdch nohou. P\u0159\u00edznaky, jako je bolest, p\u00e1len\u00ed, t\u00edha nebo otoky, se mohou zm\u00edrnit. <b>Varikonov\u00fd kr\u00e9m<\/b> m\u00e1 protiz\u00e1n\u011btliv\u00fd, analgetick\u00fd a protied\u00e9mov\u00fd \u00fa\u010dinek, co\u017e p\u0159isp\u00edv\u00e1 ke zlep\u0161en\u00ed celkov\u00e9ho stavu nohou a sn\u00ed\u017een\u00ed nep\u0159\u00edjemn\u00fdch pocit\u016f spojen\u00fdch s k\u0159e\u010dov\u00fdmi \u017eilami.<\/p>\n\n\n\n<h2 class=\"wp-block-heading\">U\u017eivatelsk\u00e9 recenze Varicone cream<\/h2>\n\n\n\n<p><b>Recenze<\/b> u\u017eivatel\u016f varikonov\u00e9ho kr\u00e9mu potvrzuj\u00ed jeho \u00fa\u010dinnost a pozitivn\u00ed <b>\u00fa\u010dinky<\/b> na stav nohou. Mnoz\u00ed z nich zaznamenali v\u00fdrazn\u00e9 zlep\u0161en\u00ed po pravideln\u00e9m pou\u017e\u00edv\u00e1n\u00ed tohoto kr\u00e9mu na <b>k\u0159e\u010dov\u00e9 \u017e\u00edly<\/b>. Varicone kr\u00e9m m\u00e1 dobrou pov\u011bst pro sv\u00e9 <b>p\u016fsoben\u00ed<\/b> a snadnou aplikaci.<\/p>\n\n\n\n<blockquote class=\"wp-block-quote is-layout-flow wp-block-quote-is-layout-flow\">\n<p>&#8220;Kr\u00e9m Varicone pou\u017e\u00edv\u00e1m ji\u017e n\u011bkolik t\u00fddn\u016f a zaznamenala jsem velk\u00e9 zlep\u0161en\u00ed stavu nohou. Bolest a otoky se v\u00fdrazn\u011b zmen\u0161ily a pocit t\u00edhy zmizel. Tento kr\u00e9m v\u0159ele doporu\u010duji ostatn\u00edm, kte\u0159\u00ed se pot\u00fdkaj\u00ed s k\u0159e\u010dov\u00fdmi \u017eilami.&#8221;<\/p>\n\n\n\n<footer>&#8211; Monika, 45 let<\/footer>\n<\/blockquote>\n\n\n\n<p>Ka\u017ed\u00fd \u010dlov\u011bk v\u0161ak m\u016f\u017ee na \u00fa\u010dinky kr\u00e9mu Varicone reagovat jinak, proto je d\u016fle\u017eit\u00e9 naj\u00edt produkt, kter\u00fd nejl\u00e9pe vyhovuje va\u0161im individu\u00e1ln\u00edm pot\u0159eb\u00e1m. V\u017edy je dobr\u00e9 si p\u0159ed pou\u017eit\u00edm p\u0159e\u010d\u00edst reference u\u017eivatel\u016f, abyste se ujistili, \u017ee Varicone cream m\u016f\u017ee b\u00fdt pro v\u00e1\u0161 p\u0159\u00edpad vhodn\u00fd.<\/p>\n\n\n\n<h2 class=\"wp-block-heading\">Informace o cen\u011b a n\u00e1kupu kr\u00e9mu Varicone<\/h2>\n\n\n\n<p><b>Cena<\/b> kr\u00e9mu Varicone se m\u016f\u017ee li\u0161it v z\u00e1vislosti na m\u00edst\u011b n\u00e1kupu. Vzhledem k tomu, \u017ee Varicone kr\u00e9m nen\u00ed dostupn\u00fd ve stacion\u00e1rn\u00edch l\u00e9k\u00e1rn\u00e1ch, je nejlep\u0161\u00ed jej zakoupit na ofici\u00e1ln\u00edch webov\u00fdch str\u00e1nk\u00e1ch v\u00fdrobce. T\u00edmto zp\u016fsobem si m\u016f\u017eete b\u00fdt jisti, \u017ee z\u00edsk\u00e1v\u00e1te origin\u00e1ln\u00ed v\u00fdrobek. P\u0159i n\u00e1kupu Varicone cream na jin\u00fdch prodejn\u00edch platform\u00e1ch bu\u010fte opatrn\u00ed, proto\u017ee existuje riziko n\u00e1kupu pad\u011blku.<\/p>\n","protected":false},"excerpt":{"rendered":"<p><strong>990.00 K\u010d<\/strong><\/p>\n<p><del>1980.00 K\u010d<\/del><\/p>\n<p><strong>[date_countdown]<\/strong><\/p>\n","protected":false},"featured_media":1070,"comment_status":"open","ping_status":"closed","template":"","meta":{"neve_meta_sidebar":"","neve_meta_container":"","neve_meta_enable_content_width":"","neve_meta_content_width":0,"neve_meta_title_alignment":"","neve_meta_author_avatar":"","neve_post_elements_order":"","neve_meta_disable_header":"","neve_meta_disable_footer":"","neve_meta_disable_title":"","neve_meta_reading_time":""},"product_brand":[],"product_cat":[49],"product_tag":[],"class_list":{"0":"post-9433","1":"product","2":"type-product","3":"status-publish","4":"has-post-thumbnail","6":"product_cat-zdravi","8":"first","9":"instock","10":"shipping-taxable","11":"product-type-external"},"yoast_head":"<!-- This site is optimized with the Yoast SEO plugin v27.4 - https:\/\/yoast.com\/product\/yoast-seo-wordpress\/ -->\n<title>Varicone - Clinica Althea<\/title>\n<meta name=\"robots\" content=\"index, follow, max-snippet:-1, max-image-preview:large, max-video-preview:-1\" \/>\n<link rel=\"canonical\" href=\"https:\/\/www.clinicaalthea.com\/farmacia\/cs\/apt\/varicone\/\" \/>\n<meta property=\"og:locale\" content=\"pl_PL\" \/>\n<meta property=\"og:type\" content=\"article\" \/>\n<meta property=\"og:title\" content=\"Varicone - Clinica Althea\" \/>\n<meta property=\"og:description\" content=\"990.00 K\u010d 1980.00 K\u010d\" \/>\n<meta property=\"og:url\" content=\"https:\/\/www.clinicaalthea.com\/farmacia\/cs\/apt\/varicone\/\" \/>\n<meta property=\"og:site_name\" content=\"Clinica Althea\" \/>\n<meta property=\"article:modified_time\" content=\"2024-08-17T09:12:57+00:00\" \/>\n<meta property=\"og:image\" content=\"https:\/\/www.clinicaalthea.com\/farmacia\/wp-content\/uploads\/2024\/02\/Varicone.jpg\" \/>\n\t<meta property=\"og:image:width\" content=\"768\" \/>\n\t<meta property=\"og:image:height\" content=\"768\" \/>\n\t<meta property=\"og:image:type\" content=\"image\/jpeg\" \/>\n<meta name=\"twitter:card\" content=\"summary_large_image\" \/>\n<meta name=\"twitter:label1\" content=\"Szacowany czas czytania\" \/>\n\t<meta name=\"twitter:data1\" content=\"3 minuty\" \/>\n<script type=\"application\/ld+json\" class=\"yoast-schema-graph\">{\"@context\":\"https:\\\/\\\/schema.org\",\"@graph\":[{\"@type\":\"WebPage\",\"@id\":\"https:\\\/\\\/www.clinicaalthea.com\\\/farmacia\\\/cs\\\/apt\\\/varicone\\\/\",\"url\":\"https:\\\/\\\/www.clinicaalthea.com\\\/farmacia\\\/cs\\\/apt\\\/varicone\\\/\",\"name\":\"Varicone - Clinica Althea\",\"isPartOf\":{\"@id\":\"https:\\\/\\\/www.clinicaalthea.com\\\/farmacia\\\/#website\"},\"primaryImageOfPage\":{\"@id\":\"https:\\\/\\\/www.clinicaalthea.com\\\/farmacia\\\/cs\\\/apt\\\/varicone\\\/#primaryimage\"},\"image\":{\"@id\":\"https:\\\/\\\/www.clinicaalthea.com\\\/farmacia\\\/cs\\\/apt\\\/varicone\\\/#primaryimage\"},\"thumbnailUrl\":\"https:\\\/\\\/www.clinicaalthea.com\\\/farmacia\\\/wp-content\\\/uploads\\\/2024\\\/02\\\/Varicone.jpg\",\"datePublished\":\"2024-08-17T09:08:27+00:00\",\"dateModified\":\"2024-08-17T09:12:57+00:00\",\"breadcrumb\":{\"@id\":\"https:\\\/\\\/www.clinicaalthea.com\\\/farmacia\\\/cs\\\/apt\\\/varicone\\\/#breadcrumb\"},\"inLanguage\":\"pl-PL\",\"potentialAction\":[{\"@type\":\"ReadAction\",\"target\":[\"https:\\\/\\\/www.clinicaalthea.com\\\/farmacia\\\/cs\\\/apt\\\/varicone\\\/\"]}]},{\"@type\":\"ImageObject\",\"inLanguage\":\"pl-PL\",\"@id\":\"https:\\\/\\\/www.clinicaalthea.com\\\/farmacia\\\/cs\\\/apt\\\/varicone\\\/#primaryimage\",\"url\":\"https:\\\/\\\/www.clinicaalthea.com\\\/farmacia\\\/wp-content\\\/uploads\\\/2024\\\/02\\\/Varicone.jpg\",\"contentUrl\":\"https:\\\/\\\/www.clinicaalthea.com\\\/farmacia\\\/wp-content\\\/uploads\\\/2024\\\/02\\\/Varicone.jpg\",\"width\":768,\"height\":768,\"caption\":\"Varicone\"},{\"@type\":\"BreadcrumbList\",\"@id\":\"https:\\\/\\\/www.clinicaalthea.com\\\/farmacia\\\/cs\\\/apt\\\/varicone\\\/#breadcrumb\",\"itemListElement\":[{\"@type\":\"ListItem\",\"position\":1,\"name\":\"Strona g\u0142\u00f3wna\",\"item\":\"https:\\\/\\\/www.clinicaalthea.com\\\/farmacia\\\/\"},{\"@type\":\"ListItem\",\"position\":2,\"name\":\"Produkty\",\"item\":\"https:\\\/\\\/www.clinicaalthea.com\\\/farmacia\\\/\"},{\"@type\":\"ListItem\",\"position\":3,\"name\":\"Varicone\"}]},{\"@type\":\"WebSite\",\"@id\":\"https:\\\/\\\/www.clinicaalthea.com\\\/farmacia\\\/#website\",\"url\":\"https:\\\/\\\/www.clinicaalthea.com\\\/farmacia\\\/\",\"name\":\"Clinica Althea\",\"description\":\"\",\"publisher\":{\"@id\":\"https:\\\/\\\/www.clinicaalthea.com\\\/farmacia\\\/#organization\"},\"potentialAction\":[{\"@type\":\"SearchAction\",\"target\":{\"@type\":\"EntryPoint\",\"urlTemplate\":\"https:\\\/\\\/www.clinicaalthea.com\\\/farmacia\\\/?s={search_term_string}\"},\"query-input\":{\"@type\":\"PropertyValueSpecification\",\"valueRequired\":true,\"valueName\":\"search_term_string\"}}],\"inLanguage\":\"pl-PL\"},{\"@type\":\"Organization\",\"@id\":\"https:\\\/\\\/www.clinicaalthea.com\\\/farmacia\\\/#organization\",\"name\":\"Clinica Althea\",\"url\":\"https:\\\/\\\/www.clinicaalthea.com\\\/farmacia\\\/\",\"logo\":{\"@type\":\"ImageObject\",\"inLanguage\":\"pl-PL\",\"@id\":\"https:\\\/\\\/www.clinicaalthea.com\\\/farmacia\\\/#\\\/schema\\\/logo\\\/image\\\/\",\"url\":\"https:\\\/\\\/www.clinicaalthea.com\\\/farmacia\\\/wp-content\\\/uploads\\\/2023\\\/12\\\/Jak-diagnozuje-sie-FAS_-objawy-kryteria-diagnostyczne-i-metody-diagnozowania-154162903.jpg\",\"contentUrl\":\"https:\\\/\\\/www.clinicaalthea.com\\\/farmacia\\\/wp-content\\\/uploads\\\/2023\\\/12\\\/Jak-diagnozuje-sie-FAS_-objawy-kryteria-diagnostyczne-i-metody-diagnozowania-154162903.jpg\",\"width\":1216,\"height\":832,\"caption\":\"Clinica Althea\"},\"image\":{\"@id\":\"https:\\\/\\\/www.clinicaalthea.com\\\/farmacia\\\/#\\\/schema\\\/logo\\\/image\\\/\"}}]}<\/script>\n<!-- \/ Yoast SEO plugin. -->","yoast_head_json":{"title":"Varicone - Clinica Althea","robots":{"index":"index","follow":"follow","max-snippet":"max-snippet:-1","max-image-preview":"max-image-preview:large","max-video-preview":"max-video-preview:-1"},"canonical":"https:\/\/www.clinicaalthea.com\/farmacia\/cs\/apt\/varicone\/","og_locale":"pl_PL","og_type":"article","og_title":"Varicone - Clinica Althea","og_description":"990.00 K\u010d 1980.00 K\u010d","og_url":"https:\/\/www.clinicaalthea.com\/farmacia\/cs\/apt\/varicone\/","og_site_name":"Clinica Althea","article_modified_time":"2024-08-17T09:12:57+00:00","og_image":[{"width":768,"height":768,"url":"https:\/\/www.clinicaalthea.com\/farmacia\/wp-content\/uploads\/2024\/02\/Varicone.jpg","type":"image\/jpeg"}],"twitter_card":"summary_large_image","twitter_misc":{"Szacowany czas czytania":"3 minuty"},"schema":{"@context":"https:\/\/schema.org","@graph":[{"@type":"WebPage","@id":"https:\/\/www.clinicaalthea.com\/farmacia\/cs\/apt\/varicone\/","url":"https:\/\/www.clinicaalthea.com\/farmacia\/cs\/apt\/varicone\/","name":"Varicone - Clinica Althea","isPartOf":{"@id":"https:\/\/www.clinicaalthea.com\/farmacia\/#website"},"primaryImageOfPage":{"@id":"https:\/\/www.clinicaalthea.com\/farmacia\/cs\/apt\/varicone\/#primaryimage"},"image":{"@id":"https:\/\/www.clinicaalthea.com\/farmacia\/cs\/apt\/varicone\/#primaryimage"},"thumbnailUrl":"https:\/\/www.clinicaalthea.com\/farmacia\/wp-content\/uploads\/2024\/02\/Varicone.jpg","datePublished":"2024-08-17T09:08:27+00:00","dateModified":"2024-08-17T09:12:57+00:00","breadcrumb":{"@id":"https:\/\/www.clinicaalthea.com\/farmacia\/cs\/apt\/varicone\/#breadcrumb"},"inLanguage":"pl-PL","potentialAction":[{"@type":"ReadAction","target":["https:\/\/www.clinicaalthea.com\/farmacia\/cs\/apt\/varicone\/"]}]},{"@type":"ImageObject","inLanguage":"pl-PL","@id":"https:\/\/www.clinicaalthea.com\/farmacia\/cs\/apt\/varicone\/#primaryimage","url":"https:\/\/www.clinicaalthea.com\/farmacia\/wp-content\/uploads\/2024\/02\/Varicone.jpg","contentUrl":"https:\/\/www.clinicaalthea.com\/farmacia\/wp-content\/uploads\/2024\/02\/Varicone.jpg","width":768,"height":768,"caption":"Varicone"},{"@type":"BreadcrumbList","@id":"https:\/\/www.clinicaalthea.com\/farmacia\/cs\/apt\/varicone\/#breadcrumb","itemListElement":[{"@type":"ListItem","position":1,"name":"Strona g\u0142\u00f3wna","item":"https:\/\/www.clinicaalthea.com\/farmacia\/"},{"@type":"ListItem","position":2,"name":"Produkty","item":"https:\/\/www.clinicaalthea.com\/farmacia\/"},{"@type":"ListItem","position":3,"name":"Varicone"}]},{"@type":"WebSite","@id":"https:\/\/www.clinicaalthea.com\/farmacia\/#website","url":"https:\/\/www.clinicaalthea.com\/farmacia\/","name":"Clinica Althea","description":"","publisher":{"@id":"https:\/\/www.clinicaalthea.com\/farmacia\/#organization"},"potentialAction":[{"@type":"SearchAction","target":{"@type":"EntryPoint","urlTemplate":"https:\/\/www.clinicaalthea.com\/farmacia\/?s={search_term_string}"},"query-input":{"@type":"PropertyValueSpecification","valueRequired":true,"valueName":"search_term_string"}}],"inLanguage":"pl-PL"},{"@type":"Organization","@id":"https:\/\/www.clinicaalthea.com\/farmacia\/#organization","name":"Clinica Althea","url":"https:\/\/www.clinicaalthea.com\/farmacia\/","logo":{"@type":"ImageObject","inLanguage":"pl-PL","@id":"https:\/\/www.clinicaalthea.com\/farmacia\/#\/schema\/logo\/image\/","url":"https:\/\/www.clinicaalthea.com\/farmacia\/wp-content\/uploads\/2023\/12\/Jak-diagnozuje-sie-FAS_-objawy-kryteria-diagnostyczne-i-metody-diagnozowania-154162903.jpg","contentUrl":"https:\/\/www.clinicaalthea.com\/farmacia\/wp-content\/uploads\/2023\/12\/Jak-diagnozuje-sie-FAS_-objawy-kryteria-diagnostyczne-i-metody-diagnozowania-154162903.jpg","width":1216,"height":832,"caption":"Clinica Althea"},"image":{"@id":"https:\/\/www.clinicaalthea.com\/farmacia\/#\/schema\/logo\/image\/"}}]}},"lang":"cs","translations":{"cs":9433,"pl":1069,"es":9431,"de":9435,"el":9437,"sk":9439,"sl":9441,"pt":9443,"bg":9445,"it":9447,"ro":9449,"hu":9451},"pll_sync_post":[],"_links":{"self":[{"href":"https:\/\/www.clinicaalthea.com\/farmacia\/wp-json\/wp\/v2\/product\/9433","targetHints":{"allow":["GET"]}}],"collection":[{"href":"https:\/\/www.clinicaalthea.com\/farmacia\/wp-json\/wp\/v2\/product"}],"about":[{"href":"https:\/\/www.clinicaalthea.com\/farmacia\/wp-json\/wp\/v2\/types\/product"}],"replies":[{"embeddable":true,"href":"https:\/\/www.clinicaalthea.com\/farmacia\/wp-json\/wp\/v2\/comments?post=9433"}],"wp:featuredmedia":[{"embeddable":true,"href":"https:\/\/www.clinicaalthea.com\/farmacia\/wp-json\/wp\/v2\/media\/1070"}],"wp:attachment":[{"href":"https:\/\/www.clinicaalthea.com\/farmacia\/wp-json\/wp\/v2\/media?parent=9433"}],"wp:term":[{"taxonomy":"product_brand","embeddable":true,"href":"https:\/\/www.clinicaalthea.com\/farmacia\/wp-json\/wp\/v2\/product_brand?post=9433"},{"taxonomy":"product_cat","embeddable":true,"href":"https:\/\/www.clinicaalthea.com\/farmacia\/wp-json\/wp\/v2\/product_cat?post=9433"},{"taxonomy":"product_tag","embeddable":true,"href":"https:\/\/www.clinicaalthea.com\/farmacia\/wp-json\/wp\/v2\/product_tag?post=9433"}],"curies":[{"name":"wp","href":"https:\/\/api.w.org\/{rel}","templated":true}]}}