{"id":8494,"date":"2024-08-05T16:01:40","date_gmt":"2024-08-05T15:01:40","guid":{"rendered":"https:\/\/mayoguide.org\/produkty\/?post_type=product&#038;p=8494"},"modified":"2024-08-06T08:52:43","modified_gmt":"2024-08-06T07:52:43","slug":"eroxent","status":"publish","type":"product","link":"https:\/\/www.clinicaalthea.com\/farmacia\/it\/apt\/eroxent\/","title":{"rendered":"Eroxent"},"content":{"rendered":"\n<h2 class=\"wp-block-heading\">Che cos&#8217;\u00e8 Eroxent e come funziona?<\/h2>\n\n\n\n<p><b>Eroxent<\/b> \u00e8 un integratore alimentare pensato per gli uomini che desiderano migliorare la loro potenza e la loro vita sessuale. Il prodotto si basa su ricerche scientifiche e su <b>ingredienti<\/b> accuratamente selezionati che hanno un impatto positivo sulla salute sessuale. Uno degli ingredienti chiave di Eroxent \u00e8 il ginseng, che ha propriet\u00e0 che stimolano la circolazione sanguigna e aumentano l&#8217;energia. Un altro ingrediente \u00e8 la radice di maca, nota per le sue propriet\u00e0 afrodisiache. Inoltre, la L-arginina favorisce la produzione di ossido nitrico, che porta alla dilatazione dei vasi sanguigni, migliorando l&#8217;afflusso di sangue al pene. Il pepe nero e le vitamine e i minerali contenuti nell&#8217;integratore contribuiscono inoltre alla salute del sistema cardiovascolare e forniscono energia extra.<\/p>\n\n\n\n<p>Il <b>meccanismo d&#8217;azione<\/b> di Eroxent consiste nell&#8217;aumentare il flusso sanguigno al pene dilatando i vasi sanguigni. Di conseguenza, aiuta a raggiungere e mantenere un&#8217;erezione duratura e soddisfacente. <b>Gli ingredienti<\/b> dell&#8217;integratore agiscono anche sulla salute e sul benessere generale, favorendo l&#8217;attivit\u00e0 sessuale e migliorando le sensazioni durante il rapporto.<\/p>\n\n\n\n<h2 class=\"wp-block-heading\">Quali sono gli effetti dell&#8217;uso di Eroxent?<\/h2>\n\n\n\n<p>L&#8217;uso dell&#8217;integratore Eroxent pu\u00f2 apportare molti <b>benefici<\/b> in termini di miglioramento della potenza e della vita sessuale. Soprattutto, l&#8217;uso regolare di Eroxent pu\u00f2 contribuire a:<\/p>\n\n\n\n<ol class=\"wp-block-list\">\n<li>Aumento della libido &#8211; Gli <b>ingredienti di<\/b> Eroxent agiscono come afrodisiaci naturali, stimolando il desiderio sessuale e aumentando la voglia di attivit\u00e0 sessuale.<\/li>\n\n\n\n<li>Miglioramento dell&#8217;erezione &#8211; Eroxent contribuisce ad aumentare l&#8217;afflusso di sangue al pene, favorendo il raggiungimento e il mantenimento di un&#8217;erezione pi\u00f9 dura e duratura.<\/li>\n\n\n\n<li>Aumentare la durata del rapporto &#8211; L&#8217;integratore Eroxent pu\u00f2 aiutare a combattere l&#8217;eiaculazione precoce, con conseguente maggiore durata dell&#8217;atto sessuale.<\/li>\n\n\n\n<li>Aumentare l&#8217;energia e la resistenza &#8211; Gli ingredienti di Eroxent possono sostenere la forma fisica generale dell&#8217;organismo, migliorando le prestazioni fisiche e contribuendo a migliorare le prestazioni a letto.<\/li>\n\n\n\n<li>Aumento dell&#8217;autostima e della soddisfazione sessuale: il miglioramento della potenza e della qualit\u00e0 della vita sessuale pu\u00f2 tradursi in una maggiore soddisfazione di s\u00e9 e degli orgasmi.<\/li>\n<\/ol>\n\n\n\n<p>L&#8217;<b>azione di<\/b> Eroxent si basa su ingredienti naturali accuratamente selezionati e documentati da studi scientifici. L&#8217;integratore \u00e8 sicuro da usare e non provoca effetti collaterali. Tuttavia, \u00e8 bene ricordare che ogni organismo reagisce in modo individuale, per cui talvolta gli <b>effetti di<\/b> Eroxent possono variare da persona a persona. In caso di dubbi o perplessit\u00e0 sull&#8217;uso dell&#8217;integratore, \u00e8 sempre opportuno consultare il proprio medico.<\/p>\n\n\n\n<h2 class=\"wp-block-heading\">Come utilizzare Eroxent &#8211; Istruzioni per l&#8217;uso e la posologia<\/h2>\n\n\n\n<p>L&#8217;uso di Eroxent \u00e8 semplice e facile. Per ottenere risultati ottimali, si consiglia di utilizzare l&#8217;integratore seguendo le istruzioni del produttore. Ecco le modalit\u00e0 d&#8217;uso consigliate di Eroxent:<\/p>\n\n\n\n<ol class=\"wp-block-list\">\n<li>Assumere una compressa di Eroxent circa 30-60 minuti prima dell&#8217;atto sessuale previsto.<\/li>\n\n\n\n<li>Si consiglia di assumere Eroxent a stomaco vuoto o dopo un pasto leggero per garantire un migliore assorbimento dei principi attivi.<\/li>\n\n\n\n<li>Non superare la dose consigliata dell&#8217;integratore, che \u00e8 di una compressa al giorno. Una quantit\u00e0 superiore non aumenta l&#8217;efficacia, ma pu\u00f2 causare effetti collaterali indesiderati.<\/li>\n\n\n\n<li>Prima di utilizzare Eroxent, leggere attentamente il foglietto illustrativo e seguire le istruzioni.<\/li>\n<\/ol>\n\n\n\n<p>Si noti che l&#8217;efficacia di Eroxent pu\u00f2 variare a seconda dell&#8217;organismo di ogni persona. In caso di dubbi o domande sull&#8217;uso dell&#8217;integratore, consultare il medico o il farmacista.<\/p>\n\n\n\n<h2 class=\"wp-block-heading\">Eroxent &#8211; Recensioni degli utenti, forum &#8211; Cosa dicono gli utenti?<\/h2>\n\n\n\n<p>Le <b>recensioni<\/b> degli utenti sono un&#8217;importante fonte di informazioni sull&#8217;efficacia e la sicurezza dell&#8217;integratore Eroxent. Molti utenti condividono esperienze positive sull&#8217;uso di Eroxent e confermano la sua efficacia nel migliorare la potenza e la vita sessuale. Le <b>opinioni<\/b> e le <b>recensioni<\/b> degli utenti si trovano su vari forum online, dove condividono le loro esperienze e gli effetti dell&#8217;uso del prodotto.<\/p>\n\n\n\n<p>Le <b>recensioni<\/b> tendono ad essere entusiastiche, sottolineando l&#8217;efficacia di Eroxent nel migliorare l&#8217;erezione e la vita sessuale. Gli utenti sottolineano che la loro <b>potenza<\/b> \u00e8 migliorata in modo significativo dopo aver iniziato a usare l&#8217;integratore. Molti notano anche un aumento della libido e un migliore controllo sul prolungamento del rapporto sessuale, il che contribuisce ad aumentare la soddisfazione e il piacere della loro vita sessuale.<\/p>\n\n\n\n<p>Uno degli aspetti positivi di Eroxent spesso citati \u00e8 la sua facilit\u00e0 d&#8217;uso. Gli utenti sottolineano che l&#8217;integratore \u00e8 comodo da usare e richiede poco sforzo. La forma pratica delle compresse consente di utilizzarle ovunque e in qualsiasi momento, il che \u00e8 apprezzato dagli uomini con uno stile di vita impegnato.<\/p>\n\n\n\n<p>Molti utenti riferiscono anche la mancanza di effetti collaterali dopo l&#8217;uso di Eroxent. Questo \u00e8 importante, poich\u00e9 la <b>sicurezza<\/b> \u00e8 un fattore chiave quando si sceglie un integratore per la salute sessuale. Gli utenti di Eroxent non riportano effetti collaterali gravi o reazioni avverse dopo l&#8217;assunzione dell&#8217;integratore.<\/p>\n\n\n\n<p>Vale anche la pena di notare che le recensioni degli utenti di Eroxent possono essere trovate su vari forum online, dove gli utenti condividono le loro esperienze. La consultazione di questi forum pu\u00f2 essere preziosa al momento della decisione di acquisto e aiuta a farsi un&#8217;idea obiettiva dell&#8217;efficacia e degli effetti di Eroxent.<\/p>\n\n\n\n<h2 class=\"wp-block-heading\">Eroxent &#8211; Composizione &#8211; Analisi degli ingredienti<\/h2>\n\n\n\n<p>Gli ingredienti di Eroxent sono accuratamente selezionati e si basano su sostanze naturali che hanno un effetto positivo sulla salute sessuale. Ecco alcuni dei principali ingredienti di Eroxent e il loro <b>funzionamento<\/b>:<\/p>\n\n\n\n<figure class=\"wp-block-table\"><table><tbody><tr><th>Nome dell&#8217;ingrediente<\/th><th>Azione<\/th><\/tr><tr><td>Ginseng<\/td><td>Supporta il sistema circolatorio e il flusso sanguigno al pene<\/td><\/tr><tr><td>Radice di maca<\/td><td>Agisce come afrodisiaco naturale<\/td><\/tr><tr><td>L-arginina<\/td><td>Migliora il flusso sanguigno al pene<\/td><\/tr><tr><td>Pepe nero<\/td><td>Favorisce l&#8217;assimilazione degli ingredienti degli integratori<\/td><\/tr><tr><td>Vitamine e minerali<\/td><td>Sostenere la salute e il benessere generale<\/td><\/tr><\/tbody><\/table><\/figure>\n\n\n\n<p>Le proporzioni esatte e gli ingredienti di Eroxent possono variare a seconda della versione del prodotto. Si consiglia di leggere l&#8217;etichetta e il foglietto illustrativo per avere informazioni complete sugli ingredienti. La <b>composizione di<\/b> sostanze naturali rende Eroxent un integratore di supporto alla potenza sicuro ed efficace.<\/p>\n\n\n\n<h2 class=\"wp-block-heading\">Dove acquistare Eroxent &#8211; prezzo<\/h2>\n\n\n\n<p>Eroxent pu\u00f2 essere acquistato solo dal sito ufficiale del produttore. Questo \u00e8 il luogo pi\u00f9 sicuro per l&#8217;acquisto, per evitare i falsi e per essere sicuri dell&#8217;originalit\u00e0 del prodotto. Il <b>prezzo di<\/b> Eroxent pu\u00f2 variare a seconda delle promozioni e dei pacchetti offerti sul sito ufficiale del produttore. Vale la pena visitare regolarmente il sito per conoscere il prezzo attuale e approfittare di offerte interessanti. \u00c8 importante evitare di acquistare Eroxent da altre fonti, come siti di aste o altri negozi online che possono offrire prodotti non originali.<\/p>\n\n\n\n<h2 class=\"wp-block-heading\">Eroxent &#8211; Effetti collaterali e controindicazioni &#8211; \u00c8 sicuro?<\/h2>\n\n\n\n<p>Eroxent \u00e8 ampiamente considerato un <strong>prodotto sicuro<\/strong>, ma alcuni utenti possono manifestare alcuni <strong>effetti collaterali<\/strong>. Gli <b>effetti collaterali<\/b> pi\u00f9 comunemente menzionati sono <strong>indigestione<\/strong>, <strong>mal di testa<\/strong>, <strong>vertigini<\/strong> e <strong>sensazione di tensione<\/strong>. Se si verificano sintomi avversi, si consiglia di interrompere l&#8217;assunzione dell&#8217;integratore e di consultare un medico.<\/p>\n\n\n\n<p>Alcune persone possono avere <strong>controindicazioni<\/strong> all&#8217;uso di Eroxent, come allergie agli ingredienti dell&#8217;integratore o problemi di salute esistenti. Per utilizzare Eroxent in modo sicuro, si raccomanda di leggere il foglietto illustrativo e di consultare il medico in caso di dubbi sull&#8217;uso dell&#8217;integratore. Seguire le raccomandazioni del produttore e attenersi al dosaggio consigliato pu\u00f2 ridurre notevolmente il rischio di effetti collaterali e garantire la <strong>sicurezza<\/strong> di Eroxent.<\/p>\n","protected":false},"excerpt":{"rendered":"<p><strong>47.00 \u20ac<\/strong><\/p>\n<p><del>94.00 \u20ac<\/del><\/p>\n<p><strong>[date_countdown]<\/strong><\/p>\n","protected":false},"featured_media":8490,"comment_status":"open","ping_status":"closed","template":"","meta":{"neve_meta_sidebar":"","neve_meta_container":"","neve_meta_enable_content_width":"","neve_meta_content_width":0,"neve_meta_title_alignment":"","neve_meta_author_avatar":"","neve_post_elements_order":"","neve_meta_disable_header":"","neve_meta_disable_footer":"","neve_meta_disable_title":"","neve_meta_reading_time":""},"product_brand":[],"product_cat":[278],"product_tag":[],"class_list":{"0":"post-8494","1":"product","2":"type-product","3":"status-publish","4":"has-post-thumbnail","6":"product_cat-salute-sessuale","8":"first","9":"instock","10":"shipping-taxable","11":"product-type-external"},"yoast_head":"<!-- This site is optimized with the Yoast SEO plugin v27.4 - https:\/\/yoast.com\/product\/yoast-seo-wordpress\/ -->\n<title>Eroxent - Clinica Althea<\/title>\n<meta name=\"robots\" content=\"index, follow, max-snippet:-1, max-image-preview:large, max-video-preview:-1\" \/>\n<link rel=\"canonical\" href=\"https:\/\/www.clinicaalthea.com\/farmacia\/it\/apt\/eroxent\/\" \/>\n<meta property=\"og:locale\" content=\"pl_PL\" \/>\n<meta property=\"og:type\" content=\"article\" \/>\n<meta property=\"og:title\" content=\"Eroxent - Clinica Althea\" \/>\n<meta property=\"og:description\" content=\"47.00 \u20ac 94.00 \u20ac\" \/>\n<meta property=\"og:url\" content=\"https:\/\/www.clinicaalthea.com\/farmacia\/it\/apt\/eroxent\/\" \/>\n<meta property=\"og:site_name\" content=\"Clinica Althea\" \/>\n<meta property=\"article:modified_time\" content=\"2024-08-06T07:52:43+00:00\" \/>\n<meta property=\"og:image\" content=\"https:\/\/www.clinicaalthea.com\/farmacia\/wp-content\/uploads\/2024\/08\/Eroxent.jpg\" \/>\n\t<meta property=\"og:image:width\" content=\"768\" \/>\n\t<meta property=\"og:image:height\" content=\"768\" \/>\n\t<meta property=\"og:image:type\" content=\"image\/jpeg\" \/>\n<meta name=\"twitter:card\" content=\"summary_large_image\" \/>\n<meta name=\"twitter:label1\" content=\"Szacowany czas czytania\" \/>\n\t<meta name=\"twitter:data1\" content=\"8 minut\" \/>\n<script type=\"application\/ld+json\" class=\"yoast-schema-graph\">{\"@context\":\"https:\\\/\\\/schema.org\",\"@graph\":[{\"@type\":\"WebPage\",\"@id\":\"https:\\\/\\\/www.clinicaalthea.com\\\/farmacia\\\/it\\\/apt\\\/eroxent\\\/\",\"url\":\"https:\\\/\\\/www.clinicaalthea.com\\\/farmacia\\\/it\\\/apt\\\/eroxent\\\/\",\"name\":\"Eroxent - Clinica Althea\",\"isPartOf\":{\"@id\":\"https:\\\/\\\/www.clinicaalthea.com\\\/farmacia\\\/#website\"},\"primaryImageOfPage\":{\"@id\":\"https:\\\/\\\/www.clinicaalthea.com\\\/farmacia\\\/it\\\/apt\\\/eroxent\\\/#primaryimage\"},\"image\":{\"@id\":\"https:\\\/\\\/www.clinicaalthea.com\\\/farmacia\\\/it\\\/apt\\\/eroxent\\\/#primaryimage\"},\"thumbnailUrl\":\"https:\\\/\\\/www.clinicaalthea.com\\\/farmacia\\\/wp-content\\\/uploads\\\/2024\\\/08\\\/Eroxent.jpg\",\"datePublished\":\"2024-08-05T15:01:40+00:00\",\"dateModified\":\"2024-08-06T07:52:43+00:00\",\"breadcrumb\":{\"@id\":\"https:\\\/\\\/www.clinicaalthea.com\\\/farmacia\\\/it\\\/apt\\\/eroxent\\\/#breadcrumb\"},\"inLanguage\":\"pl-PL\",\"potentialAction\":[{\"@type\":\"ReadAction\",\"target\":[\"https:\\\/\\\/www.clinicaalthea.com\\\/farmacia\\\/it\\\/apt\\\/eroxent\\\/\"]}]},{\"@type\":\"ImageObject\",\"inLanguage\":\"pl-PL\",\"@id\":\"https:\\\/\\\/www.clinicaalthea.com\\\/farmacia\\\/it\\\/apt\\\/eroxent\\\/#primaryimage\",\"url\":\"https:\\\/\\\/www.clinicaalthea.com\\\/farmacia\\\/wp-content\\\/uploads\\\/2024\\\/08\\\/Eroxent.jpg\",\"contentUrl\":\"https:\\\/\\\/www.clinicaalthea.com\\\/farmacia\\\/wp-content\\\/uploads\\\/2024\\\/08\\\/Eroxent.jpg\",\"width\":768,\"height\":768,\"caption\":\"Eroxent\"},{\"@type\":\"BreadcrumbList\",\"@id\":\"https:\\\/\\\/www.clinicaalthea.com\\\/farmacia\\\/it\\\/apt\\\/eroxent\\\/#breadcrumb\",\"itemListElement\":[{\"@type\":\"ListItem\",\"position\":1,\"name\":\"Strona g\u0142\u00f3wna\",\"item\":\"https:\\\/\\\/www.clinicaalthea.com\\\/farmacia\\\/\"},{\"@type\":\"ListItem\",\"position\":2,\"name\":\"Produkty\",\"item\":\"https:\\\/\\\/www.clinicaalthea.com\\\/farmacia\\\/\"},{\"@type\":\"ListItem\",\"position\":3,\"name\":\"Eroxent\"}]},{\"@type\":\"WebSite\",\"@id\":\"https:\\\/\\\/www.clinicaalthea.com\\\/farmacia\\\/#website\",\"url\":\"https:\\\/\\\/www.clinicaalthea.com\\\/farmacia\\\/\",\"name\":\"Clinica Althea\",\"description\":\"\",\"publisher\":{\"@id\":\"https:\\\/\\\/www.clinicaalthea.com\\\/farmacia\\\/#organization\"},\"potentialAction\":[{\"@type\":\"SearchAction\",\"target\":{\"@type\":\"EntryPoint\",\"urlTemplate\":\"https:\\\/\\\/www.clinicaalthea.com\\\/farmacia\\\/?s={search_term_string}\"},\"query-input\":{\"@type\":\"PropertyValueSpecification\",\"valueRequired\":true,\"valueName\":\"search_term_string\"}}],\"inLanguage\":\"pl-PL\"},{\"@type\":\"Organization\",\"@id\":\"https:\\\/\\\/www.clinicaalthea.com\\\/farmacia\\\/#organization\",\"name\":\"Clinica Althea\",\"url\":\"https:\\\/\\\/www.clinicaalthea.com\\\/farmacia\\\/\",\"logo\":{\"@type\":\"ImageObject\",\"inLanguage\":\"pl-PL\",\"@id\":\"https:\\\/\\\/www.clinicaalthea.com\\\/farmacia\\\/#\\\/schema\\\/logo\\\/image\\\/\",\"url\":\"https:\\\/\\\/www.clinicaalthea.com\\\/farmacia\\\/wp-content\\\/uploads\\\/2023\\\/12\\\/Jak-diagnozuje-sie-FAS_-objawy-kryteria-diagnostyczne-i-metody-diagnozowania-154162903.jpg\",\"contentUrl\":\"https:\\\/\\\/www.clinicaalthea.com\\\/farmacia\\\/wp-content\\\/uploads\\\/2023\\\/12\\\/Jak-diagnozuje-sie-FAS_-objawy-kryteria-diagnostyczne-i-metody-diagnozowania-154162903.jpg\",\"width\":1216,\"height\":832,\"caption\":\"Clinica Althea\"},\"image\":{\"@id\":\"https:\\\/\\\/www.clinicaalthea.com\\\/farmacia\\\/#\\\/schema\\\/logo\\\/image\\\/\"}}]}<\/script>\n<!-- \/ Yoast SEO plugin. -->","yoast_head_json":{"title":"Eroxent - Clinica Althea","robots":{"index":"index","follow":"follow","max-snippet":"max-snippet:-1","max-image-preview":"max-image-preview:large","max-video-preview":"max-video-preview:-1"},"canonical":"https:\/\/www.clinicaalthea.com\/farmacia\/it\/apt\/eroxent\/","og_locale":"pl_PL","og_type":"article","og_title":"Eroxent - Clinica Althea","og_description":"47.00 \u20ac 94.00 \u20ac","og_url":"https:\/\/www.clinicaalthea.com\/farmacia\/it\/apt\/eroxent\/","og_site_name":"Clinica Althea","article_modified_time":"2024-08-06T07:52:43+00:00","og_image":[{"width":768,"height":768,"url":"https:\/\/www.clinicaalthea.com\/farmacia\/wp-content\/uploads\/2024\/08\/Eroxent.jpg","type":"image\/jpeg"}],"twitter_card":"summary_large_image","twitter_misc":{"Szacowany czas czytania":"8 minut"},"schema":{"@context":"https:\/\/schema.org","@graph":[{"@type":"WebPage","@id":"https:\/\/www.clinicaalthea.com\/farmacia\/it\/apt\/eroxent\/","url":"https:\/\/www.clinicaalthea.com\/farmacia\/it\/apt\/eroxent\/","name":"Eroxent - Clinica Althea","isPartOf":{"@id":"https:\/\/www.clinicaalthea.com\/farmacia\/#website"},"primaryImageOfPage":{"@id":"https:\/\/www.clinicaalthea.com\/farmacia\/it\/apt\/eroxent\/#primaryimage"},"image":{"@id":"https:\/\/www.clinicaalthea.com\/farmacia\/it\/apt\/eroxent\/#primaryimage"},"thumbnailUrl":"https:\/\/www.clinicaalthea.com\/farmacia\/wp-content\/uploads\/2024\/08\/Eroxent.jpg","datePublished":"2024-08-05T15:01:40+00:00","dateModified":"2024-08-06T07:52:43+00:00","breadcrumb":{"@id":"https:\/\/www.clinicaalthea.com\/farmacia\/it\/apt\/eroxent\/#breadcrumb"},"inLanguage":"pl-PL","potentialAction":[{"@type":"ReadAction","target":["https:\/\/www.clinicaalthea.com\/farmacia\/it\/apt\/eroxent\/"]}]},{"@type":"ImageObject","inLanguage":"pl-PL","@id":"https:\/\/www.clinicaalthea.com\/farmacia\/it\/apt\/eroxent\/#primaryimage","url":"https:\/\/www.clinicaalthea.com\/farmacia\/wp-content\/uploads\/2024\/08\/Eroxent.jpg","contentUrl":"https:\/\/www.clinicaalthea.com\/farmacia\/wp-content\/uploads\/2024\/08\/Eroxent.jpg","width":768,"height":768,"caption":"Eroxent"},{"@type":"BreadcrumbList","@id":"https:\/\/www.clinicaalthea.com\/farmacia\/it\/apt\/eroxent\/#breadcrumb","itemListElement":[{"@type":"ListItem","position":1,"name":"Strona g\u0142\u00f3wna","item":"https:\/\/www.clinicaalthea.com\/farmacia\/"},{"@type":"ListItem","position":2,"name":"Produkty","item":"https:\/\/www.clinicaalthea.com\/farmacia\/"},{"@type":"ListItem","position":3,"name":"Eroxent"}]},{"@type":"WebSite","@id":"https:\/\/www.clinicaalthea.com\/farmacia\/#website","url":"https:\/\/www.clinicaalthea.com\/farmacia\/","name":"Clinica Althea","description":"","publisher":{"@id":"https:\/\/www.clinicaalthea.com\/farmacia\/#organization"},"potentialAction":[{"@type":"SearchAction","target":{"@type":"EntryPoint","urlTemplate":"https:\/\/www.clinicaalthea.com\/farmacia\/?s={search_term_string}"},"query-input":{"@type":"PropertyValueSpecification","valueRequired":true,"valueName":"search_term_string"}}],"inLanguage":"pl-PL"},{"@type":"Organization","@id":"https:\/\/www.clinicaalthea.com\/farmacia\/#organization","name":"Clinica Althea","url":"https:\/\/www.clinicaalthea.com\/farmacia\/","logo":{"@type":"ImageObject","inLanguage":"pl-PL","@id":"https:\/\/www.clinicaalthea.com\/farmacia\/#\/schema\/logo\/image\/","url":"https:\/\/www.clinicaalthea.com\/farmacia\/wp-content\/uploads\/2023\/12\/Jak-diagnozuje-sie-FAS_-objawy-kryteria-diagnostyczne-i-metody-diagnozowania-154162903.jpg","contentUrl":"https:\/\/www.clinicaalthea.com\/farmacia\/wp-content\/uploads\/2023\/12\/Jak-diagnozuje-sie-FAS_-objawy-kryteria-diagnostyczne-i-metody-diagnozowania-154162903.jpg","width":1216,"height":832,"caption":"Clinica Althea"},"image":{"@id":"https:\/\/www.clinicaalthea.com\/farmacia\/#\/schema\/logo\/image\/"}}]}},"lang":"it","translations":{"it":8494,"pl":8489,"hu":8492,"lt":8496,"sk":8498},"pll_sync_post":[],"_links":{"self":[{"href":"https:\/\/www.clinicaalthea.com\/farmacia\/wp-json\/wp\/v2\/product\/8494","targetHints":{"allow":["GET"]}}],"collection":[{"href":"https:\/\/www.clinicaalthea.com\/farmacia\/wp-json\/wp\/v2\/product"}],"about":[{"href":"https:\/\/www.clinicaalthea.com\/farmacia\/wp-json\/wp\/v2\/types\/product"}],"replies":[{"embeddable":true,"href":"https:\/\/www.clinicaalthea.com\/farmacia\/wp-json\/wp\/v2\/comments?post=8494"}],"wp:featuredmedia":[{"embeddable":true,"href":"https:\/\/www.clinicaalthea.com\/farmacia\/wp-json\/wp\/v2\/media\/8490"}],"wp:attachment":[{"href":"https:\/\/www.clinicaalthea.com\/farmacia\/wp-json\/wp\/v2\/media?parent=8494"}],"wp:term":[{"taxonomy":"product_brand","embeddable":true,"href":"https:\/\/www.clinicaalthea.com\/farmacia\/wp-json\/wp\/v2\/product_brand?post=8494"},{"taxonomy":"product_cat","embeddable":true,"href":"https:\/\/www.clinicaalthea.com\/farmacia\/wp-json\/wp\/v2\/product_cat?post=8494"},{"taxonomy":"product_tag","embeddable":true,"href":"https:\/\/www.clinicaalthea.com\/farmacia\/wp-json\/wp\/v2\/product_tag?post=8494"}],"curies":[{"name":"wp","href":"https:\/\/api.w.org\/{rel}","templated":true}]}}