{"id":8182,"date":"2024-08-05T11:23:53","date_gmt":"2024-08-05T10:23:53","guid":{"rendered":"https:\/\/mayoguide.org\/produkty\/?post_type=product&#038;p=8182"},"modified":"2024-08-05T11:23:55","modified_gmt":"2024-08-05T10:23:55","slug":"collagent","status":"publish","type":"product","link":"https:\/\/www.clinicaalthea.com\/farmacia\/es\/apt\/collagent\/","title":{"rendered":"Collagent"},"content":{"rendered":"\n<h2 class=\"wp-block-heading\">\u00bfQu\u00e9 es Collagent y c\u00f3mo funciona?<\/h2>\n\n\n\n<p><em>Collagent<\/em> es un <b>complemento alimenticio<\/b> que contiene <b>ingredientes activos<\/b> como <em>col\u00e1geno<\/em>, <em>amino\u00e1cidos<\/em> y <em>minerales<\/em>. El <b>col\u00e1geno<\/b> es la prote\u00edna responsable de la elasticidad de la piel, que es el principal ingrediente de Collagent. Los <b>amino\u00e1cidos<\/b> del col\u00e1geno son seguros y no causan irritaciones ni alergias. Los <b>minerales<\/b> contenidos en el Col\u00e1geno son responsables del mantenimiento de la salud de la piel, el cabello y las u\u00f1as. Gracias a su composici\u00f3n, Collagent act\u00faa desde el interior para favorecer la producci\u00f3n de col\u00e1geno en el organismo, lo que se traduce en una mejora del estado de la piel y el cabello.<\/p>\n\n\n\n<h2 class=\"wp-block-heading\">\u00bfCu\u00e1les son los efectos del uso de Collagent?<\/h2>\n\n\n\n<p>El uso regular de Col\u00e1geno tiene muchos beneficios para la piel, el cabello y las u\u00f1as. La <b>acci\u00f3n<\/b> del Col\u00e1geno desde el interior mejora la hidrataci\u00f3n de la piel y aumenta su elasticidad y firmeza. Los <b>efectos<\/b> del Col\u00e1geno son visibles al cabo de un tiempo, cuando la piel empieza a regenerarse y mejora su estructura.<\/p>\n\n\n\n<p>Adem\u00e1s, el uso regular de Collagent ayuda a fortalecer el cabello. El <b>col\u00e1geno<\/b> influye en el estado del cabello, d\u00e1ndole mayor fuerza y elasticidad. El cabello se vuelve m\u00e1s sano, menos propenso a la rotura y la divisi\u00f3n, as\u00ed como m\u00e1s brillante y vibrante.<\/p>\n\n\n\n<p>Collagent tambi\u00e9n tiene un efecto positivo sobre las u\u00f1as. El uso regular del suplemento ayuda a aumentar su fuerza, haci\u00e9ndolas m\u00e1s resistentes a la rotura y la divisi\u00f3n. Las u\u00f1as se vuelven m\u00e1s fuertes y m\u00e1s est\u00e9ticas.<\/p>\n\n\n\n<p>Adem\u00e1s, Collagent tiene un efecto positivo sobre las articulaciones y los m\u00fasculos, aliviando el dolor y la rigidez. La <b>acci\u00f3n<\/b> de Collagent sobre las articulaciones ayuda a mantenerlas flexibles y en buen funcionamiento. Las personas que luchan contra el dolor articular y muscular pueden experimentar alivio tras el uso regular de Collagent.<\/p>\n\n\n\n<h2 class=\"wp-block-heading\">C\u00f3mo utilizar correctamente Collagent &#8211; Posolog\u00eda<\/h2>\n\n\n\n<p>Para conseguir los mejores resultados con el uso del Col\u00e1geno, es importante seguir las recomendaciones de dosificaci\u00f3n.<\/p>\n\n\n\n<p>Normalmente se recomienda consumir un cacito de Collagent al d\u00eda. Un cacito contiene aproximadamente 17 g de producto, lo que proporciona una porci\u00f3n adecuada de los ingredientes activos necesarios para favorecer la producci\u00f3n de col\u00e1geno en el organismo.<\/p>\n\n\n\n<p>Collagent puede consumirse disuelto en diversas bebidas como agua, zumo de frutas, batido, caf\u00e9 o t\u00e9. Es importante no superar la dosis diaria recomendada. El uso regular de Collagent seg\u00fan las recomendaciones del fabricante contribuir\u00e1 a obtener los mejores resultados y una piel, cabello y u\u00f1as de aspecto saludable.<\/p>\n\n\n\n<p>Es una buena pr\u00e1ctica almacenar el Col\u00e1geno en un lugar seco y fresco, fuera del alcance de los ni\u00f1os peque\u00f1os. Mantener unas condiciones de almacenamiento adecuadas ayudar\u00e1 a conservar el producto en las mejores condiciones.<\/p>\n\n\n\n<figure class=\"wp-block-table\"><table><tbody><tr><th>Dosificaci\u00f3n<\/th><th>M\u00e9todo de administraci\u00f3n<\/th><th>Almacenamiento<\/th><\/tr><tr><td><p>Una medida de Col\u00e1geno al d\u00eda<\/p><\/td><td><p>Disolviendo un cacito en la bebida de su elecci\u00f3n<\/p><\/td><td><p>Guardar en un lugar seco y fresco, fuera del alcance de los ni\u00f1os peque\u00f1os<\/p><\/td><\/tr><\/tbody><\/table><\/figure>\n\n\n\n<h2 class=\"wp-block-heading\">Experiencia de usuario y opiniones de Collagent: \u00bfqu\u00e9 son las opiniones?<\/h2>\n\n\n\n<p>Las <b>opiniones de los usuarios<\/b> sobre Collagent son generalmente positivas. Los usuarios afirman haber notado una mejora en el estado de su piel, cabello y u\u00f1as tras el uso regular de Collagent. Muchos usuarios describen una piel hidratada, una reducci\u00f3n de las arrugas y la celulitis, un <b>cabello fortalecido<\/b> y una mejora de la salud en general. Muchos recomiendan Collagent a otras personas y observan resultados visibles tras su uso.<\/p>\n\n\n\n<figure class=\"wp-block-table\"><table><tbody><tr><th>&nbsp;<\/th><th>Opini\u00f3n<\/th><th>Evaluaci\u00f3n<\/th><\/tr><tr><td>Anna K.<\/td><td>&#8220;Collagent ha mejorado espectacularmente el estado de mi piel. La noto m\u00e1s hidratada, m\u00e1s firme y m\u00e1s el\u00e1stica. Mis arrugas son menos visibles e incluso algunas han desaparecido por completo. Adem\u00e1s, mi pelo est\u00e1 m\u00e1s sano y brillante. Estoy muy contenta con los resultados de utilizar Collagent&#8221;.<\/td><td>5\/5<\/td><\/tr><tr><td>Marcin S.<\/td><td>&#8220;Collagent es un producto que funciona de verdad. Mi cabello estaba d\u00e9bil, quebradizo y sin brillo. Despu\u00e9s de unas semanas de utilizar Collagent, mi cabello est\u00e1 m\u00e1s fuerte, m\u00e1s grueso y ha dejado de romperse. Adem\u00e1s, he notado que la piel de mi rostro est\u00e1 m\u00e1s radiante y firme. Recomiendo encarecidamente este producto&#8221;.<\/td><td>4\/5<\/td><\/tr><tr><td>Magda W.<\/td><td>&#8220;Collagent es mi <b>complemento nutri<\/b>cional favorito. Mis u\u00f1as, que antes eran d\u00e9biles y quebradizas, ahora son fuertes y resistentes a la rotura. La piel de mi cuerpo est\u00e1 m\u00e1s hidratada y la celulitis y las estr\u00edas son cada vez menos visibles. Todo ello gracias a Collagent. Estoy muy contenta con los resultados que he obtenido despu\u00e9s de utilizar este suplemento&#8221;.<\/td><td>5\/5<\/td><\/tr><\/tbody><\/table><\/figure>\n\n\n\n<h2 class=\"wp-block-heading\">Collagent &#8211; Composici\u00f3n &#8211; \u00bfQu\u00e9 contiene?<\/h2>\n\n\n\n<p>Collagent es un <b>suplemento diet\u00e9tico<\/b> que contiene una <b>composici\u00f3n<\/b> cuidadosamente seleccionada formada principalmente por col\u00e1geno, as\u00ed como amino\u00e1cidos y minerales. Descubra m\u00e1s detalles sobre los ingredientes de Collagent:<\/p>\n\n\n\n<p><strong>Col\u00e1geno:<\/strong> Es el componente b\u00e1sico del col\u00e1geno y el responsable de su <b>acci\u00f3n<\/b> eficaz. Esta prote\u00edna es esencial para mantener la elasticidad de la piel y garantiza su firmeza. Gracias al col\u00e1geno, la piel se vuelve m\u00e1s el\u00e1stica y las arrugas se reducen visiblemente.<\/p>\n\n\n\n<p><strong>Amino\u00e1cidos:<\/strong> Collagent contiene <b>amino\u00e1cidos<\/b> seguros para el organismo que favorecen eficazmente la producci\u00f3n de col\u00e1geno. Act\u00faan desde el interior para ayudar a regenerar la piel y mejorar su estado.<\/p>\n\n\n\n<p><strong>Minerales:<\/strong> La <b>composici\u00f3n<\/b> del col\u00e1geno tambi\u00e9n incluye <b>minerales<\/b> que tienen un efecto positivo sobre la piel, el cabello y las u\u00f1as. Estos valiosos nutrientes contribuyen a mantener el aspecto saludable de la piel y la elasticidad del cabello.<\/p>\n\n\n\n<p>Collagent ha sido formulado para proporcionar al organismo los ingredientes esenciales para favorecer la producci\u00f3n de col\u00e1geno y el cuidado de la piel. Su <b>formulaci\u00f3n<\/b> segura garantiza una acci\u00f3n eficaz al tiempo que minimiza el riesgo de alergias o irritaciones cut\u00e1neas.<\/p>\n\n\n\n<h2 class=\"wp-block-heading\">Collagent precio &#8211; \u00bfD\u00f3nde comprar?<\/h2>\n\n\n\n<p>El <b>precio de<\/b> Collagent puede variar en funci\u00f3n del lugar donde se adquiera y de las promociones. Es aconsejable comprar Collagent directamente al fabricante oficial para estar seguro de la calidad y autenticidad del producto. Para obtener el Collagent original, recomendamos comprarlo en la p\u00e1gina web oficial del fabricante.  Comprando Collagent de una fuente oficial se asegurar\u00e1 de recibir un producto de calidad que es seguro de usar.<\/p>\n\n\n\n<h2 class=\"wp-block-heading\">Posibles efectos secundarios y contraindicaciones de Collagent<\/h2>\n\n\n\n<p>Por lo general, el uso de Collagent es seguro y no tiene efectos secundarios. No existen contraindicaciones para el uso de Collagent, pero siempre existe la posibilidad de una intolerancia o alergia individual a alguno de los ingredientes. Es aconsejable consultar a un m\u00e9dico o farmac\u00e9utico antes de tomar Collagent, especialmente en el caso de personas con enfermedades gastrointestinales, alergias u otras afecciones.<\/p>\n\n\n\n<p>Collagent es un suplemento diet\u00e9tico dise\u00f1ado para mejorar el estado de la piel, el cabello y las u\u00f1as. Sin embargo, a pesar de su composici\u00f3n segura, algunas personas pueden experimentar efectos secundarios. El motivo pueden ser reacciones corporales individuales o una alergia a alguno de los ingredientes de Collagent.<\/p>\n\n\n\n<p>Las personas con enfermedades gastrointestinales o alergias deben consultar a su m\u00e9dico antes de empezar a tomar Collagent. El m\u00e9dico podr\u00e1 evaluar si el suplemento es seguro y adecuado en el contexto de salud del individuo. Adem\u00e1s, si se sospecha una intolerancia o alergia a los ingredientes de Collagent, siempre vale la pena consultar a un m\u00e9dico que pueda recomendar otras medidas o diagn\u00f3sticos adecuados.<\/p>\n","protected":false},"excerpt":{"rendered":"<p><strong>39.00 \u20ac<\/strong><\/p>\n<p><del>78.00 \u20ac<\/del><\/p>\n<p><strong>[date_countdown]<\/strong><\/p>\n","protected":false},"featured_media":8138,"comment_status":"open","ping_status":"closed","template":"","meta":{"neve_meta_sidebar":"","neve_meta_container":"","neve_meta_enable_content_width":"","neve_meta_content_width":0,"neve_meta_title_alignment":"","neve_meta_author_avatar":"","neve_post_elements_order":"","neve_meta_disable_header":"","neve_meta_disable_footer":"","neve_meta_disable_title":"","neve_meta_reading_time":""},"product_brand":[],"product_cat":[73],"product_tag":[],"class_list":{"0":"post-8182","1":"product","2":"type-product","3":"status-publish","4":"has-post-thumbnail","6":"product_cat-salud","8":"first","9":"instock","10":"shipping-taxable","11":"product-type-external"},"yoast_head":"<!-- This site is optimized with the Yoast SEO plugin v27.4 - https:\/\/yoast.com\/product\/yoast-seo-wordpress\/ -->\n<title>Collagent - Clinica Althea<\/title>\n<meta name=\"robots\" content=\"index, follow, max-snippet:-1, max-image-preview:large, max-video-preview:-1\" \/>\n<link rel=\"canonical\" href=\"https:\/\/www.clinicaalthea.com\/farmacia\/es\/apt\/collagent\/\" \/>\n<meta property=\"og:locale\" content=\"pl_PL\" \/>\n<meta property=\"og:type\" content=\"article\" \/>\n<meta property=\"og:title\" content=\"Collagent - Clinica Althea\" \/>\n<meta property=\"og:description\" content=\"39.00 \u20ac 78.00 \u20ac\" \/>\n<meta property=\"og:url\" content=\"https:\/\/www.clinicaalthea.com\/farmacia\/es\/apt\/collagent\/\" \/>\n<meta property=\"og:site_name\" content=\"Clinica Althea\" \/>\n<meta property=\"article:modified_time\" content=\"2024-08-05T10:23:55+00:00\" \/>\n<meta property=\"og:image\" content=\"https:\/\/www.clinicaalthea.com\/farmacia\/wp-content\/uploads\/2024\/08\/Collagent.jpg\" \/>\n\t<meta property=\"og:image:width\" content=\"768\" \/>\n\t<meta property=\"og:image:height\" content=\"768\" \/>\n\t<meta property=\"og:image:type\" content=\"image\/jpeg\" \/>\n<meta name=\"twitter:card\" content=\"summary_large_image\" \/>\n<meta name=\"twitter:label1\" content=\"Szacowany czas czytania\" \/>\n\t<meta name=\"twitter:data1\" content=\"8 minut\" \/>\n<script type=\"application\/ld+json\" class=\"yoast-schema-graph\">{\"@context\":\"https:\\\/\\\/schema.org\",\"@graph\":[{\"@type\":\"WebPage\",\"@id\":\"https:\\\/\\\/www.clinicaalthea.com\\\/farmacia\\\/es\\\/apt\\\/collagent\\\/\",\"url\":\"https:\\\/\\\/www.clinicaalthea.com\\\/farmacia\\\/es\\\/apt\\\/collagent\\\/\",\"name\":\"Collagent - Clinica Althea\",\"isPartOf\":{\"@id\":\"https:\\\/\\\/www.clinicaalthea.com\\\/farmacia\\\/#website\"},\"primaryImageOfPage\":{\"@id\":\"https:\\\/\\\/www.clinicaalthea.com\\\/farmacia\\\/es\\\/apt\\\/collagent\\\/#primaryimage\"},\"image\":{\"@id\":\"https:\\\/\\\/www.clinicaalthea.com\\\/farmacia\\\/es\\\/apt\\\/collagent\\\/#primaryimage\"},\"thumbnailUrl\":\"https:\\\/\\\/www.clinicaalthea.com\\\/farmacia\\\/wp-content\\\/uploads\\\/2024\\\/08\\\/Collagent.jpg\",\"datePublished\":\"2024-08-05T10:23:53+00:00\",\"dateModified\":\"2024-08-05T10:23:55+00:00\",\"breadcrumb\":{\"@id\":\"https:\\\/\\\/www.clinicaalthea.com\\\/farmacia\\\/es\\\/apt\\\/collagent\\\/#breadcrumb\"},\"inLanguage\":\"pl-PL\",\"potentialAction\":[{\"@type\":\"ReadAction\",\"target\":[\"https:\\\/\\\/www.clinicaalthea.com\\\/farmacia\\\/es\\\/apt\\\/collagent\\\/\"]}]},{\"@type\":\"ImageObject\",\"inLanguage\":\"pl-PL\",\"@id\":\"https:\\\/\\\/www.clinicaalthea.com\\\/farmacia\\\/es\\\/apt\\\/collagent\\\/#primaryimage\",\"url\":\"https:\\\/\\\/www.clinicaalthea.com\\\/farmacia\\\/wp-content\\\/uploads\\\/2024\\\/08\\\/Collagent.jpg\",\"contentUrl\":\"https:\\\/\\\/www.clinicaalthea.com\\\/farmacia\\\/wp-content\\\/uploads\\\/2024\\\/08\\\/Collagent.jpg\",\"width\":768,\"height\":768,\"caption\":\"Collagent\"},{\"@type\":\"BreadcrumbList\",\"@id\":\"https:\\\/\\\/www.clinicaalthea.com\\\/farmacia\\\/es\\\/apt\\\/collagent\\\/#breadcrumb\",\"itemListElement\":[{\"@type\":\"ListItem\",\"position\":1,\"name\":\"Strona g\u0142\u00f3wna\",\"item\":\"https:\\\/\\\/www.clinicaalthea.com\\\/farmacia\\\/\"},{\"@type\":\"ListItem\",\"position\":2,\"name\":\"Produkty\",\"item\":\"https:\\\/\\\/www.clinicaalthea.com\\\/farmacia\\\/\"},{\"@type\":\"ListItem\",\"position\":3,\"name\":\"Collagent\"}]},{\"@type\":\"WebSite\",\"@id\":\"https:\\\/\\\/www.clinicaalthea.com\\\/farmacia\\\/#website\",\"url\":\"https:\\\/\\\/www.clinicaalthea.com\\\/farmacia\\\/\",\"name\":\"Clinica Althea\",\"description\":\"\",\"publisher\":{\"@id\":\"https:\\\/\\\/www.clinicaalthea.com\\\/farmacia\\\/#organization\"},\"potentialAction\":[{\"@type\":\"SearchAction\",\"target\":{\"@type\":\"EntryPoint\",\"urlTemplate\":\"https:\\\/\\\/www.clinicaalthea.com\\\/farmacia\\\/?s={search_term_string}\"},\"query-input\":{\"@type\":\"PropertyValueSpecification\",\"valueRequired\":true,\"valueName\":\"search_term_string\"}}],\"inLanguage\":\"pl-PL\"},{\"@type\":\"Organization\",\"@id\":\"https:\\\/\\\/www.clinicaalthea.com\\\/farmacia\\\/#organization\",\"name\":\"Clinica Althea\",\"url\":\"https:\\\/\\\/www.clinicaalthea.com\\\/farmacia\\\/\",\"logo\":{\"@type\":\"ImageObject\",\"inLanguage\":\"pl-PL\",\"@id\":\"https:\\\/\\\/www.clinicaalthea.com\\\/farmacia\\\/#\\\/schema\\\/logo\\\/image\\\/\",\"url\":\"https:\\\/\\\/www.clinicaalthea.com\\\/farmacia\\\/wp-content\\\/uploads\\\/2023\\\/12\\\/Jak-diagnozuje-sie-FAS_-objawy-kryteria-diagnostyczne-i-metody-diagnozowania-154162903.jpg\",\"contentUrl\":\"https:\\\/\\\/www.clinicaalthea.com\\\/farmacia\\\/wp-content\\\/uploads\\\/2023\\\/12\\\/Jak-diagnozuje-sie-FAS_-objawy-kryteria-diagnostyczne-i-metody-diagnozowania-154162903.jpg\",\"width\":1216,\"height\":832,\"caption\":\"Clinica Althea\"},\"image\":{\"@id\":\"https:\\\/\\\/www.clinicaalthea.com\\\/farmacia\\\/#\\\/schema\\\/logo\\\/image\\\/\"}}]}<\/script>\n<!-- \/ Yoast SEO plugin. -->","yoast_head_json":{"title":"Collagent - Clinica Althea","robots":{"index":"index","follow":"follow","max-snippet":"max-snippet:-1","max-image-preview":"max-image-preview:large","max-video-preview":"max-video-preview:-1"},"canonical":"https:\/\/www.clinicaalthea.com\/farmacia\/es\/apt\/collagent\/","og_locale":"pl_PL","og_type":"article","og_title":"Collagent - Clinica Althea","og_description":"39.00 \u20ac 78.00 \u20ac","og_url":"https:\/\/www.clinicaalthea.com\/farmacia\/es\/apt\/collagent\/","og_site_name":"Clinica Althea","article_modified_time":"2024-08-05T10:23:55+00:00","og_image":[{"width":768,"height":768,"url":"https:\/\/www.clinicaalthea.com\/farmacia\/wp-content\/uploads\/2024\/08\/Collagent.jpg","type":"image\/jpeg"}],"twitter_card":"summary_large_image","twitter_misc":{"Szacowany czas czytania":"8 minut"},"schema":{"@context":"https:\/\/schema.org","@graph":[{"@type":"WebPage","@id":"https:\/\/www.clinicaalthea.com\/farmacia\/es\/apt\/collagent\/","url":"https:\/\/www.clinicaalthea.com\/farmacia\/es\/apt\/collagent\/","name":"Collagent - Clinica Althea","isPartOf":{"@id":"https:\/\/www.clinicaalthea.com\/farmacia\/#website"},"primaryImageOfPage":{"@id":"https:\/\/www.clinicaalthea.com\/farmacia\/es\/apt\/collagent\/#primaryimage"},"image":{"@id":"https:\/\/www.clinicaalthea.com\/farmacia\/es\/apt\/collagent\/#primaryimage"},"thumbnailUrl":"https:\/\/www.clinicaalthea.com\/farmacia\/wp-content\/uploads\/2024\/08\/Collagent.jpg","datePublished":"2024-08-05T10:23:53+00:00","dateModified":"2024-08-05T10:23:55+00:00","breadcrumb":{"@id":"https:\/\/www.clinicaalthea.com\/farmacia\/es\/apt\/collagent\/#breadcrumb"},"inLanguage":"pl-PL","potentialAction":[{"@type":"ReadAction","target":["https:\/\/www.clinicaalthea.com\/farmacia\/es\/apt\/collagent\/"]}]},{"@type":"ImageObject","inLanguage":"pl-PL","@id":"https:\/\/www.clinicaalthea.com\/farmacia\/es\/apt\/collagent\/#primaryimage","url":"https:\/\/www.clinicaalthea.com\/farmacia\/wp-content\/uploads\/2024\/08\/Collagent.jpg","contentUrl":"https:\/\/www.clinicaalthea.com\/farmacia\/wp-content\/uploads\/2024\/08\/Collagent.jpg","width":768,"height":768,"caption":"Collagent"},{"@type":"BreadcrumbList","@id":"https:\/\/www.clinicaalthea.com\/farmacia\/es\/apt\/collagent\/#breadcrumb","itemListElement":[{"@type":"ListItem","position":1,"name":"Strona g\u0142\u00f3wna","item":"https:\/\/www.clinicaalthea.com\/farmacia\/"},{"@type":"ListItem","position":2,"name":"Produkty","item":"https:\/\/www.clinicaalthea.com\/farmacia\/"},{"@type":"ListItem","position":3,"name":"Collagent"}]},{"@type":"WebSite","@id":"https:\/\/www.clinicaalthea.com\/farmacia\/#website","url":"https:\/\/www.clinicaalthea.com\/farmacia\/","name":"Clinica Althea","description":"","publisher":{"@id":"https:\/\/www.clinicaalthea.com\/farmacia\/#organization"},"potentialAction":[{"@type":"SearchAction","target":{"@type":"EntryPoint","urlTemplate":"https:\/\/www.clinicaalthea.com\/farmacia\/?s={search_term_string}"},"query-input":{"@type":"PropertyValueSpecification","valueRequired":true,"valueName":"search_term_string"}}],"inLanguage":"pl-PL"},{"@type":"Organization","@id":"https:\/\/www.clinicaalthea.com\/farmacia\/#organization","name":"Clinica Althea","url":"https:\/\/www.clinicaalthea.com\/farmacia\/","logo":{"@type":"ImageObject","inLanguage":"pl-PL","@id":"https:\/\/www.clinicaalthea.com\/farmacia\/#\/schema\/logo\/image\/","url":"https:\/\/www.clinicaalthea.com\/farmacia\/wp-content\/uploads\/2023\/12\/Jak-diagnozuje-sie-FAS_-objawy-kryteria-diagnostyczne-i-metody-diagnozowania-154162903.jpg","contentUrl":"https:\/\/www.clinicaalthea.com\/farmacia\/wp-content\/uploads\/2023\/12\/Jak-diagnozuje-sie-FAS_-objawy-kryteria-diagnostyczne-i-metody-diagnozowania-154162903.jpg","width":1216,"height":832,"caption":"Clinica Althea"},"image":{"@id":"https:\/\/www.clinicaalthea.com\/farmacia\/#\/schema\/logo\/image\/"}}]}},"lang":"es","translations":{"es":8182,"pl":8137,"cs":8158,"de":8160,"hu":8162,"it":8164,"lv":8166,"lt":8168,"pt":8170,"sk":8172,"sl":8174},"pll_sync_post":[],"_links":{"self":[{"href":"https:\/\/www.clinicaalthea.com\/farmacia\/wp-json\/wp\/v2\/product\/8182","targetHints":{"allow":["GET"]}}],"collection":[{"href":"https:\/\/www.clinicaalthea.com\/farmacia\/wp-json\/wp\/v2\/product"}],"about":[{"href":"https:\/\/www.clinicaalthea.com\/farmacia\/wp-json\/wp\/v2\/types\/product"}],"replies":[{"embeddable":true,"href":"https:\/\/www.clinicaalthea.com\/farmacia\/wp-json\/wp\/v2\/comments?post=8182"}],"wp:featuredmedia":[{"embeddable":true,"href":"https:\/\/www.clinicaalthea.com\/farmacia\/wp-json\/wp\/v2\/media\/8138"}],"wp:attachment":[{"href":"https:\/\/www.clinicaalthea.com\/farmacia\/wp-json\/wp\/v2\/media?parent=8182"}],"wp:term":[{"taxonomy":"product_brand","embeddable":true,"href":"https:\/\/www.clinicaalthea.com\/farmacia\/wp-json\/wp\/v2\/product_brand?post=8182"},{"taxonomy":"product_cat","embeddable":true,"href":"https:\/\/www.clinicaalthea.com\/farmacia\/wp-json\/wp\/v2\/product_cat?post=8182"},{"taxonomy":"product_tag","embeddable":true,"href":"https:\/\/www.clinicaalthea.com\/farmacia\/wp-json\/wp\/v2\/product_tag?post=8182"}],"curies":[{"name":"wp","href":"https:\/\/api.w.org\/{rel}","templated":true}]}}