{"id":8168,"date":"2024-08-05T11:16:49","date_gmt":"2024-08-05T10:16:49","guid":{"rendered":"https:\/\/mayoguide.org\/produkty\/?post_type=product&#038;p=8168"},"modified":"2024-08-05T11:23:55","modified_gmt":"2024-08-05T10:23:55","slug":"collagent","status":"publish","type":"product","link":"https:\/\/www.clinicaalthea.com\/farmacia\/lt\/apt\/collagent\/","title":{"rendered":"Collagent"},"content":{"rendered":"\n<h2 class=\"wp-block-heading\">Kas yra &#8220;Collagent&#8221; ir kaip jis veikia?<\/h2>\n\n\n\n<p><em>Collagent<\/em> yra <b>maisto papildas,<\/b> kurio sud\u0117tyje yra <b>veikli\u0173j\u0173 med\u017eiag\u0173,<\/b> toki\u0173 kaip <em>kolagenas<\/em>, <em>aminor\u016bg\u0161tys<\/em> ir <em>mineralai<\/em>. <b>Kolagenas<\/b> yra baltymas, atsakingas u\u017e odos elastingum\u0105, kuris yra pagrindin\u0117 Collagent sudedamoji dalis. Kolageno <b>aminor\u016bg\u0161tys<\/b> yra saugios vartoti ir nesukelia dirginimo ar alergijos. Kolageno sud\u0117tyje esantys <b>mineralai<\/b> yra atsakingi u\u017e odos, plauk\u0173 ir nag\u0173 sveikatos palaikym\u0105. D\u0117l savo sud\u0117ties Collagent veikia i\u0161 vidaus, palaikydamas kolageno gamyb\u0105 organizme, tod\u0117l pager\u0117ja odos ir plauk\u0173 b\u016bkl\u0117.<\/p>\n\n\n\n<h2 class=\"wp-block-heading\">Koks yra Collagent vartojimo poveikis?<\/h2>\n\n\n\n<p>Reguliarus kolageno vartojimas turi daug naudos odai, plaukams ir nagams. D\u0117l kolageno <b>poveikio<\/b> i\u0161 vidaus pager\u0117ja odos dr\u0117kinimas, padid\u0117ja jos elastingumas ir stangrumas. Kolagento <b>poveikis<\/b> matomas po kurio laiko, kai oda pradeda atsinaujinti ir pager\u0117ja jos strukt\u016bra.<\/p>\n\n\n\n<p>Be to, reguliarus Collagent naudojimas padeda stiprinti plaukus. <b>Kolagenas<\/b> daro \u012ftak\u0105 plauk\u0173 b\u016bklei, suteikdamas jiems daugiau tvirtumo ir elastingumo. Plaukai tampa sveikesni, ma\u017eiau link\u0119 l\u016b\u017ein\u0117ti ir skilin\u0117ti, taip pat blizgesni ir gyvybingesni.<\/p>\n\n\n\n<p>Collagent taip pat teigiamai veikia nagus. Reguliarus papild\u0173 vartojimas padeda padidinti j\u0173 tvirtum\u0105, tod\u0117l jie tampa atsparesni l\u016b\u017ein\u0117jimui ir skilin\u0117jimui. Nagai tampa stipresni ir esteti\u0161kesni.<\/p>\n\n\n\n<p>Be to, Collagent teigiamai veikia s\u0105narius ir raumenis, ma\u017eina skausm\u0105 ir sustingim\u0105. Collagent <b>poveikis<\/b> s\u0105nariams padeda juos i\u0161laikyti lanks\u010dius ir skland\u017eiai funkcionuojan\u010dius. \u017dmon\u0117s, kovojantys su s\u0105nari\u0173 ir raumen\u0173 skausmais, gali pajusti palengv\u0117jim\u0105 reguliariai vartodami Collagent.<\/p>\n\n\n\n<h2 class=\"wp-block-heading\">Kaip teisingai naudoti Collagent &#8211; Dozavimas<\/h2>\n\n\n\n<p>Norint pasiekti geriausi\u0173 kolageno vartojimo rezultat\u0173, svarbu laikytis dozavimo rekomendacij\u0173.<\/p>\n\n\n\n<p>Paprastai rekomenduojama suvartoti vien\u0105 Collagent \u0161auk\u0161tel\u012f per dien\u0105. Vienoje matavimo indel\u0117je yra ma\u017edaug 17 g produkto, tod\u0117l joje yra pakankamai veikli\u0173j\u0173 med\u017eiag\u0173, reikaling\u0173 kolageno gamybai organizme palaikyti.<\/p>\n\n\n\n<p>Collagent galima vartoti i\u0161tirpinus \u012fvairiuose g\u0117rimuose, pavyzd\u017eiui, vandenyje, vaisi\u0173 sultyse, kokteilyje, kavoje ar arbatoje. Svarbu nevir\u0161yti rekomenduojamos suvartoti porcijos per dien\u0105. Reguliarus Collagent vartojimas, kaip rekomenduoja gamintojas, prisid\u0117s prie geriausi\u0173 rezultat\u0173 ir sveikos odos, plauk\u0173 ir nag\u0173 i\u0161vaizdos.<\/p>\n\n\n\n<p>Kolagen\u0105 patartina laikyti sausoje ir v\u0117sioje, ma\u017eiems vaikams nepasiekiamoje vietoje. Tinkam\u0173 laikymo s\u0105lyg\u0173 palaikymas pad\u0117s i\u0161laikyti geriausi\u0105 produkto kokyb\u0119.<\/p>\n\n\n\n<figure class=\"wp-block-table\"><table><tbody><tr><th>Dozavimas<\/th><th>Vartojimo b\u016bdas<\/th><th>Saugykla<\/th><\/tr><tr><td><p>Viena kolageno priemon\u0117 per dien\u0105<\/p><\/td><td><p>I\u0161tirpinkite vien\u0105 \u0161auk\u0161tel\u012f pasirinktame g\u0117rime.<\/p><\/td><td><p>Laikyti sausoje ir v\u0117sioje, ma\u017eiems vaikams nepasiekiamoje vietoje<\/p><\/td><\/tr><\/tbody><\/table><\/figure>\n\n\n\n<h2 class=\"wp-block-heading\">Vartotojo patirtis ir &#8220;Collagent&#8221; ap\u017evalgos &#8211; kokios yra ap\u017evalgos?<\/h2>\n\n\n\n<p><b>Naudotoj\u0173 atsiliepimai apie<\/b> &#8220;Collagent&#8221; <b>i\u0161<\/b> esm\u0117s yra teigiami. Vartotojai teigia, kad reguliariai naudojant Collagent pager\u0117jo j\u0173 odos, plauk\u0173 ir nag\u0173 b\u016bkl\u0117. Daugelis naudotoj\u0173 apib\u016bdina sudr\u0117kint\u0105 od\u0105, suma\u017e\u0117jusias rauk\u0161les ir celiulit\u0105, <b>sustipr\u0117jusius plaukus<\/b> ir pager\u0117jusi\u0105 bendr\u0105 sveikat\u0105. Daugelis rekomenduoja &#8220;Collagent&#8221; kitiems ir po naudojimo mato matomus rezultatus.<\/p>\n\n\n\n<figure class=\"wp-block-table\"><table><tbody><tr><th>&nbsp;<\/th><th>Nuomon\u0117<\/th><th>Vertinimas<\/th><\/tr><tr><td>Anna K.<\/td><td>&#8220;Collagent&#8221; labai pagerino mano odos b\u016bkl\u0119. Pasteb\u0117jau, kad ji tapo labiau sudr\u0117kinta, stangresn\u0117 ir elastingesn\u0117. Mano rauk\u0161l\u0117s tapo ma\u017eiau matomos, o kai kurios net visi\u0161kai i\u0161nyko. Be to, mano plaukai tapo sveikesni ir \u017evilgesni. Esu labai patenkinta &#8220;Collagent&#8221; naudojimo rezultatais!&#8221;<\/td><td>5\/5<\/td><\/tr><tr><td>Marcin S.<\/td><td>&#8220;Collagent&#8221; yra tikrai veiksmingas produktas! Mano plaukai buvo silpni, trap\u016bs ir nuobod\u016bs. Po keli\u0173 savai\u010di\u0173 &#8220;Collagent&#8221; naudojimo mano plaukai tapo stipresni, storesni ir nustojo l\u016b\u017ein\u0117ti. Be to, pasteb\u0117jau, kad mano veido oda tapo \u0161vytinti ir stangresn\u0117. Labai rekomenduoju \u0161\u012f produkt\u0105!&#8221;<\/td><td>4\/5<\/td><\/tr><tr><td>Magda W.<\/td><td>&#8220;Collagent&#8221; yra mano m\u0117gstamiausias <b>maisto papildas<\/b>. Mano nagai, kurie anks\u010diau buvo silpni ir trap\u016bs, dabar yra stipr\u016bs ir atspar\u016bs l\u016b\u017ein\u0117jimui. Mano k\u016bno oda labiau sudr\u0117kinta, o celiulitas ir strijos tampa ma\u017eiau matomos. Visa tai &#8211; &#8220;Collagent&#8221; d\u0117ka. Esu labai patenkinta rezultatais, kuri\u0173 pasiekiau vartodama \u0161\u012f papild\u0105!&#8221;<\/td><td>5\/5<\/td><\/tr><\/tbody><\/table><\/figure>\n\n\n\n<h2 class=\"wp-block-heading\">Collagent &#8211; Sud\u0117tis &#8211; Kas jame yra?<\/h2>\n\n\n\n<p>&#8220;Collagent&#8221; yra <b>maisto papildas<\/b>, kurio sud\u0117tyje yra kruop\u0161\u010diai atrinkta <b>sud\u0117tis,<\/b> daugiausia sudaryta i\u0161 kolageno, aminor\u016bg\u0161\u010di\u0173 ir mineral\u0173. Su\u017einokite daugiau informacijos apie Collagent sudedam\u0105sias dalis:<\/p>\n\n\n\n<p><strong>Kolagenas:<\/strong> jis yra pagrindin\u0117 kolageno sudedamoji dalis ir yra atsakingas u\u017e jo <b>veiksming\u0105 veikim\u0105<\/b>. \u0160is baltymas yra b\u016btinas odos elastingumui palaikyti ir u\u017etikrina jos stangrum\u0105. Kolageno d\u0117ka oda tampa elastingesn\u0117, o rauk\u0161l\u0117s pastebimai suma\u017e\u0117ja.<\/p>\n\n\n\n<p><strong>Aminor\u016bg\u0161tys:<\/strong> Collagent sud\u0117tyje yra <b>aminor\u016bg\u0161\u010di\u0173, kurios<\/b> yra saugios organizmui ir veiksmingai palaiko kolageno gamyb\u0105. Jos veikia i\u0161 vidaus ir padeda atsinaujinti odai bei pagerinti jos b\u016bkl\u0119.<\/p>\n\n\n\n<p><strong>Mineralai:<\/strong> \u012f kolageno <b>sud\u0117t\u012f<\/b> taip pat \u012feina <b>mineralai, kurie<\/b> teigiamai veikia od\u0105, plaukus ir nagus. \u0160ios vertingos maistin\u0117s med\u017eiagos padeda palaikyti sveik\u0105 odos i\u0161vaizd\u0105 ir plauk\u0173 elastingum\u0105.<\/p>\n\n\n\n<p>&#8220;Collagent&#8221; buvo sukurtas taip, kad organizmui suteikt\u0173 svarbiausi\u0173 kolageno gamyb\u0105 ir odos prie\u017ei\u016br\u0105 palaikan\u010di\u0173 ingredient\u0173. Saugi <b>sud\u0117tis<\/b> u\u017etikrina veiksming\u0105 veikim\u0105, kartu suma\u017eindama alergijos ar odos sudirginimo rizik\u0105.<\/p>\n\n\n\n<h2 class=\"wp-block-heading\">Collagent kaina &#8211; Kur \u012fsigyti?<\/h2>\n\n\n\n<p>&#8220;Collagent&#8221; <b>kaina<\/b> gali skirtis priklausomai nuo to, kur ji perkama, ir nuo akcij\u0173. Patartina Collagent pirkti tiesiogiai i\u0161 oficialaus gamintojo, kad b\u016btum\u0117te tikri d\u0117l produkto kokyb\u0117s ir autenti\u0161kumo. Nor\u0117dami gauti original\u0173 Collagent, rekomenduojame pirkti i\u0161 oficialios gamintojo svetain\u0117s.  Pirkdami Collagent i\u0161 oficialaus \u0161altinio, u\u017etikrinsite, kad gausite kokybi\u0161k\u0105 ir saug\u0173 produkt\u0105.<\/p>\n\n\n\n<h2 class=\"wp-block-heading\">Galimas \u0161alutinis poveikis ir kontraindikacijos d\u0117l Collagent<\/h2>\n\n\n\n<p>Collagent paprastai yra saugus vartoti ir neturi \u0161alutinio poveikio. Joki\u0173 kontraindikacij\u0173 Collagent vartojimui nepateikta, ta\u010diau visada egzistuoja individualaus netoleravimo ar alergijos bet kuriai sudedamajai daliai galimyb\u0117. Prie\u0161 pradedant vartoti Collagent, ypa\u010d sergantiems vir\u0161kinimo trakto ligomis, alergija ar kitomis ligomis, patartina pasitarti su gydytoju arba vaistininku.<\/p>\n\n\n\n<p>&#8220;Collagent&#8221; yra maisto papildas, skirtas odos, plauk\u0173 ir nag\u0173 b\u016bklei gerinti. Ta\u010diau, nepaisant saugios sud\u0117ties, kai kuriems \u017emon\u0117ms gali pasireik\u0161ti \u0161alutinis poveikis. Tai gali lemti individualios reakcijos arba alergija bet kuriai Collagent sudedamajai daliai.<\/p>\n\n\n\n<p>\u017dmon\u0117s, sergantys vir\u0161kinimo trakto ligomis ar alergija, prie\u0161 prad\u0117dami vartoti Collagent, tur\u0117t\u0173 pasitarti su gydytoju. Gydytojas gal\u0117s \u012fvertinti, ar papildas yra saugus ir tinkamas atsi\u017evelgiant \u012f asmens sveikatos b\u016bkl\u0119. Be to, jei \u012ftariamas netoleravimas ar alergija Collagen sudedamosioms dalims, visada verta pasikonsultuoti su gydytoju, kuris gali rekomenduoti tolesnius veiksmus ar tinkam\u0105 diagnostik\u0105.<\/p>\n","protected":false},"excerpt":{"rendered":"<p><strong>49.00 \u20ac<\/strong><\/p>\n<p><del>98.00 \u20ac<\/del><\/p>\n<p><strong>[date_countdown]<\/strong><\/p>\n","protected":false},"featured_media":8138,"comment_status":"open","ping_status":"closed","template":"","meta":{"neve_meta_sidebar":"","neve_meta_container":"","neve_meta_enable_content_width":"","neve_meta_content_width":0,"neve_meta_title_alignment":"","neve_meta_author_avatar":"","neve_post_elements_order":"","neve_meta_disable_header":"","neve_meta_disable_footer":"","neve_meta_disable_title":"","neve_meta_reading_time":""},"product_brand":[],"product_cat":[121],"product_tag":[],"class_list":{"0":"post-8168","1":"product","2":"type-product","3":"status-publish","4":"has-post-thumbnail","6":"product_cat-sveikata","8":"first","9":"instock","10":"shipping-taxable","11":"product-type-external"},"yoast_head":"<!-- This site is optimized with the Yoast SEO plugin v27.4 - https:\/\/yoast.com\/product\/yoast-seo-wordpress\/ -->\n<title>Collagent - Clinica Althea<\/title>\n<meta name=\"robots\" content=\"index, follow, max-snippet:-1, max-image-preview:large, max-video-preview:-1\" \/>\n<link rel=\"canonical\" href=\"https:\/\/www.clinicaalthea.com\/farmacia\/lt\/apt\/collagent\/\" \/>\n<meta property=\"og:locale\" content=\"pl_PL\" \/>\n<meta property=\"og:type\" content=\"article\" \/>\n<meta property=\"og:title\" content=\"Collagent - Clinica Althea\" \/>\n<meta property=\"og:description\" content=\"49.00 \u20ac 98.00 \u20ac\" \/>\n<meta property=\"og:url\" content=\"https:\/\/www.clinicaalthea.com\/farmacia\/lt\/apt\/collagent\/\" \/>\n<meta property=\"og:site_name\" content=\"Clinica Althea\" \/>\n<meta property=\"article:modified_time\" content=\"2024-08-05T10:23:55+00:00\" \/>\n<meta property=\"og:image\" content=\"https:\/\/www.clinicaalthea.com\/farmacia\/wp-content\/uploads\/2024\/08\/Collagent.jpg\" \/>\n\t<meta property=\"og:image:width\" content=\"768\" \/>\n\t<meta property=\"og:image:height\" content=\"768\" \/>\n\t<meta property=\"og:image:type\" content=\"image\/jpeg\" \/>\n<meta name=\"twitter:card\" content=\"summary_large_image\" \/>\n<meta name=\"twitter:label1\" content=\"Szacowany czas czytania\" \/>\n\t<meta name=\"twitter:data1\" content=\"6 minut\" \/>\n<script type=\"application\/ld+json\" class=\"yoast-schema-graph\">{\"@context\":\"https:\\\/\\\/schema.org\",\"@graph\":[{\"@type\":\"WebPage\",\"@id\":\"https:\\\/\\\/www.clinicaalthea.com\\\/farmacia\\\/lt\\\/apt\\\/collagent\\\/\",\"url\":\"https:\\\/\\\/www.clinicaalthea.com\\\/farmacia\\\/lt\\\/apt\\\/collagent\\\/\",\"name\":\"Collagent - Clinica Althea\",\"isPartOf\":{\"@id\":\"https:\\\/\\\/www.clinicaalthea.com\\\/farmacia\\\/#website\"},\"primaryImageOfPage\":{\"@id\":\"https:\\\/\\\/www.clinicaalthea.com\\\/farmacia\\\/lt\\\/apt\\\/collagent\\\/#primaryimage\"},\"image\":{\"@id\":\"https:\\\/\\\/www.clinicaalthea.com\\\/farmacia\\\/lt\\\/apt\\\/collagent\\\/#primaryimage\"},\"thumbnailUrl\":\"https:\\\/\\\/www.clinicaalthea.com\\\/farmacia\\\/wp-content\\\/uploads\\\/2024\\\/08\\\/Collagent.jpg\",\"datePublished\":\"2024-08-05T10:16:49+00:00\",\"dateModified\":\"2024-08-05T10:23:55+00:00\",\"breadcrumb\":{\"@id\":\"https:\\\/\\\/www.clinicaalthea.com\\\/farmacia\\\/lt\\\/apt\\\/collagent\\\/#breadcrumb\"},\"inLanguage\":\"pl-PL\",\"potentialAction\":[{\"@type\":\"ReadAction\",\"target\":[\"https:\\\/\\\/www.clinicaalthea.com\\\/farmacia\\\/lt\\\/apt\\\/collagent\\\/\"]}]},{\"@type\":\"ImageObject\",\"inLanguage\":\"pl-PL\",\"@id\":\"https:\\\/\\\/www.clinicaalthea.com\\\/farmacia\\\/lt\\\/apt\\\/collagent\\\/#primaryimage\",\"url\":\"https:\\\/\\\/www.clinicaalthea.com\\\/farmacia\\\/wp-content\\\/uploads\\\/2024\\\/08\\\/Collagent.jpg\",\"contentUrl\":\"https:\\\/\\\/www.clinicaalthea.com\\\/farmacia\\\/wp-content\\\/uploads\\\/2024\\\/08\\\/Collagent.jpg\",\"width\":768,\"height\":768,\"caption\":\"Collagent\"},{\"@type\":\"BreadcrumbList\",\"@id\":\"https:\\\/\\\/www.clinicaalthea.com\\\/farmacia\\\/lt\\\/apt\\\/collagent\\\/#breadcrumb\",\"itemListElement\":[{\"@type\":\"ListItem\",\"position\":1,\"name\":\"Strona g\u0142\u00f3wna\",\"item\":\"https:\\\/\\\/www.clinicaalthea.com\\\/farmacia\\\/\"},{\"@type\":\"ListItem\",\"position\":2,\"name\":\"Produkty\",\"item\":\"https:\\\/\\\/www.clinicaalthea.com\\\/farmacia\\\/\"},{\"@type\":\"ListItem\",\"position\":3,\"name\":\"Collagent\"}]},{\"@type\":\"WebSite\",\"@id\":\"https:\\\/\\\/www.clinicaalthea.com\\\/farmacia\\\/#website\",\"url\":\"https:\\\/\\\/www.clinicaalthea.com\\\/farmacia\\\/\",\"name\":\"Clinica Althea\",\"description\":\"\",\"publisher\":{\"@id\":\"https:\\\/\\\/www.clinicaalthea.com\\\/farmacia\\\/#organization\"},\"potentialAction\":[{\"@type\":\"SearchAction\",\"target\":{\"@type\":\"EntryPoint\",\"urlTemplate\":\"https:\\\/\\\/www.clinicaalthea.com\\\/farmacia\\\/?s={search_term_string}\"},\"query-input\":{\"@type\":\"PropertyValueSpecification\",\"valueRequired\":true,\"valueName\":\"search_term_string\"}}],\"inLanguage\":\"pl-PL\"},{\"@type\":\"Organization\",\"@id\":\"https:\\\/\\\/www.clinicaalthea.com\\\/farmacia\\\/#organization\",\"name\":\"Clinica Althea\",\"url\":\"https:\\\/\\\/www.clinicaalthea.com\\\/farmacia\\\/\",\"logo\":{\"@type\":\"ImageObject\",\"inLanguage\":\"pl-PL\",\"@id\":\"https:\\\/\\\/www.clinicaalthea.com\\\/farmacia\\\/#\\\/schema\\\/logo\\\/image\\\/\",\"url\":\"https:\\\/\\\/www.clinicaalthea.com\\\/farmacia\\\/wp-content\\\/uploads\\\/2023\\\/12\\\/Jak-diagnozuje-sie-FAS_-objawy-kryteria-diagnostyczne-i-metody-diagnozowania-154162903.jpg\",\"contentUrl\":\"https:\\\/\\\/www.clinicaalthea.com\\\/farmacia\\\/wp-content\\\/uploads\\\/2023\\\/12\\\/Jak-diagnozuje-sie-FAS_-objawy-kryteria-diagnostyczne-i-metody-diagnozowania-154162903.jpg\",\"width\":1216,\"height\":832,\"caption\":\"Clinica Althea\"},\"image\":{\"@id\":\"https:\\\/\\\/www.clinicaalthea.com\\\/farmacia\\\/#\\\/schema\\\/logo\\\/image\\\/\"}}]}<\/script>\n<!-- \/ Yoast SEO plugin. -->","yoast_head_json":{"title":"Collagent - Clinica Althea","robots":{"index":"index","follow":"follow","max-snippet":"max-snippet:-1","max-image-preview":"max-image-preview:large","max-video-preview":"max-video-preview:-1"},"canonical":"https:\/\/www.clinicaalthea.com\/farmacia\/lt\/apt\/collagent\/","og_locale":"pl_PL","og_type":"article","og_title":"Collagent - Clinica Althea","og_description":"49.00 \u20ac 98.00 \u20ac","og_url":"https:\/\/www.clinicaalthea.com\/farmacia\/lt\/apt\/collagent\/","og_site_name":"Clinica Althea","article_modified_time":"2024-08-05T10:23:55+00:00","og_image":[{"width":768,"height":768,"url":"https:\/\/www.clinicaalthea.com\/farmacia\/wp-content\/uploads\/2024\/08\/Collagent.jpg","type":"image\/jpeg"}],"twitter_card":"summary_large_image","twitter_misc":{"Szacowany czas czytania":"6 minut"},"schema":{"@context":"https:\/\/schema.org","@graph":[{"@type":"WebPage","@id":"https:\/\/www.clinicaalthea.com\/farmacia\/lt\/apt\/collagent\/","url":"https:\/\/www.clinicaalthea.com\/farmacia\/lt\/apt\/collagent\/","name":"Collagent - Clinica Althea","isPartOf":{"@id":"https:\/\/www.clinicaalthea.com\/farmacia\/#website"},"primaryImageOfPage":{"@id":"https:\/\/www.clinicaalthea.com\/farmacia\/lt\/apt\/collagent\/#primaryimage"},"image":{"@id":"https:\/\/www.clinicaalthea.com\/farmacia\/lt\/apt\/collagent\/#primaryimage"},"thumbnailUrl":"https:\/\/www.clinicaalthea.com\/farmacia\/wp-content\/uploads\/2024\/08\/Collagent.jpg","datePublished":"2024-08-05T10:16:49+00:00","dateModified":"2024-08-05T10:23:55+00:00","breadcrumb":{"@id":"https:\/\/www.clinicaalthea.com\/farmacia\/lt\/apt\/collagent\/#breadcrumb"},"inLanguage":"pl-PL","potentialAction":[{"@type":"ReadAction","target":["https:\/\/www.clinicaalthea.com\/farmacia\/lt\/apt\/collagent\/"]}]},{"@type":"ImageObject","inLanguage":"pl-PL","@id":"https:\/\/www.clinicaalthea.com\/farmacia\/lt\/apt\/collagent\/#primaryimage","url":"https:\/\/www.clinicaalthea.com\/farmacia\/wp-content\/uploads\/2024\/08\/Collagent.jpg","contentUrl":"https:\/\/www.clinicaalthea.com\/farmacia\/wp-content\/uploads\/2024\/08\/Collagent.jpg","width":768,"height":768,"caption":"Collagent"},{"@type":"BreadcrumbList","@id":"https:\/\/www.clinicaalthea.com\/farmacia\/lt\/apt\/collagent\/#breadcrumb","itemListElement":[{"@type":"ListItem","position":1,"name":"Strona g\u0142\u00f3wna","item":"https:\/\/www.clinicaalthea.com\/farmacia\/"},{"@type":"ListItem","position":2,"name":"Produkty","item":"https:\/\/www.clinicaalthea.com\/farmacia\/"},{"@type":"ListItem","position":3,"name":"Collagent"}]},{"@type":"WebSite","@id":"https:\/\/www.clinicaalthea.com\/farmacia\/#website","url":"https:\/\/www.clinicaalthea.com\/farmacia\/","name":"Clinica Althea","description":"","publisher":{"@id":"https:\/\/www.clinicaalthea.com\/farmacia\/#organization"},"potentialAction":[{"@type":"SearchAction","target":{"@type":"EntryPoint","urlTemplate":"https:\/\/www.clinicaalthea.com\/farmacia\/?s={search_term_string}"},"query-input":{"@type":"PropertyValueSpecification","valueRequired":true,"valueName":"search_term_string"}}],"inLanguage":"pl-PL"},{"@type":"Organization","@id":"https:\/\/www.clinicaalthea.com\/farmacia\/#organization","name":"Clinica Althea","url":"https:\/\/www.clinicaalthea.com\/farmacia\/","logo":{"@type":"ImageObject","inLanguage":"pl-PL","@id":"https:\/\/www.clinicaalthea.com\/farmacia\/#\/schema\/logo\/image\/","url":"https:\/\/www.clinicaalthea.com\/farmacia\/wp-content\/uploads\/2023\/12\/Jak-diagnozuje-sie-FAS_-objawy-kryteria-diagnostyczne-i-metody-diagnozowania-154162903.jpg","contentUrl":"https:\/\/www.clinicaalthea.com\/farmacia\/wp-content\/uploads\/2023\/12\/Jak-diagnozuje-sie-FAS_-objawy-kryteria-diagnostyczne-i-metody-diagnozowania-154162903.jpg","width":1216,"height":832,"caption":"Clinica Althea"},"image":{"@id":"https:\/\/www.clinicaalthea.com\/farmacia\/#\/schema\/logo\/image\/"}}]}},"lang":"lt","translations":{"lt":8168,"pl":8137,"cs":8158,"de":8160,"hu":8162,"it":8164,"lv":8166,"pt":8170,"sk":8172,"sl":8174,"es":8182},"pll_sync_post":[],"_links":{"self":[{"href":"https:\/\/www.clinicaalthea.com\/farmacia\/wp-json\/wp\/v2\/product\/8168","targetHints":{"allow":["GET"]}}],"collection":[{"href":"https:\/\/www.clinicaalthea.com\/farmacia\/wp-json\/wp\/v2\/product"}],"about":[{"href":"https:\/\/www.clinicaalthea.com\/farmacia\/wp-json\/wp\/v2\/types\/product"}],"replies":[{"embeddable":true,"href":"https:\/\/www.clinicaalthea.com\/farmacia\/wp-json\/wp\/v2\/comments?post=8168"}],"wp:featuredmedia":[{"embeddable":true,"href":"https:\/\/www.clinicaalthea.com\/farmacia\/wp-json\/wp\/v2\/media\/8138"}],"wp:attachment":[{"href":"https:\/\/www.clinicaalthea.com\/farmacia\/wp-json\/wp\/v2\/media?parent=8168"}],"wp:term":[{"taxonomy":"product_brand","embeddable":true,"href":"https:\/\/www.clinicaalthea.com\/farmacia\/wp-json\/wp\/v2\/product_brand?post=8168"},{"taxonomy":"product_cat","embeddable":true,"href":"https:\/\/www.clinicaalthea.com\/farmacia\/wp-json\/wp\/v2\/product_cat?post=8168"},{"taxonomy":"product_tag","embeddable":true,"href":"https:\/\/www.clinicaalthea.com\/farmacia\/wp-json\/wp\/v2\/product_tag?post=8168"}],"curies":[{"name":"wp","href":"https:\/\/api.w.org\/{rel}","templated":true}]}}