{"id":7591,"date":"2024-07-18T21:16:37","date_gmt":"2024-07-18T20:16:37","guid":{"rendered":"https:\/\/mayoguide.org\/produkty\/?post_type=product&#038;p=7591"},"modified":"2024-07-18T21:18:04","modified_gmt":"2024-07-18T20:18:04","slug":"levicose","status":"publish","type":"product","link":"https:\/\/www.clinicaalthea.com\/farmacia\/fr\/apt\/levicose\/","title":{"rendered":"Levicose"},"content":{"rendered":"\n<h2 class=\"wp-block-heading\">Qu&#8217;est-ce que le Levicose et comment fonctionne-t-il ?<\/h2>\n\n\n\n<p>Levicose est un gel pour les jambes con\u00e7u pour favoriser la sant\u00e9 des veines. Sa <b>composition<\/b> unique contient de la trox\u00e9rutine, du lycop\u00e8ne, de l&#8217;arnica, du menthol, de l&#8217;extrait de pomme et du miel. La trox\u00e9rutine favorise le bon fonctionnement des vaisseaux sanguins, le lycop\u00e8ne a un effet antioxydant, l&#8217;arnica a un effet tonifiant sur la peau, le menthol procure une sensation de fra\u00eecheur, l&#8217;extrait de pomme hydrate la peau et le miel a un effet apaisant et calmant. Gr\u00e2ce \u00e0 cette combinaison d&#8217;ingr\u00e9dients, Levicose agit \u00e0 plusieurs niveaux : il lisse et tonifie la peau, am\u00e9liore la circulation sanguine et r\u00e9duit la sensation de jambes fatigu\u00e9es.<\/p>\n\n\n\n<h2 class=\"wp-block-heading\">Avantages de Levicose &#8211; Effets<\/h2>\n\n\n\n<p>La sant\u00e9 de nos jambes et de nos veines est extr\u00eamement importante pour notre bien-\u00eatre g\u00e9n\u00e9ral et notre confort. L&#8217;<b>utilisation<\/b> \u00e0 long terme de Levicose, un gel pour les jambes \u00e0 la pointe de la technologie, peut avoir de nombreux <b>effets b\u00e9n\u00e9fiques<\/b> sur la sant\u00e9 des veines. Voici quelques-uns des effets qui peuvent \u00eatre obtenus gr\u00e2ce \u00e0 l&#8217;utilisation r\u00e9guli\u00e8re de Levicose :<\/p>\n\n\n\n<ol class=\"wp-block-list\">\n<li><em>Pr\u00e9server l&#8217;\u00e9lasticit\u00e9 des vaisseaux sanguins :<\/em> Levicose contient des ingr\u00e9dients tels que la trox\u00e9rutine et le lycop\u00e8ne, qui favorisent le bon fonctionnement des vaisseaux sanguins. L&#8217;utilisation \u00e0 long terme <b>du<\/b> gel peut contribuer \u00e0 maintenir l&#8217;\u00e9lasticit\u00e9 des vaisseaux, ce qui est crucial pour la sant\u00e9 des veines.<\/li>\n\n\n\n<li><em>R\u00e9duire la visibilit\u00e9 des varices :<\/em> Les varices visibles peuvent constituer un probl\u00e8me esth\u00e9tique pour de nombreuses personnes. Levicose peut aider \u00e0 r\u00e9duire la visibilit\u00e9 des varices et \u00e0 am\u00e9liorer leur apparence, ce qui se traduit par une plus grande confiance dans la vie quotidienne.<\/li>\n\n\n\n<li><em>R\u00e9duire la douleur et le gonflement des jambes :<\/em> si vous souffrez de douleur ou de gonflement des jambes, Levicose peut \u00eatre la bonne solution. Les ingr\u00e9dients contenus dans le gel, tels que l&#8217;arnica et le menthol, ont un effet apaisant et rafra\u00eechissant, apportant un soulagement et r\u00e9duisant l&#8217;inconfort.<\/li>\n\n\n\n<li><em>Soulager les sensations de lourdeur et de fatigue :<\/em> La station debout ou assise prolong\u00e9e, l&#8217;entra\u00eenement intensif ou les longs voyages s&#8217;accompagnent souvent d&#8217;une sensation de lourdeur et de fatigue dans les jambes. Levicose peut aider \u00e0 soulager ces d\u00e9sagr\u00e9ments en procurant une sensation de jambes plus l\u00e9g\u00e8res et plus fra\u00eeches.<\/li>\n\n\n\n<li><em>Am\u00e9liorer la circulation sanguine :<\/em> Une circulation sanguine saine est essentielle au maintien d&#8217;une bonne sant\u00e9 des jambes. Gr\u00e2ce \u00e0 sa composition unique, Levicose peut contribuer \u00e0 am\u00e9liorer la circulation sanguine, ce qui se traduit par une meilleure fonction vasculaire et un plus grand confort physique.<\/li>\n\n\n\n<li><em>R\u00e9cup\u00e9ration plus rapide apr\u00e8s un entra\u00eenement intense :<\/em> Si vous menez une vie active et vous entra\u00eenez r\u00e9guli\u00e8rement, Levicose peut \u00eatre utile dans le processus de r\u00e9cup\u00e9ration apr\u00e8s l&#8217;entra\u00eenement. Gr\u00e2ce \u00e0 son effet hydratant et apaisant sur la peau, le gel peut acc\u00e9l\u00e9rer la r\u00e9cup\u00e9ration musculaire et apporter une sensation de d\u00e9tente.<\/li>\n<\/ol>\n\n\n\n<p>L&#8217;<b>utilisation<\/b> r\u00e9guli\u00e8re de Levicose peut apporter de nombreux <b>bienfaits<\/b> \u00e0 vos jambes et \u00e0 vos veines. L&#8217;<b>action<\/b> du gel sur la peau et les vaisseaux sanguins vous permet de vous sentir mieux et plus \u00e0 l&#8217;aise dans votre corps. Gardez toutefois \u00e0 l&#8217;esprit que les r\u00e9sultats personnels peuvent varier en fonction des conditions individuelles et des r\u00e9actions du corps, c&#8217;est pourquoi il vaut la peine de tester Levicose soi-m\u00eame et d&#8217;en exp\u00e9rimenter les effets.<\/p>\n\n\n\n<h2 class=\"wp-block-heading\">Comment utiliser Levicose &#8211; Mode d&#8217;emploi et posologie<\/h2>\n\n\n\n<p>Pour obtenir les meilleurs <b>r\u00e9sultats<\/b>, il est important de suivre les instructions correctes pour l&#8217;utilisation et le dosage de Levicose. Vous trouverez ci-dessous des <b>instructions<\/b> qui vous aideront \u00e0 utiliser correctement le gel.<\/p>\n\n\n\n<ol class=\"wp-block-list\">\n<li>Assurez-vous que la peau de votre jambe est propre et s\u00e8che avant de commencer \u00e0 utiliser Levicose.<\/li>\n\n\n\n<li>Appliquez une petite quantit\u00e9 de gel sur la zone des jambes que vous souhaitez soigner. N&#8217;oubliez pas de l&#8217;\u00e9taler uniform\u00e9ment sur la peau.<\/li>\n\n\n\n<li>Massez d\u00e9licatement le gel sur la peau en effectuant des mouvements circulaires. Le massage permet aux principes actifs d&#8217;\u00eatre mieux absorb\u00e9s par la peau.<\/li>\n\n\n\n<li>Masser jusqu&#8217;\u00e0 ce que le gel soit compl\u00e8tement absorb\u00e9. Cela peut prendre quelques minutes, soyez patient.<\/li>\n\n\n\n<li>Il est recommand\u00e9 d&#8217;utiliser Levicose 2 \u00e0 3 fois par jour pour obtenir les meilleurs r\u00e9sultats. Vous pouvez l&#8217;appliquer le matin et le soir ou \u00e0 tout autre moment de la journ\u00e9e.<\/li>\n<\/ol>\n\n\n\n<p>Avant d&#8217;utiliser le gel, il est conseill\u00e9 de v\u00e9rifier que votre peau ne pr\u00e9sente pas de r\u00e9action allergique. Vous pouvez appliquer une petite quantit\u00e9 de gel sur une petite zone de la peau et observer la r\u00e9action pendant 24 heures. Si aucune r\u00e9action allergique n&#8217;appara\u00eet apr\u00e8s cette p\u00e9riode, vous pouvez utiliser le gel en toute s\u00e9curit\u00e9. \u00c9vitez le contact du gel avec les yeux et les plaies ouvertes afin d&#8217;\u00e9viter toute irritation.<\/p>\n\n\n\n<p>Toutefois, plusieurs groupes de personnes doivent s&#8217;abstenir d&#8217;utiliser Levicose. N&#8217;utilisez pas le gel si vous \u00eates enceinte, si vous allaitez, si vous \u00eates allergique \u00e0 l&#8217;un des ingr\u00e9dients, si vous \u00eates un enfant de moins de 3 ans ou si vous avez des plaies ouvertes sur la peau. En cas d&#8217;effets secondaires ind\u00e9sirables ou de r\u00e9action allergique, cessez imm\u00e9diatement d&#8217;utiliser le gel et consultez votre m\u00e9decin.<\/p>\n\n\n\n<h3 class=\"wp-block-heading\">R\u00e9sum\u00e9 du mode d&#8217;emploi et de la posologie de Levicose :<\/h3>\n\n\n\n<p>Pour obtenir les meilleurs r\u00e9sultats avec Levicose, n&#8217;oubliez pas de suivre correctement les instructions d&#8217;application et de dosage. Vous devez :<br>&#8211; Appliquer le gel sur la peau propre et s\u00e8che des jambes.<br>&#8211; Appliquer une petite quantit\u00e9 de gel et masser doucement jusqu&#8217;\u00e0 absorption compl\u00e8te.<br>&#8211; Appliquer le gel 2 \u00e0 3 fois par jour.<br>&#8211; \u00c9viter tout contact du gel avec les yeux.<br>&#8211; Ne pas utiliser le gel sur les femmes enceintes ou allaitantes, les enfants de moins de 3 ans et les personnes pr\u00e9sentant une intol\u00e9rance individuelle aux ingr\u00e9dients ou sur les plaies ouvertes.<\/p>\n\n\n\n<figure class=\"wp-block-table\"><table><tbody><tr><th>Composition du Levicose<\/th><th>Description<\/th><\/tr><tr><td>Trox\u00e9rutine<\/td><td>Un ingr\u00e9dient qui favorise le bon fonctionnement des vaisseaux sanguins.<\/td><\/tr><tr><td>Lycop\u00e8ne<\/td><td>Il a un effet antioxydant, contrecarrant les effets n\u00e9fastes des radicaux libres.<\/td><\/tr><tr><td>Arnica<\/td><td>Il a des propri\u00e9t\u00e9s toniques sur la peau des jambes.<\/td><\/tr><tr><td>Menthol<\/td><td>Il procure une sensation de fra\u00eecheur et a un effet apaisant sur la peau.<\/td><\/tr><tr><td>Extrait de pomme<\/td><td>Il hydrate la peau et l&#8217;aide \u00e0 se r\u00e9g\u00e9n\u00e9rer.<\/td><\/tr><tr><td>Miel<\/td><td>Il a un effet apaisant et calmant sur la peau des jambes.<\/td><\/tr><\/tbody><\/table><\/figure>\n\n\n\n<h2 class=\"wp-block-heading\">Critiques et opinions sur Levicose<\/h2>\n\n\n\n<p>Levicose est un produit qui a fait l&#8217;objet d&#8217;<b>avis<\/b> et de <b>commentaires<\/b> positifs de la part des utilisateurs. Nombreux sont ceux qui louent l&#8217;<b>effet<\/b> du gel sur la r\u00e9duction de la douleur, de la fatigue et du gonflement des jambes. Les utilisateurs notent \u00e9galement une am\u00e9lioration de la circulation sanguine et un sentiment de rafra\u00eechissement et de relaxation apr\u00e8s l&#8217;utilisation de Levicose. Certains ont \u00e9galement remarqu\u00e9 une r\u00e9duction de l&#8217;apparence des varices. Il convient toutefois de garder \u00e0 l&#8217;esprit que les <b>effets du<\/b> gel peuvent varier en fonction des conditions individuelles et de la r\u00e9action de l&#8217;organisme.<\/p>\n\n\n\n<h2 class=\"wp-block-heading\">Levicose &#8211; Composition<\/h2>\n\n\n\n<p>La <b>composition de<\/b> Levicose comprend de la trox\u00e9rutine, du lycop\u00e8ne, de l&#8217;arnica, du menthol, de l&#8217;extrait de pomme et du miel. Chacun de ces ingr\u00e9dients poss\u00e8de des propri\u00e9t\u00e9s et des effets uniques sur la sant\u00e9 des jambes.<\/p>\n\n\n\n<p>La trox\u00e9rutine est une substance qui a des propri\u00e9t\u00e9s vasodilatatrices, ce qui am\u00e9liore la circulation sanguine dans les jambes. Le lycop\u00e8ne, quant \u00e0 lui, a un effet antioxydant, prot\u00e9geant les cellules des effets n\u00e9fastes des radicaux libres.<\/p>\n\n\n\n<p>L&#8217;arnica a un effet tonifiant sur la peau des jambes, dont elle am\u00e9liore l&#8217;\u00e9lasticit\u00e9. Le menthol, quant \u00e0 lui, procure une sensation de fra\u00eecheur et de d\u00e9tente, soulageant la fatigue des jambes. L&#8217;extrait de pomme a un effet hydratant, r\u00e9duisant la s\u00e9cheresse de la peau, tandis que le miel a un effet apaisant et calmant, aidant \u00e0 soulager tout inconfort.<\/p>\n\n\n\n<p>Gr\u00e2ce \u00e0 une combinaison \u00e9quilibr\u00e9e de ces ingr\u00e9dients, Levicose offre un soin complet des jambes, am\u00e9liorant la circulation sanguine, hydratant la peau et apaisant les irritations.<\/p>\n\n\n\n<figure class=\"wp-block-table\"><table><tbody><tr><th>Ingr\u00e9dients<\/th><th>Propri\u00e9t\u00e9s<\/th><\/tr><tr><td>Trox\u00e9rutine<\/td><td>Am\u00e9liore la circulation sanguine dans les jambes<\/td><\/tr><tr><td>Lycop\u00e8ne<\/td><td>Effet antioxydant<\/td><\/tr><tr><td>Arnica<\/td><td>Effet tonifiant sur la peau des jambes<\/td><\/tr><tr><td>Menthol<\/td><td>Procure une sensation de fra\u00eecheur<\/td><\/tr><tr><td>Extrait de pomme<\/td><td>Hydratation de la peau<\/td><\/tr><tr><td>Miel<\/td><td>A un effet apaisant et calmant<\/td><\/tr><\/tbody><\/table><\/figure>\n\n\n\n<h2 class=\"wp-block-heading\">O\u00f9 acheter Levicose &#8211; prix<\/h2>\n\n\n\n<p>Levicose peut \u00eatre achet\u00e9 sur le site officiel du fabricant. Il vaut la peine d&#8217;opter pour un achat via le canal de distribution officiel afin de s&#8217;assurer que vous obtenez le produit original. Le <b>prix<\/b> du Levicose peut varier en fonction de la promotion et de l&#8217;emballage.<\/p>\n\n\n\n<p>Pour acheter Levicose, visitez le site officiel du fabricant et passez votre commande. Sur le site du fabricant, vous trouverez des informations d\u00e9taill\u00e9es sur le produit, le mode d&#8217;emploi et les promotions en cours qui peuvent affecter le prix.<\/p>\n\n\n\n<p>Il vaut vraiment la peine de choisir un canal de distribution officiel, car vous avez la garantie de recevoir un produit original et de haute qualit\u00e9. \u00c9vitez d&#8217;acheter aupr\u00e8s de sources non fiables pour \u00e9viter les contrefa\u00e7ons, qui peuvent \u00eatre inefficaces, voire nocives pour votre sant\u00e9.<\/p>\n\n\n\n<h2 class=\"wp-block-heading\">Effets secondaires potentiels et contre-indications de Levicose<\/h2>\n\n\n\n<p>Avant d&#8217;utiliser <strong>Levicose<\/strong>, il convient de se familiariser avec les effets secondaires et les contre-indications possibles. En cas de r\u00e9action allergique ou d&#8217;effets secondaires ind\u00e9sirables, cessez d&#8217;utiliser le gel et consultez votre m\u00e9decin.<\/p>\n\n\n\n<p>Le gel <strong>Levicose<\/strong> ne doit pas \u00eatre utilis\u00e9 chez les femmes enceintes ou allaitantes, les enfants de moins de 3 ans, les personnes pr\u00e9sentant une intol\u00e9rance individuelle aux ingr\u00e9dients ou sur des plaies ouvertes. \u00c9vitez soigneusement tout contact du gel avec les yeux afin d&#8217;\u00e9viter toute irritation.<\/p>\n\n\n\n<p>Pour garantir la s\u00e9curit\u00e9 et \u00e9viter les effets secondaires, il est conseill\u00e9 de v\u00e9rifier les ingr\u00e9dients contenus dans le gel et d&#8217;effectuer un test d&#8217;allergie avant de commencer \u00e0 l&#8217;utiliser r\u00e9guli\u00e8rement. N&#8217;oubliez pas que la sant\u00e9 et la s\u00e9curit\u00e9 sont primordiales et que vous devez toujours consulter votre m\u00e9decin ou votre pharmacien en cas de doute.<\/p>\n","protected":false},"excerpt":{"rendered":"<p><strong>49.00 \u20ac<\/strong><\/p>\n<p><del>98.00 \u20ac<\/del><\/p>\n<p><strong>[date_countdown]<\/strong><\/p>\n","protected":false},"featured_media":7566,"comment_status":"open","ping_status":"closed","template":"","meta":{"neve_meta_sidebar":"","neve_meta_container":"","neve_meta_enable_content_width":"","neve_meta_content_width":0,"neve_meta_title_alignment":"","neve_meta_author_avatar":"","neve_post_elements_order":"","neve_meta_disable_header":"","neve_meta_disable_footer":"","neve_meta_disable_title":"","neve_meta_reading_time":""},"product_brand":[],"product_cat":[89],"product_tag":[],"class_list":{"0":"post-7591","1":"product","2":"type-product","3":"status-publish","4":"has-post-thumbnail","6":"product_cat-sante","8":"first","9":"instock","10":"shipping-taxable","11":"product-type-external"},"yoast_head":"<!-- This site is optimized with the Yoast SEO plugin v27.4 - https:\/\/yoast.com\/product\/yoast-seo-wordpress\/ -->\n<title>Levicose - Clinica Althea<\/title>\n<meta name=\"robots\" content=\"index, follow, max-snippet:-1, max-image-preview:large, max-video-preview:-1\" \/>\n<link rel=\"canonical\" href=\"https:\/\/www.clinicaalthea.com\/farmacia\/fr\/apt\/levicose\/\" \/>\n<meta property=\"og:locale\" content=\"pl_PL\" \/>\n<meta property=\"og:type\" content=\"article\" \/>\n<meta property=\"og:title\" content=\"Levicose - Clinica Althea\" \/>\n<meta property=\"og:description\" content=\"49.00 \u20ac 98.00 \u20ac\" \/>\n<meta property=\"og:url\" content=\"https:\/\/www.clinicaalthea.com\/farmacia\/fr\/apt\/levicose\/\" \/>\n<meta property=\"og:site_name\" content=\"Clinica Althea\" \/>\n<meta property=\"article:modified_time\" content=\"2024-07-18T20:18:04+00:00\" \/>\n<meta property=\"og:image\" content=\"https:\/\/www.clinicaalthea.com\/farmacia\/wp-content\/uploads\/2024\/07\/LEVICOSE.jpg\" \/>\n\t<meta property=\"og:image:width\" content=\"768\" \/>\n\t<meta property=\"og:image:height\" content=\"768\" \/>\n\t<meta property=\"og:image:type\" content=\"image\/jpeg\" \/>\n<meta name=\"twitter:card\" content=\"summary_large_image\" \/>\n<meta name=\"twitter:label1\" content=\"Szacowany czas czytania\" \/>\n\t<meta name=\"twitter:data1\" content=\"10 minut\" \/>\n<script type=\"application\/ld+json\" class=\"yoast-schema-graph\">{\"@context\":\"https:\\\/\\\/schema.org\",\"@graph\":[{\"@type\":\"WebPage\",\"@id\":\"https:\\\/\\\/www.clinicaalthea.com\\\/farmacia\\\/fr\\\/apt\\\/levicose\\\/\",\"url\":\"https:\\\/\\\/www.clinicaalthea.com\\\/farmacia\\\/fr\\\/apt\\\/levicose\\\/\",\"name\":\"Levicose - Clinica Althea\",\"isPartOf\":{\"@id\":\"https:\\\/\\\/www.clinicaalthea.com\\\/farmacia\\\/#website\"},\"primaryImageOfPage\":{\"@id\":\"https:\\\/\\\/www.clinicaalthea.com\\\/farmacia\\\/fr\\\/apt\\\/levicose\\\/#primaryimage\"},\"image\":{\"@id\":\"https:\\\/\\\/www.clinicaalthea.com\\\/farmacia\\\/fr\\\/apt\\\/levicose\\\/#primaryimage\"},\"thumbnailUrl\":\"https:\\\/\\\/www.clinicaalthea.com\\\/farmacia\\\/wp-content\\\/uploads\\\/2024\\\/07\\\/LEVICOSE.jpg\",\"datePublished\":\"2024-07-18T20:16:37+00:00\",\"dateModified\":\"2024-07-18T20:18:04+00:00\",\"breadcrumb\":{\"@id\":\"https:\\\/\\\/www.clinicaalthea.com\\\/farmacia\\\/fr\\\/apt\\\/levicose\\\/#breadcrumb\"},\"inLanguage\":\"pl-PL\",\"potentialAction\":[{\"@type\":\"ReadAction\",\"target\":[\"https:\\\/\\\/www.clinicaalthea.com\\\/farmacia\\\/fr\\\/apt\\\/levicose\\\/\"]}]},{\"@type\":\"ImageObject\",\"inLanguage\":\"pl-PL\",\"@id\":\"https:\\\/\\\/www.clinicaalthea.com\\\/farmacia\\\/fr\\\/apt\\\/levicose\\\/#primaryimage\",\"url\":\"https:\\\/\\\/www.clinicaalthea.com\\\/farmacia\\\/wp-content\\\/uploads\\\/2024\\\/07\\\/LEVICOSE.jpg\",\"contentUrl\":\"https:\\\/\\\/www.clinicaalthea.com\\\/farmacia\\\/wp-content\\\/uploads\\\/2024\\\/07\\\/LEVICOSE.jpg\",\"width\":768,\"height\":768,\"caption\":\"Levicose\"},{\"@type\":\"BreadcrumbList\",\"@id\":\"https:\\\/\\\/www.clinicaalthea.com\\\/farmacia\\\/fr\\\/apt\\\/levicose\\\/#breadcrumb\",\"itemListElement\":[{\"@type\":\"ListItem\",\"position\":1,\"name\":\"Strona g\u0142\u00f3wna\",\"item\":\"https:\\\/\\\/www.clinicaalthea.com\\\/farmacia\\\/\"},{\"@type\":\"ListItem\",\"position\":2,\"name\":\"Produkty\",\"item\":\"https:\\\/\\\/www.clinicaalthea.com\\\/farmacia\\\/\"},{\"@type\":\"ListItem\",\"position\":3,\"name\":\"Levicose\"}]},{\"@type\":\"WebSite\",\"@id\":\"https:\\\/\\\/www.clinicaalthea.com\\\/farmacia\\\/#website\",\"url\":\"https:\\\/\\\/www.clinicaalthea.com\\\/farmacia\\\/\",\"name\":\"Clinica Althea\",\"description\":\"\",\"publisher\":{\"@id\":\"https:\\\/\\\/www.clinicaalthea.com\\\/farmacia\\\/#organization\"},\"potentialAction\":[{\"@type\":\"SearchAction\",\"target\":{\"@type\":\"EntryPoint\",\"urlTemplate\":\"https:\\\/\\\/www.clinicaalthea.com\\\/farmacia\\\/?s={search_term_string}\"},\"query-input\":{\"@type\":\"PropertyValueSpecification\",\"valueRequired\":true,\"valueName\":\"search_term_string\"}}],\"inLanguage\":\"pl-PL\"},{\"@type\":\"Organization\",\"@id\":\"https:\\\/\\\/www.clinicaalthea.com\\\/farmacia\\\/#organization\",\"name\":\"Clinica Althea\",\"url\":\"https:\\\/\\\/www.clinicaalthea.com\\\/farmacia\\\/\",\"logo\":{\"@type\":\"ImageObject\",\"inLanguage\":\"pl-PL\",\"@id\":\"https:\\\/\\\/www.clinicaalthea.com\\\/farmacia\\\/#\\\/schema\\\/logo\\\/image\\\/\",\"url\":\"https:\\\/\\\/www.clinicaalthea.com\\\/farmacia\\\/wp-content\\\/uploads\\\/2023\\\/12\\\/Jak-diagnozuje-sie-FAS_-objawy-kryteria-diagnostyczne-i-metody-diagnozowania-154162903.jpg\",\"contentUrl\":\"https:\\\/\\\/www.clinicaalthea.com\\\/farmacia\\\/wp-content\\\/uploads\\\/2023\\\/12\\\/Jak-diagnozuje-sie-FAS_-objawy-kryteria-diagnostyczne-i-metody-diagnozowania-154162903.jpg\",\"width\":1216,\"height\":832,\"caption\":\"Clinica Althea\"},\"image\":{\"@id\":\"https:\\\/\\\/www.clinicaalthea.com\\\/farmacia\\\/#\\\/schema\\\/logo\\\/image\\\/\"}}]}<\/script>\n<!-- \/ Yoast SEO plugin. -->","yoast_head_json":{"title":"Levicose - Clinica Althea","robots":{"index":"index","follow":"follow","max-snippet":"max-snippet:-1","max-image-preview":"max-image-preview:large","max-video-preview":"max-video-preview:-1"},"canonical":"https:\/\/www.clinicaalthea.com\/farmacia\/fr\/apt\/levicose\/","og_locale":"pl_PL","og_type":"article","og_title":"Levicose - Clinica Althea","og_description":"49.00 \u20ac 98.00 \u20ac","og_url":"https:\/\/www.clinicaalthea.com\/farmacia\/fr\/apt\/levicose\/","og_site_name":"Clinica Althea","article_modified_time":"2024-07-18T20:18:04+00:00","og_image":[{"width":768,"height":768,"url":"https:\/\/www.clinicaalthea.com\/farmacia\/wp-content\/uploads\/2024\/07\/LEVICOSE.jpg","type":"image\/jpeg"}],"twitter_card":"summary_large_image","twitter_misc":{"Szacowany czas czytania":"10 minut"},"schema":{"@context":"https:\/\/schema.org","@graph":[{"@type":"WebPage","@id":"https:\/\/www.clinicaalthea.com\/farmacia\/fr\/apt\/levicose\/","url":"https:\/\/www.clinicaalthea.com\/farmacia\/fr\/apt\/levicose\/","name":"Levicose - Clinica Althea","isPartOf":{"@id":"https:\/\/www.clinicaalthea.com\/farmacia\/#website"},"primaryImageOfPage":{"@id":"https:\/\/www.clinicaalthea.com\/farmacia\/fr\/apt\/levicose\/#primaryimage"},"image":{"@id":"https:\/\/www.clinicaalthea.com\/farmacia\/fr\/apt\/levicose\/#primaryimage"},"thumbnailUrl":"https:\/\/www.clinicaalthea.com\/farmacia\/wp-content\/uploads\/2024\/07\/LEVICOSE.jpg","datePublished":"2024-07-18T20:16:37+00:00","dateModified":"2024-07-18T20:18:04+00:00","breadcrumb":{"@id":"https:\/\/www.clinicaalthea.com\/farmacia\/fr\/apt\/levicose\/#breadcrumb"},"inLanguage":"pl-PL","potentialAction":[{"@type":"ReadAction","target":["https:\/\/www.clinicaalthea.com\/farmacia\/fr\/apt\/levicose\/"]}]},{"@type":"ImageObject","inLanguage":"pl-PL","@id":"https:\/\/www.clinicaalthea.com\/farmacia\/fr\/apt\/levicose\/#primaryimage","url":"https:\/\/www.clinicaalthea.com\/farmacia\/wp-content\/uploads\/2024\/07\/LEVICOSE.jpg","contentUrl":"https:\/\/www.clinicaalthea.com\/farmacia\/wp-content\/uploads\/2024\/07\/LEVICOSE.jpg","width":768,"height":768,"caption":"Levicose"},{"@type":"BreadcrumbList","@id":"https:\/\/www.clinicaalthea.com\/farmacia\/fr\/apt\/levicose\/#breadcrumb","itemListElement":[{"@type":"ListItem","position":1,"name":"Strona g\u0142\u00f3wna","item":"https:\/\/www.clinicaalthea.com\/farmacia\/"},{"@type":"ListItem","position":2,"name":"Produkty","item":"https:\/\/www.clinicaalthea.com\/farmacia\/"},{"@type":"ListItem","position":3,"name":"Levicose"}]},{"@type":"WebSite","@id":"https:\/\/www.clinicaalthea.com\/farmacia\/#website","url":"https:\/\/www.clinicaalthea.com\/farmacia\/","name":"Clinica Althea","description":"","publisher":{"@id":"https:\/\/www.clinicaalthea.com\/farmacia\/#organization"},"potentialAction":[{"@type":"SearchAction","target":{"@type":"EntryPoint","urlTemplate":"https:\/\/www.clinicaalthea.com\/farmacia\/?s={search_term_string}"},"query-input":{"@type":"PropertyValueSpecification","valueRequired":true,"valueName":"search_term_string"}}],"inLanguage":"pl-PL"},{"@type":"Organization","@id":"https:\/\/www.clinicaalthea.com\/farmacia\/#organization","name":"Clinica Althea","url":"https:\/\/www.clinicaalthea.com\/farmacia\/","logo":{"@type":"ImageObject","inLanguage":"pl-PL","@id":"https:\/\/www.clinicaalthea.com\/farmacia\/#\/schema\/logo\/image\/","url":"https:\/\/www.clinicaalthea.com\/farmacia\/wp-content\/uploads\/2023\/12\/Jak-diagnozuje-sie-FAS_-objawy-kryteria-diagnostyczne-i-metody-diagnozowania-154162903.jpg","contentUrl":"https:\/\/www.clinicaalthea.com\/farmacia\/wp-content\/uploads\/2023\/12\/Jak-diagnozuje-sie-FAS_-objawy-kryteria-diagnostyczne-i-metody-diagnozowania-154162903.jpg","width":1216,"height":832,"caption":"Clinica Althea"},"image":{"@id":"https:\/\/www.clinicaalthea.com\/farmacia\/#\/schema\/logo\/image\/"}}]}},"lang":"fr","translations":{"fr":7591,"pl":7565,"bg":7568,"hu":7570,"de":7572,"el":7574,"es":7576,"it":7578,"lt":7581,"pt":7583,"ro":7585,"sk":7587,"sl":7589,"cs":7593,"nl":7595},"pll_sync_post":[],"_links":{"self":[{"href":"https:\/\/www.clinicaalthea.com\/farmacia\/wp-json\/wp\/v2\/product\/7591","targetHints":{"allow":["GET"]}}],"collection":[{"href":"https:\/\/www.clinicaalthea.com\/farmacia\/wp-json\/wp\/v2\/product"}],"about":[{"href":"https:\/\/www.clinicaalthea.com\/farmacia\/wp-json\/wp\/v2\/types\/product"}],"replies":[{"embeddable":true,"href":"https:\/\/www.clinicaalthea.com\/farmacia\/wp-json\/wp\/v2\/comments?post=7591"}],"wp:featuredmedia":[{"embeddable":true,"href":"https:\/\/www.clinicaalthea.com\/farmacia\/wp-json\/wp\/v2\/media\/7566"}],"wp:attachment":[{"href":"https:\/\/www.clinicaalthea.com\/farmacia\/wp-json\/wp\/v2\/media?parent=7591"}],"wp:term":[{"taxonomy":"product_brand","embeddable":true,"href":"https:\/\/www.clinicaalthea.com\/farmacia\/wp-json\/wp\/v2\/product_brand?post=7591"},{"taxonomy":"product_cat","embeddable":true,"href":"https:\/\/www.clinicaalthea.com\/farmacia\/wp-json\/wp\/v2\/product_cat?post=7591"},{"taxonomy":"product_tag","embeddable":true,"href":"https:\/\/www.clinicaalthea.com\/farmacia\/wp-json\/wp\/v2\/product_tag?post=7591"}],"curies":[{"name":"wp","href":"https:\/\/api.w.org\/{rel}","templated":true}]}}