{"id":7587,"date":"2024-07-18T21:12:47","date_gmt":"2024-07-18T20:12:47","guid":{"rendered":"https:\/\/mayoguide.org\/produkty\/?post_type=product&#038;p=7587"},"modified":"2024-07-18T21:18:04","modified_gmt":"2024-07-18T20:18:04","slug":"levicose","status":"publish","type":"product","link":"https:\/\/www.clinicaalthea.com\/farmacia\/sk\/apt\/levicose\/","title":{"rendered":"Levicose"},"content":{"rendered":"\n<h2 class=\"wp-block-heading\">\u010co je liek Levicose a ako funguje?<\/h2>\n\n\n\n<p>Levicose je g\u00e9l na nohy ur\u010den\u00fd na podporu zdravia \u017e\u00edl. Jeho jedine\u010dn\u00e9 <b>zlo\u017eenie<\/b> obsahuje troxerut\u00edn, lykop\u00e9n, arniku, mentol, jablkov\u00fd extrakt a med. Troxerut\u00edn podporuje spr\u00e1vne fungovanie ciev, lykop\u00e9n m\u00e1 antioxida\u010dn\u00fd \u00fa\u010dinok, arnika m\u00e1 tonizuj\u00faci \u00fa\u010dinok na poko\u017eku, mentol poskytuje osvie\u017euj\u00faci pocit, jablkov\u00fd extrakt hydratuje poko\u017eku a med m\u00e1 upokojuj\u00faci a upokojuj\u00faci \u00fa\u010dinok. V\u010faka tejto kombin\u00e1cii zlo\u017eiek p\u00f4sob\u00ed Levicose na mnoh\u00fdch \u00farovniach &#8211; vyhladzuje a tonizuje poko\u017eku, zlep\u0161uje krvn\u00fd obeh a zni\u017euje pocit unaven\u00fdch n\u00f4h.<\/p>\n\n\n\n<h2 class=\"wp-block-heading\">V\u00fdhody Levicose &#8211; \u00fa\u010dinky<\/h2>\n\n\n\n<p>Zdravie na\u0161ich n\u00f4h a \u017e\u00edl je mimoriadne d\u00f4le\u017eit\u00e9 pre celkov\u00fa pohodu a komfort. Dlhodob\u00e9 <b>pou\u017e\u00edvanie<\/b> najmodernej\u0161ieho g\u00e9lu na nohy Levicose m\u00f4\u017ee ma\u0165 pre zdravie \u017e\u00edl mnoho <b>v\u00fdhod<\/b>. Tu s\u00fa niektor\u00e9 z \u00fa\u010dinkov, ktor\u00e9 mo\u017eno dosiahnu\u0165 pravideln\u00fdm pou\u017e\u00edvan\u00edm lieku Levicose:<\/p>\n\n\n\n<ol class=\"wp-block-list\">\n<li><em>Udr\u017eiavanie pru\u017enosti ciev:<\/em> Levicose obsahuje zlo\u017eky ako troxerut\u00edn a lykop\u00e9n, ktor\u00e9 podporuj\u00fa spr\u00e1vne fungovanie ciev. Dlhodob\u00e9 <b>pou\u017e\u00edvanie<\/b> g\u00e9lu m\u00f4\u017ee pom\u00f4c\u0165 udr\u017ea\u0165 pru\u017enos\u0165 ciev, ktor\u00e1 je pre zdrav\u00e9 \u017eily k\u013e\u00fa\u010dov\u00e1.<\/li>\n\n\n\n<li><em>Zn\u00ed\u017eenie vidite\u013enosti k\u0155\u010dov\u00fdch \u017e\u00edl<\/em>: Vidite\u013en\u00e9 k\u0155\u010dov\u00e9 \u017eily m\u00f4\u017eu by\u0165 pre mnoh\u00fdch \u013eud\u00ed estetick\u00fdm probl\u00e9mom. Levicose m\u00f4\u017ee pom\u00f4c\u0165 zn\u00ed\u017ei\u0165 vidite\u013enos\u0165 k\u0155\u010dov\u00fdch \u017e\u00edl a zlep\u0161i\u0165 ich vzh\u013ead, \u010do vedie k v\u00e4\u010d\u0161iemu sebavedomiu v ka\u017edodennom \u017eivote.<\/li>\n\n\n\n<li><em>Zmiernenie bolesti a opuchov n\u00f4h:<\/em> Ak trp\u00edte boles\u0165ou alebo opuchmi n\u00f4h, Levicose m\u00f4\u017ee by\u0165 t\u00fdm spr\u00e1vnym rie\u0161en\u00edm. Zlo\u017eky g\u00e9lu, ako je arnika a mentol, maj\u00fa upokojuj\u00faci a osvie\u017euj\u00faci \u00fa\u010dinok, prin\u00e1\u0161aj\u00fa \u00fa\u013eavu a zni\u017euj\u00fa nepr\u00edjemn\u00e9 pocity.<\/li>\n\n\n\n<li><em>Zmiernenie pocitu \u0165a\u017eoby a \u00fanavy:<\/em> Dlhodob\u00e9 st\u00e1tie alebo sedenie, intenz\u00edvny tr\u00e9ning alebo dlh\u00e9 cestovanie \u010dasto sprev\u00e1dza pocit \u0165a\u017eoby a \u00fanavy v noh\u00e1ch. Levicose m\u00f4\u017ee pom\u00f4c\u0165 zmierni\u0165 tieto nepr\u00edjemn\u00e9 pocity t\u00fdm, \u017ee poskytne pocit \u013eah\u0161\u00edch a svie\u017eej\u0161\u00edch n\u00f4h.<\/li>\n\n\n\n<li><em>Zlep\u0161enie krvn\u00e9ho obehu:<\/em> Zdrav\u00fd krvn\u00fd obeh je nevyhnutn\u00fd pre udr\u017eanie dobr\u00e9ho stavu n\u00f4h. Levicose m\u00f4\u017ee v\u010faka svojmu jedine\u010dn\u00e9mu zlo\u017eeniu pom\u00f4c\u0165 zlep\u0161i\u0165 krvn\u00fd obeh, \u010do vedie k lep\u0161ej funkcii ciev a v\u00e4\u010d\u0161iemu fyzick\u00e9mu pohodliu.<\/li>\n\n\n\n<li><em>R\u00fdchlej\u0161ia regener\u00e1cia po intenz\u00edvnom tr\u00e9ningu:<\/em> Ak vediete akt\u00edvny \u017eivotn\u00fd \u0161t\u00fdl a pravidelne tr\u00e9nujete, levic\u00f3za m\u00f4\u017ee by\u0165 u\u017eito\u010dn\u00e1 v procese regener\u00e1cie po tr\u00e9ningu. V\u010faka hydrata\u010dn\u00e9mu a upokojuj\u00facemu \u00fa\u010dinku na poko\u017eku m\u00f4\u017ee g\u00e9l ur\u00fdchli\u0165 regener\u00e1ciu svalov a prinies\u0165 pocit uvo\u013enenia.<\/li>\n<\/ol>\n\n\n\n<p>Pravideln\u00e9 <b>pou\u017e\u00edvanie lieku<\/b> Levicose m\u00f4\u017ee prinies\u0165 mnoho <b>v\u00fdhod pre<\/b> va\u0161e nohy a \u017eily. V\u010faka <b>p\u00f4sobeniu<\/b> g\u00e9lu na poko\u017eku a cievy sa budete c\u00edti\u0165 lep\u0161ie a pohodlnej\u0161ie vo svojom tele. Majte v\u0161ak na pam\u00e4ti, \u017ee osobn\u00e9 v\u00fdsledky sa m\u00f4\u017eu l\u00ed\u0161i\u0165 v z\u00e1vislosti od individu\u00e1lnych podmienok a reakci\u00ed organizmu, preto sa oplat\u00ed vysk\u00fa\u0161a\u0165 Levicose na vlastnej ko\u017ei a vysk\u00fa\u0161a\u0165 si jeho \u00fa\u010dinky.<\/p>\n\n\n\n<h2 class=\"wp-block-heading\">Ako pou\u017e\u00edva\u0165 Levicose &#8211; n\u00e1vod na pou\u017eitie a d\u00e1vkovanie<\/h2>\n\n\n\n<p>Na dosiahnutie najlep\u0161\u00edch <b>v\u00fdsledkov<\/b> je d\u00f4le\u017eit\u00e9 dodr\u017eiava\u0165 spr\u00e1vne pokyny na pou\u017e\u00edvanie a d\u00e1vkovanie lieku Levicose. Ni\u017e\u0161ie s\u00fa uveden\u00e9 <b>pokyny, ktor\u00e9<\/b> v\u00e1m pom\u00f4\u017eu spr\u00e1vne pou\u017e\u00edva\u0165 g\u00e9l.<\/p>\n\n\n\n<ol class=\"wp-block-list\">\n<li>Pred za\u010dat\u00edm lie\u010dby liekom Levicose sa uistite, \u017ee poko\u017eka va\u0161ich n\u00f4h je \u010dist\u00e1 a such\u00e1.<\/li>\n\n\n\n<li>Naneste mal\u00e9 mno\u017estvo g\u00e9lu na oblas\u0165 n\u00f4h, ktor\u00fa chcete o\u0161etri\u0165. Nezabudnite ho rovnomerne rozotrie\u0165 po poko\u017eke.<\/li>\n\n\n\n<li>Kr\u00fa\u017eiv\u00fdmi pohybmi jemne vmas\u00edrujte g\u00e9l do poko\u017eky. Mas\u00e1\u017e napom\u00e1ha lep\u0161iemu vstreb\u00e1vaniu \u00fa\u010dinn\u00fdch l\u00e1tok do poko\u017eky.<\/li>\n\n\n\n<li>Mas\u00edrujte, k\u00fdm sa g\u00e9l \u00faplne nevstrebe. M\u00f4\u017ee to trva\u0165 nieko\u013eko min\u00fat, preto bu\u010fte trpezliv\u00ed.<\/li>\n\n\n\n<li>Pre dosiahnutie najlep\u0161\u00edch v\u00fdsledkov sa odpor\u00fa\u010da pou\u017e\u00edva\u0165 Levicose 2-3 kr\u00e1t denne. M\u00f4\u017eete ho aplikova\u0165 r\u00e1no a ve\u010der alebo v inom vhodnom \u010dase po\u010das d\u0148a.<\/li>\n<\/ol>\n\n\n\n<p>Pred pou\u017eit\u00edm g\u00e9lu je dobr\u00e9 skontrolova\u0165 si poko\u017eku kv\u00f4li mo\u017enej alergickej reakcii. Mal\u00e9 mno\u017estvo g\u00e9lu m\u00f4\u017eete nanies\u0165 na mal\u00fa oblas\u0165 poko\u017eky a 24 hod\u00edn sledova\u0165 reakciu. Ak sa po tomto \u010dase neobjavia \u017eiadne alergick\u00e9 reakcie, m\u00f4\u017eete g\u00e9l bezpe\u010dne pou\u017e\u00edva\u0165. Vyhnite sa kontaktu g\u00e9lu s o\u010dami a otvoren\u00fdmi ranami, aby ste predi\u0161li podr\u00e1\u017edeniu.<\/p>\n\n\n\n<p>Existuje v\u0161ak nieko\u013eko skup\u00edn \u013eud\u00ed, ktor\u00ed by sa mali zdr\u017ea\u0165 pou\u017e\u00edvania lieku Levicose. G\u00e9l nepou\u017e\u00edvajte, ak ste tehotn\u00e1, doj\u010d\u00edte, ste alergick\u00e1 na niektor\u00fa zo zlo\u017eiek, ste die\u0165a mlad\u0161ie ako 3 roky alebo m\u00e1te na poko\u017eke otvoren\u00e9 rany. Ak sa u v\u00e1s vyskytn\u00fa ak\u00e9ko\u013evek ne\u017eiaduce ved\u013eaj\u0161ie \u00fa\u010dinky alebo alergick\u00e1 reakcia, okam\u017eite presta\u0148te g\u00e9l pou\u017e\u00edva\u0165 a pora\u010fte sa so svoj\u00edm lek\u00e1rom.<\/p>\n\n\n\n<h3 class=\"wp-block-heading\">S\u00fahrn n\u00e1vodu na pou\u017eitie a d\u00e1vkovanie lieku Levicose:<\/h3>\n\n\n\n<p>Ak chcete dosiahnu\u0165 najlep\u0161ie v\u00fdsledky lieku Levicose, nezabudnite spr\u00e1vne dodr\u017eiava\u0165 pokyny na aplik\u00e1ciu a d\u00e1vkovanie. Mali by ste:<br>&#8211; G\u00e9l naneste na \u010dist\u00fa a such\u00fa poko\u017eku n\u00f4h.<br>&#8211; Naneste mal\u00e9 mno\u017estvo g\u00e9lu a jemne mas\u00edrujte, k\u00fdm sa \u00faplne nevstrebe.<br>&#8211; G\u00e9l aplikujte 2 a\u017e 3-kr\u00e1t denne.<br>&#8211; Vyhnite sa kontaktu g\u00e9lu s o\u010dami.<br>&#8211; G\u00e9l nepou\u017e\u00edvajte na tehotn\u00e9 alebo doj\u010diace \u017eeny, deti do 3 rokov a osoby s individu\u00e1lnou nezn\u00e1\u0161anlivos\u0165ou zlo\u017eiek alebo na otvoren\u00e9 rany.<\/p>\n\n\n\n<figure class=\"wp-block-table\"><table><tbody><tr><th>Zlo\u017eenie lieku Levicose<\/th><th>Popis<\/th><\/tr><tr><td>Troxerut\u00edn<\/td><td>Zlo\u017eka, ktor\u00e1 podporuje spr\u00e1vne fungovanie ciev.<\/td><\/tr><tr><td>Lykop\u00e9n<\/td><td>M\u00e1 antioxida\u010dn\u00fd \u00fa\u010dinok a p\u00f4sob\u00ed proti \u0161kodliv\u00fdm \u00fa\u010dinkom vo\u013en\u00fdch radik\u00e1lov.<\/td><\/tr><tr><td>Arnika<\/td><td>M\u00e1 tonizuj\u00face \u00fa\u010dinky na poko\u017eku n\u00f4h.<\/td><\/tr><tr><td>Mentol<\/td><td>Poskytuje osvie\u017euj\u00faci pocit a m\u00e1 upokojuj\u00faci \u00fa\u010dinok na poko\u017eku.<\/td><\/tr><tr><td>Jablkov\u00fd extrakt<\/td><td>Hydratuje poko\u017eku a pom\u00e1ha jej regenerova\u0165.<\/td><\/tr><tr><td>Med<\/td><td>M\u00e1 upokojuj\u00faci a upokojuj\u00faci \u00fa\u010dinok na poko\u017eku n\u00f4h.<\/td><\/tr><\/tbody><\/table><\/figure>\n\n\n\n<h2 class=\"wp-block-heading\">Recenzie a n\u00e1zory na Levicose<\/h2>\n\n\n\n<p>Levicose je produkt, ktor\u00fd z\u00edskal pozit\u00edvne <b>recenzie<\/b> a <b>sp\u00e4tn\u00fa v\u00e4zbu<\/b> od pou\u017e\u00edvate\u013eov. Mnoh\u00ed \u013eudia si pochva\u013euj\u00fa <b>\u00fa\u010dinok<\/b> g\u00e9lu na zn\u00ed\u017eenie bolesti, \u00fanavy a opuchnut\u00fdch n\u00f4h. Pou\u017e\u00edvatelia tie\u017e zaznamen\u00e1vaj\u00fa zlep\u0161enie krvn\u00e9ho obehu a pocit osvie\u017eenia a uvo\u013enenia po pou\u017eit\u00ed Levicose. Niektor\u00ed si v\u0161imli aj zn\u00ed\u017eenie v\u00fdskytu k\u0155\u010dov\u00fdch \u017e\u00edl. Treba v\u0161ak ma\u0165 na pam\u00e4ti, \u017ee <b>\u00fa\u010dinky<\/b> g\u00e9lu sa m\u00f4\u017eu l\u00ed\u0161i\u0165 v z\u00e1vislosti od individu\u00e1lnych podmienok a reakcie organizmu.<\/p>\n\n\n\n<h2 class=\"wp-block-heading\">Levicose &#8211; Zlo\u017eenie<\/h2>\n\n\n\n<p><b>Zlo\u017eenie<\/b> Levicose obsahuje troxerut\u00edn, lykop\u00e9n, arniku, mentol, jablkov\u00fd extrakt a med. Ka\u017ed\u00e1 z t\u00fdchto zlo\u017eiek m\u00e1 svoje jedine\u010dn\u00e9 vlastnosti a \u00fa\u010dinky na zdravie n\u00f4h.<\/p>\n\n\n\n<p>Troxerut\u00edn je l\u00e1tka, ktor\u00e1 m\u00e1 vazodilata\u010dn\u00e9 vlastnosti, \u010do zlep\u0161uje krvn\u00fd obeh v noh\u00e1ch. Lykop\u00e9n m\u00e1 zasa antioxida\u010dn\u00fd \u00fa\u010dinok a chr\u00e1ni bunky pred \u0161kodliv\u00fdmi \u00fa\u010dinkami vo\u013en\u00fdch radik\u00e1lov.<\/p>\n\n\n\n<p>Arnika m\u00e1 tonizuj\u00faci \u00fa\u010dinok na poko\u017eku n\u00f4h a zlep\u0161uje jej pru\u017enos\u0165. Mentol medzit\u00fdm poskytuje osvie\u017euj\u00faci a uvo\u013e\u0148uj\u00faci pocit, \u010d\u00edm zmier\u0148uje \u00fanavu n\u00f4h. V\u00fd\u0165a\u017eok z jablka m\u00e1 hydrata\u010dn\u00fd \u00fa\u010dinok, \u010d\u00edm zni\u017euje suchos\u0165 poko\u017eky, zatia\u013e \u010do med m\u00e1 upokojuj\u00faci a upokojuj\u00faci \u00fa\u010dinok, \u010d\u00edm pom\u00e1ha zmierni\u0165 ak\u00e9ko\u013evek nepr\u00edjemn\u00e9 pocity.<\/p>\n\n\n\n<p>V\u010faka vyv\u00e1\u017eenej kombin\u00e1cii t\u00fdchto zlo\u017eiek pon\u00faka Levicose komplexn\u00fa starostlivos\u0165 o nohy, zlep\u0161uje krvn\u00fd obeh, hydratuje poko\u017eku a upokojuje podr\u00e1\u017edenie.<\/p>\n\n\n\n<figure class=\"wp-block-table\"><table><tbody><tr><th>Zlo\u017eky<\/th><th>Vlastnosti<\/th><\/tr><tr><td>Troxerut\u00edn<\/td><td>Zlep\u0161uje krvn\u00fd obeh v noh\u00e1ch<\/td><\/tr><tr><td>Lykop\u00e9n<\/td><td>Antioxida\u010dn\u00fd \u00fa\u010dinok<\/td><\/tr><tr><td>Arnika<\/td><td>M\u00e1 tonizuj\u00faci \u00fa\u010dinok na poko\u017eku n\u00f4h<\/td><\/tr><tr><td>Mentol<\/td><td>Poskytuje osvie\u017euj\u00faci pocit<\/td><\/tr><tr><td>Jablkov\u00fd extrakt<\/td><td>Hydratuje poko\u017eku<\/td><\/tr><tr><td>Med<\/td><td>M\u00e1 upokojuj\u00faci a upokojuj\u00faci \u00fa\u010dinok<\/td><\/tr><\/tbody><\/table><\/figure>\n\n\n\n<h2 class=\"wp-block-heading\">Kde k\u00fapi\u0165 Levicose &#8211; cena<\/h2>\n\n\n\n<p>Levicose si m\u00f4\u017eete zak\u00fapi\u0165 na ofici\u00e1lnej webovej str\u00e1nke v\u00fdrobcu. Stoj\u00ed za to rozhodn\u00fa\u0165 sa pre n\u00e1kup prostredn\u00edctvom ofici\u00e1lneho distribu\u010dn\u00e9ho kan\u00e1la, aby ste sa uistili, \u017ee dost\u00e1vate origin\u00e1lny v\u00fdrobok. <b>Cena<\/b> Levicose sa m\u00f4\u017ee l\u00ed\u0161i\u0165 v z\u00e1vislosti od propaga\u010dnej akcie a balenia.<\/p>\n\n\n\n<p>Ak si chcete k\u00fapi\u0165 Levicose, nav\u0161t\u00edvte ofici\u00e1lnu webov\u00fa str\u00e1nku v\u00fdrobcu a objednajte si ho. Na webovej str\u00e1nke v\u00fdrobcu n\u00e1jdete podrobn\u00e9 inform\u00e1cie o v\u00fdrobku, n\u00e1vod na pou\u017eitie a aktu\u00e1lne akcie, ktor\u00e9 m\u00f4\u017eu ovplyvni\u0165 cenu.<\/p>\n\n\n\n<p>Ur\u010dite sa oplat\u00ed vybra\u0165 si ofici\u00e1lny distribu\u010dn\u00fd kan\u00e1l, preto\u017ee je zaru\u010den\u00e9, \u017ee dostanete origin\u00e1lny a vysokokvalitn\u00fd v\u00fdrobok. Vyhnite sa n\u00e1kupu z ned\u00f4veryhodn\u00fdch zdrojov, aby ste sa vyhli falzifik\u00e1tom, ktor\u00e9 m\u00f4\u017eu by\u0165 ne\u00fa\u010dinn\u00e9 alebo dokonca \u0161kodliv\u00e9 pre va\u0161e zdravie.<\/p>\n\n\n\n<h2 class=\"wp-block-heading\">Mo\u017en\u00e9 ved\u013eaj\u0161ie \u00fa\u010dinky a kontraindik\u00e1cie lieku Levicose<\/h2>\n\n\n\n<p>Pred pou\u017eit\u00edm lieku <strong>Levicose<\/strong> je dobr\u00e9 obozn\u00e1mi\u0165 sa s mo\u017en\u00fdmi ved\u013eaj\u0161\u00edmi \u00fa\u010dinkami a kontraindik\u00e1ciami. V pr\u00edpade alergickej reakcie alebo ne\u017eiaducich ved\u013eaj\u0161\u00edch \u00fa\u010dinkov preru\u0161te pou\u017e\u00edvanie g\u00e9lu a pora\u010fte sa so svoj\u00edm lek\u00e1rom.<\/p>\n\n\n\n<p><strong>Levicose<\/strong> g\u00e9l sa nesmie pou\u017e\u00edva\u0165 u tehotn\u00fdch alebo doj\u010diacich \u017eien, u det\u00ed mlad\u0161\u00edch ako 3 roky, u os\u00f4b s individu\u00e1lnou nezn\u00e1\u0161anlivos\u0165ou zlo\u017eiek alebo na otvoren\u00e9 rany. Opatrne zabr\u00e1\u0148te kontaktu g\u00e9lu s o\u010dami, aby nedo\u0161lo k ich podr\u00e1\u017edeniu.<\/p>\n\n\n\n<p>Aby ste zaistili bezpe\u010dnos\u0165 a vyhli sa ved\u013eaj\u0161\u00edm \u00fa\u010dinkom, odpor\u00fa\u010da sa pred za\u010dat\u00edm pravideln\u00e9ho pou\u017e\u00edvania skontrolova\u0165 zlo\u017eky g\u00e9lu a vykona\u0165 alergick\u00fd test. Nezabudnite, \u017ee zdravie a bezpe\u010dnos\u0165 s\u00fa prvorad\u00e9, preto sa v pr\u00edpade pochybnost\u00ed v\u017edy pora\u010fte so svoj\u00edm lek\u00e1rom alebo lek\u00e1rnikom.<\/p>\n","protected":false},"excerpt":{"rendered":"<p><strong>39.00 \u20ac<\/strong><\/p>\n<p><del>78.00 \u20ac<\/del><\/p>\n<p><strong>[date_countdown]<\/strong><\/p>\n","protected":false},"featured_media":7566,"comment_status":"open","ping_status":"closed","template":"","meta":{"neve_meta_sidebar":"","neve_meta_container":"","neve_meta_enable_content_width":"","neve_meta_content_width":0,"neve_meta_title_alignment":"","neve_meta_author_avatar":"","neve_post_elements_order":"","neve_meta_disable_header":"","neve_meta_disable_footer":"","neve_meta_disable_title":"","neve_meta_reading_time":""},"product_brand":[],"product_cat":[169],"product_tag":[],"class_list":{"0":"post-7587","1":"product","2":"type-product","3":"status-publish","4":"has-post-thumbnail","6":"product_cat-zdravie","8":"first","9":"instock","10":"shipping-taxable","11":"product-type-external"},"yoast_head":"<!-- This site is optimized with the Yoast SEO plugin v27.4 - https:\/\/yoast.com\/product\/yoast-seo-wordpress\/ -->\n<title>Levicose - Clinica Althea<\/title>\n<meta name=\"robots\" content=\"index, follow, max-snippet:-1, max-image-preview:large, max-video-preview:-1\" \/>\n<link rel=\"canonical\" href=\"https:\/\/www.clinicaalthea.com\/farmacia\/sk\/apt\/levicose\/\" \/>\n<meta property=\"og:locale\" content=\"pl_PL\" \/>\n<meta property=\"og:type\" content=\"article\" \/>\n<meta property=\"og:title\" content=\"Levicose - Clinica Althea\" \/>\n<meta property=\"og:description\" content=\"39.00 \u20ac 78.00 \u20ac\" \/>\n<meta property=\"og:url\" content=\"https:\/\/www.clinicaalthea.com\/farmacia\/sk\/apt\/levicose\/\" \/>\n<meta property=\"og:site_name\" content=\"Clinica Althea\" \/>\n<meta property=\"article:modified_time\" content=\"2024-07-18T20:18:04+00:00\" \/>\n<meta property=\"og:image\" content=\"https:\/\/www.clinicaalthea.com\/farmacia\/wp-content\/uploads\/2024\/07\/LEVICOSE.jpg\" \/>\n\t<meta property=\"og:image:width\" content=\"768\" \/>\n\t<meta property=\"og:image:height\" content=\"768\" \/>\n\t<meta property=\"og:image:type\" content=\"image\/jpeg\" \/>\n<meta name=\"twitter:card\" content=\"summary_large_image\" \/>\n<meta name=\"twitter:label1\" content=\"Szacowany czas czytania\" \/>\n\t<meta name=\"twitter:data1\" content=\"8 minut\" \/>\n<script type=\"application\/ld+json\" class=\"yoast-schema-graph\">{\"@context\":\"https:\\\/\\\/schema.org\",\"@graph\":[{\"@type\":\"WebPage\",\"@id\":\"https:\\\/\\\/www.clinicaalthea.com\\\/farmacia\\\/sk\\\/apt\\\/levicose\\\/\",\"url\":\"https:\\\/\\\/www.clinicaalthea.com\\\/farmacia\\\/sk\\\/apt\\\/levicose\\\/\",\"name\":\"Levicose - Clinica Althea\",\"isPartOf\":{\"@id\":\"https:\\\/\\\/www.clinicaalthea.com\\\/farmacia\\\/#website\"},\"primaryImageOfPage\":{\"@id\":\"https:\\\/\\\/www.clinicaalthea.com\\\/farmacia\\\/sk\\\/apt\\\/levicose\\\/#primaryimage\"},\"image\":{\"@id\":\"https:\\\/\\\/www.clinicaalthea.com\\\/farmacia\\\/sk\\\/apt\\\/levicose\\\/#primaryimage\"},\"thumbnailUrl\":\"https:\\\/\\\/www.clinicaalthea.com\\\/farmacia\\\/wp-content\\\/uploads\\\/2024\\\/07\\\/LEVICOSE.jpg\",\"datePublished\":\"2024-07-18T20:12:47+00:00\",\"dateModified\":\"2024-07-18T20:18:04+00:00\",\"breadcrumb\":{\"@id\":\"https:\\\/\\\/www.clinicaalthea.com\\\/farmacia\\\/sk\\\/apt\\\/levicose\\\/#breadcrumb\"},\"inLanguage\":\"pl-PL\",\"potentialAction\":[{\"@type\":\"ReadAction\",\"target\":[\"https:\\\/\\\/www.clinicaalthea.com\\\/farmacia\\\/sk\\\/apt\\\/levicose\\\/\"]}]},{\"@type\":\"ImageObject\",\"inLanguage\":\"pl-PL\",\"@id\":\"https:\\\/\\\/www.clinicaalthea.com\\\/farmacia\\\/sk\\\/apt\\\/levicose\\\/#primaryimage\",\"url\":\"https:\\\/\\\/www.clinicaalthea.com\\\/farmacia\\\/wp-content\\\/uploads\\\/2024\\\/07\\\/LEVICOSE.jpg\",\"contentUrl\":\"https:\\\/\\\/www.clinicaalthea.com\\\/farmacia\\\/wp-content\\\/uploads\\\/2024\\\/07\\\/LEVICOSE.jpg\",\"width\":768,\"height\":768,\"caption\":\"Levicose\"},{\"@type\":\"BreadcrumbList\",\"@id\":\"https:\\\/\\\/www.clinicaalthea.com\\\/farmacia\\\/sk\\\/apt\\\/levicose\\\/#breadcrumb\",\"itemListElement\":[{\"@type\":\"ListItem\",\"position\":1,\"name\":\"Strona g\u0142\u00f3wna\",\"item\":\"https:\\\/\\\/www.clinicaalthea.com\\\/farmacia\\\/\"},{\"@type\":\"ListItem\",\"position\":2,\"name\":\"Produkty\",\"item\":\"https:\\\/\\\/www.clinicaalthea.com\\\/farmacia\\\/\"},{\"@type\":\"ListItem\",\"position\":3,\"name\":\"Levicose\"}]},{\"@type\":\"WebSite\",\"@id\":\"https:\\\/\\\/www.clinicaalthea.com\\\/farmacia\\\/#website\",\"url\":\"https:\\\/\\\/www.clinicaalthea.com\\\/farmacia\\\/\",\"name\":\"Clinica Althea\",\"description\":\"\",\"publisher\":{\"@id\":\"https:\\\/\\\/www.clinicaalthea.com\\\/farmacia\\\/#organization\"},\"potentialAction\":[{\"@type\":\"SearchAction\",\"target\":{\"@type\":\"EntryPoint\",\"urlTemplate\":\"https:\\\/\\\/www.clinicaalthea.com\\\/farmacia\\\/?s={search_term_string}\"},\"query-input\":{\"@type\":\"PropertyValueSpecification\",\"valueRequired\":true,\"valueName\":\"search_term_string\"}}],\"inLanguage\":\"pl-PL\"},{\"@type\":\"Organization\",\"@id\":\"https:\\\/\\\/www.clinicaalthea.com\\\/farmacia\\\/#organization\",\"name\":\"Clinica Althea\",\"url\":\"https:\\\/\\\/www.clinicaalthea.com\\\/farmacia\\\/\",\"logo\":{\"@type\":\"ImageObject\",\"inLanguage\":\"pl-PL\",\"@id\":\"https:\\\/\\\/www.clinicaalthea.com\\\/farmacia\\\/#\\\/schema\\\/logo\\\/image\\\/\",\"url\":\"https:\\\/\\\/www.clinicaalthea.com\\\/farmacia\\\/wp-content\\\/uploads\\\/2023\\\/12\\\/Jak-diagnozuje-sie-FAS_-objawy-kryteria-diagnostyczne-i-metody-diagnozowania-154162903.jpg\",\"contentUrl\":\"https:\\\/\\\/www.clinicaalthea.com\\\/farmacia\\\/wp-content\\\/uploads\\\/2023\\\/12\\\/Jak-diagnozuje-sie-FAS_-objawy-kryteria-diagnostyczne-i-metody-diagnozowania-154162903.jpg\",\"width\":1216,\"height\":832,\"caption\":\"Clinica Althea\"},\"image\":{\"@id\":\"https:\\\/\\\/www.clinicaalthea.com\\\/farmacia\\\/#\\\/schema\\\/logo\\\/image\\\/\"}}]}<\/script>\n<!-- \/ Yoast SEO plugin. -->","yoast_head_json":{"title":"Levicose - Clinica Althea","robots":{"index":"index","follow":"follow","max-snippet":"max-snippet:-1","max-image-preview":"max-image-preview:large","max-video-preview":"max-video-preview:-1"},"canonical":"https:\/\/www.clinicaalthea.com\/farmacia\/sk\/apt\/levicose\/","og_locale":"pl_PL","og_type":"article","og_title":"Levicose - Clinica Althea","og_description":"39.00 \u20ac 78.00 \u20ac","og_url":"https:\/\/www.clinicaalthea.com\/farmacia\/sk\/apt\/levicose\/","og_site_name":"Clinica Althea","article_modified_time":"2024-07-18T20:18:04+00:00","og_image":[{"width":768,"height":768,"url":"https:\/\/www.clinicaalthea.com\/farmacia\/wp-content\/uploads\/2024\/07\/LEVICOSE.jpg","type":"image\/jpeg"}],"twitter_card":"summary_large_image","twitter_misc":{"Szacowany czas czytania":"8 minut"},"schema":{"@context":"https:\/\/schema.org","@graph":[{"@type":"WebPage","@id":"https:\/\/www.clinicaalthea.com\/farmacia\/sk\/apt\/levicose\/","url":"https:\/\/www.clinicaalthea.com\/farmacia\/sk\/apt\/levicose\/","name":"Levicose - Clinica Althea","isPartOf":{"@id":"https:\/\/www.clinicaalthea.com\/farmacia\/#website"},"primaryImageOfPage":{"@id":"https:\/\/www.clinicaalthea.com\/farmacia\/sk\/apt\/levicose\/#primaryimage"},"image":{"@id":"https:\/\/www.clinicaalthea.com\/farmacia\/sk\/apt\/levicose\/#primaryimage"},"thumbnailUrl":"https:\/\/www.clinicaalthea.com\/farmacia\/wp-content\/uploads\/2024\/07\/LEVICOSE.jpg","datePublished":"2024-07-18T20:12:47+00:00","dateModified":"2024-07-18T20:18:04+00:00","breadcrumb":{"@id":"https:\/\/www.clinicaalthea.com\/farmacia\/sk\/apt\/levicose\/#breadcrumb"},"inLanguage":"pl-PL","potentialAction":[{"@type":"ReadAction","target":["https:\/\/www.clinicaalthea.com\/farmacia\/sk\/apt\/levicose\/"]}]},{"@type":"ImageObject","inLanguage":"pl-PL","@id":"https:\/\/www.clinicaalthea.com\/farmacia\/sk\/apt\/levicose\/#primaryimage","url":"https:\/\/www.clinicaalthea.com\/farmacia\/wp-content\/uploads\/2024\/07\/LEVICOSE.jpg","contentUrl":"https:\/\/www.clinicaalthea.com\/farmacia\/wp-content\/uploads\/2024\/07\/LEVICOSE.jpg","width":768,"height":768,"caption":"Levicose"},{"@type":"BreadcrumbList","@id":"https:\/\/www.clinicaalthea.com\/farmacia\/sk\/apt\/levicose\/#breadcrumb","itemListElement":[{"@type":"ListItem","position":1,"name":"Strona g\u0142\u00f3wna","item":"https:\/\/www.clinicaalthea.com\/farmacia\/"},{"@type":"ListItem","position":2,"name":"Produkty","item":"https:\/\/www.clinicaalthea.com\/farmacia\/"},{"@type":"ListItem","position":3,"name":"Levicose"}]},{"@type":"WebSite","@id":"https:\/\/www.clinicaalthea.com\/farmacia\/#website","url":"https:\/\/www.clinicaalthea.com\/farmacia\/","name":"Clinica Althea","description":"","publisher":{"@id":"https:\/\/www.clinicaalthea.com\/farmacia\/#organization"},"potentialAction":[{"@type":"SearchAction","target":{"@type":"EntryPoint","urlTemplate":"https:\/\/www.clinicaalthea.com\/farmacia\/?s={search_term_string}"},"query-input":{"@type":"PropertyValueSpecification","valueRequired":true,"valueName":"search_term_string"}}],"inLanguage":"pl-PL"},{"@type":"Organization","@id":"https:\/\/www.clinicaalthea.com\/farmacia\/#organization","name":"Clinica Althea","url":"https:\/\/www.clinicaalthea.com\/farmacia\/","logo":{"@type":"ImageObject","inLanguage":"pl-PL","@id":"https:\/\/www.clinicaalthea.com\/farmacia\/#\/schema\/logo\/image\/","url":"https:\/\/www.clinicaalthea.com\/farmacia\/wp-content\/uploads\/2023\/12\/Jak-diagnozuje-sie-FAS_-objawy-kryteria-diagnostyczne-i-metody-diagnozowania-154162903.jpg","contentUrl":"https:\/\/www.clinicaalthea.com\/farmacia\/wp-content\/uploads\/2023\/12\/Jak-diagnozuje-sie-FAS_-objawy-kryteria-diagnostyczne-i-metody-diagnozowania-154162903.jpg","width":1216,"height":832,"caption":"Clinica Althea"},"image":{"@id":"https:\/\/www.clinicaalthea.com\/farmacia\/#\/schema\/logo\/image\/"}}]}},"lang":"sk","translations":{"sk":7587,"pl":7565,"bg":7568,"hu":7570,"de":7572,"el":7574,"es":7576,"it":7578,"lt":7581,"pt":7583,"ro":7585,"sl":7589,"fr":7591,"cs":7593,"nl":7595},"pll_sync_post":[],"_links":{"self":[{"href":"https:\/\/www.clinicaalthea.com\/farmacia\/wp-json\/wp\/v2\/product\/7587","targetHints":{"allow":["GET"]}}],"collection":[{"href":"https:\/\/www.clinicaalthea.com\/farmacia\/wp-json\/wp\/v2\/product"}],"about":[{"href":"https:\/\/www.clinicaalthea.com\/farmacia\/wp-json\/wp\/v2\/types\/product"}],"replies":[{"embeddable":true,"href":"https:\/\/www.clinicaalthea.com\/farmacia\/wp-json\/wp\/v2\/comments?post=7587"}],"wp:featuredmedia":[{"embeddable":true,"href":"https:\/\/www.clinicaalthea.com\/farmacia\/wp-json\/wp\/v2\/media\/7566"}],"wp:attachment":[{"href":"https:\/\/www.clinicaalthea.com\/farmacia\/wp-json\/wp\/v2\/media?parent=7587"}],"wp:term":[{"taxonomy":"product_brand","embeddable":true,"href":"https:\/\/www.clinicaalthea.com\/farmacia\/wp-json\/wp\/v2\/product_brand?post=7587"},{"taxonomy":"product_cat","embeddable":true,"href":"https:\/\/www.clinicaalthea.com\/farmacia\/wp-json\/wp\/v2\/product_cat?post=7587"},{"taxonomy":"product_tag","embeddable":true,"href":"https:\/\/www.clinicaalthea.com\/farmacia\/wp-json\/wp\/v2\/product_tag?post=7587"}],"curies":[{"name":"wp","href":"https:\/\/api.w.org\/{rel}","templated":true}]}}