{"id":7585,"date":"2024-07-18T21:10:52","date_gmt":"2024-07-18T20:10:52","guid":{"rendered":"https:\/\/mayoguide.org\/produkty\/?post_type=product&#038;p=7585"},"modified":"2024-07-18T21:18:04","modified_gmt":"2024-07-18T20:18:04","slug":"levicose","status":"publish","type":"product","link":"https:\/\/www.clinicaalthea.com\/farmacia\/ro\/apt\/levicose\/","title":{"rendered":"Levicose"},"content":{"rendered":"\n<h2 class=\"wp-block-heading\">Ce este Levicose \u0219i cum func\u021bioneaz\u0103?<\/h2>\n\n\n\n<p>Levicose este un gel pentru picioare conceput pentru a sus\u021bine s\u0103n\u0103tatea venelor. <b>Compozi\u021bia<\/b> sa unic\u0103 con\u021bine troxerutin, licopen, arnica, mentol, extract de mere \u0219i miere. Troxerutin sus\u021bine buna func\u021bionare a vaselor de s\u00e2nge, licopenul are un efect antioxidant, arnica are un efect tonifiant asupra pielii, mentolul ofer\u0103 o senza\u021bie r\u0103coritoare, extractul de mere hidrateaz\u0103 pielea, iar mierea are un efect calmant \u0219i lini\u0219titor. Datorit\u0103 acestei combina\u021bii de ingrediente, Levicose ac\u021bioneaz\u0103 pe mai multe niveluri &#8211; netezind \u0219i tonific\u00e2nd pielea, \u00eembun\u0103t\u0103\u021bind circula\u021bia s\u00e2ngelui \u0219i reduc\u00e2nd senza\u021bia de picioare obosite.<\/p>\n\n\n\n<h2 class=\"wp-block-heading\">Beneficiile Levicose &#8211; Efecte<\/h2>\n\n\n\n<p>S\u0103n\u0103tatea picioarelor \u0219i a venelor noastre este extrem de important\u0103 pentru bun\u0103starea \u0219i confortul general. <b>Utilizarea<\/b> pe termen lung <b>a<\/b> Levicose, un gel pentru picioare de ultim\u0103 genera\u021bie, poate avea multe <b>beneficii<\/b> pentru s\u0103n\u0103tatea venelor. Iat\u0103 c\u00e2teva dintre efectele care pot fi ob\u021binute cu utilizarea regulat\u0103 a Levicose:<\/p>\n\n\n\n<ol class=\"wp-block-list\">\n<li><em>P\u0103strarea elasticit\u0103\u021bii vaselor de s\u00e2nge:<\/em> Levicose con\u021bine ingrediente precum troxerutin \u0219i licopen, care sus\u021bin buna func\u021bionare a vaselor de s\u00e2nge. <b>Utilizarea<\/b> pe termen lung <b>a<\/b> gelului poate ajuta la men\u021binerea elasticit\u0103\u021bii vasculare, care este esen\u021bial\u0103 pentru s\u0103n\u0103tatea venelor.<\/li>\n\n\n\n<li><em>Reducerea vizibilit\u0103\u021bii venelor varicoase:<\/em> Venele varicoase vizibile pot fi o problem\u0103 estetic\u0103 pentru multe persoane. Levicose poate ajuta la reducerea vizibilit\u0103\u021bii venelor varicoase \u0219i la \u00eembun\u0103t\u0103\u021birea aspectului acestora, duc\u00e2nd la o mai mare \u00eencredere \u00een via\u021ba de zi cu zi.<\/li>\n\n\n\n<li><em>Reducerea durerilor \u0219i umfl\u0103turilor la nivelul picioarelor:<\/em> Dac\u0103 suferi\u021bi de dureri sau umfl\u0103turi la nivelul picioarelor, Levicose poate fi solu\u021bia potrivit\u0103. Ingredientele din gel, precum arnica \u0219i mentolul, au un efect calmant \u0219i r\u0103coritor, aduc\u00e2nd u\u0219urare \u0219i reduc\u00e2nd disconfortul.<\/li>\n\n\n\n<li><em>Ameliorarea senza\u021biei de greutate \u0219i oboseal\u0103:<\/em> Statul \u00een picioare sau a\u0219ezat pentru perioade lungi de timp, antrenamentele intense sau c\u0103l\u0103toriile lungi sunt adesea \u00eenso\u021bite de o senza\u021bie de greutate \u0219i oboseal\u0103 la nivelul picioarelor. Levicose poate ajuta la atenuarea acestor nepl\u0103ceri, oferind o senza\u021bie de picioare mai u\u0219oare \u0219i mai odihnite.<\/li>\n\n\n\n<li><em>\u00cembun\u0103t\u0103\u021birea circula\u021biei s\u00e2ngelui:<\/em> Circula\u021bia sanguin\u0103 s\u0103n\u0103toas\u0103 este vital\u0103 pentru men\u021binerea s\u0103n\u0103t\u0103\u021bii picioarelor. Levicose, datorit\u0103 compozi\u021biei sale unice, poate ajuta la \u00eembun\u0103t\u0103\u021birea circula\u021biei s\u00e2ngelui, duc\u00e2nd la o mai bun\u0103 func\u021bionare vascular\u0103 \u0219i la un confort fizic mai mare.<\/li>\n\n\n\n<li><em>Recuperare mai rapid\u0103 dup\u0103 un antrenament intens:<\/em> Dac\u0103 ave\u021bi un stil de via\u021b\u0103 activ \u0219i v\u0103 antrena\u021bi regulat, Levicose poate fi util \u00een procesul de recuperare dup\u0103 antrenament. Cu efectul s\u0103u hidratant \u0219i calmant asupra pielii, gelul poate accelera recuperarea muscular\u0103 \u0219i poate aduce un sentiment de relaxare.<\/li>\n<\/ol>\n\n\n\n<p>Utilizarea regulat\u0103 <b>a<\/b> Levicose poate aduce multe <b>beneficii<\/b> picioarelor \u0219i venelor dumneavoastr\u0103. <b>Ac\u021biunea<\/b> gelului asupra pielii \u0219i a vaselor de s\u00e2nge v\u0103 face s\u0103 v\u0103 sim\u021bi\u021bi mai bine \u0219i mai confortabil \u00een corpul dumneavoastr\u0103. Re\u021bine\u021bi, totu\u0219i, c\u0103 rezultatele personale pot varia \u00een func\u021bie de condi\u021biile individuale \u0219i de reac\u021biile organismului, astfel \u00eenc\u00e2t merit\u0103 s\u0103 testa\u021bi Levicose personal \u0219i s\u0103 experimenta\u021bi efectele sale.<\/p>\n\n\n\n<h2 class=\"wp-block-heading\">Cum s\u0103 utiliza\u021bi Levicose &#8211; Instruc\u021biuni de utilizare \u0219i dozare<\/h2>\n\n\n\n<p>Pentru a ob\u021bine cele mai bune <b>rezultate<\/b>, este important s\u0103 urma\u021bi instruc\u021biunile corecte de utilizare \u0219i dozare a Levicose. Mai jos sunt prezentate <b>instruc\u021biuni<\/b> pentru a v\u0103 ajuta s\u0103 utiliza\u021bi gelul corect.<\/p>\n\n\n\n<ol class=\"wp-block-list\">\n<li>Asigura\u021bi-v\u0103 c\u0103 pielea piciorului dvs. este curat\u0103 \u0219i uscat\u0103 \u00eenainte de a \u00eencepe Levicose.<\/li>\n\n\n\n<li>Aplica\u021bi o cantitate mic\u0103 de gel pe zona picioarelor pe care dori\u021bi s\u0103 o \u00eengriji\u021bi. Nu uita\u021bi s\u0103 distribui\u021bi uniform pe piele.<\/li>\n\n\n\n<li>Masa\u021bi u\u0219or gelul pe piele prin mi\u0219c\u0103ri circulare. Masajul ajut\u0103 ingredientele active s\u0103 fie mai bine absorbite de piele.<\/li>\n\n\n\n<li>Masa\u021bi p\u00e2n\u0103 c\u00e2nd gelul este complet absorbit. Acest lucru poate dura c\u00e2teva minute, a\u0219a c\u0103 ave\u021bi r\u0103bdare.<\/li>\n\n\n\n<li>Levicose este recomandat s\u0103 fie utilizat de 2-3 ori pe zi pentru cele mai bune rezultate. \u00cel pute\u021bi aplica diminea\u021ba \u0219i seara sau \u00een orice alt moment convenabil al zilei.<\/li>\n<\/ol>\n\n\n\n<p>\u00cenainte de a utiliza gelul, este o idee bun\u0103 s\u0103 v\u0103 verifica\u021bi pielea pentru o posibil\u0103 reac\u021bie alergic\u0103. Pute\u021bi aplica o cantitate mic\u0103 de gel pe o zon\u0103 mic\u0103 de piele \u0219i observa\u021bi reac\u021bia timp de 24 de ore. Dac\u0103 nu exist\u0103 reac\u021bii alergice dup\u0103 acest timp, pute\u021bi utiliza gelul \u00een siguran\u021b\u0103. Evita\u021bi contactul gelului cu ochii \u0219i r\u0103nile deschise pentru a evita iritarea.<\/p>\n\n\n\n<p>Cu toate acestea, exist\u0103 mai multe grupuri de persoane care ar trebui s\u0103 se ab\u021bin\u0103 de la utilizarea Levicose. Nu utiliza\u021bi gelul dac\u0103 sunte\u021bi gravid\u0103, al\u0103pta\u021bi, sunte\u021bi alergic\u0103 la oricare dintre ingrediente, sunte\u021bi un copil cu v\u00e2rsta sub 3 ani sau ave\u021bi r\u0103ni deschise pe piele. Dac\u0103 v\u0103 confrunta\u021bi cu orice efecte secundare adverse sau reac\u021bie alergic\u0103, \u00eentrerupe\u021bi imediat utilizarea gelului \u0219i consulta\u021bi medicul dumneavoastr\u0103.<\/p>\n\n\n\n<h3 class=\"wp-block-heading\">Rezumat al instruc\u021biunilor de utilizare \u0219i al dozei de Levicose:<\/h3>\n\n\n\n<p>Pentru a ob\u021bine cele mai bune rezultate de la Levicose, nu uita\u021bi s\u0103 urma\u021bi corect instruc\u021biunile de aplicare \u0219i dozare. Trebuie s\u0103:<br>&#8211; Aplica\u021bi gelul pe pielea curat\u0103 \u0219i uscat\u0103 a picioarelor.<br>&#8211; Aplica\u021bi o cantitate mic\u0103 de gel \u0219i masa\u021bi u\u0219or p\u00e2n\u0103 la absorb\u021bia complet\u0103.<br>&#8211; Aplica\u021bi gelul de 2-3 ori pe zi.<br>&#8211; Evita\u021bi contactul gelului cu ochii.<br>&#8211; Nu utiliza\u021bi gelul pe femeile \u00eens\u0103rcinate sau care al\u0103pteaz\u0103, pe copiii sub 3 ani \u0219i pe persoanele cu intoleran\u021b\u0103 individual\u0103 la ingrediente sau pe r\u0103ni deschise.<\/p>\n\n\n\n<figure class=\"wp-block-table\"><table><tbody><tr><th>Compozi\u021bia Levicose<\/th><th>Descriere<\/th><\/tr><tr><td>Troxerutin<\/td><td>Un ingredient care sus\u021bine buna func\u021bionare a vaselor de s\u00e2nge.<\/td><\/tr><tr><td>Licopen<\/td><td>Are un efect antioxidant, contracar\u00e2nd efectele d\u0103un\u0103toare ale radicalilor liberi.<\/td><\/tr><tr><td>Arnica<\/td><td>Are propriet\u0103\u021bi tonice asupra pielii picioarelor.<\/td><\/tr><tr><td>Mentol<\/td><td>Acesta ofer\u0103 o senza\u021bie r\u0103coritoare \u0219i are un efect calmant asupra pielii.<\/td><\/tr><tr><td>Extract de mere<\/td><td>Hidrateaz\u0103 pielea \u0219i o ajut\u0103 s\u0103 se regenereze.<\/td><\/tr><tr><td>Miere<\/td><td>Are un efect calmant \u0219i lini\u0219titor asupra pielii picioarelor.<\/td><\/tr><\/tbody><\/table><\/figure>\n\n\n\n<h2 class=\"wp-block-heading\">Recenzii \u0219i opinii despre Levicose<\/h2>\n\n\n\n<p>Levicose este un produs care a primit <b>recenzii<\/b> \u0219i <b>feedback<\/b> pozitiv din partea utilizatorilor. Mul\u021bi oameni laud\u0103 <b>efectul<\/b> gelului asupra reducerii durerii, oboselii \u0219i picioarelor umflate. Utilizatorii observ\u0103, de asemenea, \u00eembun\u0103t\u0103\u021birea circula\u021biei s\u00e2ngelui \u0219i un sentiment de r\u0103corire \u0219i relaxare dup\u0103 utilizarea Levicose. Unii au observat, de asemenea, o reducere a aspectului venelor varicoase. Cu toate acestea, trebuie avut \u00een vedere faptul c\u0103 <b>efectele<\/b> gelului pot varia \u00een func\u021bie de condi\u021biile individuale \u0219i de r\u0103spunsul organismului.<\/p>\n\n\n\n<h2 class=\"wp-block-heading\">Levicose &#8211; Compozi\u021bie<\/h2>\n\n\n\n<p><b>Compozi\u021bia<\/b> Levicose include troxerutin, licopen, arnica, mentol, extract de mere \u0219i miere. Fiecare dintre aceste ingrediente are propriile propriet\u0103\u021bi \u0219i efecte unice asupra s\u0103n\u0103t\u0103\u021bii picioarelor.<\/p>\n\n\n\n<p>Troxerutina este o substan\u021b\u0103 care are propriet\u0103\u021bi vasodilatatoare, ceea ce \u00eembun\u0103t\u0103\u021be\u0219te circula\u021bia s\u00e2ngelui \u00een picioare. Licopenul, pe de alt\u0103 parte, are un efect antioxidant, protej\u00e2nd celulele de efectele nocive ale radicalilor liberi.<\/p>\n\n\n\n<p>Arnica are un efect tonifiant asupra pielii picioarelor, \u00eembun\u0103t\u0103\u021bindu-i elasticitatea. Mentolul, \u00een acela\u0219i timp, ofer\u0103 o senza\u021bie r\u0103coritoare \u0219i relaxant\u0103, amelior\u00e2nd oboseala picioarelor. Extractul de mere are un efect hidratant, reduc\u00e2nd pielea uscat\u0103, \u00een timp ce mierea are un efect calmant \u0219i lini\u0219titor, ajut\u00e2nd la ameliorarea oric\u0103rui disconfort.<\/p>\n\n\n\n<p>Cu o combina\u021bie echilibrat\u0103 a acestor ingrediente, Levicose ofer\u0103 o \u00eengrijire complet\u0103 a picioarelor, \u00eembun\u0103t\u0103\u021bind circula\u021bia s\u00e2ngelui, hidrat\u00e2nd pielea \u0219i calm\u00e2nd irita\u021biile.<\/p>\n\n\n\n<figure class=\"wp-block-table\"><table><tbody><tr><th>Ingrediente<\/th><th>Propriet\u0103\u021bi<\/th><\/tr><tr><td>Troxerutin<\/td><td>\u00cembun\u0103t\u0103\u021be\u0219te circula\u021bia s\u00e2ngelui \u00een picioare<\/td><\/tr><tr><td>Licopen<\/td><td>Efect antioxidant<\/td><\/tr><tr><td>Arnica<\/td><td>Are un efect tonifiant asupra pielii picioarelor<\/td><\/tr><tr><td>Mentol<\/td><td>Ofer\u0103 o senza\u021bie r\u0103coritoare<\/td><\/tr><tr><td>Extract de mere<\/td><td>Hidrateaz\u0103 pielea<\/td><\/tr><tr><td>Miere<\/td><td>Are un efect lini\u0219titor \u0219i calmant<\/td><\/tr><\/tbody><\/table><\/figure>\n\n\n\n<h2 class=\"wp-block-heading\">Unde s\u0103 cump\u0103ra\u021bi Levicose &#8211; pre\u021b<\/h2>\n\n\n\n<p>Levicose poate fi achizi\u021bionat de pe site-ul oficial al produc\u0103torului. Merit\u0103 s\u0103 opta\u021bi pentru achizi\u021bionarea prin canalul oficial de distribu\u021bie pentru a v\u0103 asigura c\u0103 ob\u021bine\u021bi produsul original. <b>Pre\u021bul<\/b> Levicose poate varia \u00een func\u021bie de promo\u021bie \u0219i ambalaj.<\/p>\n\n\n\n<p>Pentru a cump\u0103ra Levicose, vizita\u021bi site-ul oficial al produc\u0103torului \u0219i plasa\u021bi comanda. Pe site-ul produc\u0103torului ve\u021bi g\u0103si informa\u021bii detaliate despre produs, instruc\u021biuni de utilizare \u0219i promo\u021bii curente care pot afecta pre\u021bul.<\/p>\n\n\n\n<p>Cu siguran\u021b\u0103 merit\u0103 s\u0103 alege\u021bi un canal de distribu\u021bie oficial datorit\u0103 garan\u021biei de a primi un produs original \u0219i de \u00eenalt\u0103 calitate. Evita\u021bi s\u0103 cump\u0103ra\u021bi din surse ne\u00eencrez\u0103toare pentru a evita contrafacerile, care pot fi ineficiente sau chiar d\u0103un\u0103toare pentru s\u0103n\u0103tatea dumneavoastr\u0103.<\/p>\n\n\n\n<h2 class=\"wp-block-heading\">Poten\u021biale efecte secundare \u0219i contraindica\u021bii ale Levicose<\/h2>\n\n\n\n<p>\u00cenainte de a utiliza <strong>Levicose<\/strong>, este o idee bun\u0103 s\u0103 v\u0103 familiariza\u021bi cu posibilele efecte secundare \u0219i contraindica\u021bii. \u00cen cazul unei reac\u021bii alergice sau al unor efecte secundare nedorite, \u00eentrerupe\u021bi utilizarea gelului \u0219i consulta\u021bi medicul dumneavoastr\u0103.<\/p>\n\n\n\n<p><strong>Levicose<\/strong> gel nu trebuie utilizat la femeile \u00eens\u0103rcinate sau care al\u0103pteaz\u0103, la copiii sub 3 ani sau la persoanele cu intoleran\u021b\u0103 individual\u0103 la ingrediente sau pe r\u0103ni deschise. Evita\u021bi cu aten\u021bie contactul gelului cu ochii pentru a evita iritarea.<\/p>\n\n\n\n<p>Pentru a asigura siguran\u021ba \u0219i a evita efectele secundare, este recomandabil s\u0103 verifica\u021bi ingredientele din gel \u0219i s\u0103 efectua\u021bi un test de alergie \u00eenainte de a \u00eencepe utilizarea regulat\u0103. Aminti\u021bi-v\u0103 c\u0103 s\u0103n\u0103tatea \u0219i siguran\u021ba sunt primordiale, a\u0219a c\u0103 consulta\u021bi \u00eentotdeauna medicul sau farmacistul \u00een caz de \u00eendoial\u0103.<\/p>\n","protected":false},"excerpt":{"rendered":"<p><strong>169.00 lei<\/strong><\/p>\n<p><del>338.00 lei<\/del><\/p>\n<p><strong>[date_countdown]<\/strong><\/p>\n","protected":false},"featured_media":7566,"comment_status":"open","ping_status":"closed","template":"","meta":{"neve_meta_sidebar":"","neve_meta_container":"","neve_meta_enable_content_width":"","neve_meta_content_width":0,"neve_meta_title_alignment":"","neve_meta_author_avatar":"","neve_post_elements_order":"","neve_meta_disable_header":"","neve_meta_disable_footer":"","neve_meta_disable_title":"","neve_meta_reading_time":""},"product_brand":[],"product_cat":[153],"product_tag":[],"class_list":{"0":"post-7585","1":"product","2":"type-product","3":"status-publish","4":"has-post-thumbnail","6":"product_cat-sanatate","8":"first","9":"instock","10":"shipping-taxable","11":"product-type-external"},"yoast_head":"<!-- This site is optimized with the Yoast SEO plugin v27.4 - https:\/\/yoast.com\/product\/yoast-seo-wordpress\/ -->\n<title>Levicose - Clinica Althea<\/title>\n<meta name=\"robots\" content=\"index, follow, max-snippet:-1, max-image-preview:large, max-video-preview:-1\" \/>\n<link rel=\"canonical\" href=\"https:\/\/www.clinicaalthea.com\/farmacia\/ro\/apt\/levicose\/\" \/>\n<meta property=\"og:locale\" content=\"pl_PL\" \/>\n<meta property=\"og:type\" content=\"article\" \/>\n<meta property=\"og:title\" content=\"Levicose - Clinica Althea\" \/>\n<meta property=\"og:description\" content=\"169.00 lei 338.00 lei\" \/>\n<meta property=\"og:url\" content=\"https:\/\/www.clinicaalthea.com\/farmacia\/ro\/apt\/levicose\/\" \/>\n<meta property=\"og:site_name\" content=\"Clinica Althea\" \/>\n<meta property=\"article:modified_time\" content=\"2024-07-18T20:18:04+00:00\" \/>\n<meta property=\"og:image\" content=\"https:\/\/www.clinicaalthea.com\/farmacia\/wp-content\/uploads\/2024\/07\/LEVICOSE.jpg\" \/>\n\t<meta property=\"og:image:width\" content=\"768\" \/>\n\t<meta property=\"og:image:height\" content=\"768\" \/>\n\t<meta property=\"og:image:type\" content=\"image\/jpeg\" \/>\n<meta name=\"twitter:card\" content=\"summary_large_image\" \/>\n<meta name=\"twitter:label1\" content=\"Szacowany czas czytania\" \/>\n\t<meta name=\"twitter:data1\" content=\"9 minut\" \/>\n<script type=\"application\/ld+json\" class=\"yoast-schema-graph\">{\"@context\":\"https:\\\/\\\/schema.org\",\"@graph\":[{\"@type\":\"WebPage\",\"@id\":\"https:\\\/\\\/www.clinicaalthea.com\\\/farmacia\\\/ro\\\/apt\\\/levicose\\\/\",\"url\":\"https:\\\/\\\/www.clinicaalthea.com\\\/farmacia\\\/ro\\\/apt\\\/levicose\\\/\",\"name\":\"Levicose - Clinica Althea\",\"isPartOf\":{\"@id\":\"https:\\\/\\\/www.clinicaalthea.com\\\/farmacia\\\/#website\"},\"primaryImageOfPage\":{\"@id\":\"https:\\\/\\\/www.clinicaalthea.com\\\/farmacia\\\/ro\\\/apt\\\/levicose\\\/#primaryimage\"},\"image\":{\"@id\":\"https:\\\/\\\/www.clinicaalthea.com\\\/farmacia\\\/ro\\\/apt\\\/levicose\\\/#primaryimage\"},\"thumbnailUrl\":\"https:\\\/\\\/www.clinicaalthea.com\\\/farmacia\\\/wp-content\\\/uploads\\\/2024\\\/07\\\/LEVICOSE.jpg\",\"datePublished\":\"2024-07-18T20:10:52+00:00\",\"dateModified\":\"2024-07-18T20:18:04+00:00\",\"breadcrumb\":{\"@id\":\"https:\\\/\\\/www.clinicaalthea.com\\\/farmacia\\\/ro\\\/apt\\\/levicose\\\/#breadcrumb\"},\"inLanguage\":\"pl-PL\",\"potentialAction\":[{\"@type\":\"ReadAction\",\"target\":[\"https:\\\/\\\/www.clinicaalthea.com\\\/farmacia\\\/ro\\\/apt\\\/levicose\\\/\"]}]},{\"@type\":\"ImageObject\",\"inLanguage\":\"pl-PL\",\"@id\":\"https:\\\/\\\/www.clinicaalthea.com\\\/farmacia\\\/ro\\\/apt\\\/levicose\\\/#primaryimage\",\"url\":\"https:\\\/\\\/www.clinicaalthea.com\\\/farmacia\\\/wp-content\\\/uploads\\\/2024\\\/07\\\/LEVICOSE.jpg\",\"contentUrl\":\"https:\\\/\\\/www.clinicaalthea.com\\\/farmacia\\\/wp-content\\\/uploads\\\/2024\\\/07\\\/LEVICOSE.jpg\",\"width\":768,\"height\":768,\"caption\":\"Levicose\"},{\"@type\":\"BreadcrumbList\",\"@id\":\"https:\\\/\\\/www.clinicaalthea.com\\\/farmacia\\\/ro\\\/apt\\\/levicose\\\/#breadcrumb\",\"itemListElement\":[{\"@type\":\"ListItem\",\"position\":1,\"name\":\"Strona g\u0142\u00f3wna\",\"item\":\"https:\\\/\\\/www.clinicaalthea.com\\\/farmacia\\\/\"},{\"@type\":\"ListItem\",\"position\":2,\"name\":\"Produkty\",\"item\":\"https:\\\/\\\/www.clinicaalthea.com\\\/farmacia\\\/\"},{\"@type\":\"ListItem\",\"position\":3,\"name\":\"Levicose\"}]},{\"@type\":\"WebSite\",\"@id\":\"https:\\\/\\\/www.clinicaalthea.com\\\/farmacia\\\/#website\",\"url\":\"https:\\\/\\\/www.clinicaalthea.com\\\/farmacia\\\/\",\"name\":\"Clinica Althea\",\"description\":\"\",\"publisher\":{\"@id\":\"https:\\\/\\\/www.clinicaalthea.com\\\/farmacia\\\/#organization\"},\"potentialAction\":[{\"@type\":\"SearchAction\",\"target\":{\"@type\":\"EntryPoint\",\"urlTemplate\":\"https:\\\/\\\/www.clinicaalthea.com\\\/farmacia\\\/?s={search_term_string}\"},\"query-input\":{\"@type\":\"PropertyValueSpecification\",\"valueRequired\":true,\"valueName\":\"search_term_string\"}}],\"inLanguage\":\"pl-PL\"},{\"@type\":\"Organization\",\"@id\":\"https:\\\/\\\/www.clinicaalthea.com\\\/farmacia\\\/#organization\",\"name\":\"Clinica Althea\",\"url\":\"https:\\\/\\\/www.clinicaalthea.com\\\/farmacia\\\/\",\"logo\":{\"@type\":\"ImageObject\",\"inLanguage\":\"pl-PL\",\"@id\":\"https:\\\/\\\/www.clinicaalthea.com\\\/farmacia\\\/#\\\/schema\\\/logo\\\/image\\\/\",\"url\":\"https:\\\/\\\/www.clinicaalthea.com\\\/farmacia\\\/wp-content\\\/uploads\\\/2023\\\/12\\\/Jak-diagnozuje-sie-FAS_-objawy-kryteria-diagnostyczne-i-metody-diagnozowania-154162903.jpg\",\"contentUrl\":\"https:\\\/\\\/www.clinicaalthea.com\\\/farmacia\\\/wp-content\\\/uploads\\\/2023\\\/12\\\/Jak-diagnozuje-sie-FAS_-objawy-kryteria-diagnostyczne-i-metody-diagnozowania-154162903.jpg\",\"width\":1216,\"height\":832,\"caption\":\"Clinica Althea\"},\"image\":{\"@id\":\"https:\\\/\\\/www.clinicaalthea.com\\\/farmacia\\\/#\\\/schema\\\/logo\\\/image\\\/\"}}]}<\/script>\n<!-- \/ Yoast SEO plugin. -->","yoast_head_json":{"title":"Levicose - Clinica Althea","robots":{"index":"index","follow":"follow","max-snippet":"max-snippet:-1","max-image-preview":"max-image-preview:large","max-video-preview":"max-video-preview:-1"},"canonical":"https:\/\/www.clinicaalthea.com\/farmacia\/ro\/apt\/levicose\/","og_locale":"pl_PL","og_type":"article","og_title":"Levicose - Clinica Althea","og_description":"169.00 lei 338.00 lei","og_url":"https:\/\/www.clinicaalthea.com\/farmacia\/ro\/apt\/levicose\/","og_site_name":"Clinica Althea","article_modified_time":"2024-07-18T20:18:04+00:00","og_image":[{"width":768,"height":768,"url":"https:\/\/www.clinicaalthea.com\/farmacia\/wp-content\/uploads\/2024\/07\/LEVICOSE.jpg","type":"image\/jpeg"}],"twitter_card":"summary_large_image","twitter_misc":{"Szacowany czas czytania":"9 minut"},"schema":{"@context":"https:\/\/schema.org","@graph":[{"@type":"WebPage","@id":"https:\/\/www.clinicaalthea.com\/farmacia\/ro\/apt\/levicose\/","url":"https:\/\/www.clinicaalthea.com\/farmacia\/ro\/apt\/levicose\/","name":"Levicose - Clinica Althea","isPartOf":{"@id":"https:\/\/www.clinicaalthea.com\/farmacia\/#website"},"primaryImageOfPage":{"@id":"https:\/\/www.clinicaalthea.com\/farmacia\/ro\/apt\/levicose\/#primaryimage"},"image":{"@id":"https:\/\/www.clinicaalthea.com\/farmacia\/ro\/apt\/levicose\/#primaryimage"},"thumbnailUrl":"https:\/\/www.clinicaalthea.com\/farmacia\/wp-content\/uploads\/2024\/07\/LEVICOSE.jpg","datePublished":"2024-07-18T20:10:52+00:00","dateModified":"2024-07-18T20:18:04+00:00","breadcrumb":{"@id":"https:\/\/www.clinicaalthea.com\/farmacia\/ro\/apt\/levicose\/#breadcrumb"},"inLanguage":"pl-PL","potentialAction":[{"@type":"ReadAction","target":["https:\/\/www.clinicaalthea.com\/farmacia\/ro\/apt\/levicose\/"]}]},{"@type":"ImageObject","inLanguage":"pl-PL","@id":"https:\/\/www.clinicaalthea.com\/farmacia\/ro\/apt\/levicose\/#primaryimage","url":"https:\/\/www.clinicaalthea.com\/farmacia\/wp-content\/uploads\/2024\/07\/LEVICOSE.jpg","contentUrl":"https:\/\/www.clinicaalthea.com\/farmacia\/wp-content\/uploads\/2024\/07\/LEVICOSE.jpg","width":768,"height":768,"caption":"Levicose"},{"@type":"BreadcrumbList","@id":"https:\/\/www.clinicaalthea.com\/farmacia\/ro\/apt\/levicose\/#breadcrumb","itemListElement":[{"@type":"ListItem","position":1,"name":"Strona g\u0142\u00f3wna","item":"https:\/\/www.clinicaalthea.com\/farmacia\/"},{"@type":"ListItem","position":2,"name":"Produkty","item":"https:\/\/www.clinicaalthea.com\/farmacia\/"},{"@type":"ListItem","position":3,"name":"Levicose"}]},{"@type":"WebSite","@id":"https:\/\/www.clinicaalthea.com\/farmacia\/#website","url":"https:\/\/www.clinicaalthea.com\/farmacia\/","name":"Clinica Althea","description":"","publisher":{"@id":"https:\/\/www.clinicaalthea.com\/farmacia\/#organization"},"potentialAction":[{"@type":"SearchAction","target":{"@type":"EntryPoint","urlTemplate":"https:\/\/www.clinicaalthea.com\/farmacia\/?s={search_term_string}"},"query-input":{"@type":"PropertyValueSpecification","valueRequired":true,"valueName":"search_term_string"}}],"inLanguage":"pl-PL"},{"@type":"Organization","@id":"https:\/\/www.clinicaalthea.com\/farmacia\/#organization","name":"Clinica Althea","url":"https:\/\/www.clinicaalthea.com\/farmacia\/","logo":{"@type":"ImageObject","inLanguage":"pl-PL","@id":"https:\/\/www.clinicaalthea.com\/farmacia\/#\/schema\/logo\/image\/","url":"https:\/\/www.clinicaalthea.com\/farmacia\/wp-content\/uploads\/2023\/12\/Jak-diagnozuje-sie-FAS_-objawy-kryteria-diagnostyczne-i-metody-diagnozowania-154162903.jpg","contentUrl":"https:\/\/www.clinicaalthea.com\/farmacia\/wp-content\/uploads\/2023\/12\/Jak-diagnozuje-sie-FAS_-objawy-kryteria-diagnostyczne-i-metody-diagnozowania-154162903.jpg","width":1216,"height":832,"caption":"Clinica Althea"},"image":{"@id":"https:\/\/www.clinicaalthea.com\/farmacia\/#\/schema\/logo\/image\/"}}]}},"lang":"ro","translations":{"ro":7585,"pl":7565,"bg":7568,"hu":7570,"de":7572,"el":7574,"es":7576,"it":7578,"lt":7581,"pt":7583,"sk":7587,"sl":7589,"fr":7591,"cs":7593,"nl":7595},"pll_sync_post":[],"_links":{"self":[{"href":"https:\/\/www.clinicaalthea.com\/farmacia\/wp-json\/wp\/v2\/product\/7585","targetHints":{"allow":["GET"]}}],"collection":[{"href":"https:\/\/www.clinicaalthea.com\/farmacia\/wp-json\/wp\/v2\/product"}],"about":[{"href":"https:\/\/www.clinicaalthea.com\/farmacia\/wp-json\/wp\/v2\/types\/product"}],"replies":[{"embeddable":true,"href":"https:\/\/www.clinicaalthea.com\/farmacia\/wp-json\/wp\/v2\/comments?post=7585"}],"wp:featuredmedia":[{"embeddable":true,"href":"https:\/\/www.clinicaalthea.com\/farmacia\/wp-json\/wp\/v2\/media\/7566"}],"wp:attachment":[{"href":"https:\/\/www.clinicaalthea.com\/farmacia\/wp-json\/wp\/v2\/media?parent=7585"}],"wp:term":[{"taxonomy":"product_brand","embeddable":true,"href":"https:\/\/www.clinicaalthea.com\/farmacia\/wp-json\/wp\/v2\/product_brand?post=7585"},{"taxonomy":"product_cat","embeddable":true,"href":"https:\/\/www.clinicaalthea.com\/farmacia\/wp-json\/wp\/v2\/product_cat?post=7585"},{"taxonomy":"product_tag","embeddable":true,"href":"https:\/\/www.clinicaalthea.com\/farmacia\/wp-json\/wp\/v2\/product_tag?post=7585"}],"curies":[{"name":"wp","href":"https:\/\/api.w.org\/{rel}","templated":true}]}}