{"id":7583,"date":"2024-07-18T21:10:23","date_gmt":"2024-07-18T20:10:23","guid":{"rendered":"https:\/\/mayoguide.org\/produkty\/?post_type=product&#038;p=7583"},"modified":"2024-07-18T21:18:04","modified_gmt":"2024-07-18T20:18:04","slug":"levicose","status":"publish","type":"product","link":"https:\/\/www.clinicaalthea.com\/farmacia\/pt\/apt\/levicose\/","title":{"rendered":"Levicose"},"content":{"rendered":"\n<h2 class=\"wp-block-heading\">O que \u00e9 a Levicose e como funciona?<\/h2>\n\n\n\n<p>Levicose \u00e9 um gel para as pernas concebido para apoiar a sa\u00fade das veias. A sua <b>composi\u00e7\u00e3o<\/b> \u00fanica cont\u00e9m troxerutina, licopeno, arnica, mentol, extrato de ma\u00e7\u00e3 e mel. A troxerutina contribui para o bom funcionamento dos vasos sangu\u00edneos, o licopeno tem um efeito antioxidante, a arnica tem um efeito tonificante na pele, o mentol proporciona uma sensa\u00e7\u00e3o refrescante, o extrato de ma\u00e7\u00e3 hidrata a pele e o mel tem um efeito calmante e suavizante. Gra\u00e7as a esta combina\u00e7\u00e3o de ingredientes, Levicose actua a v\u00e1rios n\u00edveis: suaviza e tonifica a pele, melhora a circula\u00e7\u00e3o sangu\u00ednea e reduz a sensa\u00e7\u00e3o de pernas cansadas.<\/p>\n\n\n\n<h2 class=\"wp-block-heading\">Benef\u00edcios da Levicose &#8211; Efeitos<\/h2>\n\n\n\n<p>A sa\u00fade das nossas pernas e veias \u00e9 extremamente importante para o bem-estar e o conforto geral. A <b>utiliza\u00e7\u00e3o<\/b> a longo prazo <b>de<\/b> Levicose, um gel para as pernas de \u00faltima gera\u00e7\u00e3o, pode ter muitos <b>benef\u00edcios<\/b> para a sa\u00fade das veias. Eis alguns dos efeitos que podem ser obtidos com a utiliza\u00e7\u00e3o regular de Levicose:<\/p>\n\n\n\n<ol class=\"wp-block-list\">\n<li><em>Preservar a elasticidade dos vasos sangu\u00edneos:<\/em> O Levicose cont\u00e9m ingredientes como a troxerutina e o licopeno, que contribuem para o bom funcionamento dos vasos sangu\u00edneos. <b>A utiliza\u00e7\u00e3o<\/b> a longo prazo do gel pode ajudar a manter a elasticidade vascular, que \u00e9 crucial para a sa\u00fade das veias.<\/li>\n\n\n\n<li><em>Reduzir a visibilidade das varizes:<\/em> As varizes vis\u00edveis podem constituir um problema est\u00e9tico para muitas pessoas. Levicose pode ajudar a reduzir a visibilidade das varizes e a melhorar o seu aspeto, o que resulta numa maior confian\u00e7a na vida quotidiana.<\/li>\n\n\n\n<li><em>Reduzir a dor e o incha\u00e7o das pernas:<\/em> Se sofre de dor ou incha\u00e7o nas pernas, Levicose pode ser a solu\u00e7\u00e3o certa. Os ingredientes do gel, como a arnica e o mentol, t\u00eam um efeito calmante e refrescante, proporcionando al\u00edvio e reduzindo o desconforto.<\/li>\n\n\n\n<li><em>Aliviar a sensa\u00e7\u00e3o de peso e de fadiga:<\/em> Estar de p\u00e9 ou sentado durante longos per\u00edodos de tempo, treinos intensos ou viagens longas s\u00e3o frequentemente acompanhados por uma sensa\u00e7\u00e3o de peso e fadiga nas pernas. Levicose pode ajudar a aliviar estes inc\u00f3modos, proporcionando uma sensa\u00e7\u00e3o de pernas mais leves e frescas.<\/li>\n\n\n\n<li><em>Melhorar a circula\u00e7\u00e3o sangu\u00ednea:<\/em> Uma circula\u00e7\u00e3o sangu\u00ednea saud\u00e1vel \u00e9 vital para manter uma boa sa\u00fade das pernas. A Levicose, gra\u00e7as \u00e0 sua composi\u00e7\u00e3o \u00fanica, pode ajudar a melhorar a circula\u00e7\u00e3o sangu\u00ednea, resultando numa melhor fun\u00e7\u00e3o vascular e num maior conforto f\u00edsico.<\/li>\n\n\n\n<li><em>Recupera\u00e7\u00e3o mais r\u00e1pida ap\u00f3s um treino intenso:<\/em> Se tem um estilo de vida ativo e treina regularmente, Levicose pode ser \u00fatil no processo de recupera\u00e7\u00e3o ap\u00f3s o treino. Com o seu efeito hidratante e calmante para a pele, o gel pode acelerar a recupera\u00e7\u00e3o muscular e proporcionar uma sensa\u00e7\u00e3o de relaxamento.<\/li>\n<\/ol>\n\n\n\n<p>A <b>utiliza\u00e7\u00e3o<\/b> regular <b>de<\/b> Levicose pode trazer muitos <b>benef\u00edcios<\/b> para as suas pernas e veias. A <b>a\u00e7\u00e3o<\/b> do gel sobre a pele e os vasos sangu\u00edneos faz com que se sinta melhor e mais confort\u00e1vel no seu corpo. No entanto, tenha em conta que os resultados pessoais podem variar em fun\u00e7\u00e3o das condi\u00e7\u00f5es individuais e das reac\u00e7\u00f5es do organismo, pelo que vale a pena testar Levicose e experimentar os seus efeitos.<\/p>\n\n\n\n<h2 class=\"wp-block-heading\">Como utilizar o Levicose &#8211; Instru\u00e7\u00f5es de utiliza\u00e7\u00e3o e dosagem<\/h2>\n\n\n\n<p>Para obter os melhores <b>resultados<\/b>, \u00e9 importante seguir as instru\u00e7\u00f5es correctas sobre a utiliza\u00e7\u00e3o e a dosagem de Levicose. Seguem-se <b>instru\u00e7\u00f5es<\/b> para o ajudar a utilizar o gel corretamente.<\/p>\n\n\n\n<ol class=\"wp-block-list\">\n<li>Certifique-se de que a pele da sua perna est\u00e1 limpa e seca antes de come\u00e7ar a tomar Levicose.<\/li>\n\n\n\n<li>Aplicar uma pequena quantidade de gel na zona das pernas que pretende tratar. N\u00e3o se esque\u00e7a de espalhar uniformemente sobre a pele.<\/li>\n\n\n\n<li>Massajar suavemente o gel na pele com movimentos circulares. A massagem ajuda os ingredientes activos a serem melhor absorvidos pela pele.<\/li>\n\n\n\n<li>Massajar at\u00e9 o gel ser completamente absorvido. Isto pode demorar alguns minutos, por isso seja paciente.<\/li>\n\n\n\n<li>Recomenda-se a utiliza\u00e7\u00e3o de Levicose 2 a 3 vezes por dia para obter melhores resultados. Pode aplic\u00e1-lo de manh\u00e3 e \u00e0 noite ou em qualquer outra altura do dia que lhe seja conveniente.<\/li>\n<\/ol>\n\n\n\n<p>Antes de utilizar o gel, \u00e9 aconselh\u00e1vel verificar se a sua pele apresenta uma poss\u00edvel rea\u00e7\u00e3o al\u00e9rgica. Pode aplicar uma pequena quantidade de gel numa pequena \u00e1rea da pele e observar a rea\u00e7\u00e3o durante 24 horas. Se n\u00e3o houver reac\u00e7\u00f5es al\u00e9rgicas ap\u00f3s este per\u00edodo, pode utilizar o gel com seguran\u00e7a. Evite o contacto do gel com os seus olhos e feridas abertas para evitar irrita\u00e7\u00f5es.<\/p>\n\n\n\n<p>No entanto, existem v\u00e1rios grupos de pessoas que devem abster-se de utilizar o Levicose. N\u00e3o utilize o gel se estiver gr\u00e1vida, a amamentar, se for al\u00e9rgica a algum dos ingredientes, se for uma crian\u00e7a com menos de 3 anos de idade ou se tiver feridas abertas na pele. Se tiver quaisquer efeitos secund\u00e1rios adversos ou rea\u00e7\u00e3o al\u00e9rgica, interrompa imediatamente a utiliza\u00e7\u00e3o do gel e consulte o seu m\u00e9dico.<\/p>\n\n\n\n<h3 class=\"wp-block-heading\">Resumo das instru\u00e7\u00f5es de utiliza\u00e7\u00e3o e dosagem de Levicose:<\/h3>\n\n\n\n<p>Para obter os melhores resultados com Levicose, lembre-se de seguir corretamente as instru\u00e7\u00f5es de aplica\u00e7\u00e3o e dosagem. Dever\u00e1:<br>&#8211; Aplicar o gel na pele limpa e seca das pernas.<br>&#8211; Aplicar uma pequena quantidade de gel e massajar suavemente at\u00e9 ser totalmente absorvido.<br>&#8211; Aplicar o gel 2-3 vezes por dia.<br>&#8211; Evitar o contacto do gel com os olhos.<br>&#8211; N\u00e3o utilizar o gel em mulheres gr\u00e1vidas ou a amamentar, crian\u00e7as com menos de 3 anos de idade e pessoas com intoler\u00e2ncia individual aos ingredientes ou em feridas abertas.<\/p>\n\n\n\n<figure class=\"wp-block-table\"><table><tbody><tr><th>Composi\u00e7\u00e3o da Levicose<\/th><th>Descri\u00e7\u00e3o<\/th><\/tr><tr><td>Troxerutina<\/td><td>Um ingrediente que apoia o funcionamento correto dos vasos sangu\u00edneos.<\/td><\/tr><tr><td>Licopeno<\/td><td>Tem um efeito antioxidante, contrariando os efeitos nocivos dos radicais livres.<\/td><\/tr><tr><td>Arnica<\/td><td>Tem propriedades t\u00f3nicas sobre a pele das pernas.<\/td><\/tr><tr><td>Mentol<\/td><td>Proporciona uma sensa\u00e7\u00e3o refrescante e tem um efeito calmante na pele.<\/td><\/tr><tr><td>Extrato de ma\u00e7\u00e3<\/td><td>Hidrata a pele e ajuda-a a regenerar-se.<\/td><\/tr><tr><td>Mel<\/td><td>Tem um efeito suavizante e calmante na pele das pernas.<\/td><\/tr><\/tbody><\/table><\/figure>\n\n\n\n<h2 class=\"wp-block-heading\">Cr\u00edticas e opini\u00f5es sobre Levicose<\/h2>\n\n\n\n<p>Levicose \u00e9 um produto que tem recebido <b>cr\u00edticas<\/b> positivas e <b>feedback<\/b> dos utilizadores. Muitas pessoas elogiam o <b>efeito<\/b> do gel na redu\u00e7\u00e3o da dor, do cansa\u00e7o e do incha\u00e7o nas pernas. Os utilizadores tamb\u00e9m notam uma melhoria da circula\u00e7\u00e3o sangu\u00ednea e uma sensa\u00e7\u00e3o de frescura e relaxamento ap\u00f3s a utiliza\u00e7\u00e3o de Levicose. Alguns notaram igualmente uma redu\u00e7\u00e3o do aparecimento de varizes. No entanto, conv\u00e9m ter em conta que os <b>efeitos do<\/b> gel podem variar em fun\u00e7\u00e3o das condi\u00e7\u00f5es individuais e da rea\u00e7\u00e3o do organismo.<\/p>\n\n\n\n<h2 class=\"wp-block-heading\">Levicose &#8211; Composi\u00e7\u00e3o<\/h2>\n\n\n\n<p>A <b>composi\u00e7\u00e3o<\/b> de Levicose inclui troxerutina, licopeno, arnica, mentol, extrato de ma\u00e7\u00e3 e mel. Cada um destes ingredientes tem as suas pr\u00f3prias propriedades e efeitos \u00fanicos na sa\u00fade das pernas.<\/p>\n\n\n\n<p>A troxerutina \u00e9 uma subst\u00e2ncia que possui propriedades vasodilatadoras, o que melhora a circula\u00e7\u00e3o sangu\u00ednea nas pernas. O licopeno, por outro lado, tem um efeito antioxidante, protegendo as c\u00e9lulas dos efeitos nocivos dos radicais livres.<\/p>\n\n\n\n<p>A Arnica tem um efeito tonificante na pele das pernas, melhorando a sua elasticidade. O mentol, por sua vez, proporciona uma sensa\u00e7\u00e3o refrescante e relaxante, aliviando o cansa\u00e7o das pernas. O extrato de ma\u00e7\u00e3 tem um efeito hidratante, reduzindo a secura da pele, enquanto o mel tem um efeito suavizante e calmante, ajudando a aliviar qualquer desconforto.<\/p>\n\n\n\n<p>Com uma combina\u00e7\u00e3o equilibrada destes ingredientes, Levicose oferece um cuidado completo das pernas, melhorando a circula\u00e7\u00e3o sangu\u00ednea, hidratando a pele e acalmando as irrita\u00e7\u00f5es.<\/p>\n\n\n\n<figure class=\"wp-block-table\"><table><tbody><tr><th>Ingredientes<\/th><th>Propriedades<\/th><\/tr><tr><td>Troxerutina<\/td><td>Melhora a circula\u00e7\u00e3o sangu\u00ednea nas pernas<\/td><\/tr><tr><td>Licopeno<\/td><td>Efeito antioxidante<\/td><\/tr><tr><td>Arnica<\/td><td>Tem um efeito tonificante na pele das pernas<\/td><\/tr><tr><td>Mentol<\/td><td>Proporciona uma sensa\u00e7\u00e3o refrescante<\/td><\/tr><tr><td>Extrato de ma\u00e7\u00e3<\/td><td>Hidrata a pele<\/td><\/tr><tr><td>Mel<\/td><td>Tem um efeito calmante e suavizante<\/td><\/tr><\/tbody><\/table><\/figure>\n\n\n\n<h2 class=\"wp-block-heading\">Onde comprar Levicose &#8211; pre\u00e7o<\/h2>\n\n\n\n<p>O Levicose pode ser adquirido no s\u00edtio Web oficial do fabricante. Vale a pena optar por comprar atrav\u00e9s do canal de distribui\u00e7\u00e3o oficial para garantir que est\u00e1 a receber o produto original. O <b>pre\u00e7o do<\/b> Levicose pode variar consoante a promo\u00e7\u00e3o e a embalagem.<\/p>\n\n\n\n<p>Para comprar o Levicose, visite o s\u00edtio oficial do fabricante e fa\u00e7a a sua encomenda. No site do fabricante, encontrar\u00e1 informa\u00e7\u00f5es detalhadas sobre o produto, instru\u00e7\u00f5es de utiliza\u00e7\u00e3o e promo\u00e7\u00f5es actuais que podem afetar o pre\u00e7o.<\/p>\n\n\n\n<p>Vale definitivamente a pena escolher um canal de distribui\u00e7\u00e3o oficial devido \u00e0 garantia de receber um produto original e de alta qualidade. Evite comprar em fontes n\u00e3o fi\u00e1veis para evitar contrafac\u00e7\u00f5es, que podem ser ineficazes ou mesmo prejudiciais para a sua sa\u00fade.<\/p>\n\n\n\n<h2 class=\"wp-block-heading\">Potenciais efeitos secund\u00e1rios e contra-indica\u00e7\u00f5es do Levicose<\/h2>\n\n\n\n<p>Antes de utilizar <strong>Levicose<\/strong>, \u00e9 aconselh\u00e1vel familiarizar-se com os poss\u00edveis efeitos secund\u00e1rios e contra-indica\u00e7\u00f5es. Em caso de rea\u00e7\u00e3o al\u00e9rgica ou de efeitos secund\u00e1rios indesej\u00e1veis, suspenda a utiliza\u00e7\u00e3o do gel e consulte o seu m\u00e9dico.<\/p>\n\n\n\n<p><strong>Levicose<\/strong> gel n\u00e3o deve ser utilizado em mulheres gr\u00e1vidas ou a amamentar, crian\u00e7as com menos de 3 anos de idade ou pessoas com intoler\u00e2ncia individual aos ingredientes ou em feridas abertas. Evitar cuidadosamente o contacto do gel com os olhos para evitar irrita\u00e7\u00f5es.<\/p>\n\n\n\n<p>Para garantir a seguran\u00e7a e evitar efeitos secund\u00e1rios, \u00e9 aconselh\u00e1vel verificar os ingredientes do gel e efetuar um teste de alergia antes de iniciar a utiliza\u00e7\u00e3o regular. Lembre-se que a sa\u00fade e a seguran\u00e7a s\u00e3o primordiais, por isso consulte sempre o seu m\u00e9dico ou farmac\u00eautico em caso de d\u00favida.<\/p>\n","protected":false},"excerpt":{"rendered":"<p><strong>39.00 \u20ac<\/strong><\/p>\n<p><del>78.00 \u20ac<\/del><\/p>\n<p><strong>[date_countdown]<\/strong><\/p>\n","protected":false},"featured_media":7566,"comment_status":"open","ping_status":"closed","template":"","meta":{"neve_meta_sidebar":"","neve_meta_container":"","neve_meta_enable_content_width":"","neve_meta_content_width":0,"neve_meta_title_alignment":"","neve_meta_author_avatar":"","neve_post_elements_order":"","neve_meta_disable_header":"","neve_meta_disable_footer":"","neve_meta_disable_title":"","neve_meta_reading_time":""},"product_brand":[],"product_cat":[145],"product_tag":[],"class_list":{"0":"post-7583","1":"product","2":"type-product","3":"status-publish","4":"has-post-thumbnail","6":"product_cat-saude","8":"first","9":"instock","10":"shipping-taxable","11":"product-type-external"},"yoast_head":"<!-- This site is optimized with the Yoast SEO plugin v27.4 - https:\/\/yoast.com\/product\/yoast-seo-wordpress\/ -->\n<title>Levicose - Clinica Althea<\/title>\n<meta name=\"robots\" content=\"index, follow, max-snippet:-1, max-image-preview:large, max-video-preview:-1\" \/>\n<link rel=\"canonical\" href=\"https:\/\/www.clinicaalthea.com\/farmacia\/pt\/apt\/levicose\/\" \/>\n<meta property=\"og:locale\" content=\"pl_PL\" \/>\n<meta property=\"og:type\" content=\"article\" \/>\n<meta property=\"og:title\" content=\"Levicose - Clinica Althea\" \/>\n<meta property=\"og:description\" content=\"39.00 \u20ac 78.00 \u20ac\" \/>\n<meta property=\"og:url\" content=\"https:\/\/www.clinicaalthea.com\/farmacia\/pt\/apt\/levicose\/\" \/>\n<meta property=\"og:site_name\" content=\"Clinica Althea\" \/>\n<meta property=\"article:modified_time\" content=\"2024-07-18T20:18:04+00:00\" \/>\n<meta property=\"og:image\" content=\"https:\/\/www.clinicaalthea.com\/farmacia\/wp-content\/uploads\/2024\/07\/LEVICOSE.jpg\" \/>\n\t<meta property=\"og:image:width\" content=\"768\" \/>\n\t<meta property=\"og:image:height\" content=\"768\" \/>\n\t<meta property=\"og:image:type\" content=\"image\/jpeg\" \/>\n<meta name=\"twitter:card\" content=\"summary_large_image\" \/>\n<meta name=\"twitter:label1\" content=\"Szacowany czas czytania\" \/>\n\t<meta name=\"twitter:data1\" content=\"10 minut\" \/>\n<script type=\"application\/ld+json\" class=\"yoast-schema-graph\">{\"@context\":\"https:\\\/\\\/schema.org\",\"@graph\":[{\"@type\":\"WebPage\",\"@id\":\"https:\\\/\\\/www.clinicaalthea.com\\\/farmacia\\\/pt\\\/apt\\\/levicose\\\/\",\"url\":\"https:\\\/\\\/www.clinicaalthea.com\\\/farmacia\\\/pt\\\/apt\\\/levicose\\\/\",\"name\":\"Levicose - Clinica Althea\",\"isPartOf\":{\"@id\":\"https:\\\/\\\/www.clinicaalthea.com\\\/farmacia\\\/#website\"},\"primaryImageOfPage\":{\"@id\":\"https:\\\/\\\/www.clinicaalthea.com\\\/farmacia\\\/pt\\\/apt\\\/levicose\\\/#primaryimage\"},\"image\":{\"@id\":\"https:\\\/\\\/www.clinicaalthea.com\\\/farmacia\\\/pt\\\/apt\\\/levicose\\\/#primaryimage\"},\"thumbnailUrl\":\"https:\\\/\\\/www.clinicaalthea.com\\\/farmacia\\\/wp-content\\\/uploads\\\/2024\\\/07\\\/LEVICOSE.jpg\",\"datePublished\":\"2024-07-18T20:10:23+00:00\",\"dateModified\":\"2024-07-18T20:18:04+00:00\",\"breadcrumb\":{\"@id\":\"https:\\\/\\\/www.clinicaalthea.com\\\/farmacia\\\/pt\\\/apt\\\/levicose\\\/#breadcrumb\"},\"inLanguage\":\"pl-PL\",\"potentialAction\":[{\"@type\":\"ReadAction\",\"target\":[\"https:\\\/\\\/www.clinicaalthea.com\\\/farmacia\\\/pt\\\/apt\\\/levicose\\\/\"]}]},{\"@type\":\"ImageObject\",\"inLanguage\":\"pl-PL\",\"@id\":\"https:\\\/\\\/www.clinicaalthea.com\\\/farmacia\\\/pt\\\/apt\\\/levicose\\\/#primaryimage\",\"url\":\"https:\\\/\\\/www.clinicaalthea.com\\\/farmacia\\\/wp-content\\\/uploads\\\/2024\\\/07\\\/LEVICOSE.jpg\",\"contentUrl\":\"https:\\\/\\\/www.clinicaalthea.com\\\/farmacia\\\/wp-content\\\/uploads\\\/2024\\\/07\\\/LEVICOSE.jpg\",\"width\":768,\"height\":768,\"caption\":\"Levicose\"},{\"@type\":\"BreadcrumbList\",\"@id\":\"https:\\\/\\\/www.clinicaalthea.com\\\/farmacia\\\/pt\\\/apt\\\/levicose\\\/#breadcrumb\",\"itemListElement\":[{\"@type\":\"ListItem\",\"position\":1,\"name\":\"Strona g\u0142\u00f3wna\",\"item\":\"https:\\\/\\\/www.clinicaalthea.com\\\/farmacia\\\/\"},{\"@type\":\"ListItem\",\"position\":2,\"name\":\"Produkty\",\"item\":\"https:\\\/\\\/www.clinicaalthea.com\\\/farmacia\\\/\"},{\"@type\":\"ListItem\",\"position\":3,\"name\":\"Levicose\"}]},{\"@type\":\"WebSite\",\"@id\":\"https:\\\/\\\/www.clinicaalthea.com\\\/farmacia\\\/#website\",\"url\":\"https:\\\/\\\/www.clinicaalthea.com\\\/farmacia\\\/\",\"name\":\"Clinica Althea\",\"description\":\"\",\"publisher\":{\"@id\":\"https:\\\/\\\/www.clinicaalthea.com\\\/farmacia\\\/#organization\"},\"potentialAction\":[{\"@type\":\"SearchAction\",\"target\":{\"@type\":\"EntryPoint\",\"urlTemplate\":\"https:\\\/\\\/www.clinicaalthea.com\\\/farmacia\\\/?s={search_term_string}\"},\"query-input\":{\"@type\":\"PropertyValueSpecification\",\"valueRequired\":true,\"valueName\":\"search_term_string\"}}],\"inLanguage\":\"pl-PL\"},{\"@type\":\"Organization\",\"@id\":\"https:\\\/\\\/www.clinicaalthea.com\\\/farmacia\\\/#organization\",\"name\":\"Clinica Althea\",\"url\":\"https:\\\/\\\/www.clinicaalthea.com\\\/farmacia\\\/\",\"logo\":{\"@type\":\"ImageObject\",\"inLanguage\":\"pl-PL\",\"@id\":\"https:\\\/\\\/www.clinicaalthea.com\\\/farmacia\\\/#\\\/schema\\\/logo\\\/image\\\/\",\"url\":\"https:\\\/\\\/www.clinicaalthea.com\\\/farmacia\\\/wp-content\\\/uploads\\\/2023\\\/12\\\/Jak-diagnozuje-sie-FAS_-objawy-kryteria-diagnostyczne-i-metody-diagnozowania-154162903.jpg\",\"contentUrl\":\"https:\\\/\\\/www.clinicaalthea.com\\\/farmacia\\\/wp-content\\\/uploads\\\/2023\\\/12\\\/Jak-diagnozuje-sie-FAS_-objawy-kryteria-diagnostyczne-i-metody-diagnozowania-154162903.jpg\",\"width\":1216,\"height\":832,\"caption\":\"Clinica Althea\"},\"image\":{\"@id\":\"https:\\\/\\\/www.clinicaalthea.com\\\/farmacia\\\/#\\\/schema\\\/logo\\\/image\\\/\"}}]}<\/script>\n<!-- \/ Yoast SEO plugin. -->","yoast_head_json":{"title":"Levicose - Clinica Althea","robots":{"index":"index","follow":"follow","max-snippet":"max-snippet:-1","max-image-preview":"max-image-preview:large","max-video-preview":"max-video-preview:-1"},"canonical":"https:\/\/www.clinicaalthea.com\/farmacia\/pt\/apt\/levicose\/","og_locale":"pl_PL","og_type":"article","og_title":"Levicose - Clinica Althea","og_description":"39.00 \u20ac 78.00 \u20ac","og_url":"https:\/\/www.clinicaalthea.com\/farmacia\/pt\/apt\/levicose\/","og_site_name":"Clinica Althea","article_modified_time":"2024-07-18T20:18:04+00:00","og_image":[{"width":768,"height":768,"url":"https:\/\/www.clinicaalthea.com\/farmacia\/wp-content\/uploads\/2024\/07\/LEVICOSE.jpg","type":"image\/jpeg"}],"twitter_card":"summary_large_image","twitter_misc":{"Szacowany czas czytania":"10 minut"},"schema":{"@context":"https:\/\/schema.org","@graph":[{"@type":"WebPage","@id":"https:\/\/www.clinicaalthea.com\/farmacia\/pt\/apt\/levicose\/","url":"https:\/\/www.clinicaalthea.com\/farmacia\/pt\/apt\/levicose\/","name":"Levicose - Clinica Althea","isPartOf":{"@id":"https:\/\/www.clinicaalthea.com\/farmacia\/#website"},"primaryImageOfPage":{"@id":"https:\/\/www.clinicaalthea.com\/farmacia\/pt\/apt\/levicose\/#primaryimage"},"image":{"@id":"https:\/\/www.clinicaalthea.com\/farmacia\/pt\/apt\/levicose\/#primaryimage"},"thumbnailUrl":"https:\/\/www.clinicaalthea.com\/farmacia\/wp-content\/uploads\/2024\/07\/LEVICOSE.jpg","datePublished":"2024-07-18T20:10:23+00:00","dateModified":"2024-07-18T20:18:04+00:00","breadcrumb":{"@id":"https:\/\/www.clinicaalthea.com\/farmacia\/pt\/apt\/levicose\/#breadcrumb"},"inLanguage":"pl-PL","potentialAction":[{"@type":"ReadAction","target":["https:\/\/www.clinicaalthea.com\/farmacia\/pt\/apt\/levicose\/"]}]},{"@type":"ImageObject","inLanguage":"pl-PL","@id":"https:\/\/www.clinicaalthea.com\/farmacia\/pt\/apt\/levicose\/#primaryimage","url":"https:\/\/www.clinicaalthea.com\/farmacia\/wp-content\/uploads\/2024\/07\/LEVICOSE.jpg","contentUrl":"https:\/\/www.clinicaalthea.com\/farmacia\/wp-content\/uploads\/2024\/07\/LEVICOSE.jpg","width":768,"height":768,"caption":"Levicose"},{"@type":"BreadcrumbList","@id":"https:\/\/www.clinicaalthea.com\/farmacia\/pt\/apt\/levicose\/#breadcrumb","itemListElement":[{"@type":"ListItem","position":1,"name":"Strona g\u0142\u00f3wna","item":"https:\/\/www.clinicaalthea.com\/farmacia\/"},{"@type":"ListItem","position":2,"name":"Produkty","item":"https:\/\/www.clinicaalthea.com\/farmacia\/"},{"@type":"ListItem","position":3,"name":"Levicose"}]},{"@type":"WebSite","@id":"https:\/\/www.clinicaalthea.com\/farmacia\/#website","url":"https:\/\/www.clinicaalthea.com\/farmacia\/","name":"Clinica Althea","description":"","publisher":{"@id":"https:\/\/www.clinicaalthea.com\/farmacia\/#organization"},"potentialAction":[{"@type":"SearchAction","target":{"@type":"EntryPoint","urlTemplate":"https:\/\/www.clinicaalthea.com\/farmacia\/?s={search_term_string}"},"query-input":{"@type":"PropertyValueSpecification","valueRequired":true,"valueName":"search_term_string"}}],"inLanguage":"pl-PL"},{"@type":"Organization","@id":"https:\/\/www.clinicaalthea.com\/farmacia\/#organization","name":"Clinica Althea","url":"https:\/\/www.clinicaalthea.com\/farmacia\/","logo":{"@type":"ImageObject","inLanguage":"pl-PL","@id":"https:\/\/www.clinicaalthea.com\/farmacia\/#\/schema\/logo\/image\/","url":"https:\/\/www.clinicaalthea.com\/farmacia\/wp-content\/uploads\/2023\/12\/Jak-diagnozuje-sie-FAS_-objawy-kryteria-diagnostyczne-i-metody-diagnozowania-154162903.jpg","contentUrl":"https:\/\/www.clinicaalthea.com\/farmacia\/wp-content\/uploads\/2023\/12\/Jak-diagnozuje-sie-FAS_-objawy-kryteria-diagnostyczne-i-metody-diagnozowania-154162903.jpg","width":1216,"height":832,"caption":"Clinica Althea"},"image":{"@id":"https:\/\/www.clinicaalthea.com\/farmacia\/#\/schema\/logo\/image\/"}}]}},"lang":"pt","translations":{"pt":7583,"pl":7565,"bg":7568,"hu":7570,"de":7572,"el":7574,"es":7576,"it":7578,"lt":7581,"ro":7585,"sk":7587,"sl":7589,"fr":7591,"cs":7593,"nl":7595},"pll_sync_post":[],"_links":{"self":[{"href":"https:\/\/www.clinicaalthea.com\/farmacia\/wp-json\/wp\/v2\/product\/7583","targetHints":{"allow":["GET"]}}],"collection":[{"href":"https:\/\/www.clinicaalthea.com\/farmacia\/wp-json\/wp\/v2\/product"}],"about":[{"href":"https:\/\/www.clinicaalthea.com\/farmacia\/wp-json\/wp\/v2\/types\/product"}],"replies":[{"embeddable":true,"href":"https:\/\/www.clinicaalthea.com\/farmacia\/wp-json\/wp\/v2\/comments?post=7583"}],"wp:featuredmedia":[{"embeddable":true,"href":"https:\/\/www.clinicaalthea.com\/farmacia\/wp-json\/wp\/v2\/media\/7566"}],"wp:attachment":[{"href":"https:\/\/www.clinicaalthea.com\/farmacia\/wp-json\/wp\/v2\/media?parent=7583"}],"wp:term":[{"taxonomy":"product_brand","embeddable":true,"href":"https:\/\/www.clinicaalthea.com\/farmacia\/wp-json\/wp\/v2\/product_brand?post=7583"},{"taxonomy":"product_cat","embeddable":true,"href":"https:\/\/www.clinicaalthea.com\/farmacia\/wp-json\/wp\/v2\/product_cat?post=7583"},{"taxonomy":"product_tag","embeddable":true,"href":"https:\/\/www.clinicaalthea.com\/farmacia\/wp-json\/wp\/v2\/product_tag?post=7583"}],"curies":[{"name":"wp","href":"https:\/\/api.w.org\/{rel}","templated":true}]}}