{"id":7578,"date":"2024-07-18T20:57:00","date_gmt":"2024-07-18T19:57:00","guid":{"rendered":"https:\/\/mayoguide.org\/produkty\/?post_type=product&#038;p=7578"},"modified":"2024-07-18T21:18:04","modified_gmt":"2024-07-18T20:18:04","slug":"levicose","status":"publish","type":"product","link":"https:\/\/www.clinicaalthea.com\/farmacia\/it\/apt\/levicose\/","title":{"rendered":"Levicose"},"content":{"rendered":"\n<h2 class=\"wp-block-heading\">Che cos&#8217;\u00e8 Levicose e come funziona?<\/h2>\n\n\n\n<p>Levicose \u00e8 un gel per le gambe studiato per favorire la salute delle vene. La sua <b>composizione<\/b> unica contiene troxerutina, licopene, arnica, mentolo, estratto di mela e miele. La troxerutina favorisce il corretto funzionamento dei vasi sanguigni, il licopene ha un effetto antiossidante, l&#8217;arnica ha un effetto tonificante sulla pelle, il mentolo fornisce una sensazione rinfrescante, l&#8217;estratto di mela idrata la pelle e il miele ha un effetto lenitivo e calmante. Grazie a questa combinazione di ingredienti, Levicose agisce su pi\u00f9 livelli: leviga e tonifica la pelle, migliora la circolazione sanguigna e riduce la sensazione di gambe stanche.<\/p>\n\n\n\n<h2 class=\"wp-block-heading\">Benefici di Levicose &#8211; Effetti<\/h2>\n\n\n\n<p>La salute delle nostre gambe e delle nostre vene \u00e8 estremamente importante per il benessere e il comfort generale. L&#8217;<b>uso<\/b> a lungo termine <b>di<\/b> Levicose, un gel per le gambe all&#8217;avanguardia, pu\u00f2 avere molti <b>benefici<\/b> per la salute delle vene. Ecco alcuni degli effetti che si possono ottenere con l&#8217;uso regolare di Levicose:<\/p>\n\n\n\n<ol class=\"wp-block-list\">\n<li><em>Mantenimento dell&#8217;elasticit\u00e0 dei vasi sanguigni:<\/em> Levicose contiene ingredienti come la troxerutina e il licopene, che favoriscono il corretto funzionamento dei vasi sanguigni. L&#8217;<b>uso<\/b> prolungato del gel pu\u00f2 contribuire a mantenere l&#8217;elasticit\u00e0 vascolare, fondamentale per la salute delle vene.<\/li>\n\n\n\n<li><em>Riduzione della visibilit\u00e0 delle vene varicose:<\/em> le vene varicose visibili possono rappresentare un problema estetico per molte persone. Levicose pu\u00f2 aiutare a ridurre la visibilit\u00e0 delle vene varicose e a migliorarne l&#8217;aspetto, con conseguente maggiore sicurezza nella vita quotidiana.<\/li>\n\n\n\n<li><em>Riduzione del dolore e del gonfiore alle gambe:<\/em> se soffrite di dolore o gonfiore alle gambe, Levicose pu\u00f2 essere la soluzione giusta. Gli ingredienti contenuti nel gel, come l&#8217;arnica e il mentolo, hanno un effetto lenitivo e rinfrescante, portando sollievo e riducendo il disagio.<\/li>\n\n\n\n<li><em>Alleviare la sensazione di pesantezza e stanchezza:<\/em> Stare in piedi o seduti per lunghi periodi di tempo, allenamenti intensi o lunghi viaggi sono spesso accompagnati da una sensazione di pesantezza e affaticamento delle gambe. Levicose pu\u00f2 contribuire ad alleviare questi disagi dando una sensazione di gambe pi\u00f9 leggere e riposate.<\/li>\n\n\n\n<li><em>Migliorare la circolazione sanguigna:<\/em> Una sana circolazione sanguigna \u00e8 fondamentale per mantenere una buona salute delle gambe. Levicose, grazie alla sua composizione unica, pu\u00f2 contribuire a migliorare la circolazione sanguigna, con conseguente miglioramento della funzionalit\u00e0 vascolare e maggiore comfort fisico.<\/li>\n\n\n\n<li><em>Recupero pi\u00f9 rapido dopo un allenamento intenso:<\/em> Se si conduce uno stile di vita attivo e ci si allena regolarmente, Levicose pu\u00f2 essere utile nel processo di recupero dopo l&#8217;allenamento. Grazie al suo effetto idratante e lenitivo sulla pelle, il gel pu\u00f2 accelerare il recupero muscolare e donare una sensazione di relax.<\/li>\n<\/ol>\n\n\n\n<p>L&#8217;<b>uso<\/b> regolare <b>di<\/b> Levicose pu\u00f2 apportare molti <b>benefici<\/b> alle gambe e alle vene. L&#8217;<b>azione<\/b> del gel sulla pelle e sui vasi sanguigni fa sentire meglio e pi\u00f9 a proprio agio nel proprio corpo. Tenete presente, tuttavia, che i risultati personali possono variare a seconda delle condizioni individuali e delle reazioni del corpo, per cui vale la pena di provare Levicose in prima persona e sperimentarne gli effetti.<\/p>\n\n\n\n<h2 class=\"wp-block-heading\">Come si usa Levicose &#8211; Istruzioni per l&#8217;uso e dosaggio<\/h2>\n\n\n\n<p>Per ottenere i migliori <b>risultati<\/b>, \u00e8 importante seguire le corrette istruzioni per l&#8217;uso e il dosaggio di Levicose. Di seguito sono riportate le <b>istruzioni<\/b> per un uso corretto del gel.<\/p>\n\n\n\n<ol class=\"wp-block-list\">\n<li>Assicurarsi che la pelle delle gambe sia pulita e asciutta prima di iniziare Levicose.<\/li>\n\n\n\n<li>Applicare una piccola quantit\u00e0 di gel sulla zona delle gambe che si desidera trattare. Ricordarsi di distribuire uniformemente sulla pelle.<\/li>\n\n\n\n<li>Massaggiare delicatamente il gel sulla pelle con movimenti circolari. Il massaggio favorisce un migliore assorbimento dei principi attivi da parte della pelle.<\/li>\n\n\n\n<li>Massaggiare fino al completo assorbimento del gel. Questo pu\u00f2 richiedere alcuni minuti, quindi siate pazienti.<\/li>\n\n\n\n<li>Per ottenere risultati ottimali, si consiglia di utilizzare Levicose 2-3 volte al giorno. Si pu\u00f2 applicare al mattino e alla sera o in qualsiasi altro momento della giornata.<\/li>\n<\/ol>\n\n\n\n<p>Prima di utilizzare il gel, \u00e8 bene controllare la propria pelle per verificare l&#8217;eventuale presenza di una reazione allergica. \u00c8 possibile applicare una piccola quantit\u00e0 di gel su una piccola area della pelle e osservare la reazione per 24 ore. Se dopo questo periodo non si verificano reazioni allergiche, si pu\u00f2 utilizzare il gel in tutta sicurezza. Evitare il contatto del gel con gli occhi e le ferite aperte per evitare irritazioni.<\/p>\n\n\n\n<p>Tuttavia, ci sono diversi gruppi di persone che dovrebbero astenersi dall&#8217;uso di Levicose. Non utilizzare il gel in caso di gravidanza, allattamento, allergia a uno qualsiasi degli ingredienti, bambini di et\u00e0 inferiore ai 3 anni o ferite aperte sulla pelle. Se si verificano effetti collaterali negativi o reazioni allergiche, interrompere immediatamente l&#8217;uso del gel e consultare il medico.<\/p>\n\n\n\n<h3 class=\"wp-block-heading\">Riassunto delle istruzioni per l&#8217;uso e del dosaggio di Levicose:<\/h3>\n\n\n\n<p>Per ottenere i migliori risultati da Levicose, ricordarsi di seguire correttamente le istruzioni di applicazione e di dosaggio. Si consiglia di:<br>&#8211; Applicare il gel sulla pelle pulita e asciutta delle gambe.<br>&#8211; Applicare una piccola quantit\u00e0 di gel e massaggiare delicatamente fino a completo assorbimento.<br>&#8211; Applicare il gel 2-3 volte al giorno.<br>&#8211; Evitare il contatto del gel con gli occhi.<br>&#8211; Non utilizzare il gel su donne in gravidanza o in fase di allattamento, bambini di et\u00e0 inferiore ai 3 anni e persone con intolleranze individuali agli ingredienti o su ferite aperte.<\/p>\n\n\n\n<figure class=\"wp-block-table\"><table><tbody><tr><th>Composizione di Levicose<\/th><th>Descrizione<\/th><\/tr><tr><td>Troxerutina<\/td><td>Un ingrediente che favorisce il corretto funzionamento dei vasi sanguigni.<\/td><\/tr><tr><td>Licopene<\/td><td>Ha un effetto antiossidante che contrasta gli effetti dannosi dei radicali liberi.<\/td><\/tr><tr><td>Arnica<\/td><td>Ha propriet\u00e0 toniche sulla pelle delle gambe.<\/td><\/tr><tr><td>Mentolo<\/td><td>Fornisce una sensazione rinfrescante e ha un effetto lenitivo sulla pelle.<\/td><\/tr><tr><td>Estratto di mela<\/td><td>Idrata la pelle e la aiuta a rigenerarsi.<\/td><\/tr><tr><td>Il miele<\/td><td>Ha un effetto lenitivo e calmante sulla pelle delle gambe.<\/td><\/tr><\/tbody><\/table><\/figure>\n\n\n\n<h2 class=\"wp-block-heading\">Recensioni e opinioni su Levicose<\/h2>\n\n\n\n<p>Levicose \u00e8 un prodotto che ha ricevuto <b>recensioni<\/b> e <b>feedback<\/b> positivi dagli utenti. Molte persone lodano l&#8217;<b>effetto<\/b> del gel sulla riduzione del dolore, della stanchezza e del gonfiore alle gambe. Gli utenti notano anche un miglioramento della circolazione sanguigna e una sensazione di freschezza e relax dopo l&#8217;uso di Levicose. Alcuni hanno anche notato una riduzione dell&#8217;aspetto delle vene varicose. Tuttavia, \u00e8 bene tenere presente che gli <b>effetti del<\/b> gel possono variare a seconda delle condizioni individuali e della risposta dell&#8217;organismo.<\/p>\n\n\n\n<h2 class=\"wp-block-heading\">Levicose &#8211; Composizione<\/h2>\n\n\n\n<p>La <b>composizione<\/b> di Levicose comprende troxerutina, licopene, arnica, mentolo, estratto di mela e miele. Ognuno di questi ingredienti ha propriet\u00e0 ed effetti unici sulla salute delle gambe.<\/p>\n\n\n\n<p>La troxerutina \u00e8 una sostanza dalle propriet\u00e0 vasodilatatrici, che migliora la circolazione sanguigna delle gambe. Il licopene, invece, ha un effetto antiossidante e protegge le cellule dagli effetti dannosi dei radicali liberi.<\/p>\n\n\n\n<p>L&#8217;arnica ha un effetto tonificante sulla pelle delle gambe, migliorandone l&#8217;elasticit\u00e0. Il mentolo, invece, fornisce una sensazione rinfrescante e rilassante, alleviando la stanchezza delle gambe. L&#8217;estratto di mela ha un effetto idratante, riducendo la secchezza della pelle, mentre il miele ha un effetto lenitivo e calmante, aiutando ad alleviare i fastidi.<\/p>\n\n\n\n<p>Grazie a una combinazione equilibrata di questi ingredienti, Levicose offre una cura completa delle gambe, migliorando la circolazione sanguigna, idratando la pelle e lenendo le irritazioni.<\/p>\n\n\n\n<figure class=\"wp-block-table\"><table><tbody><tr><th>Ingredienti<\/th><th>Propriet\u00e0<\/th><\/tr><tr><td>Troxerutina<\/td><td>Migliora la circolazione sanguigna delle gambe<\/td><\/tr><tr><td>Licopene<\/td><td>Effetto antiossidante<\/td><\/tr><tr><td>Arnica<\/td><td>Ha un effetto tonificante sulla pelle delle gambe<\/td><\/tr><tr><td>Mentolo<\/td><td>Fornisce una sensazione rinfrescante<\/td><\/tr><tr><td>Estratto di mela<\/td><td>Idrata la pelle<\/td><\/tr><tr><td>Il miele<\/td><td>Ha un effetto lenitivo e calmante<\/td><\/tr><\/tbody><\/table><\/figure>\n\n\n\n<h2 class=\"wp-block-heading\">Dove acquistare Levicose &#8211; prezzo<\/h2>\n\n\n\n<p>Levicose pu\u00f2 essere acquistato sul sito ufficiale del produttore. Vale la pena scegliere di acquistare attraverso il canale di distribuzione ufficiale per assicurarsi di ricevere il prodotto originale. Il <b>prezzo di<\/b> Levicose pu\u00f2 variare a seconda della promozione e della confezione.<\/p>\n\n\n\n<p>Per acquistare Levicose, visitare il sito ufficiale del produttore ed effettuare l&#8217;ordine. Sul sito del produttore troverete informazioni dettagliate sul prodotto, le istruzioni per l&#8217;uso e le promozioni in corso che possono influire sul prezzo.<\/p>\n\n\n\n<p>Vale sicuramente la pena scegliere un canale di distribuzione ufficiale per avere la garanzia di ricevere un prodotto originale e di alta qualit\u00e0. Evitate di acquistare da fonti non affidabili per non incorrere in contraffazioni, che possono essere inefficaci o addirittura dannose per la salute.<\/p>\n\n\n\n<h2 class=\"wp-block-heading\">Potenziali effetti collaterali e controindicazioni di Levicose<\/h2>\n\n\n\n<p>Prima di utilizzare <strong>Levicose<\/strong>, \u00e8 bene conoscere i possibili effetti collaterali e le controindicazioni. In caso di reazione allergica o di effetti collaterali indesiderati, interrompere l&#8217;uso del gel e consultare il medico.<\/p>\n\n\n\n<p><strong>Levicose<\/strong> gel non deve essere utilizzato su donne in gravidanza o in allattamento, su bambini di et\u00e0 inferiore ai 3 anni o su persone con intolleranze individuali agli ingredienti o su ferite aperte. Evitare accuratamente il contatto del gel con gli occhi per evitare irritazioni.<\/p>\n\n\n\n<p>Per garantire la sicurezza ed evitare effetti collaterali, \u00e8 consigliabile controllare gli ingredienti del gel ed effettuare un test allergico prima di iniziare l&#8217;uso regolare. Ricordate che la salute e la sicurezza sono fondamentali, quindi consultate sempre il vostro medico o farmacista in caso di dubbi.<\/p>\n","protected":false},"excerpt":{"rendered":"<p><strong>39.00 \u20ac<\/strong><\/p>\n<p><del>78.00 \u20ac<\/del><\/p>\n<p><strong>[date_countdown]<\/strong><\/p>\n","protected":false},"featured_media":7566,"comment_status":"open","ping_status":"closed","template":"","meta":{"neve_meta_sidebar":"","neve_meta_container":"","neve_meta_enable_content_width":"","neve_meta_content_width":0,"neve_meta_title_alignment":"","neve_meta_author_avatar":"","neve_post_elements_order":"","neve_meta_disable_header":"","neve_meta_disable_footer":"","neve_meta_disable_title":"","neve_meta_reading_time":""},"product_brand":[],"product_cat":[113],"product_tag":[],"class_list":{"0":"post-7578","1":"product","2":"type-product","3":"status-publish","4":"has-post-thumbnail","6":"product_cat-salute","8":"first","9":"instock","10":"shipping-taxable","11":"product-type-external"},"yoast_head":"<!-- This site is optimized with the Yoast SEO plugin v27.4 - https:\/\/yoast.com\/product\/yoast-seo-wordpress\/ -->\n<title>Levicose - Clinica Althea<\/title>\n<meta name=\"robots\" content=\"index, follow, max-snippet:-1, max-image-preview:large, max-video-preview:-1\" \/>\n<link rel=\"canonical\" href=\"https:\/\/www.clinicaalthea.com\/farmacia\/it\/apt\/levicose\/\" \/>\n<meta property=\"og:locale\" content=\"pl_PL\" \/>\n<meta property=\"og:type\" content=\"article\" \/>\n<meta property=\"og:title\" content=\"Levicose - Clinica Althea\" \/>\n<meta property=\"og:description\" content=\"39.00 \u20ac 78.00 \u20ac\" \/>\n<meta property=\"og:url\" content=\"https:\/\/www.clinicaalthea.com\/farmacia\/it\/apt\/levicose\/\" \/>\n<meta property=\"og:site_name\" content=\"Clinica Althea\" \/>\n<meta property=\"article:modified_time\" content=\"2024-07-18T20:18:04+00:00\" \/>\n<meta property=\"og:image\" content=\"https:\/\/www.clinicaalthea.com\/farmacia\/wp-content\/uploads\/2024\/07\/LEVICOSE.jpg\" \/>\n\t<meta property=\"og:image:width\" content=\"768\" \/>\n\t<meta property=\"og:image:height\" content=\"768\" \/>\n\t<meta property=\"og:image:type\" content=\"image\/jpeg\" \/>\n<meta name=\"twitter:card\" content=\"summary_large_image\" \/>\n<meta name=\"twitter:label1\" content=\"Szacowany czas czytania\" \/>\n\t<meta name=\"twitter:data1\" content=\"9 minut\" \/>\n<script type=\"application\/ld+json\" class=\"yoast-schema-graph\">{\"@context\":\"https:\\\/\\\/schema.org\",\"@graph\":[{\"@type\":\"WebPage\",\"@id\":\"https:\\\/\\\/www.clinicaalthea.com\\\/farmacia\\\/it\\\/apt\\\/levicose\\\/\",\"url\":\"https:\\\/\\\/www.clinicaalthea.com\\\/farmacia\\\/it\\\/apt\\\/levicose\\\/\",\"name\":\"Levicose - Clinica Althea\",\"isPartOf\":{\"@id\":\"https:\\\/\\\/www.clinicaalthea.com\\\/farmacia\\\/#website\"},\"primaryImageOfPage\":{\"@id\":\"https:\\\/\\\/www.clinicaalthea.com\\\/farmacia\\\/it\\\/apt\\\/levicose\\\/#primaryimage\"},\"image\":{\"@id\":\"https:\\\/\\\/www.clinicaalthea.com\\\/farmacia\\\/it\\\/apt\\\/levicose\\\/#primaryimage\"},\"thumbnailUrl\":\"https:\\\/\\\/www.clinicaalthea.com\\\/farmacia\\\/wp-content\\\/uploads\\\/2024\\\/07\\\/LEVICOSE.jpg\",\"datePublished\":\"2024-07-18T19:57:00+00:00\",\"dateModified\":\"2024-07-18T20:18:04+00:00\",\"breadcrumb\":{\"@id\":\"https:\\\/\\\/www.clinicaalthea.com\\\/farmacia\\\/it\\\/apt\\\/levicose\\\/#breadcrumb\"},\"inLanguage\":\"pl-PL\",\"potentialAction\":[{\"@type\":\"ReadAction\",\"target\":[\"https:\\\/\\\/www.clinicaalthea.com\\\/farmacia\\\/it\\\/apt\\\/levicose\\\/\"]}]},{\"@type\":\"ImageObject\",\"inLanguage\":\"pl-PL\",\"@id\":\"https:\\\/\\\/www.clinicaalthea.com\\\/farmacia\\\/it\\\/apt\\\/levicose\\\/#primaryimage\",\"url\":\"https:\\\/\\\/www.clinicaalthea.com\\\/farmacia\\\/wp-content\\\/uploads\\\/2024\\\/07\\\/LEVICOSE.jpg\",\"contentUrl\":\"https:\\\/\\\/www.clinicaalthea.com\\\/farmacia\\\/wp-content\\\/uploads\\\/2024\\\/07\\\/LEVICOSE.jpg\",\"width\":768,\"height\":768,\"caption\":\"Levicose\"},{\"@type\":\"BreadcrumbList\",\"@id\":\"https:\\\/\\\/www.clinicaalthea.com\\\/farmacia\\\/it\\\/apt\\\/levicose\\\/#breadcrumb\",\"itemListElement\":[{\"@type\":\"ListItem\",\"position\":1,\"name\":\"Strona g\u0142\u00f3wna\",\"item\":\"https:\\\/\\\/www.clinicaalthea.com\\\/farmacia\\\/\"},{\"@type\":\"ListItem\",\"position\":2,\"name\":\"Produkty\",\"item\":\"https:\\\/\\\/www.clinicaalthea.com\\\/farmacia\\\/\"},{\"@type\":\"ListItem\",\"position\":3,\"name\":\"Levicose\"}]},{\"@type\":\"WebSite\",\"@id\":\"https:\\\/\\\/www.clinicaalthea.com\\\/farmacia\\\/#website\",\"url\":\"https:\\\/\\\/www.clinicaalthea.com\\\/farmacia\\\/\",\"name\":\"Clinica Althea\",\"description\":\"\",\"publisher\":{\"@id\":\"https:\\\/\\\/www.clinicaalthea.com\\\/farmacia\\\/#organization\"},\"potentialAction\":[{\"@type\":\"SearchAction\",\"target\":{\"@type\":\"EntryPoint\",\"urlTemplate\":\"https:\\\/\\\/www.clinicaalthea.com\\\/farmacia\\\/?s={search_term_string}\"},\"query-input\":{\"@type\":\"PropertyValueSpecification\",\"valueRequired\":true,\"valueName\":\"search_term_string\"}}],\"inLanguage\":\"pl-PL\"},{\"@type\":\"Organization\",\"@id\":\"https:\\\/\\\/www.clinicaalthea.com\\\/farmacia\\\/#organization\",\"name\":\"Clinica Althea\",\"url\":\"https:\\\/\\\/www.clinicaalthea.com\\\/farmacia\\\/\",\"logo\":{\"@type\":\"ImageObject\",\"inLanguage\":\"pl-PL\",\"@id\":\"https:\\\/\\\/www.clinicaalthea.com\\\/farmacia\\\/#\\\/schema\\\/logo\\\/image\\\/\",\"url\":\"https:\\\/\\\/www.clinicaalthea.com\\\/farmacia\\\/wp-content\\\/uploads\\\/2023\\\/12\\\/Jak-diagnozuje-sie-FAS_-objawy-kryteria-diagnostyczne-i-metody-diagnozowania-154162903.jpg\",\"contentUrl\":\"https:\\\/\\\/www.clinicaalthea.com\\\/farmacia\\\/wp-content\\\/uploads\\\/2023\\\/12\\\/Jak-diagnozuje-sie-FAS_-objawy-kryteria-diagnostyczne-i-metody-diagnozowania-154162903.jpg\",\"width\":1216,\"height\":832,\"caption\":\"Clinica Althea\"},\"image\":{\"@id\":\"https:\\\/\\\/www.clinicaalthea.com\\\/farmacia\\\/#\\\/schema\\\/logo\\\/image\\\/\"}}]}<\/script>\n<!-- \/ Yoast SEO plugin. -->","yoast_head_json":{"title":"Levicose - Clinica Althea","robots":{"index":"index","follow":"follow","max-snippet":"max-snippet:-1","max-image-preview":"max-image-preview:large","max-video-preview":"max-video-preview:-1"},"canonical":"https:\/\/www.clinicaalthea.com\/farmacia\/it\/apt\/levicose\/","og_locale":"pl_PL","og_type":"article","og_title":"Levicose - Clinica Althea","og_description":"39.00 \u20ac 78.00 \u20ac","og_url":"https:\/\/www.clinicaalthea.com\/farmacia\/it\/apt\/levicose\/","og_site_name":"Clinica Althea","article_modified_time":"2024-07-18T20:18:04+00:00","og_image":[{"width":768,"height":768,"url":"https:\/\/www.clinicaalthea.com\/farmacia\/wp-content\/uploads\/2024\/07\/LEVICOSE.jpg","type":"image\/jpeg"}],"twitter_card":"summary_large_image","twitter_misc":{"Szacowany czas czytania":"9 minut"},"schema":{"@context":"https:\/\/schema.org","@graph":[{"@type":"WebPage","@id":"https:\/\/www.clinicaalthea.com\/farmacia\/it\/apt\/levicose\/","url":"https:\/\/www.clinicaalthea.com\/farmacia\/it\/apt\/levicose\/","name":"Levicose - Clinica Althea","isPartOf":{"@id":"https:\/\/www.clinicaalthea.com\/farmacia\/#website"},"primaryImageOfPage":{"@id":"https:\/\/www.clinicaalthea.com\/farmacia\/it\/apt\/levicose\/#primaryimage"},"image":{"@id":"https:\/\/www.clinicaalthea.com\/farmacia\/it\/apt\/levicose\/#primaryimage"},"thumbnailUrl":"https:\/\/www.clinicaalthea.com\/farmacia\/wp-content\/uploads\/2024\/07\/LEVICOSE.jpg","datePublished":"2024-07-18T19:57:00+00:00","dateModified":"2024-07-18T20:18:04+00:00","breadcrumb":{"@id":"https:\/\/www.clinicaalthea.com\/farmacia\/it\/apt\/levicose\/#breadcrumb"},"inLanguage":"pl-PL","potentialAction":[{"@type":"ReadAction","target":["https:\/\/www.clinicaalthea.com\/farmacia\/it\/apt\/levicose\/"]}]},{"@type":"ImageObject","inLanguage":"pl-PL","@id":"https:\/\/www.clinicaalthea.com\/farmacia\/it\/apt\/levicose\/#primaryimage","url":"https:\/\/www.clinicaalthea.com\/farmacia\/wp-content\/uploads\/2024\/07\/LEVICOSE.jpg","contentUrl":"https:\/\/www.clinicaalthea.com\/farmacia\/wp-content\/uploads\/2024\/07\/LEVICOSE.jpg","width":768,"height":768,"caption":"Levicose"},{"@type":"BreadcrumbList","@id":"https:\/\/www.clinicaalthea.com\/farmacia\/it\/apt\/levicose\/#breadcrumb","itemListElement":[{"@type":"ListItem","position":1,"name":"Strona g\u0142\u00f3wna","item":"https:\/\/www.clinicaalthea.com\/farmacia\/"},{"@type":"ListItem","position":2,"name":"Produkty","item":"https:\/\/www.clinicaalthea.com\/farmacia\/"},{"@type":"ListItem","position":3,"name":"Levicose"}]},{"@type":"WebSite","@id":"https:\/\/www.clinicaalthea.com\/farmacia\/#website","url":"https:\/\/www.clinicaalthea.com\/farmacia\/","name":"Clinica Althea","description":"","publisher":{"@id":"https:\/\/www.clinicaalthea.com\/farmacia\/#organization"},"potentialAction":[{"@type":"SearchAction","target":{"@type":"EntryPoint","urlTemplate":"https:\/\/www.clinicaalthea.com\/farmacia\/?s={search_term_string}"},"query-input":{"@type":"PropertyValueSpecification","valueRequired":true,"valueName":"search_term_string"}}],"inLanguage":"pl-PL"},{"@type":"Organization","@id":"https:\/\/www.clinicaalthea.com\/farmacia\/#organization","name":"Clinica Althea","url":"https:\/\/www.clinicaalthea.com\/farmacia\/","logo":{"@type":"ImageObject","inLanguage":"pl-PL","@id":"https:\/\/www.clinicaalthea.com\/farmacia\/#\/schema\/logo\/image\/","url":"https:\/\/www.clinicaalthea.com\/farmacia\/wp-content\/uploads\/2023\/12\/Jak-diagnozuje-sie-FAS_-objawy-kryteria-diagnostyczne-i-metody-diagnozowania-154162903.jpg","contentUrl":"https:\/\/www.clinicaalthea.com\/farmacia\/wp-content\/uploads\/2023\/12\/Jak-diagnozuje-sie-FAS_-objawy-kryteria-diagnostyczne-i-metody-diagnozowania-154162903.jpg","width":1216,"height":832,"caption":"Clinica Althea"},"image":{"@id":"https:\/\/www.clinicaalthea.com\/farmacia\/#\/schema\/logo\/image\/"}}]}},"lang":"it","translations":{"it":7578,"pl":7565,"bg":7568,"hu":7570,"de":7572,"el":7574,"es":7576,"lt":7581,"pt":7583,"ro":7585,"sk":7587,"sl":7589,"fr":7591,"cs":7593,"nl":7595},"pll_sync_post":[],"_links":{"self":[{"href":"https:\/\/www.clinicaalthea.com\/farmacia\/wp-json\/wp\/v2\/product\/7578","targetHints":{"allow":["GET"]}}],"collection":[{"href":"https:\/\/www.clinicaalthea.com\/farmacia\/wp-json\/wp\/v2\/product"}],"about":[{"href":"https:\/\/www.clinicaalthea.com\/farmacia\/wp-json\/wp\/v2\/types\/product"}],"replies":[{"embeddable":true,"href":"https:\/\/www.clinicaalthea.com\/farmacia\/wp-json\/wp\/v2\/comments?post=7578"}],"wp:featuredmedia":[{"embeddable":true,"href":"https:\/\/www.clinicaalthea.com\/farmacia\/wp-json\/wp\/v2\/media\/7566"}],"wp:attachment":[{"href":"https:\/\/www.clinicaalthea.com\/farmacia\/wp-json\/wp\/v2\/media?parent=7578"}],"wp:term":[{"taxonomy":"product_brand","embeddable":true,"href":"https:\/\/www.clinicaalthea.com\/farmacia\/wp-json\/wp\/v2\/product_brand?post=7578"},{"taxonomy":"product_cat","embeddable":true,"href":"https:\/\/www.clinicaalthea.com\/farmacia\/wp-json\/wp\/v2\/product_cat?post=7578"},{"taxonomy":"product_tag","embeddable":true,"href":"https:\/\/www.clinicaalthea.com\/farmacia\/wp-json\/wp\/v2\/product_tag?post=7578"}],"curies":[{"name":"wp","href":"https:\/\/api.w.org\/{rel}","templated":true}]}}