{"id":7572,"date":"2024-07-18T20:54:47","date_gmt":"2024-07-18T19:54:47","guid":{"rendered":"https:\/\/mayoguide.org\/produkty\/?post_type=product&#038;p=7572"},"modified":"2024-07-18T21:18:04","modified_gmt":"2024-07-18T20:18:04","slug":"levicose","status":"publish","type":"product","link":"https:\/\/www.clinicaalthea.com\/farmacia\/de\/apt\/levicose\/","title":{"rendered":"Levicose"},"content":{"rendered":"\n<h2 class=\"wp-block-heading\">Was ist Levicose und wie funktioniert es?<\/h2>\n\n\n\n<p>Levicose ist ein Gel f\u00fcr die Beine, das die Gesundheit der Venen unterst\u00fctzt. Seine einzigartige <b>Zusammensetzung<\/b> enth\u00e4lt Troxerutin, Lycopin, Arnika, Menthol, Apfelextrakt und Honig. Troxerutin unterst\u00fctzt die ordnungsgem\u00e4\u00dfe Funktion der Blutgef\u00e4\u00dfe, Lycopin hat eine antioxidative Wirkung, Arnika hat eine straffende Wirkung auf die Haut, Menthol sorgt f\u00fcr ein erfrischendes Gef\u00fchl, Apfelextrakt spendet der Haut Feuchtigkeit und Honig hat eine beruhigende und lindernde Wirkung. Dank dieser Kombination von Inhaltsstoffen wirkt Levicose auf vielen Ebenen &#8211; es gl\u00e4ttet und strafft die Haut, verbessert die Durchblutung und mindert das Gef\u00fchl m\u00fcder Beine.<\/p>\n\n\n\n<h2 class=\"wp-block-heading\">Vorteile von Levicose &#8211; Effekte<\/h2>\n\n\n\n<p>Die Gesundheit unserer Beine und Venen ist \u00e4u\u00dferst wichtig f\u00fcr unser allgemeines Wohlbefinden und unseren Komfort. Die langfristige <b>Anwendung von<\/b> Levicose, einem hochmodernen Beingel, kann viele <b>Vorteile<\/b> f\u00fcr die Venengesundheit haben. Hier sind einige der Effekte, die bei regelm\u00e4\u00dfiger Anwendung von Levicose erzielt werden k\u00f6nnen:<\/p>\n\n\n\n<ol class=\"wp-block-list\">\n<li><em>Aufrechterhaltung der Elastizit\u00e4t der Blutgef\u00e4\u00dfe:<\/em> Levicose enth\u00e4lt Inhaltsstoffe wie Troxerutin und Lycopin, die das reibungslose Funktionieren der Blutgef\u00e4\u00dfe unterst\u00fctzen. Die langfristige <b>Anwendung des<\/b> Gels kann dazu beitragen, die Elastizit\u00e4t der Gef\u00e4\u00dfe zu erhalten, die f\u00fcr gesunde Venen entscheidend ist.<\/li>\n\n\n\n<li><em>Verringerung der Sichtbarkeit von Krampfadern:<\/em> Sichtbare Krampfadern k\u00f6nnen f\u00fcr viele Menschen ein \u00e4sthetisches Problem darstellen. Levicose kann dazu beitragen, die Sichtbarkeit von Krampfadern zu verringern und ihr Aussehen zu verbessern, was zu einem gr\u00f6\u00dferen Selbstvertrauen im t\u00e4glichen Leben f\u00fchrt.<\/li>\n\n\n\n<li><em>Linderung von Schmerzen und Schwellungen in den Beinen:<\/em> Wenn Sie unter Schmerzen oder Schwellungen in den Beinen leiden, kann Levicose die richtige L\u00f6sung sein. Die Inhaltsstoffe des Gels, wie Arnika und Menthol, haben eine beruhigende und erfrischende Wirkung, die Erleichterung bringt und Beschwerden lindert.<\/li>\n\n\n\n<li><em>Linderung von Schwere- und Erm\u00fcdungsgef\u00fchlen:<\/em> Langes Stehen oder Sitzen, intensives Training oder lange Reisen werden oft von einem Gef\u00fchl der Schwere und M\u00fcdigkeit in den Beinen begleitet. Levicose kann dazu beitragen, diese Beschwerden zu lindern, indem es ein Gef\u00fchl von leichteren, erfrischteren Beinen vermittelt.<\/li>\n\n\n\n<li><em>Verbesserung der Blutzirkulation:<\/em> Ein gesunder Blutkreislauf ist f\u00fcr die Erhaltung der Gesundheit der Beine unerl\u00e4sslich. Levicose kann dank seiner einzigartigen Zusammensetzung dazu beitragen, die Blutzirkulation zu verbessern, was zu einer besseren Gef\u00e4\u00dffunktion und mehr k\u00f6rperlichem Komfort f\u00fchrt.<\/li>\n\n\n\n<li><em>Schnellere Erholung nach intensivem Training:<\/em> Wenn Sie einen aktiven Lebensstil f\u00fchren und regelm\u00e4\u00dfig trainieren, kann Levicose f\u00fcr den Erholungsprozess nach dem Training n\u00fctzlich sein. Mit seiner feuchtigkeitsspendenden und beruhigenden Wirkung auf die Haut kann das Gel die Erholung der Muskeln beschleunigen und ein Gef\u00fchl der Entspannung vermitteln.<\/li>\n<\/ol>\n\n\n\n<p>Die regelm\u00e4\u00dfige <b>Anwendung von<\/b> Levicose kann viele <b>Vorteile<\/b> f\u00fcr Ihre Beine und Venen bringen. Durch die <b>Wirkung<\/b> des Gels auf die Haut und die Blutgef\u00e4\u00dfe f\u00fchlen Sie sich besser und wohler in Ihrem K\u00f6rper. Beachten Sie jedoch, dass die pers\u00f6nlichen Ergebnisse je nach den individuellen Bedingungen und K\u00f6rperreaktionen variieren k\u00f6nnen. Es lohnt sich also, Levicose selbst zu testen und seine Wirkung zu erfahren.<\/p>\n\n\n\n<h2 class=\"wp-block-heading\">Wie Levicose zu verwenden ist &#8211; Gebrauchsanweisung und Dosierung<\/h2>\n\n\n\n<p>Um die besten <b>Ergebnisse<\/b> zu erzielen, ist es wichtig, die korrekten Anweisungen f\u00fcr die Anwendung und Dosierung von Levicose zu befolgen. Im Folgenden finden Sie <b>Anweisungen<\/b>, die Ihnen helfen, das Gel richtig anzuwenden.<\/p>\n\n\n\n<ol class=\"wp-block-list\">\n<li>Vergewissern Sie sich, dass Ihre Beinhaut sauber und trocken ist, bevor Sie mit Levicose beginnen.<\/li>\n\n\n\n<li>Tragen Sie eine kleine Menge des Gels auf die zu pflegende Stelle der Beine auf. Achten Sie darauf, es gleichm\u00e4\u00dfig auf der Haut zu verteilen.<\/li>\n\n\n\n<li>Massieren Sie das Gel mit kreisenden Bewegungen sanft in die Haut ein. Durch die Massage k\u00f6nnen die Wirkstoffe besser von der Haut aufgenommen werden.<\/li>\n\n\n\n<li>Massieren Sie es ein, bis das Gel vollst\u00e4ndig eingezogen ist. Dies kann ein paar Minuten dauern, also haben Sie Geduld.<\/li>\n\n\n\n<li>Es wird empfohlen, Levicose 2-3 Mal t\u00e4glich anzuwenden, um beste Ergebnisse zu erzielen. Sie k\u00f6nnen es morgens und abends oder zu jeder anderen geeigneten Tageszeit anwenden.<\/li>\n<\/ol>\n\n\n\n<p>Bevor Sie das Gel verwenden, sollten Sie Ihre Haut auf eine m\u00f6gliche allergische Reaktion \u00fcberpr\u00fcfen. Sie k\u00f6nnen eine kleine Menge des Gels auf eine kleine Hautpartie auftragen und die Reaktion 24 Stunden lang beobachten. Wenn nach dieser Zeit keine allergischen Reaktionen auftreten, k\u00f6nnen Sie das Gel bedenkenlos verwenden. Vermeiden Sie den Kontakt des Gels mit Ihren Augen und offenen Wunden, um Reizungen zu vermeiden.<\/p>\n\n\n\n<p>Es gibt jedoch einige Personengruppen, die Levicose nicht verwenden sollten. Verwenden Sie das Gel nicht, wenn Sie schwanger sind, stillen, allergisch auf einen der Inhaltsstoffe reagieren, ein Kind unter 3 Jahren sind oder offene Wunden auf der Haut haben. Wenn Sie unerw\u00fcnschte Nebenwirkungen oder eine allergische Reaktion bemerken, brechen Sie die Anwendung des Gels sofort ab und konsultieren Sie Ihren Arzt.<\/p>\n\n\n\n<h3 class=\"wp-block-heading\">Zusammenfassung der Anweisungen f\u00fcr die Verwendung und Dosierung von Levicose:<\/h3>\n\n\n\n<p>Um die besten Ergebnisse mit Levicose zu erzielen, sollten Sie die Anwendungs- und Dosierungsanweisungen genau befolgen. Sie sollten:<br>&#8211; Tragen Sie das Gel auf die saubere und trockene Haut der Beine auf.<br>&#8211; Tragen Sie eine kleine Menge des Gels auf und massieren Sie es sanft ein, bis es vollst\u00e4ndig eingezogen ist.<br>&#8211; Wenden Sie das Gel 2-3 Mal t\u00e4glich an.<br>&#8211; Vermeiden Sie den Kontakt des Gels mit den Augen.<br>&#8211; Verwenden Sie das Gel nicht bei schwangeren oder stillenden Frauen, Kindern unter 3 Jahren und Menschen mit individuellen Unvertr\u00e4glichkeiten gegen\u00fcber Inhaltsstoffen oder auf offenen Wunden.<\/p>\n\n\n\n<figure class=\"wp-block-table\"><table><tbody><tr><th>Zusammensetzung von Levicose<\/th><th>Beschreibung<\/th><\/tr><tr><td>Troxerutin<\/td><td>Ein Inhaltsstoff, der die richtige Funktion der Blutgef\u00e4\u00dfe unterst\u00fctzt.<\/td><\/tr><tr><td>Lycopin<\/td><td>Es hat eine antioxidative Wirkung und wirkt den sch\u00e4dlichen Auswirkungen der freien Radikale entgegen.<\/td><\/tr><tr><td>Arnika<\/td><td>Es hat tonisierende Eigenschaften f\u00fcr die Haut der Beine.<\/td><\/tr><tr><td>Menthol<\/td><td>Es sorgt f\u00fcr ein erfrischendes Gef\u00fchl und hat eine beruhigende Wirkung auf die Haut.<\/td><\/tr><tr><td>Apfel-Extrakt<\/td><td>Es spendet der Haut Feuchtigkeit und hilft ihr, sich zu regenerieren.<\/td><\/tr><tr><td>Honig<\/td><td>Es hat eine wohltuende und beruhigende Wirkung auf die Haut der Beine.<\/td><\/tr><\/tbody><\/table><\/figure>\n\n\n\n<h2 class=\"wp-block-heading\">Bewertungen und Meinungen zu Levicose<\/h2>\n\n\n\n<p>Levicose ist ein Produkt, das positive <b>Bewertungen<\/b> und <b>R\u00fcckmeldungen<\/b> von Benutzern erhalten hat. Viele loben die <b>Wirkung<\/b> des Gels bei der Reduzierung von Schmerzen, M\u00fcdigkeit und Schwellungen in den Beinen. Die Anwender bemerken auch eine verbesserte Blutzirkulation und ein Gef\u00fchl der Erfrischung und Entspannung nach der Anwendung von Levicose. Einige haben auch eine Verringerung des Erscheinungsbildes von Krampfadern festgestellt. Es ist jedoch zu bedenken, dass die <b>Wirkung des<\/b> Gels je nach den individuellen Bedingungen und der Reaktion des K\u00f6rpers variieren kann.<\/p>\n\n\n\n<h2 class=\"wp-block-heading\">Levicose &#8211; Zusammensetzung<\/h2>\n\n\n\n<p>Die <b>Zusammensetzung<\/b> von Levicose umfasst Troxerutin, Lycopin, Arnika, Menthol, Apfelextrakt und Honig. Jeder dieser Inhaltsstoffe hat seine eigenen einzigartigen Eigenschaften und Auswirkungen auf die Gesundheit der Beine.<\/p>\n\n\n\n<p>Troxerutin ist eine Substanz mit gef\u00e4\u00dferweiternden Eigenschaften, die die Blutzirkulation in den Beinen verbessert. Lycopin hingegen hat eine antioxidative Wirkung und sch\u00fctzt die Zellen vor den sch\u00e4dlichen Auswirkungen freier Radikale.<\/p>\n\n\n\n<p>Arnika hat eine straffende Wirkung auf die Haut der Beine und verbessert ihre Elastizit\u00e4t. Menthol sorgt f\u00fcr ein erfrischendes und entspannendes Gef\u00fchl und lindert die M\u00fcdigkeit der Beine. Apfelextrakt wirkt feuchtigkeitsspendend und mindert die Trockenheit der Haut, w\u00e4hrend Honig eine beruhigende und lindernde Wirkung hat und dazu beitr\u00e4gt, die Beschwerden zu lindern.<\/p>\n\n\n\n<p>Mit einer ausgewogenen Kombination dieser Inhaltsstoffe bietet Levicose eine umfassende Beinpflege, die die Durchblutung verbessert, die Haut mit Feuchtigkeit versorgt und Reizungen lindert.<\/p>\n\n\n\n<figure class=\"wp-block-table\"><table><tbody><tr><th>Inhaltsstoffe<\/th><th>Eigenschaften<\/th><\/tr><tr><td>Troxerutin<\/td><td>Verbessert die Blutzirkulation in den Beinen<\/td><\/tr><tr><td>Lycopin<\/td><td>Antioxidative Wirkung<\/td><\/tr><tr><td>Arnika<\/td><td>Hat eine straffende Wirkung auf die Haut der Beine<\/td><\/tr><tr><td>Menthol<\/td><td>Sorgt f\u00fcr ein erfrischendes Gef\u00fchl<\/td><\/tr><tr><td>Apfel-Extrakt<\/td><td>Versorgt die Haut mit Feuchtigkeit<\/td><\/tr><tr><td>Honig<\/td><td>Hat eine beruhigende und bes\u00e4nftigende Wirkung<\/td><\/tr><\/tbody><\/table><\/figure>\n\n\n\n<h2 class=\"wp-block-heading\">Wo kann man Levicose kaufen &#8211; Preis<\/h2>\n\n\n\n<p>Levicose kann auf der offiziellen Website des Herstellers erworben werden. Es lohnt sich, den Kauf \u00fcber den offiziellen Vertriebsweg zu t\u00e4tigen, um sicherzustellen, dass Sie das Originalprodukt erhalten. Der <b>Preis von<\/b> Levicose kann je nach Werbeaktion und Verpackung variieren.<\/p>\n\n\n\n<p>Um Levicose zu kaufen, besuchen Sie die offizielle Website des Herstellers und geben Sie Ihre Bestellung auf. Auf der Website des Herstellers finden Sie ausf\u00fchrliche Informationen \u00fcber das Produkt, Anweisungen f\u00fcr die Verwendung und aktuelle Aktionen, die den Preis beeinflussen k\u00f6nnen.<\/p>\n\n\n\n<p>Es lohnt sich auf jeden Fall, einen offiziellen Vertriebsweg zu w\u00e4hlen, da Sie so die Garantie haben, ein Originalprodukt von hoher Qualit\u00e4t zu erhalten. Vermeiden Sie den Kauf bei nicht vertrauensw\u00fcrdigen Quellen, um F\u00e4lschungen zu vermeiden, die unwirksam oder sogar gesundheitssch\u00e4dlich sein k\u00f6nnen.<\/p>\n\n\n\n<h2 class=\"wp-block-heading\">M\u00f6gliche Nebenwirkungen und Kontraindikationen von Levicose<\/h2>\n\n\n\n<p>Bevor Sie <strong>Levicose<\/strong> anwenden, sollten Sie sich mit den m\u00f6glichen Nebenwirkungen und Gegenanzeigen vertraut machen. Im Falle einer allergischen Reaktion oder unerw\u00fcnschter Nebenwirkungen sollten Sie die Anwendung des Gels abbrechen und Ihren Arzt aufsuchen.<\/p>\n\n\n\n<p><strong>Levicose-Gel<\/strong> sollte nicht bei schwangeren oder stillenden Frauen, Kindern unter 3 Jahren oder Personen mit individueller Unvertr\u00e4glichkeit gegen\u00fcber Inhaltsstoffen oder auf offenen Wunden angewendet werden. Vermeiden Sie vorsichtig den Kontakt des Gels mit den Augen, um Reizungen zu vermeiden.<\/p>\n\n\n\n<p>Um Sicherheit zu gew\u00e4hrleisten und Nebenwirkungen zu vermeiden, ist es ratsam, die Inhaltsstoffe des Gels zu \u00fcberpr\u00fcfen und einen Allergietest durchzuf\u00fchren, bevor Sie mit der regelm\u00e4\u00dfigen Anwendung beginnen. Denken Sie daran, dass Gesundheit und Sicherheit an erster Stelle stehen, fragen Sie also im Zweifelsfall immer Ihren Arzt oder Apotheker.<\/p>\n","protected":false},"excerpt":{"rendered":"<p><strong>49.00 \u20ac<\/strong><\/p>\n<p><del>98.00 \u20ac<\/del><\/p>\n<p><strong>[date_countdown]<\/strong><\/p>\n","protected":false},"featured_media":7566,"comment_status":"open","ping_status":"closed","template":"","meta":{"neve_meta_sidebar":"","neve_meta_container":"","neve_meta_enable_content_width":"","neve_meta_content_width":0,"neve_meta_title_alignment":"","neve_meta_author_avatar":"","neve_post_elements_order":"","neve_meta_disable_header":"","neve_meta_disable_footer":"","neve_meta_disable_title":"","neve_meta_reading_time":""},"product_brand":[],"product_cat":[33],"product_tag":[],"class_list":{"0":"post-7572","1":"product","2":"type-product","3":"status-publish","4":"has-post-thumbnail","6":"product_cat-gesundheit","8":"first","9":"instock","10":"shipping-taxable","11":"product-type-external"},"yoast_head":"<!-- This site is optimized with the Yoast SEO plugin v27.4 - https:\/\/yoast.com\/product\/yoast-seo-wordpress\/ -->\n<title>Levicose - Clinica Althea<\/title>\n<meta name=\"robots\" content=\"index, follow, max-snippet:-1, max-image-preview:large, max-video-preview:-1\" \/>\n<link rel=\"canonical\" href=\"https:\/\/www.clinicaalthea.com\/farmacia\/de\/apt\/levicose\/\" \/>\n<meta property=\"og:locale\" content=\"pl_PL\" \/>\n<meta property=\"og:type\" content=\"article\" \/>\n<meta property=\"og:title\" content=\"Levicose - Clinica Althea\" \/>\n<meta property=\"og:description\" content=\"49.00 \u20ac 98.00 \u20ac\" \/>\n<meta property=\"og:url\" content=\"https:\/\/www.clinicaalthea.com\/farmacia\/de\/apt\/levicose\/\" \/>\n<meta property=\"og:site_name\" content=\"Clinica Althea\" \/>\n<meta property=\"article:modified_time\" content=\"2024-07-18T20:18:04+00:00\" \/>\n<meta property=\"og:image\" content=\"https:\/\/www.clinicaalthea.com\/farmacia\/wp-content\/uploads\/2024\/07\/LEVICOSE.jpg\" \/>\n\t<meta property=\"og:image:width\" content=\"768\" \/>\n\t<meta property=\"og:image:height\" content=\"768\" \/>\n\t<meta property=\"og:image:type\" content=\"image\/jpeg\" \/>\n<meta name=\"twitter:card\" content=\"summary_large_image\" \/>\n<meta name=\"twitter:label1\" content=\"Szacowany czas czytania\" \/>\n\t<meta name=\"twitter:data1\" content=\"9 minut\" \/>\n<script type=\"application\/ld+json\" class=\"yoast-schema-graph\">{\"@context\":\"https:\\\/\\\/schema.org\",\"@graph\":[{\"@type\":\"WebPage\",\"@id\":\"https:\\\/\\\/www.clinicaalthea.com\\\/farmacia\\\/de\\\/apt\\\/levicose\\\/\",\"url\":\"https:\\\/\\\/www.clinicaalthea.com\\\/farmacia\\\/de\\\/apt\\\/levicose\\\/\",\"name\":\"Levicose - Clinica Althea\",\"isPartOf\":{\"@id\":\"https:\\\/\\\/www.clinicaalthea.com\\\/farmacia\\\/#website\"},\"primaryImageOfPage\":{\"@id\":\"https:\\\/\\\/www.clinicaalthea.com\\\/farmacia\\\/de\\\/apt\\\/levicose\\\/#primaryimage\"},\"image\":{\"@id\":\"https:\\\/\\\/www.clinicaalthea.com\\\/farmacia\\\/de\\\/apt\\\/levicose\\\/#primaryimage\"},\"thumbnailUrl\":\"https:\\\/\\\/www.clinicaalthea.com\\\/farmacia\\\/wp-content\\\/uploads\\\/2024\\\/07\\\/LEVICOSE.jpg\",\"datePublished\":\"2024-07-18T19:54:47+00:00\",\"dateModified\":\"2024-07-18T20:18:04+00:00\",\"breadcrumb\":{\"@id\":\"https:\\\/\\\/www.clinicaalthea.com\\\/farmacia\\\/de\\\/apt\\\/levicose\\\/#breadcrumb\"},\"inLanguage\":\"pl-PL\",\"potentialAction\":[{\"@type\":\"ReadAction\",\"target\":[\"https:\\\/\\\/www.clinicaalthea.com\\\/farmacia\\\/de\\\/apt\\\/levicose\\\/\"]}]},{\"@type\":\"ImageObject\",\"inLanguage\":\"pl-PL\",\"@id\":\"https:\\\/\\\/www.clinicaalthea.com\\\/farmacia\\\/de\\\/apt\\\/levicose\\\/#primaryimage\",\"url\":\"https:\\\/\\\/www.clinicaalthea.com\\\/farmacia\\\/wp-content\\\/uploads\\\/2024\\\/07\\\/LEVICOSE.jpg\",\"contentUrl\":\"https:\\\/\\\/www.clinicaalthea.com\\\/farmacia\\\/wp-content\\\/uploads\\\/2024\\\/07\\\/LEVICOSE.jpg\",\"width\":768,\"height\":768,\"caption\":\"Levicose\"},{\"@type\":\"BreadcrumbList\",\"@id\":\"https:\\\/\\\/www.clinicaalthea.com\\\/farmacia\\\/de\\\/apt\\\/levicose\\\/#breadcrumb\",\"itemListElement\":[{\"@type\":\"ListItem\",\"position\":1,\"name\":\"Strona g\u0142\u00f3wna\",\"item\":\"https:\\\/\\\/www.clinicaalthea.com\\\/farmacia\\\/\"},{\"@type\":\"ListItem\",\"position\":2,\"name\":\"Produkty\",\"item\":\"https:\\\/\\\/www.clinicaalthea.com\\\/farmacia\\\/\"},{\"@type\":\"ListItem\",\"position\":3,\"name\":\"Levicose\"}]},{\"@type\":\"WebSite\",\"@id\":\"https:\\\/\\\/www.clinicaalthea.com\\\/farmacia\\\/#website\",\"url\":\"https:\\\/\\\/www.clinicaalthea.com\\\/farmacia\\\/\",\"name\":\"Clinica Althea\",\"description\":\"\",\"publisher\":{\"@id\":\"https:\\\/\\\/www.clinicaalthea.com\\\/farmacia\\\/#organization\"},\"potentialAction\":[{\"@type\":\"SearchAction\",\"target\":{\"@type\":\"EntryPoint\",\"urlTemplate\":\"https:\\\/\\\/www.clinicaalthea.com\\\/farmacia\\\/?s={search_term_string}\"},\"query-input\":{\"@type\":\"PropertyValueSpecification\",\"valueRequired\":true,\"valueName\":\"search_term_string\"}}],\"inLanguage\":\"pl-PL\"},{\"@type\":\"Organization\",\"@id\":\"https:\\\/\\\/www.clinicaalthea.com\\\/farmacia\\\/#organization\",\"name\":\"Clinica Althea\",\"url\":\"https:\\\/\\\/www.clinicaalthea.com\\\/farmacia\\\/\",\"logo\":{\"@type\":\"ImageObject\",\"inLanguage\":\"pl-PL\",\"@id\":\"https:\\\/\\\/www.clinicaalthea.com\\\/farmacia\\\/#\\\/schema\\\/logo\\\/image\\\/\",\"url\":\"https:\\\/\\\/www.clinicaalthea.com\\\/farmacia\\\/wp-content\\\/uploads\\\/2023\\\/12\\\/Jak-diagnozuje-sie-FAS_-objawy-kryteria-diagnostyczne-i-metody-diagnozowania-154162903.jpg\",\"contentUrl\":\"https:\\\/\\\/www.clinicaalthea.com\\\/farmacia\\\/wp-content\\\/uploads\\\/2023\\\/12\\\/Jak-diagnozuje-sie-FAS_-objawy-kryteria-diagnostyczne-i-metody-diagnozowania-154162903.jpg\",\"width\":1216,\"height\":832,\"caption\":\"Clinica Althea\"},\"image\":{\"@id\":\"https:\\\/\\\/www.clinicaalthea.com\\\/farmacia\\\/#\\\/schema\\\/logo\\\/image\\\/\"}}]}<\/script>\n<!-- \/ Yoast SEO plugin. -->","yoast_head_json":{"title":"Levicose - Clinica Althea","robots":{"index":"index","follow":"follow","max-snippet":"max-snippet:-1","max-image-preview":"max-image-preview:large","max-video-preview":"max-video-preview:-1"},"canonical":"https:\/\/www.clinicaalthea.com\/farmacia\/de\/apt\/levicose\/","og_locale":"pl_PL","og_type":"article","og_title":"Levicose - Clinica Althea","og_description":"49.00 \u20ac 98.00 \u20ac","og_url":"https:\/\/www.clinicaalthea.com\/farmacia\/de\/apt\/levicose\/","og_site_name":"Clinica Althea","article_modified_time":"2024-07-18T20:18:04+00:00","og_image":[{"width":768,"height":768,"url":"https:\/\/www.clinicaalthea.com\/farmacia\/wp-content\/uploads\/2024\/07\/LEVICOSE.jpg","type":"image\/jpeg"}],"twitter_card":"summary_large_image","twitter_misc":{"Szacowany czas czytania":"9 minut"},"schema":{"@context":"https:\/\/schema.org","@graph":[{"@type":"WebPage","@id":"https:\/\/www.clinicaalthea.com\/farmacia\/de\/apt\/levicose\/","url":"https:\/\/www.clinicaalthea.com\/farmacia\/de\/apt\/levicose\/","name":"Levicose - Clinica Althea","isPartOf":{"@id":"https:\/\/www.clinicaalthea.com\/farmacia\/#website"},"primaryImageOfPage":{"@id":"https:\/\/www.clinicaalthea.com\/farmacia\/de\/apt\/levicose\/#primaryimage"},"image":{"@id":"https:\/\/www.clinicaalthea.com\/farmacia\/de\/apt\/levicose\/#primaryimage"},"thumbnailUrl":"https:\/\/www.clinicaalthea.com\/farmacia\/wp-content\/uploads\/2024\/07\/LEVICOSE.jpg","datePublished":"2024-07-18T19:54:47+00:00","dateModified":"2024-07-18T20:18:04+00:00","breadcrumb":{"@id":"https:\/\/www.clinicaalthea.com\/farmacia\/de\/apt\/levicose\/#breadcrumb"},"inLanguage":"pl-PL","potentialAction":[{"@type":"ReadAction","target":["https:\/\/www.clinicaalthea.com\/farmacia\/de\/apt\/levicose\/"]}]},{"@type":"ImageObject","inLanguage":"pl-PL","@id":"https:\/\/www.clinicaalthea.com\/farmacia\/de\/apt\/levicose\/#primaryimage","url":"https:\/\/www.clinicaalthea.com\/farmacia\/wp-content\/uploads\/2024\/07\/LEVICOSE.jpg","contentUrl":"https:\/\/www.clinicaalthea.com\/farmacia\/wp-content\/uploads\/2024\/07\/LEVICOSE.jpg","width":768,"height":768,"caption":"Levicose"},{"@type":"BreadcrumbList","@id":"https:\/\/www.clinicaalthea.com\/farmacia\/de\/apt\/levicose\/#breadcrumb","itemListElement":[{"@type":"ListItem","position":1,"name":"Strona g\u0142\u00f3wna","item":"https:\/\/www.clinicaalthea.com\/farmacia\/"},{"@type":"ListItem","position":2,"name":"Produkty","item":"https:\/\/www.clinicaalthea.com\/farmacia\/"},{"@type":"ListItem","position":3,"name":"Levicose"}]},{"@type":"WebSite","@id":"https:\/\/www.clinicaalthea.com\/farmacia\/#website","url":"https:\/\/www.clinicaalthea.com\/farmacia\/","name":"Clinica Althea","description":"","publisher":{"@id":"https:\/\/www.clinicaalthea.com\/farmacia\/#organization"},"potentialAction":[{"@type":"SearchAction","target":{"@type":"EntryPoint","urlTemplate":"https:\/\/www.clinicaalthea.com\/farmacia\/?s={search_term_string}"},"query-input":{"@type":"PropertyValueSpecification","valueRequired":true,"valueName":"search_term_string"}}],"inLanguage":"pl-PL"},{"@type":"Organization","@id":"https:\/\/www.clinicaalthea.com\/farmacia\/#organization","name":"Clinica Althea","url":"https:\/\/www.clinicaalthea.com\/farmacia\/","logo":{"@type":"ImageObject","inLanguage":"pl-PL","@id":"https:\/\/www.clinicaalthea.com\/farmacia\/#\/schema\/logo\/image\/","url":"https:\/\/www.clinicaalthea.com\/farmacia\/wp-content\/uploads\/2023\/12\/Jak-diagnozuje-sie-FAS_-objawy-kryteria-diagnostyczne-i-metody-diagnozowania-154162903.jpg","contentUrl":"https:\/\/www.clinicaalthea.com\/farmacia\/wp-content\/uploads\/2023\/12\/Jak-diagnozuje-sie-FAS_-objawy-kryteria-diagnostyczne-i-metody-diagnozowania-154162903.jpg","width":1216,"height":832,"caption":"Clinica Althea"},"image":{"@id":"https:\/\/www.clinicaalthea.com\/farmacia\/#\/schema\/logo\/image\/"}}]}},"lang":"de","translations":{"de":7572,"pl":7565,"bg":7568,"hu":7570,"el":7574,"es":7576,"it":7578,"lt":7581,"pt":7583,"ro":7585,"sk":7587,"sl":7589,"fr":7591,"cs":7593,"nl":7595},"pll_sync_post":[],"_links":{"self":[{"href":"https:\/\/www.clinicaalthea.com\/farmacia\/wp-json\/wp\/v2\/product\/7572","targetHints":{"allow":["GET"]}}],"collection":[{"href":"https:\/\/www.clinicaalthea.com\/farmacia\/wp-json\/wp\/v2\/product"}],"about":[{"href":"https:\/\/www.clinicaalthea.com\/farmacia\/wp-json\/wp\/v2\/types\/product"}],"replies":[{"embeddable":true,"href":"https:\/\/www.clinicaalthea.com\/farmacia\/wp-json\/wp\/v2\/comments?post=7572"}],"wp:featuredmedia":[{"embeddable":true,"href":"https:\/\/www.clinicaalthea.com\/farmacia\/wp-json\/wp\/v2\/media\/7566"}],"wp:attachment":[{"href":"https:\/\/www.clinicaalthea.com\/farmacia\/wp-json\/wp\/v2\/media?parent=7572"}],"wp:term":[{"taxonomy":"product_brand","embeddable":true,"href":"https:\/\/www.clinicaalthea.com\/farmacia\/wp-json\/wp\/v2\/product_brand?post=7572"},{"taxonomy":"product_cat","embeddable":true,"href":"https:\/\/www.clinicaalthea.com\/farmacia\/wp-json\/wp\/v2\/product_cat?post=7572"},{"taxonomy":"product_tag","embeddable":true,"href":"https:\/\/www.clinicaalthea.com\/farmacia\/wp-json\/wp\/v2\/product_tag?post=7572"}],"curies":[{"name":"wp","href":"https:\/\/api.w.org\/{rel}","templated":true}]}}