{"id":7570,"date":"2024-07-18T20:54:20","date_gmt":"2024-07-18T19:54:20","guid":{"rendered":"https:\/\/mayoguide.org\/produkty\/?post_type=product&#038;p=7570"},"modified":"2024-07-18T21:18:04","modified_gmt":"2024-07-18T20:18:04","slug":"levicose","status":"publish","type":"product","link":"https:\/\/www.clinicaalthea.com\/farmacia\/hu\/apt\/levicose\/","title":{"rendered":"Levicose"},"content":{"rendered":"\n<h2 class=\"wp-block-heading\">Mi az a Levicose \u00e9s hogyan m\u0171k\u00f6dik?<\/h2>\n\n\n\n<p>A Levicose egy olyan l\u00e1bg\u00e9l, amelyet a v\u00e9n\u00e1k eg\u00e9szs\u00e9g\u00e9nek t\u00e1mogat\u00e1s\u00e1ra terveztek. Egyedi <b>\u00f6sszet\u00e9tele<\/b> troxerutint, likopint, \u00e1rnik\u00e1t, mentolt, almakivonatot \u00e9s m\u00e9zet tartalmaz. A troxerutin t\u00e1mogatja az erek megfelel\u0151 m\u0171k\u00f6d\u00e9s\u00e9t, a likopin antioxid\u00e1ns hat\u00e1s\u00fa, az \u00e1rnika toniz\u00e1l\u00f3an hat a b\u0151rre, a mentol friss\u00edt\u0151 \u00e9rz\u00e9st biztos\u00edt, az almakivonat hidrat\u00e1lja a b\u0151rt, a m\u00e9z pedig nyugtat\u00f3 \u00e9s nyugtat\u00f3 hat\u00e1s\u00fa. Az \u00f6sszetev\u0151k ezen kombin\u00e1ci\u00f3j\u00e1nak k\u00f6sz\u00f6nhet\u0151en a Levicose t\u00f6bb szinten is m\u0171k\u00f6dik &#8211; kisim\u00edtja \u00e9s toniz\u00e1lja a b\u0151rt, jav\u00edtja a v\u00e9rkering\u00e9st \u00e9s cs\u00f6kkenti a f\u00e1radt l\u00e1bak \u00e9rz\u00e9s\u00e9t.<\/p>\n\n\n\n<h2 class=\"wp-block-heading\">A Levicose el\u0151nyei &#8211; hat\u00e1sok<\/h2>\n\n\n\n<p>L\u00e1baink \u00e9s v\u00e9n\u00e1ink eg\u00e9szs\u00e9ge rendk\u00edv\u00fcl fontos az \u00e1ltal\u00e1nos j\u00f3l\u00e9t \u00e9s k\u00e9nyelem szempontj\u00e1b\u00f3l. A Levicose, egy korszer\u0171 l\u00e1bg\u00e9l hossz\u00fa t\u00e1v\u00fa <b>haszn\u00e1lata<\/b> sz\u00e1mos <b>el\u0151nnyel j\u00e1r<\/b> hat a v\u00e9n\u00e1k eg\u00e9szs\u00e9g\u00e9re n\u00e9zve. \u00cdme n\u00e9h\u00e1ny a Levicose rendszeres haszn\u00e1lat\u00e1val el\u00e9rhet\u0151 hat\u00e1sok k\u00f6z\u00fcl:<\/p>\n\n\n\n<ol class=\"wp-block-list\">\n<li><em>Az erek rugalmass\u00e1g\u00e1nak meg\u0151rz\u00e9se:<\/em> A Levicose olyan \u00f6sszetev\u0151ket tartalmaz, mint a troxerutin \u00e9s a likopin, amelyek t\u00e1mogatj\u00e1k az erek megfelel\u0151 m\u0171k\u00f6d\u00e9s\u00e9t. A g\u00e9l hossz\u00fa t\u00e1v\u00fa <b>haszn\u00e1lata<\/b> seg\u00edthet fenntartani az erek rugalmass\u00e1g\u00e1t, ami elengedhetetlen az eg\u00e9szs\u00e9ges v\u00e9n\u00e1khoz.<\/li>\n\n\n\n<li>A<em>visszerek l\u00e1that\u00f3s\u00e1g\u00e1nak cs\u00f6kkent\u00e9se<\/em>: A l\u00e1that\u00f3 visszerek sok ember sz\u00e1m\u00e1ra eszt\u00e9tikai probl\u00e9m\u00e1t jelenthetnek. A Levicose seg\u00edthet a visszerek l\u00e1that\u00f3s\u00e1g\u00e1nak cs\u00f6kkent\u00e9s\u00e9ben \u00e9s megjelen\u00e9s\u00fck jav\u00edt\u00e1s\u00e1ban, ami nagyobb magabiztoss\u00e1got eredm\u00e9nyez a mindennapi \u00e9letben.<\/li>\n\n\n\n<li>A<em>l\u00e1bf\u00e1jdalom \u00e9s a duzzanat cs\u00f6kkent\u00e9se:<\/em> Ha f\u00e1jdalmat vagy duzzanatot \u00e9rez a l\u00e1b\u00e1ban, a Levicose lehet a megfelel\u0151 megold\u00e1s. A g\u00e9l \u00f6sszetev\u0151i, mint p\u00e9ld\u00e1ul az arnika \u00e9s a mentol, nyugtat\u00f3 \u00e9s friss\u00edt\u0151 hat\u00e1ssal b\u00edrnak, enyh\u00fcl\u00e9st hoznak \u00e9s cs\u00f6kkentik a kellemetlen \u00e9rz\u00e9st.<\/li>\n\n\n\n<li><em>A neh\u00e9zs\u00e9gi \u00e9s f\u00e1radts\u00e1g\u00e9rzet enyh\u00edt\u00e9se:<\/em> A hossz\u00fa ideig tart\u00f3 \u00e1ll\u00e1st vagy \u00fcl\u00e9st, az intenz\u00edv edz\u00e9st vagy a hossz\u00fa utaz\u00e1sokat gyakran k\u00eds\u00e9ri a l\u00e1bakban jelentkez\u0151 neh\u00e9zs\u00e9gi \u00e9s f\u00e1radts\u00e1g\u00e9rzet. A Levicose seg\u00edthet enyh\u00edteni ezeket a kellemetlens\u00e9geket az\u00e1ltal, hogy a l\u00e1bak k\u00f6nnyedebbnek \u00e9s frissebbnek \u00e9rzik magukat.<\/li>\n\n\n\n<li><em>A v\u00e9rkering\u00e9s jav\u00edt\u00e1sa:<\/em> Az eg\u00e9szs\u00e9ges v\u00e9rkering\u00e9s l\u00e9tfontoss\u00e1g\u00fa a l\u00e1bak eg\u00e9szs\u00e9g\u00e9nek meg\u0151rz\u00e9s\u00e9hez. A Levicose egyed\u00fcl\u00e1ll\u00f3 \u00f6sszet\u00e9tel\u00e9nek k\u00f6sz\u00f6nhet\u0151en seg\u00edthet a v\u00e9rkering\u00e9s jav\u00edt\u00e1s\u00e1ban, ami jobb \u00e9rm\u0171k\u00f6d\u00e9st \u00e9s nagyobb fizikai komfort\u00e9rzetet eredm\u00e9nyez.<\/li>\n\n\n\n<li><em>Gyorsabb regener\u00e1l\u00f3d\u00e1s intenz\u00edv edz\u00e9s ut\u00e1n:<\/em> A Levicose hasznos lehet az edz\u00e9s ut\u00e1ni regener\u00e1l\u00f3d\u00e1si folyamatban. A g\u00e9l a b\u0151rre gyakorolt hidrat\u00e1l\u00f3 \u00e9s nyugtat\u00f3 hat\u00e1s\u00e1val felgyors\u00edthatja az izmok regener\u00e1l\u00f3d\u00e1s\u00e1t \u00e9s a relax\u00e1ci\u00f3 \u00e9rz\u00e9s\u00e9t kelti.<\/li>\n<\/ol>\n\n\n\n<p>A Levicose rendszeres <b>haszn\u00e1lata<\/b> sz\u00e1mos <b>el\u0151nnyel j\u00e1r<\/b> hat l\u00e1bai \u00e9s v\u00e9n\u00e1i sz\u00e1m\u00e1ra. A g\u00e9lnek a b\u0151rre \u00e9s az erekre <b>gyakorolt hat\u00e1s\u00e1ra<\/b> \u00d6n jobban \u00e9s k\u00e9nyelmesebben \u00e9rzi mag\u00e1t a test\u00e9ben. Ne feledje azonban, hogy a szem\u00e9lyes eredm\u00e9nyek az egy\u00e9ni k\u00f6r\u00fclm\u00e9nyekt\u0151l \u00e9s a test reakci\u00f3it\u00f3l f\u00fcgg\u0151en v\u00e1ltozhatnak, ez\u00e9rt \u00e9rdemes a Levicose-t saj\u00e1t maga kipr\u00f3b\u00e1lni \u00e9s megtapasztalni a hat\u00e1s\u00e1t.<\/p>\n\n\n\n<h2 class=\"wp-block-heading\">Hogyan kell haszn\u00e1lni a Levicose-t &#8211; Haszn\u00e1lati utas\u00edt\u00e1s \u00e9s adagol\u00e1s<\/h2>\n\n\n\n<p>A legjobb <b>eredm\u00e9ny<\/b> el\u00e9r\u00e9se \u00e9rdek\u00e9ben fontos, hogy k\u00f6vesse a Levicose haszn\u00e1lat\u00e1ra \u00e9s adagol\u00e1s\u00e1ra vonatkoz\u00f3 helyes utas\u00edt\u00e1sokat. Az al\u00e1bbiakban a g\u00e9l helyes haszn\u00e1lat\u00e1t seg\u00edt\u0151 <b>utas\u00edt\u00e1sokat<\/b> tal\u00e1lja.<\/p>\n\n\n\n<ol class=\"wp-block-list\">\n<li>Gy\u0151z\u0151dj\u00f6n meg r\u00f3la, hogy a l\u00e1b b\u0151re tiszta \u00e9s sz\u00e1raz, miel\u0151tt elkezden\u00e9 a Levicose-t.<\/li>\n\n\n\n<li>Vigyen fel egy kis mennyis\u00e9g\u0171 g\u00e9lt a l\u00e1bak azon ter\u00fclet\u00e9re, amelyet \u00e1polni szeretne. Ne felejtse el egyenletesen eloszlatni a b\u0151r\u00f6n.<\/li>\n\n\n\n<li>K\u00f6rk\u00f6r\u00f6s mozdulatokkal gyeng\u00e9den massz\u00edrozza a g\u00e9lt a b\u0151rbe. A massz\u00e1zs seg\u00edti a hat\u00f3anyagok jobb felsz\u00edv\u00f3d\u00e1s\u00e1t a b\u0151rbe.<\/li>\n\n\n\n<li>Addig massz\u00edrozza, am\u00edg a g\u00e9l teljesen fel nem sz\u00edv\u00f3dik. Ez n\u00e9h\u00e1ny percet vehet ig\u00e9nybe, ez\u00e9rt legyen t\u00fcrelmes.<\/li>\n\n\n\n<li>A Levicose-t a legjobb eredm\u00e9ny el\u00e9r\u00e9se \u00e9rdek\u00e9ben naponta 2-3 alkalommal aj\u00e1nlott haszn\u00e1lni. Alkalmazhatja reggel \u00e9s este, vagy a nap b\u00e1rmely m\u00e1s alkalmas id\u0151pontj\u00e1ban.<\/li>\n<\/ol>\n\n\n\n<p>A g\u00e9l haszn\u00e1lata el\u0151tt c\u00e9lszer\u0171 ellen\u0151rizni a b\u0151r\u00e9t, hogy nem \u00e1ll-e fenn allergi\u00e1s reakci\u00f3. Alkalmazhat egy kis mennyis\u00e9g\u0171 g\u00e9lt egy kis b\u0151rfel\u00fcletre, \u00e9s 24 \u00f3r\u00e1n kereszt\u00fcl megfigyelheti a reakci\u00f3t. Ha ez id\u0151 ut\u00e1n nem jelentkezik allergi\u00e1s reakci\u00f3, nyugodtan haszn\u00e1lhatja a g\u00e9lt. Az irrit\u00e1ci\u00f3 elker\u00fcl\u00e9se \u00e9rdek\u00e9ben ker\u00fclje a g\u00e9l szemmel \u00e9s ny\u00edlt sebekkel val\u00f3 \u00e9rintkez\u00e9s\u00e9t.<\/p>\n\n\n\n<p>Azonban t\u00f6bb olyan embercsoport van, akiknek tart\u00f3zkodniuk kell a Levicose haszn\u00e1lat\u00e1t\u00f3l. Ne haszn\u00e1lja a g\u00e9lt, ha terhes, szoptat, allergi\u00e1s az \u00f6sszetev\u0151k b\u00e1rmelyik\u00e9re, 3 \u00e9v alatti gyermek, vagy ny\u00edlt sebek vannak a b\u0151r\u00e9n. Ha b\u00e1rmilyen mell\u00e9khat\u00e1st vagy allergi\u00e1s reakci\u00f3t tapasztal, azonnal hagyja abba a g\u00e9l haszn\u00e1lat\u00e1t, \u00e9s forduljon orvos\u00e1hoz.<\/p>\n\n\n\n<h3 class=\"wp-block-heading\">A Levicose haszn\u00e1lati utas\u00edt\u00e1sainak \u00e9s adagol\u00e1s\u00e1nak \u00f6sszefoglal\u00e1sa:<\/h3>\n\n\n\n<p>A Levicose legjobb eredm\u00e9nyeinek el\u00e9r\u00e9se \u00e9rdek\u00e9ben ne feledje, hogy megfelel\u0151en k\u00f6vesse az alkalmaz\u00e1si \u00e9s adagol\u00e1si utas\u00edt\u00e1sokat. Meg kell tennie:<br>&#8211; Vigye fel a g\u00e9lt a l\u00e1b tiszta \u00e9s sz\u00e1raz b\u0151r\u00e9re.<br>&#8211; Vigyen fel kis mennyis\u00e9g\u0171 g\u00e9lt, \u00e9s finoman massz\u00edrozza be, am\u00edg teljesen felsz\u00edv\u00f3dik.<br>&#8211; Alkalmazza a g\u00e9lt naponta 2-3 alkalommal.<br>&#8211; Ker\u00fclje a g\u00e9l szemmel val\u00f3 \u00e9rintkez\u00e9s\u00e9t.<br>&#8211; Ne haszn\u00e1lja a g\u00e9lt terhes vagy szoptat\u00f3 n\u0151k\u00f6n, 3 \u00e9v alatti gyermekeken \u00e9s az \u00f6sszetev\u0151kkel szemben egy\u00e9ni intoleranci\u00e1ban szenved\u0151 szem\u00e9lyeken, valamint ny\u00edlt sebeken.<\/p>\n\n\n\n<figure class=\"wp-block-table\"><table><tbody><tr><th>A Levicose \u00f6sszet\u00e9tele<\/th><th>Le\u00edr\u00e1s<\/th><\/tr><tr><td>Troxerutin<\/td><td>Az erek megfelel\u0151 m\u0171k\u00f6d\u00e9s\u00e9t t\u00e1mogat\u00f3 \u00f6sszetev\u0151.<\/td><\/tr><tr><td>Likopin<\/td><td>Antioxid\u00e1ns hat\u00e1s\u00fa, ellens\u00falyozza a szabad gy\u00f6k\u00f6k k\u00e1ros hat\u00e1sait.<\/td><\/tr><tr><td>Arnica<\/td><td>Toniz\u00e1l\u00f3 tulajdons\u00e1gokkal rendelkezik a l\u00e1bak b\u0151r\u00e9re.<\/td><\/tr><tr><td>Mentol<\/td><td>Friss\u00edt\u0151 \u00e9rz\u00e9st ny\u00fajt, \u00e9s nyugtat\u00f3 hat\u00e1ssal van a b\u0151rre.<\/td><\/tr><tr><td>Alma kivonat<\/td><td>Hidrat\u00e1lja a b\u0151rt \u00e9s seg\u00edti a regener\u00e1l\u00f3d\u00e1s\u00e1t.<\/td><\/tr><tr><td>M\u00e9z<\/td><td>Nyugtat\u00f3 \u00e9s nyugtat\u00f3 hat\u00e1ssal van a l\u00e1bak b\u0151r\u00e9re.<\/td><\/tr><\/tbody><\/table><\/figure>\n\n\n\n<h2 class=\"wp-block-heading\">V\u00e9lem\u00e9nyek \u00e9s v\u00e9lem\u00e9nyek Levicose-r\u00f3l<\/h2>\n\n\n\n<p>A Levicose egy olyan term\u00e9k, amely pozit\u00edv <b>\u00e9rt\u00e9kel\u00e9seket<\/b> \u00e9s <b>visszajelz\u00e9seket<\/b> kapott a felhaszn\u00e1l\u00f3kt\u00f3l. Sokan dics\u00e9rik a g\u00e9l <b>hat\u00e1s\u00e1t<\/b> a l\u00e1bak f\u00e1jdalm\u00e1nak, f\u00e1radts\u00e1g\u00e1nak \u00e9s duzzanat\u00e1nak cs\u00f6kkent\u00e9s\u00e9re. A felhaszn\u00e1l\u00f3k a Levicose haszn\u00e1lata ut\u00e1n a v\u00e9rkering\u00e9s javul\u00e1s\u00e1t, valamint a felfriss\u00fcl\u00e9s \u00e9s a relax\u00e1ci\u00f3 \u00e9rz\u00e9s\u00e9t is tapasztalj\u00e1k. N\u00e9h\u00e1nyan a visszerek megjelen\u00e9s\u00e9nek cs\u00f6kken\u00e9s\u00e9t is \u00e9szrevett\u00e9k. \u00c9rdemes azonban szem el\u0151tt tartani, hogy a g\u00e9l <b>hat\u00e1sa<\/b> az egy\u00e9ni k\u00f6r\u00fclm\u00e9nyekt\u0151l \u00e9s a szervezet reakci\u00f3j\u00e1t\u00f3l f\u00fcgg\u0151en v\u00e1ltozhat.<\/p>\n\n\n\n<h2 class=\"wp-block-heading\">Levicose &#8211; \u00d6sszet\u00e9tel<\/h2>\n\n\n\n<p>A Levicose <b>\u00f6sszet\u00e9tele<\/b> troxerutint, likopint, \u00e1rnik\u00e1t, mentolt, almakivonatot \u00e9s m\u00e9zet tartalmaz. Mindegyik \u00f6sszetev\u0151nek megvannak a maga egyedi tulajdons\u00e1gai \u00e9s hat\u00e1sai a l\u00e1b eg\u00e9szs\u00e9g\u00e9re.<\/p>\n\n\n\n<p>A troxerutin egy olyan anyag, amely \u00e9rt\u00e1g\u00edt\u00f3 tulajdons\u00e1gokkal rendelkezik, ami jav\u00edtja a v\u00e9rkering\u00e9st a l\u00e1bakban. A likopin viszont antioxid\u00e1ns hat\u00e1s\u00fa, megv\u00e9di a sejteket a szabad gy\u00f6k\u00f6k k\u00e1ros\u00edt\u00f3 hat\u00e1sait\u00f3l.<\/p>\n\n\n\n<p>Az \u00e1rnika toniz\u00e1l\u00f3 hat\u00e1ssal van a l\u00e1bak b\u0151r\u00e9re, jav\u00edtja annak rugalmass\u00e1g\u00e1t. A mentol ek\u00f6zben friss\u00edt\u0151 \u00e9s pihentet\u0151 \u00e9rz\u00e9st biztos\u00edt, enyh\u00edtve a l\u00e1bak f\u00e1radts\u00e1g\u00e1t. Az almakivonat hidrat\u00e1l\u00f3 hat\u00e1s\u00fa, cs\u00f6kkentve a sz\u00e1raz b\u0151rt, m\u00edg a m\u00e9z nyugtat\u00f3 \u00e9s nyugtat\u00f3 hat\u00e1s\u00fa, seg\u00edt enyh\u00edteni a kellemetlen \u00e9rz\u00e9seket.<\/p>\n\n\n\n<p>Ezen \u00f6sszetev\u0151k kiegyens\u00falyozott kombin\u00e1ci\u00f3j\u00e1val a Levicose \u00e1tfog\u00f3 l\u00e1b\u00e1pol\u00f3t k\u00edn\u00e1l, jav\u00edtja a v\u00e9rkering\u00e9st, hidrat\u00e1lja a b\u0151rt \u00e9s enyh\u00edti az irrit\u00e1ci\u00f3t.<\/p>\n\n\n\n<figure class=\"wp-block-table\"><table><tbody><tr><th>\u00d6sszetev\u0151k<\/th><th>Tulajdons\u00e1gok<\/th><\/tr><tr><td>Troxerutin<\/td><td>Jav\u00edtja a v\u00e9rkering\u00e9st a l\u00e1bakban<\/td><\/tr><tr><td>Likopin<\/td><td>Antioxid\u00e1ns hat\u00e1s<\/td><\/tr><tr><td>Arnica<\/td><td>Toniz\u00e1l\u00f3 hat\u00e1ssal van a l\u00e1bak b\u0151r\u00e9re<\/td><\/tr><tr><td>Mentol<\/td><td>Friss\u00edt\u0151 \u00e9rz\u00e9st biztos\u00edt<\/td><\/tr><tr><td>Alma kivonat<\/td><td>Hidrat\u00e1lja a b\u0151rt<\/td><\/tr><tr><td>M\u00e9z<\/td><td>Nyugtat\u00f3 \u00e9s nyugtat\u00f3 hat\u00e1s\u00fa<\/td><\/tr><\/tbody><\/table><\/figure>\n\n\n\n<h2 class=\"wp-block-heading\">Hol lehet megv\u00e1s\u00e1rolni Levicose &#8211; \u00e1r<\/h2>\n\n\n\n<p>A Levicose megv\u00e1s\u00e1rolhat\u00f3 a gy\u00e1rt\u00f3 hivatalos weboldal\u00e1n. \u00c9rdemes a hivatalos forgalmaz\u00e1si csatorn\u00e1n kereszt\u00fcl t\u00f6rt\u00e9n\u0151 v\u00e1s\u00e1rl\u00e1st v\u00e1lasztani, hogy biztos lehessen abban, hogy az eredeti term\u00e9ket kapja. A Levicose <b>\u00e1ra<\/b> a prom\u00f3ci\u00f3t\u00f3l \u00e9s a csomagol\u00e1st\u00f3l f\u00fcgg\u0151en v\u00e1ltozhat.<\/p>\n\n\n\n<p>A Levicose megv\u00e1s\u00e1rl\u00e1s\u00e1hoz l\u00e1togasson el a gy\u00e1rt\u00f3 hivatalos weboldal\u00e1ra, \u00e9s adja le rendel\u00e9s\u00e9t. A gy\u00e1rt\u00f3 weboldal\u00e1n r\u00e9szletes inform\u00e1ci\u00f3kat tal\u00e1l a term\u00e9kr\u0151l, a haszn\u00e1lati utas\u00edt\u00e1sokat \u00e9s az aktu\u00e1lis prom\u00f3ci\u00f3kat, amelyek befoly\u00e1solhatj\u00e1k az \u00e1rat.<\/p>\n\n\n\n<p>Mindenk\u00e9ppen \u00e9rdemes hivatalos forgalmaz\u00e1si csatorn\u00e1t v\u00e1lasztani, mert garant\u00e1ltan eredeti \u00e9s kiv\u00e1l\u00f3 min\u0151s\u00e9g\u0171 term\u00e9ket kapunk. Ker\u00fclje a nem megb\u00edzhat\u00f3 forr\u00e1sokb\u00f3l t\u00f6rt\u00e9n\u0151 v\u00e1s\u00e1rl\u00e1st, hogy elker\u00fclje a hamis\u00edtv\u00e1nyokat, amelyek hat\u00e1stalanok vagy ak\u00e1r k\u00e1rosak is lehetnek az eg\u00e9szs\u00e9g\u00e9re.<\/p>\n\n\n\n<h2 class=\"wp-block-heading\">A Levicose lehets\u00e9ges mell\u00e9khat\u00e1sai \u00e9s ellenjavallatai<\/h2>\n\n\n\n<p>A <strong>Levicose<\/strong> alkalmaz\u00e1sa el\u0151tt \u00e9rdemes megismerkedni a lehets\u00e9ges mell\u00e9khat\u00e1sokkal \u00e9s ellenjavallatokkal. Allergi\u00e1s reakci\u00f3 vagy nem k\u00edv\u00e1nt mell\u00e9khat\u00e1sok eset\u00e9n hagyja abba a g\u00e9l alkalmaz\u00e1s\u00e1t, \u00e9s forduljon orvos\u00e1hoz.<\/p>\n\n\n\n<p>A <strong>Levicose<\/strong> g\u00e9l nem alkalmazhat\u00f3 terhes vagy szoptat\u00f3 n\u0151k\u00f6n, 3 \u00e9v alatti gyermekeken, az \u00f6sszetev\u0151kkel szembeni egy\u00e9ni intoleranci\u00e1ban szenved\u0151 szem\u00e9lyeken vagy ny\u00edlt sebeken. \u00d3vatosan ker\u00fclje a g\u00e9l szemmel val\u00f3 \u00e9rintkez\u00e9s\u00e9t az irrit\u00e1ci\u00f3 elker\u00fcl\u00e9se \u00e9rdek\u00e9ben.<\/p>\n\n\n\n<p>A biztons\u00e1g \u00e9s a mell\u00e9khat\u00e1sok elker\u00fcl\u00e9se \u00e9rdek\u00e9ben a rendszeres haszn\u00e1lat megkezd\u00e9se el\u0151tt c\u00e9lszer\u0171 ellen\u0151rizni a g\u00e9l \u00f6sszetev\u0151it \u00e9s allergiatesztet v\u00e9gezni. Ne feledje, hogy az eg\u00e9szs\u00e9g \u00e9s a biztons\u00e1g a legfontosabb, ez\u00e9rt k\u00e9ts\u00e9g eset\u00e9n mindig forduljon orvos\u00e1hoz vagy gy\u00f3gyszer\u00e9sz\u00e9hez.<\/p>\n","protected":false},"excerpt":{"rendered":"<p><strong>11900.00 Ft<\/strong><\/p>\n<p><del>23800.00 Ft<\/del><\/p>\n<p><strong>[date_countdown]<\/strong><\/p>\n","protected":false},"featured_media":7566,"comment_status":"open","ping_status":"closed","template":"","meta":{"neve_meta_sidebar":"","neve_meta_container":"","neve_meta_enable_content_width":"","neve_meta_content_width":0,"neve_meta_title_alignment":"","neve_meta_author_avatar":"","neve_post_elements_order":"","neve_meta_disable_header":"","neve_meta_disable_footer":"","neve_meta_disable_title":"","neve_meta_reading_time":""},"product_brand":[],"product_cat":[105],"product_tag":[],"class_list":{"0":"post-7570","1":"product","2":"type-product","3":"status-publish","4":"has-post-thumbnail","6":"product_cat-egeszseg","8":"first","9":"instock","10":"shipping-taxable","11":"product-type-external"},"yoast_head":"<!-- This site is optimized with the Yoast SEO plugin v27.4 - https:\/\/yoast.com\/product\/yoast-seo-wordpress\/ -->\n<title>Levicose - Clinica Althea<\/title>\n<meta name=\"robots\" content=\"index, follow, max-snippet:-1, max-image-preview:large, max-video-preview:-1\" \/>\n<link rel=\"canonical\" href=\"https:\/\/www.clinicaalthea.com\/farmacia\/hu\/apt\/levicose\/\" \/>\n<meta property=\"og:locale\" content=\"pl_PL\" \/>\n<meta property=\"og:type\" content=\"article\" \/>\n<meta property=\"og:title\" content=\"Levicose - Clinica Althea\" \/>\n<meta property=\"og:description\" content=\"11900.00 Ft 23800.00 Ft\" \/>\n<meta property=\"og:url\" content=\"https:\/\/www.clinicaalthea.com\/farmacia\/hu\/apt\/levicose\/\" \/>\n<meta property=\"og:site_name\" content=\"Clinica Althea\" \/>\n<meta property=\"article:modified_time\" content=\"2024-07-18T20:18:04+00:00\" \/>\n<meta property=\"og:image\" content=\"https:\/\/www.clinicaalthea.com\/farmacia\/wp-content\/uploads\/2024\/07\/LEVICOSE.jpg\" \/>\n\t<meta property=\"og:image:width\" content=\"768\" \/>\n\t<meta property=\"og:image:height\" content=\"768\" \/>\n\t<meta property=\"og:image:type\" content=\"image\/jpeg\" \/>\n<meta name=\"twitter:card\" content=\"summary_large_image\" \/>\n<meta name=\"twitter:label1\" content=\"Szacowany czas czytania\" \/>\n\t<meta name=\"twitter:data1\" content=\"8 minut\" \/>\n<script type=\"application\/ld+json\" class=\"yoast-schema-graph\">{\"@context\":\"https:\\\/\\\/schema.org\",\"@graph\":[{\"@type\":\"WebPage\",\"@id\":\"https:\\\/\\\/www.clinicaalthea.com\\\/farmacia\\\/hu\\\/apt\\\/levicose\\\/\",\"url\":\"https:\\\/\\\/www.clinicaalthea.com\\\/farmacia\\\/hu\\\/apt\\\/levicose\\\/\",\"name\":\"Levicose - Clinica Althea\",\"isPartOf\":{\"@id\":\"https:\\\/\\\/www.clinicaalthea.com\\\/farmacia\\\/#website\"},\"primaryImageOfPage\":{\"@id\":\"https:\\\/\\\/www.clinicaalthea.com\\\/farmacia\\\/hu\\\/apt\\\/levicose\\\/#primaryimage\"},\"image\":{\"@id\":\"https:\\\/\\\/www.clinicaalthea.com\\\/farmacia\\\/hu\\\/apt\\\/levicose\\\/#primaryimage\"},\"thumbnailUrl\":\"https:\\\/\\\/www.clinicaalthea.com\\\/farmacia\\\/wp-content\\\/uploads\\\/2024\\\/07\\\/LEVICOSE.jpg\",\"datePublished\":\"2024-07-18T19:54:20+00:00\",\"dateModified\":\"2024-07-18T20:18:04+00:00\",\"breadcrumb\":{\"@id\":\"https:\\\/\\\/www.clinicaalthea.com\\\/farmacia\\\/hu\\\/apt\\\/levicose\\\/#breadcrumb\"},\"inLanguage\":\"pl-PL\",\"potentialAction\":[{\"@type\":\"ReadAction\",\"target\":[\"https:\\\/\\\/www.clinicaalthea.com\\\/farmacia\\\/hu\\\/apt\\\/levicose\\\/\"]}]},{\"@type\":\"ImageObject\",\"inLanguage\":\"pl-PL\",\"@id\":\"https:\\\/\\\/www.clinicaalthea.com\\\/farmacia\\\/hu\\\/apt\\\/levicose\\\/#primaryimage\",\"url\":\"https:\\\/\\\/www.clinicaalthea.com\\\/farmacia\\\/wp-content\\\/uploads\\\/2024\\\/07\\\/LEVICOSE.jpg\",\"contentUrl\":\"https:\\\/\\\/www.clinicaalthea.com\\\/farmacia\\\/wp-content\\\/uploads\\\/2024\\\/07\\\/LEVICOSE.jpg\",\"width\":768,\"height\":768,\"caption\":\"Levicose\"},{\"@type\":\"BreadcrumbList\",\"@id\":\"https:\\\/\\\/www.clinicaalthea.com\\\/farmacia\\\/hu\\\/apt\\\/levicose\\\/#breadcrumb\",\"itemListElement\":[{\"@type\":\"ListItem\",\"position\":1,\"name\":\"Strona g\u0142\u00f3wna\",\"item\":\"https:\\\/\\\/www.clinicaalthea.com\\\/farmacia\\\/\"},{\"@type\":\"ListItem\",\"position\":2,\"name\":\"Produkty\",\"item\":\"https:\\\/\\\/www.clinicaalthea.com\\\/farmacia\\\/\"},{\"@type\":\"ListItem\",\"position\":3,\"name\":\"Levicose\"}]},{\"@type\":\"WebSite\",\"@id\":\"https:\\\/\\\/www.clinicaalthea.com\\\/farmacia\\\/#website\",\"url\":\"https:\\\/\\\/www.clinicaalthea.com\\\/farmacia\\\/\",\"name\":\"Clinica Althea\",\"description\":\"\",\"publisher\":{\"@id\":\"https:\\\/\\\/www.clinicaalthea.com\\\/farmacia\\\/#organization\"},\"potentialAction\":[{\"@type\":\"SearchAction\",\"target\":{\"@type\":\"EntryPoint\",\"urlTemplate\":\"https:\\\/\\\/www.clinicaalthea.com\\\/farmacia\\\/?s={search_term_string}\"},\"query-input\":{\"@type\":\"PropertyValueSpecification\",\"valueRequired\":true,\"valueName\":\"search_term_string\"}}],\"inLanguage\":\"pl-PL\"},{\"@type\":\"Organization\",\"@id\":\"https:\\\/\\\/www.clinicaalthea.com\\\/farmacia\\\/#organization\",\"name\":\"Clinica Althea\",\"url\":\"https:\\\/\\\/www.clinicaalthea.com\\\/farmacia\\\/\",\"logo\":{\"@type\":\"ImageObject\",\"inLanguage\":\"pl-PL\",\"@id\":\"https:\\\/\\\/www.clinicaalthea.com\\\/farmacia\\\/#\\\/schema\\\/logo\\\/image\\\/\",\"url\":\"https:\\\/\\\/www.clinicaalthea.com\\\/farmacia\\\/wp-content\\\/uploads\\\/2023\\\/12\\\/Jak-diagnozuje-sie-FAS_-objawy-kryteria-diagnostyczne-i-metody-diagnozowania-154162903.jpg\",\"contentUrl\":\"https:\\\/\\\/www.clinicaalthea.com\\\/farmacia\\\/wp-content\\\/uploads\\\/2023\\\/12\\\/Jak-diagnozuje-sie-FAS_-objawy-kryteria-diagnostyczne-i-metody-diagnozowania-154162903.jpg\",\"width\":1216,\"height\":832,\"caption\":\"Clinica Althea\"},\"image\":{\"@id\":\"https:\\\/\\\/www.clinicaalthea.com\\\/farmacia\\\/#\\\/schema\\\/logo\\\/image\\\/\"}}]}<\/script>\n<!-- \/ Yoast SEO plugin. -->","yoast_head_json":{"title":"Levicose - Clinica Althea","robots":{"index":"index","follow":"follow","max-snippet":"max-snippet:-1","max-image-preview":"max-image-preview:large","max-video-preview":"max-video-preview:-1"},"canonical":"https:\/\/www.clinicaalthea.com\/farmacia\/hu\/apt\/levicose\/","og_locale":"pl_PL","og_type":"article","og_title":"Levicose - Clinica Althea","og_description":"11900.00 Ft 23800.00 Ft","og_url":"https:\/\/www.clinicaalthea.com\/farmacia\/hu\/apt\/levicose\/","og_site_name":"Clinica Althea","article_modified_time":"2024-07-18T20:18:04+00:00","og_image":[{"width":768,"height":768,"url":"https:\/\/www.clinicaalthea.com\/farmacia\/wp-content\/uploads\/2024\/07\/LEVICOSE.jpg","type":"image\/jpeg"}],"twitter_card":"summary_large_image","twitter_misc":{"Szacowany czas czytania":"8 minut"},"schema":{"@context":"https:\/\/schema.org","@graph":[{"@type":"WebPage","@id":"https:\/\/www.clinicaalthea.com\/farmacia\/hu\/apt\/levicose\/","url":"https:\/\/www.clinicaalthea.com\/farmacia\/hu\/apt\/levicose\/","name":"Levicose - Clinica Althea","isPartOf":{"@id":"https:\/\/www.clinicaalthea.com\/farmacia\/#website"},"primaryImageOfPage":{"@id":"https:\/\/www.clinicaalthea.com\/farmacia\/hu\/apt\/levicose\/#primaryimage"},"image":{"@id":"https:\/\/www.clinicaalthea.com\/farmacia\/hu\/apt\/levicose\/#primaryimage"},"thumbnailUrl":"https:\/\/www.clinicaalthea.com\/farmacia\/wp-content\/uploads\/2024\/07\/LEVICOSE.jpg","datePublished":"2024-07-18T19:54:20+00:00","dateModified":"2024-07-18T20:18:04+00:00","breadcrumb":{"@id":"https:\/\/www.clinicaalthea.com\/farmacia\/hu\/apt\/levicose\/#breadcrumb"},"inLanguage":"pl-PL","potentialAction":[{"@type":"ReadAction","target":["https:\/\/www.clinicaalthea.com\/farmacia\/hu\/apt\/levicose\/"]}]},{"@type":"ImageObject","inLanguage":"pl-PL","@id":"https:\/\/www.clinicaalthea.com\/farmacia\/hu\/apt\/levicose\/#primaryimage","url":"https:\/\/www.clinicaalthea.com\/farmacia\/wp-content\/uploads\/2024\/07\/LEVICOSE.jpg","contentUrl":"https:\/\/www.clinicaalthea.com\/farmacia\/wp-content\/uploads\/2024\/07\/LEVICOSE.jpg","width":768,"height":768,"caption":"Levicose"},{"@type":"BreadcrumbList","@id":"https:\/\/www.clinicaalthea.com\/farmacia\/hu\/apt\/levicose\/#breadcrumb","itemListElement":[{"@type":"ListItem","position":1,"name":"Strona g\u0142\u00f3wna","item":"https:\/\/www.clinicaalthea.com\/farmacia\/"},{"@type":"ListItem","position":2,"name":"Produkty","item":"https:\/\/www.clinicaalthea.com\/farmacia\/"},{"@type":"ListItem","position":3,"name":"Levicose"}]},{"@type":"WebSite","@id":"https:\/\/www.clinicaalthea.com\/farmacia\/#website","url":"https:\/\/www.clinicaalthea.com\/farmacia\/","name":"Clinica Althea","description":"","publisher":{"@id":"https:\/\/www.clinicaalthea.com\/farmacia\/#organization"},"potentialAction":[{"@type":"SearchAction","target":{"@type":"EntryPoint","urlTemplate":"https:\/\/www.clinicaalthea.com\/farmacia\/?s={search_term_string}"},"query-input":{"@type":"PropertyValueSpecification","valueRequired":true,"valueName":"search_term_string"}}],"inLanguage":"pl-PL"},{"@type":"Organization","@id":"https:\/\/www.clinicaalthea.com\/farmacia\/#organization","name":"Clinica Althea","url":"https:\/\/www.clinicaalthea.com\/farmacia\/","logo":{"@type":"ImageObject","inLanguage":"pl-PL","@id":"https:\/\/www.clinicaalthea.com\/farmacia\/#\/schema\/logo\/image\/","url":"https:\/\/www.clinicaalthea.com\/farmacia\/wp-content\/uploads\/2023\/12\/Jak-diagnozuje-sie-FAS_-objawy-kryteria-diagnostyczne-i-metody-diagnozowania-154162903.jpg","contentUrl":"https:\/\/www.clinicaalthea.com\/farmacia\/wp-content\/uploads\/2023\/12\/Jak-diagnozuje-sie-FAS_-objawy-kryteria-diagnostyczne-i-metody-diagnozowania-154162903.jpg","width":1216,"height":832,"caption":"Clinica Althea"},"image":{"@id":"https:\/\/www.clinicaalthea.com\/farmacia\/#\/schema\/logo\/image\/"}}]}},"lang":"hu","translations":{"hu":7570,"pl":7565,"bg":7568,"de":7572,"el":7574,"es":7576,"it":7578,"lt":7581,"pt":7583,"ro":7585,"sk":7587,"sl":7589,"fr":7591,"cs":7593,"nl":7595},"pll_sync_post":[],"_links":{"self":[{"href":"https:\/\/www.clinicaalthea.com\/farmacia\/wp-json\/wp\/v2\/product\/7570","targetHints":{"allow":["GET"]}}],"collection":[{"href":"https:\/\/www.clinicaalthea.com\/farmacia\/wp-json\/wp\/v2\/product"}],"about":[{"href":"https:\/\/www.clinicaalthea.com\/farmacia\/wp-json\/wp\/v2\/types\/product"}],"replies":[{"embeddable":true,"href":"https:\/\/www.clinicaalthea.com\/farmacia\/wp-json\/wp\/v2\/comments?post=7570"}],"wp:featuredmedia":[{"embeddable":true,"href":"https:\/\/www.clinicaalthea.com\/farmacia\/wp-json\/wp\/v2\/media\/7566"}],"wp:attachment":[{"href":"https:\/\/www.clinicaalthea.com\/farmacia\/wp-json\/wp\/v2\/media?parent=7570"}],"wp:term":[{"taxonomy":"product_brand","embeddable":true,"href":"https:\/\/www.clinicaalthea.com\/farmacia\/wp-json\/wp\/v2\/product_brand?post=7570"},{"taxonomy":"product_cat","embeddable":true,"href":"https:\/\/www.clinicaalthea.com\/farmacia\/wp-json\/wp\/v2\/product_cat?post=7570"},{"taxonomy":"product_tag","embeddable":true,"href":"https:\/\/www.clinicaalthea.com\/farmacia\/wp-json\/wp\/v2\/product_tag?post=7570"}],"curies":[{"name":"wp","href":"https:\/\/api.w.org\/{rel}","templated":true}]}}