{"id":7355,"date":"2024-07-18T11:36:00","date_gmt":"2024-07-18T10:36:00","guid":{"rendered":"https:\/\/mayoguide.org\/produkty\/?post_type=product&#038;p=7355"},"modified":"2024-07-18T11:39:56","modified_gmt":"2024-07-18T10:39:56","slug":"hondrostrong","status":"publish","type":"product","link":"https:\/\/www.clinicaalthea.com\/farmacia\/pt\/apt\/hondrostrong\/","title":{"rendered":"Hondrostrong"},"content":{"rendered":"<h2 class=\"wp-block-heading\">O que \u00e9 o Hondrostrong e como funciona?<\/h2>\n\n\n<p><b>Hondrostrong<\/b> \u00e9 um gel inovador concebido para combater as queixas articulares. A sua efic\u00e1cia reside no al\u00edvio das dores articulares, na redu\u00e7\u00e3o do incha\u00e7o e na melhoria da flexibilidade das articula\u00e7\u00f5es. A <b>a\u00e7\u00e3o do<\/b> produto baseia-se numa combina\u00e7\u00e3o \u00fanica de ingredientes naturais, como o extrato de arnica montana, a <b>glucosamina<\/b> e a <b>condroitina<\/b>. <b>Hondrostrong<\/b> proporciona al\u00edvio e melhora a sa\u00fade geral das articula\u00e7\u00f5es.<\/p>\n\n\n<h2 class=\"wp-block-heading\">Quais s\u00e3o os efeitos do Hondrostrong?<\/h2>\n\n\n<p>A utiliza\u00e7\u00e3o regular de Hondrostrong pode proporcionar in\u00fameros benef\u00edcios para quem sofre de dores nas articula\u00e7\u00f5es. Gra\u00e7as \u00e0 sua f\u00f3rmula \u00fanica em gel, proporciona um al\u00edvio imediato da dor nas articula\u00e7\u00f5es, reduz o incha\u00e7o e melhora a flexibilidade e a mobilidade das articula\u00e7\u00f5es. Al\u00e9m disso, os ingredientes activos de Hondrostrong apoiam a regenera\u00e7\u00e3o da cartilagem articular, que \u00e9 crucial para a sa\u00fade das articula\u00e7\u00f5es a longo prazo.<\/p>\n\n\n<p>A fim de mostrar os benef\u00edcios de Hondrostrong de uma forma mais concisa e clara, apresento abaixo uma tabela que mostra os principais <b>efeitos<\/b> que podem ser alcan\u00e7ados ap\u00f3s a utiliza\u00e7\u00e3o regular desta prepara\u00e7\u00e3o conjunta:<\/p>\n\n\n<figure class=\"wp-block-table\"><table><tbody><tr><th>Efeitos de Hondrostrong<\/th><\/tr><tr><td>Al\u00edvio das dores articulares<\/td><\/tr><tr><td><b>Redu\u00e7\u00e3o do incha\u00e7o das articula\u00e7\u00f5es<\/b><\/td><\/tr><tr><td><b>Melhorar a mobilidade das articula\u00e7\u00f5es<\/b><\/td><\/tr><tr><td><b>Regenera\u00e7\u00e3o da cartilagem articular<\/b><\/td><\/tr><\/tbody><\/table><\/figure>\n\n\n<p>Como se pode ver, Hondrostrong oferece uma <b>a\u00e7\u00e3o<\/b> global para apoiar a sa\u00fade das articula\u00e7\u00f5es. Alivia a dor, reduz o incha\u00e7o e melhora a mobilidade das articula\u00e7\u00f5es, o que tem um impacto significativo na qualidade de vida. Al\u00e9m disso, os ingredientes activos da f\u00f3rmula apoiam a regenera\u00e7\u00e3o da cartilagem articular, o que \u00e9 importante para a sa\u00fade das articula\u00e7\u00f5es a longo prazo.<\/p>\n\n\n<h2 class=\"wp-block-heading\">Como utilizar corretamente o Hondrostrong &#8211; Posologia<\/h2>\n\n\n<p>Para obter o m\u00e1ximo benef\u00edcio do <em>Hondrostrong<\/em>, \u00e9 importante seguir as recomenda\u00e7\u00f5es para o uso correto. Abaixo est\u00e3o as instru\u00e7\u00f5es de dosagem para esta prepara\u00e7\u00e3o para queixas articulares.<\/p>\n\n\n\n<ol class=\"wp-block-list\">\n<li>Preparar a pele limpa e seca na zona afetada pela queixa articular.<\/li>\n\n\n\n<li>Aplicar uma pequena quantidade de gel na pele, na zona desejada.<\/li>\n\n\n\n<li>Massajar suavemente o gel na pele em movimentos circulares ligeiros at\u00e9 ser completamente absorvido.<\/li>\n\n\n\n<li>Depois de aplicar o gel, lavar bem as m\u00e3os.<\/li>\n\n\n\n<li>Recomenda-se a aplica\u00e7\u00e3o do gel 2 a 3 vezes por dia, consoante as necessidades individuais.<\/li>\n<\/ol>\n\n\n<p>Em caso de irrita\u00e7\u00e3o da pele ou de reac\u00e7\u00f5es al\u00e9rgicas, suspender a utiliza\u00e7\u00e3o e consultar o m\u00e9dico. \u00c9 importante seguir as instru\u00e7\u00f5es do folheto informativo sobre a utiliza\u00e7\u00e3o de <em>Hondrostrong<\/em> e consultar o seu m\u00e9dico em caso de d\u00favida.<\/p>\n\n\n<h2 class=\"wp-block-heading\">Hondrostrong &#8211; Opini\u00f5es e coment\u00e1rios &#8211; O que dizem os utilizadores?<\/h2>\n\n\n<p>As opini\u00f5es dos utilizadores sobre o Hondrostrong s\u00e3o uma importante fonte de informa\u00e7\u00e3o para os potenciais compradores. Os utilizadores fazem quest\u00e3o de salientar a sua efic\u00e1cia no al\u00edvio das dores articulares, na redu\u00e7\u00e3o do incha\u00e7o e na melhoria da mobilidade das articula\u00e7\u00f5es. Parece que Hondrostrong contribui n\u00e3o s\u00f3 para o al\u00edvio dos sintomas, mas tamb\u00e9m para uma melhor qualidade de vida. Com a utiliza\u00e7\u00e3o regular do produto, os utilizadores sentem al\u00edvio das dores articulares e maior liberdade de movimentos, o que afecta significativamente o seu funcionamento di\u00e1rio.<\/p>\n\n\n\n<blockquote class=\"wp-block-quote is-layout-flow wp-block-quote-is-layout-flow\"><p>&#8220;Hondrostrong \u00e9 um produto que me ajudou muito com as minhas dores nas articula\u00e7\u00f5es. Depois de o utilizar durante algumas semanas, sinto um al\u00edvio significativo e uma melhor qualidade de vida. Recomendo-o a qualquer pessoa que sofra de doen\u00e7as semelhantes.&#8221; &#8211; Catarina<\/p>\n<\/blockquote>\n\n\n<p>Para saber mais sobre as experi\u00eancias dos utilizadores de Hondrostrong, vale a pena ler as opini\u00f5es publicadas em f\u00f3runs de discuss\u00e3o e plataformas de vendas. Muitos utilizadores partilham os seus sucessos e efeitos positivos da utiliza\u00e7\u00e3o deste produto. Claro, \u00e9 importante ter em mente que as opini\u00f5es podem variar dependendo das experi\u00eancias individuais. No entanto, em geral, Hondrostrong est\u00e1 a ganhar reconhecimento entre as pessoas que lutam com dores nas articula\u00e7\u00f5es, proporcionando-lhes al\u00edvio e uma melhor qualidade de vida.<\/p>\n\n\n<figure class=\"wp-block-table\"><table><tbody><tr><th>Opini\u00e3o<\/th><th>Autor<\/th><\/tr><tr><td>&#8220;Hondrostrong \u00e9 o meu produto preferido para as <b>dores nas articula\u00e7\u00f5es<\/b>. Sinto-me muito melhor e mais m\u00f3vel com ele. Recomendo-o a qualquer pessoa que procure al\u00edvio para as dores nas articula\u00e7\u00f5es.&#8221;<\/td><td>Ana<\/td><\/tr><tr><td>&#8220;Depois de muitos anos a lutar contra as dores nas articula\u00e7\u00f5es, encontrei finalmente um produto que funciona! Gra\u00e7as a Hondrostrong, posso desfrutar das minhas actividades di\u00e1rias sem demasiadas dores. Estou muito contente!&#8221;<\/td><td>Mariusz<\/td><\/tr><tr><td>&#8220;Hondrostrong \u00e9 um produto muito bom. Ap\u00f3s algumas semanas de utiliza\u00e7\u00e3o, notei uma melhoria significativa na minha qualidade de vida. As minhas articula\u00e7\u00f5es est\u00e3o menos r\u00edgidas e as dores s\u00e3o muito menos inc\u00f3modas. Recomendo-o a qualquer pessoa que necessite de apoio para as suas articula\u00e7\u00f5es.&#8221;<\/td><td>Joana<\/td><\/tr><\/tbody><\/table><\/figure>\n\n\n<h2 class=\"wp-block-heading\">Composi\u00e7\u00e3o de Hondrostrong &#8211; O que \u00e9 que cont\u00e9m?<\/h2>\n\n\n<p>Hondrostrong \u00e9 uma f\u00f3rmula \u00fanica que cont\u00e9m ingredientes de origem natural que t\u00eam um impacto positivo na sa\u00fade das articula\u00e7\u00f5es. Os principais ingredientes contidos em Hondrostrong s\u00e3o:<\/p>\n\n\n\n<ul class=\"wp-block-list\">\n<li><em>Extrato de Arnica montana<\/em> &#8211; \u00c9 uma planta com fortes propriedades anti-inflamat\u00f3rias e analg\u00e9sicas. Tem um efeito calmante nas <b>dores articulares<\/b>, aliviando a rigidez e o incha\u00e7o. <b>A Arnica<\/b> montana \u00e9 conhecida pelas suas propriedades regenerativas e por acelerar a cicatriza\u00e7\u00e3o dos tecidos.<\/li>\n\n\n\n<li><em>Glucosamina<\/em> &#8211; Um ingrediente importante que desempenha um papel fundamental na regenera\u00e7\u00e3o da cartilagem das articula\u00e7\u00f5es. Ajuda a reconstruir e a manter uma estrutura de cartilagem saud\u00e1vel e tamb\u00e9m influencia a sua flexibilidade e for\u00e7a.<\/li>\n\n\n\n<li><em>Condroitina<\/em> &#8211; Esta \u00e9 uma subst\u00e2ncia que se encontra naturalmente na cartilagem das articula\u00e7\u00f5es. Influencia a manuten\u00e7\u00e3o de n\u00edveis adequados de humidade nas articula\u00e7\u00f5es, o que \u00e9 importante para o seu bom funcionamento. <b>A condroitina<\/b> tamb\u00e9m ajuda a regenerar e a proteger a cartilagem das articula\u00e7\u00f5es.<\/li>\n<\/ul>\n\n\n<p>Atrav\u00e9s da intera\u00e7\u00e3o destes ingredientes, Hondrostrong fornece apoio \u00e0s articula\u00e7\u00f5es, aliviando a dor, reduzindo o incha\u00e7o e melhorando a mobilidade das articula\u00e7\u00f5es. Esta combina\u00e7\u00e3o natural de ingredientes faz de Hondrostrong uma forma eficaz e segura de regenerar a cartilagem articular e aliviar o desconforto nas articula\u00e7\u00f5es.<\/p>\n\n\n<h2 class=\"wp-block-heading\">Onde comprar Hondrostrong &#8211; pre\u00e7o<\/h2>\n\n\n<p>Recomenda-se a compra de Hondrostrong apenas no site oficial do fabricante ou farm\u00e1cias para ter certeza da originalidade do produto. A compra no site oficial do fabricante garante a autenticidade e o acesso a v\u00e1rias promo\u00e7\u00f5es e descontos. O <b>pre\u00e7o do<\/b> produto pode variar consoante a localiza\u00e7\u00e3o e as promo\u00e7\u00f5es aplic\u00e1veis. \u00c9 importante investir na sa\u00fade das suas articula\u00e7\u00f5es e comprar Hondrostrong numa fonte de confian\u00e7a.<\/p>\n\n\n<h2 class=\"wp-block-heading\">Hondrostrong &#8211; Potenciais efeitos secund\u00e1rios e contra-indica\u00e7\u00f5es de utiliza\u00e7\u00e3o<\/h2>\n\n\n<p>Embora Hondrostrong seja feito de ingredientes naturais, existe a possibilidade de efeitos secund\u00e1rios ou contra-indica\u00e7\u00f5es. \u00c9 aconselh\u00e1vel ler sobre poss\u00edveis reac\u00e7\u00f5es al\u00e9rgicas a qualquer um dos ingredientes antes da utiliza\u00e7\u00e3o. As pessoas al\u00e9rgicas \u00e0 arnica da montanha ou a outros ingredientes do produto devem consultar um m\u00e9dico antes de utilizar o Hondrostrong.<\/p>\n\n\n<p>\u00c9 tamb\u00e9m aconselh\u00e1vel consultar o seu m\u00e9dico antes de utilizar o produto se estiver gr\u00e1vida ou a amamentar. A utiliza\u00e7\u00e3o de Hondrostrong \u00e9 segura desde que n\u00e3o haja <b>alergia<\/b> aos ingredientes. \u00c9 sempre aconselh\u00e1vel ler o folheto informativo do produto e consultar o seu m\u00e9dico antes de o utilizar, especialmente se tiver d\u00favidas.<\/p>\n\n\n<p>A utiliza\u00e7\u00e3o de Hondrostrong \u00e9 encorajada, mas siga sempre as recomenda\u00e7\u00f5es para uma utiliza\u00e7\u00e3o segura e consulte o seu m\u00e9dico se tiver d\u00favidas ou quaisquer potenciais contra-indica\u00e7\u00f5es.<\/p>\n","protected":false},"excerpt":{"rendered":"<p><strong>39.00 \u20ac<\/strong><\/p>\n<p><del>78.00 \u20ac<\/del><\/p>\n<p><strong>[date_countdown]<\/strong><\/p>\n","protected":false},"featured_media":7314,"comment_status":"open","ping_status":"closed","template":"","meta":{"neve_meta_sidebar":"","neve_meta_container":"","neve_meta_enable_content_width":"","neve_meta_content_width":0,"neve_meta_title_alignment":"","neve_meta_author_avatar":"","neve_post_elements_order":"","neve_meta_disable_header":"","neve_meta_disable_footer":"","neve_meta_disable_title":"","neve_meta_reading_time":""},"product_brand":[],"product_cat":[145],"product_tag":[],"class_list":{"0":"post-7355","1":"product","2":"type-product","3":"status-publish","4":"has-post-thumbnail","6":"product_cat-saude","8":"first","9":"instock","10":"shipping-taxable","11":"product-type-external"},"yoast_head":"<!-- This site is optimized with the Yoast SEO plugin v27.4 - https:\/\/yoast.com\/product\/yoast-seo-wordpress\/ -->\n<title>Hondrostrong - Clinica Althea<\/title>\n<meta name=\"robots\" content=\"index, follow, max-snippet:-1, max-image-preview:large, max-video-preview:-1\" \/>\n<link rel=\"canonical\" href=\"https:\/\/www.clinicaalthea.com\/farmacia\/pt\/apt\/hondrostrong\/\" \/>\n<meta property=\"og:locale\" content=\"pl_PL\" \/>\n<meta property=\"og:type\" content=\"article\" \/>\n<meta property=\"og:title\" content=\"Hondrostrong - Clinica Althea\" \/>\n<meta property=\"og:description\" content=\"39.00 \u20ac 78.00 \u20ac\" \/>\n<meta property=\"og:url\" content=\"https:\/\/www.clinicaalthea.com\/farmacia\/pt\/apt\/hondrostrong\/\" \/>\n<meta property=\"og:site_name\" content=\"Clinica Althea\" \/>\n<meta property=\"article:modified_time\" content=\"2024-07-18T10:39:56+00:00\" \/>\n<meta property=\"og:image\" content=\"https:\/\/www.clinicaalthea.com\/farmacia\/wp-content\/uploads\/2024\/07\/Hondrostrong.jpg\" \/>\n\t<meta property=\"og:image:width\" content=\"768\" \/>\n\t<meta property=\"og:image:height\" content=\"768\" \/>\n\t<meta property=\"og:image:type\" content=\"image\/jpeg\" \/>\n<meta name=\"twitter:card\" content=\"summary_large_image\" \/>\n<meta name=\"twitter:label1\" content=\"Szacowany czas czytania\" \/>\n\t<meta name=\"twitter:data1\" content=\"7 minut\" \/>\n<script type=\"application\/ld+json\" class=\"yoast-schema-graph\">{\"@context\":\"https:\\\/\\\/schema.org\",\"@graph\":[{\"@type\":\"WebPage\",\"@id\":\"https:\\\/\\\/www.clinicaalthea.com\\\/farmacia\\\/pt\\\/apt\\\/hondrostrong\\\/\",\"url\":\"https:\\\/\\\/www.clinicaalthea.com\\\/farmacia\\\/pt\\\/apt\\\/hondrostrong\\\/\",\"name\":\"Hondrostrong - Clinica Althea\",\"isPartOf\":{\"@id\":\"https:\\\/\\\/www.clinicaalthea.com\\\/farmacia\\\/#website\"},\"primaryImageOfPage\":{\"@id\":\"https:\\\/\\\/www.clinicaalthea.com\\\/farmacia\\\/pt\\\/apt\\\/hondrostrong\\\/#primaryimage\"},\"image\":{\"@id\":\"https:\\\/\\\/www.clinicaalthea.com\\\/farmacia\\\/pt\\\/apt\\\/hondrostrong\\\/#primaryimage\"},\"thumbnailUrl\":\"https:\\\/\\\/www.clinicaalthea.com\\\/farmacia\\\/wp-content\\\/uploads\\\/2024\\\/07\\\/Hondrostrong.jpg\",\"datePublished\":\"2024-07-18T10:36:00+00:00\",\"dateModified\":\"2024-07-18T10:39:56+00:00\",\"breadcrumb\":{\"@id\":\"https:\\\/\\\/www.clinicaalthea.com\\\/farmacia\\\/pt\\\/apt\\\/hondrostrong\\\/#breadcrumb\"},\"inLanguage\":\"pl-PL\",\"potentialAction\":[{\"@type\":\"ReadAction\",\"target\":[\"https:\\\/\\\/www.clinicaalthea.com\\\/farmacia\\\/pt\\\/apt\\\/hondrostrong\\\/\"]}]},{\"@type\":\"ImageObject\",\"inLanguage\":\"pl-PL\",\"@id\":\"https:\\\/\\\/www.clinicaalthea.com\\\/farmacia\\\/pt\\\/apt\\\/hondrostrong\\\/#primaryimage\",\"url\":\"https:\\\/\\\/www.clinicaalthea.com\\\/farmacia\\\/wp-content\\\/uploads\\\/2024\\\/07\\\/Hondrostrong.jpg\",\"contentUrl\":\"https:\\\/\\\/www.clinicaalthea.com\\\/farmacia\\\/wp-content\\\/uploads\\\/2024\\\/07\\\/Hondrostrong.jpg\",\"width\":768,\"height\":768,\"caption\":\"Hondrostrong\"},{\"@type\":\"BreadcrumbList\",\"@id\":\"https:\\\/\\\/www.clinicaalthea.com\\\/farmacia\\\/pt\\\/apt\\\/hondrostrong\\\/#breadcrumb\",\"itemListElement\":[{\"@type\":\"ListItem\",\"position\":1,\"name\":\"Strona g\u0142\u00f3wna\",\"item\":\"https:\\\/\\\/www.clinicaalthea.com\\\/farmacia\\\/\"},{\"@type\":\"ListItem\",\"position\":2,\"name\":\"Produkty\",\"item\":\"https:\\\/\\\/www.clinicaalthea.com\\\/farmacia\\\/\"},{\"@type\":\"ListItem\",\"position\":3,\"name\":\"Hondrostrong\"}]},{\"@type\":\"WebSite\",\"@id\":\"https:\\\/\\\/www.clinicaalthea.com\\\/farmacia\\\/#website\",\"url\":\"https:\\\/\\\/www.clinicaalthea.com\\\/farmacia\\\/\",\"name\":\"Clinica Althea\",\"description\":\"\",\"publisher\":{\"@id\":\"https:\\\/\\\/www.clinicaalthea.com\\\/farmacia\\\/#organization\"},\"potentialAction\":[{\"@type\":\"SearchAction\",\"target\":{\"@type\":\"EntryPoint\",\"urlTemplate\":\"https:\\\/\\\/www.clinicaalthea.com\\\/farmacia\\\/?s={search_term_string}\"},\"query-input\":{\"@type\":\"PropertyValueSpecification\",\"valueRequired\":true,\"valueName\":\"search_term_string\"}}],\"inLanguage\":\"pl-PL\"},{\"@type\":\"Organization\",\"@id\":\"https:\\\/\\\/www.clinicaalthea.com\\\/farmacia\\\/#organization\",\"name\":\"Clinica Althea\",\"url\":\"https:\\\/\\\/www.clinicaalthea.com\\\/farmacia\\\/\",\"logo\":{\"@type\":\"ImageObject\",\"inLanguage\":\"pl-PL\",\"@id\":\"https:\\\/\\\/www.clinicaalthea.com\\\/farmacia\\\/#\\\/schema\\\/logo\\\/image\\\/\",\"url\":\"https:\\\/\\\/www.clinicaalthea.com\\\/farmacia\\\/wp-content\\\/uploads\\\/2023\\\/12\\\/Jak-diagnozuje-sie-FAS_-objawy-kryteria-diagnostyczne-i-metody-diagnozowania-154162903.jpg\",\"contentUrl\":\"https:\\\/\\\/www.clinicaalthea.com\\\/farmacia\\\/wp-content\\\/uploads\\\/2023\\\/12\\\/Jak-diagnozuje-sie-FAS_-objawy-kryteria-diagnostyczne-i-metody-diagnozowania-154162903.jpg\",\"width\":1216,\"height\":832,\"caption\":\"Clinica Althea\"},\"image\":{\"@id\":\"https:\\\/\\\/www.clinicaalthea.com\\\/farmacia\\\/#\\\/schema\\\/logo\\\/image\\\/\"}}]}<\/script>\n<!-- \/ Yoast SEO plugin. -->","yoast_head_json":{"title":"Hondrostrong - Clinica Althea","robots":{"index":"index","follow":"follow","max-snippet":"max-snippet:-1","max-image-preview":"max-image-preview:large","max-video-preview":"max-video-preview:-1"},"canonical":"https:\/\/www.clinicaalthea.com\/farmacia\/pt\/apt\/hondrostrong\/","og_locale":"pl_PL","og_type":"article","og_title":"Hondrostrong - Clinica Althea","og_description":"39.00 \u20ac 78.00 \u20ac","og_url":"https:\/\/www.clinicaalthea.com\/farmacia\/pt\/apt\/hondrostrong\/","og_site_name":"Clinica Althea","article_modified_time":"2024-07-18T10:39:56+00:00","og_image":[{"width":768,"height":768,"url":"https:\/\/www.clinicaalthea.com\/farmacia\/wp-content\/uploads\/2024\/07\/Hondrostrong.jpg","type":"image\/jpeg"}],"twitter_card":"summary_large_image","twitter_misc":{"Szacowany czas czytania":"7 minut"},"schema":{"@context":"https:\/\/schema.org","@graph":[{"@type":"WebPage","@id":"https:\/\/www.clinicaalthea.com\/farmacia\/pt\/apt\/hondrostrong\/","url":"https:\/\/www.clinicaalthea.com\/farmacia\/pt\/apt\/hondrostrong\/","name":"Hondrostrong - Clinica Althea","isPartOf":{"@id":"https:\/\/www.clinicaalthea.com\/farmacia\/#website"},"primaryImageOfPage":{"@id":"https:\/\/www.clinicaalthea.com\/farmacia\/pt\/apt\/hondrostrong\/#primaryimage"},"image":{"@id":"https:\/\/www.clinicaalthea.com\/farmacia\/pt\/apt\/hondrostrong\/#primaryimage"},"thumbnailUrl":"https:\/\/www.clinicaalthea.com\/farmacia\/wp-content\/uploads\/2024\/07\/Hondrostrong.jpg","datePublished":"2024-07-18T10:36:00+00:00","dateModified":"2024-07-18T10:39:56+00:00","breadcrumb":{"@id":"https:\/\/www.clinicaalthea.com\/farmacia\/pt\/apt\/hondrostrong\/#breadcrumb"},"inLanguage":"pl-PL","potentialAction":[{"@type":"ReadAction","target":["https:\/\/www.clinicaalthea.com\/farmacia\/pt\/apt\/hondrostrong\/"]}]},{"@type":"ImageObject","inLanguage":"pl-PL","@id":"https:\/\/www.clinicaalthea.com\/farmacia\/pt\/apt\/hondrostrong\/#primaryimage","url":"https:\/\/www.clinicaalthea.com\/farmacia\/wp-content\/uploads\/2024\/07\/Hondrostrong.jpg","contentUrl":"https:\/\/www.clinicaalthea.com\/farmacia\/wp-content\/uploads\/2024\/07\/Hondrostrong.jpg","width":768,"height":768,"caption":"Hondrostrong"},{"@type":"BreadcrumbList","@id":"https:\/\/www.clinicaalthea.com\/farmacia\/pt\/apt\/hondrostrong\/#breadcrumb","itemListElement":[{"@type":"ListItem","position":1,"name":"Strona g\u0142\u00f3wna","item":"https:\/\/www.clinicaalthea.com\/farmacia\/"},{"@type":"ListItem","position":2,"name":"Produkty","item":"https:\/\/www.clinicaalthea.com\/farmacia\/"},{"@type":"ListItem","position":3,"name":"Hondrostrong"}]},{"@type":"WebSite","@id":"https:\/\/www.clinicaalthea.com\/farmacia\/#website","url":"https:\/\/www.clinicaalthea.com\/farmacia\/","name":"Clinica Althea","description":"","publisher":{"@id":"https:\/\/www.clinicaalthea.com\/farmacia\/#organization"},"potentialAction":[{"@type":"SearchAction","target":{"@type":"EntryPoint","urlTemplate":"https:\/\/www.clinicaalthea.com\/farmacia\/?s={search_term_string}"},"query-input":{"@type":"PropertyValueSpecification","valueRequired":true,"valueName":"search_term_string"}}],"inLanguage":"pl-PL"},{"@type":"Organization","@id":"https:\/\/www.clinicaalthea.com\/farmacia\/#organization","name":"Clinica Althea","url":"https:\/\/www.clinicaalthea.com\/farmacia\/","logo":{"@type":"ImageObject","inLanguage":"pl-PL","@id":"https:\/\/www.clinicaalthea.com\/farmacia\/#\/schema\/logo\/image\/","url":"https:\/\/www.clinicaalthea.com\/farmacia\/wp-content\/uploads\/2023\/12\/Jak-diagnozuje-sie-FAS_-objawy-kryteria-diagnostyczne-i-metody-diagnozowania-154162903.jpg","contentUrl":"https:\/\/www.clinicaalthea.com\/farmacia\/wp-content\/uploads\/2023\/12\/Jak-diagnozuje-sie-FAS_-objawy-kryteria-diagnostyczne-i-metody-diagnozowania-154162903.jpg","width":1216,"height":832,"caption":"Clinica Althea"},"image":{"@id":"https:\/\/www.clinicaalthea.com\/farmacia\/#\/schema\/logo\/image\/"}}]}},"lang":"pt","translations":{"pt":7355,"pl":7311,"cs":7320,"bg":7326,"ro":7328,"hu":7330,"nl":7334,"fr":7338,"es":7343,"de":7347,"lt":7353,"sl":7359,"it":7361,"el":7367,"lv":7369,"sk":7371,"et":7373},"pll_sync_post":[],"_links":{"self":[{"href":"https:\/\/www.clinicaalthea.com\/farmacia\/wp-json\/wp\/v2\/product\/7355","targetHints":{"allow":["GET"]}}],"collection":[{"href":"https:\/\/www.clinicaalthea.com\/farmacia\/wp-json\/wp\/v2\/product"}],"about":[{"href":"https:\/\/www.clinicaalthea.com\/farmacia\/wp-json\/wp\/v2\/types\/product"}],"replies":[{"embeddable":true,"href":"https:\/\/www.clinicaalthea.com\/farmacia\/wp-json\/wp\/v2\/comments?post=7355"}],"wp:featuredmedia":[{"embeddable":true,"href":"https:\/\/www.clinicaalthea.com\/farmacia\/wp-json\/wp\/v2\/media\/7314"}],"wp:attachment":[{"href":"https:\/\/www.clinicaalthea.com\/farmacia\/wp-json\/wp\/v2\/media?parent=7355"}],"wp:term":[{"taxonomy":"product_brand","embeddable":true,"href":"https:\/\/www.clinicaalthea.com\/farmacia\/wp-json\/wp\/v2\/product_brand?post=7355"},{"taxonomy":"product_cat","embeddable":true,"href":"https:\/\/www.clinicaalthea.com\/farmacia\/wp-json\/wp\/v2\/product_cat?post=7355"},{"taxonomy":"product_tag","embeddable":true,"href":"https:\/\/www.clinicaalthea.com\/farmacia\/wp-json\/wp\/v2\/product_tag?post=7355"}],"curies":[{"name":"wp","href":"https:\/\/api.w.org\/{rel}","templated":true}]}}