{"id":7343,"date":"2024-07-18T11:33:40","date_gmt":"2024-07-18T10:33:40","guid":{"rendered":"https:\/\/mayoguide.org\/produkty\/?post_type=product&#038;p=7343"},"modified":"2024-07-18T11:39:56","modified_gmt":"2024-07-18T10:39:56","slug":"hondrostrong","status":"publish","type":"product","link":"https:\/\/www.clinicaalthea.com\/farmacia\/es\/apt\/hondrostrong\/","title":{"rendered":"Hondrostrong"},"content":{"rendered":"<h2 class=\"wp-block-heading\">\u00bfQu\u00e9 es Hondrostrong y c\u00f3mo funciona?<\/h2>\n\n\n<p><b>Hondrostrong<\/b> es un gel innovador dise\u00f1ado para combatir las dolencias articulares. Su eficacia reside en el alivio del dolor articular, la reducci\u00f3n de la hinchaz\u00f3n y la mejora de la flexibilidad de las articulaciones. La <b>acci\u00f3n<\/b> del producto se basa en una combinaci\u00f3n \u00fanica de ingredientes naturales, como el extracto de \u00e1rnica montana, la <b>glucosamina<\/b> y la <b>condroitina<\/b>. <b>Hondrostrong<\/b> proporciona alivio y mejora la salud general de las articulaciones.<\/p>\n\n\n<h2 class=\"wp-block-heading\">\u00bfCu\u00e1les son los efectos de Hondrostrong?<\/h2>\n\n\n<p>El uso regular de Hondrostrong puede aportar numerosos beneficios a quienes luchan contra el dolor articular. Gracias a su exclusiva f\u00f3rmula en gel, proporciona un alivio inmediato del dolor articular, reduce la hinchaz\u00f3n y mejora la flexibilidad y movilidad de las articulaciones. Adem\u00e1s, los ingredientes activos de Hondrostrong favorecen la regeneraci\u00f3n del cart\u00edlago articular, que es crucial para la salud articular a largo plazo.<\/p>\n\n\n<p>Para mostrar los beneficios de Hondrostrong de una forma m\u00e1s concisa y clara, presento a continuaci\u00f3n una tabla que muestra los principales <b>efectos<\/b> que se pueden conseguir tras el uso regular de este preparado articular:<\/p>\n\n\n<figure class=\"wp-block-table\"><table><tbody><tr><th>Efectos de Hondrostrong<\/th><\/tr><tr><td>Alivio del dolor articular<\/td><\/tr><tr><td><b>Reducci\u00f3n de la inflamaci\u00f3n articular<\/b><\/td><\/tr><tr><td><b>Mejora de la movilidad articular<\/b><\/td><\/tr><tr><td><b>Regeneraci\u00f3n del cart\u00edlago articular<\/b><\/td><\/tr><\/tbody><\/table><\/figure>\n\n\n<p>Como puede ver, Hondrostrong ofrece una <b>acci\u00f3n<\/b> integral de apoyo a la salud articular. Alivia el dolor, reduce la hinchaz\u00f3n y mejora la movilidad articular, lo que repercute significativamente en la calidad de vida. Adem\u00e1s, los ingredientes activos de la f\u00f3rmula favorecen la regeneraci\u00f3n del cart\u00edlago articular, lo que es importante para la salud a largo plazo de las articulaciones.<\/p>\n\n\n<h2 class=\"wp-block-heading\">C\u00f3mo utilizar correctamente Hondrostrong &#8211; Posolog\u00eda<\/h2>\n\n\n<p>Para obtener el m\u00e1ximo beneficio de <em>Hondrostrong<\/em>, es importante seguir las recomendaciones para su uso correcto. A continuaci\u00f3n encontrar\u00e1 las instrucciones de dosificaci\u00f3n de este preparado para dolencias articulares.<\/p>\n\n\n\n<ol class=\"wp-block-list\">\n<li>Preparar la piel limpia y seca de la zona afectada por la dolencia articular.<\/li>\n\n\n\n<li>Aplique una peque\u00f1a cantidad de gel sobre la piel en la zona deseada.<\/li>\n\n\n\n<li>Masajear suavemente el gel sobre la piel con ligeros movimientos circulares hasta su completa absorci\u00f3n.<\/li>\n\n\n\n<li>Despu\u00e9s de aplicar el gel, l\u00e1vese bien las manos.<\/li>\n\n\n\n<li>Se recomienda aplicar el gel 2-3 veces al d\u00eda, en funci\u00f3n de las necesidades individuales.<\/li>\n<\/ol>\n\n\n<p>En caso de irritaci\u00f3n cut\u00e1nea o reacciones al\u00e9rgicas, interrumpa su uso y consulte a su m\u00e9dico. Es importante seguir las instrucciones del prospecto para el uso de <em>Hondrostrong<\/em> y consultar a su m\u00e9dico en caso de duda.<\/p>\n\n\n<h2 class=\"wp-block-heading\">Hondrostrong &#8211; Opiniones y rese\u00f1as &#8211; \u00bfQu\u00e9 opinan los usuarios?<\/h2>\n\n\n<p>Las opiniones de los usuarios de Hondrostrong son una importante fuente de informaci\u00f3n para los compradores potenciales. Los usuarios destacan su eficacia para aliviar el dolor articular, reducir la inflamaci\u00f3n y mejorar la movilidad de las articulaciones. Parece que Hondrostrong contribuye no s\u00f3lo a aliviar los s\u00edntomas, sino tambi\u00e9n a mejorar la calidad de vida. Con el uso regular del producto, los usuarios experimentan un alivio del dolor articular y una mayor libertad de movimiento, lo que afecta significativamente a su funcionamiento diario.<\/p>\n\n\n\n<blockquote class=\"wp-block-quote is-layout-flow wp-block-quote-is-layout-flow\"><p>&#8220;Hondrostrong es un producto que realmente me ha ayudado con mis dolores articulares. Despu\u00e9s de usarlo durante unas semanas, siento un alivio significativo y una mejora en mi calidad de vida. Se lo recomendar\u00eda a cualquiera que luche con dolencias similares.&#8221; &#8211; Catherine<\/p>\n<\/blockquote>\n\n\n<p>Para saber m\u00e1s sobre las experiencias de los usuarios de Hondrostrong, merece la pena leer las rese\u00f1as publicadas en foros de debate y plataformas de venta. Muchos usuarios comparten sus \u00e9xitos y los efectos positivos del uso de este producto. Por supuesto, es importante tener en cuenta que las opiniones pueden variar en funci\u00f3n de las experiencias individuales. Sin embargo, en general, Hondrostrong est\u00e1 ganando reconocimiento entre las personas que luchan contra el dolor articular, proporcion\u00e1ndoles alivio y una mejor calidad de vida.<\/p>\n\n\n<figure class=\"wp-block-table\"><table><tbody><tr><th>Opini\u00f3n<\/th><th>Autor<\/th><\/tr><tr><td>&#8220;Hondrostrong es mi producto favorito para el <b>dolor articular<\/b>. Con \u00e9l me siento mucho mejor y con m\u00e1s movilidad. Se lo recomendar\u00eda a cualquiera que busque alivio para el dolor articular&#8221;.<\/td><td>Anna<\/td><\/tr><tr><td>&#8220;Despu\u00e9s de muchos a\u00f1os luchando contra el dolor articular, \u00a1por fin he encontrado un producto que funciona! Gracias a Hondrostrong puedo disfrutar de mis actividades diarias sin demasiado dolor. Estoy encantada&#8221;.<\/td><td>Mariusz<\/td><\/tr><tr><td>&#8220;Hondrostrong es un producto realmente bueno. Despu\u00e9s de unas semanas de uso, he notado una mejora significativa en mi calidad de vida. Mis articulaciones est\u00e1n menos r\u00edgidas y el dolor es mucho menos molesto. Se lo recomendar\u00eda a cualquiera que necesite apoyo para sus articulaciones.&#8221;<\/td><td>Joanna<\/td><\/tr><\/tbody><\/table><\/figure>\n\n\n<h2 class=\"wp-block-heading\">Composici\u00f3n de Hondrostrong &#8211; \u00bfQu\u00e9 contiene?<\/h2>\n\n\n<p>Hondrostrong es una formulaci\u00f3n \u00fanica que contiene ingredientes de origen natural que influyen positivamente en la salud de las articulaciones. Los ingredientes clave que contiene Hondrostrong son:<\/p>\n\n\n\n<ul class=\"wp-block-list\">\n<li><em>Extracto de \u00e1rnica montana<\/em> &#8211; Se trata de una planta con fuertes propiedades antiinflamatorias y analg\u00e9sicas. Tiene un efecto calmante sobre el <b>dolor articular<\/b>, aliviando la rigidez y la hinchaz\u00f3n. El <b>\u00e1rnica<\/b> montana es conocida por sus propiedades regenerativas y por acelerar la cicatrizaci\u00f3n de los tejidos.<\/li>\n\n\n\n<li><em>Glucosamina<\/em> &#8211; Un importante ingrediente que desempe\u00f1a un papel clave en la regeneraci\u00f3n del cart\u00edlago articular. Ayuda a reconstruir y mantener sana la estructura del cart\u00edlago y tambi\u00e9n influye en su flexibilidad y resistencia.<\/li>\n\n\n\n<li><em>Condroitina<\/em> &#8211; Es una sustancia que se encuentra de forma natural en el cart\u00edlago de las articulaciones. Influye en el mantenimiento de unos niveles adecuados de humedad en las articulaciones, lo cual es importante para su correcto funcionamiento. <b>La condroitina<\/b> tambi\u00e9n ayuda a regenerar y proteger el cart\u00edlago articular.<\/li>\n<\/ul>\n\n\n<p>Mediante la interacci\u00f3n de estos ingredientes, Hondrostrong proporciona apoyo articular, aliviando el dolor, reduciendo la inflamaci\u00f3n y mejorando la movilidad de las articulaciones. Esta combinaci\u00f3n natural de ingredientes hace de Hondrostrong una forma eficaz y segura de regenerar el cart\u00edlago articular y aliviar las molestias articulares.<\/p>\n\n\n<h2 class=\"wp-block-heading\">D\u00f3nde comprar Hondrostrong &#8211; precio<\/h2>\n\n\n<p>Se recomienda comprar Hondrostrong s\u00f3lo en la web oficial del fabricante o en farmacias para estar seguro de la originalidad del producto. Comprar en la web oficial del fabricante garantiza la autenticidad y el acceso a diversas promociones y descuentos. El <b>precio<\/b> del producto puede variar en funci\u00f3n del lugar y de las promociones aplicables. Es importante invertir en su salud articular y comprar Hondrostrong en una fuente de confianza.<\/p>\n\n\n<h2 class=\"wp-block-heading\">Hondrostrong &#8211; Posibles efectos secundarios y contraindicaciones de uso<\/h2>\n\n\n<p>Aunque Hondrostrong est\u00e1 elaborado con ingredientes naturales, existe la posibilidad de que aparezcan efectos secundarios o contraindicaciones. Es aconsejable informarse sobre las posibles reacciones al\u00e9rgicas a alguno de los ingredientes antes de utilizarlo. Las personas al\u00e9rgicas al \u00e1rnica de monta\u00f1a o a otros ingredientes del producto deben consultar a un m\u00e9dico antes de utilizar Hondrostrong.<\/p>\n\n\n<p>Tambi\u00e9n es aconsejable consultar a su m\u00e9dico antes de utilizar el producto si est\u00e1 embarazada o en per\u00edodo de lactancia. El uso de Hondrostrong es seguro siempre que no se tenga <b>alergia<\/b> a sus ingredientes. Siempre es aconsejable leer el prospecto del producto y consultar a su m\u00e9dico antes de utilizarlo, especialmente si tiene alguna duda.<\/p>\n\n\n<p>Se recomienda el uso de Hondrostrong, pero siga siempre las recomendaciones para un uso seguro y consulte a su m\u00e9dico si tiene dudas o alguna contraindicaci\u00f3n potencial.<\/p>\n","protected":false},"excerpt":{"rendered":"<p><strong>39.00 \u20ac<\/strong><\/p>\n<p><del>78.00 \u20ac<\/del><\/p>\n<p><strong>[date_countdown]<\/strong><\/p>\n","protected":false},"featured_media":7314,"comment_status":"open","ping_status":"closed","template":"","meta":{"neve_meta_sidebar":"","neve_meta_container":"","neve_meta_enable_content_width":"","neve_meta_content_width":0,"neve_meta_title_alignment":"","neve_meta_author_avatar":"","neve_post_elements_order":"","neve_meta_disable_header":"","neve_meta_disable_footer":"","neve_meta_disable_title":"","neve_meta_reading_time":""},"product_brand":[],"product_cat":[73],"product_tag":[],"class_list":{"0":"post-7343","1":"product","2":"type-product","3":"status-publish","4":"has-post-thumbnail","6":"product_cat-salud","8":"first","9":"instock","10":"shipping-taxable","11":"product-type-external"},"yoast_head":"<!-- This site is optimized with the Yoast SEO plugin v27.4 - https:\/\/yoast.com\/product\/yoast-seo-wordpress\/ -->\n<title>Hondrostrong - Clinica Althea<\/title>\n<meta name=\"robots\" content=\"index, follow, max-snippet:-1, max-image-preview:large, max-video-preview:-1\" \/>\n<link rel=\"canonical\" href=\"https:\/\/www.clinicaalthea.com\/farmacia\/es\/apt\/hondrostrong\/\" \/>\n<meta property=\"og:locale\" content=\"pl_PL\" \/>\n<meta property=\"og:type\" content=\"article\" \/>\n<meta property=\"og:title\" content=\"Hondrostrong - Clinica Althea\" \/>\n<meta property=\"og:description\" content=\"39.00 \u20ac 78.00 \u20ac\" \/>\n<meta property=\"og:url\" content=\"https:\/\/www.clinicaalthea.com\/farmacia\/es\/apt\/hondrostrong\/\" \/>\n<meta property=\"og:site_name\" content=\"Clinica Althea\" \/>\n<meta property=\"article:modified_time\" content=\"2024-07-18T10:39:56+00:00\" \/>\n<meta property=\"og:image\" content=\"https:\/\/www.clinicaalthea.com\/farmacia\/wp-content\/uploads\/2024\/07\/Hondrostrong.jpg\" \/>\n\t<meta property=\"og:image:width\" content=\"768\" \/>\n\t<meta property=\"og:image:height\" content=\"768\" \/>\n\t<meta property=\"og:image:type\" content=\"image\/jpeg\" \/>\n<meta name=\"twitter:card\" content=\"summary_large_image\" \/>\n<meta name=\"twitter:label1\" content=\"Szacowany czas czytania\" \/>\n\t<meta name=\"twitter:data1\" content=\"7 minut\" \/>\n<script type=\"application\/ld+json\" class=\"yoast-schema-graph\">{\"@context\":\"https:\\\/\\\/schema.org\",\"@graph\":[{\"@type\":\"WebPage\",\"@id\":\"https:\\\/\\\/www.clinicaalthea.com\\\/farmacia\\\/es\\\/apt\\\/hondrostrong\\\/\",\"url\":\"https:\\\/\\\/www.clinicaalthea.com\\\/farmacia\\\/es\\\/apt\\\/hondrostrong\\\/\",\"name\":\"Hondrostrong - Clinica Althea\",\"isPartOf\":{\"@id\":\"https:\\\/\\\/www.clinicaalthea.com\\\/farmacia\\\/#website\"},\"primaryImageOfPage\":{\"@id\":\"https:\\\/\\\/www.clinicaalthea.com\\\/farmacia\\\/es\\\/apt\\\/hondrostrong\\\/#primaryimage\"},\"image\":{\"@id\":\"https:\\\/\\\/www.clinicaalthea.com\\\/farmacia\\\/es\\\/apt\\\/hondrostrong\\\/#primaryimage\"},\"thumbnailUrl\":\"https:\\\/\\\/www.clinicaalthea.com\\\/farmacia\\\/wp-content\\\/uploads\\\/2024\\\/07\\\/Hondrostrong.jpg\",\"datePublished\":\"2024-07-18T10:33:40+00:00\",\"dateModified\":\"2024-07-18T10:39:56+00:00\",\"breadcrumb\":{\"@id\":\"https:\\\/\\\/www.clinicaalthea.com\\\/farmacia\\\/es\\\/apt\\\/hondrostrong\\\/#breadcrumb\"},\"inLanguage\":\"pl-PL\",\"potentialAction\":[{\"@type\":\"ReadAction\",\"target\":[\"https:\\\/\\\/www.clinicaalthea.com\\\/farmacia\\\/es\\\/apt\\\/hondrostrong\\\/\"]}]},{\"@type\":\"ImageObject\",\"inLanguage\":\"pl-PL\",\"@id\":\"https:\\\/\\\/www.clinicaalthea.com\\\/farmacia\\\/es\\\/apt\\\/hondrostrong\\\/#primaryimage\",\"url\":\"https:\\\/\\\/www.clinicaalthea.com\\\/farmacia\\\/wp-content\\\/uploads\\\/2024\\\/07\\\/Hondrostrong.jpg\",\"contentUrl\":\"https:\\\/\\\/www.clinicaalthea.com\\\/farmacia\\\/wp-content\\\/uploads\\\/2024\\\/07\\\/Hondrostrong.jpg\",\"width\":768,\"height\":768,\"caption\":\"Hondrostrong\"},{\"@type\":\"BreadcrumbList\",\"@id\":\"https:\\\/\\\/www.clinicaalthea.com\\\/farmacia\\\/es\\\/apt\\\/hondrostrong\\\/#breadcrumb\",\"itemListElement\":[{\"@type\":\"ListItem\",\"position\":1,\"name\":\"Strona g\u0142\u00f3wna\",\"item\":\"https:\\\/\\\/www.clinicaalthea.com\\\/farmacia\\\/\"},{\"@type\":\"ListItem\",\"position\":2,\"name\":\"Produkty\",\"item\":\"https:\\\/\\\/www.clinicaalthea.com\\\/farmacia\\\/\"},{\"@type\":\"ListItem\",\"position\":3,\"name\":\"Hondrostrong\"}]},{\"@type\":\"WebSite\",\"@id\":\"https:\\\/\\\/www.clinicaalthea.com\\\/farmacia\\\/#website\",\"url\":\"https:\\\/\\\/www.clinicaalthea.com\\\/farmacia\\\/\",\"name\":\"Clinica Althea\",\"description\":\"\",\"publisher\":{\"@id\":\"https:\\\/\\\/www.clinicaalthea.com\\\/farmacia\\\/#organization\"},\"potentialAction\":[{\"@type\":\"SearchAction\",\"target\":{\"@type\":\"EntryPoint\",\"urlTemplate\":\"https:\\\/\\\/www.clinicaalthea.com\\\/farmacia\\\/?s={search_term_string}\"},\"query-input\":{\"@type\":\"PropertyValueSpecification\",\"valueRequired\":true,\"valueName\":\"search_term_string\"}}],\"inLanguage\":\"pl-PL\"},{\"@type\":\"Organization\",\"@id\":\"https:\\\/\\\/www.clinicaalthea.com\\\/farmacia\\\/#organization\",\"name\":\"Clinica Althea\",\"url\":\"https:\\\/\\\/www.clinicaalthea.com\\\/farmacia\\\/\",\"logo\":{\"@type\":\"ImageObject\",\"inLanguage\":\"pl-PL\",\"@id\":\"https:\\\/\\\/www.clinicaalthea.com\\\/farmacia\\\/#\\\/schema\\\/logo\\\/image\\\/\",\"url\":\"https:\\\/\\\/www.clinicaalthea.com\\\/farmacia\\\/wp-content\\\/uploads\\\/2023\\\/12\\\/Jak-diagnozuje-sie-FAS_-objawy-kryteria-diagnostyczne-i-metody-diagnozowania-154162903.jpg\",\"contentUrl\":\"https:\\\/\\\/www.clinicaalthea.com\\\/farmacia\\\/wp-content\\\/uploads\\\/2023\\\/12\\\/Jak-diagnozuje-sie-FAS_-objawy-kryteria-diagnostyczne-i-metody-diagnozowania-154162903.jpg\",\"width\":1216,\"height\":832,\"caption\":\"Clinica Althea\"},\"image\":{\"@id\":\"https:\\\/\\\/www.clinicaalthea.com\\\/farmacia\\\/#\\\/schema\\\/logo\\\/image\\\/\"}}]}<\/script>\n<!-- \/ Yoast SEO plugin. -->","yoast_head_json":{"title":"Hondrostrong - Clinica Althea","robots":{"index":"index","follow":"follow","max-snippet":"max-snippet:-1","max-image-preview":"max-image-preview:large","max-video-preview":"max-video-preview:-1"},"canonical":"https:\/\/www.clinicaalthea.com\/farmacia\/es\/apt\/hondrostrong\/","og_locale":"pl_PL","og_type":"article","og_title":"Hondrostrong - Clinica Althea","og_description":"39.00 \u20ac 78.00 \u20ac","og_url":"https:\/\/www.clinicaalthea.com\/farmacia\/es\/apt\/hondrostrong\/","og_site_name":"Clinica Althea","article_modified_time":"2024-07-18T10:39:56+00:00","og_image":[{"width":768,"height":768,"url":"https:\/\/www.clinicaalthea.com\/farmacia\/wp-content\/uploads\/2024\/07\/Hondrostrong.jpg","type":"image\/jpeg"}],"twitter_card":"summary_large_image","twitter_misc":{"Szacowany czas czytania":"7 minut"},"schema":{"@context":"https:\/\/schema.org","@graph":[{"@type":"WebPage","@id":"https:\/\/www.clinicaalthea.com\/farmacia\/es\/apt\/hondrostrong\/","url":"https:\/\/www.clinicaalthea.com\/farmacia\/es\/apt\/hondrostrong\/","name":"Hondrostrong - Clinica Althea","isPartOf":{"@id":"https:\/\/www.clinicaalthea.com\/farmacia\/#website"},"primaryImageOfPage":{"@id":"https:\/\/www.clinicaalthea.com\/farmacia\/es\/apt\/hondrostrong\/#primaryimage"},"image":{"@id":"https:\/\/www.clinicaalthea.com\/farmacia\/es\/apt\/hondrostrong\/#primaryimage"},"thumbnailUrl":"https:\/\/www.clinicaalthea.com\/farmacia\/wp-content\/uploads\/2024\/07\/Hondrostrong.jpg","datePublished":"2024-07-18T10:33:40+00:00","dateModified":"2024-07-18T10:39:56+00:00","breadcrumb":{"@id":"https:\/\/www.clinicaalthea.com\/farmacia\/es\/apt\/hondrostrong\/#breadcrumb"},"inLanguage":"pl-PL","potentialAction":[{"@type":"ReadAction","target":["https:\/\/www.clinicaalthea.com\/farmacia\/es\/apt\/hondrostrong\/"]}]},{"@type":"ImageObject","inLanguage":"pl-PL","@id":"https:\/\/www.clinicaalthea.com\/farmacia\/es\/apt\/hondrostrong\/#primaryimage","url":"https:\/\/www.clinicaalthea.com\/farmacia\/wp-content\/uploads\/2024\/07\/Hondrostrong.jpg","contentUrl":"https:\/\/www.clinicaalthea.com\/farmacia\/wp-content\/uploads\/2024\/07\/Hondrostrong.jpg","width":768,"height":768,"caption":"Hondrostrong"},{"@type":"BreadcrumbList","@id":"https:\/\/www.clinicaalthea.com\/farmacia\/es\/apt\/hondrostrong\/#breadcrumb","itemListElement":[{"@type":"ListItem","position":1,"name":"Strona g\u0142\u00f3wna","item":"https:\/\/www.clinicaalthea.com\/farmacia\/"},{"@type":"ListItem","position":2,"name":"Produkty","item":"https:\/\/www.clinicaalthea.com\/farmacia\/"},{"@type":"ListItem","position":3,"name":"Hondrostrong"}]},{"@type":"WebSite","@id":"https:\/\/www.clinicaalthea.com\/farmacia\/#website","url":"https:\/\/www.clinicaalthea.com\/farmacia\/","name":"Clinica Althea","description":"","publisher":{"@id":"https:\/\/www.clinicaalthea.com\/farmacia\/#organization"},"potentialAction":[{"@type":"SearchAction","target":{"@type":"EntryPoint","urlTemplate":"https:\/\/www.clinicaalthea.com\/farmacia\/?s={search_term_string}"},"query-input":{"@type":"PropertyValueSpecification","valueRequired":true,"valueName":"search_term_string"}}],"inLanguage":"pl-PL"},{"@type":"Organization","@id":"https:\/\/www.clinicaalthea.com\/farmacia\/#organization","name":"Clinica Althea","url":"https:\/\/www.clinicaalthea.com\/farmacia\/","logo":{"@type":"ImageObject","inLanguage":"pl-PL","@id":"https:\/\/www.clinicaalthea.com\/farmacia\/#\/schema\/logo\/image\/","url":"https:\/\/www.clinicaalthea.com\/farmacia\/wp-content\/uploads\/2023\/12\/Jak-diagnozuje-sie-FAS_-objawy-kryteria-diagnostyczne-i-metody-diagnozowania-154162903.jpg","contentUrl":"https:\/\/www.clinicaalthea.com\/farmacia\/wp-content\/uploads\/2023\/12\/Jak-diagnozuje-sie-FAS_-objawy-kryteria-diagnostyczne-i-metody-diagnozowania-154162903.jpg","width":1216,"height":832,"caption":"Clinica Althea"},"image":{"@id":"https:\/\/www.clinicaalthea.com\/farmacia\/#\/schema\/logo\/image\/"}}]}},"lang":"es","translations":{"es":7343,"pl":7311,"cs":7320,"bg":7326,"ro":7328,"hu":7330,"nl":7334,"fr":7338,"de":7347,"lt":7353,"pt":7355,"sl":7359,"it":7361,"el":7367,"lv":7369,"sk":7371,"et":7373},"pll_sync_post":[],"_links":{"self":[{"href":"https:\/\/www.clinicaalthea.com\/farmacia\/wp-json\/wp\/v2\/product\/7343","targetHints":{"allow":["GET"]}}],"collection":[{"href":"https:\/\/www.clinicaalthea.com\/farmacia\/wp-json\/wp\/v2\/product"}],"about":[{"href":"https:\/\/www.clinicaalthea.com\/farmacia\/wp-json\/wp\/v2\/types\/product"}],"replies":[{"embeddable":true,"href":"https:\/\/www.clinicaalthea.com\/farmacia\/wp-json\/wp\/v2\/comments?post=7343"}],"wp:featuredmedia":[{"embeddable":true,"href":"https:\/\/www.clinicaalthea.com\/farmacia\/wp-json\/wp\/v2\/media\/7314"}],"wp:attachment":[{"href":"https:\/\/www.clinicaalthea.com\/farmacia\/wp-json\/wp\/v2\/media?parent=7343"}],"wp:term":[{"taxonomy":"product_brand","embeddable":true,"href":"https:\/\/www.clinicaalthea.com\/farmacia\/wp-json\/wp\/v2\/product_brand?post=7343"},{"taxonomy":"product_cat","embeddable":true,"href":"https:\/\/www.clinicaalthea.com\/farmacia\/wp-json\/wp\/v2\/product_cat?post=7343"},{"taxonomy":"product_tag","embeddable":true,"href":"https:\/\/www.clinicaalthea.com\/farmacia\/wp-json\/wp\/v2\/product_tag?post=7343"}],"curies":[{"name":"wp","href":"https:\/\/api.w.org\/{rel}","templated":true}]}}