{"id":7338,"date":"2024-07-18T11:33:02","date_gmt":"2024-07-18T10:33:02","guid":{"rendered":"https:\/\/mayoguide.org\/produkty\/?post_type=product&#038;p=7338"},"modified":"2024-07-18T11:39:56","modified_gmt":"2024-07-18T10:39:56","slug":"hondrostrong","status":"publish","type":"product","link":"https:\/\/www.clinicaalthea.com\/farmacia\/fr\/apt\/hondrostrong\/","title":{"rendered":"Hondrostrong"},"content":{"rendered":"\n<h2 class=\"wp-block-heading\">Qu&#8217;est-ce que Hondrostrong et comment fonctionne-t-il ?<\/h2>\n\n\n\n<p><b>Hondrostrong<\/b> est un gel innovant con\u00e7u pour lutter contre les affections articulaires. Son efficacit\u00e9 r\u00e9side dans le soulagement des douleurs articulaires, la r\u00e9duction des gonflements et l&#8217;am\u00e9lioration de la souplesse des articulations. L&#8217;<b>action du<\/b> produit repose sur une combinaison unique d&#8217;ingr\u00e9dients naturels tels que l&#8217;extrait d&#8217;arnica montana, la <b>glucosamine<\/b> et la <b>chondro\u00eftine<\/b>. <b>Hondrostrong<\/b> soulage et am\u00e9liore la sant\u00e9 globale des articulations.<\/p>\n\n\n\n<h2 class=\"wp-block-heading\">Quels sont les effets de Hondrostrong ?<\/h2>\n\n\n\n<p>L&#8217;utilisation r\u00e9guli\u00e8re de Hondrostrong peut apporter de nombreux avantages aux personnes souffrant de douleurs articulaires. Gr\u00e2ce \u00e0 sa formule gel unique, il apporte un soulagement imm\u00e9diat des douleurs articulaires, r\u00e9duit les gonflements et am\u00e9liore la flexibilit\u00e9 et la mobilit\u00e9 des articulations. En outre, les principes actifs de Hondrostrong favorisent la r\u00e9g\u00e9n\u00e9ration du cartilage articulaire, ce qui est essentiel pour la sant\u00e9 des articulations \u00e0 long terme.<\/p>\n\n\n\n<p>Afin de pr\u00e9senter les avantages de Hondrostrong de mani\u00e8re plus concise et plus claire, je pr\u00e9sente ci-dessous un tableau montrant les principaux <b>effets<\/b> qui peuvent \u00eatre obtenus apr\u00e8s une utilisation r\u00e9guli\u00e8re de cette pr\u00e9paration articulaire :<\/p>\n\n\n\n<figure class=\"wp-block-table\"><table><tbody><tr><th>Effets de Hondrostrong<\/th><\/tr><tr><td>Soulagement des douleurs articulaires<\/td><\/tr><tr><td><b>R\u00e9duction du gonflement des articulations<\/b><\/td><\/tr><tr><td><b>Am\u00e9lioration de la mobilit\u00e9 des articulations<\/b><\/td><\/tr><tr><td><b>R\u00e9g\u00e9n\u00e9ration du cartilage articulaire<\/b><\/td><\/tr><\/tbody><\/table><\/figure>\n\n\n\n<p>Comme vous pouvez le constater, Hondrostrong offre une <b>action<\/b> compl\u00e8te pour soutenir la sant\u00e9 des articulations. Il soulage la douleur, r\u00e9duit les gonflements et am\u00e9liore la mobilit\u00e9 des articulations, ce qui a un impact significatif sur la qualit\u00e9 de vie. En outre, les ingr\u00e9dients actifs de la formule favorisent la r\u00e9g\u00e9n\u00e9ration du cartilage articulaire, ce qui est important pour la sant\u00e9 \u00e0 long terme des articulations.<\/p>\n\n\n\n<h2 class=\"wp-block-heading\">Comment utiliser correctement Hondrostrong &#8211; Posologie<\/h2>\n\n\n\n<p>Pour tirer le meilleur parti de <em>Hondrostrong<\/em>, il est important de suivre les recommandations d&#8217;utilisation. Vous trouverez ci-dessous les instructions relatives \u00e0 la posologie de cette pr\u00e9paration pour les affections articulaires.<\/p>\n\n\n\n<ol class=\"wp-block-list\">\n<li>Pr\u00e9parer une peau propre et s\u00e8che dans la zone affect\u00e9e par l&#8217;affection articulaire.<\/li>\n\n\n\n<li>Appliquer une petite quantit\u00e9 de gel sur la peau \u00e0 l&#8217;endroit d\u00e9sir\u00e9.<\/li>\n\n\n\n<li>Masser doucement le gel sur la peau en effectuant de l\u00e9gers mouvements circulaires jusqu&#8217;\u00e0 ce qu&#8217;il soit compl\u00e8tement absorb\u00e9.<\/li>\n\n\n\n<li>Apr\u00e8s l&#8217;application du gel, lavez-vous soigneusement les mains.<\/li>\n\n\n\n<li>Il est recommand\u00e9 d&#8217;utiliser le gel 2 \u00e0 3 fois par jour, en fonction des besoins individuels.<\/li>\n<\/ol>\n\n\n\n<p>En cas d&#8217;irritation de la peau ou de r\u00e9actions allergiques, cessez l&#8217;utilisation et consultez votre m\u00e9decin. Il est important de suivre les instructions de la notice pour l&#8217;utilisation de <em>Hondrostrong<\/em> et de consulter votre m\u00e9decin en cas de doute.<\/p>\n\n\n\n<h2 class=\"wp-block-heading\">Hondrostrong &#8211; Avis et critiques &#8211; Que disent les utilisateurs ?<\/h2>\n\n\n\n<p>Les commentaires des utilisateurs de Hondrostrong sont une source importante d&#8217;informations pour les acheteurs potentiels. Les utilisateurs tiennent \u00e0 souligner son efficacit\u00e9 pour soulager les douleurs articulaires, r\u00e9duire les gonflements et am\u00e9liorer la mobilit\u00e9 des articulations. Il semble que Hondrostrong contribue non seulement au soulagement des sympt\u00f4mes, mais aussi \u00e0 l&#8217;am\u00e9lioration de la qualit\u00e9 de vie. Gr\u00e2ce \u00e0 une utilisation r\u00e9guli\u00e8re du produit, les utilisateurs ressentent un soulagement des douleurs articulaires et une plus grande libert\u00e9 de mouvement, ce qui a un impact significatif sur leur vie quotidienne.<\/p>\n\n\n\n<blockquote class=\"wp-block-quote is-layout-flow wp-block-quote-is-layout-flow\">\n<p>&#8220;Hondrostrong est un produit qui m&#8217;a vraiment aid\u00e9 \u00e0 soulager mes douleurs articulaires. Apr\u00e8s l&#8217;avoir utilis\u00e9 pendant quelques semaines, je ressens un soulagement significatif et une am\u00e9lioration de ma qualit\u00e9 de vie. Je le recommande \u00e0 toute personne souffrant de maux similaires.&#8221; &#8211; Catherine<\/p>\n<\/blockquote>\n\n\n\n<p>Pour en savoir plus sur les exp\u00e9riences des utilisateurs de Hondrostrong, il est int\u00e9ressant de lire les avis post\u00e9s sur les forums de discussion et les plateformes de vente. De nombreux utilisateurs font part de leurs succ\u00e8s et des effets positifs de l&#8217;utilisation de ce produit. Bien s\u00fbr, il est important de garder \u00e0 l&#8217;esprit que les opinions peuvent varier en fonction des exp\u00e9riences individuelles. Cependant, de mani\u00e8re g\u00e9n\u00e9rale, Hondrostrong est de plus en plus reconnu par les personnes souffrant de douleurs articulaires, leur apportant un soulagement et une meilleure qualit\u00e9 de vie.<\/p>\n\n\n\n<figure class=\"wp-block-table\"><table><tbody><tr><th>Avis<\/th><th>Auteur<\/th><\/tr><tr><td>&#8220;Hondrostrong est mon produit pr\u00e9f\u00e9r\u00e9 pour les <b>douleurs articulaires<\/b>. Je me sens tellement mieux et plus mobile gr\u00e2ce \u00e0 lui. Je le recommande \u00e0 tous ceux qui cherchent \u00e0 soulager leurs douleurs articulaires.&#8221;<\/td><td>Anna<\/td><\/tr><tr><td>&#8220;Apr\u00e8s de nombreuses ann\u00e9es de lutte contre des articulations douloureuses, j&#8217;ai enfin trouv\u00e9 un produit qui fonctionne ! Gr\u00e2ce \u00e0 Hondrostrong, je peux profiter de mes activit\u00e9s quotidiennes sans trop de douleurs. J&#8217;en suis ravie !&#8221;<\/td><td>Mariusz<\/td><\/tr><tr><td>&#8220;Hondrostrong est un tr\u00e8s bon produit. Apr\u00e8s quelques semaines d&#8217;utilisation, j&#8217;ai constat\u00e9 une am\u00e9lioration significative de ma qualit\u00e9 de vie. Mes articulations sont moins raides et la douleur est beaucoup moins g\u00eanante. Je le recommande \u00e0 toute personne ayant besoin d&#8217;un soutien pour ses articulations.&#8221;<\/td><td>Joanna<\/td><\/tr><\/tbody><\/table><\/figure>\n\n\n\n<h2 class=\"wp-block-heading\">Composition de Hondrostrong &#8211; Que contient-il ?<\/h2>\n\n\n\n<p>Hondrostrong est une formulation unique qui contient des ingr\u00e9dients d&#8217;origine naturelle ayant un impact positif sur la sant\u00e9 des articulations. Les principaux ingr\u00e9dients contenus dans Hondrostrong sont :<\/p>\n\n\n\n<ul class=\"wp-block-list\">\n<li><em>Extrait d&#8217;arnica montana<\/em> &#8211; Il s&#8217;agit d&#8217;une plante aux fortes propri\u00e9t\u00e9s anti-inflammatoires et analg\u00e9siques. Elle a un effet apaisant sur les <b>douleurs articulaires<\/b>, soulageant les raideurs et les gonflements. L&#8217;<b>arnica<\/b> montana est connue pour ses propri\u00e9t\u00e9s r\u00e9g\u00e9n\u00e9ratrices et pour acc\u00e9l\u00e9rer la cicatrisation des tissus.<\/li>\n\n\n\n<li><em>Glucosamine<\/em> &#8211; Un ingr\u00e9dient important qui joue un r\u00f4le cl\u00e9 dans la r\u00e9g\u00e9n\u00e9ration du cartilage articulaire. Elle aide \u00e0 reconstruire et \u00e0 maintenir une structure saine du cartilage et influence \u00e9galement sa flexibilit\u00e9 et sa force.<\/li>\n\n\n\n<li><em>Chondro\u00eftine<\/em> &#8211; Il s&#8217;agit d&#8217;une substance naturellement pr\u00e9sente dans le cartilage articulaire. Elle contribue au maintien d&#8217;un niveau d&#8217;humidit\u00e9 ad\u00e9quat dans les articulations, ce qui est important pour leur bon fonctionnement. La <b>chondro\u00eftine<\/b> contribue \u00e9galement \u00e0 la r\u00e9g\u00e9n\u00e9ration et \u00e0 la protection du cartilage articulaire.<\/li>\n<\/ul>\n\n\n\n<p>Gr\u00e2ce \u00e0 l&#8217;interaction de ces ingr\u00e9dients, Hondrostrong apporte un soutien aux articulations, soulageant la douleur, r\u00e9duisant le gonflement et am\u00e9liorant la mobilit\u00e9 des articulations. Cette combinaison naturelle d&#8217;ingr\u00e9dients fait de Hondrostrong un moyen efficace et s\u00fbr de r\u00e9g\u00e9n\u00e9rer le cartilage articulaire et de soulager l&#8217;inconfort articulaire.<\/p>\n\n\n\n<h2 class=\"wp-block-heading\">O\u00f9 acheter Hondrostrong &#8211; prix<\/h2>\n\n\n\n<p>Il est recommand\u00e9 d&#8217;acheter Hondrostrong uniquement sur le site officiel du fabricant ou en pharmacie pour \u00eatre s\u00fbr de l&#8217;originalit\u00e9 du produit. L&#8217;achat sur le site officiel du fabricant garantit l&#8217;authenticit\u00e9 et l&#8217;acc\u00e8s \u00e0 diverses promotions et r\u00e9ductions. Le <b>prix du<\/b> produit peut varier en fonction de la localisation et des promotions applicables. Il est important d&#8217;investir dans la sant\u00e9 de vos articulations et d&#8217;acheter Hondrostrong aupr\u00e8s d&#8217;une source fiable.<\/p>\n\n\n\n<h2 class=\"wp-block-heading\">Hondrostrong &#8211; Effets secondaires potentiels et contre-indications d&#8217;utilisation<\/h2>\n\n\n\n<p>Bien que Hondrostrong soit fabriqu\u00e9 \u00e0 partir d&#8217;ingr\u00e9dients naturels, il existe une possibilit\u00e9 d&#8217;effets secondaires ou de contre-indications. Il est conseill\u00e9 de se renseigner sur les r\u00e9actions allergiques possibles \u00e0 l&#8217;un des ingr\u00e9dients du produit avant de l&#8217;utiliser. Les personnes allergiques \u00e0 l&#8217;arnica des montagnes ou \u00e0 d&#8217;autres ingr\u00e9dients du produit doivent consulter un m\u00e9decin avant d&#8217;utiliser Hondrostrong.<\/p>\n\n\n\n<p>Il est \u00e9galement conseill\u00e9 de consulter votre m\u00e9decin avant d&#8217;utiliser le produit si vous \u00eates enceinte ou si vous allaitez. Hondrostrong peut \u00eatre utilis\u00e9 en toute s\u00e9curit\u00e9 s&#8217;il n&#8217;y a pas d&#8217;<b>allergie<\/b> aux ingr\u00e9dients. Il est toujours conseill\u00e9 de lire la notice du produit et de consulter votre m\u00e9decin avant de l&#8217;utiliser, surtout si vous avez des doutes.<\/p>\n\n\n\n<p>L&#8217;utilisation de Hondrostrong est encourag\u00e9e, mais suivez toujours les recommandations pour une utilisation s\u00fbre et consultez votre m\u00e9decin si vous avez des inqui\u00e9tudes ou des contre-indications potentielles.<\/p>\n","protected":false},"excerpt":{"rendered":"<p><strong>39.00 \u20ac<\/strong><\/p>\n<p><del>78.00 \u20ac<\/del><\/p>\n<p><strong>[date_countdown]<\/strong><\/p>\n","protected":false},"featured_media":7314,"comment_status":"open","ping_status":"closed","template":"","meta":{"neve_meta_sidebar":"","neve_meta_container":"","neve_meta_enable_content_width":"","neve_meta_content_width":0,"neve_meta_title_alignment":"","neve_meta_author_avatar":"","neve_post_elements_order":"","neve_meta_disable_header":"","neve_meta_disable_footer":"","neve_meta_disable_title":"","neve_meta_reading_time":""},"product_brand":[],"product_cat":[89],"product_tag":[],"class_list":{"0":"post-7338","1":"product","2":"type-product","3":"status-publish","4":"has-post-thumbnail","6":"product_cat-sante","8":"first","9":"instock","10":"shipping-taxable","11":"product-type-external"},"yoast_head":"<!-- This site is optimized with the Yoast SEO plugin v27.4 - https:\/\/yoast.com\/product\/yoast-seo-wordpress\/ -->\n<title>Hondrostrong - Clinica Althea<\/title>\n<meta name=\"robots\" content=\"index, follow, max-snippet:-1, max-image-preview:large, max-video-preview:-1\" \/>\n<link rel=\"canonical\" href=\"https:\/\/www.clinicaalthea.com\/farmacia\/fr\/apt\/hondrostrong\/\" \/>\n<meta property=\"og:locale\" content=\"pl_PL\" \/>\n<meta property=\"og:type\" content=\"article\" \/>\n<meta property=\"og:title\" content=\"Hondrostrong - Clinica Althea\" \/>\n<meta property=\"og:description\" content=\"39.00 \u20ac 78.00 \u20ac\" \/>\n<meta property=\"og:url\" content=\"https:\/\/www.clinicaalthea.com\/farmacia\/fr\/apt\/hondrostrong\/\" \/>\n<meta property=\"og:site_name\" content=\"Clinica Althea\" \/>\n<meta property=\"article:modified_time\" content=\"2024-07-18T10:39:56+00:00\" \/>\n<meta property=\"og:image\" content=\"https:\/\/www.clinicaalthea.com\/farmacia\/wp-content\/uploads\/2024\/07\/Hondrostrong.jpg\" \/>\n\t<meta property=\"og:image:width\" content=\"768\" \/>\n\t<meta property=\"og:image:height\" content=\"768\" \/>\n\t<meta property=\"og:image:type\" content=\"image\/jpeg\" \/>\n<meta name=\"twitter:card\" content=\"summary_large_image\" \/>\n<meta name=\"twitter:label1\" content=\"Szacowany czas czytania\" \/>\n\t<meta name=\"twitter:data1\" content=\"8 minut\" \/>\n<script type=\"application\/ld+json\" class=\"yoast-schema-graph\">{\"@context\":\"https:\\\/\\\/schema.org\",\"@graph\":[{\"@type\":\"WebPage\",\"@id\":\"https:\\\/\\\/www.clinicaalthea.com\\\/farmacia\\\/fr\\\/apt\\\/hondrostrong\\\/\",\"url\":\"https:\\\/\\\/www.clinicaalthea.com\\\/farmacia\\\/fr\\\/apt\\\/hondrostrong\\\/\",\"name\":\"Hondrostrong - Clinica Althea\",\"isPartOf\":{\"@id\":\"https:\\\/\\\/www.clinicaalthea.com\\\/farmacia\\\/#website\"},\"primaryImageOfPage\":{\"@id\":\"https:\\\/\\\/www.clinicaalthea.com\\\/farmacia\\\/fr\\\/apt\\\/hondrostrong\\\/#primaryimage\"},\"image\":{\"@id\":\"https:\\\/\\\/www.clinicaalthea.com\\\/farmacia\\\/fr\\\/apt\\\/hondrostrong\\\/#primaryimage\"},\"thumbnailUrl\":\"https:\\\/\\\/www.clinicaalthea.com\\\/farmacia\\\/wp-content\\\/uploads\\\/2024\\\/07\\\/Hondrostrong.jpg\",\"datePublished\":\"2024-07-18T10:33:02+00:00\",\"dateModified\":\"2024-07-18T10:39:56+00:00\",\"breadcrumb\":{\"@id\":\"https:\\\/\\\/www.clinicaalthea.com\\\/farmacia\\\/fr\\\/apt\\\/hondrostrong\\\/#breadcrumb\"},\"inLanguage\":\"pl-PL\",\"potentialAction\":[{\"@type\":\"ReadAction\",\"target\":[\"https:\\\/\\\/www.clinicaalthea.com\\\/farmacia\\\/fr\\\/apt\\\/hondrostrong\\\/\"]}]},{\"@type\":\"ImageObject\",\"inLanguage\":\"pl-PL\",\"@id\":\"https:\\\/\\\/www.clinicaalthea.com\\\/farmacia\\\/fr\\\/apt\\\/hondrostrong\\\/#primaryimage\",\"url\":\"https:\\\/\\\/www.clinicaalthea.com\\\/farmacia\\\/wp-content\\\/uploads\\\/2024\\\/07\\\/Hondrostrong.jpg\",\"contentUrl\":\"https:\\\/\\\/www.clinicaalthea.com\\\/farmacia\\\/wp-content\\\/uploads\\\/2024\\\/07\\\/Hondrostrong.jpg\",\"width\":768,\"height\":768,\"caption\":\"Hondrostrong\"},{\"@type\":\"BreadcrumbList\",\"@id\":\"https:\\\/\\\/www.clinicaalthea.com\\\/farmacia\\\/fr\\\/apt\\\/hondrostrong\\\/#breadcrumb\",\"itemListElement\":[{\"@type\":\"ListItem\",\"position\":1,\"name\":\"Strona g\u0142\u00f3wna\",\"item\":\"https:\\\/\\\/www.clinicaalthea.com\\\/farmacia\\\/\"},{\"@type\":\"ListItem\",\"position\":2,\"name\":\"Produkty\",\"item\":\"https:\\\/\\\/www.clinicaalthea.com\\\/farmacia\\\/\"},{\"@type\":\"ListItem\",\"position\":3,\"name\":\"Hondrostrong\"}]},{\"@type\":\"WebSite\",\"@id\":\"https:\\\/\\\/www.clinicaalthea.com\\\/farmacia\\\/#website\",\"url\":\"https:\\\/\\\/www.clinicaalthea.com\\\/farmacia\\\/\",\"name\":\"Clinica Althea\",\"description\":\"\",\"publisher\":{\"@id\":\"https:\\\/\\\/www.clinicaalthea.com\\\/farmacia\\\/#organization\"},\"potentialAction\":[{\"@type\":\"SearchAction\",\"target\":{\"@type\":\"EntryPoint\",\"urlTemplate\":\"https:\\\/\\\/www.clinicaalthea.com\\\/farmacia\\\/?s={search_term_string}\"},\"query-input\":{\"@type\":\"PropertyValueSpecification\",\"valueRequired\":true,\"valueName\":\"search_term_string\"}}],\"inLanguage\":\"pl-PL\"},{\"@type\":\"Organization\",\"@id\":\"https:\\\/\\\/www.clinicaalthea.com\\\/farmacia\\\/#organization\",\"name\":\"Clinica Althea\",\"url\":\"https:\\\/\\\/www.clinicaalthea.com\\\/farmacia\\\/\",\"logo\":{\"@type\":\"ImageObject\",\"inLanguage\":\"pl-PL\",\"@id\":\"https:\\\/\\\/www.clinicaalthea.com\\\/farmacia\\\/#\\\/schema\\\/logo\\\/image\\\/\",\"url\":\"https:\\\/\\\/www.clinicaalthea.com\\\/farmacia\\\/wp-content\\\/uploads\\\/2023\\\/12\\\/Jak-diagnozuje-sie-FAS_-objawy-kryteria-diagnostyczne-i-metody-diagnozowania-154162903.jpg\",\"contentUrl\":\"https:\\\/\\\/www.clinicaalthea.com\\\/farmacia\\\/wp-content\\\/uploads\\\/2023\\\/12\\\/Jak-diagnozuje-sie-FAS_-objawy-kryteria-diagnostyczne-i-metody-diagnozowania-154162903.jpg\",\"width\":1216,\"height\":832,\"caption\":\"Clinica Althea\"},\"image\":{\"@id\":\"https:\\\/\\\/www.clinicaalthea.com\\\/farmacia\\\/#\\\/schema\\\/logo\\\/image\\\/\"}}]}<\/script>\n<!-- \/ Yoast SEO plugin. -->","yoast_head_json":{"title":"Hondrostrong - Clinica Althea","robots":{"index":"index","follow":"follow","max-snippet":"max-snippet:-1","max-image-preview":"max-image-preview:large","max-video-preview":"max-video-preview:-1"},"canonical":"https:\/\/www.clinicaalthea.com\/farmacia\/fr\/apt\/hondrostrong\/","og_locale":"pl_PL","og_type":"article","og_title":"Hondrostrong - Clinica Althea","og_description":"39.00 \u20ac 78.00 \u20ac","og_url":"https:\/\/www.clinicaalthea.com\/farmacia\/fr\/apt\/hondrostrong\/","og_site_name":"Clinica Althea","article_modified_time":"2024-07-18T10:39:56+00:00","og_image":[{"width":768,"height":768,"url":"https:\/\/www.clinicaalthea.com\/farmacia\/wp-content\/uploads\/2024\/07\/Hondrostrong.jpg","type":"image\/jpeg"}],"twitter_card":"summary_large_image","twitter_misc":{"Szacowany czas czytania":"8 minut"},"schema":{"@context":"https:\/\/schema.org","@graph":[{"@type":"WebPage","@id":"https:\/\/www.clinicaalthea.com\/farmacia\/fr\/apt\/hondrostrong\/","url":"https:\/\/www.clinicaalthea.com\/farmacia\/fr\/apt\/hondrostrong\/","name":"Hondrostrong - Clinica Althea","isPartOf":{"@id":"https:\/\/www.clinicaalthea.com\/farmacia\/#website"},"primaryImageOfPage":{"@id":"https:\/\/www.clinicaalthea.com\/farmacia\/fr\/apt\/hondrostrong\/#primaryimage"},"image":{"@id":"https:\/\/www.clinicaalthea.com\/farmacia\/fr\/apt\/hondrostrong\/#primaryimage"},"thumbnailUrl":"https:\/\/www.clinicaalthea.com\/farmacia\/wp-content\/uploads\/2024\/07\/Hondrostrong.jpg","datePublished":"2024-07-18T10:33:02+00:00","dateModified":"2024-07-18T10:39:56+00:00","breadcrumb":{"@id":"https:\/\/www.clinicaalthea.com\/farmacia\/fr\/apt\/hondrostrong\/#breadcrumb"},"inLanguage":"pl-PL","potentialAction":[{"@type":"ReadAction","target":["https:\/\/www.clinicaalthea.com\/farmacia\/fr\/apt\/hondrostrong\/"]}]},{"@type":"ImageObject","inLanguage":"pl-PL","@id":"https:\/\/www.clinicaalthea.com\/farmacia\/fr\/apt\/hondrostrong\/#primaryimage","url":"https:\/\/www.clinicaalthea.com\/farmacia\/wp-content\/uploads\/2024\/07\/Hondrostrong.jpg","contentUrl":"https:\/\/www.clinicaalthea.com\/farmacia\/wp-content\/uploads\/2024\/07\/Hondrostrong.jpg","width":768,"height":768,"caption":"Hondrostrong"},{"@type":"BreadcrumbList","@id":"https:\/\/www.clinicaalthea.com\/farmacia\/fr\/apt\/hondrostrong\/#breadcrumb","itemListElement":[{"@type":"ListItem","position":1,"name":"Strona g\u0142\u00f3wna","item":"https:\/\/www.clinicaalthea.com\/farmacia\/"},{"@type":"ListItem","position":2,"name":"Produkty","item":"https:\/\/www.clinicaalthea.com\/farmacia\/"},{"@type":"ListItem","position":3,"name":"Hondrostrong"}]},{"@type":"WebSite","@id":"https:\/\/www.clinicaalthea.com\/farmacia\/#website","url":"https:\/\/www.clinicaalthea.com\/farmacia\/","name":"Clinica Althea","description":"","publisher":{"@id":"https:\/\/www.clinicaalthea.com\/farmacia\/#organization"},"potentialAction":[{"@type":"SearchAction","target":{"@type":"EntryPoint","urlTemplate":"https:\/\/www.clinicaalthea.com\/farmacia\/?s={search_term_string}"},"query-input":{"@type":"PropertyValueSpecification","valueRequired":true,"valueName":"search_term_string"}}],"inLanguage":"pl-PL"},{"@type":"Organization","@id":"https:\/\/www.clinicaalthea.com\/farmacia\/#organization","name":"Clinica Althea","url":"https:\/\/www.clinicaalthea.com\/farmacia\/","logo":{"@type":"ImageObject","inLanguage":"pl-PL","@id":"https:\/\/www.clinicaalthea.com\/farmacia\/#\/schema\/logo\/image\/","url":"https:\/\/www.clinicaalthea.com\/farmacia\/wp-content\/uploads\/2023\/12\/Jak-diagnozuje-sie-FAS_-objawy-kryteria-diagnostyczne-i-metody-diagnozowania-154162903.jpg","contentUrl":"https:\/\/www.clinicaalthea.com\/farmacia\/wp-content\/uploads\/2023\/12\/Jak-diagnozuje-sie-FAS_-objawy-kryteria-diagnostyczne-i-metody-diagnozowania-154162903.jpg","width":1216,"height":832,"caption":"Clinica Althea"},"image":{"@id":"https:\/\/www.clinicaalthea.com\/farmacia\/#\/schema\/logo\/image\/"}}]}},"lang":"fr","translations":{"fr":7338,"pl":7311,"cs":7320,"bg":7326,"ro":7328,"hu":7330,"nl":7334,"es":7343,"de":7347,"lt":7353,"pt":7355,"sl":7359,"it":7361,"el":7367,"lv":7369,"sk":7371,"et":7373},"pll_sync_post":[],"_links":{"self":[{"href":"https:\/\/www.clinicaalthea.com\/farmacia\/wp-json\/wp\/v2\/product\/7338","targetHints":{"allow":["GET"]}}],"collection":[{"href":"https:\/\/www.clinicaalthea.com\/farmacia\/wp-json\/wp\/v2\/product"}],"about":[{"href":"https:\/\/www.clinicaalthea.com\/farmacia\/wp-json\/wp\/v2\/types\/product"}],"replies":[{"embeddable":true,"href":"https:\/\/www.clinicaalthea.com\/farmacia\/wp-json\/wp\/v2\/comments?post=7338"}],"wp:featuredmedia":[{"embeddable":true,"href":"https:\/\/www.clinicaalthea.com\/farmacia\/wp-json\/wp\/v2\/media\/7314"}],"wp:attachment":[{"href":"https:\/\/www.clinicaalthea.com\/farmacia\/wp-json\/wp\/v2\/media?parent=7338"}],"wp:term":[{"taxonomy":"product_brand","embeddable":true,"href":"https:\/\/www.clinicaalthea.com\/farmacia\/wp-json\/wp\/v2\/product_brand?post=7338"},{"taxonomy":"product_cat","embeddable":true,"href":"https:\/\/www.clinicaalthea.com\/farmacia\/wp-json\/wp\/v2\/product_cat?post=7338"},{"taxonomy":"product_tag","embeddable":true,"href":"https:\/\/www.clinicaalthea.com\/farmacia\/wp-json\/wp\/v2\/product_tag?post=7338"}],"curies":[{"name":"wp","href":"https:\/\/api.w.org\/{rel}","templated":true}]}}