{"id":7320,"date":"2024-07-18T11:29:37","date_gmt":"2024-07-18T10:29:37","guid":{"rendered":"https:\/\/mayoguide.org\/produkty\/?post_type=product&#038;p=7320"},"modified":"2024-07-18T11:39:56","modified_gmt":"2024-07-18T10:39:56","slug":"hondrostrong","status":"publish","type":"product","link":"https:\/\/www.clinicaalthea.com\/farmacia\/cs\/apt\/hondrostrong\/","title":{"rendered":"Hondrostrong"},"content":{"rendered":"\n<h2 class=\"wp-block-heading\">Co je Hondrostrong a jak funguje?<\/h2>\n\n\n\n<p><b>Hondrostrong<\/b> je inovativn\u00ed gel ur\u010den\u00fd proti kloubn\u00edm pot\u00ed\u017e\u00edm. Jeho \u00fa\u010dinnost spo\u010d\u00edv\u00e1 ve zm\u00edrn\u011bn\u00ed bolesti kloub\u016f, sn\u00ed\u017een\u00ed otok\u016f a zlep\u0161en\u00ed pru\u017enosti kloub\u016f. <b>\u00da\u010dinek<\/b> p\u0159\u00edpravku je zalo\u017een na jedine\u010dn\u00e9 kombinaci p\u0159\u00edrodn\u00edch slo\u017eek, jako je extrakt z arniky horsk\u00e9, <b>glukosamin<\/b> a <b>chondroitin<\/b>. <b>Hondrostrong<\/b> p\u0159in\u00e1\u0161\u00ed \u00falevu a zlep\u0161uje celkov\u00e9 zdrav\u00ed kloub\u016f.<\/p>\n\n\n\n<h2 class=\"wp-block-heading\">Jak\u00e9 jsou \u00fa\u010dinky p\u0159\u00edpravku Hondrostrong?<\/h2>\n\n\n\n<p>Pravideln\u00e9 u\u017e\u00edv\u00e1n\u00ed p\u0159\u00edpravku Hondrostrong m\u016f\u017ee p\u0159in\u00e9st \u0159adu v\u00fdhod t\u011bm, kte\u0159\u00ed se pot\u00fdkaj\u00ed s bolestmi kloub\u016f. D\u00edky sv\u00e9mu jedine\u010dn\u00e9mu gelov\u00e9mu slo\u017een\u00ed poskytuje okam\u017eitou \u00falevu od bolesti kloub\u016f, sni\u017euje otoky a zlep\u0161uje pru\u017enost a pohyblivost kloub\u016f. \u00da\u010dinn\u00e9 l\u00e1tky v p\u0159\u00edpravku Hondrostrong nav\u00edc podporuj\u00ed regeneraci kloubn\u00ed chrupavky, kter\u00e1 je pro dlouhodob\u00e9 zdrav\u00ed kloub\u016f kl\u00ed\u010dov\u00e1.<\/p>\n\n\n\n<p>Abychom mohli stru\u010dn\u011bji a jasn\u011bji uk\u00e1zat v\u00fdhody p\u0159\u00edpravku Hondrostrong, uv\u00e1d\u00edm n\u00ed\u017ee tabulku, kter\u00e1 ukazuje hlavn\u00ed <b>\u00fa\u010dinky,<\/b> jich\u017e lze dos\u00e1hnout po pravideln\u00e9m u\u017e\u00edv\u00e1n\u00ed tohoto kloubn\u00edho p\u0159\u00edpravku:<\/p>\n\n\n\n<figure class=\"wp-block-table\"><table><tbody><tr><th>\u00da\u010dinky p\u0159\u00edpravku Hondrostrong<\/th><\/tr><tr><td>\u00daleva od bolesti kloub\u016f<\/td><\/tr><tr><td><b>Sn\u00ed\u017een\u00ed otoku kloub\u016f<\/b><\/td><\/tr><tr><td><b>Zlep\u0161en\u00ed pohyblivosti kloub\u016f<\/b><\/td><\/tr><tr><td><b>Regenerace kloubn\u00ed chrupavky<\/b><\/td><\/tr><\/tbody><\/table><\/figure>\n\n\n\n<p>Jak vid\u00edte, Hondrostrong nab\u00edz\u00ed komplexn\u00ed <b>opat\u0159en\u00ed<\/b> na podporu zdrav\u00ed kloub\u016f. Ulevuje od bolesti, sni\u017euje otoky a zlep\u0161uje pohyblivost kloub\u016f, co\u017e m\u00e1 v\u00fdznamn\u00fd vliv na kvalitu \u017eivota. \u00da\u010dinn\u00e9 l\u00e1tky v p\u0159\u00edpravku nav\u00edc podporuj\u00ed regeneraci kloubn\u00ed chrupavky, co\u017e je d\u016fle\u017eit\u00e9 pro dlouhodob\u00e9 zdrav\u00ed kloub\u016f.<\/p>\n\n\n\n<h2 class=\"wp-block-heading\">Jak spr\u00e1vn\u011b pou\u017e\u00edvat Hondrostrong &#8211; D\u00e1vkov\u00e1n\u00ed<\/h2>\n\n\n\n<p>Pro dosa\u017een\u00ed maxim\u00e1ln\u00edho prosp\u011bchu z p\u0159\u00edpravku <em>Hondrostrong<\/em> je d\u016fle\u017eit\u00e9 dodr\u017eovat doporu\u010den\u00ed pro spr\u00e1vn\u00e9 pou\u017eit\u00ed. N\u00ed\u017ee jsou uvedeny pokyny pro d\u00e1vkov\u00e1n\u00ed tohoto p\u0159\u00edpravku na kloubn\u00ed pot\u00ed\u017ee.<\/p>\n\n\n\n<ol class=\"wp-block-list\">\n<li>P\u0159ipravte si \u010distou a suchou poko\u017eku v oblasti posti\u017een\u00e9 kloubn\u00edmi obt\u00ed\u017eemi.<\/li>\n\n\n\n<li>Naneste mal\u00e9 mno\u017estv\u00ed gelu na poko\u017eku v po\u017eadovan\u00e9 oblasti.<\/li>\n\n\n\n<li>Jemn\u00fdmi krou\u017eiv\u00fdmi pohyby vmas\u00edrujte gel do poko\u017eky, dokud se zcela nevst\u0159eb\u00e1.<\/li>\n\n\n\n<li>Po aplikaci gelu si d\u016fkladn\u011b umyjte ruce.<\/li>\n\n\n\n<li>Doporu\u010duje se pou\u017e\u00edvat gel 2-3kr\u00e1t denn\u011b v z\u00e1vislosti na individu\u00e1ln\u00edch pot\u0159eb\u00e1ch.<\/li>\n<\/ol>\n\n\n\n<p>V p\u0159\u00edpad\u011b podr\u00e1\u017ed\u011bn\u00ed k\u016f\u017ee nebo alergick\u00fdch reakc\u00ed p\u0159esta\u0148te p\u0159\u00edpravek pou\u017e\u00edvat a pora\u010fte se s l\u00e9ka\u0159em. P\u0159i pou\u017e\u00edv\u00e1n\u00ed p\u0159\u00edpravku <em>Hondrostrong<\/em> je d\u016fle\u017eit\u00e9 dodr\u017eovat pokyny uveden\u00e9 v p\u0159\u00edbalov\u00e9 informaci a v p\u0159\u00edpad\u011b pochybnost\u00ed se poradit s l\u00e9ka\u0159em.<\/p>\n\n\n\n<h2 class=\"wp-block-heading\">Hondrostrong &#8211; N\u00e1zory a recenze &#8211; Co \u0159\u00edkaj\u00ed u\u017eivatel\u00e9?<\/h2>\n\n\n\n<p>U\u017eivatelsk\u00e9 recenze produktu Hondrostrong jsou d\u016fle\u017eit\u00fdm zdrojem informac\u00ed pro potenci\u00e1ln\u00ed kupuj\u00edc\u00ed. U\u017eivatel\u00e9 r\u00e1di zd\u016fraz\u0148uj\u00ed jeho \u00fa\u010dinnost p\u0159i zm\u00edr\u0148ov\u00e1n\u00ed bolesti kloub\u016f, sni\u017eov\u00e1n\u00ed otok\u016f a zlep\u0161ov\u00e1n\u00ed pohyblivosti kloub\u016f. Zd\u00e1 se, \u017ee Hondrostrong p\u0159isp\u00edv\u00e1 nejen k \u00falev\u011b od p\u0159\u00edznak\u016f, ale tak\u00e9 ke zlep\u0161en\u00ed kvality \u017eivota. P\u0159i pravideln\u00e9m u\u017e\u00edv\u00e1n\u00ed p\u0159\u00edpravku u\u017eivatel\u00e9 poci\u0165uj\u00ed \u00falevu od bolesti kloub\u016f a v\u011bt\u0161\u00ed volnost pohybu, co\u017e v\u00fdznamn\u011b ovliv\u0148uje jejich ka\u017edodenn\u00ed fungov\u00e1n\u00ed.<\/p>\n\n\n\n<blockquote class=\"wp-block-quote is-layout-flow wp-block-quote-is-layout-flow\">\n<p>&#8220;Hondrostrong je produkt, kter\u00fd mi opravdu pomohl s bolestmi kloub\u016f. Po n\u011bkolika t\u00fddnech u\u017e\u00edv\u00e1n\u00ed poci\u0165uji v\u00fdraznou \u00falevu a zlep\u0161en\u00ed kvality \u017eivota. Doporu\u010dil bych ho ka\u017ed\u00e9mu, kdo se pot\u00fdk\u00e1 s podobn\u00fdmi pot\u00ed\u017eemi.&#8221; &#8211; Catherine<\/p>\n<\/blockquote>\n\n\n\n<p>Chcete-li se dozv\u011bd\u011bt v\u00edce o zku\u0161enostech u\u017eivatel\u016f Hondrostrong, stoj\u00ed za to p\u0159e\u010d\u00edst si recenze zve\u0159ejn\u011bn\u00e9 na diskusn\u00edch f\u00f3rech a prodejn\u00edch platform\u00e1ch. Mnoho u\u017eivatel\u016f sd\u00edl\u00ed sv\u00e9 \u00fasp\u011bchy a pozitivn\u00ed \u00fa\u010dinky pou\u017e\u00edv\u00e1n\u00ed tohoto produktu. Samoz\u0159ejm\u011b je d\u016fle\u017eit\u00e9 m\u00edt na pam\u011bti, \u017ee n\u00e1zory se mohou li\u0161it v z\u00e1vislosti na individu\u00e1ln\u00edch zku\u0161enostech. Obecn\u011b v\u0161ak Hondrostrong z\u00edsk\u00e1v\u00e1 uzn\u00e1n\u00ed mezi lidmi, kte\u0159\u00ed bojuj\u00ed s bolestmi kloub\u016f, a poskytuje jim \u00falevu a lep\u0161\u00ed kvalitu \u017eivota.<\/p>\n\n\n\n<figure class=\"wp-block-table\"><table><tbody><tr><th>N\u00e1zor<\/th><th>Autor<\/th><\/tr><tr><td>&#8220;Hondrostrong je m\u016fj nejobl\u00edben\u011bj\u0161\u00ed p\u0159\u00edpravek proti <b>bolesti kloub\u016f<\/b>. C\u00edt\u00edm se s n\u00edm mnohem l\u00e9pe a pohybliv\u011bji. Doporu\u010dila bych ho ka\u017ed\u00e9mu, kdo hled\u00e1 \u00falevu od bolesti kloub\u016f.&#8221;<\/td><td>Anna<\/td><\/tr><tr><td>&#8220;Po mnoha letech bolestiv\u00fdch kloub\u016f jsem kone\u010dn\u011b na\u0161la produkt, kter\u00fd funguje! D\u00edky p\u0159\u00edpravku Hondrostrong si mohu u\u017e\u00edvat ka\u017edodenn\u00ed aktivity bez v\u011bt\u0161\u00edch bolest\u00ed. Jsem nad\u0161en\u00e1!&#8221;<\/td><td>Mariusz<\/td><\/tr><tr><td>&#8220;Hondrostrong je opravdu dobr\u00fd produkt. Po n\u011bkolika t\u00fddnech u\u017e\u00edv\u00e1n\u00ed jsem zaznamenal v\u00fdrazn\u00e9 zlep\u0161en\u00ed kvality \u017eivota. M\u00e9 klouby jsou m\u00e9n\u011b ztuhl\u00e9 a bolest je mnohem m\u00e9n\u011b obt\u011b\u017euj\u00edc\u00ed. Doporu\u010dil bych ho ka\u017ed\u00e9mu, kdo pot\u0159ebuje podporu pro sv\u00e9 klouby.&#8221;<\/td><td>Joanna<\/td><\/tr><\/tbody><\/table><\/figure>\n\n\n\n<h2 class=\"wp-block-heading\">Slo\u017een\u00ed p\u0159\u00edpravku Hondrostrong &#8211; co obsahuje?<\/h2>\n\n\n\n<p>Hondrostrong je unik\u00e1tn\u00ed p\u0159\u00edpravek, kter\u00fd obsahuje p\u0159irozen\u011b z\u00edskan\u00e9 slo\u017eky, je\u017e maj\u00ed pozitivn\u00ed vliv na zdrav\u00ed kloub\u016f. Kl\u00ed\u010dov\u00e9 slo\u017eky obsa\u017een\u00e9 v p\u0159\u00edpravku Hondrostrong jsou:<\/p>\n\n\n\n<ul class=\"wp-block-list\">\n<li><em>V\u00fdta\u017eek z arniky horsk\u00e9<\/em> &#8211; rostlina se siln\u00fdmi protiz\u00e1n\u011btliv\u00fdmi a analgetick\u00fdmi \u00fa\u010dinky. M\u00e1 zklid\u0148uj\u00edc\u00ed \u00fa\u010dinek na <b>bolesti kloub\u016f<\/b>, zm\u00edr\u0148uje ztuhlost a otoky. <b>Arnica<\/b> montana je zn\u00e1m\u00e1 sv\u00fdmi regenera\u010dn\u00edmi vlastnostmi a urychlov\u00e1n\u00edm hojen\u00ed tk\u00e1n\u00ed.<\/li>\n\n\n\n<li><em>Glukosamin<\/em> &#8211; D\u016fle\u017eit\u00e1 slo\u017eka, kter\u00e1 hraje kl\u00ed\u010dovou roli p\u0159i regeneraci kloubn\u00ed chrupavky. Pom\u00e1h\u00e1 obnovovat a udr\u017eovat zdravou strukturu chrupavky a tak\u00e9 ovliv\u0148uje jej\u00ed pru\u017enost a pevnost.<\/li>\n\n\n\n<li><em>Chondroitin<\/em> &#8211; l\u00e1tka, kter\u00e1 se p\u0159irozen\u011b nach\u00e1z\u00ed v kloubn\u00ed chrupavce. M\u00e1 vliv na udr\u017een\u00ed dostate\u010dn\u00e9 vlhkosti v kloubech, co\u017e je d\u016fle\u017eit\u00e9 pro jejich spr\u00e1vnou funkci. <b>Chondroitin<\/b> tak\u00e9 pom\u00e1h\u00e1 regenerovat a chr\u00e1nit kloubn\u00ed chrupavky.<\/li>\n<\/ul>\n\n\n\n<p>D\u00edky vz\u00e1jemn\u00e9mu p\u016fsoben\u00ed t\u011bchto slo\u017eek poskytuje p\u0159\u00edpravek Hondrostrong podporu kloub\u016f, zm\u00edr\u0148uje bolest, sni\u017euje otoky a zlep\u0161uje pohyblivost kloub\u016f. D\u00edky t\u00e9to p\u0159\u00edrodn\u00ed kombinaci slo\u017eek je Hondrostrong \u00fa\u010dinn\u00fdm a bezpe\u010dn\u00fdm zp\u016fsobem regenerace kloubn\u00ed chrupavky a zm\u00edrn\u011bn\u00ed kloubn\u00edch pot\u00ed\u017e\u00ed.<\/p>\n\n\n\n<h2 class=\"wp-block-heading\">Kde koupit Hondrostrong &#8211; cena<\/h2>\n\n\n\n<p>Doporu\u010duje se zakoupit Hondrostrong pouze z ofici\u00e1ln\u00edch webov\u00fdch str\u00e1nek v\u00fdrobce nebo l\u00e9k\u00e1ren, abyste si byli jisti originalitou v\u00fdrobku. N\u00e1kup z ofici\u00e1ln\u00edch webov\u00fdch str\u00e1nek v\u00fdrobce zaji\u0161\u0165uje autenticitu a p\u0159\u00edstup k r\u016fzn\u00fdm akc\u00edm a slev\u00e1m. <b>Cena<\/b> v\u00fdrobku se m\u016f\u017ee li\u0161it v z\u00e1vislosti na m\u00edst\u011b a platn\u00fdch akc\u00edch. Je d\u016fle\u017eit\u00e9 investovat do zdrav\u00ed va\u0161ich kloub\u016f a zakoupit Hondrostrong z d\u016fv\u011bryhodn\u00e9ho zdroje.<\/p>\n\n\n\n<h2 class=\"wp-block-heading\">Hondrostrong &#8211; Mo\u017en\u00e9 ne\u017e\u00e1douc\u00ed \u00fa\u010dinky a kontraindikace pou\u017eit\u00ed<\/h2>\n\n\n\n<p>P\u0159esto\u017ee je p\u0159\u00edpravek Hondrostrong vyroben z p\u0159\u00edrodn\u00edch slo\u017eek, existuje mo\u017enost ne\u017e\u00e1douc\u00edch \u00fa\u010dink\u016f nebo kontraindikac\u00ed. P\u0159ed pou\u017eit\u00edm je vhodn\u00e9 p\u0159e\u010d\u00edst si informace o mo\u017en\u00fdch alergick\u00fdch reakc\u00edch na n\u011bkterou ze slo\u017eek. Lid\u00e9, kte\u0159\u00ed jsou alergi\u010dt\u00ed na horskou arniku nebo jin\u00e9 slo\u017eky p\u0159\u00edpravku, by se m\u011bli p\u0159ed pou\u017eit\u00edm p\u0159\u00edpravku Hondrostrong poradit s l\u00e9ka\u0159em.<\/p>\n\n\n\n<p>P\u0159ed pou\u017eit\u00edm p\u0159\u00edpravku je tak\u00e9 vhodn\u00e9 poradit se s l\u00e9ka\u0159em, pokud jste t\u011bhotn\u00e1 nebo koj\u00edte. Hondrostrong je bezpe\u010dn\u00e9 pou\u017e\u00edvat, pokud neexistuje <b>alergie na<\/b> slo\u017eky. V\u017edy se doporu\u010duje p\u0159e\u010d\u00edst si p\u0159\u00edbalovou informaci k p\u0159\u00edpravku a p\u0159ed pou\u017eit\u00edm se poradit s l\u00e9ka\u0159em, zejm\u00e9na pokud m\u00e1te jak\u00e9koli pochybnosti.<\/p>\n\n\n\n<p>U\u017e\u00edv\u00e1n\u00ed p\u0159\u00edpravku Hondrostrong se doporu\u010duje, ale v\u017edy dodr\u017eujte doporu\u010den\u00ed pro bezpe\u010dn\u00e9 u\u017e\u00edv\u00e1n\u00ed a v p\u0159\u00edpad\u011b obav nebo mo\u017en\u00fdch kontraindikac\u00ed se pora\u010fte se sv\u00fdm l\u00e9ka\u0159em.<\/p>\n","protected":false},"excerpt":{"rendered":"<p><strong>890.00 K\u010d<\/strong><\/p>\n<p><del>1780.00 K\u010d<\/del><\/p>\n<p><strong>[date_countdown]<\/strong><\/p>\n","protected":false},"featured_media":7314,"comment_status":"open","ping_status":"closed","template":"","meta":{"neve_meta_sidebar":"","neve_meta_container":"","neve_meta_enable_content_width":"","neve_meta_content_width":0,"neve_meta_title_alignment":"","neve_meta_author_avatar":"","neve_post_elements_order":"","neve_meta_disable_header":"","neve_meta_disable_footer":"","neve_meta_disable_title":"","neve_meta_reading_time":""},"product_brand":[],"product_cat":[49],"product_tag":[],"class_list":{"0":"post-7320","1":"product","2":"type-product","3":"status-publish","4":"has-post-thumbnail","6":"product_cat-zdravi","8":"first","9":"instock","10":"shipping-taxable","11":"product-type-external"},"yoast_head":"<!-- This site is optimized with the Yoast SEO plugin v27.4 - https:\/\/yoast.com\/product\/yoast-seo-wordpress\/ -->\n<title>Hondrostrong - Clinica Althea<\/title>\n<meta name=\"robots\" content=\"index, follow, max-snippet:-1, max-image-preview:large, max-video-preview:-1\" \/>\n<link rel=\"canonical\" href=\"https:\/\/www.clinicaalthea.com\/farmacia\/cs\/apt\/hondrostrong\/\" \/>\n<meta property=\"og:locale\" content=\"pl_PL\" \/>\n<meta property=\"og:type\" content=\"article\" \/>\n<meta property=\"og:title\" content=\"Hondrostrong - Clinica Althea\" \/>\n<meta property=\"og:description\" content=\"890.00 K\u010d 1780.00 K\u010d\" \/>\n<meta property=\"og:url\" content=\"https:\/\/www.clinicaalthea.com\/farmacia\/cs\/apt\/hondrostrong\/\" \/>\n<meta property=\"og:site_name\" content=\"Clinica Althea\" \/>\n<meta property=\"article:modified_time\" content=\"2024-07-18T10:39:56+00:00\" \/>\n<meta property=\"og:image\" content=\"https:\/\/www.clinicaalthea.com\/farmacia\/wp-content\/uploads\/2024\/07\/Hondrostrong.jpg\" \/>\n\t<meta property=\"og:image:width\" content=\"768\" \/>\n\t<meta property=\"og:image:height\" content=\"768\" \/>\n\t<meta property=\"og:image:type\" content=\"image\/jpeg\" \/>\n<meta name=\"twitter:card\" content=\"summary_large_image\" \/>\n<meta name=\"twitter:label1\" content=\"Szacowany czas czytania\" \/>\n\t<meta name=\"twitter:data1\" content=\"6 minut\" \/>\n<script type=\"application\/ld+json\" class=\"yoast-schema-graph\">{\"@context\":\"https:\\\/\\\/schema.org\",\"@graph\":[{\"@type\":\"WebPage\",\"@id\":\"https:\\\/\\\/www.clinicaalthea.com\\\/farmacia\\\/cs\\\/apt\\\/hondrostrong\\\/\",\"url\":\"https:\\\/\\\/www.clinicaalthea.com\\\/farmacia\\\/cs\\\/apt\\\/hondrostrong\\\/\",\"name\":\"Hondrostrong - Clinica Althea\",\"isPartOf\":{\"@id\":\"https:\\\/\\\/www.clinicaalthea.com\\\/farmacia\\\/#website\"},\"primaryImageOfPage\":{\"@id\":\"https:\\\/\\\/www.clinicaalthea.com\\\/farmacia\\\/cs\\\/apt\\\/hondrostrong\\\/#primaryimage\"},\"image\":{\"@id\":\"https:\\\/\\\/www.clinicaalthea.com\\\/farmacia\\\/cs\\\/apt\\\/hondrostrong\\\/#primaryimage\"},\"thumbnailUrl\":\"https:\\\/\\\/www.clinicaalthea.com\\\/farmacia\\\/wp-content\\\/uploads\\\/2024\\\/07\\\/Hondrostrong.jpg\",\"datePublished\":\"2024-07-18T10:29:37+00:00\",\"dateModified\":\"2024-07-18T10:39:56+00:00\",\"breadcrumb\":{\"@id\":\"https:\\\/\\\/www.clinicaalthea.com\\\/farmacia\\\/cs\\\/apt\\\/hondrostrong\\\/#breadcrumb\"},\"inLanguage\":\"pl-PL\",\"potentialAction\":[{\"@type\":\"ReadAction\",\"target\":[\"https:\\\/\\\/www.clinicaalthea.com\\\/farmacia\\\/cs\\\/apt\\\/hondrostrong\\\/\"]}]},{\"@type\":\"ImageObject\",\"inLanguage\":\"pl-PL\",\"@id\":\"https:\\\/\\\/www.clinicaalthea.com\\\/farmacia\\\/cs\\\/apt\\\/hondrostrong\\\/#primaryimage\",\"url\":\"https:\\\/\\\/www.clinicaalthea.com\\\/farmacia\\\/wp-content\\\/uploads\\\/2024\\\/07\\\/Hondrostrong.jpg\",\"contentUrl\":\"https:\\\/\\\/www.clinicaalthea.com\\\/farmacia\\\/wp-content\\\/uploads\\\/2024\\\/07\\\/Hondrostrong.jpg\",\"width\":768,\"height\":768,\"caption\":\"Hondrostrong\"},{\"@type\":\"BreadcrumbList\",\"@id\":\"https:\\\/\\\/www.clinicaalthea.com\\\/farmacia\\\/cs\\\/apt\\\/hondrostrong\\\/#breadcrumb\",\"itemListElement\":[{\"@type\":\"ListItem\",\"position\":1,\"name\":\"Strona g\u0142\u00f3wna\",\"item\":\"https:\\\/\\\/www.clinicaalthea.com\\\/farmacia\\\/\"},{\"@type\":\"ListItem\",\"position\":2,\"name\":\"Produkty\",\"item\":\"https:\\\/\\\/www.clinicaalthea.com\\\/farmacia\\\/\"},{\"@type\":\"ListItem\",\"position\":3,\"name\":\"Hondrostrong\"}]},{\"@type\":\"WebSite\",\"@id\":\"https:\\\/\\\/www.clinicaalthea.com\\\/farmacia\\\/#website\",\"url\":\"https:\\\/\\\/www.clinicaalthea.com\\\/farmacia\\\/\",\"name\":\"Clinica Althea\",\"description\":\"\",\"publisher\":{\"@id\":\"https:\\\/\\\/www.clinicaalthea.com\\\/farmacia\\\/#organization\"},\"potentialAction\":[{\"@type\":\"SearchAction\",\"target\":{\"@type\":\"EntryPoint\",\"urlTemplate\":\"https:\\\/\\\/www.clinicaalthea.com\\\/farmacia\\\/?s={search_term_string}\"},\"query-input\":{\"@type\":\"PropertyValueSpecification\",\"valueRequired\":true,\"valueName\":\"search_term_string\"}}],\"inLanguage\":\"pl-PL\"},{\"@type\":\"Organization\",\"@id\":\"https:\\\/\\\/www.clinicaalthea.com\\\/farmacia\\\/#organization\",\"name\":\"Clinica Althea\",\"url\":\"https:\\\/\\\/www.clinicaalthea.com\\\/farmacia\\\/\",\"logo\":{\"@type\":\"ImageObject\",\"inLanguage\":\"pl-PL\",\"@id\":\"https:\\\/\\\/www.clinicaalthea.com\\\/farmacia\\\/#\\\/schema\\\/logo\\\/image\\\/\",\"url\":\"https:\\\/\\\/www.clinicaalthea.com\\\/farmacia\\\/wp-content\\\/uploads\\\/2023\\\/12\\\/Jak-diagnozuje-sie-FAS_-objawy-kryteria-diagnostyczne-i-metody-diagnozowania-154162903.jpg\",\"contentUrl\":\"https:\\\/\\\/www.clinicaalthea.com\\\/farmacia\\\/wp-content\\\/uploads\\\/2023\\\/12\\\/Jak-diagnozuje-sie-FAS_-objawy-kryteria-diagnostyczne-i-metody-diagnozowania-154162903.jpg\",\"width\":1216,\"height\":832,\"caption\":\"Clinica Althea\"},\"image\":{\"@id\":\"https:\\\/\\\/www.clinicaalthea.com\\\/farmacia\\\/#\\\/schema\\\/logo\\\/image\\\/\"}}]}<\/script>\n<!-- \/ Yoast SEO plugin. -->","yoast_head_json":{"title":"Hondrostrong - Clinica Althea","robots":{"index":"index","follow":"follow","max-snippet":"max-snippet:-1","max-image-preview":"max-image-preview:large","max-video-preview":"max-video-preview:-1"},"canonical":"https:\/\/www.clinicaalthea.com\/farmacia\/cs\/apt\/hondrostrong\/","og_locale":"pl_PL","og_type":"article","og_title":"Hondrostrong - Clinica Althea","og_description":"890.00 K\u010d 1780.00 K\u010d","og_url":"https:\/\/www.clinicaalthea.com\/farmacia\/cs\/apt\/hondrostrong\/","og_site_name":"Clinica Althea","article_modified_time":"2024-07-18T10:39:56+00:00","og_image":[{"width":768,"height":768,"url":"https:\/\/www.clinicaalthea.com\/farmacia\/wp-content\/uploads\/2024\/07\/Hondrostrong.jpg","type":"image\/jpeg"}],"twitter_card":"summary_large_image","twitter_misc":{"Szacowany czas czytania":"6 minut"},"schema":{"@context":"https:\/\/schema.org","@graph":[{"@type":"WebPage","@id":"https:\/\/www.clinicaalthea.com\/farmacia\/cs\/apt\/hondrostrong\/","url":"https:\/\/www.clinicaalthea.com\/farmacia\/cs\/apt\/hondrostrong\/","name":"Hondrostrong - Clinica Althea","isPartOf":{"@id":"https:\/\/www.clinicaalthea.com\/farmacia\/#website"},"primaryImageOfPage":{"@id":"https:\/\/www.clinicaalthea.com\/farmacia\/cs\/apt\/hondrostrong\/#primaryimage"},"image":{"@id":"https:\/\/www.clinicaalthea.com\/farmacia\/cs\/apt\/hondrostrong\/#primaryimage"},"thumbnailUrl":"https:\/\/www.clinicaalthea.com\/farmacia\/wp-content\/uploads\/2024\/07\/Hondrostrong.jpg","datePublished":"2024-07-18T10:29:37+00:00","dateModified":"2024-07-18T10:39:56+00:00","breadcrumb":{"@id":"https:\/\/www.clinicaalthea.com\/farmacia\/cs\/apt\/hondrostrong\/#breadcrumb"},"inLanguage":"pl-PL","potentialAction":[{"@type":"ReadAction","target":["https:\/\/www.clinicaalthea.com\/farmacia\/cs\/apt\/hondrostrong\/"]}]},{"@type":"ImageObject","inLanguage":"pl-PL","@id":"https:\/\/www.clinicaalthea.com\/farmacia\/cs\/apt\/hondrostrong\/#primaryimage","url":"https:\/\/www.clinicaalthea.com\/farmacia\/wp-content\/uploads\/2024\/07\/Hondrostrong.jpg","contentUrl":"https:\/\/www.clinicaalthea.com\/farmacia\/wp-content\/uploads\/2024\/07\/Hondrostrong.jpg","width":768,"height":768,"caption":"Hondrostrong"},{"@type":"BreadcrumbList","@id":"https:\/\/www.clinicaalthea.com\/farmacia\/cs\/apt\/hondrostrong\/#breadcrumb","itemListElement":[{"@type":"ListItem","position":1,"name":"Strona g\u0142\u00f3wna","item":"https:\/\/www.clinicaalthea.com\/farmacia\/"},{"@type":"ListItem","position":2,"name":"Produkty","item":"https:\/\/www.clinicaalthea.com\/farmacia\/"},{"@type":"ListItem","position":3,"name":"Hondrostrong"}]},{"@type":"WebSite","@id":"https:\/\/www.clinicaalthea.com\/farmacia\/#website","url":"https:\/\/www.clinicaalthea.com\/farmacia\/","name":"Clinica Althea","description":"","publisher":{"@id":"https:\/\/www.clinicaalthea.com\/farmacia\/#organization"},"potentialAction":[{"@type":"SearchAction","target":{"@type":"EntryPoint","urlTemplate":"https:\/\/www.clinicaalthea.com\/farmacia\/?s={search_term_string}"},"query-input":{"@type":"PropertyValueSpecification","valueRequired":true,"valueName":"search_term_string"}}],"inLanguage":"pl-PL"},{"@type":"Organization","@id":"https:\/\/www.clinicaalthea.com\/farmacia\/#organization","name":"Clinica Althea","url":"https:\/\/www.clinicaalthea.com\/farmacia\/","logo":{"@type":"ImageObject","inLanguage":"pl-PL","@id":"https:\/\/www.clinicaalthea.com\/farmacia\/#\/schema\/logo\/image\/","url":"https:\/\/www.clinicaalthea.com\/farmacia\/wp-content\/uploads\/2023\/12\/Jak-diagnozuje-sie-FAS_-objawy-kryteria-diagnostyczne-i-metody-diagnozowania-154162903.jpg","contentUrl":"https:\/\/www.clinicaalthea.com\/farmacia\/wp-content\/uploads\/2023\/12\/Jak-diagnozuje-sie-FAS_-objawy-kryteria-diagnostyczne-i-metody-diagnozowania-154162903.jpg","width":1216,"height":832,"caption":"Clinica Althea"},"image":{"@id":"https:\/\/www.clinicaalthea.com\/farmacia\/#\/schema\/logo\/image\/"}}]}},"lang":"cs","translations":{"cs":7320,"pl":7311,"bg":7326,"ro":7328,"hu":7330,"nl":7334,"fr":7338,"es":7343,"de":7347,"lt":7353,"pt":7355,"sl":7359,"it":7361,"el":7367,"lv":7369,"sk":7371,"et":7373},"pll_sync_post":[],"_links":{"self":[{"href":"https:\/\/www.clinicaalthea.com\/farmacia\/wp-json\/wp\/v2\/product\/7320","targetHints":{"allow":["GET"]}}],"collection":[{"href":"https:\/\/www.clinicaalthea.com\/farmacia\/wp-json\/wp\/v2\/product"}],"about":[{"href":"https:\/\/www.clinicaalthea.com\/farmacia\/wp-json\/wp\/v2\/types\/product"}],"replies":[{"embeddable":true,"href":"https:\/\/www.clinicaalthea.com\/farmacia\/wp-json\/wp\/v2\/comments?post=7320"}],"wp:featuredmedia":[{"embeddable":true,"href":"https:\/\/www.clinicaalthea.com\/farmacia\/wp-json\/wp\/v2\/media\/7314"}],"wp:attachment":[{"href":"https:\/\/www.clinicaalthea.com\/farmacia\/wp-json\/wp\/v2\/media?parent=7320"}],"wp:term":[{"taxonomy":"product_brand","embeddable":true,"href":"https:\/\/www.clinicaalthea.com\/farmacia\/wp-json\/wp\/v2\/product_brand?post=7320"},{"taxonomy":"product_cat","embeddable":true,"href":"https:\/\/www.clinicaalthea.com\/farmacia\/wp-json\/wp\/v2\/product_cat?post=7320"},{"taxonomy":"product_tag","embeddable":true,"href":"https:\/\/www.clinicaalthea.com\/farmacia\/wp-json\/wp\/v2\/product_tag?post=7320"}],"curies":[{"name":"wp","href":"https:\/\/api.w.org\/{rel}","templated":true}]}}