{"id":7318,"date":"2024-07-18T11:29:12","date_gmt":"2024-07-18T10:29:12","guid":{"rendered":"https:\/\/mayoguide.org\/produkty\/?post_type=product&#038;p=7318"},"modified":"2024-07-18T12:01:29","modified_gmt":"2024-07-18T11:01:29","slug":"proctonic","status":"publish","type":"product","link":"https:\/\/www.clinicaalthea.com\/farmacia\/es\/apt\/proctonic\/","title":{"rendered":"Proctonic"},"content":{"rendered":"\n<h2 class=\"wp-block-heading\">\u00bfQu\u00e9 es Proctonic y c\u00f3mo funciona?<\/h2>\n\n\n\n<p><b>Proctonic<\/b> es un <b>complemento alimenticio<\/b> dise\u00f1ado espec\u00edficamente para las personas que sufren problemas de hemorroides. Es un producto que se ha desarrollado utilizando una f\u00f3rmula innovadora que contiene <b>ingredientes<\/b> de eficacia probada para aliviar las molestias asociadas a las hemorroides. Proctonic act\u00faa directamente sobre el origen del problema, reduciendo la inflamaci\u00f3n, aliviando el dolor y acelerando la curaci\u00f3n de los tejidos.<\/p>\n\n\n\n<p>Proctonic act\u00faa a varios niveles. Influye en el estado de los vasos sangu\u00edneos, reforz\u00e1ndolos y mejorando su elasticidad. Esto reduce el riesgo de que se formen nuevas hemorroides. Adem\u00e1s, Proctonic alivia la inflamaci\u00f3n, reduce la hinchaz\u00f3n y tiene un efecto analg\u00e9sico. <b>Los ingredientes<\/b> del complemento alimenticio tambi\u00e9n favorecen la regeneraci\u00f3n de los tejidos da\u00f1ados, lo que acelera la cicatrizaci\u00f3n de las heridas asociadas a las hemorroides.<\/p>\n\n\n\n<h2 class=\"wp-block-heading\">Efectos de Proctonic<\/h2>\n\n\n\n<p>El uso de Proctonic puede tener muchos efectos beneficiosos para quienes luchan con problemas de hemorroides. Uno de los resultados m\u00e1s importantes es el <b>alivio de<\/b> las molestias asociadas a la afecci\u00f3n, como el dolor, el picor y el ardor. Proctonic tambi\u00e9n reduce la hinchaz\u00f3n y la inflamaci\u00f3n, al tiempo que acelera la cicatrizaci\u00f3n de las heridas asociadas a las hemorroides.<\/p>\n\n\n\n<p>El uso regular de este complemento alimenticio puede reducir eficazmente las hemorroides y mejorar el confort general del paciente. Gracias a su acci\u00f3n, Proctonic contribuye a la reducci\u00f3n del dolor, previene el desarrollo de la inflamaci\u00f3n y favorece el proceso de cicatrizaci\u00f3n de las heridas*.<\/p>\n\n\n\n<h2 class=\"wp-block-heading\">C\u00f3mo utilizar Proctonic &#8211; Instrucciones de uso y dosificaci\u00f3n<\/h2>\n\n\n\n<p>El uso de Proctonic es sencillo y seguro. Seg\u00fan las instrucciones del fabricante, tome una c\u00e1psula del suplemento dos veces al d\u00eda, bebiendo una cantidad adecuada de agua. Es importante tomar Proctonic regularmente para conseguir los <b>resultados<\/b> deseados. No exceda la dosis recomendada a menos que se lo indique su m\u00e9dico. Siempre es aconsejable consultar a un profesional m\u00e9dico antes de iniciar la suplementaci\u00f3n.<\/p>\n\n\n\n<h2 class=\"wp-block-heading\">Proctonic &#8211; Opiniones y cr\u00edticas, Foro<\/h2>\n\n\n\n<p>Proctonic es un <b>suplemento diet\u00e9tico<\/b> que ha recibido <b>comentarios positivos de los usuarios<\/b>. Muchas personas alaban la eficacia de este producto para aliviar las molestias de las hemorroides y mejorar el confort general.<\/p>\n\n\n\n<p>En un <b>foro<\/b> en l\u00ednea, se pueden encontrar muchas cr\u00edticas positivas sobre Proctonic. Los usuarios confirman su eficacia y <b>seguridad de<\/b> uso. Las <b>opiniones de<\/b> otros usuarios pueden proporcionar informaci\u00f3n valiosa antes de decidirse a comprar el suplemento.<\/p>\n\n\n\n<figure class=\"wp-block-table\"><table><tbody><tr><th>Rese\u00f1as de Proctonic<\/th><th>Evaluaci\u00f3n<\/th><\/tr><tr><td><em>&#8220;Proctonic ha cambiado mi vida por completo. Antes sufr\u00eda de hemorroides, que me causaban graves molestias y dolor. Despu\u00e9s de empezar el tratamiento Proctonic, mis s\u00edntomas se aliviaron significativamente y ahora puedo funcionar con normalidad. Lo recomiendo encarecidamente&#8221;.<\/em><\/td><td>5\/5<\/td><\/tr><tr><td><em>&#8220;Estoy muy satisfecha con los resultados del uso de Proctonic. Gracias a \u00e9l, he notado una mejora significativa de mi salud y una reducci\u00f3n de las molestias asociadas a las hemorroides. El producto es eficaz y seguro de usar&#8221;.<\/em><\/td><td>4\/5<\/td><\/tr><tr><td><em>&#8220;Proctonic es un verdadero remedio para las hemorroides. Lo utilizo desde hace varias semanas y he notado una mejora significativa. Ya no siento tantas molestias como antes. Me ha ayudado mucho&#8221;.<\/em><\/td><td>4.5\/5<\/td><\/tr><\/tbody><\/table><\/figure>\n\n\n\n<p>Estas <b>cr\u00edticas<\/b> positivas confirman que Proctonic es una opci\u00f3n eficaz y fiable para las personas que luchan contra las hemorroides. Sin embargo, recuerde que cada cuerpo es diferente y los resultados individuales pueden variar. Siempre es aconsejable consultar a su m\u00e9dico antes de empezar a tomar suplementos.<\/p>\n\n\n\n<h2 class=\"wp-block-heading\">Proctonic &#8211; Composici\u00f3n<\/h2>\n\n\n\n<p>Proctonic contiene un conjunto de ingredientes cuidadosamente seleccionados con efectos probados en el alivio de las molestias asociadas a las hemorroides. La formulaci\u00f3n incluye sustancias como:<\/p>\n\n\n\n<ol class=\"wp-block-list\">\n<li><em>Extracto de casta\u00f1o de Indias:<\/em> refuerza los vasos sangu\u00edneos y reduce la hinchaz\u00f3n.<\/li>\n\n\n\n<li><em>Extracto de Bird&#8217;s-knotweed:<\/em> analg\u00e9sico y antiinflamatorio.<\/li>\n\n\n\n<li><em>Concentrado de ra\u00edz de regaliz:<\/em> favorece la cicatrizaci\u00f3n de las heridas asociadas a las hemorroides.<\/li>\n\n\n\n<li><em>Extracto de sa\u00faco:<\/em> refuerza el sistema inmunitario.<\/li>\n\n\n\n<li><em>Vitamina C:<\/em> favorece la cicatrizaci\u00f3n de los tejidos da\u00f1ados.<\/li>\n<\/ol>\n\n\n\n<p>Estos <b>ingredientes<\/b> cuidadosamente seleccionados de Proctonic act\u00faan de forma sin\u00e9rgica para proporcionar una ayuda completa en el alivio de las molestias de las hemorroides.<\/p>\n\n\n\n<h2 class=\"wp-block-heading\">Precio de Proctonic &#8211; \u00bfD\u00f3nde comprar?<\/h2>\n\n\n\n<p>El <b>precio de<\/b> Proctonic puede variar dependiendo de d\u00f3nde lo compre. Recomendamos <b>adquirir<\/b> el suplemento diet\u00e9tico en el sitio web oficial del fabricante, donde podr\u00e1 estar seguro de la originalidad del producto y recibir ciertas ventajas como promociones y descuentos. Proctonic no est\u00e1 disponible en farmacias. <b>Comprar<\/b> en la p\u00e1gina oficial del fabricante es la mejor opci\u00f3n para estar seguro de que est\u00e1 adquiriendo un producto original y <b>eficaz<\/b>.<\/p>\n\n\n\n<h2 class=\"wp-block-heading\">Posibles efectos secundarios y contraindicaciones del uso de Proctonic<\/h2>\n\n\n\n<p>Proctonic es un suplemento diet\u00e9tico compuesto por ingredientes naturales de probada seguridad. Sin embargo, como cualquier suplemento diet\u00e9tico, puede causar <b>efectos secundarios<\/b> potenciales en algunos individuos.<\/p>\n\n\n\n<p>Esto puede incluir reacciones al\u00e9rgicas a algunos de los ingredientes del preparado. Siempre es una buena idea consultar a su m\u00e9dico antes de empezar a tomar suplementos de Proctonic, especialmente si padece alguna enfermedad o est\u00e1 tomando otros medicamentos. Proctonic tampoco est\u00e1 recomendado para mujeres embarazadas o en per\u00edodo de lactancia.<\/p>\n\n\n\n<p>La <b>seguridad<\/b> es primordial, as\u00ed que siga las recomendaciones del fabricante y no supere la dosis recomendada. Si se produce alg\u00fan <b>efecto<\/b> secundario no deseado, interrumpa el uso del suplemento y consulte a su m\u00e9dico. Recuerde que el cuerpo de cada persona puede reaccionar de manera diferente a los suplementos diet\u00e9ticos, por lo que es importante hacer un seguimiento de su propia reacci\u00f3n a Proctonic y responder seg\u00fan sea necesario.<\/p>\n","protected":false},"excerpt":{"rendered":"<p><strong>39.00 \u20ac<\/strong><\/p>\n<p><del>78.00 \u20ac<\/del><\/p>\n<p><strong>[date_countdown]<\/strong><\/p>\n","protected":false},"featured_media":7304,"comment_status":"open","ping_status":"closed","template":"","meta":{"neve_meta_sidebar":"","neve_meta_container":"","neve_meta_enable_content_width":"","neve_meta_content_width":0,"neve_meta_title_alignment":"","neve_meta_author_avatar":"","neve_post_elements_order":"","neve_meta_disable_header":"","neve_meta_disable_footer":"","neve_meta_disable_title":"","neve_meta_reading_time":""},"product_brand":[],"product_cat":[73],"product_tag":[],"class_list":{"0":"post-7318","1":"product","2":"type-product","3":"status-publish","4":"has-post-thumbnail","6":"product_cat-salud","8":"first","9":"instock","10":"shipping-taxable","11":"product-type-external"},"yoast_head":"<!-- This site is optimized with the Yoast SEO plugin v27.4 - https:\/\/yoast.com\/product\/yoast-seo-wordpress\/ -->\n<title>Proctonic - Clinica Althea<\/title>\n<meta name=\"robots\" content=\"index, follow, max-snippet:-1, max-image-preview:large, max-video-preview:-1\" \/>\n<link rel=\"canonical\" href=\"https:\/\/www.clinicaalthea.com\/farmacia\/es\/apt\/proctonic\/\" \/>\n<meta property=\"og:locale\" content=\"pl_PL\" \/>\n<meta property=\"og:type\" content=\"article\" \/>\n<meta property=\"og:title\" content=\"Proctonic - Clinica Althea\" \/>\n<meta property=\"og:description\" content=\"39.00 \u20ac 78.00 \u20ac\" \/>\n<meta property=\"og:url\" content=\"https:\/\/www.clinicaalthea.com\/farmacia\/es\/apt\/proctonic\/\" \/>\n<meta property=\"og:site_name\" content=\"Clinica Althea\" \/>\n<meta property=\"article:modified_time\" content=\"2024-07-18T11:01:29+00:00\" \/>\n<meta property=\"og:image\" content=\"https:\/\/www.clinicaalthea.com\/farmacia\/wp-content\/uploads\/2024\/07\/Proctonic.jpg\" \/>\n\t<meta property=\"og:image:width\" content=\"768\" \/>\n\t<meta property=\"og:image:height\" content=\"768\" \/>\n\t<meta property=\"og:image:type\" content=\"image\/jpeg\" \/>\n<meta name=\"twitter:card\" content=\"summary_large_image\" \/>\n<meta name=\"twitter:label1\" content=\"Szacowany czas czytania\" \/>\n\t<meta name=\"twitter:data1\" content=\"6 minut\" \/>\n<script type=\"application\/ld+json\" class=\"yoast-schema-graph\">{\"@context\":\"https:\\\/\\\/schema.org\",\"@graph\":[{\"@type\":\"WebPage\",\"@id\":\"https:\\\/\\\/www.clinicaalthea.com\\\/farmacia\\\/es\\\/apt\\\/proctonic\\\/\",\"url\":\"https:\\\/\\\/www.clinicaalthea.com\\\/farmacia\\\/es\\\/apt\\\/proctonic\\\/\",\"name\":\"Proctonic - Clinica Althea\",\"isPartOf\":{\"@id\":\"https:\\\/\\\/www.clinicaalthea.com\\\/farmacia\\\/#website\"},\"primaryImageOfPage\":{\"@id\":\"https:\\\/\\\/www.clinicaalthea.com\\\/farmacia\\\/es\\\/apt\\\/proctonic\\\/#primaryimage\"},\"image\":{\"@id\":\"https:\\\/\\\/www.clinicaalthea.com\\\/farmacia\\\/es\\\/apt\\\/proctonic\\\/#primaryimage\"},\"thumbnailUrl\":\"https:\\\/\\\/www.clinicaalthea.com\\\/farmacia\\\/wp-content\\\/uploads\\\/2024\\\/07\\\/Proctonic.jpg\",\"datePublished\":\"2024-07-18T10:29:12+00:00\",\"dateModified\":\"2024-07-18T11:01:29+00:00\",\"breadcrumb\":{\"@id\":\"https:\\\/\\\/www.clinicaalthea.com\\\/farmacia\\\/es\\\/apt\\\/proctonic\\\/#breadcrumb\"},\"inLanguage\":\"pl-PL\",\"potentialAction\":[{\"@type\":\"ReadAction\",\"target\":[\"https:\\\/\\\/www.clinicaalthea.com\\\/farmacia\\\/es\\\/apt\\\/proctonic\\\/\"]}]},{\"@type\":\"ImageObject\",\"inLanguage\":\"pl-PL\",\"@id\":\"https:\\\/\\\/www.clinicaalthea.com\\\/farmacia\\\/es\\\/apt\\\/proctonic\\\/#primaryimage\",\"url\":\"https:\\\/\\\/www.clinicaalthea.com\\\/farmacia\\\/wp-content\\\/uploads\\\/2024\\\/07\\\/Proctonic.jpg\",\"contentUrl\":\"https:\\\/\\\/www.clinicaalthea.com\\\/farmacia\\\/wp-content\\\/uploads\\\/2024\\\/07\\\/Proctonic.jpg\",\"width\":768,\"height\":768,\"caption\":\"Proctonic\"},{\"@type\":\"BreadcrumbList\",\"@id\":\"https:\\\/\\\/www.clinicaalthea.com\\\/farmacia\\\/es\\\/apt\\\/proctonic\\\/#breadcrumb\",\"itemListElement\":[{\"@type\":\"ListItem\",\"position\":1,\"name\":\"Strona g\u0142\u00f3wna\",\"item\":\"https:\\\/\\\/www.clinicaalthea.com\\\/farmacia\\\/\"},{\"@type\":\"ListItem\",\"position\":2,\"name\":\"Produkty\",\"item\":\"https:\\\/\\\/www.clinicaalthea.com\\\/farmacia\\\/\"},{\"@type\":\"ListItem\",\"position\":3,\"name\":\"Proctonic\"}]},{\"@type\":\"WebSite\",\"@id\":\"https:\\\/\\\/www.clinicaalthea.com\\\/farmacia\\\/#website\",\"url\":\"https:\\\/\\\/www.clinicaalthea.com\\\/farmacia\\\/\",\"name\":\"Clinica Althea\",\"description\":\"\",\"publisher\":{\"@id\":\"https:\\\/\\\/www.clinicaalthea.com\\\/farmacia\\\/#organization\"},\"potentialAction\":[{\"@type\":\"SearchAction\",\"target\":{\"@type\":\"EntryPoint\",\"urlTemplate\":\"https:\\\/\\\/www.clinicaalthea.com\\\/farmacia\\\/?s={search_term_string}\"},\"query-input\":{\"@type\":\"PropertyValueSpecification\",\"valueRequired\":true,\"valueName\":\"search_term_string\"}}],\"inLanguage\":\"pl-PL\"},{\"@type\":\"Organization\",\"@id\":\"https:\\\/\\\/www.clinicaalthea.com\\\/farmacia\\\/#organization\",\"name\":\"Clinica Althea\",\"url\":\"https:\\\/\\\/www.clinicaalthea.com\\\/farmacia\\\/\",\"logo\":{\"@type\":\"ImageObject\",\"inLanguage\":\"pl-PL\",\"@id\":\"https:\\\/\\\/www.clinicaalthea.com\\\/farmacia\\\/#\\\/schema\\\/logo\\\/image\\\/\",\"url\":\"https:\\\/\\\/www.clinicaalthea.com\\\/farmacia\\\/wp-content\\\/uploads\\\/2023\\\/12\\\/Jak-diagnozuje-sie-FAS_-objawy-kryteria-diagnostyczne-i-metody-diagnozowania-154162903.jpg\",\"contentUrl\":\"https:\\\/\\\/www.clinicaalthea.com\\\/farmacia\\\/wp-content\\\/uploads\\\/2023\\\/12\\\/Jak-diagnozuje-sie-FAS_-objawy-kryteria-diagnostyczne-i-metody-diagnozowania-154162903.jpg\",\"width\":1216,\"height\":832,\"caption\":\"Clinica Althea\"},\"image\":{\"@id\":\"https:\\\/\\\/www.clinicaalthea.com\\\/farmacia\\\/#\\\/schema\\\/logo\\\/image\\\/\"}}]}<\/script>\n<!-- \/ Yoast SEO plugin. -->","yoast_head_json":{"title":"Proctonic - Clinica Althea","robots":{"index":"index","follow":"follow","max-snippet":"max-snippet:-1","max-image-preview":"max-image-preview:large","max-video-preview":"max-video-preview:-1"},"canonical":"https:\/\/www.clinicaalthea.com\/farmacia\/es\/apt\/proctonic\/","og_locale":"pl_PL","og_type":"article","og_title":"Proctonic - Clinica Althea","og_description":"39.00 \u20ac 78.00 \u20ac","og_url":"https:\/\/www.clinicaalthea.com\/farmacia\/es\/apt\/proctonic\/","og_site_name":"Clinica Althea","article_modified_time":"2024-07-18T11:01:29+00:00","og_image":[{"width":768,"height":768,"url":"https:\/\/www.clinicaalthea.com\/farmacia\/wp-content\/uploads\/2024\/07\/Proctonic.jpg","type":"image\/jpeg"}],"twitter_card":"summary_large_image","twitter_misc":{"Szacowany czas czytania":"6 minut"},"schema":{"@context":"https:\/\/schema.org","@graph":[{"@type":"WebPage","@id":"https:\/\/www.clinicaalthea.com\/farmacia\/es\/apt\/proctonic\/","url":"https:\/\/www.clinicaalthea.com\/farmacia\/es\/apt\/proctonic\/","name":"Proctonic - Clinica Althea","isPartOf":{"@id":"https:\/\/www.clinicaalthea.com\/farmacia\/#website"},"primaryImageOfPage":{"@id":"https:\/\/www.clinicaalthea.com\/farmacia\/es\/apt\/proctonic\/#primaryimage"},"image":{"@id":"https:\/\/www.clinicaalthea.com\/farmacia\/es\/apt\/proctonic\/#primaryimage"},"thumbnailUrl":"https:\/\/www.clinicaalthea.com\/farmacia\/wp-content\/uploads\/2024\/07\/Proctonic.jpg","datePublished":"2024-07-18T10:29:12+00:00","dateModified":"2024-07-18T11:01:29+00:00","breadcrumb":{"@id":"https:\/\/www.clinicaalthea.com\/farmacia\/es\/apt\/proctonic\/#breadcrumb"},"inLanguage":"pl-PL","potentialAction":[{"@type":"ReadAction","target":["https:\/\/www.clinicaalthea.com\/farmacia\/es\/apt\/proctonic\/"]}]},{"@type":"ImageObject","inLanguage":"pl-PL","@id":"https:\/\/www.clinicaalthea.com\/farmacia\/es\/apt\/proctonic\/#primaryimage","url":"https:\/\/www.clinicaalthea.com\/farmacia\/wp-content\/uploads\/2024\/07\/Proctonic.jpg","contentUrl":"https:\/\/www.clinicaalthea.com\/farmacia\/wp-content\/uploads\/2024\/07\/Proctonic.jpg","width":768,"height":768,"caption":"Proctonic"},{"@type":"BreadcrumbList","@id":"https:\/\/www.clinicaalthea.com\/farmacia\/es\/apt\/proctonic\/#breadcrumb","itemListElement":[{"@type":"ListItem","position":1,"name":"Strona g\u0142\u00f3wna","item":"https:\/\/www.clinicaalthea.com\/farmacia\/"},{"@type":"ListItem","position":2,"name":"Produkty","item":"https:\/\/www.clinicaalthea.com\/farmacia\/"},{"@type":"ListItem","position":3,"name":"Proctonic"}]},{"@type":"WebSite","@id":"https:\/\/www.clinicaalthea.com\/farmacia\/#website","url":"https:\/\/www.clinicaalthea.com\/farmacia\/","name":"Clinica Althea","description":"","publisher":{"@id":"https:\/\/www.clinicaalthea.com\/farmacia\/#organization"},"potentialAction":[{"@type":"SearchAction","target":{"@type":"EntryPoint","urlTemplate":"https:\/\/www.clinicaalthea.com\/farmacia\/?s={search_term_string}"},"query-input":{"@type":"PropertyValueSpecification","valueRequired":true,"valueName":"search_term_string"}}],"inLanguage":"pl-PL"},{"@type":"Organization","@id":"https:\/\/www.clinicaalthea.com\/farmacia\/#organization","name":"Clinica Althea","url":"https:\/\/www.clinicaalthea.com\/farmacia\/","logo":{"@type":"ImageObject","inLanguage":"pl-PL","@id":"https:\/\/www.clinicaalthea.com\/farmacia\/#\/schema\/logo\/image\/","url":"https:\/\/www.clinicaalthea.com\/farmacia\/wp-content\/uploads\/2023\/12\/Jak-diagnozuje-sie-FAS_-objawy-kryteria-diagnostyczne-i-metody-diagnozowania-154162903.jpg","contentUrl":"https:\/\/www.clinicaalthea.com\/farmacia\/wp-content\/uploads\/2023\/12\/Jak-diagnozuje-sie-FAS_-objawy-kryteria-diagnostyczne-i-metody-diagnozowania-154162903.jpg","width":1216,"height":832,"caption":"Clinica Althea"},"image":{"@id":"https:\/\/www.clinicaalthea.com\/farmacia\/#\/schema\/logo\/image\/"}}]}},"lang":"es","translations":{"es":7318,"pl":7301,"bg":7308,"hu":7310,"de":7313,"el":7316,"it":7322,"lv":7324,"lt":7332,"nl":7336,"pt":7341,"ro":7345,"sk":7349,"sl":7351,"fr":7357,"cs":7363,"et":7365},"pll_sync_post":[],"_links":{"self":[{"href":"https:\/\/www.clinicaalthea.com\/farmacia\/wp-json\/wp\/v2\/product\/7318","targetHints":{"allow":["GET"]}}],"collection":[{"href":"https:\/\/www.clinicaalthea.com\/farmacia\/wp-json\/wp\/v2\/product"}],"about":[{"href":"https:\/\/www.clinicaalthea.com\/farmacia\/wp-json\/wp\/v2\/types\/product"}],"replies":[{"embeddable":true,"href":"https:\/\/www.clinicaalthea.com\/farmacia\/wp-json\/wp\/v2\/comments?post=7318"}],"wp:featuredmedia":[{"embeddable":true,"href":"https:\/\/www.clinicaalthea.com\/farmacia\/wp-json\/wp\/v2\/media\/7304"}],"wp:attachment":[{"href":"https:\/\/www.clinicaalthea.com\/farmacia\/wp-json\/wp\/v2\/media?parent=7318"}],"wp:term":[{"taxonomy":"product_brand","embeddable":true,"href":"https:\/\/www.clinicaalthea.com\/farmacia\/wp-json\/wp\/v2\/product_brand?post=7318"},{"taxonomy":"product_cat","embeddable":true,"href":"https:\/\/www.clinicaalthea.com\/farmacia\/wp-json\/wp\/v2\/product_cat?post=7318"},{"taxonomy":"product_tag","embeddable":true,"href":"https:\/\/www.clinicaalthea.com\/farmacia\/wp-json\/wp\/v2\/product_tag?post=7318"}],"curies":[{"name":"wp","href":"https:\/\/api.w.org\/{rel}","templated":true}]}}