{"id":7298,"date":"2024-07-18T11:23:23","date_gmt":"2024-07-18T10:23:23","guid":{"rendered":"https:\/\/mayoguide.org\/produkty\/?post_type=product&#038;p=7298"},"modified":"2024-07-18T11:25:16","modified_gmt":"2024-07-18T10:25:16","slug":"hondrolife","status":"publish","type":"product","link":"https:\/\/www.clinicaalthea.com\/farmacia\/fr\/apt\/hondrolife\/","title":{"rendered":"Hondrolife"},"content":{"rendered":"<h2 class=\"wp-block-heading\">Qu&#8217;est-ce que Hondrolife et comment fonctionne-t-il ?<\/h2>\n\n\n<p><b>Hondrolife<\/b> est un spray innovant con\u00e7u pour soutenir la sant\u00e9 des articulations. Il se compose d&#8217;une formule unique d&#8217;ingr\u00e9dients naturels qui agissent en synergie pour soulager les douleurs articulaires et favoriser la r\u00e9g\u00e9n\u00e9ration du cartilage articulaire. Gr\u00e2ce \u00e0 son action, <b>Hondrolife<\/b> se distingue des autres compl\u00e9ments sur le march\u00e9.<\/p>\n\n\n<h2 class=\"wp-block-heading\">Avantages de Hondrolife &#8211; Effets<\/h2>\n\n\n<p>L&#8217;utilisation du compl\u00e9ment <b>Hondrolife<\/b> offre de nombreux <b>avantages<\/b> pour la sant\u00e9 des articulations, en soutenant le processus de r\u00e9g\u00e9n\u00e9ration et en r\u00e9duisant l&#8217;inconfort. Gr\u00e2ce aux ingr\u00e9dients naturels et \u00e0 leur action synergique, Hondrolife est un soutien efficace pour les personnes souffrant de probl\u00e8mes articulaires.<\/p>\n\n\n\n<ul class=\"wp-block-list\">\n<li><strong>R\u00e9gulation des douleurs articulaires :<\/strong> Hondrolife aide \u00e0 soulager les douleurs articulaires en agissant comme un analg\u00e9sique naturel. L&#8217;utilisation r\u00e9guli\u00e8re de ce compl\u00e9ment peut soulager les personnes souffrant d&#8217;affections articulaires chroniques.<\/li>\n\n\n\n<li><strong>R\u00e9duction de l&#8217;inflammation :<\/strong> Gr\u00e2ce \u00e0 ses ingr\u00e9dients anti-inflammatoires, Hondrolife peut contribuer \u00e0 r\u00e9duire l&#8217;inflammation des articulations. Ceci est important pour les personnes souffrant d&#8217;affections telles que l&#8217;arthrite ou la polyarthrite.<\/li>\n\n\n\n<li><strong>R\u00e9g\u00e9n\u00e9ration du cartilage articulaire :<\/strong> Les ingr\u00e9dients contenus dans Hondrolife favorisent la reconstruction et la r\u00e9g\u00e9n\u00e9ration du cartilage articulaire, ce qui est essentiel pour maintenir des articulations saines et souples.<\/li>\n\n\n\n<li><strong>Am\u00e9lioration de la souplesse des articulations :<\/strong> L&#8217;utilisation r\u00e9guli\u00e8re d&#8217;Hondrolife peut contribuer \u00e0 accro\u00eetre la souplesse des articulations et \u00e0 am\u00e9liorer l&#8217;amplitude des mouvements. Cela peut \u00eatre particuli\u00e8rement b\u00e9n\u00e9fique pour les personnes \u00e2g\u00e9es ou celles qui sont physiquement actives.<\/li>\n<\/ul>\n\n\n<p>Gr\u00e2ce \u00e0 ses effets b\u00e9n\u00e9fiques, Hondrolife peut apporter un soutien efficace aux personnes souffrant de douleurs et de probl\u00e8mes articulaires, leur permettant de mener un mode de vie actif et de b\u00e9n\u00e9ficier d&#8217;articulations saines et fonctionnelles.<\/p>\n\n\n<h2 class=\"wp-block-heading\">Comment utiliser Hondrolife &#8211; Mode d&#8217;emploi et posologie<\/h2>\n\n\n<p>L&#8217;utilisation correcte de Hondrolife est essentielle pour obtenir les meilleurs <b>r\u00e9sultats<\/b>. Afin d&#8217;utiliser ce suppl\u00e9ment de mani\u00e8re efficace et s\u00fbre, il est important de suivre les instructions d&#8217;application et de dosage correctes.<\/p>\n\n\n<p>Avant d&#8217;utiliser Hondrolife pour la premi\u00e8re fois, il est conseill\u00e9 de lire attentivement la notice du produit. La notice contient des informations importantes sur la m\u00e9thode d&#8217;application, la posologie recommand\u00e9e et les \u00e9ventuelles contre-indications.<\/p>\n\n\n<p>Pour utiliser correctement Hondrolife, suivez les instructions ci-dessous :<\/p>\n\n\n\n<ol class=\"wp-block-list\">\n<li>Veillez \u00e0 ce que la peau de la zone affect\u00e9e par les douleurs articulaires soit propre et s\u00e8che avant d&#8217;appliquer Hondrolife.<\/li>\n\n\n\n<li>Vaporiser directement sur la peau de la zone affect\u00e9e. Veillez \u00e0 ce que le spray soit uniform\u00e9ment r\u00e9parti sur la peau.<\/li>\n\n\n\n<li>Masser d\u00e9licatement le spray sur la peau. Masser en mouvements circulaires jusqu&#8217;\u00e0 absorption compl\u00e8te du produit.<\/li>\n\n\n\n<li>Apr\u00e8s l&#8217;application de Hondrolife, il est recommand\u00e9 d&#8217;\u00e9viter de tremper la zone o\u00f9 le spray a \u00e9t\u00e9 appliqu\u00e9 pendant environ 1 \u00e0 2 heures.<\/li>\n\n\n\n<li><b>Le dosage de<\/b> Hondrolife peut varier en fonction des besoins individuels. Il est toujours conseill\u00e9 de consulter votre m\u00e9decin pour d\u00e9terminer la quantit\u00e9 optimale et la fr\u00e9quence d&#8217;utilisation.<\/li>\n<\/ol>\n\n\n<p>Le respect du mode d&#8217;emploi de Hondrolife permet d&#8217;obtenir des <b>r\u00e9sultats<\/b> optimaux en mati\u00e8re de soulagement des douleurs articulaires et de soutien de la sant\u00e9 des articulations. Il est \u00e9galement important d&#8217;utiliser le produit r\u00e9guli\u00e8rement, comme indiqu\u00e9.<\/p>\n\n\n<h2 class=\"wp-block-heading\">Avis Hondrolife &#8211; Que disent les utilisateurs dans les forums ?<\/h2>\n\n\n<p>Les <b>commentaires des utilisateurs de<\/b> Hondrolife sont une source d&#8217;information importante pour les clients potentiels. De nombreuses personnes publient des commentaires positifs sur les forums de sant\u00e9, soulignant l&#8217;efficacit\u00e9 de Hondrolife pour soulager les douleurs articulaires et am\u00e9liorer la flexibilit\u00e9 des articulations. Lisez les commentaires sur les forums pour en savoir plus sur l&#8217;exp\u00e9rience d&#8217;autres utilisateurs de Hondrolife.<\/p>\n\n\n\n<blockquote class=\"wp-block-quote is-layout-flow wp-block-quote-is-layout-flow\"><p>Hondrolife est un excellent compl\u00e9ment pour les articulations. Je l&#8217;utilise depuis quelques mois et j&#8217;ai constat\u00e9 une am\u00e9lioration consid\u00e9rable de la sant\u00e9 de mes articulations. La douleur est beaucoup moins forte et les articulations sont plus souples. Je le recommande \u00e0 tous ceux qui sont aux prises avec ce probl\u00e8me ! &#8211; Anna123, forumzdrowia.pl<\/p>\n<\/blockquote>\n\n\n<p>Les avis positifs sur Hondrolife confirment l&#8217;efficacit\u00e9 de ce compl\u00e9ment pour soulager la douleur et am\u00e9liorer la sant\u00e9 des articulations. Cependant, il est toujours conseill\u00e9 de consulter un m\u00e9decin avant de commencer \u00e0 prendre un suppl\u00e9ment afin d&#8217;ajuster le <b>dosage<\/b> et de confirmer son innocuit\u00e9 pour les besoins de sant\u00e9 individuels.<\/p>\n\n\n<figure class=\"wp-block-table\"><table><tbody><tr><th>Opinions<\/th><th>L&#8217;\u00e9valuation<\/th><\/tr><tr><td>Hondrolife est un compl\u00e9ment sensationnel qui m&#8217;a aid\u00e9 \u00e0 soulager mes douleurs articulaires. Je le recommande vivement !<\/td><td>5\/5<\/td><\/tr><tr><td>Apr\u00e8s quelques semaines d&#8217;utilisation de Hondrolife, j&#8217;ai constat\u00e9 des <b>effets<\/b> positifs. Mes articulations sont plus souples et j&#8217;ai beaucoup moins de douleurs.<\/td><td>4\/5<\/td><\/tr><tr><td>Depuis que j&#8217;utilise Hondrolife, mes articulations ne me font plus souffrir. Je suis satisfait des r\u00e9sultats.<\/td><td>5\/5<\/td><\/tr><\/tbody><\/table><\/figure>\n\n\n<h2 class=\"wp-block-heading\">Composition de Hondrolife &#8211; Analyse des ingr\u00e9dients<\/h2>\n\n\n<p>Hondrolife est un <b>compl\u00e9ment de sant\u00e9 articulaire<\/b> qui contient un ensemble d&#8217;ingr\u00e9dients naturels soigneusement s\u00e9lectionn\u00e9s. Sa formule est bas\u00e9e sur une combinaison unique de glucosamine, de chondro\u00eftine, d&#8217;extrait de curcuma et d&#8217;huile d&#8217;arbre \u00e0 th\u00e9. Ces <b>ingr\u00e9dients naturels<\/b> agissent en synergie pour soulager les douleurs articulaires et soutenir le processus de r\u00e9g\u00e9n\u00e9ration du cartilage articulaire.<\/p>\n\n\n<figure class=\"wp-block-table\"><table><tbody><tr><th>Ingr\u00e9dients<\/th><th>Avantages<\/th><\/tr><tr><td>Glucosamine<\/td><td>Aide \u00e0 restaurer le cartilage des articulations<\/td><\/tr><tr><td>Chondro\u00eftine<\/td><td>Favorise la souplesse des articulations<\/td><\/tr><tr><td>Extrait de curcuma<\/td><td>R\u00e9duit l&#8217;inflammation et soulage les douleurs articulaires<\/td><\/tr><tr><td>Huile d&#8217;arbre \u00e0 th\u00e9<\/td><td>A des effets anti-inflammatoires et antiseptiques<\/td><\/tr><\/tbody><\/table><\/figure>\n\n\n<p>Gr\u00e2ce \u00e0 cette combinaison \u00e9quilibr\u00e9e d&#8217;ingr\u00e9dients, Hondrolife est un soutien efficace pour la sant\u00e9 des articulations. La <b>composition du<\/b> compl\u00e9ment a \u00e9t\u00e9 soigneusement \u00e9labor\u00e9e pour offrir un maximum d&#8217;<b>avantages<\/b> et d&#8217;efficacit\u00e9 dans le soulagement des douleurs articulaires et le soutien de la r\u00e9g\u00e9n\u00e9ration des articulations.<\/p>\n\n\n<h2 class=\"wp-block-heading\">Prix Hondrolife &#8211; O\u00f9 acheter ?<\/h2>\n\n\n<p>Pour acheter Hondrolife, il est pr\u00e9f\u00e9rable de se rendre directement sur le site officiel du fabricant. Vous y trouverez le produit authentique et vous aurez \u00e9galement acc\u00e8s \u00e0 diverses promotions et offres promotionnelles. En achetant Hondrolife sur le site officiel, vous avez la certitude de recevoir un produit original r\u00e9pondant aux normes de qualit\u00e9 les plus strictes. En outre, <b>le site officiel du fabricant<\/b> propose des m\u00e9thodes de paiement s\u00e9curis\u00e9es, de sorte que votre achat est totalement s\u00fbr et confidentiel.<\/p>\n\n\n<h2 class=\"wp-block-heading\">Effets secondaires potentiels et contre-indications de Hondrolife<\/h2>\n\n\n<p>Bien que Hondrolife soit bas\u00e9 sur des ingr\u00e9dients naturels, il existe un risque potentiel d&#8217;effets secondaires ou de contre-indications. Il convient de noter que les <b>effets secondaires de<\/b> Hondrolife sont rares et concernent principalement les personnes \u00e0 la peau sensible. Une irritation de la peau \u00e0 l&#8217;endroit de l&#8217;application peut se produire.<\/p>\n\n\n<p>Pour \u00e9viter les effets ind\u00e9sirables, il est toujours conseill\u00e9 de consulter un m\u00e9decin avant de commencer \u00e0 prendre Hondrolife, en particulier pour les personnes ayant des ant\u00e9c\u00e9dents d&#8217;allergies ou les femmes enceintes. Votre m\u00e9decin sera en mesure d&#8217;\u00e9valuer avec pr\u00e9cision si le suppl\u00e9ment vous convient et s&#8217;il est sans danger pour vous.<\/p>\n\n\n<p>N&#8217;oubliez pas que les compl\u00e9ments alimentaires ne conviennent pas \u00e0 tout le monde et que chaque organisme peut r\u00e9agir diff\u00e9remment. Que vous ayez ou non des effets secondaires, il est toujours important de suivre les recommandations de dosage et les instructions d&#8217;utilisation de Hondrolife.<\/p>\n","protected":false},"excerpt":{"rendered":"<p><strong>39.00 \u20ac<\/strong><\/p>\n<p><del>78.00 \u20ac<\/del><\/p>\n<p><strong>[date_countdown]<\/strong><\/p>\n","protected":false},"featured_media":7253,"comment_status":"open","ping_status":"closed","template":"","meta":{"neve_meta_sidebar":"","neve_meta_container":"","neve_meta_enable_content_width":"","neve_meta_content_width":0,"neve_meta_title_alignment":"","neve_meta_author_avatar":"","neve_post_elements_order":"","neve_meta_disable_header":"","neve_meta_disable_footer":"","neve_meta_disable_title":"","neve_meta_reading_time":""},"product_brand":[],"product_cat":[89],"product_tag":[],"class_list":{"0":"post-7298","1":"product","2":"type-product","3":"status-publish","4":"has-post-thumbnail","6":"product_cat-sante","8":"first","9":"instock","10":"shipping-taxable","11":"product-type-external"},"yoast_head":"<!-- This site is optimized with the Yoast SEO plugin v27.4 - https:\/\/yoast.com\/product\/yoast-seo-wordpress\/ -->\n<title>Hondrolife - Clinica Althea<\/title>\n<meta name=\"robots\" content=\"index, follow, max-snippet:-1, max-image-preview:large, max-video-preview:-1\" \/>\n<link rel=\"canonical\" href=\"https:\/\/www.clinicaalthea.com\/farmacia\/fr\/apt\/hondrolife\/\" \/>\n<meta property=\"og:locale\" content=\"pl_PL\" \/>\n<meta property=\"og:type\" content=\"article\" \/>\n<meta property=\"og:title\" content=\"Hondrolife - Clinica Althea\" \/>\n<meta property=\"og:description\" content=\"39.00 \u20ac 78.00 \u20ac\" \/>\n<meta property=\"og:url\" content=\"https:\/\/www.clinicaalthea.com\/farmacia\/fr\/apt\/hondrolife\/\" \/>\n<meta property=\"og:site_name\" content=\"Clinica Althea\" \/>\n<meta property=\"article:modified_time\" content=\"2024-07-18T10:25:16+00:00\" \/>\n<meta property=\"og:image\" content=\"https:\/\/www.clinicaalthea.com\/farmacia\/wp-content\/uploads\/2024\/07\/HONDROLIFE.jpg\" \/>\n\t<meta property=\"og:image:width\" content=\"768\" \/>\n\t<meta property=\"og:image:height\" content=\"768\" \/>\n\t<meta property=\"og:image:type\" content=\"image\/jpeg\" \/>\n<meta name=\"twitter:card\" content=\"summary_large_image\" \/>\n<meta name=\"twitter:label1\" content=\"Szacowany czas czytania\" \/>\n\t<meta name=\"twitter:data1\" content=\"7 minut\" \/>\n<script type=\"application\/ld+json\" class=\"yoast-schema-graph\">{\"@context\":\"https:\\\/\\\/schema.org\",\"@graph\":[{\"@type\":\"WebPage\",\"@id\":\"https:\\\/\\\/www.clinicaalthea.com\\\/farmacia\\\/fr\\\/apt\\\/hondrolife\\\/\",\"url\":\"https:\\\/\\\/www.clinicaalthea.com\\\/farmacia\\\/fr\\\/apt\\\/hondrolife\\\/\",\"name\":\"Hondrolife - Clinica Althea\",\"isPartOf\":{\"@id\":\"https:\\\/\\\/www.clinicaalthea.com\\\/farmacia\\\/#website\"},\"primaryImageOfPage\":{\"@id\":\"https:\\\/\\\/www.clinicaalthea.com\\\/farmacia\\\/fr\\\/apt\\\/hondrolife\\\/#primaryimage\"},\"image\":{\"@id\":\"https:\\\/\\\/www.clinicaalthea.com\\\/farmacia\\\/fr\\\/apt\\\/hondrolife\\\/#primaryimage\"},\"thumbnailUrl\":\"https:\\\/\\\/www.clinicaalthea.com\\\/farmacia\\\/wp-content\\\/uploads\\\/2024\\\/07\\\/HONDROLIFE.jpg\",\"datePublished\":\"2024-07-18T10:23:23+00:00\",\"dateModified\":\"2024-07-18T10:25:16+00:00\",\"breadcrumb\":{\"@id\":\"https:\\\/\\\/www.clinicaalthea.com\\\/farmacia\\\/fr\\\/apt\\\/hondrolife\\\/#breadcrumb\"},\"inLanguage\":\"pl-PL\",\"potentialAction\":[{\"@type\":\"ReadAction\",\"target\":[\"https:\\\/\\\/www.clinicaalthea.com\\\/farmacia\\\/fr\\\/apt\\\/hondrolife\\\/\"]}]},{\"@type\":\"ImageObject\",\"inLanguage\":\"pl-PL\",\"@id\":\"https:\\\/\\\/www.clinicaalthea.com\\\/farmacia\\\/fr\\\/apt\\\/hondrolife\\\/#primaryimage\",\"url\":\"https:\\\/\\\/www.clinicaalthea.com\\\/farmacia\\\/wp-content\\\/uploads\\\/2024\\\/07\\\/HONDROLIFE.jpg\",\"contentUrl\":\"https:\\\/\\\/www.clinicaalthea.com\\\/farmacia\\\/wp-content\\\/uploads\\\/2024\\\/07\\\/HONDROLIFE.jpg\",\"width\":768,\"height\":768,\"caption\":\"Hondrolife\"},{\"@type\":\"BreadcrumbList\",\"@id\":\"https:\\\/\\\/www.clinicaalthea.com\\\/farmacia\\\/fr\\\/apt\\\/hondrolife\\\/#breadcrumb\",\"itemListElement\":[{\"@type\":\"ListItem\",\"position\":1,\"name\":\"Strona g\u0142\u00f3wna\",\"item\":\"https:\\\/\\\/www.clinicaalthea.com\\\/farmacia\\\/\"},{\"@type\":\"ListItem\",\"position\":2,\"name\":\"Produkty\",\"item\":\"https:\\\/\\\/www.clinicaalthea.com\\\/farmacia\\\/\"},{\"@type\":\"ListItem\",\"position\":3,\"name\":\"Hondrolife\"}]},{\"@type\":\"WebSite\",\"@id\":\"https:\\\/\\\/www.clinicaalthea.com\\\/farmacia\\\/#website\",\"url\":\"https:\\\/\\\/www.clinicaalthea.com\\\/farmacia\\\/\",\"name\":\"Clinica Althea\",\"description\":\"\",\"publisher\":{\"@id\":\"https:\\\/\\\/www.clinicaalthea.com\\\/farmacia\\\/#organization\"},\"potentialAction\":[{\"@type\":\"SearchAction\",\"target\":{\"@type\":\"EntryPoint\",\"urlTemplate\":\"https:\\\/\\\/www.clinicaalthea.com\\\/farmacia\\\/?s={search_term_string}\"},\"query-input\":{\"@type\":\"PropertyValueSpecification\",\"valueRequired\":true,\"valueName\":\"search_term_string\"}}],\"inLanguage\":\"pl-PL\"},{\"@type\":\"Organization\",\"@id\":\"https:\\\/\\\/www.clinicaalthea.com\\\/farmacia\\\/#organization\",\"name\":\"Clinica Althea\",\"url\":\"https:\\\/\\\/www.clinicaalthea.com\\\/farmacia\\\/\",\"logo\":{\"@type\":\"ImageObject\",\"inLanguage\":\"pl-PL\",\"@id\":\"https:\\\/\\\/www.clinicaalthea.com\\\/farmacia\\\/#\\\/schema\\\/logo\\\/image\\\/\",\"url\":\"https:\\\/\\\/www.clinicaalthea.com\\\/farmacia\\\/wp-content\\\/uploads\\\/2023\\\/12\\\/Jak-diagnozuje-sie-FAS_-objawy-kryteria-diagnostyczne-i-metody-diagnozowania-154162903.jpg\",\"contentUrl\":\"https:\\\/\\\/www.clinicaalthea.com\\\/farmacia\\\/wp-content\\\/uploads\\\/2023\\\/12\\\/Jak-diagnozuje-sie-FAS_-objawy-kryteria-diagnostyczne-i-metody-diagnozowania-154162903.jpg\",\"width\":1216,\"height\":832,\"caption\":\"Clinica Althea\"},\"image\":{\"@id\":\"https:\\\/\\\/www.clinicaalthea.com\\\/farmacia\\\/#\\\/schema\\\/logo\\\/image\\\/\"}}]}<\/script>\n<!-- \/ Yoast SEO plugin. -->","yoast_head_json":{"title":"Hondrolife - Clinica Althea","robots":{"index":"index","follow":"follow","max-snippet":"max-snippet:-1","max-image-preview":"max-image-preview:large","max-video-preview":"max-video-preview:-1"},"canonical":"https:\/\/www.clinicaalthea.com\/farmacia\/fr\/apt\/hondrolife\/","og_locale":"pl_PL","og_type":"article","og_title":"Hondrolife - Clinica Althea","og_description":"39.00 \u20ac 78.00 \u20ac","og_url":"https:\/\/www.clinicaalthea.com\/farmacia\/fr\/apt\/hondrolife\/","og_site_name":"Clinica Althea","article_modified_time":"2024-07-18T10:25:16+00:00","og_image":[{"width":768,"height":768,"url":"https:\/\/www.clinicaalthea.com\/farmacia\/wp-content\/uploads\/2024\/07\/HONDROLIFE.jpg","type":"image\/jpeg"}],"twitter_card":"summary_large_image","twitter_misc":{"Szacowany czas czytania":"7 minut"},"schema":{"@context":"https:\/\/schema.org","@graph":[{"@type":"WebPage","@id":"https:\/\/www.clinicaalthea.com\/farmacia\/fr\/apt\/hondrolife\/","url":"https:\/\/www.clinicaalthea.com\/farmacia\/fr\/apt\/hondrolife\/","name":"Hondrolife - Clinica Althea","isPartOf":{"@id":"https:\/\/www.clinicaalthea.com\/farmacia\/#website"},"primaryImageOfPage":{"@id":"https:\/\/www.clinicaalthea.com\/farmacia\/fr\/apt\/hondrolife\/#primaryimage"},"image":{"@id":"https:\/\/www.clinicaalthea.com\/farmacia\/fr\/apt\/hondrolife\/#primaryimage"},"thumbnailUrl":"https:\/\/www.clinicaalthea.com\/farmacia\/wp-content\/uploads\/2024\/07\/HONDROLIFE.jpg","datePublished":"2024-07-18T10:23:23+00:00","dateModified":"2024-07-18T10:25:16+00:00","breadcrumb":{"@id":"https:\/\/www.clinicaalthea.com\/farmacia\/fr\/apt\/hondrolife\/#breadcrumb"},"inLanguage":"pl-PL","potentialAction":[{"@type":"ReadAction","target":["https:\/\/www.clinicaalthea.com\/farmacia\/fr\/apt\/hondrolife\/"]}]},{"@type":"ImageObject","inLanguage":"pl-PL","@id":"https:\/\/www.clinicaalthea.com\/farmacia\/fr\/apt\/hondrolife\/#primaryimage","url":"https:\/\/www.clinicaalthea.com\/farmacia\/wp-content\/uploads\/2024\/07\/HONDROLIFE.jpg","contentUrl":"https:\/\/www.clinicaalthea.com\/farmacia\/wp-content\/uploads\/2024\/07\/HONDROLIFE.jpg","width":768,"height":768,"caption":"Hondrolife"},{"@type":"BreadcrumbList","@id":"https:\/\/www.clinicaalthea.com\/farmacia\/fr\/apt\/hondrolife\/#breadcrumb","itemListElement":[{"@type":"ListItem","position":1,"name":"Strona g\u0142\u00f3wna","item":"https:\/\/www.clinicaalthea.com\/farmacia\/"},{"@type":"ListItem","position":2,"name":"Produkty","item":"https:\/\/www.clinicaalthea.com\/farmacia\/"},{"@type":"ListItem","position":3,"name":"Hondrolife"}]},{"@type":"WebSite","@id":"https:\/\/www.clinicaalthea.com\/farmacia\/#website","url":"https:\/\/www.clinicaalthea.com\/farmacia\/","name":"Clinica Althea","description":"","publisher":{"@id":"https:\/\/www.clinicaalthea.com\/farmacia\/#organization"},"potentialAction":[{"@type":"SearchAction","target":{"@type":"EntryPoint","urlTemplate":"https:\/\/www.clinicaalthea.com\/farmacia\/?s={search_term_string}"},"query-input":{"@type":"PropertyValueSpecification","valueRequired":true,"valueName":"search_term_string"}}],"inLanguage":"pl-PL"},{"@type":"Organization","@id":"https:\/\/www.clinicaalthea.com\/farmacia\/#organization","name":"Clinica Althea","url":"https:\/\/www.clinicaalthea.com\/farmacia\/","logo":{"@type":"ImageObject","inLanguage":"pl-PL","@id":"https:\/\/www.clinicaalthea.com\/farmacia\/#\/schema\/logo\/image\/","url":"https:\/\/www.clinicaalthea.com\/farmacia\/wp-content\/uploads\/2023\/12\/Jak-diagnozuje-sie-FAS_-objawy-kryteria-diagnostyczne-i-metody-diagnozowania-154162903.jpg","contentUrl":"https:\/\/www.clinicaalthea.com\/farmacia\/wp-content\/uploads\/2023\/12\/Jak-diagnozuje-sie-FAS_-objawy-kryteria-diagnostyczne-i-metody-diagnozowania-154162903.jpg","width":1216,"height":832,"caption":"Clinica Althea"},"image":{"@id":"https:\/\/www.clinicaalthea.com\/farmacia\/#\/schema\/logo\/image\/"}}]}},"lang":"fr","translations":{"fr":7298,"pl":7251,"hu":7262,"ro":7266,"cs":7272,"bg":7276,"sk":7280,"es":7284,"de":7290,"it":7292,"el":7300,"pt":7303,"sl":7306},"pll_sync_post":[],"_links":{"self":[{"href":"https:\/\/www.clinicaalthea.com\/farmacia\/wp-json\/wp\/v2\/product\/7298","targetHints":{"allow":["GET"]}}],"collection":[{"href":"https:\/\/www.clinicaalthea.com\/farmacia\/wp-json\/wp\/v2\/product"}],"about":[{"href":"https:\/\/www.clinicaalthea.com\/farmacia\/wp-json\/wp\/v2\/types\/product"}],"replies":[{"embeddable":true,"href":"https:\/\/www.clinicaalthea.com\/farmacia\/wp-json\/wp\/v2\/comments?post=7298"}],"wp:featuredmedia":[{"embeddable":true,"href":"https:\/\/www.clinicaalthea.com\/farmacia\/wp-json\/wp\/v2\/media\/7253"}],"wp:attachment":[{"href":"https:\/\/www.clinicaalthea.com\/farmacia\/wp-json\/wp\/v2\/media?parent=7298"}],"wp:term":[{"taxonomy":"product_brand","embeddable":true,"href":"https:\/\/www.clinicaalthea.com\/farmacia\/wp-json\/wp\/v2\/product_brand?post=7298"},{"taxonomy":"product_cat","embeddable":true,"href":"https:\/\/www.clinicaalthea.com\/farmacia\/wp-json\/wp\/v2\/product_cat?post=7298"},{"taxonomy":"product_tag","embeddable":true,"href":"https:\/\/www.clinicaalthea.com\/farmacia\/wp-json\/wp\/v2\/product_tag?post=7298"}],"curies":[{"name":"wp","href":"https:\/\/api.w.org\/{rel}","templated":true}]}}