{"id":7294,"date":"2024-07-18T11:22:41","date_gmt":"2024-07-18T10:22:41","guid":{"rendered":"https:\/\/mayoguide.org\/produkty\/?post_type=product&#038;p=7294"},"modified":"2024-07-18T11:23:17","modified_gmt":"2024-07-18T10:23:17","slug":"promicil","status":"publish","type":"product","link":"https:\/\/www.clinicaalthea.com\/farmacia\/cs\/apt\/promicil\/","title":{"rendered":"Promicil"},"content":{"rendered":"\n<h2 class=\"wp-block-heading\">Co je p\u0159\u00edpravek Promicil a jak funguje?<\/h2>\n\n\n\n<p><b>Promicil<\/b> je kr\u00e9m ur\u010den\u00fd k boji proti ko\u017en\u00edm pl\u00edsn\u00edm v jak\u00e9mkoli stadiu infekce. Jeho hlavn\u00edm <b>\u00fa\u010dinkem<\/b> je naru\u0161en\u00ed funkce a struktury pl\u00edsn\u00ed. Tento p\u0159\u00edpravek obsahuje <b>\u00fa\u010dinn\u00e9 l\u00e1tky,<\/b> jako je <b>triklosan<\/b>, <b>alantoin<\/b> a <b>panthenol<\/b>, kter\u00e9 maj\u00ed protipl\u00eds\u0148ov\u00e9 vlastnosti. <b>Triklosan<\/b> inhibuje r\u016fst pl\u00edsn\u00ed t\u00edm, \u017ee naru\u0161uje tvorbu bun\u011b\u010dn\u00fdch membr\u00e1n nebo ni\u010d\u00ed DNA pl\u00edsn\u00ed. <b>Alantoin<\/b> hydratuje a zklid\u0148uje podr\u00e1\u017ed\u011bnou poko\u017eku, zat\u00edmco <b>panthenol<\/b> regeneruje poko\u017eku.<\/p>\n\n\n\n<p><b>Promicil<\/b> rychle a \u00fa\u010dinn\u011b odstra\u0148uje p\u0159\u00edznaky dermatofyt\u00f3zy, jako je sv\u011bd\u011bn\u00ed, olupov\u00e1n\u00ed a podr\u00e1\u017ed\u011bn\u00ed. Podle \u00fadaj\u016f se pl\u00edsn\u00edm da\u0159\u00ed zejm\u00e9na v hork\u00e9m a vlhk\u00e9m prost\u0159ed\u00ed, tak\u017ee \u010dast\u00fdm zdrojem infekce mohou b\u00fdt ve\u0159ejn\u00e9 \u0161atny, t\u011blocvi\u010dny a baz\u00e9ny. C\u00edlem p\u0159\u00edpravku Promicil je potla\u010dit r\u016fst a \u0161\u00ed\u0159en\u00ed pl\u00edsn\u00ed, <b>zabr\u00e1nit opakovan\u00fdm<\/b> infekc\u00edm a zlep\u0161it celkov\u00fd vzhled a stav poko\u017eky.<\/p>\n\n\n\n<h2 class=\"wp-block-heading\">Promicil &#8211; \u00fa\u010dinky aplikace<\/h2>\n\n\n\n<p>Promicil je kr\u00e9m, kter\u00fd m\u00e1 mnoho p\u0159\u00edzniv\u00fdch \u00fa\u010dink\u016f p\u0159i pl\u00eds\u0148ov\u00fdch infekc\u00edch k\u016f\u017ee nohou. D\u00edky sv\u00fdm antimykotick\u00fdm \u00fa\u010dink\u016fm Promicil \u00fa\u010dinn\u011b bojuje proti pl\u00eds\u0148ov\u00fdm infekc\u00edm, odstra\u0148uje p\u0159\u00edznaky, jako je \u0161upinat\u011bn\u00ed a sv\u011bd\u011bn\u00ed, a sni\u017euje z\u00e1pach nohou zp\u016fsoben\u00fd pl\u00edsn\u011bmi.<\/p>\n\n\n\n<p>Pravideln\u00e9 <b>pou\u017e\u00edv\u00e1n\u00ed p\u0159\u00edpravku<\/b> Promicil p\u0159in\u00e1\u0161\u00ed viditeln\u00e9 v\u00fdsledky &#8211; zlep\u0161uje stav poko\u017eky nohou, redukuje praskliny a v\u0159edy a normalizuje <b>nehty<\/b> posti\u017een\u00e9 pl\u00eds\u0148ovou infekc\u00ed. V\u00fdsledkem je, \u017ee <b>u\u017eivatel\u00e9<\/b> poci\u0165uj\u00ed \u00falevu a spokojenost s v\u00fdsledky.<\/p>\n\n\n\n<p>Promicil nejen\u017ee odstra\u0148uje aktu\u00e1ln\u00ed p\u0159\u00edznaky pl\u00eds\u0148ov\u00e9 infekce, ale tak\u00e9 pom\u00e1h\u00e1 p\u0159edch\u00e1zet jej\u00edmu opakov\u00e1n\u00ed. Jeho <b>antimykotick\u00e9 vlastnosti<\/b> p\u016fsob\u00ed jako ochrana p\u0159ed dal\u0161\u00edmi infekcemi.<\/p>\n\n\n\n<p>V\u00fdsledky Promicilu opakovan\u011b potvrzuj\u00ed spokojen\u00ed u\u017eivatel\u00e9, kte\u0159\u00ed uv\u00e1d\u011bj\u00ed zlep\u0161en\u00ed vzhledu nohou a neht\u016f a sn\u00ed\u017een\u00ed v\u00fdskytu ko\u017en\u00edch pl\u00edsn\u00ed.<\/p>\n\n\n\n<h2 class=\"wp-block-heading\">Jak spr\u00e1vn\u011b pou\u017e\u00edvat Promicil &#8211; D\u00e1vkov\u00e1n\u00ed<\/h2>\n\n\n\n<p>Pro dosa\u017een\u00ed nejlep\u0161\u00edch v\u00fdsledk\u016f se doporu\u010duje spr\u00e1vn\u00e1 <b>aplikace p\u0159\u00edprav<\/b> ku Promicil. P\u0159ed aplikac\u00ed kr\u00e9mu si nohy d\u016fkladn\u011b umyjte a osu\u0161te. Pot\u00e9 naneste p\u0159im\u011b\u0159en\u00e9 mno\u017estv\u00ed kr\u00e9mu na posti\u017een\u00e1 m\u00edsta, jako je <b>k\u016f\u017ee<\/b> mezi prsty nebo <b>nehty<\/b>. Kr\u00e9m vmas\u00edrujte do poko\u017eky, dokud se zcela nevst\u0159eb\u00e1.<\/p>\n\n\n\n<p>Pro maxim\u00e1ln\u00ed \u00fa\u010dinek se doporu\u010duje <b>aplikovat<\/b> Promicil denn\u011b, r\u00e1no a ve\u010der. P\u0159i d\u00e1vkov\u00e1n\u00ed nezapome\u0148te nep\u0159ekro\u010dit doporu\u010den\u00e9 mno\u017estv\u00ed aplikace. Pravideln\u00e1 a spr\u00e1vn\u00e1 aplikace p\u0159\u00edpravku Promicil m\u016f\u017ee p\u0159in\u00e9st optim\u00e1ln\u00ed v\u00fdsledky a zlep\u0161en\u00ed stavu k\u016f\u017ee nohou a neht\u016f posti\u017een\u00fdch mycosis fungoides.<\/p>\n\n\n\n<h2 class=\"wp-block-heading\">Promicil &#8211; N\u00e1zory a recenze &#8211; Co \u0159\u00edkaj\u00ed u\u017eivatel\u00e9?<\/h2>\n\n\n\n<p>Promicil z\u00edskal pozitivn\u00ed zp\u011btnou vazbu od u\u017eivatel\u016f, kte\u0159\u00ed tento kr\u00e9m na pl\u00edsn\u011b nohou pou\u017e\u00edvali. Mnoho lid\u00ed uv\u00e1d\u00ed, \u017ee Promicil poskytuje \u00falevu od st\u00ed\u017enost\u00ed na p\u00e1sov\u00fd opar, jako je sv\u011bd\u011bn\u00ed, p\u00e1len\u00ed, odlupov\u00e1n\u00ed a zarudnut\u00ed k\u016f\u017ee. <b>U\u017eivatel\u00e9<\/b> tak\u00e9 zaznamenali zlep\u0161en\u00ed vzhledu poko\u017eky nohou a neht\u016f a sn\u00ed\u017een\u00ed z\u00e1pachu.<\/p>\n\n\n\n<p>Vyjad\u0159uj\u00ed <b>n\u00e1zor,<\/b> \u017ee Promicil je \u00fa\u010dinn\u00fdm \u0159e\u0161en\u00edm pro boj s pl\u00eds\u0148ov\u00fdmi infekcemi a prevenci jejich opakovan\u00e9ho v\u00fdskytu. <b>Zp\u011btn\u00e1 vazba<\/b> a <b>recenze<\/b> u\u017eivatel\u016f potvrzuj\u00ed <b>\u00fa\u010dinnost p\u0159\u00edpravku<\/b> Promicil a sv\u011bd\u010d\u00ed o jejich spokojenosti s v\u00fdsledky.<\/p>\n\n\n\n<p>Mnoho u\u017eivatel\u016f Promicilu se domn\u00edv\u00e1, \u017ee kr\u00e9m pom\u00e1h\u00e1 zvl\u00e1dat tinea pedis, poskytuje \u00falevu, zm\u00edr\u0148uje nepohodl\u00ed a zlep\u0161uje celkov\u00fd stav poko\u017eky.<\/p>\n\n\n\n<h2 class=\"wp-block-heading\">Slo\u017een\u00ed p\u0159\u00edpravku Promicil &#8211; anal\u00fdza slo\u017eek<\/h2>\n\n\n\n<p>Promicil je <b>kr\u00e9m proti pl\u00eds\u0148ov\u00fdm infekc\u00edm<\/b>, jeho\u017e <b>slo\u017een\u00ed<\/b> bylo pe\u010dliv\u011b vybr\u00e1no tak, aby byla zaji\u0161t\u011bna <b>\u00fa\u010dinnost<\/b> kr\u00e9mu a zlep\u0161en\u00ed stavu poko\u017eky. <b>Slo\u017een\u00ed<\/b> Promicilu obsahuje r\u016fzn\u00e9 <b>\u00fa\u010dinn\u00e9 l\u00e1tky<\/b> s protipl\u00eds\u0148ov\u00fdmi a pe\u010duj\u00edc\u00edmi \u00fa\u010dinky na poko\u017eku.<\/p>\n\n\n\n<p>Jednou z hlavn\u00edch slo\u017eek p\u0159\u00edpravku Promicil je <b>triclosan<\/b>, l\u00e1tka, kter\u00e1 br\u00e1n\u00ed r\u016fstu pl\u00edsn\u00ed t\u00edm, \u017ee naru\u0161uje tvorbu bun\u011b\u010dn\u00fdch membr\u00e1n nebo ni\u010d\u00ed jejich DNA. \u00da\u010dinn\u011b p\u016fsob\u00ed proti pl\u00eds\u0148ov\u00fdm infekc\u00edm k\u016f\u017ee.<\/p>\n\n\n\n<p>Krom\u011b triklosanu obsahuje Promicil tak\u00e9 alantoin a <b>panthenol<\/b>, slo\u017eky s hydrata\u010dn\u00edm a regenera\u010dn\u00edm \u00fa\u010dinkem na poko\u017eku. <b>Alantoin<\/b> zklid\u0148uje podr\u00e1\u017ed\u011bn\u00ed poko\u017eky, zat\u00edmco panthenol podporuje jej\u00ed regeneraci.<\/p>\n\n\n\n<p>Promicil obsahuje tak\u00e9 dal\u0161\u00ed slo\u017eky, jako je mo\u010dovina, v\u00fdta\u017eek z kv\u011bt\u016f m\u011bs\u00ed\u010dku l\u00e9ka\u0159sk\u00e9ho, ricinov\u00fd olej, glycerin a s\u00edran ho\u0159e\u010dnat\u00fd. Tyto slo\u017eky maj\u00ed pro poko\u017eku p\u0159\u00edzniv\u00e9 vlastnosti, nap\u0159\u00edklad poskytuj\u00ed dostate\u010dnou hydrataci, v\u00fd\u017eivu a zklid\u0148uj\u00ed podr\u00e1\u017ed\u011bn\u00ed.<\/p>\n\n\n\n<p>D\u00edky pe\u010dliv\u011b vybran\u00e9mu slo\u017een\u00ed Promicil \u00fa\u010dinn\u011b bojuje proti pl\u00eds\u0148ov\u00fdm infekc\u00edm a zlep\u0161uje celkov\u00fd stav poko\u017eky. Jeho <b>aktivn\u00ed slo\u017eky<\/b> p\u016fsob\u00ed komplexn\u011b a poskytuj\u00ed optim\u00e1ln\u00ed v\u00fdsledky v boji proti pl\u00eds\u0148ov\u00fdm infekc\u00edm k\u016f\u017ee.<\/p>\n\n\n\n<h2 class=\"wp-block-heading\">Promicil cena &#8211; Kde koupit?<\/h2>\n\n\n\n<p>P\u0159i n\u00e1kupu p\u0159\u00edpravku Promicil je nejlep\u0161\u00ed pou\u017e\u00edt ofici\u00e1ln\u00ed webov\u00e9 str\u00e1nky v\u00fdrobce. Na t\u00e9to str\u00e1nce m\u016f\u017eete naj\u00edt atraktivn\u00ed akce, kter\u00e9 v\u00e1m pomohou u\u0161et\u0159it n\u011bjak\u00e9 pen\u00edze. Krom\u011b toho n\u00e1kup z ofici\u00e1ln\u00edch str\u00e1nek v\u00fdrobce zaru\u010duje originalitu v\u00fdrobku. Promicil nen\u00ed k dispozici v l\u00e9k\u00e1rn\u00e1ch, co\u017e znamen\u00e1, \u017ee nejlep\u0161\u00edm m\u00edstem pro n\u00e1kup je <b>internetov\u00fd obchod<\/b>. Sledov\u00e1n\u00edm ofici\u00e1ln\u00edch webov\u00fdch str\u00e1nek v\u00fdrobce si m\u016f\u017eete b\u00fdt jisti, \u017ee kupujete origin\u00e1ln\u00ed, vysoce kvalitn\u00ed v\u00fdrobek. T\u00edmto zp\u016fsobem m\u016f\u017eete dos\u00e1hnout nejlep\u0161\u00ed ceny a <b>\u00fa\u010dinnosti<\/b> Promicil.<\/p>\n\n\n\n<h2 class=\"wp-block-heading\">Promicil &#8211; Mo\u017en\u00e9 ne\u017e\u00e1douc\u00ed \u00fa\u010dinky a kontraindikace pou\u017eit\u00ed<\/h2>\n\n\n\n<p>Promicil je obecn\u011b pova\u017eov\u00e1n za bezpe\u010dn\u00fd kr\u00e9m proti p\u00e1sov\u00e9mu oparu. Nebyly hl\u00e1\u0161eny \u017e\u00e1dn\u00e9 z\u00e1va\u017en\u00e9 ne\u017e\u00e1douc\u00ed \u00fa\u010dinky spojen\u00e9 s jeho pou\u017e\u00edv\u00e1n\u00edm. Stejn\u011b jako v\u011bt\u0161ina kosmetick\u00fdch p\u0159\u00edpravk\u016f v\u0161ak m\u016f\u017ee i Promicil vyvolat alergick\u00e9 <b>reakce<\/b> u lid\u00ed, kte\u0159\u00ed jsou alergi\u010dt\u00ed na n\u011bkterou ze slo\u017eek. P\u0159ed pou\u017eit\u00edm p\u0159\u00edpravku Promicil je vhodn\u00e9 p\u0159e\u010d\u00edst si informace v p\u0159\u00edbalov\u00e9m let\u00e1ku a v p\u0159\u00edpad\u011b pochybnost\u00ed nebo alergie se poradit s l\u00e9ka\u0159em.<\/p>\n\n\n\n<p>Vezm\u011bte pros\u00edm na v\u011bdom\u00ed, \u017ee Promicil je ur\u010den pouze k vn\u011bj\u0161\u00edmu pou\u017eit\u00ed a nem\u011bl by b\u00fdt po\u017e\u00edv\u00e1n. Pokud se objev\u00ed alergick\u00e9 reakce, jako je vyr\u00e1\u017eka, sv\u011bd\u011bn\u00ed, otok nebo zarudnut\u00ed k\u016f\u017ee, okam\u017eit\u011b p\u0159esta\u0148te kr\u00e9m pou\u017e\u00edvat a pora\u010fte se s l\u00e9ka\u0159em. Promicil se nedoporu\u010duje pou\u017e\u00edvat u d\u011bt\u00ed mlad\u0161\u00edch 12 let, pokud to nedoporu\u010d\u00ed l\u00e9ka\u0159.<\/p>\n\n\n\n<p>P\u0159i pou\u017e\u00edv\u00e1n\u00ed p\u0159\u00edpravku Promicil podle doporu\u010den\u00ed v\u00fdrobce je t\u0159eba se vyhnout kontaktu s o\u010dima a sliznicemi. Pokud se kr\u00e9m n\u00e1hodn\u011b dostane do o\u010d\u00ed, lze je vypl\u00e1chnout \u010distou vodou. Pokud podr\u00e1\u017ed\u011bn\u00ed p\u0159etrv\u00e1v\u00e1, je t\u0159eba vyhledat l\u00e9ka\u0159e. P\u0159i v\u00fdskytu abnormalit, jako je zm\u011bna barvy, z\u00e1pachu nebo konzistence kr\u00e9mu, p\u0159esta\u0148te kr\u00e9m pou\u017e\u00edvat a pora\u010fte se s l\u00e9ka\u0159em nebo v\u00fdrobcem.<\/p>\n","protected":false},"excerpt":{"rendered":"<p><strong>890.00 K\u010d<\/strong><\/p>\n<p><del>1780.00 K\u010d<\/del><\/p>\n<p><strong>[date_countdown]<\/strong><\/p>\n","protected":false},"featured_media":7240,"comment_status":"open","ping_status":"closed","template":"","meta":{"neve_meta_sidebar":"","neve_meta_container":"","neve_meta_enable_content_width":"","neve_meta_content_width":0,"neve_meta_title_alignment":"","neve_meta_author_avatar":"","neve_post_elements_order":"","neve_meta_disable_header":"","neve_meta_disable_footer":"","neve_meta_disable_title":"","neve_meta_reading_time":""},"product_brand":[],"product_cat":[49],"product_tag":[],"class_list":{"0":"post-7294","1":"product","2":"type-product","3":"status-publish","4":"has-post-thumbnail","6":"product_cat-zdravi","8":"first","9":"instock","10":"shipping-taxable","11":"product-type-external"},"yoast_head":"<!-- This site is optimized with the Yoast SEO plugin v27.4 - https:\/\/yoast.com\/product\/yoast-seo-wordpress\/ -->\n<title>Promicil - Clinica Althea<\/title>\n<meta name=\"robots\" content=\"index, follow, max-snippet:-1, max-image-preview:large, max-video-preview:-1\" \/>\n<link rel=\"canonical\" href=\"https:\/\/www.clinicaalthea.com\/farmacia\/cs\/apt\/promicil\/\" \/>\n<meta property=\"og:locale\" content=\"pl_PL\" \/>\n<meta property=\"og:type\" content=\"article\" \/>\n<meta property=\"og:title\" content=\"Promicil - Clinica Althea\" \/>\n<meta property=\"og:description\" content=\"890.00 K\u010d 1780.00 K\u010d\" \/>\n<meta property=\"og:url\" content=\"https:\/\/www.clinicaalthea.com\/farmacia\/cs\/apt\/promicil\/\" \/>\n<meta property=\"og:site_name\" content=\"Clinica Althea\" \/>\n<meta property=\"article:modified_time\" content=\"2024-07-18T10:23:17+00:00\" \/>\n<meta property=\"og:image\" content=\"https:\/\/www.clinicaalthea.com\/farmacia\/wp-content\/uploads\/2024\/07\/PROMICIL.jpg\" \/>\n\t<meta property=\"og:image:width\" content=\"768\" \/>\n\t<meta property=\"og:image:height\" content=\"768\" \/>\n\t<meta property=\"og:image:type\" content=\"image\/jpeg\" \/>\n<meta name=\"twitter:card\" content=\"summary_large_image\" \/>\n<meta name=\"twitter:label1\" content=\"Szacowany czas czytania\" \/>\n\t<meta name=\"twitter:data1\" content=\"6 minut\" \/>\n<script type=\"application\/ld+json\" class=\"yoast-schema-graph\">{\"@context\":\"https:\\\/\\\/schema.org\",\"@graph\":[{\"@type\":\"WebPage\",\"@id\":\"https:\\\/\\\/www.clinicaalthea.com\\\/farmacia\\\/cs\\\/apt\\\/promicil\\\/\",\"url\":\"https:\\\/\\\/www.clinicaalthea.com\\\/farmacia\\\/cs\\\/apt\\\/promicil\\\/\",\"name\":\"Promicil - Clinica Althea\",\"isPartOf\":{\"@id\":\"https:\\\/\\\/www.clinicaalthea.com\\\/farmacia\\\/#website\"},\"primaryImageOfPage\":{\"@id\":\"https:\\\/\\\/www.clinicaalthea.com\\\/farmacia\\\/cs\\\/apt\\\/promicil\\\/#primaryimage\"},\"image\":{\"@id\":\"https:\\\/\\\/www.clinicaalthea.com\\\/farmacia\\\/cs\\\/apt\\\/promicil\\\/#primaryimage\"},\"thumbnailUrl\":\"https:\\\/\\\/www.clinicaalthea.com\\\/farmacia\\\/wp-content\\\/uploads\\\/2024\\\/07\\\/PROMICIL.jpg\",\"datePublished\":\"2024-07-18T10:22:41+00:00\",\"dateModified\":\"2024-07-18T10:23:17+00:00\",\"breadcrumb\":{\"@id\":\"https:\\\/\\\/www.clinicaalthea.com\\\/farmacia\\\/cs\\\/apt\\\/promicil\\\/#breadcrumb\"},\"inLanguage\":\"pl-PL\",\"potentialAction\":[{\"@type\":\"ReadAction\",\"target\":[\"https:\\\/\\\/www.clinicaalthea.com\\\/farmacia\\\/cs\\\/apt\\\/promicil\\\/\"]}]},{\"@type\":\"ImageObject\",\"inLanguage\":\"pl-PL\",\"@id\":\"https:\\\/\\\/www.clinicaalthea.com\\\/farmacia\\\/cs\\\/apt\\\/promicil\\\/#primaryimage\",\"url\":\"https:\\\/\\\/www.clinicaalthea.com\\\/farmacia\\\/wp-content\\\/uploads\\\/2024\\\/07\\\/PROMICIL.jpg\",\"contentUrl\":\"https:\\\/\\\/www.clinicaalthea.com\\\/farmacia\\\/wp-content\\\/uploads\\\/2024\\\/07\\\/PROMICIL.jpg\",\"width\":768,\"height\":768,\"caption\":\"xr:d:DAF6yYKe-t0:30,j:670326929055096433,t:24012410\"},{\"@type\":\"BreadcrumbList\",\"@id\":\"https:\\\/\\\/www.clinicaalthea.com\\\/farmacia\\\/cs\\\/apt\\\/promicil\\\/#breadcrumb\",\"itemListElement\":[{\"@type\":\"ListItem\",\"position\":1,\"name\":\"Strona g\u0142\u00f3wna\",\"item\":\"https:\\\/\\\/www.clinicaalthea.com\\\/farmacia\\\/\"},{\"@type\":\"ListItem\",\"position\":2,\"name\":\"Produkty\",\"item\":\"https:\\\/\\\/www.clinicaalthea.com\\\/farmacia\\\/\"},{\"@type\":\"ListItem\",\"position\":3,\"name\":\"Promicil\"}]},{\"@type\":\"WebSite\",\"@id\":\"https:\\\/\\\/www.clinicaalthea.com\\\/farmacia\\\/#website\",\"url\":\"https:\\\/\\\/www.clinicaalthea.com\\\/farmacia\\\/\",\"name\":\"Clinica Althea\",\"description\":\"\",\"publisher\":{\"@id\":\"https:\\\/\\\/www.clinicaalthea.com\\\/farmacia\\\/#organization\"},\"potentialAction\":[{\"@type\":\"SearchAction\",\"target\":{\"@type\":\"EntryPoint\",\"urlTemplate\":\"https:\\\/\\\/www.clinicaalthea.com\\\/farmacia\\\/?s={search_term_string}\"},\"query-input\":{\"@type\":\"PropertyValueSpecification\",\"valueRequired\":true,\"valueName\":\"search_term_string\"}}],\"inLanguage\":\"pl-PL\"},{\"@type\":\"Organization\",\"@id\":\"https:\\\/\\\/www.clinicaalthea.com\\\/farmacia\\\/#organization\",\"name\":\"Clinica Althea\",\"url\":\"https:\\\/\\\/www.clinicaalthea.com\\\/farmacia\\\/\",\"logo\":{\"@type\":\"ImageObject\",\"inLanguage\":\"pl-PL\",\"@id\":\"https:\\\/\\\/www.clinicaalthea.com\\\/farmacia\\\/#\\\/schema\\\/logo\\\/image\\\/\",\"url\":\"https:\\\/\\\/www.clinicaalthea.com\\\/farmacia\\\/wp-content\\\/uploads\\\/2023\\\/12\\\/Jak-diagnozuje-sie-FAS_-objawy-kryteria-diagnostyczne-i-metody-diagnozowania-154162903.jpg\",\"contentUrl\":\"https:\\\/\\\/www.clinicaalthea.com\\\/farmacia\\\/wp-content\\\/uploads\\\/2023\\\/12\\\/Jak-diagnozuje-sie-FAS_-objawy-kryteria-diagnostyczne-i-metody-diagnozowania-154162903.jpg\",\"width\":1216,\"height\":832,\"caption\":\"Clinica Althea\"},\"image\":{\"@id\":\"https:\\\/\\\/www.clinicaalthea.com\\\/farmacia\\\/#\\\/schema\\\/logo\\\/image\\\/\"}}]}<\/script>\n<!-- \/ Yoast SEO plugin. -->","yoast_head_json":{"title":"Promicil - Clinica Althea","robots":{"index":"index","follow":"follow","max-snippet":"max-snippet:-1","max-image-preview":"max-image-preview:large","max-video-preview":"max-video-preview:-1"},"canonical":"https:\/\/www.clinicaalthea.com\/farmacia\/cs\/apt\/promicil\/","og_locale":"pl_PL","og_type":"article","og_title":"Promicil - Clinica Althea","og_description":"890.00 K\u010d 1780.00 K\u010d","og_url":"https:\/\/www.clinicaalthea.com\/farmacia\/cs\/apt\/promicil\/","og_site_name":"Clinica Althea","article_modified_time":"2024-07-18T10:23:17+00:00","og_image":[{"width":768,"height":768,"url":"https:\/\/www.clinicaalthea.com\/farmacia\/wp-content\/uploads\/2024\/07\/PROMICIL.jpg","type":"image\/jpeg"}],"twitter_card":"summary_large_image","twitter_misc":{"Szacowany czas czytania":"6 minut"},"schema":{"@context":"https:\/\/schema.org","@graph":[{"@type":"WebPage","@id":"https:\/\/www.clinicaalthea.com\/farmacia\/cs\/apt\/promicil\/","url":"https:\/\/www.clinicaalthea.com\/farmacia\/cs\/apt\/promicil\/","name":"Promicil - Clinica Althea","isPartOf":{"@id":"https:\/\/www.clinicaalthea.com\/farmacia\/#website"},"primaryImageOfPage":{"@id":"https:\/\/www.clinicaalthea.com\/farmacia\/cs\/apt\/promicil\/#primaryimage"},"image":{"@id":"https:\/\/www.clinicaalthea.com\/farmacia\/cs\/apt\/promicil\/#primaryimage"},"thumbnailUrl":"https:\/\/www.clinicaalthea.com\/farmacia\/wp-content\/uploads\/2024\/07\/PROMICIL.jpg","datePublished":"2024-07-18T10:22:41+00:00","dateModified":"2024-07-18T10:23:17+00:00","breadcrumb":{"@id":"https:\/\/www.clinicaalthea.com\/farmacia\/cs\/apt\/promicil\/#breadcrumb"},"inLanguage":"pl-PL","potentialAction":[{"@type":"ReadAction","target":["https:\/\/www.clinicaalthea.com\/farmacia\/cs\/apt\/promicil\/"]}]},{"@type":"ImageObject","inLanguage":"pl-PL","@id":"https:\/\/www.clinicaalthea.com\/farmacia\/cs\/apt\/promicil\/#primaryimage","url":"https:\/\/www.clinicaalthea.com\/farmacia\/wp-content\/uploads\/2024\/07\/PROMICIL.jpg","contentUrl":"https:\/\/www.clinicaalthea.com\/farmacia\/wp-content\/uploads\/2024\/07\/PROMICIL.jpg","width":768,"height":768,"caption":"xr:d:DAF6yYKe-t0:30,j:670326929055096433,t:24012410"},{"@type":"BreadcrumbList","@id":"https:\/\/www.clinicaalthea.com\/farmacia\/cs\/apt\/promicil\/#breadcrumb","itemListElement":[{"@type":"ListItem","position":1,"name":"Strona g\u0142\u00f3wna","item":"https:\/\/www.clinicaalthea.com\/farmacia\/"},{"@type":"ListItem","position":2,"name":"Produkty","item":"https:\/\/www.clinicaalthea.com\/farmacia\/"},{"@type":"ListItem","position":3,"name":"Promicil"}]},{"@type":"WebSite","@id":"https:\/\/www.clinicaalthea.com\/farmacia\/#website","url":"https:\/\/www.clinicaalthea.com\/farmacia\/","name":"Clinica Althea","description":"","publisher":{"@id":"https:\/\/www.clinicaalthea.com\/farmacia\/#organization"},"potentialAction":[{"@type":"SearchAction","target":{"@type":"EntryPoint","urlTemplate":"https:\/\/www.clinicaalthea.com\/farmacia\/?s={search_term_string}"},"query-input":{"@type":"PropertyValueSpecification","valueRequired":true,"valueName":"search_term_string"}}],"inLanguage":"pl-PL"},{"@type":"Organization","@id":"https:\/\/www.clinicaalthea.com\/farmacia\/#organization","name":"Clinica Althea","url":"https:\/\/www.clinicaalthea.com\/farmacia\/","logo":{"@type":"ImageObject","inLanguage":"pl-PL","@id":"https:\/\/www.clinicaalthea.com\/farmacia\/#\/schema\/logo\/image\/","url":"https:\/\/www.clinicaalthea.com\/farmacia\/wp-content\/uploads\/2023\/12\/Jak-diagnozuje-sie-FAS_-objawy-kryteria-diagnostyczne-i-metody-diagnozowania-154162903.jpg","contentUrl":"https:\/\/www.clinicaalthea.com\/farmacia\/wp-content\/uploads\/2023\/12\/Jak-diagnozuje-sie-FAS_-objawy-kryteria-diagnostyczne-i-metody-diagnozowania-154162903.jpg","width":1216,"height":832,"caption":"Clinica Althea"},"image":{"@id":"https:\/\/www.clinicaalthea.com\/farmacia\/#\/schema\/logo\/image\/"}}]}},"lang":"cs","translations":{"cs":7294,"pl":7237,"bg":7246,"hu":7250,"de":7254,"el":7256,"es":7258,"it":7260,"lv":7264,"lt":7268,"pt":7270,"ro":7274,"sk":7278,"sl":7282,"nl":7286,"fr":7289,"et":7296},"pll_sync_post":[],"_links":{"self":[{"href":"https:\/\/www.clinicaalthea.com\/farmacia\/wp-json\/wp\/v2\/product\/7294","targetHints":{"allow":["GET"]}}],"collection":[{"href":"https:\/\/www.clinicaalthea.com\/farmacia\/wp-json\/wp\/v2\/product"}],"about":[{"href":"https:\/\/www.clinicaalthea.com\/farmacia\/wp-json\/wp\/v2\/types\/product"}],"replies":[{"embeddable":true,"href":"https:\/\/www.clinicaalthea.com\/farmacia\/wp-json\/wp\/v2\/comments?post=7294"}],"wp:featuredmedia":[{"embeddable":true,"href":"https:\/\/www.clinicaalthea.com\/farmacia\/wp-json\/wp\/v2\/media\/7240"}],"wp:attachment":[{"href":"https:\/\/www.clinicaalthea.com\/farmacia\/wp-json\/wp\/v2\/media?parent=7294"}],"wp:term":[{"taxonomy":"product_brand","embeddable":true,"href":"https:\/\/www.clinicaalthea.com\/farmacia\/wp-json\/wp\/v2\/product_brand?post=7294"},{"taxonomy":"product_cat","embeddable":true,"href":"https:\/\/www.clinicaalthea.com\/farmacia\/wp-json\/wp\/v2\/product_cat?post=7294"},{"taxonomy":"product_tag","embeddable":true,"href":"https:\/\/www.clinicaalthea.com\/farmacia\/wp-json\/wp\/v2\/product_tag?post=7294"}],"curies":[{"name":"wp","href":"https:\/\/api.w.org\/{rel}","templated":true}]}}