{"id":7244,"date":"2024-07-18T11:12:31","date_gmt":"2024-07-18T10:12:31","guid":{"rendered":"https:\/\/mayoguide.org\/produkty\/?post_type=product&#038;p=7244"},"modified":"2024-07-18T11:13:25","modified_gmt":"2024-07-18T10:13:25","slug":"hondrofrost","status":"publish","type":"product","link":"https:\/\/www.clinicaalthea.com\/farmacia\/pt\/apt\/hondrofrost\/","title":{"rendered":"Hondrofrost"},"content":{"rendered":"<h2 class=\"wp-block-heading\">O que \u00e9 o Hondrofrost e como actua?<\/h2>\n\n\n<p><b>Hondrofrost<\/b> \u00e9 um <em>creme<\/em> inovador para <em>as<\/em> articula\u00e7\u00f5es que foi desenvolvido para pessoas com problemas nas articula\u00e7\u00f5es. Actua estimulando o metabolismo, o que contribui para o r\u00e1pido al\u00edvio da dor, proporcionando uma agrad\u00e1vel sensa\u00e7\u00e3o de arrefecimento e relaxamento.<\/p>\n\n\n<p><b>A efic\u00e1cia do<\/b> <em>Hondrofrost<\/em> \u00e9 vis\u00edvel ap\u00f3s um curto per\u00edodo de utiliza\u00e7\u00e3o e <b>baseia-se<\/b> em ingredientes naturais que apoiam a sa\u00fade das articula\u00e7\u00f5es e dos ossos. Gra\u00e7as \u00e0 combina\u00e7\u00e3o da formula\u00e7\u00e3o bem pensada dos ingredientes utilizados, <em>o Hondrofrost<\/em> ajuda a reduzir a dor nas articula\u00e7\u00f5es, melhorando o conforto e a qualidade de vida das pessoas com problemas articulares.<\/p>\n\n\n<p><b>A utiliza\u00e7\u00e3o<\/b> regular <b>de<\/b> <em>Hondrofrost<\/em> pode proporcionar al\u00edvio, apoiar a regenera\u00e7\u00e3o das articula\u00e7\u00f5es e dos ossos e aumentar a mobilidade das articula\u00e7\u00f5es. Os <b>efeitos do<\/b> creme podem ser vistos e sentidos, tornando-o uma escolha popular entre aqueles que procuram uma terapia natural e apoio para o al\u00edvio da dor nas articula\u00e7\u00f5es.<\/p>\n\n\n<h2 class=\"wp-block-heading\">Hondrofrost &#8211; efeitos da aplica\u00e7\u00e3o<\/h2>\n\n\n<p>A <b>utiliza\u00e7\u00e3o de<\/b> Hondrofrost creme pode ter muitos efeitos ben\u00e9ficos para as pessoas com problemas nas articula\u00e7\u00f5es. Gra\u00e7as aos seus ingredientes naturais e \u00e0 sua f\u00f3rmula inovadora, o Hondrofrost proporciona al\u00edvio das dores articulares e melhora a mobilidade das articula\u00e7\u00f5es, contribuindo para uma melhoria global da qualidade de vida.<\/p>\n\n\n<p>Os <b>efeitos<\/b> ben\u00e9ficos <b>do<\/b> Hondrofrost incluem:<\/p>\n\n\n\n<ul class=\"wp-block-list\">\n<li>Al\u00edvio das dores articulares<\/li>\n\n\n\n<li>Melhorar a mobilidade das articula\u00e7\u00f5es<\/li>\n\n\n\n<li>Redu\u00e7\u00e3o da dor<\/li>\n\n\n\n<li>Aumentar o conforto e a qualidade de vida das pessoas com problemas articulares<\/li>\n<\/ul>\n\n\n<p>O Hondrofrost \u00e9 um produto seguro que \u00e9 bem tolerado pela maioria das pessoas. No entanto, como acontece com qualquer produto, podem ocorrer casos ocasionais de alergia a qualquer um dos ingredientes do creme. Se desenvolver quaisquer sintomas adversos ap\u00f3s a utiliza\u00e7\u00e3o de Hondrofrost, interrompa a <b>utiliza\u00e7\u00e3o<\/b> e consulte o seu m\u00e9dico.<\/p>\n\n\n<p>\u00c9 igualmente importante seguir as contra-indica\u00e7\u00f5es para a utiliza\u00e7\u00e3o de Hondrofrost. As pessoas com hipersensibilidade a qualquer um dos ingredientes do creme devem evitar a sua utiliza\u00e7\u00e3o. Para al\u00e9m disso, o Hondrofrost n\u00e3o deve ser utilizado em peles danificadas. \u00c9 sempre aconselh\u00e1vel consultar o seu m\u00e9dico antes de utilizar o Hondrofrost, especialmente se tiver alguma preocupa\u00e7\u00e3o com a sua sa\u00fade.<\/p>\n\n\n<figure class=\"wp-block-table\"><table><tbody><tr><th>Efeitos do Hondrofrost<\/th><th>Efeitos secund\u00e1rios de Hondrofrost<\/th><th>Contra-indica\u00e7\u00f5es do Hondrofrost<\/th><\/tr><tr><td>Al\u00edvio das dores articulares<\/td><td>Possibilidade de alergia aos ingredientes do creme<\/td><td>Hipersensibilidade a qualquer um dos ingredientes do creme<\/td><\/tr><tr><td>Melhorar a mobilidade das articula\u00e7\u00f5es<\/td><td>\u00a0<\/td><td>Pele danificada<\/td><\/tr><tr><td>Redu\u00e7\u00e3o da dor<\/td><td>\u00a0<\/td><td>\u00a0<\/td><\/tr><tr><td>Aumentar o conforto e a qualidade de vida das pessoas com problemas articulares<\/td><td>\u00a0<\/td><td>\u00a0<\/td><\/tr><\/tbody><\/table><\/figure>\n\n\n<h2 class=\"wp-block-heading\">Dosagem de Hondrofrost &#8211; Como utilizar?<\/h2>\n\n\n<p>O Hondrofrost deve ser aplicado topicamente nas zonas de dor nas articula\u00e7\u00f5es. Para garantir <b>resultados<\/b> \u00f3ptimos, siga as instru\u00e7\u00f5es de dosagem e aplica\u00e7\u00e3o abaixo:<\/p>\n\n\n\n<ol class=\"wp-block-list\">\n<li>Aplicar uma pequena quantidade de creme na palma da m\u00e3o.<\/li>\n\n\n\n<li>Com movimentos de massagem suaves, massajar o creme sobre a pele da zona afetada pelas dores articulares.<\/li>\n\n\n\n<li>Recomenda-se a utiliza\u00e7\u00e3o de Hondrofrost 3 vezes por dia.<\/li>\n<\/ol>\n\n\n<p>Para obter melhores resultados, aplicar o creme regularmente de acordo com a dose recomendada. Evite aplicar demasiado creme, uma vez que tal n\u00e3o aumentar\u00e1 a efic\u00e1cia do produto. \u00c9 importante ler e seguir atentamente as informa\u00e7\u00f5es contidas no folheto informativo do Hondrofrost para obter orienta\u00e7\u00f5es adicionais e instru\u00e7\u00f5es detalhadas de utiliza\u00e7\u00e3o.<\/p>\n\n\n<p>Os resultados podem variar consoante as necessidades individuais e a resposta do organismo. Se tiver d\u00favidas ou perguntas sobre a dosagem ou utiliza\u00e7\u00e3o de Hondrofrost, consulte sempre o seu m\u00e9dico ou farmac\u00eautico.<\/p>\n\n\n<h2 class=\"wp-block-heading\">Hondrofrost &#8211; Coment\u00e1rios de utilizadores, f\u00f3rum &#8211; O que dizem os utilizadores?<\/h2>\n\n\n<p>O Hondrofrost \u00e9 um produto que tem recebido <b>feedback<\/b> positivo <b>dos<\/b> utilizadores, especialmente daqueles que t\u00eam problemas com as articula\u00e7\u00f5es. Muitos utilizadores notaram uma melhoria significativa no seu bem-estar ap\u00f3s a utiliza\u00e7\u00e3o regular de Hondrofrost. A dor nas articula\u00e7\u00f5es foi reduzida e a mobilidade das articula\u00e7\u00f5es melhorou significativamente.<\/p>\n\n\n<p>Um dos s\u00edtios onde se podem encontrar <b>opini\u00f5es<\/b> sobre o Hondrofrost \u00e9 um <b>f\u00f3rum<\/b> online para pessoas com problemas nas articula\u00e7\u00f5es. Muitas pessoas partilharam as suas experi\u00eancias com o Hondrofrost e as suas avalia\u00e7\u00f5es do produto. \u00c9 importante ler as opini\u00f5es de outros utilizadores para obter mais informa\u00e7\u00f5es sobre a <b>efic\u00e1cia do<\/b> Hondrofrost e o seu impacto na qualidade de vida das pessoas com dores nas articula\u00e7\u00f5es.<\/p>\n\n\n\n<blockquote class=\"wp-block-quote is-layout-flow wp-block-quote-is-layout-flow\"><p>&#8220;Ao utilizar o Hondrofrost durante v\u00e1rias semanas, notei uma melhoria significativa no meu bem-estar. As dores nas articula\u00e7\u00f5es tornaram-se menos intensas e a mobilidade das articula\u00e7\u00f5es melhorou significativamente. Eu recomendaria este creme a qualquer pessoa com problemas nas articula\u00e7\u00f5es.&#8221; &#8211; Jan K.<\/p>\n<\/blockquote>\n\n\n\n<blockquote class=\"wp-block-quote is-layout-flow wp-block-quote-is-layout-flow\"><p>&#8220;Estou espantado com a efic\u00e1cia do Hondrofrost. Ap\u00f3s algumas semanas de utiliza\u00e7\u00e3o, as minhas dores nas articula\u00e7\u00f5es desapareceram e posso desfrutar de uma mobilidade total novamente. \u00c9 realmente um \u00f3timo produto!&#8221; &#8211; Anna S.<\/p>\n<\/blockquote>\n\n\n<p>As opini\u00f5es dos utilizadores sugerem que o Hondrofrost \u00e9 um creme eficaz para as articula\u00e7\u00f5es que pode proporcionar al\u00edvio e melhorar a qualidade de vida das pessoas com problemas nas articula\u00e7\u00f5es. Vale a pena ler as opini\u00f5es de outros utilizadores para descobrir as suas experi\u00eancias e classifica\u00e7\u00f5es do produto.<\/p>\n\n\n<h2 class=\"wp-block-heading\">Hondrofrost &#8211; Composi\u00e7\u00e3o<\/h2>\n\n\n<p>O Hondrofrost \u00e9 um produto \u00e0 base de ingredientes naturais que t\u00eam um efeito positivo na sa\u00fade das articula\u00e7\u00f5es. <b>A composi\u00e7\u00e3o do<\/b> Hondrofrost inclui extractos de plantas como a castanha-da-\u00edndia, alfafa, paprica e goma azul do sul. Cada um destes ingredientes tem uma <b>a\u00e7\u00e3o<\/b> espec\u00edfica que apoia a sa\u00fade das articula\u00e7\u00f5es e contribui para a redu\u00e7\u00e3o da dor.<\/p>\n\n\n<figure class=\"wp-block-table\"><table><tbody><tr><th>Composi\u00e7\u00e3o<\/th><th>A\u00e7\u00e3o<\/th><\/tr><tr><td>Castanheiro<\/td><td>Favorece a circula\u00e7\u00e3o sangu\u00ednea \u00e0 volta das articula\u00e7\u00f5es, alivia a dor e a inflama\u00e7\u00e3o<\/td><\/tr><tr><td>Lucerna<\/td><td>Cont\u00e9m muitos nutrientes valiosos, apoia a regenera\u00e7\u00e3o dos tecidos das articula\u00e7\u00f5es<\/td><\/tr><tr><td>Paprika<\/td><td>Tem efeitos analg\u00e9sicos e anti-inflamat\u00f3rios, melhora a qualidade de vida das pessoas com dores articulares<\/td><\/tr><tr><td>Borracha azul do sul<\/td><td>Tem um efeito refrescante e relaxante, alivia as dores nas articula\u00e7\u00f5es<\/td><\/tr><\/tbody><\/table><\/figure>\n\n\n<h2 class=\"wp-block-heading\">Onde comprar e quanto custa o Hondrofrost &#8211; pre\u00e7o<\/h2>\n\n\n<p>O Hondrofrost est\u00e1 dispon\u00edvel para compra sem receita m\u00e9dica, mas \u00e9 recomend\u00e1vel comprar no site oficial do fabricante para ter certeza da originalidade do produto. O <b>pre\u00e7o do<\/b> Hondrofrost pode variar dependendo de onde \u00e9 comprado, mas n\u00e3o fornecemos um pre\u00e7o espec\u00edfico. Recomendamos que verifique o pre\u00e7o atual no site oficial do fabricante.<\/p>\n\n\n<h2 class=\"wp-block-heading\">Potenciais efeitos secund\u00e1rios e contra-indica\u00e7\u00f5es do Hondrofrost<\/h2>\n\n\n<p>O Hondrofrost \u00e9 um produto relativamente seguro; no entanto, podem ocorrer casos ocasionais de alergia aos ingredientes do creme. As pessoas com hipersensibilidade a qualquer um dos ingredientes do Hondrofrost devem evitar a sua utiliza\u00e7\u00e3o. Se ocorrerem sintomas adversos, como vermelhid\u00e3o, erup\u00e7\u00e3o cut\u00e2nea, comich\u00e3o ou incha\u00e7o, o Hondrofrost deve ser interrompido e um m\u00e9dico deve ser consultado.<\/p>\n\n\n<p>O Hondrofrost tamb\u00e9m n\u00e3o deve ser utilizado em pele danificada, feridas abertas ou \u00falceras. Leia sempre atentamente o folheto informativo antes de utilizar o Hondrofrost, para estar devidamente informado sobre eventuais contra-indica\u00e7\u00f5es e sobre o modo de utiliza\u00e7\u00e3o do creme.<\/p>\n\n\n<p>Se tiver d\u00favidas ou perguntas sobre a utiliza\u00e7\u00e3o de Hondrofrost, recomendamos sempre que consulte o seu m\u00e9dico. Isto \u00e9 importante para obter uma opini\u00e3o profissional e para se certificar de que o <b>creme para as articula\u00e7\u00f5es<\/b> \u00e9 adequado para o seu caso particular.<\/p>\n","protected":false},"excerpt":{"rendered":"<p><strong>39.00 \u20ac<\/strong><\/p>\n<p><del>78.00 \u20ac<\/del><\/p>\n<p><strong>[date_countdown]<\/strong><\/p>\n","protected":false},"featured_media":7180,"comment_status":"open","ping_status":"closed","template":"","meta":{"neve_meta_sidebar":"","neve_meta_container":"","neve_meta_enable_content_width":"","neve_meta_content_width":0,"neve_meta_title_alignment":"","neve_meta_author_avatar":"","neve_post_elements_order":"","neve_meta_disable_header":"","neve_meta_disable_footer":"","neve_meta_disable_title":"","neve_meta_reading_time":""},"product_brand":[],"product_cat":[145],"product_tag":[],"class_list":{"0":"post-7244","1":"product","2":"type-product","3":"status-publish","4":"has-post-thumbnail","6":"product_cat-saude","8":"first","9":"instock","10":"shipping-taxable","11":"product-type-external"},"yoast_head":"<!-- This site is optimized with the Yoast SEO plugin v27.4 - https:\/\/yoast.com\/product\/yoast-seo-wordpress\/ -->\n<title>Hondrofrost - Clinica Althea<\/title>\n<meta name=\"robots\" content=\"index, follow, max-snippet:-1, max-image-preview:large, max-video-preview:-1\" \/>\n<link rel=\"canonical\" href=\"https:\/\/www.clinicaalthea.com\/farmacia\/pt\/apt\/hondrofrost\/\" \/>\n<meta property=\"og:locale\" content=\"pl_PL\" \/>\n<meta property=\"og:type\" content=\"article\" \/>\n<meta property=\"og:title\" content=\"Hondrofrost - Clinica Althea\" \/>\n<meta property=\"og:description\" content=\"39.00 \u20ac 78.00 \u20ac\" \/>\n<meta property=\"og:url\" content=\"https:\/\/www.clinicaalthea.com\/farmacia\/pt\/apt\/hondrofrost\/\" \/>\n<meta property=\"og:site_name\" content=\"Clinica Althea\" \/>\n<meta property=\"article:modified_time\" content=\"2024-07-18T10:13:25+00:00\" \/>\n<meta property=\"og:image\" content=\"https:\/\/www.clinicaalthea.com\/farmacia\/wp-content\/uploads\/2024\/07\/HONDROFROST.jpg\" \/>\n\t<meta property=\"og:image:width\" content=\"768\" \/>\n\t<meta property=\"og:image:height\" content=\"768\" \/>\n\t<meta property=\"og:image:type\" content=\"image\/jpeg\" \/>\n<meta name=\"twitter:card\" content=\"summary_large_image\" \/>\n<meta name=\"twitter:label1\" content=\"Szacowany czas czytania\" \/>\n\t<meta name=\"twitter:data1\" content=\"7 minut\" \/>\n<script type=\"application\/ld+json\" class=\"yoast-schema-graph\">{\"@context\":\"https:\\\/\\\/schema.org\",\"@graph\":[{\"@type\":\"WebPage\",\"@id\":\"https:\\\/\\\/www.clinicaalthea.com\\\/farmacia\\\/pt\\\/apt\\\/hondrofrost\\\/\",\"url\":\"https:\\\/\\\/www.clinicaalthea.com\\\/farmacia\\\/pt\\\/apt\\\/hondrofrost\\\/\",\"name\":\"Hondrofrost - Clinica Althea\",\"isPartOf\":{\"@id\":\"https:\\\/\\\/www.clinicaalthea.com\\\/farmacia\\\/#website\"},\"primaryImageOfPage\":{\"@id\":\"https:\\\/\\\/www.clinicaalthea.com\\\/farmacia\\\/pt\\\/apt\\\/hondrofrost\\\/#primaryimage\"},\"image\":{\"@id\":\"https:\\\/\\\/www.clinicaalthea.com\\\/farmacia\\\/pt\\\/apt\\\/hondrofrost\\\/#primaryimage\"},\"thumbnailUrl\":\"https:\\\/\\\/www.clinicaalthea.com\\\/farmacia\\\/wp-content\\\/uploads\\\/2024\\\/07\\\/HONDROFROST.jpg\",\"datePublished\":\"2024-07-18T10:12:31+00:00\",\"dateModified\":\"2024-07-18T10:13:25+00:00\",\"breadcrumb\":{\"@id\":\"https:\\\/\\\/www.clinicaalthea.com\\\/farmacia\\\/pt\\\/apt\\\/hondrofrost\\\/#breadcrumb\"},\"inLanguage\":\"pl-PL\",\"potentialAction\":[{\"@type\":\"ReadAction\",\"target\":[\"https:\\\/\\\/www.clinicaalthea.com\\\/farmacia\\\/pt\\\/apt\\\/hondrofrost\\\/\"]}]},{\"@type\":\"ImageObject\",\"inLanguage\":\"pl-PL\",\"@id\":\"https:\\\/\\\/www.clinicaalthea.com\\\/farmacia\\\/pt\\\/apt\\\/hondrofrost\\\/#primaryimage\",\"url\":\"https:\\\/\\\/www.clinicaalthea.com\\\/farmacia\\\/wp-content\\\/uploads\\\/2024\\\/07\\\/HONDROFROST.jpg\",\"contentUrl\":\"https:\\\/\\\/www.clinicaalthea.com\\\/farmacia\\\/wp-content\\\/uploads\\\/2024\\\/07\\\/HONDROFROST.jpg\",\"width\":768,\"height\":768,\"caption\":\"Hondrofrost\"},{\"@type\":\"BreadcrumbList\",\"@id\":\"https:\\\/\\\/www.clinicaalthea.com\\\/farmacia\\\/pt\\\/apt\\\/hondrofrost\\\/#breadcrumb\",\"itemListElement\":[{\"@type\":\"ListItem\",\"position\":1,\"name\":\"Strona g\u0142\u00f3wna\",\"item\":\"https:\\\/\\\/www.clinicaalthea.com\\\/farmacia\\\/\"},{\"@type\":\"ListItem\",\"position\":2,\"name\":\"Produkty\",\"item\":\"https:\\\/\\\/www.clinicaalthea.com\\\/farmacia\\\/\"},{\"@type\":\"ListItem\",\"position\":3,\"name\":\"Hondrofrost\"}]},{\"@type\":\"WebSite\",\"@id\":\"https:\\\/\\\/www.clinicaalthea.com\\\/farmacia\\\/#website\",\"url\":\"https:\\\/\\\/www.clinicaalthea.com\\\/farmacia\\\/\",\"name\":\"Clinica Althea\",\"description\":\"\",\"publisher\":{\"@id\":\"https:\\\/\\\/www.clinicaalthea.com\\\/farmacia\\\/#organization\"},\"potentialAction\":[{\"@type\":\"SearchAction\",\"target\":{\"@type\":\"EntryPoint\",\"urlTemplate\":\"https:\\\/\\\/www.clinicaalthea.com\\\/farmacia\\\/?s={search_term_string}\"},\"query-input\":{\"@type\":\"PropertyValueSpecification\",\"valueRequired\":true,\"valueName\":\"search_term_string\"}}],\"inLanguage\":\"pl-PL\"},{\"@type\":\"Organization\",\"@id\":\"https:\\\/\\\/www.clinicaalthea.com\\\/farmacia\\\/#organization\",\"name\":\"Clinica Althea\",\"url\":\"https:\\\/\\\/www.clinicaalthea.com\\\/farmacia\\\/\",\"logo\":{\"@type\":\"ImageObject\",\"inLanguage\":\"pl-PL\",\"@id\":\"https:\\\/\\\/www.clinicaalthea.com\\\/farmacia\\\/#\\\/schema\\\/logo\\\/image\\\/\",\"url\":\"https:\\\/\\\/www.clinicaalthea.com\\\/farmacia\\\/wp-content\\\/uploads\\\/2023\\\/12\\\/Jak-diagnozuje-sie-FAS_-objawy-kryteria-diagnostyczne-i-metody-diagnozowania-154162903.jpg\",\"contentUrl\":\"https:\\\/\\\/www.clinicaalthea.com\\\/farmacia\\\/wp-content\\\/uploads\\\/2023\\\/12\\\/Jak-diagnozuje-sie-FAS_-objawy-kryteria-diagnostyczne-i-metody-diagnozowania-154162903.jpg\",\"width\":1216,\"height\":832,\"caption\":\"Clinica Althea\"},\"image\":{\"@id\":\"https:\\\/\\\/www.clinicaalthea.com\\\/farmacia\\\/#\\\/schema\\\/logo\\\/image\\\/\"}}]}<\/script>\n<!-- \/ Yoast SEO plugin. -->","yoast_head_json":{"title":"Hondrofrost - Clinica Althea","robots":{"index":"index","follow":"follow","max-snippet":"max-snippet:-1","max-image-preview":"max-image-preview:large","max-video-preview":"max-video-preview:-1"},"canonical":"https:\/\/www.clinicaalthea.com\/farmacia\/pt\/apt\/hondrofrost\/","og_locale":"pl_PL","og_type":"article","og_title":"Hondrofrost - Clinica Althea","og_description":"39.00 \u20ac 78.00 \u20ac","og_url":"https:\/\/www.clinicaalthea.com\/farmacia\/pt\/apt\/hondrofrost\/","og_site_name":"Clinica Althea","article_modified_time":"2024-07-18T10:13:25+00:00","og_image":[{"width":768,"height":768,"url":"https:\/\/www.clinicaalthea.com\/farmacia\/wp-content\/uploads\/2024\/07\/HONDROFROST.jpg","type":"image\/jpeg"}],"twitter_card":"summary_large_image","twitter_misc":{"Szacowany czas czytania":"7 minut"},"schema":{"@context":"https:\/\/schema.org","@graph":[{"@type":"WebPage","@id":"https:\/\/www.clinicaalthea.com\/farmacia\/pt\/apt\/hondrofrost\/","url":"https:\/\/www.clinicaalthea.com\/farmacia\/pt\/apt\/hondrofrost\/","name":"Hondrofrost - Clinica Althea","isPartOf":{"@id":"https:\/\/www.clinicaalthea.com\/farmacia\/#website"},"primaryImageOfPage":{"@id":"https:\/\/www.clinicaalthea.com\/farmacia\/pt\/apt\/hondrofrost\/#primaryimage"},"image":{"@id":"https:\/\/www.clinicaalthea.com\/farmacia\/pt\/apt\/hondrofrost\/#primaryimage"},"thumbnailUrl":"https:\/\/www.clinicaalthea.com\/farmacia\/wp-content\/uploads\/2024\/07\/HONDROFROST.jpg","datePublished":"2024-07-18T10:12:31+00:00","dateModified":"2024-07-18T10:13:25+00:00","breadcrumb":{"@id":"https:\/\/www.clinicaalthea.com\/farmacia\/pt\/apt\/hondrofrost\/#breadcrumb"},"inLanguage":"pl-PL","potentialAction":[{"@type":"ReadAction","target":["https:\/\/www.clinicaalthea.com\/farmacia\/pt\/apt\/hondrofrost\/"]}]},{"@type":"ImageObject","inLanguage":"pl-PL","@id":"https:\/\/www.clinicaalthea.com\/farmacia\/pt\/apt\/hondrofrost\/#primaryimage","url":"https:\/\/www.clinicaalthea.com\/farmacia\/wp-content\/uploads\/2024\/07\/HONDROFROST.jpg","contentUrl":"https:\/\/www.clinicaalthea.com\/farmacia\/wp-content\/uploads\/2024\/07\/HONDROFROST.jpg","width":768,"height":768,"caption":"Hondrofrost"},{"@type":"BreadcrumbList","@id":"https:\/\/www.clinicaalthea.com\/farmacia\/pt\/apt\/hondrofrost\/#breadcrumb","itemListElement":[{"@type":"ListItem","position":1,"name":"Strona g\u0142\u00f3wna","item":"https:\/\/www.clinicaalthea.com\/farmacia\/"},{"@type":"ListItem","position":2,"name":"Produkty","item":"https:\/\/www.clinicaalthea.com\/farmacia\/"},{"@type":"ListItem","position":3,"name":"Hondrofrost"}]},{"@type":"WebSite","@id":"https:\/\/www.clinicaalthea.com\/farmacia\/#website","url":"https:\/\/www.clinicaalthea.com\/farmacia\/","name":"Clinica Althea","description":"","publisher":{"@id":"https:\/\/www.clinicaalthea.com\/farmacia\/#organization"},"potentialAction":[{"@type":"SearchAction","target":{"@type":"EntryPoint","urlTemplate":"https:\/\/www.clinicaalthea.com\/farmacia\/?s={search_term_string}"},"query-input":{"@type":"PropertyValueSpecification","valueRequired":true,"valueName":"search_term_string"}}],"inLanguage":"pl-PL"},{"@type":"Organization","@id":"https:\/\/www.clinicaalthea.com\/farmacia\/#organization","name":"Clinica Althea","url":"https:\/\/www.clinicaalthea.com\/farmacia\/","logo":{"@type":"ImageObject","inLanguage":"pl-PL","@id":"https:\/\/www.clinicaalthea.com\/farmacia\/#\/schema\/logo\/image\/","url":"https:\/\/www.clinicaalthea.com\/farmacia\/wp-content\/uploads\/2023\/12\/Jak-diagnozuje-sie-FAS_-objawy-kryteria-diagnostyczne-i-metody-diagnozowania-154162903.jpg","contentUrl":"https:\/\/www.clinicaalthea.com\/farmacia\/wp-content\/uploads\/2023\/12\/Jak-diagnozuje-sie-FAS_-objawy-kryteria-diagnostyczne-i-metody-diagnozowania-154162903.jpg","width":1216,"height":832,"caption":"Clinica Althea"},"image":{"@id":"https:\/\/www.clinicaalthea.com\/farmacia\/#\/schema\/logo\/image\/"}}]}},"lang":"pt","translations":{"pt":7244,"pl":7177,"hu":7188,"ro":7194,"cs":7198,"bg":7201,"fr":7210,"nl":7215,"it":7220,"de":7224,"es":7230,"sk":7232,"lv":7234,"lt":7236,"et":7239,"sl":7242,"el":7248},"pll_sync_post":[],"_links":{"self":[{"href":"https:\/\/www.clinicaalthea.com\/farmacia\/wp-json\/wp\/v2\/product\/7244","targetHints":{"allow":["GET"]}}],"collection":[{"href":"https:\/\/www.clinicaalthea.com\/farmacia\/wp-json\/wp\/v2\/product"}],"about":[{"href":"https:\/\/www.clinicaalthea.com\/farmacia\/wp-json\/wp\/v2\/types\/product"}],"replies":[{"embeddable":true,"href":"https:\/\/www.clinicaalthea.com\/farmacia\/wp-json\/wp\/v2\/comments?post=7244"}],"wp:featuredmedia":[{"embeddable":true,"href":"https:\/\/www.clinicaalthea.com\/farmacia\/wp-json\/wp\/v2\/media\/7180"}],"wp:attachment":[{"href":"https:\/\/www.clinicaalthea.com\/farmacia\/wp-json\/wp\/v2\/media?parent=7244"}],"wp:term":[{"taxonomy":"product_brand","embeddable":true,"href":"https:\/\/www.clinicaalthea.com\/farmacia\/wp-json\/wp\/v2\/product_brand?post=7244"},{"taxonomy":"product_cat","embeddable":true,"href":"https:\/\/www.clinicaalthea.com\/farmacia\/wp-json\/wp\/v2\/product_cat?post=7244"},{"taxonomy":"product_tag","embeddable":true,"href":"https:\/\/www.clinicaalthea.com\/farmacia\/wp-json\/wp\/v2\/product_tag?post=7244"}],"curies":[{"name":"wp","href":"https:\/\/api.w.org\/{rel}","templated":true}]}}