{"id":7239,"date":"2024-07-18T11:10:54","date_gmt":"2024-07-18T10:10:54","guid":{"rendered":"https:\/\/mayoguide.org\/produkty\/?post_type=product&#038;p=7239"},"modified":"2024-07-18T11:13:25","modified_gmt":"2024-07-18T10:13:25","slug":"hondrofrost","status":"publish","type":"product","link":"https:\/\/www.clinicaalthea.com\/farmacia\/et\/apt\/hondrofrost\/","title":{"rendered":"Hondrofrost"},"content":{"rendered":"<h2 class=\"wp-block-heading\">Mis on Hondrofrost ja kuidas see toimib?<\/h2>\n\n\n<p><b>Hondrofrost<\/b> on uuenduslik <em>liigesekreem<\/em>, mis on v\u00e4lja t\u00f6\u00f6tatud liigesevaludega inimestele. See toimib ainevahetust stimuleerides, mis aitab kaasa valu kiirele leevendamisele, pakkudes meeldivat jahutavat ja l\u00f5\u00f5gastavat tunnet.<\/p>\n\n\n<p><em>Hondrofrost<\/em> &#8216;i <b>t\u00f5husus<\/b> on ilmne juba p\u00e4rast l\u00fchiajalist kasutamist ning <b>see<\/b> p\u00f5hineb looduslikel koostisosadel, mis toetavad liigeste ja luude tervist. T\u00e4nu kasutatud koostisainete l\u00e4bim\u00f5eldud koostise kombinatsioonile aitab <em>Hondrofrost<\/em> v\u00e4hendada liigesevalu, parandades liigeseprobleemidega inimeste mugavust ja elukvaliteeti.<\/p>\n\n\n<p><em>Hondrofrost&#8217;i<\/em> regulaarne <b>kasutamine<\/b> v\u00f5ib leevendada, toetada liigeste ja luude taastumist ning suurendada liigeste liikuvust. Kreemi <b>m\u00f5ju<\/b> on n\u00e4htav ja tuntav, mist\u00f5ttu on see populaarne valik nende seas, kes otsivad looduslikku ravi ja toetust liigesevalu leevendamiseks.<\/p>\n\n\n<h2 class=\"wp-block-heading\">Hondrofrost &#8211; kohaldamise m\u00f5ju<\/h2>\n\n\n<p>Hondrofrost-kreemi <b>kasutamisel<\/b> v\u00f5ib olla palju kasulikku m\u00f5ju liigeseprobleemidega inimestele. T\u00e4nu looduslikele koostisosadele ja uuenduslikule koostisele pakub Hondrofrost leevendust liigesevalu vastu ja parandab liigeste liikuvust, aidates kaasa \u00fcldisele elukvaliteedi paranemisele.<\/p>\n\n\n<p>Hondrofrost&#8217;i kasulikud <b>m\u00f5jud<\/b> on j\u00e4rgmised:<\/p>\n\n\n\n<ul class=\"wp-block-list\">\n<li>Liigesevalu leevendamine<\/li>\n\n\n\n<li>Liigeste liikuvuse parandamine<\/li>\n\n\n\n<li>Valu v\u00e4hendamine<\/li>\n\n\n\n<li>Mugavuse ja elukvaliteedi suurendamine liigeseprobleemidega inimeste jaoks<\/li>\n<\/ul>\n\n\n<p>Hondrofrost on ohutu toode, mida enamik inimesi talub h\u00e4sti. Siiski, nagu iga toote puhul, v\u00f5ib aeg-ajalt esineda allergiat kreemi m\u00f5ne koostisosa suhtes. Kui teil tekivad p\u00e4rast Hondrofrost&#8217;i kasutamist k\u00f5rvaltoimed, l\u00f5petage <b>kasutamine<\/b> ja pidage n\u00f5u oma arstiga.<\/p>\n\n\n<p>Samuti on oluline j\u00e4rgida Hondrofrost&#8217;i kasutamise vastun\u00e4idustusi. Inimesed, kellel on \u00fclitundlikkus kreemi m\u00f5ne koostisosa suhtes, peaksid v\u00e4ltima selle kasutamist. Lisaks ei tohi Hondrofrost&#8217;i kasutada kahjustatud nahal. Enne Hondrofrost&#8217;i kasutamist on alati soovitatav konsulteerida arstiga, eriti kui teil on muresid oma tervise p\u00e4rast.<\/p>\n\n\n<figure class=\"wp-block-table\"><table><tbody><tr><th>Hondrofrost m\u00f5ju<\/th><th>Hondrofrost&#8217;i k\u00f5rvaltoimed<\/th><th>Hondrofrost&#8217;i vastun\u00e4idustused<\/th><\/tr><tr><td>Liigesevalu leevendamine<\/td><td>Allergia v\u00f5imalus kreemi koostisosade suhtes<\/td><td>\u00dclitundlikkus kreemi mis tahes koostisosade suhtes.<\/td><\/tr><tr><td>Liigeste liikuvuse parandamine<\/td><td>\u00a0<\/td><td>Kahjustatud nahk<\/td><\/tr><tr><td>Valu v\u00e4hendamine<\/td><td>\u00a0<\/td><td>\u00a0<\/td><\/tr><tr><td>Mugavuse ja elukvaliteedi suurendamine liigeseprobleemidega inimeste jaoks<\/td><td>\u00a0<\/td><td>\u00a0<\/td><\/tr><\/tbody><\/table><\/figure>\n\n\n<h2 class=\"wp-block-heading\">Hondrofrost&#8217;i annustamine &#8211; kuidas kasutada?<\/h2>\n\n\n<p>Hondrofrost tuleb kanda paikselt liigesevalu piirkondadele. Optimaalse <b>tulemuse<\/b> tagamiseks j\u00e4rgige allpool toodud annustamis- ja manustamisjuhiseid:<\/p>\n\n\n\n<ol class=\"wp-block-list\">\n<li>Kandke v\u00e4ike kogus kreemi peopessa.<\/li>\n\n\n\n<li>Masseerige kreemi \u00f5rnade, masseerivate liigeste valust m\u00f5jutatud piirkonna nahale, kasutades selleks \u00f5rnu, masseerivaid liigutusliigutusi.<\/li>\n\n\n\n<li>Hondrofrost&#8217;i soovitatakse kasutada 3 korda p\u00e4evas.<\/li>\n<\/ol>\n\n\n<p>Parima tulemuse saavutamiseks kandke kreemi regulaarselt vastavalt soovitatud annusele. V\u00e4ltige liiga suure kreemi kasutamist, sest see ei suurenda toote t\u00f5husust. T\u00e4iendavate juhiste ja \u00fcksikasjalike kasutusjuhiste saamiseks on oluline hoolikalt lugeda ja j\u00e4rgida Hondrofrost&#8217;i pakendi infolehte.<\/p>\n\n\n<p>Pidage meeles, et tulemused v\u00f5ivad erineda s\u00f5ltuvalt teie individuaalsetest vajadustest ja keha reaktsioonist. Kui teil on kahtlusi v\u00f5i k\u00fcsimusi Hondrofrost&#8217;i annustamise v\u00f5i kasutamise kohta, pidage alati n\u00f5u oma arsti v\u00f5i apteekriga.<\/p>\n\n\n<h2 class=\"wp-block-heading\">Hondrofrost &#8211; Kasutaja kommentaarid, foorum &#8211; Mida kasutajad \u00fctlevad?<\/h2>\n\n\n<p>Hondrofrost on toode, mis on saanud positiivset <b>tagasisidet<\/b> kasutajatelt, eriti nendelt, kes on v\u00f5idelnud liigesevaludega. Paljud kasutajad on p\u00e4rast Hondrofrost&#8217;i regulaarset kasutamist m\u00e4rganud olulist paranemist oma heaolus. Liigesevalu v\u00e4henes ja liigeste liikuvus paranes oluliselt.<\/p>\n\n\n<p>\u00dcks koht, kust leida <b>kommentaare<\/b> Hondrofrost&#8217;i kohta, on liigeseprobleemidega inimeste <b>veebifoorum<\/b>. Paljud inimesed on oma kogemusi Hondrofrostiga ja hinnanguid tootele jaganud. Oluline on lugeda teiste kasutajate kommentaare, et saada rohkem teavet Hondrofrost&#8217;i <b>t\u00f5hususe<\/b> ja selle m\u00f5ju kohta liigesevigastusega inimeste elukvaliteedile.<\/p>\n\n\n\n<blockquote class=\"wp-block-quote is-layout-flow wp-block-quote-is-layout-flow\"><p>&#8220;Kasutades Hondrofrost&#8217;i mitu n\u00e4dalat, m\u00e4rkasin m\u00e4rkimisv\u00e4\u00e4rset paranemist oma heaolus. Liigesevalu on muutunud v\u00e4hem intensiivseks ja liigeste liikuvus on oluliselt paranenud. Soovitan seda kreemi k\u00f5igile, kellel on liigesevalusid.&#8221; &#8211; Jan K.<\/p>\n<\/blockquote>\n\n\n\n<blockquote class=\"wp-block-quote is-layout-flow wp-block-quote-is-layout-flow\"><p>&#8220;Olen \u00fcllatunud Hondrofrost&#8217;i t\u00f5hususest. P\u00e4rast paarin\u00e4dalast kasutamist on mu liigesevalu kadunud ja ma saan taas nautida t\u00e4ielikku liikuvust. See on t\u00f5esti suurep\u00e4rane toode!&#8221; &#8211; Anna S.<\/p>\n<\/blockquote>\n\n\n<p>Kasutajate hinnangud n\u00e4itavad, et Hondrofrost on t\u00f5hus liigesekreem, mis v\u00f5ib leevendada ja parandada liigesevalude all kannatavate inimeste elukvaliteeti. Tasub lugeda teiste kasutajate kommentaare, et teada saada nende kogemusi ja hinnanguid toote kohta.<\/p>\n\n\n<h2 class=\"wp-block-heading\">Hondrofrost &#8211; koostis<\/h2>\n\n\n<p>Hondrofrost on toode, mis p\u00f5hineb looduslikel koostisosadel, millel on positiivne m\u00f5ju liigeste tervisele. Hondrofrost&#8217;i <b>koostisesse<\/b> kuuluvad taimeekstraktid, nagu hobukastan, lutsern, paprika ja l\u00f5unapoolne sinine kummel. Igal neist koostisosadest on spetsiifiline <b>toime<\/b>, mis toetab liigeste tervist ja aitab kaasa valu v\u00e4hendamisele.<\/p>\n\n\n<figure class=\"wp-block-table\"><table><tbody><tr><th>Koostis<\/th><th>Tegevus<\/th><\/tr><tr><td>Kastanipuu<\/td><td>Soodustab vereringet liigeste \u00fcmber, leevendab valu ja p\u00f5letikku.<\/td><\/tr><tr><td>Lucerne<\/td><td>Sisaldab palju v\u00e4\u00e4rtuslikke toitaineid, toetab liigesekoe taastumist.<\/td><\/tr><tr><td>Paprika<\/td><td>m\u00f5jub valuvaigistavalt ja p\u00f5letikuvastaselt, parandab liigesevalu all kannatavate inimeste elukvaliteeti.<\/td><\/tr><tr><td>L\u00f5unapoolne sinine kummi<\/td><td>m\u00f5jub jahutavalt ja l\u00f5\u00f5gastavalt, leevendab liigesevalu.<\/td><\/tr><\/tbody><\/table><\/figure>\n\n\n<h2 class=\"wp-block-heading\">Kust osta ja kui palju maksab Hondrofrost &#8211; hind<\/h2>\n\n\n<p>Hondrofrost on m\u00fc\u00fcgil ilma retseptita, kuid soovitatav on osta toote originaalsuses veendumiseks selle ametlikust tootja veebisaidist. Hondrofrost&#8217;i <b>hind<\/b> v\u00f5ib erineda s\u00f5ltuvalt sellest, kust seda ostetakse, kuid me ei anna konkreetset hinda. Soovitame kontrollida kehtivat hinda tootja ametlikul kodulehel.<\/p>\n\n\n<h2 class=\"wp-block-heading\">Hondrofrost&#8217;i v\u00f5imalikud k\u00f5rvaltoimed ja vastun\u00e4idustused<\/h2>\n\n\n<p>Hondrofrost on suhteliselt ohutu toode; siiski v\u00f5ib aeg-ajalt esineda allergiat kreemi koostisosade suhtes. Inimesed, kellel on \u00fclitundlikkus Hondrofrost&#8217;i mis tahes koostisosade suhtes, peaksid selle kasutamist v\u00e4ltima. Kui ilmnevad ebasoodsad s\u00fcmptomid, nagu nahapunetus, l\u00f6\u00f6ve, s\u00fcgelus v\u00f5i turse, tuleb Hondrofrost&#8217;i kasutamine l\u00f5petada ja p\u00f6\u00f6rduda arsti poole.<\/p>\n\n\n<p>Hondrofrost&#8217;i ei tohi kasutada ka kahjustatud nahal, avatud haavadel v\u00f5i haavanditel. Enne Hondrofrost&#8217;i kasutamist lugege alati hoolikalt pakendi infolehte, et te oleksite korralikult informeeritud k\u00f5igist vastun\u00e4idustustest ja sellest, kuidas kreemi kasutada.<\/p>\n\n\n<p>Kui teil on kahtlusi v\u00f5i k\u00fcsimusi Hondrofrost&#8217;i kasutamise kohta, soovitame alati konsulteerida oma arstiga. See on oluline, et saada professionaalne arvamus ja veenduda, et <b>liigesekreem<\/b> sobib teie konkreetsele juhtumile.<\/p>\n","protected":false},"excerpt":{"rendered":"<p><strong>39.00 \u20ac<\/strong><\/p>\n<p><del>78.00 \u20ac<\/del><\/p>\n<p><strong>[date_countdown]<\/strong><\/p>\n","protected":false},"featured_media":7180,"comment_status":"open","ping_status":"closed","template":"","meta":{"neve_meta_sidebar":"","neve_meta_container":"","neve_meta_enable_content_width":"","neve_meta_content_width":0,"neve_meta_title_alignment":"","neve_meta_author_avatar":"","neve_post_elements_order":"","neve_meta_disable_header":"","neve_meta_disable_footer":"","neve_meta_disable_title":"","neve_meta_reading_time":""},"product_brand":[],"product_cat":[201],"product_tag":[],"class_list":{"0":"post-7239","1":"product","2":"type-product","3":"status-publish","4":"has-post-thumbnail","6":"product_cat-tervis","8":"first","9":"instock","10":"shipping-taxable","11":"product-type-external"},"yoast_head":"<!-- This site is optimized with the Yoast SEO plugin v27.4 - https:\/\/yoast.com\/product\/yoast-seo-wordpress\/ -->\n<title>Hondrofrost - Clinica Althea<\/title>\n<meta name=\"robots\" content=\"index, follow, max-snippet:-1, max-image-preview:large, max-video-preview:-1\" \/>\n<link rel=\"canonical\" href=\"https:\/\/www.clinicaalthea.com\/farmacia\/et\/apt\/hondrofrost\/\" \/>\n<meta property=\"og:locale\" content=\"pl_PL\" \/>\n<meta property=\"og:type\" content=\"article\" \/>\n<meta property=\"og:title\" content=\"Hondrofrost - Clinica Althea\" \/>\n<meta property=\"og:description\" content=\"39.00 \u20ac 78.00 \u20ac\" \/>\n<meta property=\"og:url\" content=\"https:\/\/www.clinicaalthea.com\/farmacia\/et\/apt\/hondrofrost\/\" \/>\n<meta property=\"og:site_name\" content=\"Clinica Althea\" \/>\n<meta property=\"article:modified_time\" content=\"2024-07-18T10:13:25+00:00\" \/>\n<meta property=\"og:image\" content=\"https:\/\/www.clinicaalthea.com\/farmacia\/wp-content\/uploads\/2024\/07\/HONDROFROST.jpg\" \/>\n\t<meta property=\"og:image:width\" content=\"768\" \/>\n\t<meta property=\"og:image:height\" content=\"768\" \/>\n\t<meta property=\"og:image:type\" content=\"image\/jpeg\" \/>\n<meta name=\"twitter:card\" content=\"summary_large_image\" \/>\n<meta name=\"twitter:label1\" content=\"Szacowany czas czytania\" \/>\n\t<meta name=\"twitter:data1\" content=\"5 minut\" \/>\n<script type=\"application\/ld+json\" class=\"yoast-schema-graph\">{\"@context\":\"https:\\\/\\\/schema.org\",\"@graph\":[{\"@type\":\"WebPage\",\"@id\":\"https:\\\/\\\/www.clinicaalthea.com\\\/farmacia\\\/et\\\/apt\\\/hondrofrost\\\/\",\"url\":\"https:\\\/\\\/www.clinicaalthea.com\\\/farmacia\\\/et\\\/apt\\\/hondrofrost\\\/\",\"name\":\"Hondrofrost - Clinica Althea\",\"isPartOf\":{\"@id\":\"https:\\\/\\\/www.clinicaalthea.com\\\/farmacia\\\/#website\"},\"primaryImageOfPage\":{\"@id\":\"https:\\\/\\\/www.clinicaalthea.com\\\/farmacia\\\/et\\\/apt\\\/hondrofrost\\\/#primaryimage\"},\"image\":{\"@id\":\"https:\\\/\\\/www.clinicaalthea.com\\\/farmacia\\\/et\\\/apt\\\/hondrofrost\\\/#primaryimage\"},\"thumbnailUrl\":\"https:\\\/\\\/www.clinicaalthea.com\\\/farmacia\\\/wp-content\\\/uploads\\\/2024\\\/07\\\/HONDROFROST.jpg\",\"datePublished\":\"2024-07-18T10:10:54+00:00\",\"dateModified\":\"2024-07-18T10:13:25+00:00\",\"breadcrumb\":{\"@id\":\"https:\\\/\\\/www.clinicaalthea.com\\\/farmacia\\\/et\\\/apt\\\/hondrofrost\\\/#breadcrumb\"},\"inLanguage\":\"pl-PL\",\"potentialAction\":[{\"@type\":\"ReadAction\",\"target\":[\"https:\\\/\\\/www.clinicaalthea.com\\\/farmacia\\\/et\\\/apt\\\/hondrofrost\\\/\"]}]},{\"@type\":\"ImageObject\",\"inLanguage\":\"pl-PL\",\"@id\":\"https:\\\/\\\/www.clinicaalthea.com\\\/farmacia\\\/et\\\/apt\\\/hondrofrost\\\/#primaryimage\",\"url\":\"https:\\\/\\\/www.clinicaalthea.com\\\/farmacia\\\/wp-content\\\/uploads\\\/2024\\\/07\\\/HONDROFROST.jpg\",\"contentUrl\":\"https:\\\/\\\/www.clinicaalthea.com\\\/farmacia\\\/wp-content\\\/uploads\\\/2024\\\/07\\\/HONDROFROST.jpg\",\"width\":768,\"height\":768,\"caption\":\"Hondrofrost\"},{\"@type\":\"BreadcrumbList\",\"@id\":\"https:\\\/\\\/www.clinicaalthea.com\\\/farmacia\\\/et\\\/apt\\\/hondrofrost\\\/#breadcrumb\",\"itemListElement\":[{\"@type\":\"ListItem\",\"position\":1,\"name\":\"Strona g\u0142\u00f3wna\",\"item\":\"https:\\\/\\\/www.clinicaalthea.com\\\/farmacia\\\/\"},{\"@type\":\"ListItem\",\"position\":2,\"name\":\"Produkty\",\"item\":\"https:\\\/\\\/www.clinicaalthea.com\\\/farmacia\\\/\"},{\"@type\":\"ListItem\",\"position\":3,\"name\":\"Hondrofrost\"}]},{\"@type\":\"WebSite\",\"@id\":\"https:\\\/\\\/www.clinicaalthea.com\\\/farmacia\\\/#website\",\"url\":\"https:\\\/\\\/www.clinicaalthea.com\\\/farmacia\\\/\",\"name\":\"Clinica Althea\",\"description\":\"\",\"publisher\":{\"@id\":\"https:\\\/\\\/www.clinicaalthea.com\\\/farmacia\\\/#organization\"},\"potentialAction\":[{\"@type\":\"SearchAction\",\"target\":{\"@type\":\"EntryPoint\",\"urlTemplate\":\"https:\\\/\\\/www.clinicaalthea.com\\\/farmacia\\\/?s={search_term_string}\"},\"query-input\":{\"@type\":\"PropertyValueSpecification\",\"valueRequired\":true,\"valueName\":\"search_term_string\"}}],\"inLanguage\":\"pl-PL\"},{\"@type\":\"Organization\",\"@id\":\"https:\\\/\\\/www.clinicaalthea.com\\\/farmacia\\\/#organization\",\"name\":\"Clinica Althea\",\"url\":\"https:\\\/\\\/www.clinicaalthea.com\\\/farmacia\\\/\",\"logo\":{\"@type\":\"ImageObject\",\"inLanguage\":\"pl-PL\",\"@id\":\"https:\\\/\\\/www.clinicaalthea.com\\\/farmacia\\\/#\\\/schema\\\/logo\\\/image\\\/\",\"url\":\"https:\\\/\\\/www.clinicaalthea.com\\\/farmacia\\\/wp-content\\\/uploads\\\/2023\\\/12\\\/Jak-diagnozuje-sie-FAS_-objawy-kryteria-diagnostyczne-i-metody-diagnozowania-154162903.jpg\",\"contentUrl\":\"https:\\\/\\\/www.clinicaalthea.com\\\/farmacia\\\/wp-content\\\/uploads\\\/2023\\\/12\\\/Jak-diagnozuje-sie-FAS_-objawy-kryteria-diagnostyczne-i-metody-diagnozowania-154162903.jpg\",\"width\":1216,\"height\":832,\"caption\":\"Clinica Althea\"},\"image\":{\"@id\":\"https:\\\/\\\/www.clinicaalthea.com\\\/farmacia\\\/#\\\/schema\\\/logo\\\/image\\\/\"}}]}<\/script>\n<!-- \/ Yoast SEO plugin. -->","yoast_head_json":{"title":"Hondrofrost - Clinica Althea","robots":{"index":"index","follow":"follow","max-snippet":"max-snippet:-1","max-image-preview":"max-image-preview:large","max-video-preview":"max-video-preview:-1"},"canonical":"https:\/\/www.clinicaalthea.com\/farmacia\/et\/apt\/hondrofrost\/","og_locale":"pl_PL","og_type":"article","og_title":"Hondrofrost - Clinica Althea","og_description":"39.00 \u20ac 78.00 \u20ac","og_url":"https:\/\/www.clinicaalthea.com\/farmacia\/et\/apt\/hondrofrost\/","og_site_name":"Clinica Althea","article_modified_time":"2024-07-18T10:13:25+00:00","og_image":[{"width":768,"height":768,"url":"https:\/\/www.clinicaalthea.com\/farmacia\/wp-content\/uploads\/2024\/07\/HONDROFROST.jpg","type":"image\/jpeg"}],"twitter_card":"summary_large_image","twitter_misc":{"Szacowany czas czytania":"5 minut"},"schema":{"@context":"https:\/\/schema.org","@graph":[{"@type":"WebPage","@id":"https:\/\/www.clinicaalthea.com\/farmacia\/et\/apt\/hondrofrost\/","url":"https:\/\/www.clinicaalthea.com\/farmacia\/et\/apt\/hondrofrost\/","name":"Hondrofrost - Clinica Althea","isPartOf":{"@id":"https:\/\/www.clinicaalthea.com\/farmacia\/#website"},"primaryImageOfPage":{"@id":"https:\/\/www.clinicaalthea.com\/farmacia\/et\/apt\/hondrofrost\/#primaryimage"},"image":{"@id":"https:\/\/www.clinicaalthea.com\/farmacia\/et\/apt\/hondrofrost\/#primaryimage"},"thumbnailUrl":"https:\/\/www.clinicaalthea.com\/farmacia\/wp-content\/uploads\/2024\/07\/HONDROFROST.jpg","datePublished":"2024-07-18T10:10:54+00:00","dateModified":"2024-07-18T10:13:25+00:00","breadcrumb":{"@id":"https:\/\/www.clinicaalthea.com\/farmacia\/et\/apt\/hondrofrost\/#breadcrumb"},"inLanguage":"pl-PL","potentialAction":[{"@type":"ReadAction","target":["https:\/\/www.clinicaalthea.com\/farmacia\/et\/apt\/hondrofrost\/"]}]},{"@type":"ImageObject","inLanguage":"pl-PL","@id":"https:\/\/www.clinicaalthea.com\/farmacia\/et\/apt\/hondrofrost\/#primaryimage","url":"https:\/\/www.clinicaalthea.com\/farmacia\/wp-content\/uploads\/2024\/07\/HONDROFROST.jpg","contentUrl":"https:\/\/www.clinicaalthea.com\/farmacia\/wp-content\/uploads\/2024\/07\/HONDROFROST.jpg","width":768,"height":768,"caption":"Hondrofrost"},{"@type":"BreadcrumbList","@id":"https:\/\/www.clinicaalthea.com\/farmacia\/et\/apt\/hondrofrost\/#breadcrumb","itemListElement":[{"@type":"ListItem","position":1,"name":"Strona g\u0142\u00f3wna","item":"https:\/\/www.clinicaalthea.com\/farmacia\/"},{"@type":"ListItem","position":2,"name":"Produkty","item":"https:\/\/www.clinicaalthea.com\/farmacia\/"},{"@type":"ListItem","position":3,"name":"Hondrofrost"}]},{"@type":"WebSite","@id":"https:\/\/www.clinicaalthea.com\/farmacia\/#website","url":"https:\/\/www.clinicaalthea.com\/farmacia\/","name":"Clinica Althea","description":"","publisher":{"@id":"https:\/\/www.clinicaalthea.com\/farmacia\/#organization"},"potentialAction":[{"@type":"SearchAction","target":{"@type":"EntryPoint","urlTemplate":"https:\/\/www.clinicaalthea.com\/farmacia\/?s={search_term_string}"},"query-input":{"@type":"PropertyValueSpecification","valueRequired":true,"valueName":"search_term_string"}}],"inLanguage":"pl-PL"},{"@type":"Organization","@id":"https:\/\/www.clinicaalthea.com\/farmacia\/#organization","name":"Clinica Althea","url":"https:\/\/www.clinicaalthea.com\/farmacia\/","logo":{"@type":"ImageObject","inLanguage":"pl-PL","@id":"https:\/\/www.clinicaalthea.com\/farmacia\/#\/schema\/logo\/image\/","url":"https:\/\/www.clinicaalthea.com\/farmacia\/wp-content\/uploads\/2023\/12\/Jak-diagnozuje-sie-FAS_-objawy-kryteria-diagnostyczne-i-metody-diagnozowania-154162903.jpg","contentUrl":"https:\/\/www.clinicaalthea.com\/farmacia\/wp-content\/uploads\/2023\/12\/Jak-diagnozuje-sie-FAS_-objawy-kryteria-diagnostyczne-i-metody-diagnozowania-154162903.jpg","width":1216,"height":832,"caption":"Clinica Althea"},"image":{"@id":"https:\/\/www.clinicaalthea.com\/farmacia\/#\/schema\/logo\/image\/"}}]}},"lang":"et","translations":{"et":7239,"pl":7177,"hu":7188,"ro":7194,"cs":7198,"bg":7201,"fr":7210,"nl":7215,"it":7220,"de":7224,"es":7230,"sk":7232,"lv":7234,"lt":7236,"sl":7242,"pt":7244,"el":7248},"pll_sync_post":[],"_links":{"self":[{"href":"https:\/\/www.clinicaalthea.com\/farmacia\/wp-json\/wp\/v2\/product\/7239","targetHints":{"allow":["GET"]}}],"collection":[{"href":"https:\/\/www.clinicaalthea.com\/farmacia\/wp-json\/wp\/v2\/product"}],"about":[{"href":"https:\/\/www.clinicaalthea.com\/farmacia\/wp-json\/wp\/v2\/types\/product"}],"replies":[{"embeddable":true,"href":"https:\/\/www.clinicaalthea.com\/farmacia\/wp-json\/wp\/v2\/comments?post=7239"}],"wp:featuredmedia":[{"embeddable":true,"href":"https:\/\/www.clinicaalthea.com\/farmacia\/wp-json\/wp\/v2\/media\/7180"}],"wp:attachment":[{"href":"https:\/\/www.clinicaalthea.com\/farmacia\/wp-json\/wp\/v2\/media?parent=7239"}],"wp:term":[{"taxonomy":"product_brand","embeddable":true,"href":"https:\/\/www.clinicaalthea.com\/farmacia\/wp-json\/wp\/v2\/product_brand?post=7239"},{"taxonomy":"product_cat","embeddable":true,"href":"https:\/\/www.clinicaalthea.com\/farmacia\/wp-json\/wp\/v2\/product_cat?post=7239"},{"taxonomy":"product_tag","embeddable":true,"href":"https:\/\/www.clinicaalthea.com\/farmacia\/wp-json\/wp\/v2\/product_tag?post=7239"}],"curies":[{"name":"wp","href":"https:\/\/api.w.org\/{rel}","templated":true}]}}