{"id":7236,"date":"2024-07-18T11:10:12","date_gmt":"2024-07-18T10:10:12","guid":{"rendered":"https:\/\/mayoguide.org\/produkty\/?post_type=product&#038;p=7236"},"modified":"2024-07-18T11:13:25","modified_gmt":"2024-07-18T10:13:25","slug":"hondrofrost","status":"publish","type":"product","link":"https:\/\/www.clinicaalthea.com\/farmacia\/lt\/apt\/hondrofrost\/","title":{"rendered":"Hondrofrost"},"content":{"rendered":"<h2 class=\"wp-block-heading\">Kas yra &#8220;Hondrofrost&#8221; ir kaip jis veikia?<\/h2>\n\n\n<p>&#8220;<b>Hondrofrost&#8221;<\/b> yra naujovi\u0161kas <em>s\u0105nari\u0173 kremas<\/em>, sukurtas \u017emon\u0117ms, turintiems skund\u0173 d\u0117l s\u0105nari\u0173. Jis veikia stimuliuodamas med\u017eiag\u0173 apykait\u0105, o tai padeda greitai suma\u017einti skausm\u0105, suteikia malon\u0173 \u0161aldymo ir atpalaidavimo poj\u016bt\u012f.<\/p>\n\n\n<p>&#8221; <em>Hondrofrost&#8221;<\/em> <b>veiksmingumas<\/b> i\u0161ry\u0161k\u0117ja jau po trumpo vartojimo laikotarpio, o <b>jo<\/b> pagrind\u0105 sudaro nat\u016bral\u016bs ingredientai, palaikantys s\u0105nari\u0173 ir kaul\u0173 sveikat\u0105. D\u0117l gerai apgalvotos naudojam\u0173 ingredient\u0173 sud\u0117ties <em>Hondrofrost<\/em> padeda suma\u017einti s\u0105nari\u0173 skausm\u0105, pagerina s\u0105nari\u0173 problem\u0173 turin\u010di\u0173 \u017emoni\u0173 gyvenimo komfort\u0105 ir kokyb\u0119.<\/p>\n\n\n<p>Reguliarus &#8221; <em>Hondrofrost&#8221;<\/em> <b>vartojimas<\/b> gali suteikti palengv\u0117jim\u0105, palaikyti s\u0105nari\u0173 ir kaul\u0173 regeneracij\u0105 ir padidinti s\u0105nari\u0173 judrum\u0105. Kremo <b>poveik\u012f<\/b> galima pasteb\u0117ti ir pajusti, tod\u0117l jis yra populiarus pasirinkimas tarp t\u0173, kurie ie\u0161ko nat\u016bralios terapijos ir paramos s\u0105nari\u0173 skausmui mal\u0161inti.<\/p>\n\n\n<h2 class=\"wp-block-heading\">Hondrofrost &#8211; taikymo poveikis<\/h2>\n\n\n<p>Hondrofrosto kremo <b>vartojimas<\/b> gali tur\u0117ti daug teigiamo poveikio \u017emon\u0117ms, turintiems s\u0105nari\u0173 problem\u0173. D\u0117l nat\u016brali\u0173 ingredient\u0173 ir naujovi\u0161kos formul\u0117s Hondrofrost palengvina s\u0105nari\u0173 skausm\u0105 ir pagerina s\u0105nari\u0173 judrum\u0105, prisid\u0117damas prie bendros geresn\u0117s gyvenimo kokyb\u0117s.<\/p>\n\n\n<p>Naudingas Hondrofrosto <b>poveikis<\/b>:<\/p>\n\n\n\n<ul class=\"wp-block-list\">\n<li>S\u0105nari\u0173 skausm\u0173 mal\u0161inimas<\/li>\n\n\n\n<li>S\u0105nari\u0173 judrumo gerinimas<\/li>\n\n\n\n<li>Skausmo ma\u017einimas<\/li>\n\n\n\n<li>S\u0105nari\u0173 problem\u0173 turin\u010di\u0173 \u017emoni\u0173 komforto ir gyvenimo kokyb\u0117s gerinimas<\/li>\n<\/ul>\n\n\n<p>Hondrofrostas yra saugus produktas, kur\u012f dauguma \u017emoni\u0173 gerai toleruoja. Ta\u010diau, kaip ir bet kurio kito produkto atveju, retkar\u010diais gali pasitaikyti alergijos bet kuriai kremo sudedamajai daliai atvej\u0173. Jei pavartojus Hondrofrost pasirei\u0161kia nepageidaujam\u0173 simptom\u0173, nutraukite <b>vartojim\u0105<\/b> ir kreipkit\u0117s \u012f gydytoj\u0105.<\/p>\n\n\n<p>Taip pat svarbu laikytis Hondrofrost vartojimo kontraindikacij\u0173. \u017dmon\u0117s, kuriems yra padid\u0117j\u0119s jautrumas bet kuriai kremo sudedamajai daliai, tur\u0117t\u0173 vengti jo vartojimo. Be to, Hondrofrost negalima naudoti ant pa\u017eeistos odos. Prie\u0161 pradedant vartoti Hondrofrost visada patartina pasitarti su gydytoju, ypa\u010d jei turite koki\u0173 nors nuog\u0105stavim\u0173 d\u0117l savo sveikatos.<\/p>\n\n\n<figure class=\"wp-block-table\"><table><tbody><tr><th>Hondrofrosto poveikis<\/th><th>Hondrofrosto \u0161alutinis poveikis<\/th><th>Hondrofrosto kontraindikacijos<\/th><\/tr><tr><td>S\u0105nari\u0173 skausm\u0173 mal\u0161inimas<\/td><td>Alergijos kremo sudedamosioms dalims galimyb\u0117<\/td><td>Padid\u0117j\u0119s jautrumas bet kuriai kremo sudedamajai daliai<\/td><\/tr><tr><td>S\u0105nari\u0173 judrumo gerinimas<\/td><td>\u00a0<\/td><td>Pa\u017eeista oda<\/td><\/tr><tr><td>Skausmo ma\u017einimas<\/td><td>\u00a0<\/td><td>\u00a0<\/td><\/tr><tr><td>S\u0105nari\u0173 problem\u0173 turin\u010di\u0173 \u017emoni\u0173 komforto ir gyvenimo kokyb\u0117s gerinimas<\/td><td>\u00a0<\/td><td>\u00a0<\/td><\/tr><\/tbody><\/table><\/figure>\n\n\n<h2 class=\"wp-block-heading\">Hondrofrost dozavimas &#8211; Kaip vartoti?<\/h2>\n\n\n<p>Hondrofrosto reikia vartoti vieti\u0161kai s\u0105nari\u0173 skausmo vietose. Kad u\u017etikrintum\u0117te optimalius <b>rezultatus<\/b>, laikykit\u0117s toliau pateikt\u0173 dozavimo ir naudojimo instrukcij\u0173:<\/p>\n\n\n\n<ol class=\"wp-block-list\">\n<li>U\u017etepkite nedidel\u012f kiek\u012f kremo ant delno.<\/li>\n\n\n\n<li>\u0160velniais masa\u017euojamaisiais judesiais \u012fmasa\u017euokite krem\u0105 \u012f s\u0105nari\u0173 skausmo pa\u017eeistos srities od\u0105.<\/li>\n\n\n\n<li>Hondrofrost rekomenduojama vartoti 3 kartus per dien\u0105.<\/li>\n<\/ol>\n\n\n<p>Kad pasiektum\u0117te geriausi\u0173 rezultat\u0173, krem\u0105 tepkite reguliariai, laikydamiesi rekomenduojamos doz\u0117s. Venkite naudoti per daug kremo, nes tai nepadidins produkto veiksmingumo. Svarbu atid\u017eiai perskaityti ir laikytis Hondrofrost pakuot\u0117s lapelyje pateiktos informacijos, kurioje pateikta papildom\u0173 patarim\u0173 ir i\u0161sami\u0173 naudojimo instrukcij\u0173.<\/p>\n\n\n<p>Atkreipkite d\u0117mes\u012f, kad rezultatai gali skirtis priklausomai nuo individuali\u0173 poreiki\u0173 ir organizmo reakcijos. Jei kyla abejoni\u0173 ar klausim\u0173 d\u0117l Hondrofrost dozavimo ar vartojimo, visada kreipkit\u0117s \u012f gydytoj\u0105 arba vaistinink\u0105.<\/p>\n\n\n<h2 class=\"wp-block-heading\">Hondrofrost &#8211; Vartotoj\u0173 atsiliepimai, forumas &#8211; K\u0105 sako naudotojai?<\/h2>\n\n\n<p>&#8220;Hondrofrost&#8221; yra produktas, <b>apie<\/b> kur\u012f teigiamai <b>atsiliep\u0117<\/b> vartotojai, ypa\u010d tie, kurie skund\u017eiasi s\u0105nari\u0173 ligomis. Daugelis vartotoj\u0173 pasteb\u0117jo, kad reguliariai vartojant Hondrofrost labai pager\u0117jo j\u0173 savijauta. Suma\u017e\u0117jo s\u0105nari\u0173 skausmas ir gerokai pager\u0117jo s\u0105nari\u0173 judrumas.<\/p>\n\n\n<p>Viena i\u0161 viet\u0173, kur galima rasti <b>atsiliepim\u0173 apie<\/b> Hondrofrost, yra internetinis <b>forumas,<\/b> skirtas \u017emon\u0117ms, turintiems s\u0105nari\u0173 problem\u0173. Daugelis \u017emoni\u0173 dalijasi savo patirtimi su Hondrofrost ir produkto vertinimais. Svarbu perskaityti kit\u0173 naudotoj\u0173 atsiliepimus, kad geriau suprastum\u0117te Hondrofrost <b>veiksmingum\u0105<\/b> ir jo poveik\u012f s\u0105nari\u0173 skausm\u0173 kamuojam\u0173 \u017emoni\u0173 gyvenimo kokybei.<\/p>\n\n\n\n<blockquote class=\"wp-block-quote is-layout-flow wp-block-quote-is-layout-flow\"><p>&#8220;Kelias savaites vartodamas &#8220;Hondrofrost&#8221; pasteb\u0117jau, kad mano savijauta labai pager\u0117jo. S\u0105nari\u0173 skausmai tapo ne tokie intensyv\u016bs, o s\u0105nari\u0173 judrumas gerokai pager\u0117jo. Rekomenduo\u010diau \u0161\u012f krem\u0105 visiems, turintiems skund\u0173 d\u0117l s\u0105nari\u0173.&#8221; &#8211; Jan K.<\/p>\n<\/blockquote>\n\n\n\n<blockquote class=\"wp-block-quote is-layout-flow wp-block-quote-is-layout-flow\"><p>&#8220;Mane stebina &#8220;Hondrofrost&#8221; veiksmingumas. Po keli\u0173 savai\u010di\u0173 vartojimo i\u0161nyko s\u0105nari\u0173 skausmai ir v\u0117l galiu m\u0117gautis visi\u0161ku judrumu. Tai tikrai puikus produktas!&#8221; &#8211; Anna S.<\/p>\n<\/blockquote>\n\n\n<p>Vartotoj\u0173 atsiliepimai rodo, kad &#8220;Hondrofrost&#8221; yra veiksmingas s\u0105nari\u0173 kremas, galintis palengvinti ir pagerinti gyvenimo kokyb\u0119 \u017emon\u0117ms, turintiems skund\u0173 d\u0117l s\u0105nari\u0173. Verta perskaityti kit\u0173 naudotoj\u0173 atsiliepimus, kad su\u017einotum\u0117te j\u0173 patirt\u012f ir produkto vertinimus.<\/p>\n\n\n<h2 class=\"wp-block-heading\">Hondrofrost &#8211; Sud\u0117tis<\/h2>\n\n\n<p>&#8220;Hondrofrost&#8221; yra produktas, kurio pagrind\u0105 sudaro nat\u016bral\u016bs ingredientai, teigiamai veikiantys s\u0105nari\u0173 sveikat\u0105. \u012e Hondrofrost <b>sud\u0117t\u012f<\/b> \u012feina toki\u0173 augal\u0173 ekstraktai kaip ka\u0161tonas, liucerna, paprika ir piet\u0173 m\u0117lynoji derva. Kiekvienas i\u0161 \u0161i\u0173 ingredient\u0173 pasi\u017eymi specifiniu <b>poveikiu<\/b>, kuris palaiko s\u0105nari\u0173 sveikat\u0105 ir prisideda prie skausmo ma\u017einimo.<\/p>\n\n\n<figure class=\"wp-block-table\"><table><tbody><tr><th>Sud\u0117tis<\/th><th>Veiksmas<\/th><\/tr><tr><td>Ka\u0161tonas<\/td><td>Skatina s\u0105nari\u0173 kraujotak\u0105, mal\u0161ina skausm\u0105 ir u\u017edegim\u0105<\/td><\/tr><tr><td>Liucernos<\/td><td>Sud\u0117tyje yra daug verting\u0173 maistini\u0173 med\u017eiag\u0173, palaiko s\u0105nari\u0173 audini\u0173 regeneracij\u0105<\/td><\/tr><tr><td>Paprika<\/td><td>pasi\u017eymi analgeziniu ir prie\u0161u\u017edegiminiu poveikiu, gerina s\u0105nari\u0173 skausm\u0173 kamuojam\u0173 \u017emoni\u0173 gyvenimo kokyb\u0119<\/td><\/tr><tr><td>Piet\u0173 m\u0117lyna guma<\/td><td>Turi v\u0117sinant\u012f ir atpalaiduojant\u012f poveik\u012f, mal\u0161ina s\u0105nari\u0173 skausmus<\/td><\/tr><\/tbody><\/table><\/figure>\n\n\n<h2 class=\"wp-block-heading\">Kur \u012fsigyti ir Kiek kainuoja Hondrofrost &#8211; kaina<\/h2>\n\n\n<p>Hondrofrost galima \u012fsigyti be recepto, ta\u010diau rekomenduojama pirkti i\u0161 oficialios gamintojo svetain\u0117s, kad b\u016btum\u0117te tikri d\u0117l produkto originalumo. Hondrofrost <b>kaina<\/b> gali skirtis priklausomai nuo to, kur jis perkamas, ta\u010diau konkre\u010dios kainos nepateikiame. Rekomenduojame patikrinti dabartin\u0119 kain\u0105 oficialioje gamintojo svetain\u0117je.<\/p>\n\n\n<h2 class=\"wp-block-heading\">Galimas \u0161alutinis poveikis ir kontraindikacijos d\u0117l Hondrofrosto<\/h2>\n\n\n<p>Hondrofrost yra palyginti saugus produktas, ta\u010diau kartais gali pasitaikyti alergijos kremo sudedamosioms dalims atvej\u0173. \u017dmon\u0117s, kuriems yra padid\u0117j\u0119s jautrumas bet kuriai Hondrofrost sudedamajai daliai, tur\u0117t\u0173 vengti jo vartoti. Jei atsiranda bet koki\u0173 nepageidaujam\u0173 simptom\u0173, toki\u0173 kaip odos paraudimas, b\u0117rimas, nie\u017eulys ar patinimas, Hondrofrost vartojim\u0105 reikia nutraukti ir kreiptis \u012f gydytoj\u0105.<\/p>\n\n\n<p>Hondrofrosto taip pat negalima naudoti ant pa\u017eeistos odos, atvir\u0173 \u017eaizd\u0173 ar op\u0173. Prie\u0161 prad\u0117dami vartoti Hondrofrost, visada atid\u017eiai perskaitykite pakuot\u0117s lapel\u012f, kad b\u016btum\u0117te tinkamai informuoti apie visas kontraindikacijas ir kaip naudoti krem\u0105.<\/p>\n\n\n<p>Jei kyla abejoni\u0173 ar klausim\u0173 d\u0117l Hondrofrost vartojimo, visada rekomenduojame pasitarti su gydytoju. Tai svarbu norint gauti profesionali\u0105 nuomon\u0119 ir \u012fsitikinti, kad <b>s\u0105nari\u0173 kremas<\/b> tinka J\u016bs\u0173 konkre\u010diu atveju.<\/p>\n","protected":false},"excerpt":{"rendered":"<p><strong>39.00 \u20ac<\/strong><\/p>\n<p><del>78.00 \u20ac<\/del><\/p>\n<p><strong>[date_countdown]<\/strong><\/p>\n","protected":false},"featured_media":7180,"comment_status":"open","ping_status":"closed","template":"","meta":{"neve_meta_sidebar":"","neve_meta_container":"","neve_meta_enable_content_width":"","neve_meta_content_width":0,"neve_meta_title_alignment":"","neve_meta_author_avatar":"","neve_post_elements_order":"","neve_meta_disable_header":"","neve_meta_disable_footer":"","neve_meta_disable_title":"","neve_meta_reading_time":""},"product_brand":[],"product_cat":[121],"product_tag":[],"class_list":{"0":"post-7236","1":"product","2":"type-product","3":"status-publish","4":"has-post-thumbnail","6":"product_cat-sveikata","8":"first","9":"instock","10":"shipping-taxable","11":"product-type-external"},"yoast_head":"<!-- This site is optimized with the Yoast SEO plugin v27.4 - https:\/\/yoast.com\/product\/yoast-seo-wordpress\/ -->\n<title>Hondrofrost - Clinica Althea<\/title>\n<meta name=\"robots\" content=\"index, follow, max-snippet:-1, max-image-preview:large, max-video-preview:-1\" \/>\n<link rel=\"canonical\" href=\"https:\/\/www.clinicaalthea.com\/farmacia\/lt\/apt\/hondrofrost\/\" \/>\n<meta property=\"og:locale\" content=\"pl_PL\" \/>\n<meta property=\"og:type\" content=\"article\" \/>\n<meta property=\"og:title\" content=\"Hondrofrost - Clinica Althea\" \/>\n<meta property=\"og:description\" content=\"39.00 \u20ac 78.00 \u20ac\" \/>\n<meta property=\"og:url\" content=\"https:\/\/www.clinicaalthea.com\/farmacia\/lt\/apt\/hondrofrost\/\" \/>\n<meta property=\"og:site_name\" content=\"Clinica Althea\" \/>\n<meta property=\"article:modified_time\" content=\"2024-07-18T10:13:25+00:00\" \/>\n<meta property=\"og:image\" content=\"https:\/\/www.clinicaalthea.com\/farmacia\/wp-content\/uploads\/2024\/07\/HONDROFROST.jpg\" \/>\n\t<meta property=\"og:image:width\" content=\"768\" \/>\n\t<meta property=\"og:image:height\" content=\"768\" \/>\n\t<meta property=\"og:image:type\" content=\"image\/jpeg\" \/>\n<meta name=\"twitter:card\" content=\"summary_large_image\" \/>\n<meta name=\"twitter:label1\" content=\"Szacowany czas czytania\" \/>\n\t<meta name=\"twitter:data1\" content=\"5 minut\" \/>\n<script type=\"application\/ld+json\" class=\"yoast-schema-graph\">{\"@context\":\"https:\\\/\\\/schema.org\",\"@graph\":[{\"@type\":\"WebPage\",\"@id\":\"https:\\\/\\\/www.clinicaalthea.com\\\/farmacia\\\/lt\\\/apt\\\/hondrofrost\\\/\",\"url\":\"https:\\\/\\\/www.clinicaalthea.com\\\/farmacia\\\/lt\\\/apt\\\/hondrofrost\\\/\",\"name\":\"Hondrofrost - Clinica Althea\",\"isPartOf\":{\"@id\":\"https:\\\/\\\/www.clinicaalthea.com\\\/farmacia\\\/#website\"},\"primaryImageOfPage\":{\"@id\":\"https:\\\/\\\/www.clinicaalthea.com\\\/farmacia\\\/lt\\\/apt\\\/hondrofrost\\\/#primaryimage\"},\"image\":{\"@id\":\"https:\\\/\\\/www.clinicaalthea.com\\\/farmacia\\\/lt\\\/apt\\\/hondrofrost\\\/#primaryimage\"},\"thumbnailUrl\":\"https:\\\/\\\/www.clinicaalthea.com\\\/farmacia\\\/wp-content\\\/uploads\\\/2024\\\/07\\\/HONDROFROST.jpg\",\"datePublished\":\"2024-07-18T10:10:12+00:00\",\"dateModified\":\"2024-07-18T10:13:25+00:00\",\"breadcrumb\":{\"@id\":\"https:\\\/\\\/www.clinicaalthea.com\\\/farmacia\\\/lt\\\/apt\\\/hondrofrost\\\/#breadcrumb\"},\"inLanguage\":\"pl-PL\",\"potentialAction\":[{\"@type\":\"ReadAction\",\"target\":[\"https:\\\/\\\/www.clinicaalthea.com\\\/farmacia\\\/lt\\\/apt\\\/hondrofrost\\\/\"]}]},{\"@type\":\"ImageObject\",\"inLanguage\":\"pl-PL\",\"@id\":\"https:\\\/\\\/www.clinicaalthea.com\\\/farmacia\\\/lt\\\/apt\\\/hondrofrost\\\/#primaryimage\",\"url\":\"https:\\\/\\\/www.clinicaalthea.com\\\/farmacia\\\/wp-content\\\/uploads\\\/2024\\\/07\\\/HONDROFROST.jpg\",\"contentUrl\":\"https:\\\/\\\/www.clinicaalthea.com\\\/farmacia\\\/wp-content\\\/uploads\\\/2024\\\/07\\\/HONDROFROST.jpg\",\"width\":768,\"height\":768,\"caption\":\"Hondrofrost\"},{\"@type\":\"BreadcrumbList\",\"@id\":\"https:\\\/\\\/www.clinicaalthea.com\\\/farmacia\\\/lt\\\/apt\\\/hondrofrost\\\/#breadcrumb\",\"itemListElement\":[{\"@type\":\"ListItem\",\"position\":1,\"name\":\"Strona g\u0142\u00f3wna\",\"item\":\"https:\\\/\\\/www.clinicaalthea.com\\\/farmacia\\\/\"},{\"@type\":\"ListItem\",\"position\":2,\"name\":\"Produkty\",\"item\":\"https:\\\/\\\/www.clinicaalthea.com\\\/farmacia\\\/\"},{\"@type\":\"ListItem\",\"position\":3,\"name\":\"Hondrofrost\"}]},{\"@type\":\"WebSite\",\"@id\":\"https:\\\/\\\/www.clinicaalthea.com\\\/farmacia\\\/#website\",\"url\":\"https:\\\/\\\/www.clinicaalthea.com\\\/farmacia\\\/\",\"name\":\"Clinica Althea\",\"description\":\"\",\"publisher\":{\"@id\":\"https:\\\/\\\/www.clinicaalthea.com\\\/farmacia\\\/#organization\"},\"potentialAction\":[{\"@type\":\"SearchAction\",\"target\":{\"@type\":\"EntryPoint\",\"urlTemplate\":\"https:\\\/\\\/www.clinicaalthea.com\\\/farmacia\\\/?s={search_term_string}\"},\"query-input\":{\"@type\":\"PropertyValueSpecification\",\"valueRequired\":true,\"valueName\":\"search_term_string\"}}],\"inLanguage\":\"pl-PL\"},{\"@type\":\"Organization\",\"@id\":\"https:\\\/\\\/www.clinicaalthea.com\\\/farmacia\\\/#organization\",\"name\":\"Clinica Althea\",\"url\":\"https:\\\/\\\/www.clinicaalthea.com\\\/farmacia\\\/\",\"logo\":{\"@type\":\"ImageObject\",\"inLanguage\":\"pl-PL\",\"@id\":\"https:\\\/\\\/www.clinicaalthea.com\\\/farmacia\\\/#\\\/schema\\\/logo\\\/image\\\/\",\"url\":\"https:\\\/\\\/www.clinicaalthea.com\\\/farmacia\\\/wp-content\\\/uploads\\\/2023\\\/12\\\/Jak-diagnozuje-sie-FAS_-objawy-kryteria-diagnostyczne-i-metody-diagnozowania-154162903.jpg\",\"contentUrl\":\"https:\\\/\\\/www.clinicaalthea.com\\\/farmacia\\\/wp-content\\\/uploads\\\/2023\\\/12\\\/Jak-diagnozuje-sie-FAS_-objawy-kryteria-diagnostyczne-i-metody-diagnozowania-154162903.jpg\",\"width\":1216,\"height\":832,\"caption\":\"Clinica Althea\"},\"image\":{\"@id\":\"https:\\\/\\\/www.clinicaalthea.com\\\/farmacia\\\/#\\\/schema\\\/logo\\\/image\\\/\"}}]}<\/script>\n<!-- \/ Yoast SEO plugin. -->","yoast_head_json":{"title":"Hondrofrost - Clinica Althea","robots":{"index":"index","follow":"follow","max-snippet":"max-snippet:-1","max-image-preview":"max-image-preview:large","max-video-preview":"max-video-preview:-1"},"canonical":"https:\/\/www.clinicaalthea.com\/farmacia\/lt\/apt\/hondrofrost\/","og_locale":"pl_PL","og_type":"article","og_title":"Hondrofrost - Clinica Althea","og_description":"39.00 \u20ac 78.00 \u20ac","og_url":"https:\/\/www.clinicaalthea.com\/farmacia\/lt\/apt\/hondrofrost\/","og_site_name":"Clinica Althea","article_modified_time":"2024-07-18T10:13:25+00:00","og_image":[{"width":768,"height":768,"url":"https:\/\/www.clinicaalthea.com\/farmacia\/wp-content\/uploads\/2024\/07\/HONDROFROST.jpg","type":"image\/jpeg"}],"twitter_card":"summary_large_image","twitter_misc":{"Szacowany czas czytania":"5 minut"},"schema":{"@context":"https:\/\/schema.org","@graph":[{"@type":"WebPage","@id":"https:\/\/www.clinicaalthea.com\/farmacia\/lt\/apt\/hondrofrost\/","url":"https:\/\/www.clinicaalthea.com\/farmacia\/lt\/apt\/hondrofrost\/","name":"Hondrofrost - Clinica Althea","isPartOf":{"@id":"https:\/\/www.clinicaalthea.com\/farmacia\/#website"},"primaryImageOfPage":{"@id":"https:\/\/www.clinicaalthea.com\/farmacia\/lt\/apt\/hondrofrost\/#primaryimage"},"image":{"@id":"https:\/\/www.clinicaalthea.com\/farmacia\/lt\/apt\/hondrofrost\/#primaryimage"},"thumbnailUrl":"https:\/\/www.clinicaalthea.com\/farmacia\/wp-content\/uploads\/2024\/07\/HONDROFROST.jpg","datePublished":"2024-07-18T10:10:12+00:00","dateModified":"2024-07-18T10:13:25+00:00","breadcrumb":{"@id":"https:\/\/www.clinicaalthea.com\/farmacia\/lt\/apt\/hondrofrost\/#breadcrumb"},"inLanguage":"pl-PL","potentialAction":[{"@type":"ReadAction","target":["https:\/\/www.clinicaalthea.com\/farmacia\/lt\/apt\/hondrofrost\/"]}]},{"@type":"ImageObject","inLanguage":"pl-PL","@id":"https:\/\/www.clinicaalthea.com\/farmacia\/lt\/apt\/hondrofrost\/#primaryimage","url":"https:\/\/www.clinicaalthea.com\/farmacia\/wp-content\/uploads\/2024\/07\/HONDROFROST.jpg","contentUrl":"https:\/\/www.clinicaalthea.com\/farmacia\/wp-content\/uploads\/2024\/07\/HONDROFROST.jpg","width":768,"height":768,"caption":"Hondrofrost"},{"@type":"BreadcrumbList","@id":"https:\/\/www.clinicaalthea.com\/farmacia\/lt\/apt\/hondrofrost\/#breadcrumb","itemListElement":[{"@type":"ListItem","position":1,"name":"Strona g\u0142\u00f3wna","item":"https:\/\/www.clinicaalthea.com\/farmacia\/"},{"@type":"ListItem","position":2,"name":"Produkty","item":"https:\/\/www.clinicaalthea.com\/farmacia\/"},{"@type":"ListItem","position":3,"name":"Hondrofrost"}]},{"@type":"WebSite","@id":"https:\/\/www.clinicaalthea.com\/farmacia\/#website","url":"https:\/\/www.clinicaalthea.com\/farmacia\/","name":"Clinica Althea","description":"","publisher":{"@id":"https:\/\/www.clinicaalthea.com\/farmacia\/#organization"},"potentialAction":[{"@type":"SearchAction","target":{"@type":"EntryPoint","urlTemplate":"https:\/\/www.clinicaalthea.com\/farmacia\/?s={search_term_string}"},"query-input":{"@type":"PropertyValueSpecification","valueRequired":true,"valueName":"search_term_string"}}],"inLanguage":"pl-PL"},{"@type":"Organization","@id":"https:\/\/www.clinicaalthea.com\/farmacia\/#organization","name":"Clinica Althea","url":"https:\/\/www.clinicaalthea.com\/farmacia\/","logo":{"@type":"ImageObject","inLanguage":"pl-PL","@id":"https:\/\/www.clinicaalthea.com\/farmacia\/#\/schema\/logo\/image\/","url":"https:\/\/www.clinicaalthea.com\/farmacia\/wp-content\/uploads\/2023\/12\/Jak-diagnozuje-sie-FAS_-objawy-kryteria-diagnostyczne-i-metody-diagnozowania-154162903.jpg","contentUrl":"https:\/\/www.clinicaalthea.com\/farmacia\/wp-content\/uploads\/2023\/12\/Jak-diagnozuje-sie-FAS_-objawy-kryteria-diagnostyczne-i-metody-diagnozowania-154162903.jpg","width":1216,"height":832,"caption":"Clinica Althea"},"image":{"@id":"https:\/\/www.clinicaalthea.com\/farmacia\/#\/schema\/logo\/image\/"}}]}},"lang":"lt","translations":{"lt":7236,"pl":7177,"hu":7188,"ro":7194,"cs":7198,"bg":7201,"fr":7210,"nl":7215,"it":7220,"de":7224,"es":7230,"sk":7232,"lv":7234,"et":7239,"sl":7242,"pt":7244,"el":7248},"pll_sync_post":[],"_links":{"self":[{"href":"https:\/\/www.clinicaalthea.com\/farmacia\/wp-json\/wp\/v2\/product\/7236","targetHints":{"allow":["GET"]}}],"collection":[{"href":"https:\/\/www.clinicaalthea.com\/farmacia\/wp-json\/wp\/v2\/product"}],"about":[{"href":"https:\/\/www.clinicaalthea.com\/farmacia\/wp-json\/wp\/v2\/types\/product"}],"replies":[{"embeddable":true,"href":"https:\/\/www.clinicaalthea.com\/farmacia\/wp-json\/wp\/v2\/comments?post=7236"}],"wp:featuredmedia":[{"embeddable":true,"href":"https:\/\/www.clinicaalthea.com\/farmacia\/wp-json\/wp\/v2\/media\/7180"}],"wp:attachment":[{"href":"https:\/\/www.clinicaalthea.com\/farmacia\/wp-json\/wp\/v2\/media?parent=7236"}],"wp:term":[{"taxonomy":"product_brand","embeddable":true,"href":"https:\/\/www.clinicaalthea.com\/farmacia\/wp-json\/wp\/v2\/product_brand?post=7236"},{"taxonomy":"product_cat","embeddable":true,"href":"https:\/\/www.clinicaalthea.com\/farmacia\/wp-json\/wp\/v2\/product_cat?post=7236"},{"taxonomy":"product_tag","embeddable":true,"href":"https:\/\/www.clinicaalthea.com\/farmacia\/wp-json\/wp\/v2\/product_tag?post=7236"}],"curies":[{"name":"wp","href":"https:\/\/api.w.org\/{rel}","templated":true}]}}