{"id":7232,"date":"2024-07-18T11:08:59","date_gmt":"2024-07-18T10:08:59","guid":{"rendered":"https:\/\/mayoguide.org\/produkty\/?post_type=product&#038;p=7232"},"modified":"2024-07-18T11:13:25","modified_gmt":"2024-07-18T10:13:25","slug":"hondrofrost","status":"publish","type":"product","link":"https:\/\/www.clinicaalthea.com\/farmacia\/sk\/apt\/hondrofrost\/","title":{"rendered":"Hondrofrost"},"content":{"rendered":"<h2 class=\"wp-block-heading\">\u010co je Hondrofrost a ako funguje?<\/h2>\n\n\n<p><b>Hondrofrost<\/b> je inovat\u00edvny <em>kr\u00e9m na k\u013aby<\/em>, ktor\u00fd bol vyvinut\u00fd pre \u013eud\u00ed s k\u013abov\u00fdmi \u0165a\u017ekos\u0165ami. P\u00f4sob\u00ed tak, \u017ee stimuluje metabolizmus, \u010do prispieva k r\u00fdchlej \u00fa\u013eave od bolesti a poskytuje pr\u00edjemn\u00fd chladiv\u00fd a uvo\u013e\u0148uj\u00faci pocit.<\/p>\n\n\n<p>\u00da\u010dinnos\u0165 <b>lieku<\/b> <em>Hondrofrost<\/em> sa prejav\u00ed u\u017e po kr\u00e1tkom \u010dase u\u017e\u00edvania a <b>je<\/b> zalo\u017een\u00e1 na pr\u00edrodn\u00fdch zlo\u017ek\u00e1ch, ktor\u00e9 podporuj\u00fa zdravie k\u013abov a kost\u00ed. V\u010faka kombin\u00e1cii premyslen\u00e9ho zlo\u017eenia pou\u017eit\u00fdch zlo\u017eiek pom\u00e1ha <em>Hondrofrost<\/em> zni\u017eova\u0165 boles\u0165 k\u013abov, zlep\u0161uje pohodlie a kvalitu \u017eivota \u013eud\u00ed s k\u013abov\u00fdmi probl\u00e9mami.<\/p>\n\n\n<p>Pravideln\u00e9 <b>pou\u017e\u00edvanie lieku<\/b> <em>Hondrofrost<\/em> m\u00f4\u017ee prinies\u0165 \u00fa\u013eavu, podpori\u0165 regener\u00e1ciu k\u013abov a kost\u00ed a zv\u00fd\u0161i\u0165 pohyblivos\u0165 k\u013abov. <b>\u00da\u010dinky<\/b> kr\u00e9mu s\u00fa vidite\u013en\u00e9 a cite\u013en\u00e9, preto je ob\u013e\u00fabenou vo\u013ebou medzi t\u00fdmi, ktor\u00ed h\u013eadaj\u00fa pr\u00edrodn\u00fa terapiu a podporu na zmiernenie bolesti k\u013abov.<\/p>\n\n\n<h2 class=\"wp-block-heading\">Hondrofrost &#8211; \u00fa\u010dinky aplik\u00e1cie<\/h2>\n\n\n<p><b>Pou\u017e\u00edvanie<\/b> kr\u00e9mu Hondrofrost m\u00f4\u017ee ma\u0165 mnoho priazniv\u00fdch \u00fa\u010dinkov pre \u013eud\u00ed s probl\u00e9mami s k\u013abmi. V\u010faka pr\u00edrodn\u00fdm zlo\u017ek\u00e1m a inovat\u00edvnemu zlo\u017eeniu poskytuje Hondrofrost \u00fa\u013eavu od bolesti k\u013abov a zlep\u0161uje ich pohyblivos\u0165, \u010d\u00edm prispieva k celkov\u00e9mu zlep\u0161eniu kvality \u017eivota.<\/p>\n\n\n<p>Medzi priazniv\u00e9 <b>\u00fa\u010dinky lieku<\/b> Hondrofrost patria:<\/p>\n\n\n\n<ul class=\"wp-block-list\">\n<li>\u00da\u013eava od bolesti k\u013abov<\/li>\n\n\n\n<li>Zlep\u0161enie pohyblivosti k\u013abov<\/li>\n\n\n\n<li>Zn\u00ed\u017eenie bolesti<\/li>\n\n\n\n<li>Zv\u00fd\u0161enie komfortu a kvality \u017eivota \u013eud\u00ed s probl\u00e9mami s k\u013abmi<\/li>\n<\/ul>\n\n\n<p>Hondrofrost je bezpe\u010dn\u00fd produkt, ktor\u00fd v\u00e4\u010d\u0161ina \u013eud\u00ed dobre zn\u00e1\u0161a. Ako pri ka\u017edom v\u00fdrobku sa v\u0161ak m\u00f4\u017eu pr\u00edle\u017eitostne vyskytn\u00fa\u0165 pr\u00edpady alergie na niektor\u00fa zo zlo\u017eiek kr\u00e9mu. Ak sa u v\u00e1s po pou\u017eit\u00ed Hondrofrostu objavia ak\u00e9ko\u013evek ne\u017eiaduce pr\u00edznaky, presta\u0148te ho <b>pou\u017e\u00edva\u0165<\/b> a pora\u010fte sa so svoj\u00edm lek\u00e1rom.<\/p>\n\n\n<p>Je tie\u017e d\u00f4le\u017eit\u00e9 dodr\u017eiava\u0165 kontraindik\u00e1cie pou\u017e\u00edvania lieku Hondrofrost. \u013dudia s precitlivenos\u0165ou na niektor\u00fa zo zlo\u017eiek kr\u00e9mu by sa mali vyhn\u00fa\u0165 jeho pou\u017e\u00edvaniu. Okrem toho by sa Hondrofrost nemal pou\u017e\u00edva\u0165 na po\u0161koden\u00fa poko\u017eku. Pred pou\u017eit\u00edm Hondrofrostu je v\u017edy vhodn\u00e9 poradi\u0165 sa so svoj\u00edm lek\u00e1rom, najm\u00e4 ak m\u00e1te ak\u00e9ko\u013evek obavy o svoje zdravie.<\/p>\n\n\n<figure class=\"wp-block-table\"><table><tbody><tr><th>\u00da\u010dinky lieku Hondrofrost<\/th><th>Ved\u013eaj\u0161ie \u00fa\u010dinky lieku Hondrofrost<\/th><th>Kontraindik\u00e1cie lieku Hondrofrost<\/th><\/tr><tr><td>\u00da\u013eava od bolesti k\u013abov<\/td><td>Mo\u017enos\u0165 alergie na zlo\u017eky kr\u00e9mu<\/td><td>Precitlivenos\u0165 na niektor\u00fa zo zlo\u017eiek kr\u00e9mu<\/td><\/tr><tr><td>Zlep\u0161enie pohyblivosti k\u013abov<\/td><td>\u00a0<\/td><td>Po\u0161koden\u00e1 poko\u017eka<\/td><\/tr><tr><td>Zn\u00ed\u017eenie bolesti<\/td><td>\u00a0<\/td><td>\u00a0<\/td><\/tr><tr><td>Zv\u00fd\u0161enie komfortu a kvality \u017eivota \u013eud\u00ed s probl\u00e9mami s k\u013abmi<\/td><td>\u00a0<\/td><td>\u00a0<\/td><\/tr><\/tbody><\/table><\/figure>\n\n\n<h2 class=\"wp-block-heading\">D\u00e1vkovanie lieku Hondrofrost &#8211; Ako pou\u017e\u00edva\u0165?<\/h2>\n\n\n<p>Hondrofrost sa m\u00e1 aplikova\u0165 lok\u00e1lne na miesta s boles\u0165ou k\u013abov. Na zabezpe\u010denie optim\u00e1lnych <b>v\u00fdsledkov<\/b> postupujte pod\u013ea ni\u017e\u0161ie uveden\u00fdch pokynov na d\u00e1vkovanie a aplik\u00e1ciu:<\/p>\n\n\n\n<ol class=\"wp-block-list\">\n<li>Naneste mal\u00e9 mno\u017estvo kr\u00e9mu na dla\u0148.<\/li>\n\n\n\n<li>Jemn\u00fdmi mas\u00e1\u017enymi pohybmi vmas\u00edrujte kr\u00e9m do poko\u017eky v oblasti postihnutej boles\u0165ou k\u013abov.<\/li>\n\n\n\n<li>Hondrofrost sa odpor\u00fa\u010da pou\u017e\u00edva\u0165 3-kr\u00e1t denne.<\/li>\n<\/ol>\n\n\n<p>Na dosiahnutie najlep\u0161\u00edch v\u00fdsledkov aplikujte kr\u00e9m pravidelne pod\u013ea odpor\u00fa\u010dan\u00e9ho d\u00e1vkovania. Vyhnite sa aplik\u00e1cii pr\u00edli\u0161 ve\u013ek\u00e9ho mno\u017estva kr\u00e9mu, preto\u017ee to nezv\u00fd\u0161i \u00fa\u010dinnos\u0165 v\u00fdrobku. Je d\u00f4le\u017eit\u00e9 pozorne si pre\u010d\u00edta\u0165 a dodr\u017eiava\u0165 inform\u00e1cie v pr\u00edbalovom let\u00e1ku Hondrofrostu, kde n\u00e1jdete \u010fal\u0161ie pokyny a podrobn\u00fd n\u00e1vod na pou\u017eitie.<\/p>\n\n\n<p>Upozor\u0148ujeme, \u017ee v\u00fdsledky sa m\u00f4\u017eu l\u00ed\u0161i\u0165 v z\u00e1vislosti od individu\u00e1lnych potrieb a reakcie organizmu. Ak m\u00e1te ak\u00e9ko\u013evek pochybnosti alebo ot\u00e1zky t\u00fdkaj\u00face sa d\u00e1vkovania alebo pou\u017e\u00edvania Hondrofrostu, v\u017edy sa pora\u010fte so svoj\u00edm lek\u00e1rom alebo lek\u00e1rnikom.<\/p>\n\n\n<h2 class=\"wp-block-heading\">Hondrofrost &#8211; Recenzie pou\u017e\u00edvate\u013eov, f\u00f3rum &#8211; \u010co hovoria pou\u017e\u00edvatelia?<\/h2>\n\n\n<p>Hondrofrost je produkt, ktor\u00fd z\u00edskal pozit\u00edvnu <b>sp\u00e4tn\u00fa v\u00e4zbu od<\/b> pou\u017e\u00edvate\u013eov, najm\u00e4 t\u00fdch, ktor\u00ed bojovali s k\u013abov\u00fdmi \u0165a\u017ekos\u0165ami. Mnoh\u00ed pou\u017e\u00edvatelia si po pravidelnom pou\u017e\u00edvan\u00ed Hondrofrostu v\u0161imli v\u00fdrazn\u00e9 zlep\u0161enie svojej pohody. Boles\u0165 k\u013abov sa zn\u00ed\u017eila a pohyblivos\u0165 k\u013abov sa v\u00fdrazne zlep\u0161ila.<\/p>\n\n\n<p>Jedn\u00fdm z miest, kde n\u00e1jdete <b>recenzie na<\/b> Hondrofrost, je online <b>f\u00f3rum pre<\/b> \u013eud\u00ed s probl\u00e9mami s k\u013abmi. Mnoh\u00ed \u013eudia sa podelili o svoje sk\u00fasenosti s liekom Hondrofrost a o svoje hodnotenia tohto v\u00fdrobku. Je d\u00f4le\u017eit\u00e9 pre\u010d\u00edta\u0165 si recenzie ostatn\u00fdch pou\u017e\u00edvate\u013eov, aby ste z\u00edskali viac inform\u00e1ci\u00ed o <b>\u00fa\u010dinnosti lieku<\/b> Hondrofrost a jeho vplyve na kvalitu \u017eivota \u013eud\u00ed s boles\u0165ami k\u013abov.<\/p>\n\n\n\n<blockquote class=\"wp-block-quote is-layout-flow wp-block-quote-is-layout-flow\"><p>&#8220;Pri pou\u017e\u00edvan\u00ed pr\u00edpravku Hondrofrost po\u010das nieko\u013ek\u00fdch t\u00fd\u017ed\u0148ov som zaznamenal v\u00fdrazn\u00e9 zlep\u0161enie svojej pohody. Bolesti k\u013abov sa stali menej intenz\u00edvnymi a pohyblivos\u0165 k\u013abov sa v\u00fdrazne zlep\u0161ila. Tento kr\u00e9m by som odporu\u010dil ka\u017ed\u00e9mu, kto m\u00e1 \u0165a\u017ekosti s k\u013abmi.&#8221; &#8211; Jan K.<\/p>\n<\/blockquote>\n\n\n\n<blockquote class=\"wp-block-quote is-layout-flow wp-block-quote-is-layout-flow\"><p>&#8220;Som ohromen\u00fd \u00fa\u010dinnos\u0165ou pr\u00edpravku Hondrofrost. Po nieko\u013ek\u00fdch t\u00fd\u017ed\u0148och pou\u017e\u00edvania mi zmizli bolesti k\u013abov a m\u00f4\u017eem si op\u00e4\u0165 u\u017e\u00edva\u0165 pln\u00fa pohyblivos\u0165. Je to naozaj skvel\u00fd v\u00fdrobok!&#8221; &#8211; Anna S.<\/p>\n<\/blockquote>\n\n\n<p>Recenzie pou\u017e\u00edvate\u013eov nazna\u010duj\u00fa, \u017ee Hondrofrost je \u00fa\u010dinn\u00fd kr\u00e9m na k\u013aby, ktor\u00fd m\u00f4\u017ee poskytn\u00fa\u0165 \u00fa\u013eavu a zlep\u0161i\u0165 kvalitu \u017eivota \u013eud\u00ed s k\u013abov\u00fdmi \u0165a\u017ekos\u0165ami. Stoj\u00ed za to pre\u010d\u00edta\u0165 si recenzie in\u00fdch pou\u017e\u00edvate\u013eov, aby ste zistili ich sk\u00fasenosti a hodnotenia v\u00fdrobku.<\/p>\n\n\n<h2 class=\"wp-block-heading\">Hondrofrost &#8211; zlo\u017eenie<\/h2>\n\n\n<p>Hondrofrost je produkt na b\u00e1ze pr\u00edrodn\u00fdch zlo\u017eiek, ktor\u00e9 maj\u00fa pozit\u00edvny vplyv na zdravie k\u013abov. <b>Zlo\u017eenie<\/b> Hondrofrostu obsahuje v\u00fd\u0165a\u017eky z rastl\u00edn, ako s\u00fa paga\u0161tan konsk\u00fd, lucerna, paprika a modr\u00e1 guma ju\u017en\u00e1. Ka\u017ed\u00e1 z t\u00fdchto zlo\u017eiek m\u00e1 \u0161pecifick\u00fd <b>\u00fa\u010dinok<\/b>, ktor\u00fd podporuje zdravie k\u013abov a prispieva k zn\u00ed\u017eeniu bolesti.<\/p>\n\n\n<figure class=\"wp-block-table\"><table><tbody><tr><th>Zlo\u017eenie<\/th><th>Akcia<\/th><\/tr><tr><td>Ga\u0161tan jedl\u00fd<\/td><td>Podporuje prekrvenie k\u013abov, zmier\u0148uje boles\u0165 a z\u00e1pal<\/td><\/tr><tr><td>Lucerna<\/td><td>Obsahuje mnoho cenn\u00fdch \u017eiv\u00edn, podporuje regener\u00e1ciu k\u013abov\u00e9ho tkaniva<\/td><\/tr><tr><td>Paprika<\/td><td>M\u00e1 analgetick\u00e9 a protiz\u00e1palov\u00e9 \u00fa\u010dinky, zlep\u0161uje kvalitu \u017eivota \u013eud\u00ed s boles\u0165ami k\u013abov<\/td><\/tr><tr><td>Ju\u017en\u00e1 modr\u00e1 guma<\/td><td>M\u00e1 chladiv\u00fd a uvo\u013e\u0148uj\u00faci \u00fa\u010dinok, zmier\u0148uje bolesti k\u013abov<\/td><\/tr><\/tbody><\/table><\/figure>\n\n\n<h2 class=\"wp-block-heading\">Kde k\u00fapi\u0165 a ko\u013eko stoj\u00ed Hondrofrost &#8211; cena<\/h2>\n\n\n<p>Hondrofrost je k dispoz\u00edcii na n\u00e1kup bez lek\u00e1rskeho predpisu, ale odpor\u00fa\u010da sa zak\u00fapi\u0165 na ofici\u00e1lnej webovej str\u00e1nke v\u00fdrobcu, aby ste si boli ist\u00ed originalitou v\u00fdrobku. <b>Cena lie<\/b> ku Hondrofrost sa m\u00f4\u017ee l\u00ed\u0161i\u0165 v z\u00e1vislosti od miesta n\u00e1kupu, ale konkr\u00e9tnu cenu neuv\u00e1dzame. Odpor\u00fa\u010dame skontrolova\u0165 aktu\u00e1lnu cenu na ofici\u00e1lnej webovej str\u00e1nke v\u00fdrobcu.<\/p>\n\n\n<h2 class=\"wp-block-heading\">Mo\u017en\u00e9 ved\u013eaj\u0161ie \u00fa\u010dinky a kontraindik\u00e1cie lieku Hondrofrost<\/h2>\n\n\n<p>Hondrofrost je relat\u00edvne bezpe\u010dn\u00fd v\u00fdrobok, av\u0161ak ob\u010das sa m\u00f4\u017eu vyskytn\u00fa\u0165 pr\u00edpady alergie na zlo\u017eky kr\u00e9mu. \u013dudia s precitlivenos\u0165ou na niektor\u00fa zo zlo\u017eiek Hondrofrostu by sa mali vyhn\u00fa\u0165 jeho pou\u017e\u00edvaniu. Ak sa vyskytn\u00fa ak\u00e9ko\u013evek ne\u017eiaduce pr\u00edznaky, ako je s\u010dervenanie ko\u017ee, vyr\u00e1\u017eka, svrbenie alebo opuch, u\u017e\u00edvanie Hondrofrostu treba preru\u0161i\u0165 a poradi\u0165 sa s lek\u00e1rom.<\/p>\n\n\n<p>Hondrofrost by sa nemal pou\u017e\u00edva\u0165 ani na po\u0161koden\u00fa poko\u017eku, otvoren\u00e9 rany alebo vredy. Pred pou\u017eit\u00edm Hondrofrostu si v\u017edy pozorne pre\u010d\u00edtajte pr\u00edbalov\u00fd let\u00e1k, aby ste boli riadne informovan\u00ed o v\u0161etk\u00fdch kontraindik\u00e1ci\u00e1ch a o sp\u00f4sobe pou\u017eitia kr\u00e9mu.<\/p>\n\n\n<p>Ak m\u00e1te ak\u00e9ko\u013evek pochybnosti alebo ot\u00e1zky t\u00fdkaj\u00face sa pou\u017e\u00edvania lieku Hondrofrost, v\u017edy odpor\u00fa\u010dame poradi\u0165 sa so svoj\u00edm lek\u00e1rom. Je to d\u00f4le\u017eit\u00e9, aby ste z\u00edskali odborn\u00fd n\u00e1zor a uistili sa, \u017ee <b>kr\u00e9m na k\u013aby<\/b> je vhodn\u00fd pre v\u00e1\u0161 konkr\u00e9tny pr\u00edpad.<\/p>\n","protected":false},"excerpt":{"rendered":"<p><strong>39.00 \u20ac<\/strong><\/p>\n<p><del>78.00 \u20ac<\/del><\/p>\n<p><strong>[date_countdown]<\/strong><\/p>\n","protected":false},"featured_media":7180,"comment_status":"open","ping_status":"closed","template":"","meta":{"neve_meta_sidebar":"","neve_meta_container":"","neve_meta_enable_content_width":"","neve_meta_content_width":0,"neve_meta_title_alignment":"","neve_meta_author_avatar":"","neve_post_elements_order":"","neve_meta_disable_header":"","neve_meta_disable_footer":"","neve_meta_disable_title":"","neve_meta_reading_time":""},"product_brand":[],"product_cat":[169],"product_tag":[],"class_list":{"0":"post-7232","1":"product","2":"type-product","3":"status-publish","4":"has-post-thumbnail","6":"product_cat-zdravie","8":"first","9":"instock","10":"shipping-taxable","11":"product-type-external"},"yoast_head":"<!-- This site is optimized with the Yoast SEO plugin v27.4 - https:\/\/yoast.com\/product\/yoast-seo-wordpress\/ -->\n<title>Hondrofrost - Clinica Althea<\/title>\n<meta name=\"robots\" content=\"index, follow, max-snippet:-1, max-image-preview:large, max-video-preview:-1\" \/>\n<link rel=\"canonical\" href=\"https:\/\/www.clinicaalthea.com\/farmacia\/sk\/apt\/hondrofrost\/\" \/>\n<meta property=\"og:locale\" content=\"pl_PL\" \/>\n<meta property=\"og:type\" content=\"article\" \/>\n<meta property=\"og:title\" content=\"Hondrofrost - Clinica Althea\" \/>\n<meta property=\"og:description\" content=\"39.00 \u20ac 78.00 \u20ac\" \/>\n<meta property=\"og:url\" content=\"https:\/\/www.clinicaalthea.com\/farmacia\/sk\/apt\/hondrofrost\/\" \/>\n<meta property=\"og:site_name\" content=\"Clinica Althea\" \/>\n<meta property=\"article:modified_time\" content=\"2024-07-18T10:13:25+00:00\" \/>\n<meta property=\"og:image\" content=\"https:\/\/www.clinicaalthea.com\/farmacia\/wp-content\/uploads\/2024\/07\/HONDROFROST.jpg\" \/>\n\t<meta property=\"og:image:width\" content=\"768\" \/>\n\t<meta property=\"og:image:height\" content=\"768\" \/>\n\t<meta property=\"og:image:type\" content=\"image\/jpeg\" \/>\n<meta name=\"twitter:card\" content=\"summary_large_image\" \/>\n<meta name=\"twitter:label1\" content=\"Szacowany czas czytania\" \/>\n\t<meta name=\"twitter:data1\" content=\"6 minut\" \/>\n<script type=\"application\/ld+json\" class=\"yoast-schema-graph\">{\"@context\":\"https:\\\/\\\/schema.org\",\"@graph\":[{\"@type\":\"WebPage\",\"@id\":\"https:\\\/\\\/www.clinicaalthea.com\\\/farmacia\\\/sk\\\/apt\\\/hondrofrost\\\/\",\"url\":\"https:\\\/\\\/www.clinicaalthea.com\\\/farmacia\\\/sk\\\/apt\\\/hondrofrost\\\/\",\"name\":\"Hondrofrost - Clinica Althea\",\"isPartOf\":{\"@id\":\"https:\\\/\\\/www.clinicaalthea.com\\\/farmacia\\\/#website\"},\"primaryImageOfPage\":{\"@id\":\"https:\\\/\\\/www.clinicaalthea.com\\\/farmacia\\\/sk\\\/apt\\\/hondrofrost\\\/#primaryimage\"},\"image\":{\"@id\":\"https:\\\/\\\/www.clinicaalthea.com\\\/farmacia\\\/sk\\\/apt\\\/hondrofrost\\\/#primaryimage\"},\"thumbnailUrl\":\"https:\\\/\\\/www.clinicaalthea.com\\\/farmacia\\\/wp-content\\\/uploads\\\/2024\\\/07\\\/HONDROFROST.jpg\",\"datePublished\":\"2024-07-18T10:08:59+00:00\",\"dateModified\":\"2024-07-18T10:13:25+00:00\",\"breadcrumb\":{\"@id\":\"https:\\\/\\\/www.clinicaalthea.com\\\/farmacia\\\/sk\\\/apt\\\/hondrofrost\\\/#breadcrumb\"},\"inLanguage\":\"pl-PL\",\"potentialAction\":[{\"@type\":\"ReadAction\",\"target\":[\"https:\\\/\\\/www.clinicaalthea.com\\\/farmacia\\\/sk\\\/apt\\\/hondrofrost\\\/\"]}]},{\"@type\":\"ImageObject\",\"inLanguage\":\"pl-PL\",\"@id\":\"https:\\\/\\\/www.clinicaalthea.com\\\/farmacia\\\/sk\\\/apt\\\/hondrofrost\\\/#primaryimage\",\"url\":\"https:\\\/\\\/www.clinicaalthea.com\\\/farmacia\\\/wp-content\\\/uploads\\\/2024\\\/07\\\/HONDROFROST.jpg\",\"contentUrl\":\"https:\\\/\\\/www.clinicaalthea.com\\\/farmacia\\\/wp-content\\\/uploads\\\/2024\\\/07\\\/HONDROFROST.jpg\",\"width\":768,\"height\":768,\"caption\":\"Hondrofrost\"},{\"@type\":\"BreadcrumbList\",\"@id\":\"https:\\\/\\\/www.clinicaalthea.com\\\/farmacia\\\/sk\\\/apt\\\/hondrofrost\\\/#breadcrumb\",\"itemListElement\":[{\"@type\":\"ListItem\",\"position\":1,\"name\":\"Strona g\u0142\u00f3wna\",\"item\":\"https:\\\/\\\/www.clinicaalthea.com\\\/farmacia\\\/\"},{\"@type\":\"ListItem\",\"position\":2,\"name\":\"Produkty\",\"item\":\"https:\\\/\\\/www.clinicaalthea.com\\\/farmacia\\\/\"},{\"@type\":\"ListItem\",\"position\":3,\"name\":\"Hondrofrost\"}]},{\"@type\":\"WebSite\",\"@id\":\"https:\\\/\\\/www.clinicaalthea.com\\\/farmacia\\\/#website\",\"url\":\"https:\\\/\\\/www.clinicaalthea.com\\\/farmacia\\\/\",\"name\":\"Clinica Althea\",\"description\":\"\",\"publisher\":{\"@id\":\"https:\\\/\\\/www.clinicaalthea.com\\\/farmacia\\\/#organization\"},\"potentialAction\":[{\"@type\":\"SearchAction\",\"target\":{\"@type\":\"EntryPoint\",\"urlTemplate\":\"https:\\\/\\\/www.clinicaalthea.com\\\/farmacia\\\/?s={search_term_string}\"},\"query-input\":{\"@type\":\"PropertyValueSpecification\",\"valueRequired\":true,\"valueName\":\"search_term_string\"}}],\"inLanguage\":\"pl-PL\"},{\"@type\":\"Organization\",\"@id\":\"https:\\\/\\\/www.clinicaalthea.com\\\/farmacia\\\/#organization\",\"name\":\"Clinica Althea\",\"url\":\"https:\\\/\\\/www.clinicaalthea.com\\\/farmacia\\\/\",\"logo\":{\"@type\":\"ImageObject\",\"inLanguage\":\"pl-PL\",\"@id\":\"https:\\\/\\\/www.clinicaalthea.com\\\/farmacia\\\/#\\\/schema\\\/logo\\\/image\\\/\",\"url\":\"https:\\\/\\\/www.clinicaalthea.com\\\/farmacia\\\/wp-content\\\/uploads\\\/2023\\\/12\\\/Jak-diagnozuje-sie-FAS_-objawy-kryteria-diagnostyczne-i-metody-diagnozowania-154162903.jpg\",\"contentUrl\":\"https:\\\/\\\/www.clinicaalthea.com\\\/farmacia\\\/wp-content\\\/uploads\\\/2023\\\/12\\\/Jak-diagnozuje-sie-FAS_-objawy-kryteria-diagnostyczne-i-metody-diagnozowania-154162903.jpg\",\"width\":1216,\"height\":832,\"caption\":\"Clinica Althea\"},\"image\":{\"@id\":\"https:\\\/\\\/www.clinicaalthea.com\\\/farmacia\\\/#\\\/schema\\\/logo\\\/image\\\/\"}}]}<\/script>\n<!-- \/ Yoast SEO plugin. -->","yoast_head_json":{"title":"Hondrofrost - Clinica Althea","robots":{"index":"index","follow":"follow","max-snippet":"max-snippet:-1","max-image-preview":"max-image-preview:large","max-video-preview":"max-video-preview:-1"},"canonical":"https:\/\/www.clinicaalthea.com\/farmacia\/sk\/apt\/hondrofrost\/","og_locale":"pl_PL","og_type":"article","og_title":"Hondrofrost - Clinica Althea","og_description":"39.00 \u20ac 78.00 \u20ac","og_url":"https:\/\/www.clinicaalthea.com\/farmacia\/sk\/apt\/hondrofrost\/","og_site_name":"Clinica Althea","article_modified_time":"2024-07-18T10:13:25+00:00","og_image":[{"width":768,"height":768,"url":"https:\/\/www.clinicaalthea.com\/farmacia\/wp-content\/uploads\/2024\/07\/HONDROFROST.jpg","type":"image\/jpeg"}],"twitter_card":"summary_large_image","twitter_misc":{"Szacowany czas czytania":"6 minut"},"schema":{"@context":"https:\/\/schema.org","@graph":[{"@type":"WebPage","@id":"https:\/\/www.clinicaalthea.com\/farmacia\/sk\/apt\/hondrofrost\/","url":"https:\/\/www.clinicaalthea.com\/farmacia\/sk\/apt\/hondrofrost\/","name":"Hondrofrost - Clinica Althea","isPartOf":{"@id":"https:\/\/www.clinicaalthea.com\/farmacia\/#website"},"primaryImageOfPage":{"@id":"https:\/\/www.clinicaalthea.com\/farmacia\/sk\/apt\/hondrofrost\/#primaryimage"},"image":{"@id":"https:\/\/www.clinicaalthea.com\/farmacia\/sk\/apt\/hondrofrost\/#primaryimage"},"thumbnailUrl":"https:\/\/www.clinicaalthea.com\/farmacia\/wp-content\/uploads\/2024\/07\/HONDROFROST.jpg","datePublished":"2024-07-18T10:08:59+00:00","dateModified":"2024-07-18T10:13:25+00:00","breadcrumb":{"@id":"https:\/\/www.clinicaalthea.com\/farmacia\/sk\/apt\/hondrofrost\/#breadcrumb"},"inLanguage":"pl-PL","potentialAction":[{"@type":"ReadAction","target":["https:\/\/www.clinicaalthea.com\/farmacia\/sk\/apt\/hondrofrost\/"]}]},{"@type":"ImageObject","inLanguage":"pl-PL","@id":"https:\/\/www.clinicaalthea.com\/farmacia\/sk\/apt\/hondrofrost\/#primaryimage","url":"https:\/\/www.clinicaalthea.com\/farmacia\/wp-content\/uploads\/2024\/07\/HONDROFROST.jpg","contentUrl":"https:\/\/www.clinicaalthea.com\/farmacia\/wp-content\/uploads\/2024\/07\/HONDROFROST.jpg","width":768,"height":768,"caption":"Hondrofrost"},{"@type":"BreadcrumbList","@id":"https:\/\/www.clinicaalthea.com\/farmacia\/sk\/apt\/hondrofrost\/#breadcrumb","itemListElement":[{"@type":"ListItem","position":1,"name":"Strona g\u0142\u00f3wna","item":"https:\/\/www.clinicaalthea.com\/farmacia\/"},{"@type":"ListItem","position":2,"name":"Produkty","item":"https:\/\/www.clinicaalthea.com\/farmacia\/"},{"@type":"ListItem","position":3,"name":"Hondrofrost"}]},{"@type":"WebSite","@id":"https:\/\/www.clinicaalthea.com\/farmacia\/#website","url":"https:\/\/www.clinicaalthea.com\/farmacia\/","name":"Clinica Althea","description":"","publisher":{"@id":"https:\/\/www.clinicaalthea.com\/farmacia\/#organization"},"potentialAction":[{"@type":"SearchAction","target":{"@type":"EntryPoint","urlTemplate":"https:\/\/www.clinicaalthea.com\/farmacia\/?s={search_term_string}"},"query-input":{"@type":"PropertyValueSpecification","valueRequired":true,"valueName":"search_term_string"}}],"inLanguage":"pl-PL"},{"@type":"Organization","@id":"https:\/\/www.clinicaalthea.com\/farmacia\/#organization","name":"Clinica Althea","url":"https:\/\/www.clinicaalthea.com\/farmacia\/","logo":{"@type":"ImageObject","inLanguage":"pl-PL","@id":"https:\/\/www.clinicaalthea.com\/farmacia\/#\/schema\/logo\/image\/","url":"https:\/\/www.clinicaalthea.com\/farmacia\/wp-content\/uploads\/2023\/12\/Jak-diagnozuje-sie-FAS_-objawy-kryteria-diagnostyczne-i-metody-diagnozowania-154162903.jpg","contentUrl":"https:\/\/www.clinicaalthea.com\/farmacia\/wp-content\/uploads\/2023\/12\/Jak-diagnozuje-sie-FAS_-objawy-kryteria-diagnostyczne-i-metody-diagnozowania-154162903.jpg","width":1216,"height":832,"caption":"Clinica Althea"},"image":{"@id":"https:\/\/www.clinicaalthea.com\/farmacia\/#\/schema\/logo\/image\/"}}]}},"lang":"sk","translations":{"sk":7232,"pl":7177,"hu":7188,"ro":7194,"cs":7198,"bg":7201,"fr":7210,"nl":7215,"it":7220,"de":7224,"es":7230,"lv":7234,"lt":7236,"et":7239,"sl":7242,"pt":7244,"el":7248},"pll_sync_post":[],"_links":{"self":[{"href":"https:\/\/www.clinicaalthea.com\/farmacia\/wp-json\/wp\/v2\/product\/7232","targetHints":{"allow":["GET"]}}],"collection":[{"href":"https:\/\/www.clinicaalthea.com\/farmacia\/wp-json\/wp\/v2\/product"}],"about":[{"href":"https:\/\/www.clinicaalthea.com\/farmacia\/wp-json\/wp\/v2\/types\/product"}],"replies":[{"embeddable":true,"href":"https:\/\/www.clinicaalthea.com\/farmacia\/wp-json\/wp\/v2\/comments?post=7232"}],"wp:featuredmedia":[{"embeddable":true,"href":"https:\/\/www.clinicaalthea.com\/farmacia\/wp-json\/wp\/v2\/media\/7180"}],"wp:attachment":[{"href":"https:\/\/www.clinicaalthea.com\/farmacia\/wp-json\/wp\/v2\/media?parent=7232"}],"wp:term":[{"taxonomy":"product_brand","embeddable":true,"href":"https:\/\/www.clinicaalthea.com\/farmacia\/wp-json\/wp\/v2\/product_brand?post=7232"},{"taxonomy":"product_cat","embeddable":true,"href":"https:\/\/www.clinicaalthea.com\/farmacia\/wp-json\/wp\/v2\/product_cat?post=7232"},{"taxonomy":"product_tag","embeddable":true,"href":"https:\/\/www.clinicaalthea.com\/farmacia\/wp-json\/wp\/v2\/product_tag?post=7232"}],"curies":[{"name":"wp","href":"https:\/\/api.w.org\/{rel}","templated":true}]}}