{"id":7230,"date":"2024-07-18T11:08:20","date_gmt":"2024-07-18T10:08:20","guid":{"rendered":"https:\/\/mayoguide.org\/produkty\/?post_type=product&#038;p=7230"},"modified":"2024-07-18T11:13:25","modified_gmt":"2024-07-18T10:13:25","slug":"hondrofrost","status":"publish","type":"product","link":"https:\/\/www.clinicaalthea.com\/farmacia\/es\/apt\/hondrofrost\/","title":{"rendered":"Hondrofrost"},"content":{"rendered":"<h2 class=\"wp-block-heading\">\u00bfQu\u00e9 es Hondrofrost y c\u00f3mo funciona?<\/h2>\n\n\n<p><b>Hondrofrost<\/b> es una innovadora <em>crema para las articulaciones<\/em> que se ha desarrollado para las personas con dolencias articulares. Act\u00faa estimulando el metabolismo, lo que contribuye a aliviar r\u00e1pidamente el dolor, proporcionando una agradable sensaci\u00f3n refrescante y relajante.<\/p>\n\n\n<p><b>La eficacia<\/b> de <em>Hondrofrost<\/em> es evidente tras un breve periodo de uso, y <b>se<\/b> basa en ingredientes naturales que favorecen la salud articular y \u00f3sea. Gracias a la combinaci\u00f3n de la estudiada formulaci\u00f3n de los ingredientes utilizados, <em>Hondrofrost<\/em> ayuda a reducir el dolor articular, mejorando el confort y la calidad de vida de las personas con problemas articulares.<\/p>\n\n\n<p>El <b>uso<\/b> regular de <em>Hondrofrost<\/em> puede proporcionar alivio, favorecer la regeneraci\u00f3n articular y \u00f3sea y aumentar la movilidad de las articulaciones. Los <b>efectos de<\/b> la crema pueden verse y sentirse, lo que la convierte en una elecci\u00f3n popular entre quienes buscan una terapia natural y apoyo para aliviar el dolor articular.<\/p>\n\n\n<h2 class=\"wp-block-heading\">Hondrofrost &#8211; efectos de la aplicaci\u00f3n<\/h2>\n\n\n<p>El <b>uso<\/b> de Hondrofrost crema puede tener muchos efectos beneficiosos para las personas con problemas articulares. Gracias a sus ingredientes naturales y a su f\u00f3rmula innovadora, Hondrofrost proporciona alivio del dolor articular y mejora la movilidad de las articulaciones, contribuyendo a una mejora general de la calidad de vida.<\/p>\n\n\n<p>Los <b>efectos<\/b> beneficiosos <b>de<\/b> Hondrofrost incluyen:<\/p>\n\n\n\n<ul class=\"wp-block-list\">\n<li>Alivio de los dolores articulares<\/li>\n\n\n\n<li>Mejora de la movilidad articular<\/li>\n\n\n\n<li>Reducci\u00f3n del dolor<\/li>\n\n\n\n<li>Aumentar el confort y la calidad de vida de las personas con problemas articulares<\/li>\n<\/ul>\n\n\n<p>Hondrofrost es un producto seguro y bien tolerado por la mayor\u00eda de las personas. Sin embargo, como ocurre con cualquier producto, puede haber casos ocasionales de alergia a alguno de los ingredientes de la crema. Si desarrolla alg\u00fan s\u00edntoma adverso despu\u00e9s de utilizar Hondrofrost, interrumpa su <b>uso<\/b> y consulte a su m\u00e9dico.<\/p>\n\n\n<p>Tambi\u00e9n es importante observar las contraindicaciones para el uso de Hondrofrost. Las personas con hipersensibilidad a alguno de los ingredientes de la crema deben evitar su uso. Adem\u00e1s, Hondrofrost no debe utilizarse en piel da\u00f1ada. Siempre es aconsejable consultar a su m\u00e9dico antes de utilizar Hondrofrost, especialmente si tiene alguna preocupaci\u00f3n sobre su salud.<\/p>\n\n\n<figure class=\"wp-block-table\"><table><tbody><tr><th>Efectos de Hondrofrost<\/th><th>Efectos secundarios de Hondrofrost<\/th><th>Contraindicaciones de Hondrofrost<\/th><\/tr><tr><td>Alivio de los dolores articulares<\/td><td>Posibilidad de alergia a los ingredientes de la crema<\/td><td>Hipersensibilidad a alguno de los ingredientes de la crema<\/td><\/tr><tr><td>Mejora de la movilidad articular<\/td><td>\u00a0<\/td><td>Piel da\u00f1ada<\/td><\/tr><tr><td>Reducci\u00f3n del dolor<\/td><td>\u00a0<\/td><td>\u00a0<\/td><\/tr><tr><td>Aumentar el confort y la calidad de vida de las personas con problemas articulares<\/td><td>\u00a0<\/td><td>\u00a0<\/td><\/tr><\/tbody><\/table><\/figure>\n\n\n<h2 class=\"wp-block-heading\">Posolog\u00eda de Hondrofrost &#8211; \u00bfC\u00f3mo utilizarlo?<\/h2>\n\n\n<p>Hondrofrost debe aplicarse por v\u00eda t\u00f3pica en las zonas de dolor articular. Para garantizar unos <b>resultados \u00f3p<\/b>timos, siga las instrucciones de dosificaci\u00f3n y aplicaci\u00f3n que se indican a continuaci\u00f3n:<\/p>\n\n\n\n<ol class=\"wp-block-list\">\n<li>Aplique una peque\u00f1a cantidad de crema en la palma de la mano.<\/li>\n\n\n\n<li>Con suaves movimientos de masaje, aplique la crema sobre la piel de la zona afectada por el dolor articular.<\/li>\n\n\n\n<li>Se recomienda utilizar Hondrofrost 3 veces al d\u00eda.<\/li>\n<\/ol>\n\n\n<p>Para obtener mejores resultados, aplique la crema regularmente seg\u00fan la dosis recomendada. Evite aplicar demasiada crema, ya que no aumentar\u00e1 la eficacia del producto. Es importante leer y seguir atentamente la informaci\u00f3n del prospecto de Hondrofrost para obtener orientaci\u00f3n adicional e instrucciones detalladas de uso.<\/p>\n\n\n<p>Recuerde que los resultados pueden variar en funci\u00f3n de sus necesidades individuales y de c\u00f3mo reaccione su organismo. Si tiene alguna duda o pregunta sobre la dosis o el uso de Hondrofrost, consulte siempre a su m\u00e9dico o farmac\u00e9utico.<\/p>\n\n\n<h2 class=\"wp-block-heading\">Hondrofrost &#8211; Opiniones de usuarios, foro &#8211; \u00bfQu\u00e9 opinan los usuarios?<\/h2>\n\n\n<p>Hondrofrost es un producto que ha recibido <b>comentarios positivos de<\/b> los usuarios, especialmente de aquellos que han luchado contra dolencias articulares. Muchos usuarios han notado una mejora significativa de su bienestar tras el uso regular de Hondrofrost. El dolor articular se redujo y la movilidad articular mejor\u00f3 significativamente.<\/p>\n\n\n<p>Un lugar donde encontrar <b>opiniones<\/b> sobre Hondrofrost es un <b>foro<\/b> en l\u00ednea para personas con problemas articulares. Muchas personas han compartido sus experiencias con Hondrofrost y sus valoraciones del producto. Es importante leer las opiniones de otros usuarios para conocer mejor la <b>eficacia de<\/b> Hondrofrost y su impacto en la calidad de vida de las personas con dolor articular.<\/p>\n\n\n\n<blockquote class=\"wp-block-quote is-layout-flow wp-block-quote-is-layout-flow\"><p>&#8220;Utilizando Hondrofrost durante varias semanas, he notado una mejora significativa de mi bienestar. Los dolores articulares se han vuelto menos intensos y la movilidad de las articulaciones ha mejorado notablemente. Recomendar\u00eda esta crema a cualquier persona con dolencias articulares&#8221;. &#8211; Jan K.<\/p>\n<\/blockquote>\n\n\n\n<blockquote class=\"wp-block-quote is-layout-flow wp-block-quote-is-layout-flow\"><p>&#8220;Estoy sorprendido por la eficacia de Hondrofrost. Tras unas semanas de uso, mis dolores articulares han desaparecido y puedo volver a disfrutar de una movilidad total. Es realmente un gran producto!&#8221; &#8211; Anna S.<\/p>\n<\/blockquote>\n\n\n<p>Las opiniones de los usuarios sugieren que Hondrofrost es una crema eficaz para las articulaciones que puede proporcionar alivio y mejorar la calidad de vida de las personas con dolencias articulares. Merece la pena leer las opiniones de otros usuarios para conocer sus experiencias y valoraciones del producto.<\/p>\n\n\n<h2 class=\"wp-block-heading\">Hondrofrost &#8211; Composici\u00f3n<\/h2>\n\n\n<p>Hondrofrost es un producto a base de ingredientes naturales que tienen un efecto positivo en la salud de las articulaciones. La <b>composici\u00f3n de Hond<\/b> rofrost incluye extractos de plantas como el casta\u00f1o de Indias, la alfalfa, el piment\u00f3n y la goma azul del sur. Cada uno de estos ingredientes tiene una <b>acci\u00f3n<\/b> espec\u00edfica que favorece la salud de las articulaciones y contribuye a reducir el dolor.<\/p>\n\n\n<figure class=\"wp-block-table\"><table><tbody><tr><th>Composici\u00f3n<\/th><th>Acci\u00f3n<\/th><\/tr><tr><td>Casta\u00f1o<\/td><td>Favorece la circulaci\u00f3n sangu\u00ednea alrededor de las articulaciones, alivia el dolor y la inflamaci\u00f3n<\/td><\/tr><tr><td>Lucerna<\/td><td>Contiene muchos nutrientes valiosos, favorece la regeneraci\u00f3n del tejido articular<\/td><\/tr><tr><td>Piment\u00f3n<\/td><td>Tiene efectos analg\u00e9sicos y antiinflamatorios, mejora la calidad de vida de las personas con dolores articulares<\/td><\/tr><tr><td>Caucho azul del sur<\/td><td>Tiene un efecto refrescante y relajante, alivia los dolores articulares<\/td><\/tr><\/tbody><\/table><\/figure>\n\n\n<h2 class=\"wp-block-heading\">D\u00f3nde comprar y Cu\u00e1nto cuesta Hondrofrost &#8211; precio<\/h2>\n\n\n<p>Hondrofrost puede adquirirse sin receta, pero se recomienda comprarlo en el sitio web oficial del fabricante para estar seguro de la originalidad del producto. El <b>precio<\/b> de Hondrofrost puede variar en funci\u00f3n del lugar donde se adquiera, pero no facilitamos un precio concreto. Recomendamos comprobar el precio actual en la p\u00e1gina oficial del fabricante.<\/p>\n\n\n<h2 class=\"wp-block-heading\">Posibles efectos secundarios y contraindicaciones de Hondrofrost<\/h2>\n\n\n<p>Hondrofrost es un producto relativamente seguro; sin embargo, puede haber casos ocasionales de alergia a los ingredientes de la crema. Las personas hipersensibles a cualquiera de los ingredientes de Hondrofrost deben evitar su uso. Si se produce alg\u00fan s\u00edntoma adverso como enrojecimiento de la piel, erupci\u00f3n cut\u00e1nea, picor o hinchaz\u00f3n, debe interrumpirse el uso de Hondrofrost y consultar a un m\u00e9dico.<\/p>\n\n\n<p>Hondrofrost tampoco debe utilizarse sobre piel da\u00f1ada, heridas abiertas o \u00falceras. Lea siempre atentamente el prospecto antes de utilizar Hondrofrost para estar bien informado sobre las contraindicaciones y el modo de empleo de la crema.<\/p>\n\n\n<p>Si tiene alguna duda o pregunta sobre el uso de Hondrofrost, siempre recomendamos consultar a su m\u00e9dico. Esto es importante para obtener una opini\u00f3n profesional y asegurarse de que la <b>crema para las articulaciones<\/b> es adecuada para su caso particular.<\/p>\n","protected":false},"excerpt":{"rendered":"<p><strong>39.00 \u20ac<\/strong><\/p>\n<p><del>78.00 \u20ac<\/del><\/p>\n<p><strong>[date_countdown]<\/strong><\/p>\n","protected":false},"featured_media":7180,"comment_status":"open","ping_status":"closed","template":"","meta":{"neve_meta_sidebar":"","neve_meta_container":"","neve_meta_enable_content_width":"","neve_meta_content_width":0,"neve_meta_title_alignment":"","neve_meta_author_avatar":"","neve_post_elements_order":"","neve_meta_disable_header":"","neve_meta_disable_footer":"","neve_meta_disable_title":"","neve_meta_reading_time":""},"product_brand":[],"product_cat":[73],"product_tag":[],"class_list":{"0":"post-7230","1":"product","2":"type-product","3":"status-publish","4":"has-post-thumbnail","6":"product_cat-salud","8":"first","9":"instock","10":"shipping-taxable","11":"product-type-external"},"yoast_head":"<!-- This site is optimized with the Yoast SEO plugin v27.4 - https:\/\/yoast.com\/product\/yoast-seo-wordpress\/ -->\n<title>Hondrofrost - Clinica Althea<\/title>\n<meta name=\"robots\" content=\"index, follow, max-snippet:-1, max-image-preview:large, max-video-preview:-1\" \/>\n<link rel=\"canonical\" href=\"https:\/\/www.clinicaalthea.com\/farmacia\/es\/apt\/hondrofrost\/\" \/>\n<meta property=\"og:locale\" content=\"pl_PL\" \/>\n<meta property=\"og:type\" content=\"article\" \/>\n<meta property=\"og:title\" content=\"Hondrofrost - Clinica Althea\" \/>\n<meta property=\"og:description\" content=\"39.00 \u20ac 78.00 \u20ac\" \/>\n<meta property=\"og:url\" content=\"https:\/\/www.clinicaalthea.com\/farmacia\/es\/apt\/hondrofrost\/\" \/>\n<meta property=\"og:site_name\" content=\"Clinica Althea\" \/>\n<meta property=\"article:modified_time\" content=\"2024-07-18T10:13:25+00:00\" \/>\n<meta property=\"og:image\" content=\"https:\/\/www.clinicaalthea.com\/farmacia\/wp-content\/uploads\/2024\/07\/HONDROFROST.jpg\" \/>\n\t<meta property=\"og:image:width\" content=\"768\" \/>\n\t<meta property=\"og:image:height\" content=\"768\" \/>\n\t<meta property=\"og:image:type\" content=\"image\/jpeg\" \/>\n<meta name=\"twitter:card\" content=\"summary_large_image\" \/>\n<meta name=\"twitter:label1\" content=\"Szacowany czas czytania\" \/>\n\t<meta name=\"twitter:data1\" content=\"7 minut\" \/>\n<script type=\"application\/ld+json\" class=\"yoast-schema-graph\">{\"@context\":\"https:\\\/\\\/schema.org\",\"@graph\":[{\"@type\":\"WebPage\",\"@id\":\"https:\\\/\\\/www.clinicaalthea.com\\\/farmacia\\\/es\\\/apt\\\/hondrofrost\\\/\",\"url\":\"https:\\\/\\\/www.clinicaalthea.com\\\/farmacia\\\/es\\\/apt\\\/hondrofrost\\\/\",\"name\":\"Hondrofrost - Clinica Althea\",\"isPartOf\":{\"@id\":\"https:\\\/\\\/www.clinicaalthea.com\\\/farmacia\\\/#website\"},\"primaryImageOfPage\":{\"@id\":\"https:\\\/\\\/www.clinicaalthea.com\\\/farmacia\\\/es\\\/apt\\\/hondrofrost\\\/#primaryimage\"},\"image\":{\"@id\":\"https:\\\/\\\/www.clinicaalthea.com\\\/farmacia\\\/es\\\/apt\\\/hondrofrost\\\/#primaryimage\"},\"thumbnailUrl\":\"https:\\\/\\\/www.clinicaalthea.com\\\/farmacia\\\/wp-content\\\/uploads\\\/2024\\\/07\\\/HONDROFROST.jpg\",\"datePublished\":\"2024-07-18T10:08:20+00:00\",\"dateModified\":\"2024-07-18T10:13:25+00:00\",\"breadcrumb\":{\"@id\":\"https:\\\/\\\/www.clinicaalthea.com\\\/farmacia\\\/es\\\/apt\\\/hondrofrost\\\/#breadcrumb\"},\"inLanguage\":\"pl-PL\",\"potentialAction\":[{\"@type\":\"ReadAction\",\"target\":[\"https:\\\/\\\/www.clinicaalthea.com\\\/farmacia\\\/es\\\/apt\\\/hondrofrost\\\/\"]}]},{\"@type\":\"ImageObject\",\"inLanguage\":\"pl-PL\",\"@id\":\"https:\\\/\\\/www.clinicaalthea.com\\\/farmacia\\\/es\\\/apt\\\/hondrofrost\\\/#primaryimage\",\"url\":\"https:\\\/\\\/www.clinicaalthea.com\\\/farmacia\\\/wp-content\\\/uploads\\\/2024\\\/07\\\/HONDROFROST.jpg\",\"contentUrl\":\"https:\\\/\\\/www.clinicaalthea.com\\\/farmacia\\\/wp-content\\\/uploads\\\/2024\\\/07\\\/HONDROFROST.jpg\",\"width\":768,\"height\":768,\"caption\":\"Hondrofrost\"},{\"@type\":\"BreadcrumbList\",\"@id\":\"https:\\\/\\\/www.clinicaalthea.com\\\/farmacia\\\/es\\\/apt\\\/hondrofrost\\\/#breadcrumb\",\"itemListElement\":[{\"@type\":\"ListItem\",\"position\":1,\"name\":\"Strona g\u0142\u00f3wna\",\"item\":\"https:\\\/\\\/www.clinicaalthea.com\\\/farmacia\\\/\"},{\"@type\":\"ListItem\",\"position\":2,\"name\":\"Produkty\",\"item\":\"https:\\\/\\\/www.clinicaalthea.com\\\/farmacia\\\/\"},{\"@type\":\"ListItem\",\"position\":3,\"name\":\"Hondrofrost\"}]},{\"@type\":\"WebSite\",\"@id\":\"https:\\\/\\\/www.clinicaalthea.com\\\/farmacia\\\/#website\",\"url\":\"https:\\\/\\\/www.clinicaalthea.com\\\/farmacia\\\/\",\"name\":\"Clinica Althea\",\"description\":\"\",\"publisher\":{\"@id\":\"https:\\\/\\\/www.clinicaalthea.com\\\/farmacia\\\/#organization\"},\"potentialAction\":[{\"@type\":\"SearchAction\",\"target\":{\"@type\":\"EntryPoint\",\"urlTemplate\":\"https:\\\/\\\/www.clinicaalthea.com\\\/farmacia\\\/?s={search_term_string}\"},\"query-input\":{\"@type\":\"PropertyValueSpecification\",\"valueRequired\":true,\"valueName\":\"search_term_string\"}}],\"inLanguage\":\"pl-PL\"},{\"@type\":\"Organization\",\"@id\":\"https:\\\/\\\/www.clinicaalthea.com\\\/farmacia\\\/#organization\",\"name\":\"Clinica Althea\",\"url\":\"https:\\\/\\\/www.clinicaalthea.com\\\/farmacia\\\/\",\"logo\":{\"@type\":\"ImageObject\",\"inLanguage\":\"pl-PL\",\"@id\":\"https:\\\/\\\/www.clinicaalthea.com\\\/farmacia\\\/#\\\/schema\\\/logo\\\/image\\\/\",\"url\":\"https:\\\/\\\/www.clinicaalthea.com\\\/farmacia\\\/wp-content\\\/uploads\\\/2023\\\/12\\\/Jak-diagnozuje-sie-FAS_-objawy-kryteria-diagnostyczne-i-metody-diagnozowania-154162903.jpg\",\"contentUrl\":\"https:\\\/\\\/www.clinicaalthea.com\\\/farmacia\\\/wp-content\\\/uploads\\\/2023\\\/12\\\/Jak-diagnozuje-sie-FAS_-objawy-kryteria-diagnostyczne-i-metody-diagnozowania-154162903.jpg\",\"width\":1216,\"height\":832,\"caption\":\"Clinica Althea\"},\"image\":{\"@id\":\"https:\\\/\\\/www.clinicaalthea.com\\\/farmacia\\\/#\\\/schema\\\/logo\\\/image\\\/\"}}]}<\/script>\n<!-- \/ Yoast SEO plugin. -->","yoast_head_json":{"title":"Hondrofrost - Clinica Althea","robots":{"index":"index","follow":"follow","max-snippet":"max-snippet:-1","max-image-preview":"max-image-preview:large","max-video-preview":"max-video-preview:-1"},"canonical":"https:\/\/www.clinicaalthea.com\/farmacia\/es\/apt\/hondrofrost\/","og_locale":"pl_PL","og_type":"article","og_title":"Hondrofrost - Clinica Althea","og_description":"39.00 \u20ac 78.00 \u20ac","og_url":"https:\/\/www.clinicaalthea.com\/farmacia\/es\/apt\/hondrofrost\/","og_site_name":"Clinica Althea","article_modified_time":"2024-07-18T10:13:25+00:00","og_image":[{"width":768,"height":768,"url":"https:\/\/www.clinicaalthea.com\/farmacia\/wp-content\/uploads\/2024\/07\/HONDROFROST.jpg","type":"image\/jpeg"}],"twitter_card":"summary_large_image","twitter_misc":{"Szacowany czas czytania":"7 minut"},"schema":{"@context":"https:\/\/schema.org","@graph":[{"@type":"WebPage","@id":"https:\/\/www.clinicaalthea.com\/farmacia\/es\/apt\/hondrofrost\/","url":"https:\/\/www.clinicaalthea.com\/farmacia\/es\/apt\/hondrofrost\/","name":"Hondrofrost - Clinica Althea","isPartOf":{"@id":"https:\/\/www.clinicaalthea.com\/farmacia\/#website"},"primaryImageOfPage":{"@id":"https:\/\/www.clinicaalthea.com\/farmacia\/es\/apt\/hondrofrost\/#primaryimage"},"image":{"@id":"https:\/\/www.clinicaalthea.com\/farmacia\/es\/apt\/hondrofrost\/#primaryimage"},"thumbnailUrl":"https:\/\/www.clinicaalthea.com\/farmacia\/wp-content\/uploads\/2024\/07\/HONDROFROST.jpg","datePublished":"2024-07-18T10:08:20+00:00","dateModified":"2024-07-18T10:13:25+00:00","breadcrumb":{"@id":"https:\/\/www.clinicaalthea.com\/farmacia\/es\/apt\/hondrofrost\/#breadcrumb"},"inLanguage":"pl-PL","potentialAction":[{"@type":"ReadAction","target":["https:\/\/www.clinicaalthea.com\/farmacia\/es\/apt\/hondrofrost\/"]}]},{"@type":"ImageObject","inLanguage":"pl-PL","@id":"https:\/\/www.clinicaalthea.com\/farmacia\/es\/apt\/hondrofrost\/#primaryimage","url":"https:\/\/www.clinicaalthea.com\/farmacia\/wp-content\/uploads\/2024\/07\/HONDROFROST.jpg","contentUrl":"https:\/\/www.clinicaalthea.com\/farmacia\/wp-content\/uploads\/2024\/07\/HONDROFROST.jpg","width":768,"height":768,"caption":"Hondrofrost"},{"@type":"BreadcrumbList","@id":"https:\/\/www.clinicaalthea.com\/farmacia\/es\/apt\/hondrofrost\/#breadcrumb","itemListElement":[{"@type":"ListItem","position":1,"name":"Strona g\u0142\u00f3wna","item":"https:\/\/www.clinicaalthea.com\/farmacia\/"},{"@type":"ListItem","position":2,"name":"Produkty","item":"https:\/\/www.clinicaalthea.com\/farmacia\/"},{"@type":"ListItem","position":3,"name":"Hondrofrost"}]},{"@type":"WebSite","@id":"https:\/\/www.clinicaalthea.com\/farmacia\/#website","url":"https:\/\/www.clinicaalthea.com\/farmacia\/","name":"Clinica Althea","description":"","publisher":{"@id":"https:\/\/www.clinicaalthea.com\/farmacia\/#organization"},"potentialAction":[{"@type":"SearchAction","target":{"@type":"EntryPoint","urlTemplate":"https:\/\/www.clinicaalthea.com\/farmacia\/?s={search_term_string}"},"query-input":{"@type":"PropertyValueSpecification","valueRequired":true,"valueName":"search_term_string"}}],"inLanguage":"pl-PL"},{"@type":"Organization","@id":"https:\/\/www.clinicaalthea.com\/farmacia\/#organization","name":"Clinica Althea","url":"https:\/\/www.clinicaalthea.com\/farmacia\/","logo":{"@type":"ImageObject","inLanguage":"pl-PL","@id":"https:\/\/www.clinicaalthea.com\/farmacia\/#\/schema\/logo\/image\/","url":"https:\/\/www.clinicaalthea.com\/farmacia\/wp-content\/uploads\/2023\/12\/Jak-diagnozuje-sie-FAS_-objawy-kryteria-diagnostyczne-i-metody-diagnozowania-154162903.jpg","contentUrl":"https:\/\/www.clinicaalthea.com\/farmacia\/wp-content\/uploads\/2023\/12\/Jak-diagnozuje-sie-FAS_-objawy-kryteria-diagnostyczne-i-metody-diagnozowania-154162903.jpg","width":1216,"height":832,"caption":"Clinica Althea"},"image":{"@id":"https:\/\/www.clinicaalthea.com\/farmacia\/#\/schema\/logo\/image\/"}}]}},"lang":"es","translations":{"es":7230,"pl":7177,"hu":7188,"ro":7194,"cs":7198,"bg":7201,"fr":7210,"nl":7215,"it":7220,"de":7224,"sk":7232,"lv":7234,"lt":7236,"et":7239,"sl":7242,"pt":7244,"el":7248},"pll_sync_post":[],"_links":{"self":[{"href":"https:\/\/www.clinicaalthea.com\/farmacia\/wp-json\/wp\/v2\/product\/7230","targetHints":{"allow":["GET"]}}],"collection":[{"href":"https:\/\/www.clinicaalthea.com\/farmacia\/wp-json\/wp\/v2\/product"}],"about":[{"href":"https:\/\/www.clinicaalthea.com\/farmacia\/wp-json\/wp\/v2\/types\/product"}],"replies":[{"embeddable":true,"href":"https:\/\/www.clinicaalthea.com\/farmacia\/wp-json\/wp\/v2\/comments?post=7230"}],"wp:featuredmedia":[{"embeddable":true,"href":"https:\/\/www.clinicaalthea.com\/farmacia\/wp-json\/wp\/v2\/media\/7180"}],"wp:attachment":[{"href":"https:\/\/www.clinicaalthea.com\/farmacia\/wp-json\/wp\/v2\/media?parent=7230"}],"wp:term":[{"taxonomy":"product_brand","embeddable":true,"href":"https:\/\/www.clinicaalthea.com\/farmacia\/wp-json\/wp\/v2\/product_brand?post=7230"},{"taxonomy":"product_cat","embeddable":true,"href":"https:\/\/www.clinicaalthea.com\/farmacia\/wp-json\/wp\/v2\/product_cat?post=7230"},{"taxonomy":"product_tag","embeddable":true,"href":"https:\/\/www.clinicaalthea.com\/farmacia\/wp-json\/wp\/v2\/product_tag?post=7230"}],"curies":[{"name":"wp","href":"https:\/\/api.w.org\/{rel}","templated":true}]}}