{"id":7210,"date":"2024-07-18T11:04:39","date_gmt":"2024-07-18T10:04:39","guid":{"rendered":"https:\/\/mayoguide.org\/produkty\/?post_type=product&#038;p=7210"},"modified":"2024-07-18T11:13:24","modified_gmt":"2024-07-18T10:13:24","slug":"hondrofrost","status":"publish","type":"product","link":"https:\/\/www.clinicaalthea.com\/farmacia\/fr\/apt\/hondrofrost\/","title":{"rendered":"Hondrofrost"},"content":{"rendered":"\n<h2 class=\"wp-block-heading\">Qu&#8217;est-ce que le Hondrofrost et comment agit-il ?<\/h2>\n\n\n\n<p><b>Hondrofrost<\/b> est une <em>cr\u00e8me<\/em> innovante pour les articulations qui a \u00e9t\u00e9 d\u00e9velopp\u00e9e pour les personnes souffrant d&#8217;affections articulaires. Elle agit en stimulant le m\u00e9tabolisme, ce qui contribue \u00e0 soulager rapidement la douleur, en procurant une agr\u00e9able sensation de fra\u00eecheur et de d\u00e9tente.<\/p>\n\n\n\n<p>L&#8217;<b>efficacit\u00e9 de<\/b> <em>Hondrofrost<\/em> est visible apr\u00e8s une courte p\u00e9riode d&#8217;utilisation et <b>est<\/b> bas\u00e9e sur des ingr\u00e9dients naturels qui soutiennent la sant\u00e9 des articulations et des os. Gr\u00e2ce \u00e0 la combinaison de la formulation bien pens\u00e9e des ingr\u00e9dients utilis\u00e9s, <em>Hondrofrost<\/em> contribue \u00e0 r\u00e9duire les douleurs articulaires, am\u00e9liorant ainsi le confort et la qualit\u00e9 de vie des personnes souffrant de probl\u00e8mes articulaires.<\/p>\n\n\n\n<p>L&#8217;<b>utilisation<\/b> r\u00e9guli\u00e8re <b>d&#8217;<\/b> <em>Hondrofrost<\/em> peut apporter un soulagement, soutenir la r\u00e9g\u00e9n\u00e9ration des articulations et des os et augmenter la mobilit\u00e9 des articulations. Les <b>effets de la<\/b> cr\u00e8me sont visibles et palpables, ce qui en fait un choix populaire parmi ceux qui recherchent une th\u00e9rapie naturelle et un soutien pour soulager les douleurs articulaires.<\/p>\n\n\n\n<h2 class=\"wp-block-heading\">Hondrofrost &#8211; effets de l&#8217;application<\/h2>\n\n\n\n<p>L&#8217;<b>utilisation de la<\/b> cr\u00e8me Hondrofrost peut avoir de nombreux effets b\u00e9n\u00e9fiques pour les personnes souffrant de probl\u00e8mes articulaires. Gr\u00e2ce \u00e0 ses ingr\u00e9dients naturels et \u00e0 sa formule innovante, Hondrofrost soulage les douleurs articulaires et am\u00e9liore la mobilit\u00e9 des articulations, contribuant ainsi \u00e0 une meilleure qualit\u00e9 de vie.<\/p>\n\n\n\n<p>Les <b>effets<\/b> b\u00e9n\u00e9fiques <b>du<\/b> Hondrofrost sont les suivants :<\/p>\n\n\n\n<ul class=\"wp-block-list\">\n<li>Soulagement des douleurs articulaires<\/li>\n\n\n\n<li>Am\u00e9lioration de la mobilit\u00e9 des articulations<\/li>\n\n\n\n<li>R\u00e9duction de la douleur<\/li>\n\n\n\n<li>Am\u00e9liorer le confort et la qualit\u00e9 de vie des personnes souffrant de probl\u00e8mes articulaires<\/li>\n<\/ul>\n\n\n\n<p>Hondrofrost est un produit s\u00fbr qui est bien tol\u00e9r\u00e9 par la plupart des gens. Cependant, comme pour tout produit, il peut y avoir des cas occasionnels d&#8217;allergie \u00e0 l&#8217;un des ingr\u00e9dients de la cr\u00e8me. Si vous pr\u00e9sentez des sympt\u00f4mes ind\u00e9sirables apr\u00e8s avoir utilis\u00e9 Hondrofrost, cessez de l&#8217;<b>utiliser<\/b> et consultez votre m\u00e9decin.<\/p>\n\n\n\n<p>Il est \u00e9galement important de respecter les contre-indications relatives \u00e0 l&#8217;utilisation du Hondrofrost. Les personnes souffrant d&#8217;hypersensibilit\u00e9 \u00e0 l&#8217;un des ingr\u00e9dients de la cr\u00e8me doivent \u00e9viter de l&#8217;utiliser. En outre, le Hondrofrost ne doit pas \u00eatre utilis\u00e9 sur une peau ab\u00eem\u00e9e. Il est toujours conseill\u00e9 de consulter votre m\u00e9decin avant d&#8217;utiliser Hondrofrost, en particulier si vous avez des inqui\u00e9tudes concernant votre sant\u00e9.<\/p>\n\n\n\n<figure class=\"wp-block-table\"><table><tbody><tr><th>Effets du Hondrofrost<\/th><th>Effets secondaires du Hondrofrost<\/th><th>Contre-indications du Hondrofrost<\/th><\/tr><tr><td>Soulagement des douleurs articulaires<\/td><td>Possibilit\u00e9 d&#8217;allergie aux ingr\u00e9dients de la cr\u00e8me<\/td><td>Hypersensibilit\u00e9 \u00e0 l&#8217;un des ingr\u00e9dients de la cr\u00e8me<\/td><\/tr><tr><td>Am\u00e9lioration de la mobilit\u00e9 des articulations<\/td><td>&nbsp;<\/td><td>Peau ab\u00eem\u00e9e<\/td><\/tr><tr><td>R\u00e9duction de la douleur<\/td><td>&nbsp;<\/td><td>&nbsp;<\/td><\/tr><tr><td>Am\u00e9liorer le confort et la qualit\u00e9 de vie des personnes souffrant de probl\u00e8mes articulaires<\/td><td>&nbsp;<\/td><td>&nbsp;<\/td><\/tr><\/tbody><\/table><\/figure>\n\n\n\n<h2 class=\"wp-block-heading\">Dosage de Hondrofrost &#8211; Comment l&#8217;utiliser ?<\/h2>\n\n\n\n<p>Hondrofrost doit \u00eatre appliqu\u00e9 localement sur les zones de douleur articulaire. Pour garantir des <b>r\u00e9sultats<\/b> optimaux, suivez les instructions de dosage et d&#8217;application ci-dessous :<\/p>\n\n\n\n<ol class=\"wp-block-list\">\n<li>Appliquer une petite quantit\u00e9 de cr\u00e8me dans la paume de la main.<\/li>\n\n\n\n<li>Appliquer la cr\u00e8me sur la peau de la zone affect\u00e9e par les douleurs articulaires en effectuant des mouvements de massage doux.<\/li>\n\n\n\n<li>Il est recommand\u00e9 d&#8217;utiliser Hondrofrost 3 fois par jour.<\/li>\n<\/ol>\n\n\n\n<p>Pour obtenir les meilleurs r\u00e9sultats, appliquez la cr\u00e8me r\u00e9guli\u00e8rement en respectant le dosage recommand\u00e9. \u00c9vitez d&#8217;appliquer trop de cr\u00e8me, car cela n&#8217;augmentera pas l&#8217;efficacit\u00e9 du produit. Il est important de lire et de suivre attentivement les informations contenues dans la notice du Hondrofrost pour obtenir des conseils suppl\u00e9mentaires et des instructions d&#8217;utilisation d\u00e9taill\u00e9es.<\/p>\n\n\n\n<p>Veuillez noter que les r\u00e9sultats peuvent varier en fonction des besoins individuels et de la r\u00e9action du corps. Si vous avez des doutes ou des questions sur la posologie ou l&#8217;utilisation de Hondrofrost, consultez toujours votre m\u00e9decin ou votre pharmacien.<\/p>\n\n\n\n<h2 class=\"wp-block-heading\">Hondrofrost &#8211; Avis des utilisateurs, forum &#8211; Que disent les utilisateurs ?<\/h2>\n\n\n\n<p>Hondrofrost est un produit qui a re\u00e7u des <b>commentaires<\/b> positifs <b>de la part des<\/b> utilisateurs, en particulier de ceux qui ont souffert de probl\u00e8mes articulaires. De nombreux utilisateurs ont remarqu\u00e9 une am\u00e9lioration significative de leur bien-\u00eatre apr\u00e8s une utilisation r\u00e9guli\u00e8re d&#8217;Hondrofrost. Les douleurs articulaires ont \u00e9t\u00e9 r\u00e9duites et la mobilit\u00e9 des articulations a \u00e9t\u00e9 consid\u00e9rablement am\u00e9lior\u00e9e.<\/p>\n\n\n\n<p>Un <b>forum<\/b> en ligne pour les personnes souffrant de probl\u00e8mes articulaires est l&#8217;un des endroits o\u00f9 l&#8217;on peut trouver des <b>avis<\/b> sur Hondrofrost. De nombreuses personnes ont partag\u00e9 leurs exp\u00e9riences avec Hondrofrost et leurs \u00e9valuations du produit. Il est important de lire les commentaires des autres utilisateurs pour mieux comprendre l&#8217;<b>efficacit\u00e9 du<\/b> Hondrofrost et son impact sur la qualit\u00e9 de vie des personnes souffrant de douleurs articulaires.<\/p>\n\n\n\n<blockquote class=\"wp-block-quote is-layout-flow wp-block-quote-is-layout-flow\">\n<p>&#8220;En utilisant Hondrofrost pendant plusieurs semaines, j&#8217;ai constat\u00e9 une am\u00e9lioration significative de mon bien-\u00eatre. Les douleurs articulaires sont devenues moins intenses et la mobilit\u00e9 des articulations s&#8217;est nettement am\u00e9lior\u00e9e. Je recommande cette cr\u00e8me \u00e0 toute personne souffrant de probl\u00e8mes articulaires.&#8221; &#8211; Jan K.<\/p>\n<\/blockquote>\n\n\n\n<blockquote class=\"wp-block-quote is-layout-flow wp-block-quote-is-layout-flow\">\n<p>&#8220;Je suis stup\u00e9fait par l&#8217;efficacit\u00e9 d&#8217;Hondrofrost. Apr\u00e8s quelques semaines d&#8217;utilisation, mes douleurs articulaires ont disparu et je peux \u00e0 nouveau jouir d&#8217;une mobilit\u00e9 totale. C&#8217;est vraiment un excellent produit !&#8221; &#8211; Anna S.<\/p>\n<\/blockquote>\n\n\n\n<p>Les avis des utilisateurs sugg\u00e8rent que Hondrofrost est une cr\u00e8me articulaire efficace qui peut soulager et am\u00e9liorer la qualit\u00e9 de vie des personnes souffrant de probl\u00e8mes articulaires. Il vaut la peine de lire les avis d&#8217;autres utilisateurs pour conna\u00eetre leur exp\u00e9rience et leur appr\u00e9ciation du produit.<\/p>\n\n\n\n<h2 class=\"wp-block-heading\">Hondrofrost &#8211; Composition<\/h2>\n\n\n\n<p>Hondrofrost est un produit \u00e0 base d&#8217;ingr\u00e9dients naturels qui ont un effet positif sur la sant\u00e9 des articulations. La <b>composition de<\/b> Hondrofrost comprend des extraits de plantes telles que le marron d&#8217;Inde, la luzerne, le paprika et la gomme bleue du sud. Chacun de ces ingr\u00e9dients a une <b>action<\/b> sp\u00e9cifique qui soutient la sant\u00e9 des articulations et contribue \u00e0 la r\u00e9duction de la douleur.<\/p>\n\n\n\n<figure class=\"wp-block-table\"><table><tbody><tr><th>Composition<\/th><th>Action<\/th><\/tr><tr><td>Marronnier<\/td><td>Favorise la circulation sanguine autour des articulations, soulage la douleur et l&#8217;inflammation<\/td><\/tr><tr><td>Lucerne<\/td><td>Contient de nombreux nutriments pr\u00e9cieux, favorise la r\u00e9g\u00e9n\u00e9ration des tissus articulaires.<\/td><\/tr><tr><td>Paprika<\/td><td>A des effets analg\u00e9siques et anti-inflammatoires, am\u00e9liore la qualit\u00e9 de vie des personnes souffrant de douleurs articulaires.<\/td><\/tr><tr><td>Caoutchouc bleu du sud<\/td><td>Effet rafra\u00eechissant et relaxant, soulage les douleurs articulaires<\/td><\/tr><\/tbody><\/table><\/figure>\n\n\n\n<h2 class=\"wp-block-heading\">O\u00f9 acheter et combien co\u00fbte Hondrofrost &#8211; prix<\/h2>\n\n\n\n<p>Hondrofrost est disponible \u00e0 l&#8217;achat sans ordonnance, mais il est recommand\u00e9 de l&#8217;acheter sur le site officiel du fabricant pour \u00eatre s\u00fbr de l&#8217;originalit\u00e9 du produit. Le <b>prix du<\/b> Hondrofrost peut varier en fonction de l&#8217;endroit o\u00f9 il est achet\u00e9, mais nous ne fournissons pas de prix sp\u00e9cifique. Nous recommandons de v\u00e9rifier le prix actuel sur le site officiel du fabricant.<\/p>\n\n\n\n<h2 class=\"wp-block-heading\">Effets secondaires potentiels et contre-indications du Hondrofrost<\/h2>\n\n\n\n<p>Hondrofrost est un produit relativement s\u00fbr ; cependant, il peut y avoir des cas occasionnels d&#8217;allergie aux ingr\u00e9dients de la cr\u00e8me. Les personnes souffrant d&#8217;hypersensibilit\u00e9 \u00e0 l&#8217;un des ingr\u00e9dients de Hondrofrost doivent \u00e9viter de l&#8217;utiliser. En cas d&#8217;apparition de sympt\u00f4mes ind\u00e9sirables tels que rougeur de la peau, \u00e9ruption cutan\u00e9e, d\u00e9mangeaisons ou gonflement, il convient d&#8217;arr\u00eater l&#8217;utilisation du Hondrofrost et de consulter un m\u00e9decin.<\/p>\n\n\n\n<p>Le Hondrofrost ne doit pas non plus \u00eatre utilis\u00e9 sur une peau ab\u00eem\u00e9e, des plaies ouvertes ou des ulc\u00e8res. Lisez toujours attentivement la notice avant d&#8217;utiliser Hondrofrost afin d&#8217;\u00eatre correctement inform\u00e9 des \u00e9ventuelles contre-indications et du mode d&#8217;utilisation de la cr\u00e8me.<\/p>\n\n\n\n<p>Si vous avez des doutes ou des questions sur l&#8217;utilisation de Hondrofrost, nous vous recommandons toujours de consulter votre m\u00e9decin. C&#8217;est important pour obtenir un avis professionnel et s&#8217;assurer que la <b>cr\u00e8me pour les articulations<\/b> est adapt\u00e9e \u00e0 votre cas particulier.<\/p>\n","protected":false},"excerpt":{"rendered":"<p><strong>39.00 \u20ac<\/strong><\/p>\n<p><del>78.00 \u20ac<\/del><\/p>\n<p><strong>[date_countdown]<\/strong><\/p>\n","protected":false},"featured_media":7180,"comment_status":"open","ping_status":"closed","template":"","meta":{"neve_meta_sidebar":"","neve_meta_container":"","neve_meta_enable_content_width":"","neve_meta_content_width":0,"neve_meta_title_alignment":"","neve_meta_author_avatar":"","neve_post_elements_order":"","neve_meta_disable_header":"","neve_meta_disable_footer":"","neve_meta_disable_title":"","neve_meta_reading_time":""},"product_brand":[],"product_cat":[89],"product_tag":[],"class_list":{"0":"post-7210","1":"product","2":"type-product","3":"status-publish","4":"has-post-thumbnail","6":"product_cat-sante","8":"first","9":"instock","10":"shipping-taxable","11":"product-type-external"},"yoast_head":"<!-- This site is optimized with the Yoast SEO plugin v27.4 - https:\/\/yoast.com\/product\/yoast-seo-wordpress\/ -->\n<title>Hondrofrost - Clinica Althea<\/title>\n<meta name=\"robots\" content=\"index, follow, max-snippet:-1, max-image-preview:large, max-video-preview:-1\" \/>\n<link rel=\"canonical\" href=\"https:\/\/www.clinicaalthea.com\/farmacia\/fr\/apt\/hondrofrost\/\" \/>\n<meta property=\"og:locale\" content=\"pl_PL\" \/>\n<meta property=\"og:type\" content=\"article\" \/>\n<meta property=\"og:title\" content=\"Hondrofrost - Clinica Althea\" \/>\n<meta property=\"og:description\" content=\"39.00 \u20ac 78.00 \u20ac\" \/>\n<meta property=\"og:url\" content=\"https:\/\/www.clinicaalthea.com\/farmacia\/fr\/apt\/hondrofrost\/\" \/>\n<meta property=\"og:site_name\" content=\"Clinica Althea\" \/>\n<meta property=\"article:modified_time\" content=\"2024-07-18T10:13:24+00:00\" \/>\n<meta property=\"og:image\" content=\"https:\/\/www.clinicaalthea.com\/farmacia\/wp-content\/uploads\/2024\/07\/HONDROFROST.jpg\" \/>\n\t<meta property=\"og:image:width\" content=\"768\" \/>\n\t<meta property=\"og:image:height\" content=\"768\" \/>\n\t<meta property=\"og:image:type\" content=\"image\/jpeg\" \/>\n<meta name=\"twitter:card\" content=\"summary_large_image\" \/>\n<meta name=\"twitter:label1\" content=\"Szacowany czas czytania\" \/>\n\t<meta name=\"twitter:data1\" content=\"7 minut\" \/>\n<script type=\"application\/ld+json\" class=\"yoast-schema-graph\">{\"@context\":\"https:\\\/\\\/schema.org\",\"@graph\":[{\"@type\":\"WebPage\",\"@id\":\"https:\\\/\\\/www.clinicaalthea.com\\\/farmacia\\\/fr\\\/apt\\\/hondrofrost\\\/\",\"url\":\"https:\\\/\\\/www.clinicaalthea.com\\\/farmacia\\\/fr\\\/apt\\\/hondrofrost\\\/\",\"name\":\"Hondrofrost - Clinica Althea\",\"isPartOf\":{\"@id\":\"https:\\\/\\\/www.clinicaalthea.com\\\/farmacia\\\/#website\"},\"primaryImageOfPage\":{\"@id\":\"https:\\\/\\\/www.clinicaalthea.com\\\/farmacia\\\/fr\\\/apt\\\/hondrofrost\\\/#primaryimage\"},\"image\":{\"@id\":\"https:\\\/\\\/www.clinicaalthea.com\\\/farmacia\\\/fr\\\/apt\\\/hondrofrost\\\/#primaryimage\"},\"thumbnailUrl\":\"https:\\\/\\\/www.clinicaalthea.com\\\/farmacia\\\/wp-content\\\/uploads\\\/2024\\\/07\\\/HONDROFROST.jpg\",\"datePublished\":\"2024-07-18T10:04:39+00:00\",\"dateModified\":\"2024-07-18T10:13:24+00:00\",\"breadcrumb\":{\"@id\":\"https:\\\/\\\/www.clinicaalthea.com\\\/farmacia\\\/fr\\\/apt\\\/hondrofrost\\\/#breadcrumb\"},\"inLanguage\":\"pl-PL\",\"potentialAction\":[{\"@type\":\"ReadAction\",\"target\":[\"https:\\\/\\\/www.clinicaalthea.com\\\/farmacia\\\/fr\\\/apt\\\/hondrofrost\\\/\"]}]},{\"@type\":\"ImageObject\",\"inLanguage\":\"pl-PL\",\"@id\":\"https:\\\/\\\/www.clinicaalthea.com\\\/farmacia\\\/fr\\\/apt\\\/hondrofrost\\\/#primaryimage\",\"url\":\"https:\\\/\\\/www.clinicaalthea.com\\\/farmacia\\\/wp-content\\\/uploads\\\/2024\\\/07\\\/HONDROFROST.jpg\",\"contentUrl\":\"https:\\\/\\\/www.clinicaalthea.com\\\/farmacia\\\/wp-content\\\/uploads\\\/2024\\\/07\\\/HONDROFROST.jpg\",\"width\":768,\"height\":768,\"caption\":\"Hondrofrost\"},{\"@type\":\"BreadcrumbList\",\"@id\":\"https:\\\/\\\/www.clinicaalthea.com\\\/farmacia\\\/fr\\\/apt\\\/hondrofrost\\\/#breadcrumb\",\"itemListElement\":[{\"@type\":\"ListItem\",\"position\":1,\"name\":\"Strona g\u0142\u00f3wna\",\"item\":\"https:\\\/\\\/www.clinicaalthea.com\\\/farmacia\\\/\"},{\"@type\":\"ListItem\",\"position\":2,\"name\":\"Produkty\",\"item\":\"https:\\\/\\\/www.clinicaalthea.com\\\/farmacia\\\/\"},{\"@type\":\"ListItem\",\"position\":3,\"name\":\"Hondrofrost\"}]},{\"@type\":\"WebSite\",\"@id\":\"https:\\\/\\\/www.clinicaalthea.com\\\/farmacia\\\/#website\",\"url\":\"https:\\\/\\\/www.clinicaalthea.com\\\/farmacia\\\/\",\"name\":\"Clinica Althea\",\"description\":\"\",\"publisher\":{\"@id\":\"https:\\\/\\\/www.clinicaalthea.com\\\/farmacia\\\/#organization\"},\"potentialAction\":[{\"@type\":\"SearchAction\",\"target\":{\"@type\":\"EntryPoint\",\"urlTemplate\":\"https:\\\/\\\/www.clinicaalthea.com\\\/farmacia\\\/?s={search_term_string}\"},\"query-input\":{\"@type\":\"PropertyValueSpecification\",\"valueRequired\":true,\"valueName\":\"search_term_string\"}}],\"inLanguage\":\"pl-PL\"},{\"@type\":\"Organization\",\"@id\":\"https:\\\/\\\/www.clinicaalthea.com\\\/farmacia\\\/#organization\",\"name\":\"Clinica Althea\",\"url\":\"https:\\\/\\\/www.clinicaalthea.com\\\/farmacia\\\/\",\"logo\":{\"@type\":\"ImageObject\",\"inLanguage\":\"pl-PL\",\"@id\":\"https:\\\/\\\/www.clinicaalthea.com\\\/farmacia\\\/#\\\/schema\\\/logo\\\/image\\\/\",\"url\":\"https:\\\/\\\/www.clinicaalthea.com\\\/farmacia\\\/wp-content\\\/uploads\\\/2023\\\/12\\\/Jak-diagnozuje-sie-FAS_-objawy-kryteria-diagnostyczne-i-metody-diagnozowania-154162903.jpg\",\"contentUrl\":\"https:\\\/\\\/www.clinicaalthea.com\\\/farmacia\\\/wp-content\\\/uploads\\\/2023\\\/12\\\/Jak-diagnozuje-sie-FAS_-objawy-kryteria-diagnostyczne-i-metody-diagnozowania-154162903.jpg\",\"width\":1216,\"height\":832,\"caption\":\"Clinica Althea\"},\"image\":{\"@id\":\"https:\\\/\\\/www.clinicaalthea.com\\\/farmacia\\\/#\\\/schema\\\/logo\\\/image\\\/\"}}]}<\/script>\n<!-- \/ Yoast SEO plugin. -->","yoast_head_json":{"title":"Hondrofrost - Clinica Althea","robots":{"index":"index","follow":"follow","max-snippet":"max-snippet:-1","max-image-preview":"max-image-preview:large","max-video-preview":"max-video-preview:-1"},"canonical":"https:\/\/www.clinicaalthea.com\/farmacia\/fr\/apt\/hondrofrost\/","og_locale":"pl_PL","og_type":"article","og_title":"Hondrofrost - Clinica Althea","og_description":"39.00 \u20ac 78.00 \u20ac","og_url":"https:\/\/www.clinicaalthea.com\/farmacia\/fr\/apt\/hondrofrost\/","og_site_name":"Clinica Althea","article_modified_time":"2024-07-18T10:13:24+00:00","og_image":[{"width":768,"height":768,"url":"https:\/\/www.clinicaalthea.com\/farmacia\/wp-content\/uploads\/2024\/07\/HONDROFROST.jpg","type":"image\/jpeg"}],"twitter_card":"summary_large_image","twitter_misc":{"Szacowany czas czytania":"7 minut"},"schema":{"@context":"https:\/\/schema.org","@graph":[{"@type":"WebPage","@id":"https:\/\/www.clinicaalthea.com\/farmacia\/fr\/apt\/hondrofrost\/","url":"https:\/\/www.clinicaalthea.com\/farmacia\/fr\/apt\/hondrofrost\/","name":"Hondrofrost - Clinica Althea","isPartOf":{"@id":"https:\/\/www.clinicaalthea.com\/farmacia\/#website"},"primaryImageOfPage":{"@id":"https:\/\/www.clinicaalthea.com\/farmacia\/fr\/apt\/hondrofrost\/#primaryimage"},"image":{"@id":"https:\/\/www.clinicaalthea.com\/farmacia\/fr\/apt\/hondrofrost\/#primaryimage"},"thumbnailUrl":"https:\/\/www.clinicaalthea.com\/farmacia\/wp-content\/uploads\/2024\/07\/HONDROFROST.jpg","datePublished":"2024-07-18T10:04:39+00:00","dateModified":"2024-07-18T10:13:24+00:00","breadcrumb":{"@id":"https:\/\/www.clinicaalthea.com\/farmacia\/fr\/apt\/hondrofrost\/#breadcrumb"},"inLanguage":"pl-PL","potentialAction":[{"@type":"ReadAction","target":["https:\/\/www.clinicaalthea.com\/farmacia\/fr\/apt\/hondrofrost\/"]}]},{"@type":"ImageObject","inLanguage":"pl-PL","@id":"https:\/\/www.clinicaalthea.com\/farmacia\/fr\/apt\/hondrofrost\/#primaryimage","url":"https:\/\/www.clinicaalthea.com\/farmacia\/wp-content\/uploads\/2024\/07\/HONDROFROST.jpg","contentUrl":"https:\/\/www.clinicaalthea.com\/farmacia\/wp-content\/uploads\/2024\/07\/HONDROFROST.jpg","width":768,"height":768,"caption":"Hondrofrost"},{"@type":"BreadcrumbList","@id":"https:\/\/www.clinicaalthea.com\/farmacia\/fr\/apt\/hondrofrost\/#breadcrumb","itemListElement":[{"@type":"ListItem","position":1,"name":"Strona g\u0142\u00f3wna","item":"https:\/\/www.clinicaalthea.com\/farmacia\/"},{"@type":"ListItem","position":2,"name":"Produkty","item":"https:\/\/www.clinicaalthea.com\/farmacia\/"},{"@type":"ListItem","position":3,"name":"Hondrofrost"}]},{"@type":"WebSite","@id":"https:\/\/www.clinicaalthea.com\/farmacia\/#website","url":"https:\/\/www.clinicaalthea.com\/farmacia\/","name":"Clinica Althea","description":"","publisher":{"@id":"https:\/\/www.clinicaalthea.com\/farmacia\/#organization"},"potentialAction":[{"@type":"SearchAction","target":{"@type":"EntryPoint","urlTemplate":"https:\/\/www.clinicaalthea.com\/farmacia\/?s={search_term_string}"},"query-input":{"@type":"PropertyValueSpecification","valueRequired":true,"valueName":"search_term_string"}}],"inLanguage":"pl-PL"},{"@type":"Organization","@id":"https:\/\/www.clinicaalthea.com\/farmacia\/#organization","name":"Clinica Althea","url":"https:\/\/www.clinicaalthea.com\/farmacia\/","logo":{"@type":"ImageObject","inLanguage":"pl-PL","@id":"https:\/\/www.clinicaalthea.com\/farmacia\/#\/schema\/logo\/image\/","url":"https:\/\/www.clinicaalthea.com\/farmacia\/wp-content\/uploads\/2023\/12\/Jak-diagnozuje-sie-FAS_-objawy-kryteria-diagnostyczne-i-metody-diagnozowania-154162903.jpg","contentUrl":"https:\/\/www.clinicaalthea.com\/farmacia\/wp-content\/uploads\/2023\/12\/Jak-diagnozuje-sie-FAS_-objawy-kryteria-diagnostyczne-i-metody-diagnozowania-154162903.jpg","width":1216,"height":832,"caption":"Clinica Althea"},"image":{"@id":"https:\/\/www.clinicaalthea.com\/farmacia\/#\/schema\/logo\/image\/"}}]}},"lang":"fr","translations":{"fr":7210,"pl":7177,"hu":7188,"ro":7194,"cs":7198,"bg":7201,"nl":7215,"it":7220,"de":7224,"es":7230,"sk":7232,"lv":7234,"lt":7236,"et":7239,"sl":7242,"pt":7244,"el":7248},"pll_sync_post":[],"_links":{"self":[{"href":"https:\/\/www.clinicaalthea.com\/farmacia\/wp-json\/wp\/v2\/product\/7210","targetHints":{"allow":["GET"]}}],"collection":[{"href":"https:\/\/www.clinicaalthea.com\/farmacia\/wp-json\/wp\/v2\/product"}],"about":[{"href":"https:\/\/www.clinicaalthea.com\/farmacia\/wp-json\/wp\/v2\/types\/product"}],"replies":[{"embeddable":true,"href":"https:\/\/www.clinicaalthea.com\/farmacia\/wp-json\/wp\/v2\/comments?post=7210"}],"wp:featuredmedia":[{"embeddable":true,"href":"https:\/\/www.clinicaalthea.com\/farmacia\/wp-json\/wp\/v2\/media\/7180"}],"wp:attachment":[{"href":"https:\/\/www.clinicaalthea.com\/farmacia\/wp-json\/wp\/v2\/media?parent=7210"}],"wp:term":[{"taxonomy":"product_brand","embeddable":true,"href":"https:\/\/www.clinicaalthea.com\/farmacia\/wp-json\/wp\/v2\/product_brand?post=7210"},{"taxonomy":"product_cat","embeddable":true,"href":"https:\/\/www.clinicaalthea.com\/farmacia\/wp-json\/wp\/v2\/product_cat?post=7210"},{"taxonomy":"product_tag","embeddable":true,"href":"https:\/\/www.clinicaalthea.com\/farmacia\/wp-json\/wp\/v2\/product_tag?post=7210"}],"curies":[{"name":"wp","href":"https:\/\/api.w.org\/{rel}","templated":true}]}}