{"id":7208,"date":"2024-07-18T11:03:48","date_gmt":"2024-07-18T10:03:48","guid":{"rendered":"https:\/\/mayoguide.org\/produkty\/?post_type=product&#038;p=7208"},"modified":"2024-07-18T11:08:21","modified_gmt":"2024-07-18T10:08:21","slug":"prostovit","status":"publish","type":"product","link":"https:\/\/www.clinicaalthea.com\/farmacia\/ro\/apt\/prostovit\/","title":{"rendered":"Prostovit"},"content":{"rendered":"\n<h2 class=\"wp-block-heading\">Ce este Prostovit \u0219i cum func\u021bioneaz\u0103?<\/h2>\n\n\n\n<p>Prostovit este un <em>supliment alimentar<\/em> inovator creat special pentru b\u0103rba\u021bii cu probleme de prostat\u0103. Principalele sale ingrediente sunt <em>substan\u021be vegetale naturale<\/em> care au fost atent selectate pentru efectele lor benefice asupra <b>s\u0103n\u0103t\u0103\u021bii<\/b> prostatei. Formula are un efect antibacterian, antiinflamator \u0219i anti-anxietate, amelior\u00e2nd simptomele prostatitei \u0219i \u00eembun\u0103t\u0103\u021bind s\u0103n\u0103tatea general\u0103 a prostatei.<\/p>\n\n\n\n<blockquote class=\"wp-block-quote is-layout-flow wp-block-quote-is-layout-flow\">\n<p>Prostovit este un <b>supliment alimentar<\/b> inovator conceput special pentru b\u0103rba\u021bii cu probleme de prostat\u0103.<\/p>\n<\/blockquote>\n\n\n\n<p>Ac\u021biunea sa se bazeaz\u0103 pe utilizarea unor <em>ingrediente vegetale naturale<\/em> care au propriet\u0103\u021bi dovedite benefice pentru s\u0103n\u0103tatea prostatei. Combina\u021bia acestor ingrediente face ca Prostovit s\u0103 ac\u021bioneze holistic, concentr\u00e2ndu-se at\u00e2t pe ameliorarea simptomelor prostatitei, c\u00e2t \u0219i pe \u00eembun\u0103t\u0103\u021birea s\u0103n\u0103t\u0103\u021bii generale a organului.<\/p>\n\n\n\n<p>Ac\u021biunea antimicrobian\u0103 a Prostovit se datoreaz\u0103 prezen\u021bei unor ingrediente precum <b>sabal palm<\/b>, care inhib\u0103 dezvoltarea bacteriilor d\u0103un\u0103toare \u00een cadrul prostatei. \u00centre timp, propriet\u0103\u021bile antiinflamatorii ale produsului se datoreaz\u0103 prezen\u021bei unor substan\u021be precum <b>urzica<\/b>, care reduc inflama\u021bia din interiorul prostatei. \u00cen plus, Prostovit are un efect anti-anxietate, care contribuie la reducerea stresului \u0219i a tensiunii care \u00eenso\u021be\u0219te adesea problemele de prostat\u0103.<\/p>\n\n\n\n<h2 class=\"wp-block-heading\">Efectele Prostovit<\/h2>\n\n\n\n<p>Utilizarea regulat\u0103 a Prostovit poate aduce multe <em>beneficii pentru s\u0103n\u0103tatea prostatei<\/em>. Produsul amelioreaz\u0103 simptomele prostatitei, cum ar fi durerea, umflarea perineal\u0103 \u0219i problemele urinare. \u00cen plus, Prostovit ajut\u0103 la <em>reducerea simptomelor<\/em> \u0219i la <em>\u00eembun\u0103t\u0103\u021birea func\u021biei prostatei<\/em>. Datorit\u0103 ingredientelor vegetale atent selectate, Prostovit \u00eent\u0103re\u0219te sistemul genito-urinar \u0219i cre\u0219te libidoul.<\/p>\n\n\n\n<p>Datorit\u0103 acestor propriet\u0103\u021bi, utilizatorii se pot bucura de <em>o calitate \u00eembun\u0103t\u0103\u021bit\u0103 a vie\u021bii sexuale<\/em> \u0219i de bun\u0103starea general\u0103. Prostovit este un supliment alimentar natural care sus\u021bine s\u0103n\u0103tatea prostatei \u0219i func\u021bia organismului.<\/p>\n\n\n\n<h2 class=\"wp-block-heading\">Cum s\u0103 utiliza\u021bi Prostovit? &#8211; Doze \u0219i recomand\u0103ri<\/h2>\n\n\n\n<p><b>Doza<\/b> recomandat\u0103 <b>de Prostovit<\/b> este de 25 de pic\u0103turi dizolvate \u00eentr-un pahar cu ap\u0103, luate o dat\u0103 pe zi \u00eenainte de mese. Utilizarea regulat\u0103 este esen\u021bial\u0103 pentru men\u021binerea unei concentra\u021bii constante a ingredientelor \u00een organism \u0219i ob\u021binerea unor rezultate optime.<\/p>\n\n\n\n<p>\u00cenainte de a \u00eencepe tratamentul cu Prostovit, este recomandabil s\u0103 consulta\u021bi un medic, mai ales dac\u0103 exist\u0103 contraindica\u021bii sau dac\u0103 lua\u021bi alte medicamente. Specialistul va ajuta la adaptarea dozei la nevoile individuale \u0219i va asigura siguran\u021ba administr\u0103rii suplimentului.<\/p>\n\n\n\n<p>Este important s\u0103 utiliza\u021bi Prostovit \u00een mod corespunz\u0103tor pentru a v\u0103 bucura de beneficiile sale pentru s\u0103n\u0103tatea prostatei. Regularitatea \u0219i respectarea recomand\u0103rilor produc\u0103torului sunt esen\u021biale pentru ob\u021binerea unor rezultate pozitive.<\/p>\n\n\n\n<h3 class=\"wp-block-heading\">Tabel de recomand\u0103ri pentru utilizarea Prostovit:<\/h3>\n\n\n\n<figure class=\"wp-block-table\"><table><tbody><tr><th>Dozaj<\/th><th>Recomand\u0103ri<\/th><\/tr><tr><td>25 pic\u0103turi<\/td><td>Se dizolv\u0103 \u00eentr-un pahar de ap\u0103<\/td><\/tr><tr><td>O dat\u0103 pe zi<\/td><td>\u00cenainte de mese<\/td><\/tr><tr><td colspan=\"2\">Consulta\u021bi medicul \u00eenainte de \u00eenceperea tratamentului<\/td><\/tr><\/tbody><\/table><\/figure>\n\n\n\n<p>Administrarea regulat\u0103 a Prostovit conform recomand\u0103rilor produc\u0103torului va maximiza poten\u021bialul suplimentului \u0219i va sus\u021bine s\u0103n\u0103tatea prostatei. Aminti\u021bi-v\u0103, totu\u0219i, c\u0103 fiecare organism este diferit, deci este recomandabil s\u0103 v\u0103 consulta\u021bi medicul \u00eenainte de a \u00eencepe tratamentul \u0219i s\u0103 ajusta\u021bi doza \u00een func\u021bie de nevoile dumneavoastr\u0103 individuale.<\/p>\n\n\n\n<h2 class=\"wp-block-heading\">Experien\u021bele utilizatorilor \u0219i recenziile Prostovit &#8211; care sunt recenziile?<\/h2>\n\n\n\n<p>Feedback-ul utilizatorilor cu privire la Prostovit este mixt. Mul\u021bi oameni observ\u0103 o \u00eembun\u0103t\u0103\u021bire a s\u0103n\u0103t\u0103\u021bii prostatei lor dup\u0103 utilizarea regulat\u0103 a produsului. Clien\u021bii eviden\u021biaz\u0103 ameliorarea simptomelor prostatitei, reducerea durerii \u0219i a umfl\u0103turilor \u0219i \u00eembun\u0103t\u0103\u021birea func\u021biei sexuale. Cu toate acestea, este important s\u0103 re\u021bine\u021bi c\u0103 efectele pot varia de la organism la organism, astfel \u00eenc\u00e2t merit\u0103 s\u0103 consulta\u021bi medicul \u00eenainte de a \u00eencepe Prostovit.<\/p>\n\n\n\n<h2 class=\"wp-block-heading\">Prostovit &#8211; Compozi\u021bie &#8211; Ce con\u021bine?<\/h2>\n\n\n\n<p>Eficacitatea Prostovit se datoreaz\u0103 ingredientelor vegetale de \u00eenalt\u0103 calitate care au fost atent selectate pentru a maximiza <b>beneficiile pentru s\u0103n\u0103tatea prostatei<\/b>. Formula include <em>palmier sabal, urzic\u0103, polen<\/em> \u0219i <em>vitamina E<\/em>. Aceste substan\u021be naturale au efecte antimicrobiene, antiinflamatoare \u0219i protectoare asupra celulelor prostatei.<\/p>\n\n\n\n<figure class=\"wp-block-table\"><table><tbody><tr><th>Component\u0103<\/th><th>Ac\u021biune<\/th><\/tr><tr><td><b>Sabal palm house<\/b><\/td><td>Are un efect antibacterian \u0219i antiinflamator \u0219i sus\u021bine s\u0103n\u0103tatea prostatei.<\/td><\/tr><tr><td><b>Urzic\u0103<\/b><\/td><td>\u00cembun\u0103t\u0103\u021be\u0219te circula\u021bia s\u00e2ngelui \u0219i sus\u021bine s\u0103n\u0103tatea prostatei ac\u021bion\u00e2nd ca un antiinflamator.<\/td><\/tr><tr><td><b>Polen<\/b><\/td><td>Bogat \u00een substan\u021be nutritive, are un efect de \u00eent\u0103rire asupra organismului \u0219i sus\u021bine func\u021bia prostatei.<\/td><\/tr><tr><td><b>Vitamina E<\/b><\/td><td>Acesta ofer\u0103 protec\u021bie natural\u0103 pentru celulele prostatei \u0219i promoveaz\u0103 cre\u0219terea s\u0103n\u0103toas\u0103 \u0219i regenerarea \u021besuturilor.<\/td><\/tr><\/tbody><\/table><\/figure>\n\n\n\n<h2 class=\"wp-block-heading\">Unde s\u0103 cump\u0103ra\u021bi Prostovit &#8211; pre\u021b<\/h2>\n\n\n\n<p>Prostovit este un <b>supliment alimentar<\/b> inovator care poate oferi multe <b>beneficii pentru s\u0103n\u0103tatea prostatei<\/b>. Dac\u0103 sunte\u021bi interesat de achizi\u021bionarea acestui produs, trebuie s\u0103 \u0219ti\u021bi c\u0103 nu este disponibil \u00een farmaciile tradi\u021bionale sau pe platformele populare de comer\u021b electronic, cum ar fi Allegro. Este mai sigur \u0219i mai convenabil s\u0103 cump\u0103ra\u021bi Prostovit de pe site-ul oficial al produc\u0103torului.<\/p>\n\n\n\n<p>De ce ar trebui s\u0103 cump\u0103ra\u021bi Prostovit de pe site-ul oficial al produc\u0103torului? \u00cen primul r\u00e2nd, pute\u021bi fi sigur c\u0103 ve\u021bi primi un produs original care a fost preg\u0103tit cu aten\u021bie din ingrediente vegetale de \u00eenalt\u0103 calitate. \u00cen plus, comand\u00e2nd suplimentul direct de la produc\u0103tor, ave\u021bi \u0219ansa de a profita de diverse promo\u021bii \u0219i oferte speciale care pot afecta pre\u021bul final.<\/p>\n\n\n\n<p>Pre\u021bul Prostovit poate varia \u00een func\u021bie de promo\u021biile disponibile \u00een prezent. Prin urmare, dac\u0103 sunte\u021bi \u00een c\u0103utarea celei mai bune oferte, v\u0103 recomand\u0103m s\u0103 vizita\u021bi \u00een mod regulat site-ul oficial al produc\u0103torului, unde pute\u021bi afla despre promo\u021biile sau reducerile actuale. Aminti\u021bi-v\u0103 c\u0103 calitatea produsului este extrem de important\u0103, astfel \u00eenc\u00e2t merit\u0103 \u00eentotdeauna s\u0103 investi\u021bi \u00eentr-un Prostovit original care s\u0103 v\u0103 satisfac\u0103 a\u0219tept\u0103rile.<\/p>\n\n\n\n<h2 class=\"wp-block-heading\">Prostovit &#8211; Efecte secundare poten\u021biale \u0219i contraindica\u021bii de utilizare<\/h2>\n\n\n\n<p>Prostovit este un supliment alimentar \u00een general sigur; cu toate acestea, exist\u0103 posibilitatea apari\u021biei efectelor secundare la unele persoane. Reac\u021biile alergice pot ap\u0103rea uneori la persoanele cu hipersensibilitate la ingredientele preparatului. Dac\u0103 apar astfel de simptome, se recomand\u0103 \u00eentreruperea administr\u0103rii Prostovit.<\/p>\n\n\n\n<p>O alt\u0103 contraindica\u021bie pentru utilizarea Prostovit este v\u00e2rsta copiilor \u0219i a femeilor \u00eens\u0103rcinate. Datorit\u0103 naturii ingredientelor, suplimentul nu este potrivit pentru acest grup de pacien\u021bi. Este important s\u0103 \u021bine\u021bi cont de acest lucru \u0219i s\u0103 nu utiliza\u021bi Prostovit \u00een aceste cazuri.<\/p>\n\n\n\n<p>Persoanele cu anumite boli cronice, cum ar fi diabetul, hipertensiunea arterial\u0103 sau afec\u021biunile cardiace, trebuie s\u0103 consulte medicul \u00eenainte de a \u00eencepe tratamentul cu Prostovit. O evaluare adecvat\u0103 a st\u0103rii de s\u0103n\u0103tate \u0219i o posibil\u0103 ajustare a dozei pot fi necesare \u00een acest caz.<\/p>\n\n\n\n<p>\u00cen rezumat, de\u0219i Prostovit este \u00een general sigur, exist\u0103 un risc de efecte secundare la unele persoane. Contraindica\u021biile la supliment includ hipersensibilitate la ingrediente, copii \u0219i femei \u00eens\u0103rcinate \u0219i anumite boli cronice. Dac\u0103 apar simptome adverse sau condi\u021bii contraindicatoare, consulta\u021bi imediat medicul dumneavoastr\u0103.<\/p>\n","protected":false},"excerpt":{"rendered":"<p><strong>169.00 lei<\/strong><\/p>\n<p><del>338.00 lei<\/del><\/p>\n<p><strong>[date_countdown]<\/strong><\/p>\n","protected":false},"featured_media":7176,"comment_status":"open","ping_status":"closed","template":"","meta":{"neve_meta_sidebar":"","neve_meta_container":"","neve_meta_enable_content_width":"","neve_meta_content_width":0,"neve_meta_title_alignment":"","neve_meta_author_avatar":"","neve_post_elements_order":"","neve_meta_disable_header":"","neve_meta_disable_footer":"","neve_meta_disable_title":"","neve_meta_reading_time":""},"product_brand":[],"product_cat":[153],"product_tag":[],"class_list":{"0":"post-7208","1":"product","2":"type-product","3":"status-publish","4":"has-post-thumbnail","6":"product_cat-sanatate","8":"first","9":"instock","10":"shipping-taxable","11":"product-type-external"},"yoast_head":"<!-- This site is optimized with the Yoast SEO plugin v27.4 - https:\/\/yoast.com\/product\/yoast-seo-wordpress\/ -->\n<title>Prostovit - Clinica Althea<\/title>\n<meta name=\"robots\" content=\"index, follow, max-snippet:-1, max-image-preview:large, max-video-preview:-1\" \/>\n<link rel=\"canonical\" href=\"https:\/\/www.clinicaalthea.com\/farmacia\/ro\/apt\/prostovit\/\" \/>\n<meta property=\"og:locale\" content=\"pl_PL\" \/>\n<meta property=\"og:type\" content=\"article\" \/>\n<meta property=\"og:title\" content=\"Prostovit - Clinica Althea\" \/>\n<meta property=\"og:description\" content=\"169.00 lei 338.00 lei\" \/>\n<meta property=\"og:url\" content=\"https:\/\/www.clinicaalthea.com\/farmacia\/ro\/apt\/prostovit\/\" \/>\n<meta property=\"og:site_name\" content=\"Clinica Althea\" \/>\n<meta property=\"article:modified_time\" content=\"2024-07-18T10:08:21+00:00\" \/>\n<meta property=\"og:image\" content=\"https:\/\/www.clinicaalthea.com\/farmacia\/wp-content\/uploads\/2024\/07\/PROSTOVIT.jpg\" \/>\n\t<meta property=\"og:image:width\" content=\"768\" \/>\n\t<meta property=\"og:image:height\" content=\"768\" \/>\n\t<meta property=\"og:image:type\" content=\"image\/jpeg\" \/>\n<meta name=\"twitter:card\" content=\"summary_large_image\" \/>\n<meta name=\"twitter:label1\" content=\"Szacowany czas czytania\" \/>\n\t<meta name=\"twitter:data1\" content=\"7 minut\" \/>\n<script type=\"application\/ld+json\" class=\"yoast-schema-graph\">{\"@context\":\"https:\\\/\\\/schema.org\",\"@graph\":[{\"@type\":\"WebPage\",\"@id\":\"https:\\\/\\\/www.clinicaalthea.com\\\/farmacia\\\/ro\\\/apt\\\/prostovit\\\/\",\"url\":\"https:\\\/\\\/www.clinicaalthea.com\\\/farmacia\\\/ro\\\/apt\\\/prostovit\\\/\",\"name\":\"Prostovit - Clinica Althea\",\"isPartOf\":{\"@id\":\"https:\\\/\\\/www.clinicaalthea.com\\\/farmacia\\\/#website\"},\"primaryImageOfPage\":{\"@id\":\"https:\\\/\\\/www.clinicaalthea.com\\\/farmacia\\\/ro\\\/apt\\\/prostovit\\\/#primaryimage\"},\"image\":{\"@id\":\"https:\\\/\\\/www.clinicaalthea.com\\\/farmacia\\\/ro\\\/apt\\\/prostovit\\\/#primaryimage\"},\"thumbnailUrl\":\"https:\\\/\\\/www.clinicaalthea.com\\\/farmacia\\\/wp-content\\\/uploads\\\/2024\\\/07\\\/PROSTOVIT.jpg\",\"datePublished\":\"2024-07-18T10:03:48+00:00\",\"dateModified\":\"2024-07-18T10:08:21+00:00\",\"breadcrumb\":{\"@id\":\"https:\\\/\\\/www.clinicaalthea.com\\\/farmacia\\\/ro\\\/apt\\\/prostovit\\\/#breadcrumb\"},\"inLanguage\":\"pl-PL\",\"potentialAction\":[{\"@type\":\"ReadAction\",\"target\":[\"https:\\\/\\\/www.clinicaalthea.com\\\/farmacia\\\/ro\\\/apt\\\/prostovit\\\/\"]}]},{\"@type\":\"ImageObject\",\"inLanguage\":\"pl-PL\",\"@id\":\"https:\\\/\\\/www.clinicaalthea.com\\\/farmacia\\\/ro\\\/apt\\\/prostovit\\\/#primaryimage\",\"url\":\"https:\\\/\\\/www.clinicaalthea.com\\\/farmacia\\\/wp-content\\\/uploads\\\/2024\\\/07\\\/PROSTOVIT.jpg\",\"contentUrl\":\"https:\\\/\\\/www.clinicaalthea.com\\\/farmacia\\\/wp-content\\\/uploads\\\/2024\\\/07\\\/PROSTOVIT.jpg\",\"width\":768,\"height\":768,\"caption\":\"Prostovit\"},{\"@type\":\"BreadcrumbList\",\"@id\":\"https:\\\/\\\/www.clinicaalthea.com\\\/farmacia\\\/ro\\\/apt\\\/prostovit\\\/#breadcrumb\",\"itemListElement\":[{\"@type\":\"ListItem\",\"position\":1,\"name\":\"Strona g\u0142\u00f3wna\",\"item\":\"https:\\\/\\\/www.clinicaalthea.com\\\/farmacia\\\/\"},{\"@type\":\"ListItem\",\"position\":2,\"name\":\"Produkty\",\"item\":\"https:\\\/\\\/www.clinicaalthea.com\\\/farmacia\\\/\"},{\"@type\":\"ListItem\",\"position\":3,\"name\":\"Prostovit\"}]},{\"@type\":\"WebSite\",\"@id\":\"https:\\\/\\\/www.clinicaalthea.com\\\/farmacia\\\/#website\",\"url\":\"https:\\\/\\\/www.clinicaalthea.com\\\/farmacia\\\/\",\"name\":\"Clinica Althea\",\"description\":\"\",\"publisher\":{\"@id\":\"https:\\\/\\\/www.clinicaalthea.com\\\/farmacia\\\/#organization\"},\"potentialAction\":[{\"@type\":\"SearchAction\",\"target\":{\"@type\":\"EntryPoint\",\"urlTemplate\":\"https:\\\/\\\/www.clinicaalthea.com\\\/farmacia\\\/?s={search_term_string}\"},\"query-input\":{\"@type\":\"PropertyValueSpecification\",\"valueRequired\":true,\"valueName\":\"search_term_string\"}}],\"inLanguage\":\"pl-PL\"},{\"@type\":\"Organization\",\"@id\":\"https:\\\/\\\/www.clinicaalthea.com\\\/farmacia\\\/#organization\",\"name\":\"Clinica Althea\",\"url\":\"https:\\\/\\\/www.clinicaalthea.com\\\/farmacia\\\/\",\"logo\":{\"@type\":\"ImageObject\",\"inLanguage\":\"pl-PL\",\"@id\":\"https:\\\/\\\/www.clinicaalthea.com\\\/farmacia\\\/#\\\/schema\\\/logo\\\/image\\\/\",\"url\":\"https:\\\/\\\/www.clinicaalthea.com\\\/farmacia\\\/wp-content\\\/uploads\\\/2023\\\/12\\\/Jak-diagnozuje-sie-FAS_-objawy-kryteria-diagnostyczne-i-metody-diagnozowania-154162903.jpg\",\"contentUrl\":\"https:\\\/\\\/www.clinicaalthea.com\\\/farmacia\\\/wp-content\\\/uploads\\\/2023\\\/12\\\/Jak-diagnozuje-sie-FAS_-objawy-kryteria-diagnostyczne-i-metody-diagnozowania-154162903.jpg\",\"width\":1216,\"height\":832,\"caption\":\"Clinica Althea\"},\"image\":{\"@id\":\"https:\\\/\\\/www.clinicaalthea.com\\\/farmacia\\\/#\\\/schema\\\/logo\\\/image\\\/\"}}]}<\/script>\n<!-- \/ Yoast SEO plugin. -->","yoast_head_json":{"title":"Prostovit - Clinica Althea","robots":{"index":"index","follow":"follow","max-snippet":"max-snippet:-1","max-image-preview":"max-image-preview:large","max-video-preview":"max-video-preview:-1"},"canonical":"https:\/\/www.clinicaalthea.com\/farmacia\/ro\/apt\/prostovit\/","og_locale":"pl_PL","og_type":"article","og_title":"Prostovit - Clinica Althea","og_description":"169.00 lei 338.00 lei","og_url":"https:\/\/www.clinicaalthea.com\/farmacia\/ro\/apt\/prostovit\/","og_site_name":"Clinica Althea","article_modified_time":"2024-07-18T10:08:21+00:00","og_image":[{"width":768,"height":768,"url":"https:\/\/www.clinicaalthea.com\/farmacia\/wp-content\/uploads\/2024\/07\/PROSTOVIT.jpg","type":"image\/jpeg"}],"twitter_card":"summary_large_image","twitter_misc":{"Szacowany czas czytania":"7 minut"},"schema":{"@context":"https:\/\/schema.org","@graph":[{"@type":"WebPage","@id":"https:\/\/www.clinicaalthea.com\/farmacia\/ro\/apt\/prostovit\/","url":"https:\/\/www.clinicaalthea.com\/farmacia\/ro\/apt\/prostovit\/","name":"Prostovit - Clinica Althea","isPartOf":{"@id":"https:\/\/www.clinicaalthea.com\/farmacia\/#website"},"primaryImageOfPage":{"@id":"https:\/\/www.clinicaalthea.com\/farmacia\/ro\/apt\/prostovit\/#primaryimage"},"image":{"@id":"https:\/\/www.clinicaalthea.com\/farmacia\/ro\/apt\/prostovit\/#primaryimage"},"thumbnailUrl":"https:\/\/www.clinicaalthea.com\/farmacia\/wp-content\/uploads\/2024\/07\/PROSTOVIT.jpg","datePublished":"2024-07-18T10:03:48+00:00","dateModified":"2024-07-18T10:08:21+00:00","breadcrumb":{"@id":"https:\/\/www.clinicaalthea.com\/farmacia\/ro\/apt\/prostovit\/#breadcrumb"},"inLanguage":"pl-PL","potentialAction":[{"@type":"ReadAction","target":["https:\/\/www.clinicaalthea.com\/farmacia\/ro\/apt\/prostovit\/"]}]},{"@type":"ImageObject","inLanguage":"pl-PL","@id":"https:\/\/www.clinicaalthea.com\/farmacia\/ro\/apt\/prostovit\/#primaryimage","url":"https:\/\/www.clinicaalthea.com\/farmacia\/wp-content\/uploads\/2024\/07\/PROSTOVIT.jpg","contentUrl":"https:\/\/www.clinicaalthea.com\/farmacia\/wp-content\/uploads\/2024\/07\/PROSTOVIT.jpg","width":768,"height":768,"caption":"Prostovit"},{"@type":"BreadcrumbList","@id":"https:\/\/www.clinicaalthea.com\/farmacia\/ro\/apt\/prostovit\/#breadcrumb","itemListElement":[{"@type":"ListItem","position":1,"name":"Strona g\u0142\u00f3wna","item":"https:\/\/www.clinicaalthea.com\/farmacia\/"},{"@type":"ListItem","position":2,"name":"Produkty","item":"https:\/\/www.clinicaalthea.com\/farmacia\/"},{"@type":"ListItem","position":3,"name":"Prostovit"}]},{"@type":"WebSite","@id":"https:\/\/www.clinicaalthea.com\/farmacia\/#website","url":"https:\/\/www.clinicaalthea.com\/farmacia\/","name":"Clinica Althea","description":"","publisher":{"@id":"https:\/\/www.clinicaalthea.com\/farmacia\/#organization"},"potentialAction":[{"@type":"SearchAction","target":{"@type":"EntryPoint","urlTemplate":"https:\/\/www.clinicaalthea.com\/farmacia\/?s={search_term_string}"},"query-input":{"@type":"PropertyValueSpecification","valueRequired":true,"valueName":"search_term_string"}}],"inLanguage":"pl-PL"},{"@type":"Organization","@id":"https:\/\/www.clinicaalthea.com\/farmacia\/#organization","name":"Clinica Althea","url":"https:\/\/www.clinicaalthea.com\/farmacia\/","logo":{"@type":"ImageObject","inLanguage":"pl-PL","@id":"https:\/\/www.clinicaalthea.com\/farmacia\/#\/schema\/logo\/image\/","url":"https:\/\/www.clinicaalthea.com\/farmacia\/wp-content\/uploads\/2023\/12\/Jak-diagnozuje-sie-FAS_-objawy-kryteria-diagnostyczne-i-metody-diagnozowania-154162903.jpg","contentUrl":"https:\/\/www.clinicaalthea.com\/farmacia\/wp-content\/uploads\/2023\/12\/Jak-diagnozuje-sie-FAS_-objawy-kryteria-diagnostyczne-i-metody-diagnozowania-154162903.jpg","width":1216,"height":832,"caption":"Clinica Althea"},"image":{"@id":"https:\/\/www.clinicaalthea.com\/farmacia\/#\/schema\/logo\/image\/"}}]}},"lang":"ro","translations":{"ro":7208,"pl":7171,"bg":7179,"hu":7182,"de":7184,"el":7186,"es":7190,"it":7192,"lt":7196,"lv":7204,"pt":7206,"sl":7212,"sk":7216,"nl":7218,"fr":7222,"cs":7226,"et":7228},"pll_sync_post":[],"_links":{"self":[{"href":"https:\/\/www.clinicaalthea.com\/farmacia\/wp-json\/wp\/v2\/product\/7208","targetHints":{"allow":["GET"]}}],"collection":[{"href":"https:\/\/www.clinicaalthea.com\/farmacia\/wp-json\/wp\/v2\/product"}],"about":[{"href":"https:\/\/www.clinicaalthea.com\/farmacia\/wp-json\/wp\/v2\/types\/product"}],"replies":[{"embeddable":true,"href":"https:\/\/www.clinicaalthea.com\/farmacia\/wp-json\/wp\/v2\/comments?post=7208"}],"wp:featuredmedia":[{"embeddable":true,"href":"https:\/\/www.clinicaalthea.com\/farmacia\/wp-json\/wp\/v2\/media\/7176"}],"wp:attachment":[{"href":"https:\/\/www.clinicaalthea.com\/farmacia\/wp-json\/wp\/v2\/media?parent=7208"}],"wp:term":[{"taxonomy":"product_brand","embeddable":true,"href":"https:\/\/www.clinicaalthea.com\/farmacia\/wp-json\/wp\/v2\/product_brand?post=7208"},{"taxonomy":"product_cat","embeddable":true,"href":"https:\/\/www.clinicaalthea.com\/farmacia\/wp-json\/wp\/v2\/product_cat?post=7208"},{"taxonomy":"product_tag","embeddable":true,"href":"https:\/\/www.clinicaalthea.com\/farmacia\/wp-json\/wp\/v2\/product_tag?post=7208"}],"curies":[{"name":"wp","href":"https:\/\/api.w.org\/{rel}","templated":true}]}}