{"id":7204,"date":"2024-07-18T11:02:32","date_gmt":"2024-07-18T10:02:32","guid":{"rendered":"https:\/\/mayoguide.org\/produkty\/?post_type=product&#038;p=7204"},"modified":"2024-07-18T11:08:21","modified_gmt":"2024-07-18T10:08:21","slug":"prostovit","status":"publish","type":"product","link":"https:\/\/www.clinicaalthea.com\/farmacia\/lv\/apt\/prostovit\/","title":{"rendered":"Prostovit"},"content":{"rendered":"\n<h2 class=\"wp-block-heading\">Kas ir Prostovit un k\u0101 tas darbojas?<\/h2>\n\n\n\n<p>Prostovit ir inovat\u012bvs <em>uztura bag\u0101tin\u0101t\u0101js<\/em>, kas \u012bpa\u0161i rad\u012bts v\u012brie\u0161iem ar prostatas probl\u0113m\u0101m. T\u0101 galven\u0101s sast\u0101vda\u013cas ir <em>dabiskas augu izcelsmes vielas<\/em>, kas r\u016bp\u012bgi atlas\u012btas, \u0146emot v\u0113r\u0101 to labv\u0113l\u012bgo ietekmi uz prostatas <b>vesel\u012bbu<\/b>. Formulas sast\u0101vam piem\u012bt antibakteri\u0101la, pretiekaisuma un pretiekaisuma iedarb\u012bba, kas mazina prostat\u012bta simptomus un uzlabo visp\u0101r\u0113jo prostatas vesel\u012bbu.<\/p>\n\n\n\n<blockquote class=\"wp-block-quote is-layout-flow wp-block-quote-is-layout-flow\">\n<p>Prostovit ir inovat\u012bvs <b>uztura bag\u0101tin\u0101t\u0101js<\/b>, kas \u012bpa\u0161i izstr\u0101d\u0101ts v\u012brie\u0161iem ar prostatas probl\u0113m\u0101m.<\/p>\n<\/blockquote>\n\n\n\n<p>T\u0101s iedarb\u012bbas pamat\u0101 ir <em>dabiskas augu sast\u0101vda\u013cas<\/em>, kur\u0101m ir pier\u0101d\u012btas prostatas vesel\u012bbai labv\u0113l\u012bgas \u012bpa\u0161\u012bbas. Pateicoties \u0161o sast\u0101vda\u013cu kombin\u0101cijai, Prostovit darbojas holistiski, koncentr\u0113joties gan uz prostat\u012bta simptomu mazin\u0101\u0161anu, gan uz org\u0101na visp\u0101r\u0113j\u0101s vesel\u012bbas uzlabo\u0161anu.<\/p>\n\n\n\n<p>Prostovit pretmikrobu iedarb\u012bba ir saist\u012bta ar t\u0101du sast\u0101vda\u013cu kl\u0101tb\u016btni k\u0101 <b>sabalpalma<\/b>, kas kav\u0113 kait\u012bgo bakt\u0113riju aug\u0161anu prostat\u0101. Savuk\u0101rt pretiekaisuma iedarb\u012bbu nodro\u0161ina t\u0101das vielas k\u0101 <b>n\u0101tre,<\/b> kas mazina iekaisumu prostat\u0101. Turkl\u0101t Prostovit piem\u012bt prettrauksmes iedarb\u012bba, kas veicina stresa un spriedzes mazin\u0101\u0161anu, kas bie\u017ei pavada prostatas probl\u0113mas.<\/p>\n\n\n\n<h2 class=\"wp-block-heading\">Prostovit iedarb\u012bba<\/h2>\n\n\n\n<p>Regul\u0101ra Prostovit lieto\u0161ana var sniegt daudz <em>priek\u0161roc\u012bbu prostatas vesel\u012bbai<\/em>. Produkts mazina prostat\u012bta simptomus, piem\u0113ram, s\u0101pes, starpenes piet\u016bkumu un urin\u0113\u0161anas probl\u0113mas. Turkl\u0101t Prostovit pal\u012bdz <em>mazin\u0101t simptomus<\/em> un <em>uzlabot prostatas funkciju<\/em>. Pateicoties r\u016bp\u012bgi atlas\u012bt\u0101m augu izcelsmes sast\u0101vda\u013c\u0101m, Prostovit stiprina ur\u012bnce\u013cu sist\u0113mu un palielina libido.<\/p>\n\n\n\n<p>Pateicoties \u0161\u012bm \u012bpa\u0161\u012bb\u0101m, lietot\u0101ji var baud\u012bt <em>uzlabotu seksu\u0101l\u0101s dz\u012bves kvalit\u0101ti<\/em> un visp\u0101r\u0113jo labsaj\u016btu. Prostovit ir dab\u012bgs uztura bag\u0101tin\u0101t\u0101js, kas atbalsta prostatas vesel\u012bbu un organisma darb\u012bbu.<\/p>\n\n\n\n<h2 class=\"wp-block-heading\">K\u0101 lietot Prostovit? &#8211; Devas un ieteikumi<\/h2>\n\n\n\n<p>Ieteicam\u0101 <b>Prostovit deva<\/b> ir 25 pilieni, kas iz\u0161\u0137\u012bdin\u0101ti gl\u0101z\u0113 \u016bdens, vienu reizi dien\u0101 pirms \u0113\u0161anas. Regul\u0101ra lieto\u0161ana ir \u013coti svar\u012bga, lai uztur\u0113tu past\u0101v\u012bgu sast\u0101vda\u013cu koncentr\u0101ciju organism\u0101 un sasniegtu optim\u0101lus rezult\u0101tus.<\/p>\n\n\n\n<p>Pirms \u0101rst\u0113\u0161anas uzs\u0101k\u0161anas ar Prostovit ieteicams konsult\u0113ties ar \u0101rstu, \u012bpa\u0161i, ja ir kontrindik\u0101cijas vai lietojat citas z\u0101les. Speci\u0101lists pal\u012bdz\u0113s piel\u0101got devu individu\u0101laj\u0101m vajadz\u012bb\u0101m un nodro\u0161in\u0101s uztura bag\u0101tin\u0101t\u0101ja lieto\u0161anas dro\u0161\u012bbu.<\/p>\n\n\n\n<p>Ir svar\u012bgi pareizi lietot Prostovit, lai baud\u012btu t\u0101 labv\u0113l\u012bgo ietekmi uz prostatas vesel\u012bbu. Regul\u0101ra lieto\u0161ana un ra\u017eot\u0101ja ieteikumu iev\u0113ro\u0161ana ir galvenie faktori, lai sasniegtu pozit\u012bvus rezult\u0101tus.<\/p>\n\n\n\n<h3 class=\"wp-block-heading\">Ieteikumu tabula par Prostovit lieto\u0161anu:<\/h3>\n\n\n\n<figure class=\"wp-block-table\"><table><tbody><tr><th>Doz\u0113\u0161ana<\/th><th>Ieteikumi<\/th><\/tr><tr><td>25 pilieni<\/td><td>Iz\u0161\u0137\u012bdin\u0101t gl\u0101z\u0113 \u016bdens<\/td><\/tr><tr><td>Reizi dien\u0101<\/td><td>Pirms \u0113\u0161anas<\/td><\/tr><tr><td colspan=\"2\">Pirms \u0101rst\u0113\u0161anas uzs\u0101k\u0161anas konsult\u0113jieties ar savu \u0101rstu<\/td><\/tr><\/tbody><\/table><\/figure>\n\n\n\n<p>Regul\u0101ra Prostovit lieto\u0161ana saska\u0146\u0101 ar ra\u017eot\u0101ja ieteikumiem maksim\u0101li palielin\u0101s papildin\u0101t\u0101ja potenci\u0101lu un veicin\u0101s prostatas vesel\u012bbu. Tom\u0113r atcerieties, ka katrs organisms ir at\u0161\u0137ir\u012bgs, t\u0101p\u0113c pirms \u0101rst\u0113\u0161anas uzs\u0101k\u0161anas ieteicams konsult\u0113ties ar \u0101rstu un piel\u0101got devu atbilsto\u0161i individu\u0101laj\u0101m vajadz\u012bb\u0101m.<\/p>\n\n\n\n<h2 class=\"wp-block-heading\">Lietot\u0101ju pieredze un atsauksmes par Prostovit &#8211; k\u0101das ir atsauksmes?<\/h2>\n\n\n\n<p>Lietot\u0101ju atsauksmes par Prostovit ir da\u017e\u0101das. Daudzi cilv\u0113ki p\u0113c regul\u0101ras produkta lieto\u0161anas pamana prostatas vesel\u012bbas uzlabo\u0161anos. Klienti uzsver prostat\u012bta simptomu mazin\u0101\u0161anos, s\u0101pju un piet\u016bkuma samazin\u0101\u0161anos un seksu\u0101l\u0101s funkcijas uzlabo\u0161anos. Tom\u0113r ir svar\u012bgi atz\u012bm\u0113t, ka iedarb\u012bba var at\u0161\u0137irties atkar\u012bb\u0101 no organisma, t\u0101p\u0113c pirms Prostovit lieto\u0161anas uzs\u0101k\u0161anas ir v\u0113rts konsult\u0113ties ar savu \u0101rstu.<\/p>\n\n\n\n<h2 class=\"wp-block-heading\">Prostovit &#8211; Sast\u0101vs &#8211; Ko tas satur?<\/h2>\n\n\n\n<p>Prostovit efektivit\u0101ti nodro\u0161ina augstas kvalit\u0101tes augu sast\u0101vda\u013cas, kas r\u016bp\u012bgi atlas\u012btas, lai maksim\u0101li uzlabotu <b>prostatas vesel\u012bbu<\/b>. Sast\u0101v\u0101 ir <em>sabala palmas, n\u0101tres, ziedputek\u0161\u0146i<\/em> un <em>E vitam\u012bns<\/em>. \u0160\u012bm dabiskaj\u0101m viel\u0101m piem\u012bt antimikrobi\u0101la, pretiekaisuma un aizsarg\u0101jo\u0161a iedarb\u012bba uz prostatas \u0161\u016bn\u0101m.<\/p>\n\n\n\n<figure class=\"wp-block-table\"><table><tbody><tr><th>Sast\u0101vda\u013ca<\/th><th>R\u012bc\u012bba<\/th><\/tr><tr><td><b>Sabala palmu m\u0101ja<\/b><\/td><td>Tam piem\u012bt antibakteri\u0101la un pretiekaisuma iedarb\u012bba, tas veicina prostatas vesel\u012bbu.<\/td><\/tr><tr><td><b>N\u0101tres<\/b><\/td><td>Tas uzlabo asinsriti un veicina prostatas vesel\u012bbu, darbojoties k\u0101 pretiekaisuma l\u012bdzeklis.<\/td><\/tr><tr><td><b>Ziedputek\u0161\u0146i<\/b><\/td><td>Bag\u0101ts ar bar\u012bbas viel\u0101m, tas stiprina organismu un veicina prostatas darb\u012bbu.<\/td><\/tr><tr><td><b>E vitam\u012bns<\/b><\/td><td>Tas nodro\u0161ina dabisku prostatas \u0161\u016bnu aizsardz\u012bbu un veicina vesel\u012bgu aug\u0161anu un audu re\u0123ener\u0101ciju.<\/td><\/tr><\/tbody><\/table><\/figure>\n\n\n\n<h2 class=\"wp-block-heading\">Kur nopirkt Prostovit &#8211; cena<\/h2>\n\n\n\n<p>Prostovit ir inovat\u012bvs <b>uztura bag\u0101tin\u0101t\u0101js<\/b>, kas var sniegt daudz <b>priek\u0161roc\u012bbu prostatas vesel\u012bbai<\/b>. Ja j\u016bs interes\u0113 \u0161\u012b produkta ieg\u0101de, jums j\u0101zina, ka tas nav pieejams tradicion\u0101laj\u0101s aptiek\u0101s vai popul\u0101r\u0101s e-komercijas platform\u0101s, piem\u0113ram, Allegro. Visdro\u0161\u0101k un \u0113rt\u0101k ir ieg\u0101d\u0101ties Prostovit no ra\u017eot\u0101ja ofici\u0101l\u0101s t\u012bmek\u013ca vietnes.<\/p>\n\n\n\n<p>K\u0101p\u0113c jums vajadz\u0113tu ieg\u0101d\u0101ties Prostovit no ra\u017eot\u0101ja ofici\u0101laj\u0101 t\u012bmek\u013ca vietn\u0113? Pirmk\u0101rt, j\u016bs varat b\u016bt dro\u0161i, ka sa\u0146emsiet ori\u0123in\u0101lu produktu, kas ir r\u016bp\u012bgi sagatavots no augstas kvalit\u0101tes augu izcelsmes sast\u0101vda\u013c\u0101m. Turkl\u0101t, pas\u016btot papildin\u0101jumu tie\u0161i no ra\u017eot\u0101ja, jums ir iesp\u0113ja izmantot da\u017e\u0101das akcijas un \u012bpa\u0161us pied\u0101v\u0101jumus, kas var ietekm\u0113t gal\u012bgo cenu.<\/p>\n\n\n\n<p>Prostovit cena var at\u0161\u0137irties atkar\u012bb\u0101 no \u0161obr\u012bd pieejamaj\u0101m atlaid\u0113m. T\u0101p\u0113c, ja mekl\u0113jat vislab\u0101ko pied\u0101v\u0101jumu, iesak\u0101m regul\u0101ri apmekl\u0113t ra\u017eot\u0101ja ofici\u0101lo t\u012bmek\u013ca vietni, kur varat uzzin\u0101t par pa\u0161reiz\u0113j\u0101m akcij\u0101m vai atlaid\u0113m. Atcerieties, ka produkta kvalit\u0101te ir \u0101rk\u0101rt\u012bgi svar\u012bga, t\u0101p\u0113c vienm\u0113r ir v\u0113rts ieguld\u012bt l\u012bdzek\u013cus ori\u0123in\u0101l\u0101 Prostovit, kas atbild\u012bs j\u016bsu cer\u012bb\u0101m.<\/p>\n\n\n\n<h2 class=\"wp-block-heading\">Prostovit &#8211; iesp\u0113jam\u0101s blakuspar\u0101d\u012bbas un kontrindik\u0101cijas lieto\u0161anai<\/h2>\n\n\n\n<p>Prostovit kopum\u0101 ir dro\u0161s uztura bag\u0101tin\u0101t\u0101js, tom\u0113r da\u017eiem cilv\u0113kiem ir iesp\u0113jamas blakuspar\u0101d\u012bbas. Da\u017ereiz var rasties aler\u0123iskas reakcijas cilv\u0113kiem ar paaugstin\u0101tu jut\u012bbu pret prepar\u0101ta sast\u0101vda\u013c\u0101m. Ja rodas \u0161\u0101di simptomi, ir ieteicams p\u0101rtraukt Prostovit lieto\u0161anu.<\/p>\n\n\n\n<p>V\u0113l viena kontrindik\u0101cija Prostovit lieto\u0161anai ir b\u0113rnu un gr\u016btnie\u010du vecums. Sast\u0101vda\u013cu rakstura d\u0113\u013c papildin\u0101jums nav piem\u0113rots \u0161ai pacientu grupai. Ir svar\u012bgi to patur\u0113t pr\u0101t\u0101 un nelietot Prostovit \u0161ajos gad\u012bjumos.<\/p>\n\n\n\n<p>Cilv\u0113kiem ar noteikt\u0101m hronisk\u0101m slim\u012bb\u0101m, piem\u0113ram, diab\u0113tu, hipertensiju vai sirds slim\u012bb\u0101m, pirms \u0101rst\u0113\u0161an\u0101s ar Prostovit uzs\u0101k\u0161anas j\u0101konsult\u0113jas ar savu \u0101rstu. \u0160\u0101d\u0101 gad\u012bjum\u0101 var b\u016bt nepiecie\u0161ams atbilsto\u0161s vesel\u012bbas st\u0101vok\u013ca nov\u0113rt\u0113jums un iesp\u0113jama devas piel\u0101go\u0161ana.<\/p>\n\n\n\n<p>Kopum\u0101, lai gan Prostovit kopum\u0101 ir dro\u0161s, da\u017eiem cilv\u0113kiem past\u0101v blakuspar\u0101d\u012bbu risks. Kontrindik\u0101cijas papildin\u0101jumam ir paaugstin\u0101ta jut\u012bba pret sast\u0101vda\u013c\u0101m, b\u0113rniem un gr\u016btniec\u0113m un da\u017e\u0101m hronisk\u0101m slim\u012bb\u0101m. Ja rodas nev\u0113lami simptomi vai kontrindic\u0113jo\u0161i apst\u0101k\u013ci, nekav\u0113joties konsult\u0113jieties ar savu \u0101rstu.<\/p>\n","protected":false},"excerpt":{"rendered":"<p><strong>39.00 \u20ac<\/strong><\/p>\n<p><del>78.00 \u20ac<\/del><\/p>\n<p><strong>[date_countdown]<\/strong><\/p>\n","protected":false},"featured_media":7176,"comment_status":"open","ping_status":"closed","template":"","meta":{"neve_meta_sidebar":"","neve_meta_container":"","neve_meta_enable_content_width":"","neve_meta_content_width":0,"neve_meta_title_alignment":"","neve_meta_author_avatar":"","neve_post_elements_order":"","neve_meta_disable_header":"","neve_meta_disable_footer":"","neve_meta_disable_title":"","neve_meta_reading_time":""},"product_brand":[],"product_cat":[129],"product_tag":[],"class_list":{"0":"post-7204","1":"product","2":"type-product","3":"status-publish","4":"has-post-thumbnail","6":"product_cat-veseliba","8":"first","9":"instock","10":"shipping-taxable","11":"product-type-external"},"yoast_head":"<!-- This site is optimized with the Yoast SEO plugin v27.4 - https:\/\/yoast.com\/product\/yoast-seo-wordpress\/ -->\n<title>Prostovit - Clinica Althea<\/title>\n<meta name=\"robots\" content=\"index, follow, max-snippet:-1, max-image-preview:large, max-video-preview:-1\" \/>\n<link rel=\"canonical\" href=\"https:\/\/www.clinicaalthea.com\/farmacia\/lv\/apt\/prostovit\/\" \/>\n<meta property=\"og:locale\" content=\"pl_PL\" \/>\n<meta property=\"og:type\" content=\"article\" \/>\n<meta property=\"og:title\" content=\"Prostovit - Clinica Althea\" \/>\n<meta property=\"og:description\" content=\"39.00 \u20ac 78.00 \u20ac\" \/>\n<meta property=\"og:url\" content=\"https:\/\/www.clinicaalthea.com\/farmacia\/lv\/apt\/prostovit\/\" \/>\n<meta property=\"og:site_name\" content=\"Clinica Althea\" \/>\n<meta property=\"article:modified_time\" content=\"2024-07-18T10:08:21+00:00\" \/>\n<meta property=\"og:image\" content=\"https:\/\/www.clinicaalthea.com\/farmacia\/wp-content\/uploads\/2024\/07\/PROSTOVIT.jpg\" \/>\n\t<meta property=\"og:image:width\" content=\"768\" \/>\n\t<meta property=\"og:image:height\" content=\"768\" \/>\n\t<meta property=\"og:image:type\" content=\"image\/jpeg\" \/>\n<meta name=\"twitter:card\" content=\"summary_large_image\" \/>\n<meta name=\"twitter:label1\" content=\"Szacowany czas czytania\" \/>\n\t<meta name=\"twitter:data1\" content=\"5 minut\" \/>\n<script type=\"application\/ld+json\" class=\"yoast-schema-graph\">{\"@context\":\"https:\\\/\\\/schema.org\",\"@graph\":[{\"@type\":\"WebPage\",\"@id\":\"https:\\\/\\\/www.clinicaalthea.com\\\/farmacia\\\/lv\\\/apt\\\/prostovit\\\/\",\"url\":\"https:\\\/\\\/www.clinicaalthea.com\\\/farmacia\\\/lv\\\/apt\\\/prostovit\\\/\",\"name\":\"Prostovit - Clinica Althea\",\"isPartOf\":{\"@id\":\"https:\\\/\\\/www.clinicaalthea.com\\\/farmacia\\\/#website\"},\"primaryImageOfPage\":{\"@id\":\"https:\\\/\\\/www.clinicaalthea.com\\\/farmacia\\\/lv\\\/apt\\\/prostovit\\\/#primaryimage\"},\"image\":{\"@id\":\"https:\\\/\\\/www.clinicaalthea.com\\\/farmacia\\\/lv\\\/apt\\\/prostovit\\\/#primaryimage\"},\"thumbnailUrl\":\"https:\\\/\\\/www.clinicaalthea.com\\\/farmacia\\\/wp-content\\\/uploads\\\/2024\\\/07\\\/PROSTOVIT.jpg\",\"datePublished\":\"2024-07-18T10:02:32+00:00\",\"dateModified\":\"2024-07-18T10:08:21+00:00\",\"breadcrumb\":{\"@id\":\"https:\\\/\\\/www.clinicaalthea.com\\\/farmacia\\\/lv\\\/apt\\\/prostovit\\\/#breadcrumb\"},\"inLanguage\":\"pl-PL\",\"potentialAction\":[{\"@type\":\"ReadAction\",\"target\":[\"https:\\\/\\\/www.clinicaalthea.com\\\/farmacia\\\/lv\\\/apt\\\/prostovit\\\/\"]}]},{\"@type\":\"ImageObject\",\"inLanguage\":\"pl-PL\",\"@id\":\"https:\\\/\\\/www.clinicaalthea.com\\\/farmacia\\\/lv\\\/apt\\\/prostovit\\\/#primaryimage\",\"url\":\"https:\\\/\\\/www.clinicaalthea.com\\\/farmacia\\\/wp-content\\\/uploads\\\/2024\\\/07\\\/PROSTOVIT.jpg\",\"contentUrl\":\"https:\\\/\\\/www.clinicaalthea.com\\\/farmacia\\\/wp-content\\\/uploads\\\/2024\\\/07\\\/PROSTOVIT.jpg\",\"width\":768,\"height\":768,\"caption\":\"Prostovit\"},{\"@type\":\"BreadcrumbList\",\"@id\":\"https:\\\/\\\/www.clinicaalthea.com\\\/farmacia\\\/lv\\\/apt\\\/prostovit\\\/#breadcrumb\",\"itemListElement\":[{\"@type\":\"ListItem\",\"position\":1,\"name\":\"Strona g\u0142\u00f3wna\",\"item\":\"https:\\\/\\\/www.clinicaalthea.com\\\/farmacia\\\/\"},{\"@type\":\"ListItem\",\"position\":2,\"name\":\"Produkty\",\"item\":\"https:\\\/\\\/www.clinicaalthea.com\\\/farmacia\\\/\"},{\"@type\":\"ListItem\",\"position\":3,\"name\":\"Prostovit\"}]},{\"@type\":\"WebSite\",\"@id\":\"https:\\\/\\\/www.clinicaalthea.com\\\/farmacia\\\/#website\",\"url\":\"https:\\\/\\\/www.clinicaalthea.com\\\/farmacia\\\/\",\"name\":\"Clinica Althea\",\"description\":\"\",\"publisher\":{\"@id\":\"https:\\\/\\\/www.clinicaalthea.com\\\/farmacia\\\/#organization\"},\"potentialAction\":[{\"@type\":\"SearchAction\",\"target\":{\"@type\":\"EntryPoint\",\"urlTemplate\":\"https:\\\/\\\/www.clinicaalthea.com\\\/farmacia\\\/?s={search_term_string}\"},\"query-input\":{\"@type\":\"PropertyValueSpecification\",\"valueRequired\":true,\"valueName\":\"search_term_string\"}}],\"inLanguage\":\"pl-PL\"},{\"@type\":\"Organization\",\"@id\":\"https:\\\/\\\/www.clinicaalthea.com\\\/farmacia\\\/#organization\",\"name\":\"Clinica Althea\",\"url\":\"https:\\\/\\\/www.clinicaalthea.com\\\/farmacia\\\/\",\"logo\":{\"@type\":\"ImageObject\",\"inLanguage\":\"pl-PL\",\"@id\":\"https:\\\/\\\/www.clinicaalthea.com\\\/farmacia\\\/#\\\/schema\\\/logo\\\/image\\\/\",\"url\":\"https:\\\/\\\/www.clinicaalthea.com\\\/farmacia\\\/wp-content\\\/uploads\\\/2023\\\/12\\\/Jak-diagnozuje-sie-FAS_-objawy-kryteria-diagnostyczne-i-metody-diagnozowania-154162903.jpg\",\"contentUrl\":\"https:\\\/\\\/www.clinicaalthea.com\\\/farmacia\\\/wp-content\\\/uploads\\\/2023\\\/12\\\/Jak-diagnozuje-sie-FAS_-objawy-kryteria-diagnostyczne-i-metody-diagnozowania-154162903.jpg\",\"width\":1216,\"height\":832,\"caption\":\"Clinica Althea\"},\"image\":{\"@id\":\"https:\\\/\\\/www.clinicaalthea.com\\\/farmacia\\\/#\\\/schema\\\/logo\\\/image\\\/\"}}]}<\/script>\n<!-- \/ Yoast SEO plugin. -->","yoast_head_json":{"title":"Prostovit - Clinica Althea","robots":{"index":"index","follow":"follow","max-snippet":"max-snippet:-1","max-image-preview":"max-image-preview:large","max-video-preview":"max-video-preview:-1"},"canonical":"https:\/\/www.clinicaalthea.com\/farmacia\/lv\/apt\/prostovit\/","og_locale":"pl_PL","og_type":"article","og_title":"Prostovit - Clinica Althea","og_description":"39.00 \u20ac 78.00 \u20ac","og_url":"https:\/\/www.clinicaalthea.com\/farmacia\/lv\/apt\/prostovit\/","og_site_name":"Clinica Althea","article_modified_time":"2024-07-18T10:08:21+00:00","og_image":[{"width":768,"height":768,"url":"https:\/\/www.clinicaalthea.com\/farmacia\/wp-content\/uploads\/2024\/07\/PROSTOVIT.jpg","type":"image\/jpeg"}],"twitter_card":"summary_large_image","twitter_misc":{"Szacowany czas czytania":"5 minut"},"schema":{"@context":"https:\/\/schema.org","@graph":[{"@type":"WebPage","@id":"https:\/\/www.clinicaalthea.com\/farmacia\/lv\/apt\/prostovit\/","url":"https:\/\/www.clinicaalthea.com\/farmacia\/lv\/apt\/prostovit\/","name":"Prostovit - Clinica Althea","isPartOf":{"@id":"https:\/\/www.clinicaalthea.com\/farmacia\/#website"},"primaryImageOfPage":{"@id":"https:\/\/www.clinicaalthea.com\/farmacia\/lv\/apt\/prostovit\/#primaryimage"},"image":{"@id":"https:\/\/www.clinicaalthea.com\/farmacia\/lv\/apt\/prostovit\/#primaryimage"},"thumbnailUrl":"https:\/\/www.clinicaalthea.com\/farmacia\/wp-content\/uploads\/2024\/07\/PROSTOVIT.jpg","datePublished":"2024-07-18T10:02:32+00:00","dateModified":"2024-07-18T10:08:21+00:00","breadcrumb":{"@id":"https:\/\/www.clinicaalthea.com\/farmacia\/lv\/apt\/prostovit\/#breadcrumb"},"inLanguage":"pl-PL","potentialAction":[{"@type":"ReadAction","target":["https:\/\/www.clinicaalthea.com\/farmacia\/lv\/apt\/prostovit\/"]}]},{"@type":"ImageObject","inLanguage":"pl-PL","@id":"https:\/\/www.clinicaalthea.com\/farmacia\/lv\/apt\/prostovit\/#primaryimage","url":"https:\/\/www.clinicaalthea.com\/farmacia\/wp-content\/uploads\/2024\/07\/PROSTOVIT.jpg","contentUrl":"https:\/\/www.clinicaalthea.com\/farmacia\/wp-content\/uploads\/2024\/07\/PROSTOVIT.jpg","width":768,"height":768,"caption":"Prostovit"},{"@type":"BreadcrumbList","@id":"https:\/\/www.clinicaalthea.com\/farmacia\/lv\/apt\/prostovit\/#breadcrumb","itemListElement":[{"@type":"ListItem","position":1,"name":"Strona g\u0142\u00f3wna","item":"https:\/\/www.clinicaalthea.com\/farmacia\/"},{"@type":"ListItem","position":2,"name":"Produkty","item":"https:\/\/www.clinicaalthea.com\/farmacia\/"},{"@type":"ListItem","position":3,"name":"Prostovit"}]},{"@type":"WebSite","@id":"https:\/\/www.clinicaalthea.com\/farmacia\/#website","url":"https:\/\/www.clinicaalthea.com\/farmacia\/","name":"Clinica Althea","description":"","publisher":{"@id":"https:\/\/www.clinicaalthea.com\/farmacia\/#organization"},"potentialAction":[{"@type":"SearchAction","target":{"@type":"EntryPoint","urlTemplate":"https:\/\/www.clinicaalthea.com\/farmacia\/?s={search_term_string}"},"query-input":{"@type":"PropertyValueSpecification","valueRequired":true,"valueName":"search_term_string"}}],"inLanguage":"pl-PL"},{"@type":"Organization","@id":"https:\/\/www.clinicaalthea.com\/farmacia\/#organization","name":"Clinica Althea","url":"https:\/\/www.clinicaalthea.com\/farmacia\/","logo":{"@type":"ImageObject","inLanguage":"pl-PL","@id":"https:\/\/www.clinicaalthea.com\/farmacia\/#\/schema\/logo\/image\/","url":"https:\/\/www.clinicaalthea.com\/farmacia\/wp-content\/uploads\/2023\/12\/Jak-diagnozuje-sie-FAS_-objawy-kryteria-diagnostyczne-i-metody-diagnozowania-154162903.jpg","contentUrl":"https:\/\/www.clinicaalthea.com\/farmacia\/wp-content\/uploads\/2023\/12\/Jak-diagnozuje-sie-FAS_-objawy-kryteria-diagnostyczne-i-metody-diagnozowania-154162903.jpg","width":1216,"height":832,"caption":"Clinica Althea"},"image":{"@id":"https:\/\/www.clinicaalthea.com\/farmacia\/#\/schema\/logo\/image\/"}}]}},"lang":"lv","translations":{"lv":7204,"pl":7171,"bg":7179,"hu":7182,"de":7184,"el":7186,"es":7190,"it":7192,"lt":7196,"pt":7206,"ro":7208,"sl":7212,"sk":7216,"nl":7218,"fr":7222,"cs":7226,"et":7228},"pll_sync_post":[],"_links":{"self":[{"href":"https:\/\/www.clinicaalthea.com\/farmacia\/wp-json\/wp\/v2\/product\/7204","targetHints":{"allow":["GET"]}}],"collection":[{"href":"https:\/\/www.clinicaalthea.com\/farmacia\/wp-json\/wp\/v2\/product"}],"about":[{"href":"https:\/\/www.clinicaalthea.com\/farmacia\/wp-json\/wp\/v2\/types\/product"}],"replies":[{"embeddable":true,"href":"https:\/\/www.clinicaalthea.com\/farmacia\/wp-json\/wp\/v2\/comments?post=7204"}],"wp:featuredmedia":[{"embeddable":true,"href":"https:\/\/www.clinicaalthea.com\/farmacia\/wp-json\/wp\/v2\/media\/7176"}],"wp:attachment":[{"href":"https:\/\/www.clinicaalthea.com\/farmacia\/wp-json\/wp\/v2\/media?parent=7204"}],"wp:term":[{"taxonomy":"product_brand","embeddable":true,"href":"https:\/\/www.clinicaalthea.com\/farmacia\/wp-json\/wp\/v2\/product_brand?post=7204"},{"taxonomy":"product_cat","embeddable":true,"href":"https:\/\/www.clinicaalthea.com\/farmacia\/wp-json\/wp\/v2\/product_cat?post=7204"},{"taxonomy":"product_tag","embeddable":true,"href":"https:\/\/www.clinicaalthea.com\/farmacia\/wp-json\/wp\/v2\/product_tag?post=7204"}],"curies":[{"name":"wp","href":"https:\/\/api.w.org\/{rel}","templated":true}]}}