{"id":7198,"date":"2024-07-18T11:00:00","date_gmt":"2024-07-18T10:00:00","guid":{"rendered":"https:\/\/mayoguide.org\/produkty\/?post_type=product&#038;p=7198"},"modified":"2024-07-18T11:13:24","modified_gmt":"2024-07-18T10:13:24","slug":"hondrofrost","status":"publish","type":"product","link":"https:\/\/www.clinicaalthea.com\/farmacia\/cs\/apt\/hondrofrost\/","title":{"rendered":"Hondrofrost"},"content":{"rendered":"\n<h2 class=\"wp-block-heading\">Co je p\u0159\u00edpravek Hondrofrost a jak funguje?<\/h2>\n\n\n\n<p><b>Hondrofrost<\/b> je inovativn\u00ed <em>kloubn\u00ed kr\u00e9m<\/em>, kter\u00fd byl vyvinut pro lidi s kloubn\u00edmi pot\u00ed\u017eemi. P\u016fsob\u00ed tak, \u017ee stimuluje metabolismus, co\u017e p\u0159isp\u00edv\u00e1 k rychl\u00e9 \u00falev\u011b od bolesti a poskytuje p\u0159\u00edjemn\u00fd chladiv\u00fd a uvol\u0148uj\u00edc\u00ed pocit.<\/p>\n\n\n\n<p>\u00da\u010dinnost <b>p\u0159\u00edpravku<\/b> <em>Hondrofrost<\/em> je patrn\u00e1 ji\u017e po kr\u00e1tk\u00e9 dob\u011b u\u017e\u00edv\u00e1n\u00ed a <b>je<\/b> zalo\u017eena na p\u0159\u00edrodn\u00edch slo\u017ek\u00e1ch, kter\u00e9 podporuj\u00ed zdrav\u00ed kloub\u016f a kost\u00ed. D\u00edky kombinaci promy\u0161len\u00e9ho slo\u017een\u00ed pou\u017eit\u00fdch slo\u017eek pom\u00e1h\u00e1 <em>Hondrofrost<\/em> sni\u017eovat bolest kloub\u016f, zlep\u0161ovat pohodl\u00ed a kvalitu \u017eivota lid\u00ed s kloubn\u00edmi probl\u00e9my.<\/p>\n\n\n\n<p>Pravideln\u00e9 <b>u\u017e\u00edv\u00e1n\u00ed p\u0159\u00edpravku<\/b> <em>Hondrofrost<\/em> m\u016f\u017ee p\u0159in\u00e9st \u00falevu, podpo\u0159it regeneraci kloub\u016f a kost\u00ed a zv\u00fd\u0161it pohyblivost kloub\u016f. <b>\u00da\u010dinky<\/b> kr\u00e9mu jsou viditeln\u00e9 a citeln\u00e9, a proto je obl\u00edbenou volbou mezi t\u011bmi, kte\u0159\u00ed hledaj\u00ed p\u0159\u00edrodn\u00ed terapii a podporu pro \u00falevu od bolesti kloub\u016f.<\/p>\n\n\n\n<h2 class=\"wp-block-heading\">Hondrofrost &#8211; \u00fa\u010dinky aplikace<\/h2>\n\n\n\n<p><b>Pou\u017e\u00edv\u00e1n\u00ed<\/b> kr\u00e9mu Hondrofrost m\u016f\u017ee m\u00edt mnoho p\u0159\u00edzniv\u00fdch \u00fa\u010dink\u016f pro lidi s kloubn\u00edmi probl\u00e9my. D\u00edky sv\u00fdm p\u0159\u00edrodn\u00edm slo\u017ek\u00e1m a inovativn\u00edmu slo\u017een\u00ed p\u0159in\u00e1\u0161\u00ed Hondrofrost \u00falevu od bolesti kloub\u016f a zlep\u0161uje jejich pohyblivost, \u010d\u00edm\u017e p\u0159isp\u00edv\u00e1 k celkov\u00e9mu zlep\u0161en\u00ed kvality \u017eivota.<\/p>\n\n\n\n<p>Mezi p\u0159\u00edzniv\u00e9 <b>\u00fa\u010dinky p\u0159\u00edpravku<\/b> Hondrofrost pat\u0159\u00ed:<\/p>\n\n\n\n<ul class=\"wp-block-list\">\n<li>\u00daleva od bolest\u00ed kloub\u016f<\/li>\n\n\n\n<li>Zlep\u0161en\u00ed pohyblivosti kloub\u016f<\/li>\n\n\n\n<li>Sn\u00ed\u017een\u00ed bolesti<\/li>\n\n\n\n<li>Zv\u00fd\u0161en\u00ed komfortu a kvality \u017eivota lid\u00ed s kloubn\u00edmi probl\u00e9my<\/li>\n<\/ul>\n\n\n\n<p>Hondrofrost je bezpe\u010dn\u00fd p\u0159\u00edpravek, kter\u00fd je v\u011bt\u0161inou lid\u00ed dob\u0159e sn\u00e1\u0161en. Jako u ka\u017ed\u00e9ho v\u00fdrobku se v\u0161ak mohou ob\u010das vyskytnout p\u0159\u00edpady alergie na n\u011bkterou ze slo\u017eek kr\u00e9mu. Pokud se u V\u00e1s po pou\u017eit\u00ed p\u0159\u00edpravku Hondrofrost objev\u00ed jak\u00e9koli ne\u017e\u00e1douc\u00ed p\u0159\u00edznaky, p\u0159esta\u0148te jej <b>pou\u017e\u00edvat<\/b> a pora\u010fte se se sv\u00fdm l\u00e9ka\u0159em.<\/p>\n\n\n\n<p>Je tak\u00e9 d\u016fle\u017eit\u00e9 dodr\u017eovat kontraindikace pro pou\u017eit\u00ed p\u0159\u00edpravku Hondrofrost. Lid\u00e9 s p\u0159ecitliv\u011blost\u00ed na n\u011bkterou ze slo\u017eek kr\u00e9mu by se m\u011bli jeho pou\u017e\u00edv\u00e1n\u00ed vyhnout. Krom\u011b toho by se Hondrofrost nem\u011bl pou\u017e\u00edvat na po\u0161kozenou poko\u017eku. P\u0159ed pou\u017eit\u00edm p\u0159\u00edpravku Hondrofrost je v\u017edy vhodn\u00e9 poradit se s l\u00e9ka\u0159em, zejm\u00e9na pokud m\u00e1te obavy o sv\u00e9 zdrav\u00ed.<\/p>\n\n\n\n<figure class=\"wp-block-table\"><table><tbody><tr><th>\u00da\u010dinky p\u0159\u00edpravku Hondrofrost<\/th><th>Ne\u017e\u00e1douc\u00ed \u00fa\u010dinky p\u0159\u00edpravku Hondrofrost<\/th><th>Kontraindikace p\u0159\u00edpravku Hondrofrost<\/th><\/tr><tr><td>\u00daleva od bolest\u00ed kloub\u016f<\/td><td>Mo\u017enost alergie na slo\u017eky kr\u00e9mu<\/td><td>P\u0159ecitliv\u011blost na n\u011bkterou ze slo\u017eek kr\u00e9mu<\/td><\/tr><tr><td>Zlep\u0161en\u00ed pohyblivosti kloub\u016f<\/td><td>&nbsp;<\/td><td>Po\u0161kozen\u00e1 k\u016f\u017ee<\/td><\/tr><tr><td>Sn\u00ed\u017een\u00ed bolesti<\/td><td>&nbsp;<\/td><td>&nbsp;<\/td><\/tr><tr><td>Zv\u00fd\u0161en\u00ed komfortu a kvality \u017eivota lid\u00ed s kloubn\u00edmi probl\u00e9my<\/td><td>&nbsp;<\/td><td>&nbsp;<\/td><\/tr><\/tbody><\/table><\/figure>\n\n\n\n<h2 class=\"wp-block-heading\">D\u00e1vkov\u00e1n\u00ed p\u0159\u00edpravku Hondrofrost &#8211; Jak pou\u017e\u00edvat?<\/h2>\n\n\n\n<p>Hondrofrost by se m\u011bl aplikovat lok\u00e1ln\u011b na m\u00edsta s bolest\u00ed kloub\u016f. Abyste zajistili optim\u00e1ln\u00ed <b>v\u00fdsledky<\/b>, dodr\u017eujte n\u00ed\u017ee uveden\u00e9 pokyny pro d\u00e1vkov\u00e1n\u00ed a aplikaci:<\/p>\n\n\n\n<ol class=\"wp-block-list\">\n<li>Naneste mal\u00e9 mno\u017estv\u00ed kr\u00e9mu na dla\u0148.<\/li>\n\n\n\n<li>Jemn\u00fdmi mas\u00e1\u017en\u00edmi pohyby vmas\u00edrujte kr\u00e9m do poko\u017eky v oblasti posti\u017een\u00e9 bolest\u00ed kloub\u016f.<\/li>\n\n\n\n<li>P\u0159\u00edpravek Hondrofrost se doporu\u010duje u\u017e\u00edvat 3kr\u00e1t denn\u011b.<\/li>\n<\/ol>\n\n\n\n<p>Pro dosa\u017een\u00ed nejlep\u0161\u00edch v\u00fdsledk\u016f aplikujte kr\u00e9m pravideln\u011b podle doporu\u010den\u00e9ho d\u00e1vkov\u00e1n\u00ed. Vyvarujte se nan\u00e1\u0161en\u00ed p\u0159\u00edli\u0161 velk\u00e9ho mno\u017estv\u00ed kr\u00e9mu, proto\u017ee to nezvy\u0161uje \u00fa\u010dinnost p\u0159\u00edpravku. Je d\u016fle\u017eit\u00e9 pe\u010dliv\u011b si p\u0159e\u010d\u00edst a \u0159\u00eddit se informacemi v p\u0159\u00edbalov\u00e9 informaci p\u0159\u00edpravku Hondrofrost, kde jsou uvedeny dal\u0161\u00ed pokyny a podrobn\u00fd n\u00e1vod k pou\u017eit\u00ed.<\/p>\n\n\n\n<p>Upozor\u0148ujeme, \u017ee v\u00fdsledky se mohou li\u0161it v z\u00e1vislosti na individu\u00e1ln\u00edch pot\u0159eb\u00e1ch a reakci organismu. V p\u0159\u00edpad\u011b jak\u00fdchkoli pochybnost\u00ed nebo ot\u00e1zek t\u00fdkaj\u00edc\u00edch se d\u00e1vkov\u00e1n\u00ed nebo u\u017e\u00edv\u00e1n\u00ed p\u0159\u00edpravku Hondrofrost se v\u017edy pora\u010fte se sv\u00fdm l\u00e9ka\u0159em nebo l\u00e9k\u00e1rn\u00edkem.<\/p>\n\n\n\n<h2 class=\"wp-block-heading\">Hondrofrost &#8211; U\u017eivatelsk\u00e9 recenze, f\u00f3rum &#8211; Co \u0159\u00edkaj\u00ed u\u017eivatel\u00e9?<\/h2>\n\n\n\n<p>Hondrofrost je produkt, kter\u00fd z\u00edskal pozitivn\u00ed <b>zp\u011btnou vazbu od<\/b> u\u017eivatel\u016f, zejm\u00e9na t\u011bch, kte\u0159\u00ed se pot\u00fdkaj\u00ed s kloubn\u00edmi pot\u00ed\u017eemi. Mnoho u\u017eivatel\u016f zaznamenalo po pravideln\u00e9m u\u017e\u00edv\u00e1n\u00ed p\u0159\u00edpravku Hondrofrost v\u00fdrazn\u00e9 zlep\u0161en\u00ed sv\u00e9 pohody. Sn\u00ed\u017eila se bolest kloub\u016f a v\u00fdrazn\u011b se zlep\u0161ila jejich pohyblivost.<\/p>\n\n\n\n<p>Jedn\u00edm z m\u00edst, kde najdete <b>recenze<\/b> p\u0159\u00edpravku Hondrofrost, je online <b>f\u00f3rum pro<\/b> lidi s probl\u00e9my s klouby. Mnoho lid\u00ed se zde pod\u011blilo o sv\u00e9 zku\u0161enosti s p\u0159\u00edpravkem Hondrofrost a o jeho hodnocen\u00ed. Je d\u016fle\u017eit\u00e9 p\u0159e\u010d\u00edst si recenze ostatn\u00edch u\u017eivatel\u016f, abyste z\u00edskali v\u00edce informac\u00ed o <b>\u00fa\u010dinnosti p\u0159\u00edpravku<\/b> Hondrofrost a jeho vlivu na kvalitu \u017eivota lid\u00ed s bolestmi kloub\u016f.<\/p>\n\n\n\n<blockquote class=\"wp-block-quote is-layout-flow wp-block-quote-is-layout-flow\">\n<p>&#8220;P\u0159i n\u011bkolikat\u00fddenn\u00edm u\u017e\u00edv\u00e1n\u00ed p\u0159\u00edpravku Hondrofrost jsem zaznamenal v\u00fdrazn\u00e9 zlep\u0161en\u00ed sv\u00e9 pohody. Bolesti kloub\u016f se staly m\u00e9n\u011b intenzivn\u00edmi a pohyblivost kloub\u016f se v\u00fdrazn\u011b zlep\u0161ila. Tento kr\u00e9m bych doporu\u010dil v\u0161em, kte\u0159\u00ed maj\u00ed pot\u00ed\u017ee s klouby.&#8221; &#8211; Jan K.<\/p>\n<\/blockquote>\n\n\n\n<blockquote class=\"wp-block-quote is-layout-flow wp-block-quote-is-layout-flow\">\n<p>&#8220;Jsem ohromen \u00fa\u010dinnost\u00ed p\u0159\u00edpravku Hondrofrost. Po n\u011bkolika t\u00fddnech u\u017e\u00edv\u00e1n\u00ed zmizely bolesti kloub\u016f a j\u00e1 se mohu op\u011bt pln\u011b t\u011b\u0161it z pohybu. Je to opravdu skv\u011bl\u00fd v\u00fdrobek!&#8221; &#8211; Anna S.<\/p>\n<\/blockquote>\n\n\n\n<p>Recenze u\u017eivatel\u016f nazna\u010duj\u00ed, \u017ee Hondrofrost je \u00fa\u010dinn\u00fd kloubn\u00ed kr\u00e9m, kter\u00fd m\u016f\u017ee p\u0159in\u00e9st \u00falevu a zlep\u0161it kvalitu \u017eivota lid\u00ed s kloubn\u00edmi pot\u00ed\u017eemi. Stoj\u00ed za to p\u0159e\u010d\u00edst si recenze ostatn\u00edch u\u017eivatel\u016f a zjistit jejich zku\u0161enosti a hodnocen\u00ed v\u00fdrobku.<\/p>\n\n\n\n<h2 class=\"wp-block-heading\">Hondrofrost &#8211; Slo\u017een\u00ed<\/h2>\n\n\n\n<p>Hondrofrost je p\u0159\u00edpravek na b\u00e1zi p\u0159\u00edrodn\u00edch slo\u017eek, kter\u00e9 maj\u00ed pozitivn\u00ed vliv na zdrav\u00ed kloub\u016f. <b>Slo\u017een\u00ed p\u0159\u00edpravku<\/b> Hondrofrost zahrnuje v\u00fdta\u017eky z rostlin, jako je ka\u0161tan ko\u0148sk\u00fd, vojt\u011b\u0161ka, paprika a modr\u00e1 guma ji\u017en\u00ed. Ka\u017ed\u00e1 z t\u011bchto slo\u017eek m\u00e1 specifick\u00fd <b>\u00fa\u010dinek<\/b>, kter\u00fd podporuje zdrav\u00ed kloub\u016f a p\u0159isp\u00edv\u00e1 ke sn\u00ed\u017een\u00ed bolesti.<\/p>\n\n\n\n<figure class=\"wp-block-table\"><table><tbody><tr><th>Slo\u017een\u00ed<\/th><th>Akce<\/th><\/tr><tr><td>Ka\u0161tanovn\u00edk jedl\u00fd<\/td><td>Podporuje prokrven\u00ed kloub\u016f, zm\u00edr\u0148uje bolest a z\u00e1n\u011bt.<\/td><\/tr><tr><td>Lucerna<\/td><td>Obsahuje mnoho cenn\u00fdch \u017eivin, podporuje regeneraci kloubn\u00edch tk\u00e1n\u00ed<\/td><\/tr><tr><td>Paprika<\/td><td>M\u00e1 analgetick\u00e9 a protiz\u00e1n\u011btliv\u00e9 \u00fa\u010dinky, zlep\u0161uje kvalitu \u017eivota lid\u00ed s bolestmi kloub\u016f.<\/td><\/tr><tr><td>Ji\u017en\u00ed modr\u00e1 pry\u017e<\/td><td>M\u00e1 chladiv\u00fd a uvol\u0148uj\u00edc\u00ed \u00fa\u010dinek, zm\u00edr\u0148uje bolesti kloub\u016f.<\/td><\/tr><\/tbody><\/table><\/figure>\n\n\n\n<h2 class=\"wp-block-heading\">Kde koupit a kolik stoj\u00ed Hondrofrost &#8211; cena<\/h2>\n\n\n\n<p>Hondrofrost je k dispozici ke koupi bez l\u00e9ka\u0159sk\u00e9ho p\u0159edpisu, ale doporu\u010duje se zakoupit na ofici\u00e1ln\u00edch webov\u00fdch str\u00e1nk\u00e1ch v\u00fdrobce, abyste si byli jisti originalitou v\u00fdrobku. <b>Cena<\/b> p\u0159\u00edpravku Hondrofrost se m\u016f\u017ee li\u0161it v z\u00e1vislosti na tom, kde je zakoupen, ale konkr\u00e9tn\u00ed cenu neuv\u00e1d\u00edme. Doporu\u010dujeme zkontrolovat aktu\u00e1ln\u00ed cenu na ofici\u00e1ln\u00edch str\u00e1nk\u00e1ch v\u00fdrobce.<\/p>\n\n\n\n<h2 class=\"wp-block-heading\">Mo\u017en\u00e9 ne\u017e\u00e1douc\u00ed \u00fa\u010dinky a kontraindikace p\u0159\u00edpravku Hondrofrost<\/h2>\n\n\n\n<p>Hondrofrost je relativn\u011b bezpe\u010dn\u00fd p\u0159\u00edpravek, nicm\u00e9n\u011b se mohou ob\u010das vyskytnout p\u0159\u00edpady alergie na slo\u017eky kr\u00e9mu. Lid\u00e9 s p\u0159ecitliv\u011blost\u00ed na n\u011bkterou ze slo\u017eek p\u0159\u00edpravku Hondrofrost by se m\u011bli jeho pou\u017e\u00edv\u00e1n\u00ed vyhnout. Pokud se objev\u00ed jak\u00e9koli ne\u017e\u00e1douc\u00ed p\u0159\u00edznaky, jako je zarudnut\u00ed k\u016f\u017ee, vyr\u00e1\u017eka, sv\u011bd\u011bn\u00ed nebo otok, je t\u0159eba p\u0159\u00edpravek Hondrofrost p\u0159estat pou\u017e\u00edvat a poradit se s l\u00e9ka\u0159em.<\/p>\n\n\n\n<p>Hondrofrost by se nem\u011bl pou\u017e\u00edvat na po\u0161kozenou k\u016f\u017ei, otev\u0159en\u00e9 r\u00e1ny nebo v\u0159edy. P\u0159ed pou\u017eit\u00edm p\u0159\u00edpravku Hondrofrost si v\u017edy pe\u010dliv\u011b p\u0159e\u010dt\u011bte p\u0159\u00edbalovou informaci, abyste byli \u0159\u00e1dn\u011b informov\u00e1ni o p\u0159\u00edpadn\u00fdch kontraindikac\u00edch a zp\u016fsobu pou\u017eit\u00ed kr\u00e9mu.<\/p>\n\n\n\n<p>M\u00e1te-li jak\u00e9koli pochybnosti nebo ot\u00e1zky t\u00fdkaj\u00edc\u00ed se u\u017e\u00edv\u00e1n\u00ed p\u0159\u00edpravku Hondrofrost, v\u017edy doporu\u010dujeme poradit se s l\u00e9ka\u0159em. Je to d\u016fle\u017eit\u00e9, abyste z\u00edskali odborn\u00fd n\u00e1zor a ujistili se, \u017ee je <b>kr\u00e9m na klouby<\/b> vhodn\u00fd pro V\u00e1\u0161 konkr\u00e9tn\u00ed p\u0159\u00edpad.<\/p>\n","protected":false},"excerpt":{"rendered":"<p><strong>890.00 K\u010d<\/strong><\/p>\n<p><del>1780.00 K\u010d<\/del><\/p>\n<p><strong>[date_countdown]<\/strong><\/p>\n","protected":false},"featured_media":7180,"comment_status":"open","ping_status":"closed","template":"","meta":{"neve_meta_sidebar":"","neve_meta_container":"","neve_meta_enable_content_width":"","neve_meta_content_width":0,"neve_meta_title_alignment":"","neve_meta_author_avatar":"","neve_post_elements_order":"","neve_meta_disable_header":"","neve_meta_disable_footer":"","neve_meta_disable_title":"","neve_meta_reading_time":""},"product_brand":[],"product_cat":[49],"product_tag":[],"class_list":{"0":"post-7198","1":"product","2":"type-product","3":"status-publish","4":"has-post-thumbnail","6":"product_cat-zdravi","8":"first","9":"instock","10":"shipping-taxable","11":"product-type-external"},"yoast_head":"<!-- This site is optimized with the Yoast SEO plugin v27.4 - https:\/\/yoast.com\/product\/yoast-seo-wordpress\/ -->\n<title>Hondrofrost - Clinica Althea<\/title>\n<meta name=\"robots\" content=\"index, follow, max-snippet:-1, max-image-preview:large, max-video-preview:-1\" \/>\n<link rel=\"canonical\" href=\"https:\/\/www.clinicaalthea.com\/farmacia\/cs\/apt\/hondrofrost\/\" \/>\n<meta property=\"og:locale\" content=\"pl_PL\" \/>\n<meta property=\"og:type\" content=\"article\" \/>\n<meta property=\"og:title\" content=\"Hondrofrost - Clinica Althea\" \/>\n<meta property=\"og:description\" content=\"890.00 K\u010d 1780.00 K\u010d\" \/>\n<meta property=\"og:url\" content=\"https:\/\/www.clinicaalthea.com\/farmacia\/cs\/apt\/hondrofrost\/\" \/>\n<meta property=\"og:site_name\" content=\"Clinica Althea\" \/>\n<meta property=\"article:modified_time\" content=\"2024-07-18T10:13:24+00:00\" \/>\n<meta property=\"og:image\" content=\"https:\/\/www.clinicaalthea.com\/farmacia\/wp-content\/uploads\/2024\/07\/HONDROFROST.jpg\" \/>\n\t<meta property=\"og:image:width\" content=\"768\" \/>\n\t<meta property=\"og:image:height\" content=\"768\" \/>\n\t<meta property=\"og:image:type\" content=\"image\/jpeg\" \/>\n<meta name=\"twitter:card\" content=\"summary_large_image\" \/>\n<meta name=\"twitter:label1\" content=\"Szacowany czas czytania\" \/>\n\t<meta name=\"twitter:data1\" content=\"6 minut\" \/>\n<script type=\"application\/ld+json\" class=\"yoast-schema-graph\">{\"@context\":\"https:\\\/\\\/schema.org\",\"@graph\":[{\"@type\":\"WebPage\",\"@id\":\"https:\\\/\\\/www.clinicaalthea.com\\\/farmacia\\\/cs\\\/apt\\\/hondrofrost\\\/\",\"url\":\"https:\\\/\\\/www.clinicaalthea.com\\\/farmacia\\\/cs\\\/apt\\\/hondrofrost\\\/\",\"name\":\"Hondrofrost - Clinica Althea\",\"isPartOf\":{\"@id\":\"https:\\\/\\\/www.clinicaalthea.com\\\/farmacia\\\/#website\"},\"primaryImageOfPage\":{\"@id\":\"https:\\\/\\\/www.clinicaalthea.com\\\/farmacia\\\/cs\\\/apt\\\/hondrofrost\\\/#primaryimage\"},\"image\":{\"@id\":\"https:\\\/\\\/www.clinicaalthea.com\\\/farmacia\\\/cs\\\/apt\\\/hondrofrost\\\/#primaryimage\"},\"thumbnailUrl\":\"https:\\\/\\\/www.clinicaalthea.com\\\/farmacia\\\/wp-content\\\/uploads\\\/2024\\\/07\\\/HONDROFROST.jpg\",\"datePublished\":\"2024-07-18T10:00:00+00:00\",\"dateModified\":\"2024-07-18T10:13:24+00:00\",\"breadcrumb\":{\"@id\":\"https:\\\/\\\/www.clinicaalthea.com\\\/farmacia\\\/cs\\\/apt\\\/hondrofrost\\\/#breadcrumb\"},\"inLanguage\":\"pl-PL\",\"potentialAction\":[{\"@type\":\"ReadAction\",\"target\":[\"https:\\\/\\\/www.clinicaalthea.com\\\/farmacia\\\/cs\\\/apt\\\/hondrofrost\\\/\"]}]},{\"@type\":\"ImageObject\",\"inLanguage\":\"pl-PL\",\"@id\":\"https:\\\/\\\/www.clinicaalthea.com\\\/farmacia\\\/cs\\\/apt\\\/hondrofrost\\\/#primaryimage\",\"url\":\"https:\\\/\\\/www.clinicaalthea.com\\\/farmacia\\\/wp-content\\\/uploads\\\/2024\\\/07\\\/HONDROFROST.jpg\",\"contentUrl\":\"https:\\\/\\\/www.clinicaalthea.com\\\/farmacia\\\/wp-content\\\/uploads\\\/2024\\\/07\\\/HONDROFROST.jpg\",\"width\":768,\"height\":768,\"caption\":\"Hondrofrost\"},{\"@type\":\"BreadcrumbList\",\"@id\":\"https:\\\/\\\/www.clinicaalthea.com\\\/farmacia\\\/cs\\\/apt\\\/hondrofrost\\\/#breadcrumb\",\"itemListElement\":[{\"@type\":\"ListItem\",\"position\":1,\"name\":\"Strona g\u0142\u00f3wna\",\"item\":\"https:\\\/\\\/www.clinicaalthea.com\\\/farmacia\\\/\"},{\"@type\":\"ListItem\",\"position\":2,\"name\":\"Produkty\",\"item\":\"https:\\\/\\\/www.clinicaalthea.com\\\/farmacia\\\/\"},{\"@type\":\"ListItem\",\"position\":3,\"name\":\"Hondrofrost\"}]},{\"@type\":\"WebSite\",\"@id\":\"https:\\\/\\\/www.clinicaalthea.com\\\/farmacia\\\/#website\",\"url\":\"https:\\\/\\\/www.clinicaalthea.com\\\/farmacia\\\/\",\"name\":\"Clinica Althea\",\"description\":\"\",\"publisher\":{\"@id\":\"https:\\\/\\\/www.clinicaalthea.com\\\/farmacia\\\/#organization\"},\"potentialAction\":[{\"@type\":\"SearchAction\",\"target\":{\"@type\":\"EntryPoint\",\"urlTemplate\":\"https:\\\/\\\/www.clinicaalthea.com\\\/farmacia\\\/?s={search_term_string}\"},\"query-input\":{\"@type\":\"PropertyValueSpecification\",\"valueRequired\":true,\"valueName\":\"search_term_string\"}}],\"inLanguage\":\"pl-PL\"},{\"@type\":\"Organization\",\"@id\":\"https:\\\/\\\/www.clinicaalthea.com\\\/farmacia\\\/#organization\",\"name\":\"Clinica Althea\",\"url\":\"https:\\\/\\\/www.clinicaalthea.com\\\/farmacia\\\/\",\"logo\":{\"@type\":\"ImageObject\",\"inLanguage\":\"pl-PL\",\"@id\":\"https:\\\/\\\/www.clinicaalthea.com\\\/farmacia\\\/#\\\/schema\\\/logo\\\/image\\\/\",\"url\":\"https:\\\/\\\/www.clinicaalthea.com\\\/farmacia\\\/wp-content\\\/uploads\\\/2023\\\/12\\\/Jak-diagnozuje-sie-FAS_-objawy-kryteria-diagnostyczne-i-metody-diagnozowania-154162903.jpg\",\"contentUrl\":\"https:\\\/\\\/www.clinicaalthea.com\\\/farmacia\\\/wp-content\\\/uploads\\\/2023\\\/12\\\/Jak-diagnozuje-sie-FAS_-objawy-kryteria-diagnostyczne-i-metody-diagnozowania-154162903.jpg\",\"width\":1216,\"height\":832,\"caption\":\"Clinica Althea\"},\"image\":{\"@id\":\"https:\\\/\\\/www.clinicaalthea.com\\\/farmacia\\\/#\\\/schema\\\/logo\\\/image\\\/\"}}]}<\/script>\n<!-- \/ Yoast SEO plugin. -->","yoast_head_json":{"title":"Hondrofrost - Clinica Althea","robots":{"index":"index","follow":"follow","max-snippet":"max-snippet:-1","max-image-preview":"max-image-preview:large","max-video-preview":"max-video-preview:-1"},"canonical":"https:\/\/www.clinicaalthea.com\/farmacia\/cs\/apt\/hondrofrost\/","og_locale":"pl_PL","og_type":"article","og_title":"Hondrofrost - Clinica Althea","og_description":"890.00 K\u010d 1780.00 K\u010d","og_url":"https:\/\/www.clinicaalthea.com\/farmacia\/cs\/apt\/hondrofrost\/","og_site_name":"Clinica Althea","article_modified_time":"2024-07-18T10:13:24+00:00","og_image":[{"width":768,"height":768,"url":"https:\/\/www.clinicaalthea.com\/farmacia\/wp-content\/uploads\/2024\/07\/HONDROFROST.jpg","type":"image\/jpeg"}],"twitter_card":"summary_large_image","twitter_misc":{"Szacowany czas czytania":"6 minut"},"schema":{"@context":"https:\/\/schema.org","@graph":[{"@type":"WebPage","@id":"https:\/\/www.clinicaalthea.com\/farmacia\/cs\/apt\/hondrofrost\/","url":"https:\/\/www.clinicaalthea.com\/farmacia\/cs\/apt\/hondrofrost\/","name":"Hondrofrost - Clinica Althea","isPartOf":{"@id":"https:\/\/www.clinicaalthea.com\/farmacia\/#website"},"primaryImageOfPage":{"@id":"https:\/\/www.clinicaalthea.com\/farmacia\/cs\/apt\/hondrofrost\/#primaryimage"},"image":{"@id":"https:\/\/www.clinicaalthea.com\/farmacia\/cs\/apt\/hondrofrost\/#primaryimage"},"thumbnailUrl":"https:\/\/www.clinicaalthea.com\/farmacia\/wp-content\/uploads\/2024\/07\/HONDROFROST.jpg","datePublished":"2024-07-18T10:00:00+00:00","dateModified":"2024-07-18T10:13:24+00:00","breadcrumb":{"@id":"https:\/\/www.clinicaalthea.com\/farmacia\/cs\/apt\/hondrofrost\/#breadcrumb"},"inLanguage":"pl-PL","potentialAction":[{"@type":"ReadAction","target":["https:\/\/www.clinicaalthea.com\/farmacia\/cs\/apt\/hondrofrost\/"]}]},{"@type":"ImageObject","inLanguage":"pl-PL","@id":"https:\/\/www.clinicaalthea.com\/farmacia\/cs\/apt\/hondrofrost\/#primaryimage","url":"https:\/\/www.clinicaalthea.com\/farmacia\/wp-content\/uploads\/2024\/07\/HONDROFROST.jpg","contentUrl":"https:\/\/www.clinicaalthea.com\/farmacia\/wp-content\/uploads\/2024\/07\/HONDROFROST.jpg","width":768,"height":768,"caption":"Hondrofrost"},{"@type":"BreadcrumbList","@id":"https:\/\/www.clinicaalthea.com\/farmacia\/cs\/apt\/hondrofrost\/#breadcrumb","itemListElement":[{"@type":"ListItem","position":1,"name":"Strona g\u0142\u00f3wna","item":"https:\/\/www.clinicaalthea.com\/farmacia\/"},{"@type":"ListItem","position":2,"name":"Produkty","item":"https:\/\/www.clinicaalthea.com\/farmacia\/"},{"@type":"ListItem","position":3,"name":"Hondrofrost"}]},{"@type":"WebSite","@id":"https:\/\/www.clinicaalthea.com\/farmacia\/#website","url":"https:\/\/www.clinicaalthea.com\/farmacia\/","name":"Clinica Althea","description":"","publisher":{"@id":"https:\/\/www.clinicaalthea.com\/farmacia\/#organization"},"potentialAction":[{"@type":"SearchAction","target":{"@type":"EntryPoint","urlTemplate":"https:\/\/www.clinicaalthea.com\/farmacia\/?s={search_term_string}"},"query-input":{"@type":"PropertyValueSpecification","valueRequired":true,"valueName":"search_term_string"}}],"inLanguage":"pl-PL"},{"@type":"Organization","@id":"https:\/\/www.clinicaalthea.com\/farmacia\/#organization","name":"Clinica Althea","url":"https:\/\/www.clinicaalthea.com\/farmacia\/","logo":{"@type":"ImageObject","inLanguage":"pl-PL","@id":"https:\/\/www.clinicaalthea.com\/farmacia\/#\/schema\/logo\/image\/","url":"https:\/\/www.clinicaalthea.com\/farmacia\/wp-content\/uploads\/2023\/12\/Jak-diagnozuje-sie-FAS_-objawy-kryteria-diagnostyczne-i-metody-diagnozowania-154162903.jpg","contentUrl":"https:\/\/www.clinicaalthea.com\/farmacia\/wp-content\/uploads\/2023\/12\/Jak-diagnozuje-sie-FAS_-objawy-kryteria-diagnostyczne-i-metody-diagnozowania-154162903.jpg","width":1216,"height":832,"caption":"Clinica Althea"},"image":{"@id":"https:\/\/www.clinicaalthea.com\/farmacia\/#\/schema\/logo\/image\/"}}]}},"lang":"cs","translations":{"cs":7198,"pl":7177,"hu":7188,"ro":7194,"bg":7201,"fr":7210,"nl":7215,"it":7220,"de":7224,"es":7230,"sk":7232,"lv":7234,"lt":7236,"et":7239,"sl":7242,"pt":7244,"el":7248},"pll_sync_post":[],"_links":{"self":[{"href":"https:\/\/www.clinicaalthea.com\/farmacia\/wp-json\/wp\/v2\/product\/7198","targetHints":{"allow":["GET"]}}],"collection":[{"href":"https:\/\/www.clinicaalthea.com\/farmacia\/wp-json\/wp\/v2\/product"}],"about":[{"href":"https:\/\/www.clinicaalthea.com\/farmacia\/wp-json\/wp\/v2\/types\/product"}],"replies":[{"embeddable":true,"href":"https:\/\/www.clinicaalthea.com\/farmacia\/wp-json\/wp\/v2\/comments?post=7198"}],"wp:featuredmedia":[{"embeddable":true,"href":"https:\/\/www.clinicaalthea.com\/farmacia\/wp-json\/wp\/v2\/media\/7180"}],"wp:attachment":[{"href":"https:\/\/www.clinicaalthea.com\/farmacia\/wp-json\/wp\/v2\/media?parent=7198"}],"wp:term":[{"taxonomy":"product_brand","embeddable":true,"href":"https:\/\/www.clinicaalthea.com\/farmacia\/wp-json\/wp\/v2\/product_brand?post=7198"},{"taxonomy":"product_cat","embeddable":true,"href":"https:\/\/www.clinicaalthea.com\/farmacia\/wp-json\/wp\/v2\/product_cat?post=7198"},{"taxonomy":"product_tag","embeddable":true,"href":"https:\/\/www.clinicaalthea.com\/farmacia\/wp-json\/wp\/v2\/product_tag?post=7198"}],"curies":[{"name":"wp","href":"https:\/\/api.w.org\/{rel}","templated":true}]}}