{"id":7175,"date":"2024-07-18T10:53:03","date_gmt":"2024-07-18T09:53:03","guid":{"rendered":"https:\/\/mayoguide.org\/produkty\/?post_type=product&#038;p=7175"},"modified":"2024-07-18T10:53:06","modified_gmt":"2024-07-18T09:53:06","slug":"hondro-sol","status":"publish","type":"product","link":"https:\/\/www.clinicaalthea.com\/farmacia\/sk\/apt\/hondro-sol\/","title":{"rendered":"Hondro Sol"},"content":{"rendered":"\n<h2 class=\"wp-block-heading\" id=\"h-co-to-jest-hondro-sol-i-jak-dziala\">\u010co je Hondro Sol a ako funguje?<\/h2>\n\n\n\n<p>Hondro Sol je pr\u00edpravok obsahuj\u00faci <strong>pr\u00edrodn\u00e9 zlo\u017eky<\/strong> s upokojuj\u00facim \u00fa\u010dinkom. Hlavnou \u00fa\u010dinnou l\u00e1tkou je <em>glukozam\u00edn<\/em>, ktor\u00fd podporuje regener\u00e1ciu a ochranu k\u013abov a svalov. Okrem toho Hondro Sol obsahuje <em>kolag\u00e9n<\/em>, ktor\u00fd zlep\u0161uje pru\u017enos\u0165 a pevnos\u0165 tkan\u00edv, a <em>arnikov\u00fd olej<\/em>, ktor\u00fd m\u00e1 protiz\u00e1palov\u00e9 vlastnosti. V\u00fdsledkom je, \u017ee Hondro Sol sprej p\u00f4sob\u00ed lok\u00e1lne na postihnut\u00e9 miesta, \u010d\u00edm poskytuje \u00fa\u013eavu a zni\u017euje nepr\u00edjemn\u00e9 pocity.<\/p>\n\n\n\n<h2 class=\"wp-block-heading\">\u00da\u010dinky Hondro Sol<\/h2>\n\n\n\n<p><b>Pou\u017e\u00edvanie Hondro Sol<\/b> m\u00e1 mnoho priazniv\u00fdch \u00fa\u010dinkov, ktor\u00e9 v\u00fdrazne zlep\u0161uj\u00fa komfort \u017eivota. Vlastnosti pr\u00edpravku pom\u00e1haj\u00fa zni\u017eova\u0165 boles\u0165 k\u013abov a svalov a prin\u00e1\u0161aj\u00fa okam\u017eit\u00fa \u00fa\u013eavu.<\/p>\n\n\n\n<p>S Hondro Sol je mo\u017en\u00e9 zlep\u0161i\u0165 aj flexibilitu k\u013abov, \u010do m\u00e1 pozit\u00edvny vplyv na rozsah pohybu a celkov\u00fa kond\u00edciu. Podporuje sa regener\u00e1cia k\u013abov, \u010d\u00edm sa predch\u00e1dza stuhnutosti a obmedzeniam pri ka\u017edodenn\u00fdch \u010dinnostiach.<\/p>\n\n\n\n<p>\u010eal\u0161\u00edmi <b>\u00fa\u010dinkami Hondro Sol<\/b> s\u00fa posilnenie a obnova svalov. V\u010faka tomuto pr\u00edpravku svaly z\u00edskavaj\u00fa v\u00e4\u010d\u0161iu vytrvalos\u0165, \u010do sa prejavuje v lep\u0161ej schopnosti vykon\u00e1va\u0165 fyzicky n\u00e1ro\u010dn\u00e9 \u010dinnosti. Okrem toho sa zni\u017euje odpor pri pohybe, \u010do u\u013eah\u010duje ka\u017edodenn\u00e9 \u010dinnosti.<\/p>\n\n\n\n<p>Jedn\u00fdm z d\u00f4le\u017eit\u00fdch \u00fa\u010dinkov Hondro Sol je <b>skr\u00e1tenie \u010dasu na zotavenie<\/b> po zranen\u00ed alebo \u00faraze. Podporou regenera\u010dn\u00fdch procesov v tele sprej ur\u00fdch\u013euje regener\u00e1ciu a umo\u017e\u0148uje r\u00fdchlej\u0161\u00ed n\u00e1vrat k fyzickej aktivite.<\/p>\n\n\n\n<h2 class=\"wp-block-heading\">Pou\u017eitie a d\u00e1vkovanie lieku Hondro Sol<\/h2>\n\n\n\n<p>Hondro Sol je k dispoz\u00edcii vo forme spreja, ktor\u00fd sa \u013eahko aplikuje na postihnut\u00e9 miesta. Odpor\u00fa\u010dan\u00e9 d\u00e1vkovanie je 2-3 aplik\u00e1cie denne, mal by sa aplikova\u0165 na \u010dist\u00fa a such\u00fa poko\u017eku a vmas\u00edrova\u0165, k\u00fdm sa \u00faplne nevstrebe. D\u013a\u017eka <b>lie\u010dby<\/b> z\u00e1vis\u00ed od individu\u00e1lnych potrieb a intenzity bolesti. Pred aplik\u00e1ciou sa odpor\u00fa\u010da pre\u010d\u00edta\u0165 si pr\u00edbalov\u00fd let\u00e1k alebo sa poradi\u0165 s lek\u00e1rom.<\/p>\n\n\n\n<h2 class=\"wp-block-heading\">Recenzie pou\u017e\u00edvate\u013eov Hondro Sol<\/h2>\n\n\n\n<p><b>Recenzie Hondro Sol<\/b> s\u00fa vo v\u0161eobecnosti ve\u013emi pozit\u00edvne. Mnoh\u00ed pou\u017e\u00edvatelia si pochva\u013euj\u00fa \u00fa\u010dinnos\u0165 tohto v\u00fdrobku a zaznamen\u00e1vaj\u00fa v\u00fdrazn\u00e9 zn\u00ed\u017eenie bolesti a zlep\u0161enie kvality \u017eivota. <b>Pozit\u00edvne recenzie<\/b> sa t\u00fdkaj\u00fa najm\u00e4 pr\u00ednosov na zmiernenie bolesti k\u013abov a svalov.<\/p>\n\n\n\n<p>V koment\u00e1roch na internetov\u00fdch f\u00f3rach pou\u017e\u00edvatelia \u010dasto zd\u00f4raz\u0148uj\u00fa jednoduchos\u0165 aplik\u00e1cie spreja Hondro Sol a <b>pohodln\u00e9 balenie<\/b>. V\u010faka tomu je aplik\u00e1cia pr\u00edpravku na postihnut\u00e9 miesta mimoriadne jednoduch\u00e1 a praktick\u00e1.<\/p>\n\n\n\n<p>Treba v\u0161ak ma\u0165 na pam\u00e4ti, \u017ee n\u00e1zory sa m\u00f4\u017eu l\u00ed\u0161i\u0165, preto\u017ee ka\u017ed\u00e9 telo reaguje na konkr\u00e9tnu terapiu individu\u00e1lne. To, \u010do funguje u jedn\u00e9ho \u010dloveka, nemus\u00ed nevyhnutne fungova\u0165 u in\u00e9ho.<\/p>\n\n\n\n<h2 class=\"wp-block-heading\" id=\"h-hondro-sol-sklad-co-zawiera\">Hondro Sol &#8211; Zlo\u017eenie &#8211; \u010co obsahuje?<\/h2>\n\n\n\n<p>Hondro Sol je sprej, ktor\u00fd obsahuje <strong>pr\u00edrodn\u00e9 zlo\u017eky<\/strong> s priazniv\u00fdmi \u00fa\u010dinkami na k\u013aby a svaly. <strong>Zlo\u017eenie<\/strong> tohto pr\u00edpravku obsahuje tri k\u013e\u00fa\u010dov\u00e9 zlo\u017eky:<\/p>\n\n\n\n<ol class=\"wp-block-list\">\n<li><strong>Glukosam\u00edn<\/strong>: Je to \u00fa\u010dinn\u00e1 l\u00e1tka, ktor\u00e1 podporuje regener\u00e1ciu chrupavky a zabra\u0148uje jej degrad\u00e1cii. M\u00e1 ochrann\u00fd \u00fa\u010dinok na k\u013aby a poskytuje \u00fa\u013eavu od bolesti.<\/li>\n\n\n\n<li><strong>Kolag\u00e9n:<\/strong> T\u00e1to zlo\u017eka je ur\u010den\u00e1 na posilnenie a obnovu spojivov\u00e9ho tkaniva. Zlep\u0161uje pru\u017enos\u0165 k\u013abov, \u010do m\u00e1 pozit\u00edvny vplyv na ich funkciu.<\/li>\n\n\n\n<li><strong>Arnikov\u00fd olej<\/strong>: Tento olej m\u00e1 protiz\u00e1palov\u00fd a analgetick\u00fd \u00fa\u010dinok. Je ur\u010den\u00fd na zmiernenie bolestiv\u00fdch pr\u00edznakov a pom\u00e1ha zmierni\u0165 z\u00e1pal k\u013abov a svalov.<\/li>\n<\/ol>\n\n\n\n<h2 class=\"wp-block-heading\">Cena a n\u00e1kup Hondro Sol<\/h2>\n\n\n\n<p>Ak uva\u017eujete o k\u00fape Hondro Sol, je d\u00f4le\u017eit\u00e9 vedie\u0165, \u017ee cena v\u00fdrobku sa m\u00f4\u017ee l\u00ed\u0161i\u0165 v z\u00e1vislosti od miesta n\u00e1kupu. Najlep\u0161ie a najbezpe\u010dnej\u0161ie miesto na n\u00e1kup Hondro Sol je v\u0161ak na ofici\u00e1lnej <b>webovej str\u00e1nke v\u00fdrobcu<\/b>.<\/p>\n\n\n\n<p>Ofici\u00e1lna <b>webov\u00e1 str\u00e1nka v\u00fdrobcu<\/b> Hondro Sol je z\u00e1rukou origin\u00e1lneho v\u00fdrobku, ktor\u00fd spln\u00ed va\u0161e o\u010dak\u00e1vania. Navy\u0161e, n\u00e1kupy na ofici\u00e1lnej str\u00e1nke s\u00fa \u010dasto spojen\u00e9 s atrakt\u00edvnymi akciami a z\u013eavami, ktor\u00e9 v\u00e1m pom\u00f4\u017eu u\u0161etri\u0165 peniaze.<\/p>\n\n\n\n<p>Je potrebn\u00e9 ma\u0165 na pam\u00e4ti, \u017ee existuje riziko n\u00e1kupu falzifik\u00e1tov, preto sa vyh\u00fdbajte n\u00e1kupu Hondro Sol z nezn\u00e1mych webov\u00fdch str\u00e1nok alebo stacion\u00e1rnych lek\u00e1rn\u00ed. Origin\u00e1lny v\u00fdrobok Hondro Sol je dostupn\u00fd len na ofici\u00e1lnej webovej str\u00e1nke v\u00fdrobcu.<\/p>\n\n\n\n<h2 class=\"wp-block-heading\">Ved\u013eaj\u0161ie \u00fa\u010dinky a kontraindik\u00e1cie lieku Hondro Sol<\/h2>\n\n\n\n<p>Hondro Sol sa vo v\u0161eobecnosti pova\u017euje za bezpe\u010dn\u00fd produkt, ale existuje mo\u017enos\u0165 ved\u013eaj\u0161\u00edch \u00fa\u010dinkov alebo kontraindik\u00e1ci\u00ed jeho pou\u017eitia. Pred za\u010dat\u00edm lie\u010dby liekom Hondro Sol sa odpor\u00fa\u010da pre\u010d\u00edta\u0165 si pr\u00edbalov\u00fd let\u00e1k a pr\u00edsne dodr\u017eiava\u0165 odpor\u00fa\u010dania v\u00fdrobcu. Taktie\u017e je d\u00f4le\u017eit\u00e9 pred \u00fapln\u00fdm pou\u017eit\u00edm pr\u00edpravok vysk\u00fa\u0161a\u0165 na malej ploche poko\u017eky. Ak sa objavia ak\u00e9ko\u013evek ne\u017eiaduce ved\u013eaj\u0161ie \u00fa\u010dinky, preru\u0161te pou\u017e\u00edvanie a pora\u010fte sa so svoj\u00edm lek\u00e1rom.<\/p>\n\n\n\n<h2 class=\"wp-block-heading\">Odpor\u00fa\u010dania lek\u00e1rov a fyzioterapeutov<\/h2>\n\n\n\n<p>V\u010faka svojmu \u00fa\u010dinku a bezpe\u010dn\u00e9mu zlo\u017eeniu je Hondro Sol uzn\u00e1van\u00fd lek\u00e1rmi a fyzioterapeutmi, ktor\u00ed ho odpor\u00fa\u010daj\u00fa svojim pacientom. <b>Klinick\u00e9 \u0161t\u00fadie<\/b> potvrdzuj\u00fa \u00fa\u010dinnos\u0165 Hondro Sol ako \u00fa\u010dinnej met\u00f3dy na zmiernenie bolesti k\u013abov a svalov. Preto odborn\u00edci odpor\u00fa\u010daj\u00fa tento pr\u00edpravok na zlep\u0161enie kvality \u017eivota \u013eud\u00ed trpiacich reumatick\u00fdmi \u0165a\u017ekos\u0165ami a \u0161portov\u00fdmi zraneniami.<\/p>\n\n\n\n<p>V\u010faka svojim vlastnostiam zmier\u0148uj\u00facim boles\u0165 a nepohodlie je Hondro Sol oce\u0148ovan\u00fd lek\u00e1rmi a fyzioterapeutmi ako \u00fa\u010dinn\u00fd prostriedok na <b>zn\u00ed\u017eenie bolesti<\/b> k\u013abov a svalov. V\u010faka svojmu bezpe\u010dn\u00e9mu zlo\u017eeniu na b\u00e1ze pr\u00edrodn\u00fdch zlo\u017eiek je dobre zn\u00e1\u0161an\u00fd organizmom. V\u010faka klinick\u00fdm \u0161t\u00fadi\u00e1m vieme, \u017ee Hondro Sol je \u00fa\u010dinn\u00e1 a bezpe\u010dn\u00e1 met\u00f3da na podporu regener\u00e1cie a zmiernenie \u0165a\u017ekost\u00ed pohybov\u00e9ho apar\u00e1tu.<\/p>\n\n\n\n<p>Odpor\u00fa\u010dania lek\u00e1rov a fyzioterapeutov s\u00fa d\u00f4kazom vysokej \u00fa\u010dinnosti a bezpe\u010dnosti pr\u00edpravku Hondro Sol. V\u010faka odpor\u00fa\u010daniam t\u00fdchto odborn\u00edkov m\u00f4\u017eu pacienti siahnu\u0165 po v\u00fdrobku, ktor\u00fd je spo\u013eahliv\u00fd a d\u00f4veryhodn\u00fd. Hondro Sol je spo\u013eahliv\u00e1 met\u00f3da na zmiernenie bolesti k\u013abov a svalov a zlep\u0161enie kvality \u017eivota.<\/p>\n","protected":false},"excerpt":{"rendered":"<p><strong>24.00 \u20ac<\/strong><\/p>\n<p><del>48.00 \u20ac<\/del><\/p>\n<p><strong>[date_countdown]<\/strong><\/p>\n","protected":false},"featured_media":7144,"comment_status":"open","ping_status":"closed","template":"","meta":{"neve_meta_sidebar":"","neve_meta_container":"","neve_meta_enable_content_width":"","neve_meta_content_width":0,"neve_meta_title_alignment":"","neve_meta_author_avatar":"","neve_post_elements_order":"","neve_meta_disable_header":"","neve_meta_disable_footer":"","neve_meta_disable_title":"","neve_meta_reading_time":""},"product_brand":[],"product_cat":[169],"product_tag":[],"class_list":{"0":"post-7175","1":"product","2":"type-product","3":"status-publish","4":"has-post-thumbnail","6":"product_cat-zdravie","8":"first","9":"instock","10":"shipping-taxable","11":"product-type-external"},"yoast_head":"<!-- This site is optimized with the Yoast SEO plugin v27.4 - https:\/\/yoast.com\/product\/yoast-seo-wordpress\/ -->\n<title>Hondro Sol - Clinica Althea<\/title>\n<meta name=\"robots\" content=\"index, follow, max-snippet:-1, max-image-preview:large, max-video-preview:-1\" \/>\n<link rel=\"canonical\" href=\"https:\/\/www.clinicaalthea.com\/farmacia\/sk\/apt\/hondro-sol\/\" \/>\n<meta property=\"og:locale\" content=\"pl_PL\" \/>\n<meta property=\"og:type\" content=\"article\" \/>\n<meta property=\"og:title\" content=\"Hondro Sol - Clinica Althea\" \/>\n<meta property=\"og:description\" content=\"24.00 \u20ac 48.00 \u20ac\" \/>\n<meta property=\"og:url\" content=\"https:\/\/www.clinicaalthea.com\/farmacia\/sk\/apt\/hondro-sol\/\" \/>\n<meta property=\"og:site_name\" content=\"Clinica Althea\" \/>\n<meta property=\"article:modified_time\" content=\"2024-07-18T09:53:06+00:00\" \/>\n<meta property=\"og:image\" content=\"https:\/\/www.clinicaalthea.com\/farmacia\/wp-content\/uploads\/2024\/07\/Hondro-Sol.jpg\" \/>\n\t<meta property=\"og:image:width\" content=\"768\" \/>\n\t<meta property=\"og:image:height\" content=\"768\" \/>\n\t<meta property=\"og:image:type\" content=\"image\/jpeg\" \/>\n<meta name=\"twitter:card\" content=\"summary_large_image\" \/>\n<meta name=\"twitter:label1\" content=\"Szacowany czas czytania\" \/>\n\t<meta name=\"twitter:data1\" content=\"5 minut\" \/>\n<script type=\"application\/ld+json\" class=\"yoast-schema-graph\">{\"@context\":\"https:\\\/\\\/schema.org\",\"@graph\":[{\"@type\":\"WebPage\",\"@id\":\"https:\\\/\\\/www.clinicaalthea.com\\\/farmacia\\\/sk\\\/apt\\\/hondro-sol\\\/\",\"url\":\"https:\\\/\\\/www.clinicaalthea.com\\\/farmacia\\\/sk\\\/apt\\\/hondro-sol\\\/\",\"name\":\"Hondro Sol - Clinica Althea\",\"isPartOf\":{\"@id\":\"https:\\\/\\\/www.clinicaalthea.com\\\/farmacia\\\/#website\"},\"primaryImageOfPage\":{\"@id\":\"https:\\\/\\\/www.clinicaalthea.com\\\/farmacia\\\/sk\\\/apt\\\/hondro-sol\\\/#primaryimage\"},\"image\":{\"@id\":\"https:\\\/\\\/www.clinicaalthea.com\\\/farmacia\\\/sk\\\/apt\\\/hondro-sol\\\/#primaryimage\"},\"thumbnailUrl\":\"https:\\\/\\\/www.clinicaalthea.com\\\/farmacia\\\/wp-content\\\/uploads\\\/2024\\\/07\\\/Hondro-Sol.jpg\",\"datePublished\":\"2024-07-18T09:53:03+00:00\",\"dateModified\":\"2024-07-18T09:53:06+00:00\",\"breadcrumb\":{\"@id\":\"https:\\\/\\\/www.clinicaalthea.com\\\/farmacia\\\/sk\\\/apt\\\/hondro-sol\\\/#breadcrumb\"},\"inLanguage\":\"pl-PL\",\"potentialAction\":[{\"@type\":\"ReadAction\",\"target\":[\"https:\\\/\\\/www.clinicaalthea.com\\\/farmacia\\\/sk\\\/apt\\\/hondro-sol\\\/\"]}]},{\"@type\":\"ImageObject\",\"inLanguage\":\"pl-PL\",\"@id\":\"https:\\\/\\\/www.clinicaalthea.com\\\/farmacia\\\/sk\\\/apt\\\/hondro-sol\\\/#primaryimage\",\"url\":\"https:\\\/\\\/www.clinicaalthea.com\\\/farmacia\\\/wp-content\\\/uploads\\\/2024\\\/07\\\/Hondro-Sol.jpg\",\"contentUrl\":\"https:\\\/\\\/www.clinicaalthea.com\\\/farmacia\\\/wp-content\\\/uploads\\\/2024\\\/07\\\/Hondro-Sol.jpg\",\"width\":768,\"height\":768,\"caption\":\"Hondro Sol\"},{\"@type\":\"BreadcrumbList\",\"@id\":\"https:\\\/\\\/www.clinicaalthea.com\\\/farmacia\\\/sk\\\/apt\\\/hondro-sol\\\/#breadcrumb\",\"itemListElement\":[{\"@type\":\"ListItem\",\"position\":1,\"name\":\"Strona g\u0142\u00f3wna\",\"item\":\"https:\\\/\\\/www.clinicaalthea.com\\\/farmacia\\\/\"},{\"@type\":\"ListItem\",\"position\":2,\"name\":\"Produkty\",\"item\":\"https:\\\/\\\/www.clinicaalthea.com\\\/farmacia\\\/\"},{\"@type\":\"ListItem\",\"position\":3,\"name\":\"Hondro Sol\"}]},{\"@type\":\"WebSite\",\"@id\":\"https:\\\/\\\/www.clinicaalthea.com\\\/farmacia\\\/#website\",\"url\":\"https:\\\/\\\/www.clinicaalthea.com\\\/farmacia\\\/\",\"name\":\"Clinica Althea\",\"description\":\"\",\"publisher\":{\"@id\":\"https:\\\/\\\/www.clinicaalthea.com\\\/farmacia\\\/#organization\"},\"potentialAction\":[{\"@type\":\"SearchAction\",\"target\":{\"@type\":\"EntryPoint\",\"urlTemplate\":\"https:\\\/\\\/www.clinicaalthea.com\\\/farmacia\\\/?s={search_term_string}\"},\"query-input\":{\"@type\":\"PropertyValueSpecification\",\"valueRequired\":true,\"valueName\":\"search_term_string\"}}],\"inLanguage\":\"pl-PL\"},{\"@type\":\"Organization\",\"@id\":\"https:\\\/\\\/www.clinicaalthea.com\\\/farmacia\\\/#organization\",\"name\":\"Clinica Althea\",\"url\":\"https:\\\/\\\/www.clinicaalthea.com\\\/farmacia\\\/\",\"logo\":{\"@type\":\"ImageObject\",\"inLanguage\":\"pl-PL\",\"@id\":\"https:\\\/\\\/www.clinicaalthea.com\\\/farmacia\\\/#\\\/schema\\\/logo\\\/image\\\/\",\"url\":\"https:\\\/\\\/www.clinicaalthea.com\\\/farmacia\\\/wp-content\\\/uploads\\\/2023\\\/12\\\/Jak-diagnozuje-sie-FAS_-objawy-kryteria-diagnostyczne-i-metody-diagnozowania-154162903.jpg\",\"contentUrl\":\"https:\\\/\\\/www.clinicaalthea.com\\\/farmacia\\\/wp-content\\\/uploads\\\/2023\\\/12\\\/Jak-diagnozuje-sie-FAS_-objawy-kryteria-diagnostyczne-i-metody-diagnozowania-154162903.jpg\",\"width\":1216,\"height\":832,\"caption\":\"Clinica Althea\"},\"image\":{\"@id\":\"https:\\\/\\\/www.clinicaalthea.com\\\/farmacia\\\/#\\\/schema\\\/logo\\\/image\\\/\"}}]}<\/script>\n<!-- \/ Yoast SEO plugin. -->","yoast_head_json":{"title":"Hondro Sol - Clinica Althea","robots":{"index":"index","follow":"follow","max-snippet":"max-snippet:-1","max-image-preview":"max-image-preview:large","max-video-preview":"max-video-preview:-1"},"canonical":"https:\/\/www.clinicaalthea.com\/farmacia\/sk\/apt\/hondro-sol\/","og_locale":"pl_PL","og_type":"article","og_title":"Hondro Sol - Clinica Althea","og_description":"24.00 \u20ac 48.00 \u20ac","og_url":"https:\/\/www.clinicaalthea.com\/farmacia\/sk\/apt\/hondro-sol\/","og_site_name":"Clinica Althea","article_modified_time":"2024-07-18T09:53:06+00:00","og_image":[{"width":768,"height":768,"url":"https:\/\/www.clinicaalthea.com\/farmacia\/wp-content\/uploads\/2024\/07\/Hondro-Sol.jpg","type":"image\/jpeg"}],"twitter_card":"summary_large_image","twitter_misc":{"Szacowany czas czytania":"5 minut"},"schema":{"@context":"https:\/\/schema.org","@graph":[{"@type":"WebPage","@id":"https:\/\/www.clinicaalthea.com\/farmacia\/sk\/apt\/hondro-sol\/","url":"https:\/\/www.clinicaalthea.com\/farmacia\/sk\/apt\/hondro-sol\/","name":"Hondro Sol - Clinica Althea","isPartOf":{"@id":"https:\/\/www.clinicaalthea.com\/farmacia\/#website"},"primaryImageOfPage":{"@id":"https:\/\/www.clinicaalthea.com\/farmacia\/sk\/apt\/hondro-sol\/#primaryimage"},"image":{"@id":"https:\/\/www.clinicaalthea.com\/farmacia\/sk\/apt\/hondro-sol\/#primaryimage"},"thumbnailUrl":"https:\/\/www.clinicaalthea.com\/farmacia\/wp-content\/uploads\/2024\/07\/Hondro-Sol.jpg","datePublished":"2024-07-18T09:53:03+00:00","dateModified":"2024-07-18T09:53:06+00:00","breadcrumb":{"@id":"https:\/\/www.clinicaalthea.com\/farmacia\/sk\/apt\/hondro-sol\/#breadcrumb"},"inLanguage":"pl-PL","potentialAction":[{"@type":"ReadAction","target":["https:\/\/www.clinicaalthea.com\/farmacia\/sk\/apt\/hondro-sol\/"]}]},{"@type":"ImageObject","inLanguage":"pl-PL","@id":"https:\/\/www.clinicaalthea.com\/farmacia\/sk\/apt\/hondro-sol\/#primaryimage","url":"https:\/\/www.clinicaalthea.com\/farmacia\/wp-content\/uploads\/2024\/07\/Hondro-Sol.jpg","contentUrl":"https:\/\/www.clinicaalthea.com\/farmacia\/wp-content\/uploads\/2024\/07\/Hondro-Sol.jpg","width":768,"height":768,"caption":"Hondro Sol"},{"@type":"BreadcrumbList","@id":"https:\/\/www.clinicaalthea.com\/farmacia\/sk\/apt\/hondro-sol\/#breadcrumb","itemListElement":[{"@type":"ListItem","position":1,"name":"Strona g\u0142\u00f3wna","item":"https:\/\/www.clinicaalthea.com\/farmacia\/"},{"@type":"ListItem","position":2,"name":"Produkty","item":"https:\/\/www.clinicaalthea.com\/farmacia\/"},{"@type":"ListItem","position":3,"name":"Hondro Sol"}]},{"@type":"WebSite","@id":"https:\/\/www.clinicaalthea.com\/farmacia\/#website","url":"https:\/\/www.clinicaalthea.com\/farmacia\/","name":"Clinica Althea","description":"","publisher":{"@id":"https:\/\/www.clinicaalthea.com\/farmacia\/#organization"},"potentialAction":[{"@type":"SearchAction","target":{"@type":"EntryPoint","urlTemplate":"https:\/\/www.clinicaalthea.com\/farmacia\/?s={search_term_string}"},"query-input":{"@type":"PropertyValueSpecification","valueRequired":true,"valueName":"search_term_string"}}],"inLanguage":"pl-PL"},{"@type":"Organization","@id":"https:\/\/www.clinicaalthea.com\/farmacia\/#organization","name":"Clinica Althea","url":"https:\/\/www.clinicaalthea.com\/farmacia\/","logo":{"@type":"ImageObject","inLanguage":"pl-PL","@id":"https:\/\/www.clinicaalthea.com\/farmacia\/#\/schema\/logo\/image\/","url":"https:\/\/www.clinicaalthea.com\/farmacia\/wp-content\/uploads\/2023\/12\/Jak-diagnozuje-sie-FAS_-objawy-kryteria-diagnostyczne-i-metody-diagnozowania-154162903.jpg","contentUrl":"https:\/\/www.clinicaalthea.com\/farmacia\/wp-content\/uploads\/2023\/12\/Jak-diagnozuje-sie-FAS_-objawy-kryteria-diagnostyczne-i-metody-diagnozowania-154162903.jpg","width":1216,"height":832,"caption":"Clinica Althea"},"image":{"@id":"https:\/\/www.clinicaalthea.com\/farmacia\/#\/schema\/logo\/image\/"}}]}},"lang":"sk","translations":{"sk":7175,"pl":7139,"de":7148,"es":7152,"el":7156,"it":7160,"bg":7164,"cs":7168,"hu":7170,"ro":7173},"pll_sync_post":[],"_links":{"self":[{"href":"https:\/\/www.clinicaalthea.com\/farmacia\/wp-json\/wp\/v2\/product\/7175","targetHints":{"allow":["GET"]}}],"collection":[{"href":"https:\/\/www.clinicaalthea.com\/farmacia\/wp-json\/wp\/v2\/product"}],"about":[{"href":"https:\/\/www.clinicaalthea.com\/farmacia\/wp-json\/wp\/v2\/types\/product"}],"replies":[{"embeddable":true,"href":"https:\/\/www.clinicaalthea.com\/farmacia\/wp-json\/wp\/v2\/comments?post=7175"}],"wp:featuredmedia":[{"embeddable":true,"href":"https:\/\/www.clinicaalthea.com\/farmacia\/wp-json\/wp\/v2\/media\/7144"}],"wp:attachment":[{"href":"https:\/\/www.clinicaalthea.com\/farmacia\/wp-json\/wp\/v2\/media?parent=7175"}],"wp:term":[{"taxonomy":"product_brand","embeddable":true,"href":"https:\/\/www.clinicaalthea.com\/farmacia\/wp-json\/wp\/v2\/product_brand?post=7175"},{"taxonomy":"product_cat","embeddable":true,"href":"https:\/\/www.clinicaalthea.com\/farmacia\/wp-json\/wp\/v2\/product_cat?post=7175"},{"taxonomy":"product_tag","embeddable":true,"href":"https:\/\/www.clinicaalthea.com\/farmacia\/wp-json\/wp\/v2\/product_tag?post=7175"}],"curies":[{"name":"wp","href":"https:\/\/api.w.org\/{rel}","templated":true}]}}