{"id":7170,"date":"2024-07-18T10:51:39","date_gmt":"2024-07-18T09:51:39","guid":{"rendered":"https:\/\/mayoguide.org\/produkty\/?post_type=product&#038;p=7170"},"modified":"2024-07-18T10:53:06","modified_gmt":"2024-07-18T09:53:06","slug":"hondro-sol","status":"publish","type":"product","link":"https:\/\/www.clinicaalthea.com\/farmacia\/hu\/apt\/hondro-sol\/","title":{"rendered":"Hondro Sol"},"content":{"rendered":"\n<h2 class=\"wp-block-heading\" id=\"h-co-to-jest-hondro-sol-i-jak-dziala\">Milyen t\u00edpus\u00fa gy\u00f3gyszer a Hondro Sol \u00e9s hogyan fejti ki hat\u00e1s\u00e1t?<\/h2>\n\n\n\n<p>A Hondro Sol egy nyugtat\u00f3 hat\u00e1s\u00fa, <strong>term\u00e9szetes \u00f6sszetev\u0151ket<\/strong> tartalmaz\u00f3 k\u00e9sz\u00edtm\u00e9ny. F\u0151 hat\u00f3anyaga a <em>gl\u00fckozamin<\/em>, amely t\u00e1mogatja az \u00edz\u00fcletek \u00e9s izmok regener\u00e1l\u00f3d\u00e1s\u00e1t \u00e9s v\u00e9delm\u00e9t. Ezenk\u00edv\u00fcl a Hondro Sol <em>kollag\u00e9nt<\/em> tartalmaz, amely jav\u00edtja a sz\u00f6vetek rugalmass\u00e1g\u00e1t \u00e9s szil\u00e1rds\u00e1g\u00e1t, valamint <em>\u00e1rnikaolajat<\/em>, amely gyullad\u00e1scs\u00f6kkent\u0151 tulajdons\u00e1gokkal rendelkezik. Ennek eredm\u00e9nyek\u00e9ppen a Hondro Sol spray helyileg hat a f\u00e1jdalom \u00e1ltal \u00e9rintett ter\u00fcletekre, enyh\u00fcl\u00e9st hoz \u00e9s cs\u00f6kkenti a kellemetlens\u00e9geket.<\/p>\n\n\n\n<h2 class=\"wp-block-heading\">A Hondro Sol hat\u00e1sai<\/h2>\n\n\n\n<p>A <b>Hondro Sol haszn\u00e1lat\u00e1nak<\/b> sz\u00e1mos j\u00f3t\u00e9kony hat\u00e1sa van, amelyek jelent\u0151sen jav\u00edtj\u00e1k az \u00e9letkomfortot. A k\u00e9sz\u00edtm\u00e9ny tulajdons\u00e1gai seg\u00edtenek cs\u00f6kkenteni az \u00edz\u00fcleti \u00e9s izomf\u00e1jdalmakat, azonnali enyh\u00fcl\u00e9st hozva.<\/p>\n\n\n\n<p>A Hondro Sol seg\u00edts\u00e9g\u00e9vel az \u00edz\u00fcletek rugalmass\u00e1ga is jav\u00edthat\u00f3, ami pozit\u00edv hat\u00e1ssal van a mozg\u00e1startom\u00e1nyra \u00e9s az \u00e1ltal\u00e1nos fitts\u00e9gre. Az \u00edz\u00fcletek regener\u00e1l\u00f3d\u00e1s\u00e1t el\u0151seg\u00edti, \u00edgy elker\u00fclhet\u0151 a merevs\u00e9g \u00e9s a mindennapi tev\u00e9kenys\u00e9gek korl\u00e1toz\u00e1sa.<\/p>\n\n\n\n<p>A <b>Hondro Sol<\/b> tov\u00e1bbi <b>hat\u00e1sai<\/b> az izmok er\u0151s\u00edt\u00e9se \u00e9s \u00fajj\u00e1\u00e9p\u00edt\u00e9se. Ennek a k\u00e9sz\u00edtm\u00e9nynek k\u00f6sz\u00f6nhet\u0151en az izmok nagyobb \u00e1ll\u00f3k\u00e9pess\u00e9get nyernek, ami jobb k\u00e9pess\u00e9get jelent a fizikailag megterhel\u0151 tev\u00e9kenys\u00e9gek elv\u00e9gz\u00e9s\u00e9re. Ezenk\u00edv\u00fcl cs\u00f6kken a mozg\u00e1s k\u00f6zbeni ellen\u00e1ll\u00e1s, ami megk\u00f6nny\u00edti a mindennapi tev\u00e9kenys\u00e9geket.<\/p>\n\n\n\n<p>A Hondro Sol egyik fontos hat\u00e1sa a s\u00e9r\u00fcl\u00e9st vagy traum\u00e1t k\u00f6vet\u0151 <b>fel\u00e9p\u00fcl\u00e9si id\u0151 cs\u00f6kkent\u00e9se<\/b>. A szervezet regener\u00e1ci\u00f3s folyamatainak t\u00e1mogat\u00e1s\u00e1val a spray felgyors\u00edtja a gy\u00f3gyul\u00e1st \u00e9s lehet\u0151v\u00e9 teszi a fizikai aktivit\u00e1shoz val\u00f3 gyorsabb visszat\u00e9r\u00e9st.<\/p>\n\n\n\n<h2 class=\"wp-block-heading\">A Hondro Sol haszn\u00e1lata \u00e9s adagol\u00e1sa<\/h2>\n\n\n\n<p>A Hondro Sol spray form\u00e1j\u00e1ban kaphat\u00f3, \u00edgy k\u00f6nnyen alkalmazhat\u00f3 az \u00e9rintett ter\u00fcleteken. Az aj\u00e1nlott adagol\u00e1s napi 2-3 alkalmaz\u00e1s, tiszta \u00e9s sz\u00e1raz b\u0151rre kell felvinni, \u00e9s addig massz\u00edrozni, am\u00edg teljesen fel nem sz\u00edv\u00f3dik. A <b>kezel\u00e9s<\/b> id\u0151tartama az egy\u00e9ni ig\u00e9nyekt\u0151l \u00e9s a f\u00e1jdalom intenzit\u00e1s\u00e1t\u00f3l f\u00fcgg. Alkalmaz\u00e1s el\u0151tt c\u00e9lszer\u0171 elolvasni a betegt\u00e1j\u00e9koztat\u00f3t vagy konzult\u00e1lni kezel\u0151orvos\u00e1val.<\/p>\n\n\n\n<h2 class=\"wp-block-heading\">Felhaszn\u00e1l\u00f3i \u00e9rt\u00e9kel\u00e9sek Hondro Sol-r\u00f3l<\/h2>\n\n\n\n<p>A <b>Hondro Solr\u00f3l sz\u00f3l\u00f3 v\u00e9lem\u00e9nyek<\/b> \u00e1ltal\u00e1ban nagyon pozit\u00edvak. Sok felhaszn\u00e1l\u00f3 dics\u00e9ri a term\u00e9k hat\u00e9konys\u00e1g\u00e1t, \u00e9s megjegyzi a f\u00e1jdalom jelent\u0151s cs\u00f6kken\u00e9s\u00e9t \u00e9s az \u00e9letmin\u0151s\u00e9g javul\u00e1s\u00e1t. <b>A pozit\u00edv v\u00e9lem\u00e9nyek<\/b> f\u0151k\u00e9nt az \u00edz\u00fcleti \u00e9s izomf\u00e1jdalom enyh\u00edt\u00e9s\u00e9re vonatkoz\u00f3 el\u0151ny\u00f6kre vonatkoznak.<\/p>\n\n\n\n<p>Az online f\u00f3rumokon a felhaszn\u00e1l\u00f3k gyakran hangs\u00falyozz\u00e1k a Hondro Sol spray k\u00f6nny\u0171 alkalmazhat\u00f3s\u00e1g\u00e1t \u00e9s a <b>k\u00e9nyelmes csomagol\u00e1st<\/b>. Ez rendk\u00edv\u00fcl egyszer\u0171v\u00e9 \u00e9s k\u00e9zre\u00e1ll\u00f3v\u00e1 teszi a term\u00e9k alkalmaz\u00e1s\u00e1t az \u00e9rintett ter\u00fcleteken.<\/p>\n\n\n\n<p>\u00c9rdemes azonban szem el\u0151tt tartani, hogy a v\u00e9lem\u00e9nyek elt\u00e9r\u0151ek lehetnek, mivel minden szervezet egy\u00e9nileg reag\u00e1l egy adott ter\u00e1pi\u00e1ra. Ami az egyik embern\u00e9l bev\u00e1lik, nem felt\u00e9tlen\u00fcl m\u0171k\u00f6dik a m\u00e1sikn\u00e1l.<\/p>\n\n\n\n<h2 class=\"wp-block-heading\" id=\"h-hondro-sol-sklad-co-zawiera\">Hondro Sol &#8211; \u00d6sszet\u00e9tel &#8211; Mit tartalmaz?<\/h2>\n\n\n\n<p>A Hondro Sol egy olyan spray, amely <strong>term\u00e9szetes \u00f6sszetev\u0151ket<\/strong> tartalmaz, amelyek j\u00f3t\u00e9kony hat\u00e1ssal vannak az \u00edz\u00fcletekre \u00e9s az izmokra. A k\u00e9sz\u00edtm\u00e9ny <strong>\u00f6sszet\u00e9tele<\/strong> h\u00e1rom kulcsfontoss\u00e1g\u00fa \u00f6sszetev\u0151t tartalmaz:<\/p>\n\n\n\n<ol class=\"wp-block-list\">\n<li><strong>Gl\u00fckozamin:<\/strong> Ez a hat\u00f3anyag felel\u0151s a porc regener\u00e1l\u00f3d\u00e1s\u00e1nak el\u0151seg\u00edt\u00e9s\u00e9\u00e9rt \u00e9s a porc leboml\u00e1s\u00e1nak megakad\u00e1lyoz\u00e1s\u00e1\u00e9rt. V\u00e9d\u0151 hat\u00e1ssal van az \u00edz\u00fcletekre, f\u00e1jdalomcsillap\u00edt\u00e1st biztos\u00edt.<\/li>\n\n\n\n<li><strong>Kollag\u00e9n:<\/strong> Ez az \u00f6sszetev\u0151 a k\u00f6t\u0151sz\u00f6vetek er\u0151s\u00edt\u00e9s\u00e9re \u00e9s \u00fajj\u00e1\u00e9p\u00edt\u00e9s\u00e9re szolg\u00e1l. Jav\u00edtja az \u00edz\u00fcletek rugalmass\u00e1g\u00e1t, ami pozit\u00edv hat\u00e1ssal van az \u00edz\u00fcletek m\u0171k\u00f6d\u00e9s\u00e9re.<\/li>\n\n\n\n<li><strong>\u00c1rnikaolaj:<\/strong> Ez az olaj gyullad\u00e1scs\u00f6kkent\u0151 \u00e9s f\u00e1jdalomcsillap\u00edt\u00f3 hat\u00e1s\u00fa. A f\u00e1jdalmas t\u00fcnetek enyh\u00edt\u00e9s\u00e9re \u00e9s az \u00edz\u00fcletek \u00e9s izmok gyullad\u00e1s\u00e1nak cs\u00f6kkent\u00e9s\u00e9re szolg\u00e1l.<\/li>\n<\/ol>\n\n\n\n<h2 class=\"wp-block-heading\">A Hondro Sol \u00e1ra \u00e9s megv\u00e1s\u00e1rl\u00e1sa<\/h2>\n\n\n\n<p>Ha a Hondro Sol megv\u00e1s\u00e1rl\u00e1s\u00e1t fontolgatja, fontos tudni, hogy a term\u00e9k \u00e1ra att\u00f3l f\u00fcgg\u0151en v\u00e1ltozhat, hogy hol v\u00e1s\u00e1rolja meg. A Hondro Sol megv\u00e1s\u00e1rl\u00e1s\u00e1nak legjobb \u00e9s legbiztons\u00e1gosabb helye azonban a <b>gy\u00e1rt\u00f3 hivatalos honlapj\u00e1n<\/b> tal\u00e1lhat\u00f3.<\/p>\n\n\n\n<p>A Hondro Sol <b>gy\u00e1rt\u00f3 hivatalos honlapja<\/b> garant\u00e1lja, hogy az eredeti term\u00e9k megfelel az \u00d6n elv\u00e1r\u00e1sainak. Mi t\u00f6bb, a hivatalos oldalon t\u00f6rt\u00e9n\u0151 v\u00e1s\u00e1rl\u00e1s gyakran vonz\u00f3 prom\u00f3ci\u00f3kkal \u00e9s kedvezm\u00e9nyekkel j\u00e1r, hogy \u00d6n p\u00e9nzt takar\u00edthasson meg.<\/p>\n\n\n\n<p>\u00c9rdemes megjegyezni, hogy fenn\u00e1ll a hamis\u00edtv\u00e1nyok v\u00e1s\u00e1rl\u00e1si kock\u00e1zata, ez\u00e9rt ker\u00fclje a Hondro Sol ismeretlen weboldalakr\u00f3l vagy helyhez k\u00f6t\u00f6tt gy\u00f3gyszert\u00e1rakb\u00f3l t\u00f6rt\u00e9n\u0151 v\u00e1s\u00e1rl\u00e1s\u00e1t. A val\u00f3di Hondro Sol term\u00e9k csak a gy\u00e1rt\u00f3 hivatalos honlapj\u00e1n kaphat\u00f3.<\/p>\n\n\n\n<h2 class=\"wp-block-heading\">A Hondro Sol mell\u00e9khat\u00e1sai \u00e9s ellenjavallatai<\/h2>\n\n\n\n<p>A Hondro Sol \u00e1ltal\u00e1ban biztons\u00e1gos term\u00e9knek tekinthet\u0151, de el\u0151fordulhatnak mell\u00e9khat\u00e1sok vagy ellenjavallatok. A Hondro Sol kezel\u00e9s megkezd\u00e9se el\u0151tt aj\u00e1nlott elolvasni a betegt\u00e1j\u00e9koztat\u00f3t \u00e9s szigor\u00faan k\u00f6vetni a gy\u00e1rt\u00f3 aj\u00e1nl\u00e1sait. Fontos tov\u00e1bb\u00e1, hogy a teljes haszn\u00e1lat el\u0151tt egy kis b\u0151rfel\u00fcleten tesztelje a term\u00e9ket. Ha b\u00e1rmilyen nem k\u00edv\u00e1nt mell\u00e9khat\u00e1s jelentkezik, hagyja abba a haszn\u00e1lat\u00e1t \u00e9s forduljon orvos\u00e1hoz.<\/p>\n\n\n\n<h2 class=\"wp-block-heading\">Orvosok \u00e9s fizioterapeut\u00e1k aj\u00e1nl\u00e1sai<\/h2>\n\n\n\n<p>Hat\u00e1s\u00e1nak \u00e9s biztons\u00e1gos \u00f6sszet\u00e9tel\u00e9nek k\u00f6sz\u00f6nhet\u0151en a Hondro Sol-t az orvosok \u00e9s a fizioterapeut\u00e1k elismerik, \u00e9s aj\u00e1nlj\u00e1k betegeiknek. <b>Klinikai vizsg\u00e1latok<\/b> igazolj\u00e1k a Hondro Sol hat\u00e9konys\u00e1g\u00e1t, mint az \u00edz\u00fcleti \u00e9s izomf\u00e1jdalmak enyh\u00edt\u00e9s\u00e9nek hat\u00e9kony m\u00f3dszer\u00e9t. Ez\u00e9rt a szakemberek ezt a k\u00e9sz\u00edtm\u00e9nyt a reumatikus panaszokt\u00f3l \u00e9s sports\u00e9r\u00fcl\u00e9sekt\u0151l szenved\u0151k \u00e9letmin\u0151s\u00e9g\u00e9nek jav\u00edt\u00e1s\u00e1ra aj\u00e1nlj\u00e1k.<\/p>\n\n\n\n<p>F\u00e1jdalomcsillap\u00edt\u00f3 \u00e9s diszkomfort-cs\u00f6kkent\u0151 tulajdons\u00e1gainak k\u00f6sz\u00f6nhet\u0151en a Hondro Sol-t az orvosok \u00e9s a fizioterapeut\u00e1k az \u00edz\u00fcleti \u00e9s <b>izomf\u00e1jdalmak cs\u00f6kkent\u00e9s\u00e9nek<\/b> hat\u00e9kony gy\u00f3gym\u00f3djak\u00e9nt \u00e9rt\u00e9kelik. Term\u00e9szetes \u00f6sszetev\u0151k\u00f6n alapul\u00f3, biztons\u00e1gos \u00f6sszet\u00e9tel\u00e9nek k\u00f6sz\u00f6nhet\u0151en a szervezet j\u00f3l toler\u00e1lja. A klinikai vizsg\u00e1latoknak k\u00f6sz\u00f6nhet\u0151en tudjuk, hogy a Hondro Sol hat\u00e9kony \u00e9s biztons\u00e1gos m\u00f3dszer a regener\u00e1ci\u00f3 t\u00e1mogat\u00e1s\u00e1ra \u00e9s a mozg\u00e1sszervi panaszok enyh\u00edt\u00e9s\u00e9re.<\/p>\n\n\n\n<p>Az orvosok \u00e9s fizioterapeut\u00e1k aj\u00e1nl\u00e1sai bizony\u00edtj\u00e1k a Hondro Sol magas hat\u00e9konys\u00e1g\u00e1t \u00e9s biztons\u00e1goss\u00e1g\u00e1t. E szakemberek aj\u00e1nl\u00e1sainak k\u00f6sz\u00f6nhet\u0151en a betegek megb\u00edzhat\u00f3 \u00e9s megb\u00edzhat\u00f3 term\u00e9khez juthatnak. A Hondro Sol megb\u00edzhat\u00f3 m\u00f3dszer az \u00edz\u00fcleti \u00e9s izomf\u00e1jdalmak enyh\u00edt\u00e9s\u00e9re \u00e9s az \u00e9letmin\u0151s\u00e9g jav\u00edt\u00e1s\u00e1ra.<\/p>\n","protected":false},"excerpt":{"rendered":"<p><strong>11400.00 Ft<\/strong><\/p>\n<p><del>22800.00 Ft<\/del><\/p>\n<p><strong>[date_countdown]<\/strong><\/p>\n","protected":false},"featured_media":7144,"comment_status":"open","ping_status":"closed","template":"","meta":{"neve_meta_sidebar":"","neve_meta_container":"","neve_meta_enable_content_width":"","neve_meta_content_width":0,"neve_meta_title_alignment":"","neve_meta_author_avatar":"","neve_post_elements_order":"","neve_meta_disable_header":"","neve_meta_disable_footer":"","neve_meta_disable_title":"","neve_meta_reading_time":""},"product_brand":[],"product_cat":[105],"product_tag":[],"class_list":{"0":"post-7170","1":"product","2":"type-product","3":"status-publish","4":"has-post-thumbnail","6":"product_cat-egeszseg","8":"first","9":"instock","10":"shipping-taxable","11":"product-type-external"},"yoast_head":"<!-- This site is optimized with the Yoast SEO plugin v27.4 - https:\/\/yoast.com\/product\/yoast-seo-wordpress\/ -->\n<title>Hondro Sol - Clinica Althea<\/title>\n<meta name=\"robots\" content=\"index, follow, max-snippet:-1, max-image-preview:large, max-video-preview:-1\" \/>\n<link rel=\"canonical\" href=\"https:\/\/www.clinicaalthea.com\/farmacia\/hu\/apt\/hondro-sol\/\" \/>\n<meta property=\"og:locale\" content=\"pl_PL\" \/>\n<meta property=\"og:type\" content=\"article\" \/>\n<meta property=\"og:title\" content=\"Hondro Sol - Clinica Althea\" \/>\n<meta property=\"og:description\" content=\"11400.00 Ft 22800.00 Ft\" \/>\n<meta property=\"og:url\" content=\"https:\/\/www.clinicaalthea.com\/farmacia\/hu\/apt\/hondro-sol\/\" \/>\n<meta property=\"og:site_name\" content=\"Clinica Althea\" \/>\n<meta property=\"article:modified_time\" content=\"2024-07-18T09:53:06+00:00\" \/>\n<meta property=\"og:image\" content=\"https:\/\/www.clinicaalthea.com\/farmacia\/wp-content\/uploads\/2024\/07\/Hondro-Sol.jpg\" \/>\n\t<meta property=\"og:image:width\" content=\"768\" \/>\n\t<meta property=\"og:image:height\" content=\"768\" \/>\n\t<meta property=\"og:image:type\" content=\"image\/jpeg\" \/>\n<meta name=\"twitter:card\" content=\"summary_large_image\" \/>\n<meta name=\"twitter:label1\" content=\"Szacowany czas czytania\" \/>\n\t<meta name=\"twitter:data1\" content=\"5 minut\" \/>\n<script type=\"application\/ld+json\" class=\"yoast-schema-graph\">{\"@context\":\"https:\\\/\\\/schema.org\",\"@graph\":[{\"@type\":\"WebPage\",\"@id\":\"https:\\\/\\\/www.clinicaalthea.com\\\/farmacia\\\/hu\\\/apt\\\/hondro-sol\\\/\",\"url\":\"https:\\\/\\\/www.clinicaalthea.com\\\/farmacia\\\/hu\\\/apt\\\/hondro-sol\\\/\",\"name\":\"Hondro Sol - Clinica Althea\",\"isPartOf\":{\"@id\":\"https:\\\/\\\/www.clinicaalthea.com\\\/farmacia\\\/#website\"},\"primaryImageOfPage\":{\"@id\":\"https:\\\/\\\/www.clinicaalthea.com\\\/farmacia\\\/hu\\\/apt\\\/hondro-sol\\\/#primaryimage\"},\"image\":{\"@id\":\"https:\\\/\\\/www.clinicaalthea.com\\\/farmacia\\\/hu\\\/apt\\\/hondro-sol\\\/#primaryimage\"},\"thumbnailUrl\":\"https:\\\/\\\/www.clinicaalthea.com\\\/farmacia\\\/wp-content\\\/uploads\\\/2024\\\/07\\\/Hondro-Sol.jpg\",\"datePublished\":\"2024-07-18T09:51:39+00:00\",\"dateModified\":\"2024-07-18T09:53:06+00:00\",\"breadcrumb\":{\"@id\":\"https:\\\/\\\/www.clinicaalthea.com\\\/farmacia\\\/hu\\\/apt\\\/hondro-sol\\\/#breadcrumb\"},\"inLanguage\":\"pl-PL\",\"potentialAction\":[{\"@type\":\"ReadAction\",\"target\":[\"https:\\\/\\\/www.clinicaalthea.com\\\/farmacia\\\/hu\\\/apt\\\/hondro-sol\\\/\"]}]},{\"@type\":\"ImageObject\",\"inLanguage\":\"pl-PL\",\"@id\":\"https:\\\/\\\/www.clinicaalthea.com\\\/farmacia\\\/hu\\\/apt\\\/hondro-sol\\\/#primaryimage\",\"url\":\"https:\\\/\\\/www.clinicaalthea.com\\\/farmacia\\\/wp-content\\\/uploads\\\/2024\\\/07\\\/Hondro-Sol.jpg\",\"contentUrl\":\"https:\\\/\\\/www.clinicaalthea.com\\\/farmacia\\\/wp-content\\\/uploads\\\/2024\\\/07\\\/Hondro-Sol.jpg\",\"width\":768,\"height\":768,\"caption\":\"Hondro Sol\"},{\"@type\":\"BreadcrumbList\",\"@id\":\"https:\\\/\\\/www.clinicaalthea.com\\\/farmacia\\\/hu\\\/apt\\\/hondro-sol\\\/#breadcrumb\",\"itemListElement\":[{\"@type\":\"ListItem\",\"position\":1,\"name\":\"Strona g\u0142\u00f3wna\",\"item\":\"https:\\\/\\\/www.clinicaalthea.com\\\/farmacia\\\/\"},{\"@type\":\"ListItem\",\"position\":2,\"name\":\"Produkty\",\"item\":\"https:\\\/\\\/www.clinicaalthea.com\\\/farmacia\\\/\"},{\"@type\":\"ListItem\",\"position\":3,\"name\":\"Hondro Sol\"}]},{\"@type\":\"WebSite\",\"@id\":\"https:\\\/\\\/www.clinicaalthea.com\\\/farmacia\\\/#website\",\"url\":\"https:\\\/\\\/www.clinicaalthea.com\\\/farmacia\\\/\",\"name\":\"Clinica Althea\",\"description\":\"\",\"publisher\":{\"@id\":\"https:\\\/\\\/www.clinicaalthea.com\\\/farmacia\\\/#organization\"},\"potentialAction\":[{\"@type\":\"SearchAction\",\"target\":{\"@type\":\"EntryPoint\",\"urlTemplate\":\"https:\\\/\\\/www.clinicaalthea.com\\\/farmacia\\\/?s={search_term_string}\"},\"query-input\":{\"@type\":\"PropertyValueSpecification\",\"valueRequired\":true,\"valueName\":\"search_term_string\"}}],\"inLanguage\":\"pl-PL\"},{\"@type\":\"Organization\",\"@id\":\"https:\\\/\\\/www.clinicaalthea.com\\\/farmacia\\\/#organization\",\"name\":\"Clinica Althea\",\"url\":\"https:\\\/\\\/www.clinicaalthea.com\\\/farmacia\\\/\",\"logo\":{\"@type\":\"ImageObject\",\"inLanguage\":\"pl-PL\",\"@id\":\"https:\\\/\\\/www.clinicaalthea.com\\\/farmacia\\\/#\\\/schema\\\/logo\\\/image\\\/\",\"url\":\"https:\\\/\\\/www.clinicaalthea.com\\\/farmacia\\\/wp-content\\\/uploads\\\/2023\\\/12\\\/Jak-diagnozuje-sie-FAS_-objawy-kryteria-diagnostyczne-i-metody-diagnozowania-154162903.jpg\",\"contentUrl\":\"https:\\\/\\\/www.clinicaalthea.com\\\/farmacia\\\/wp-content\\\/uploads\\\/2023\\\/12\\\/Jak-diagnozuje-sie-FAS_-objawy-kryteria-diagnostyczne-i-metody-diagnozowania-154162903.jpg\",\"width\":1216,\"height\":832,\"caption\":\"Clinica Althea\"},\"image\":{\"@id\":\"https:\\\/\\\/www.clinicaalthea.com\\\/farmacia\\\/#\\\/schema\\\/logo\\\/image\\\/\"}}]}<\/script>\n<!-- \/ Yoast SEO plugin. -->","yoast_head_json":{"title":"Hondro Sol - Clinica Althea","robots":{"index":"index","follow":"follow","max-snippet":"max-snippet:-1","max-image-preview":"max-image-preview:large","max-video-preview":"max-video-preview:-1"},"canonical":"https:\/\/www.clinicaalthea.com\/farmacia\/hu\/apt\/hondro-sol\/","og_locale":"pl_PL","og_type":"article","og_title":"Hondro Sol - Clinica Althea","og_description":"11400.00 Ft 22800.00 Ft","og_url":"https:\/\/www.clinicaalthea.com\/farmacia\/hu\/apt\/hondro-sol\/","og_site_name":"Clinica Althea","article_modified_time":"2024-07-18T09:53:06+00:00","og_image":[{"width":768,"height":768,"url":"https:\/\/www.clinicaalthea.com\/farmacia\/wp-content\/uploads\/2024\/07\/Hondro-Sol.jpg","type":"image\/jpeg"}],"twitter_card":"summary_large_image","twitter_misc":{"Szacowany czas czytania":"5 minut"},"schema":{"@context":"https:\/\/schema.org","@graph":[{"@type":"WebPage","@id":"https:\/\/www.clinicaalthea.com\/farmacia\/hu\/apt\/hondro-sol\/","url":"https:\/\/www.clinicaalthea.com\/farmacia\/hu\/apt\/hondro-sol\/","name":"Hondro Sol - Clinica Althea","isPartOf":{"@id":"https:\/\/www.clinicaalthea.com\/farmacia\/#website"},"primaryImageOfPage":{"@id":"https:\/\/www.clinicaalthea.com\/farmacia\/hu\/apt\/hondro-sol\/#primaryimage"},"image":{"@id":"https:\/\/www.clinicaalthea.com\/farmacia\/hu\/apt\/hondro-sol\/#primaryimage"},"thumbnailUrl":"https:\/\/www.clinicaalthea.com\/farmacia\/wp-content\/uploads\/2024\/07\/Hondro-Sol.jpg","datePublished":"2024-07-18T09:51:39+00:00","dateModified":"2024-07-18T09:53:06+00:00","breadcrumb":{"@id":"https:\/\/www.clinicaalthea.com\/farmacia\/hu\/apt\/hondro-sol\/#breadcrumb"},"inLanguage":"pl-PL","potentialAction":[{"@type":"ReadAction","target":["https:\/\/www.clinicaalthea.com\/farmacia\/hu\/apt\/hondro-sol\/"]}]},{"@type":"ImageObject","inLanguage":"pl-PL","@id":"https:\/\/www.clinicaalthea.com\/farmacia\/hu\/apt\/hondro-sol\/#primaryimage","url":"https:\/\/www.clinicaalthea.com\/farmacia\/wp-content\/uploads\/2024\/07\/Hondro-Sol.jpg","contentUrl":"https:\/\/www.clinicaalthea.com\/farmacia\/wp-content\/uploads\/2024\/07\/Hondro-Sol.jpg","width":768,"height":768,"caption":"Hondro Sol"},{"@type":"BreadcrumbList","@id":"https:\/\/www.clinicaalthea.com\/farmacia\/hu\/apt\/hondro-sol\/#breadcrumb","itemListElement":[{"@type":"ListItem","position":1,"name":"Strona g\u0142\u00f3wna","item":"https:\/\/www.clinicaalthea.com\/farmacia\/"},{"@type":"ListItem","position":2,"name":"Produkty","item":"https:\/\/www.clinicaalthea.com\/farmacia\/"},{"@type":"ListItem","position":3,"name":"Hondro Sol"}]},{"@type":"WebSite","@id":"https:\/\/www.clinicaalthea.com\/farmacia\/#website","url":"https:\/\/www.clinicaalthea.com\/farmacia\/","name":"Clinica Althea","description":"","publisher":{"@id":"https:\/\/www.clinicaalthea.com\/farmacia\/#organization"},"potentialAction":[{"@type":"SearchAction","target":{"@type":"EntryPoint","urlTemplate":"https:\/\/www.clinicaalthea.com\/farmacia\/?s={search_term_string}"},"query-input":{"@type":"PropertyValueSpecification","valueRequired":true,"valueName":"search_term_string"}}],"inLanguage":"pl-PL"},{"@type":"Organization","@id":"https:\/\/www.clinicaalthea.com\/farmacia\/#organization","name":"Clinica Althea","url":"https:\/\/www.clinicaalthea.com\/farmacia\/","logo":{"@type":"ImageObject","inLanguage":"pl-PL","@id":"https:\/\/www.clinicaalthea.com\/farmacia\/#\/schema\/logo\/image\/","url":"https:\/\/www.clinicaalthea.com\/farmacia\/wp-content\/uploads\/2023\/12\/Jak-diagnozuje-sie-FAS_-objawy-kryteria-diagnostyczne-i-metody-diagnozowania-154162903.jpg","contentUrl":"https:\/\/www.clinicaalthea.com\/farmacia\/wp-content\/uploads\/2023\/12\/Jak-diagnozuje-sie-FAS_-objawy-kryteria-diagnostyczne-i-metody-diagnozowania-154162903.jpg","width":1216,"height":832,"caption":"Clinica Althea"},"image":{"@id":"https:\/\/www.clinicaalthea.com\/farmacia\/#\/schema\/logo\/image\/"}}]}},"lang":"hu","translations":{"hu":7170,"pl":7139,"de":7148,"es":7152,"el":7156,"it":7160,"bg":7164,"cs":7168,"ro":7173,"sk":7175},"pll_sync_post":[],"_links":{"self":[{"href":"https:\/\/www.clinicaalthea.com\/farmacia\/wp-json\/wp\/v2\/product\/7170","targetHints":{"allow":["GET"]}}],"collection":[{"href":"https:\/\/www.clinicaalthea.com\/farmacia\/wp-json\/wp\/v2\/product"}],"about":[{"href":"https:\/\/www.clinicaalthea.com\/farmacia\/wp-json\/wp\/v2\/types\/product"}],"replies":[{"embeddable":true,"href":"https:\/\/www.clinicaalthea.com\/farmacia\/wp-json\/wp\/v2\/comments?post=7170"}],"wp:featuredmedia":[{"embeddable":true,"href":"https:\/\/www.clinicaalthea.com\/farmacia\/wp-json\/wp\/v2\/media\/7144"}],"wp:attachment":[{"href":"https:\/\/www.clinicaalthea.com\/farmacia\/wp-json\/wp\/v2\/media?parent=7170"}],"wp:term":[{"taxonomy":"product_brand","embeddable":true,"href":"https:\/\/www.clinicaalthea.com\/farmacia\/wp-json\/wp\/v2\/product_brand?post=7170"},{"taxonomy":"product_cat","embeddable":true,"href":"https:\/\/www.clinicaalthea.com\/farmacia\/wp-json\/wp\/v2\/product_cat?post=7170"},{"taxonomy":"product_tag","embeddable":true,"href":"https:\/\/www.clinicaalthea.com\/farmacia\/wp-json\/wp\/v2\/product_tag?post=7170"}],"curies":[{"name":"wp","href":"https:\/\/api.w.org\/{rel}","templated":true}]}}