{"id":7168,"date":"2024-07-18T10:51:03","date_gmt":"2024-07-18T09:51:03","guid":{"rendered":"https:\/\/mayoguide.org\/produkty\/?post_type=product&#038;p=7168"},"modified":"2024-07-18T10:53:06","modified_gmt":"2024-07-18T09:53:06","slug":"hondro-sol","status":"publish","type":"product","link":"https:\/\/www.clinicaalthea.com\/farmacia\/cs\/apt\/hondro-sol\/","title":{"rendered":"Hondro Sol"},"content":{"rendered":"\n<h2 class=\"wp-block-heading\" id=\"h-co-to-jest-hondro-sol-i-jak-dziala\">Co je Hondro Sol a jak funguje?<\/h2>\n\n\n\n<p>Hondro Sol je p\u0159\u00edpravek obsahuj\u00edc\u00ed <strong>p\u0159\u00edrodn\u00ed slo\u017eky se<\/strong> zklid\u0148uj\u00edc\u00edm \u00fa\u010dinkem. Hlavn\u00ed \u00fa\u010dinnou l\u00e1tkou je <em>glukosamin<\/em>, kter\u00fd podporuje regeneraci a ochranu kloub\u016f a sval\u016f. D\u00e1le Hondro Sol obsahuje <em>kolagen<\/em>, kter\u00fd zlep\u0161uje pru\u017enost a pevnost tk\u00e1n\u00ed, a <em>arnikov\u00fd olej<\/em>, kter\u00fd m\u00e1 protiz\u00e1n\u011btliv\u00e9 \u00fa\u010dinky. D\u00edky tomu Hondro Sol sprej p\u016fsob\u00ed lok\u00e1ln\u011b na m\u00edsta posti\u017een\u00e1 bolest\u00ed, p\u0159in\u00e1\u0161\u00ed \u00falevu a sni\u017euje nep\u0159\u00edjemn\u00e9 pocity.<\/p>\n\n\n\n<h2 class=\"wp-block-heading\">\u00da\u010dinky p\u0159\u00edpravku Hondro Sol<\/h2>\n\n\n\n<p><b>Pou\u017e\u00edv\u00e1n\u00ed p\u0159\u00edpravku Hondro Sol<\/b> m\u00e1 mnoho p\u0159\u00edzniv\u00fdch \u00fa\u010dink\u016f, kter\u00e9 v\u00fdrazn\u011b zlep\u0161uj\u00ed \u017eivotn\u00ed komfort. Vlastnosti p\u0159\u00edpravku pom\u00e1haj\u00ed sni\u017eovat bolesti kloub\u016f a sval\u016f a p\u0159in\u00e1\u0161ej\u00ed okam\u017eitou \u00falevu.<\/p>\n\n\n\n<p>S p\u0159\u00edpravkem Hondro Sol je tak\u00e9 mo\u017en\u00e9 zlep\u0161it ohebnost kloub\u016f, co\u017e m\u00e1 pozitivn\u00ed vliv na rozsah pohybu a celkovou kondici. Podporuje se regenerace kloub\u016f, \u010d\u00edm\u017e se p\u0159edch\u00e1z\u00ed ztuhlosti a omezen\u00edm p\u0159i ka\u017edodenn\u00edch \u010dinnostech.<\/p>\n\n\n\n<p>Dal\u0161\u00edmi <b>\u00fa\u010dinky p\u0159\u00edpravku Hondro Sol<\/b> jsou pos\u00edlen\u00ed a obnova sval\u016f. D\u00edky tomuto p\u0159\u00edpravku z\u00edsk\u00e1vaj\u00ed svaly v\u011bt\u0161\u00ed vytrvalost, co\u017e se projevuje lep\u0161\u00ed schopnost\u00ed vykon\u00e1vat fyzicky n\u00e1ro\u010dn\u00e9 \u010dinnosti. Nav\u00edc se sni\u017euje odpor p\u0159i pohybu, co\u017e usnad\u0148uje ka\u017edodenn\u00ed \u010dinnosti.<\/p>\n\n\n\n<p>Jedn\u00edm z d\u016fle\u017eit\u00fdch \u00fa\u010dink\u016f p\u0159\u00edpravku Hondro Sol je <b>zkr\u00e1cen\u00ed doby rekonvalescence<\/b> po zran\u011bn\u00ed nebo \u00farazu. T\u00edm, \u017ee sprej podporuje regenera\u010dn\u00ed procesy v t\u011ble, urychluje zotaven\u00ed a umo\u017e\u0148uje rychlej\u0161\u00ed n\u00e1vrat k fyzick\u00e9 aktivit\u011b.<\/p>\n\n\n\n<h2 class=\"wp-block-heading\">Pou\u017eit\u00ed a d\u00e1vkov\u00e1n\u00ed p\u0159\u00edpravku Hondro Sol<\/h2>\n\n\n\n<p>P\u0159\u00edpravek Hondro Sol je k dispozici ve form\u011b spreje, kter\u00fd se snadno aplikuje na posti\u017een\u00e1 m\u00edsta. Doporu\u010den\u00e9 d\u00e1vkov\u00e1n\u00ed jsou 2-3 aplikace denn\u011b, m\u011bl by se aplikovat na \u010distou a suchou poko\u017eku a vmas\u00edrovat, dokud se zcela nevst\u0159eb\u00e1. D\u00e9lka <b>l\u00e9\u010dby<\/b> z\u00e1vis\u00ed na individu\u00e1ln\u00edch pot\u0159eb\u00e1ch a intenzit\u011b bolesti. P\u0159ed aplikac\u00ed se doporu\u010duje p\u0159e\u010d\u00edst si p\u0159\u00edbalovou informaci nebo se poradit s l\u00e9ka\u0159em.<\/p>\n\n\n\n<h2 class=\"wp-block-heading\">U\u017eivatelsk\u00e9 recenze produktu Hondro Sol<\/h2>\n\n\n\n<p><b>Recenze produktu Hondro Sol<\/b> jsou obecn\u011b velmi pozitivn\u00ed. Mnoho u\u017eivatel\u016f si pochvaluje \u00fa\u010dinnost tohoto produktu a zaznamen\u00e1v\u00e1 v\u00fdrazn\u00e9 sn\u00ed\u017een\u00ed bolesti a zlep\u0161en\u00ed kvality \u017eivota. <b>Pozitivn\u00ed recenze<\/b> se t\u00fdkaj\u00ed hlavn\u011b p\u0159\u00ednos\u016f pro \u00falevu od bolesti kloub\u016f a sval\u016f.<\/p>\n\n\n\n<p>V koment\u00e1\u0159\u00edch na internetov\u00fdch f\u00f3rech u\u017eivatel\u00e9 \u010dasto zd\u016fraz\u0148uj\u00ed snadnou aplikaci spreje Hondro Sol a <b>praktick\u00e9 balen\u00ed<\/b>. D\u00edky tomu je aplikace p\u0159\u00edpravku na posti\u017een\u00e1 m\u00edsta velmi snadn\u00e1 a praktick\u00e1.<\/p>\n\n\n\n<p>Je v\u0161ak t\u0159eba m\u00edt na pam\u011bti, \u017ee n\u00e1zory se mohou li\u0161it, proto\u017ee ka\u017ed\u00e9 t\u011blo reaguje na konkr\u00e9tn\u00ed terapii individu\u00e1ln\u011b. Co funguje u jednoho \u010dlov\u011bka, nemus\u00ed nutn\u011b fungovat u jin\u00e9ho.<\/p>\n\n\n\n<h2 class=\"wp-block-heading\" id=\"h-hondro-sol-sklad-co-zawiera\">Hondro Sol &#8211; Slo\u017een\u00ed &#8211; Co obsahuje?<\/h2>\n\n\n\n<p>Hondro Sol je sprej, kter\u00fd obsahuje <strong>p\u0159\u00edrodn\u00ed slo\u017eky s<\/strong> p\u0159\u00edzniv\u00fdmi \u00fa\u010dinky na klouby a svaly. <strong>Slo\u017een\u00ed<\/strong> tohoto p\u0159\u00edpravku zahrnuje t\u0159i kl\u00ed\u010dov\u00e9 slo\u017eky:<\/p>\n\n\n\n<ol class=\"wp-block-list\">\n<li><strong>Glukosamin<\/strong>: Jedn\u00e1 se o \u00fa\u010dinnou l\u00e1tku, kter\u00e1 podporuje regeneraci chrupavky a zabra\u0148uje jej\u00ed degradaci. M\u00e1 ochrann\u00fd \u00fa\u010dinek na klouby a poskytuje \u00falevu od bolesti.<\/li>\n\n\n\n<li><strong>Kolagen:<\/strong> Tato slo\u017eka je ur\u010dena k pos\u00edlen\u00ed a obnov\u011b pojivov\u00fdch tk\u00e1n\u00ed. Zlep\u0161uje pru\u017enost kloub\u016f, co\u017e m\u00e1 pozitivn\u00ed vliv na jejich funkci.<\/li>\n\n\n\n<li><strong>Arnikov\u00fd olej<\/strong>: Tento olej m\u00e1 protiz\u00e1n\u011btliv\u00e9 a analgetick\u00e9 \u00fa\u010dinky. Je ur\u010den ke zm\u00edrn\u011bn\u00ed bolestiv\u00fdch p\u0159\u00edznak\u016f a pom\u00e1h\u00e1 sni\u017eovat z\u00e1n\u011bt kloub\u016f a sval\u016f.<\/li>\n<\/ol>\n\n\n\n<h2 class=\"wp-block-heading\">Cena a n\u00e1kup produktu Hondro Sol<\/h2>\n\n\n\n<p>Pokud uva\u017eujete o koupi Hondro Sol, je d\u016fle\u017eit\u00e9 v\u011bd\u011bt, \u017ee cena v\u00fdrobku se m\u016f\u017ee li\u0161it v z\u00e1vislosti na tom, kde si ho koup\u00edte. Nicm\u00e9n\u011b, nejlep\u0161\u00ed a nejbezpe\u010dn\u011bj\u0161\u00ed m\u00edsto pro n\u00e1kup Hondro Sol je z ofici\u00e1ln\u00edch <b>str\u00e1nek v\u00fdrobce<\/b>.<\/p>\n\n\n\n<p>Ofici\u00e1ln\u00ed <b>webov\u00e9 str\u00e1nky v\u00fdrobce<\/b> Hondro Sol jsou z\u00e1rukou origin\u00e1ln\u00edho v\u00fdrobku, kter\u00fd spln\u00ed va\u0161e o\u010dek\u00e1v\u00e1n\u00ed. Nav\u00edc n\u00e1kupy na ofici\u00e1ln\u00edch str\u00e1nk\u00e1ch jsou \u010dasto spojeny s atraktivn\u00edmi akcemi a slevami, kter\u00e9 v\u00e1m pomohou u\u0161et\u0159it pen\u00edze.<\/p>\n\n\n\n<p>Je t\u0159eba m\u00edt na pam\u011bti, \u017ee existuje riziko n\u00e1kupu pad\u011blk\u016f, tak\u017ee se vyhn\u011bte n\u00e1kupu p\u0159\u00edpravku Hondro Sol z nezn\u00e1m\u00fdch webov\u00fdch str\u00e1nek nebo stacion\u00e1rn\u00edch l\u00e9k\u00e1ren. Origin\u00e1ln\u00ed v\u00fdrobek Hondro Sol je k dispozici pouze na ofici\u00e1ln\u00edch str\u00e1nk\u00e1ch v\u00fdrobce.<\/p>\n\n\n\n<h2 class=\"wp-block-heading\">Ne\u017e\u00e1douc\u00ed \u00fa\u010dinky a kontraindikace p\u0159\u00edpravku Hondro Sol<\/h2>\n\n\n\n<p>Hondro Sol je obecn\u011b pova\u017eov\u00e1n za bezpe\u010dn\u00fd p\u0159\u00edpravek, ale existuje mo\u017enost v\u00fdskytu ne\u017e\u00e1douc\u00edch \u00fa\u010dink\u016f nebo kontraindikac\u00ed jeho u\u017e\u00edv\u00e1n\u00ed. P\u0159ed zah\u00e1jen\u00edm l\u00e9\u010dby p\u0159\u00edpravkem Hondro Sol se doporu\u010duje p\u0159e\u010d\u00edst si p\u0159\u00edbalovou informaci a p\u0159\u00edsn\u011b dodr\u017eovat doporu\u010den\u00ed v\u00fdrobce. Je tak\u00e9 d\u016fle\u017eit\u00e9 vyzkou\u0161et p\u0159\u00edpravek na mal\u00e9 plo\u0161e k\u016f\u017ee p\u0159ed pln\u00fdm pou\u017eit\u00edm. Pokud se objev\u00ed ne\u017e\u00e1douc\u00ed vedlej\u0161\u00ed \u00fa\u010dinky, p\u0159esta\u0148te p\u0159\u00edpravek pou\u017e\u00edvat a pora\u010fte se s l\u00e9ka\u0159em.<\/p>\n\n\n\n<h2 class=\"wp-block-heading\">Doporu\u010den\u00ed l\u00e9ka\u0159\u016f a fyzioterapeut\u016f<\/h2>\n\n\n\n<p>D\u00edky sv\u00e9mu \u00fa\u010dinku a bezpe\u010dn\u00e9mu slo\u017een\u00ed je Hondro Sol uzn\u00e1v\u00e1n l\u00e9ka\u0159i a fyzioterapeuty, kte\u0159\u00ed jej doporu\u010duj\u00ed sv\u00fdm pacient\u016fm. <b>Klinick\u00e9 studie<\/b> potvrzuj\u00ed \u00fa\u010dinnost p\u0159\u00edpravku Hondro Sol jako \u00fa\u010dinn\u00e9 metody \u00falevy od bolesti kloub\u016f a sval\u016f. Proto odborn\u00edci doporu\u010duj\u00ed tento p\u0159\u00edpravek ke zlep\u0161en\u00ed kvality \u017eivota lid\u00ed trp\u00edc\u00edch revmatick\u00fdmi pot\u00ed\u017eemi a sportovn\u00edmi \u00farazy.<\/p>\n\n\n\n<p>Hondro Sol je d\u00edky sv\u00fdm vlastnostem zm\u00edr\u0148uj\u00edc\u00edm bolest a nepohodl\u00ed oce\u0148ov\u00e1n l\u00e9ka\u0159i a fyzioterapeuty jako \u00fa\u010dinn\u00fd prost\u0159edek ke <b>sn\u00ed\u017een\u00ed bolesti<\/b> kloub\u016f a sval\u016f. D\u00edky sv\u00e9mu bezpe\u010dn\u00e9mu slo\u017een\u00ed na b\u00e1zi p\u0159\u00edrodn\u00edch slo\u017eek je organismem dob\u0159e sn\u00e1\u0161en. D\u00edky klinick\u00fdm studi\u00edm v\u00edme, \u017ee Hondro Sol je \u00fa\u010dinnou a bezpe\u010dnou metodou podpory regenerace a zm\u00edrn\u011bn\u00ed pot\u00ed\u017e\u00ed pohybov\u00e9ho apar\u00e1tu.<\/p>\n\n\n\n<p>Doporu\u010den\u00ed l\u00e9ka\u0159\u016f a fyzioterapeut\u016f jsou d\u016fkazem vysok\u00e9 \u00fa\u010dinnosti a bezpe\u010dnosti p\u0159\u00edpravku Hondro Sol. D\u00edky doporu\u010den\u00ed t\u011bchto odborn\u00edk\u016f mohou pacienti s\u00e1hnout po v\u00fdrobku, kter\u00fd je spolehliv\u00fd a d\u016fv\u011bryhodn\u00fd. Hondro Sol je spolehliv\u00e1 metoda \u00falevy od bolesti kloub\u016f a sval\u016f a zlep\u0161en\u00ed kvality \u017eivota.<\/p>\n","protected":false},"excerpt":{"rendered":"<p><strong>920.00 K\u010d<\/strong><\/p>\n<p><del>1840.00 K\u010d<\/del><\/p>\n<p><strong>[date_countdown]<\/strong><\/p>\n","protected":false},"featured_media":7144,"comment_status":"open","ping_status":"closed","template":"","meta":{"neve_meta_sidebar":"","neve_meta_container":"","neve_meta_enable_content_width":"","neve_meta_content_width":0,"neve_meta_title_alignment":"","neve_meta_author_avatar":"","neve_post_elements_order":"","neve_meta_disable_header":"","neve_meta_disable_footer":"","neve_meta_disable_title":"","neve_meta_reading_time":""},"product_brand":[],"product_cat":[49],"product_tag":[],"class_list":{"0":"post-7168","1":"product","2":"type-product","3":"status-publish","4":"has-post-thumbnail","6":"product_cat-zdravi","8":"first","9":"instock","10":"shipping-taxable","11":"product-type-external"},"yoast_head":"<!-- This site is optimized with the Yoast SEO plugin v27.4 - https:\/\/yoast.com\/product\/yoast-seo-wordpress\/ -->\n<title>Hondro Sol - Clinica Althea<\/title>\n<meta name=\"robots\" content=\"index, follow, max-snippet:-1, max-image-preview:large, max-video-preview:-1\" \/>\n<link rel=\"canonical\" href=\"https:\/\/www.clinicaalthea.com\/farmacia\/cs\/apt\/hondro-sol\/\" \/>\n<meta property=\"og:locale\" content=\"pl_PL\" \/>\n<meta property=\"og:type\" content=\"article\" \/>\n<meta property=\"og:title\" content=\"Hondro Sol - Clinica Althea\" \/>\n<meta property=\"og:description\" content=\"920.00 K\u010d 1840.00 K\u010d\" \/>\n<meta property=\"og:url\" content=\"https:\/\/www.clinicaalthea.com\/farmacia\/cs\/apt\/hondro-sol\/\" \/>\n<meta property=\"og:site_name\" content=\"Clinica Althea\" \/>\n<meta property=\"article:modified_time\" content=\"2024-07-18T09:53:06+00:00\" \/>\n<meta property=\"og:image\" content=\"https:\/\/www.clinicaalthea.com\/farmacia\/wp-content\/uploads\/2024\/07\/Hondro-Sol.jpg\" \/>\n\t<meta property=\"og:image:width\" content=\"768\" \/>\n\t<meta property=\"og:image:height\" content=\"768\" \/>\n\t<meta property=\"og:image:type\" content=\"image\/jpeg\" \/>\n<meta name=\"twitter:card\" content=\"summary_large_image\" \/>\n<meta name=\"twitter:label1\" content=\"Szacowany czas czytania\" \/>\n\t<meta name=\"twitter:data1\" content=\"5 minut\" \/>\n<script type=\"application\/ld+json\" class=\"yoast-schema-graph\">{\"@context\":\"https:\\\/\\\/schema.org\",\"@graph\":[{\"@type\":\"WebPage\",\"@id\":\"https:\\\/\\\/www.clinicaalthea.com\\\/farmacia\\\/cs\\\/apt\\\/hondro-sol\\\/\",\"url\":\"https:\\\/\\\/www.clinicaalthea.com\\\/farmacia\\\/cs\\\/apt\\\/hondro-sol\\\/\",\"name\":\"Hondro Sol - Clinica Althea\",\"isPartOf\":{\"@id\":\"https:\\\/\\\/www.clinicaalthea.com\\\/farmacia\\\/#website\"},\"primaryImageOfPage\":{\"@id\":\"https:\\\/\\\/www.clinicaalthea.com\\\/farmacia\\\/cs\\\/apt\\\/hondro-sol\\\/#primaryimage\"},\"image\":{\"@id\":\"https:\\\/\\\/www.clinicaalthea.com\\\/farmacia\\\/cs\\\/apt\\\/hondro-sol\\\/#primaryimage\"},\"thumbnailUrl\":\"https:\\\/\\\/www.clinicaalthea.com\\\/farmacia\\\/wp-content\\\/uploads\\\/2024\\\/07\\\/Hondro-Sol.jpg\",\"datePublished\":\"2024-07-18T09:51:03+00:00\",\"dateModified\":\"2024-07-18T09:53:06+00:00\",\"breadcrumb\":{\"@id\":\"https:\\\/\\\/www.clinicaalthea.com\\\/farmacia\\\/cs\\\/apt\\\/hondro-sol\\\/#breadcrumb\"},\"inLanguage\":\"pl-PL\",\"potentialAction\":[{\"@type\":\"ReadAction\",\"target\":[\"https:\\\/\\\/www.clinicaalthea.com\\\/farmacia\\\/cs\\\/apt\\\/hondro-sol\\\/\"]}]},{\"@type\":\"ImageObject\",\"inLanguage\":\"pl-PL\",\"@id\":\"https:\\\/\\\/www.clinicaalthea.com\\\/farmacia\\\/cs\\\/apt\\\/hondro-sol\\\/#primaryimage\",\"url\":\"https:\\\/\\\/www.clinicaalthea.com\\\/farmacia\\\/wp-content\\\/uploads\\\/2024\\\/07\\\/Hondro-Sol.jpg\",\"contentUrl\":\"https:\\\/\\\/www.clinicaalthea.com\\\/farmacia\\\/wp-content\\\/uploads\\\/2024\\\/07\\\/Hondro-Sol.jpg\",\"width\":768,\"height\":768,\"caption\":\"Hondro Sol\"},{\"@type\":\"BreadcrumbList\",\"@id\":\"https:\\\/\\\/www.clinicaalthea.com\\\/farmacia\\\/cs\\\/apt\\\/hondro-sol\\\/#breadcrumb\",\"itemListElement\":[{\"@type\":\"ListItem\",\"position\":1,\"name\":\"Strona g\u0142\u00f3wna\",\"item\":\"https:\\\/\\\/www.clinicaalthea.com\\\/farmacia\\\/\"},{\"@type\":\"ListItem\",\"position\":2,\"name\":\"Produkty\",\"item\":\"https:\\\/\\\/www.clinicaalthea.com\\\/farmacia\\\/\"},{\"@type\":\"ListItem\",\"position\":3,\"name\":\"Hondro Sol\"}]},{\"@type\":\"WebSite\",\"@id\":\"https:\\\/\\\/www.clinicaalthea.com\\\/farmacia\\\/#website\",\"url\":\"https:\\\/\\\/www.clinicaalthea.com\\\/farmacia\\\/\",\"name\":\"Clinica Althea\",\"description\":\"\",\"publisher\":{\"@id\":\"https:\\\/\\\/www.clinicaalthea.com\\\/farmacia\\\/#organization\"},\"potentialAction\":[{\"@type\":\"SearchAction\",\"target\":{\"@type\":\"EntryPoint\",\"urlTemplate\":\"https:\\\/\\\/www.clinicaalthea.com\\\/farmacia\\\/?s={search_term_string}\"},\"query-input\":{\"@type\":\"PropertyValueSpecification\",\"valueRequired\":true,\"valueName\":\"search_term_string\"}}],\"inLanguage\":\"pl-PL\"},{\"@type\":\"Organization\",\"@id\":\"https:\\\/\\\/www.clinicaalthea.com\\\/farmacia\\\/#organization\",\"name\":\"Clinica Althea\",\"url\":\"https:\\\/\\\/www.clinicaalthea.com\\\/farmacia\\\/\",\"logo\":{\"@type\":\"ImageObject\",\"inLanguage\":\"pl-PL\",\"@id\":\"https:\\\/\\\/www.clinicaalthea.com\\\/farmacia\\\/#\\\/schema\\\/logo\\\/image\\\/\",\"url\":\"https:\\\/\\\/www.clinicaalthea.com\\\/farmacia\\\/wp-content\\\/uploads\\\/2023\\\/12\\\/Jak-diagnozuje-sie-FAS_-objawy-kryteria-diagnostyczne-i-metody-diagnozowania-154162903.jpg\",\"contentUrl\":\"https:\\\/\\\/www.clinicaalthea.com\\\/farmacia\\\/wp-content\\\/uploads\\\/2023\\\/12\\\/Jak-diagnozuje-sie-FAS_-objawy-kryteria-diagnostyczne-i-metody-diagnozowania-154162903.jpg\",\"width\":1216,\"height\":832,\"caption\":\"Clinica Althea\"},\"image\":{\"@id\":\"https:\\\/\\\/www.clinicaalthea.com\\\/farmacia\\\/#\\\/schema\\\/logo\\\/image\\\/\"}}]}<\/script>\n<!-- \/ Yoast SEO plugin. -->","yoast_head_json":{"title":"Hondro Sol - Clinica Althea","robots":{"index":"index","follow":"follow","max-snippet":"max-snippet:-1","max-image-preview":"max-image-preview:large","max-video-preview":"max-video-preview:-1"},"canonical":"https:\/\/www.clinicaalthea.com\/farmacia\/cs\/apt\/hondro-sol\/","og_locale":"pl_PL","og_type":"article","og_title":"Hondro Sol - Clinica Althea","og_description":"920.00 K\u010d 1840.00 K\u010d","og_url":"https:\/\/www.clinicaalthea.com\/farmacia\/cs\/apt\/hondro-sol\/","og_site_name":"Clinica Althea","article_modified_time":"2024-07-18T09:53:06+00:00","og_image":[{"width":768,"height":768,"url":"https:\/\/www.clinicaalthea.com\/farmacia\/wp-content\/uploads\/2024\/07\/Hondro-Sol.jpg","type":"image\/jpeg"}],"twitter_card":"summary_large_image","twitter_misc":{"Szacowany czas czytania":"5 minut"},"schema":{"@context":"https:\/\/schema.org","@graph":[{"@type":"WebPage","@id":"https:\/\/www.clinicaalthea.com\/farmacia\/cs\/apt\/hondro-sol\/","url":"https:\/\/www.clinicaalthea.com\/farmacia\/cs\/apt\/hondro-sol\/","name":"Hondro Sol - Clinica Althea","isPartOf":{"@id":"https:\/\/www.clinicaalthea.com\/farmacia\/#website"},"primaryImageOfPage":{"@id":"https:\/\/www.clinicaalthea.com\/farmacia\/cs\/apt\/hondro-sol\/#primaryimage"},"image":{"@id":"https:\/\/www.clinicaalthea.com\/farmacia\/cs\/apt\/hondro-sol\/#primaryimage"},"thumbnailUrl":"https:\/\/www.clinicaalthea.com\/farmacia\/wp-content\/uploads\/2024\/07\/Hondro-Sol.jpg","datePublished":"2024-07-18T09:51:03+00:00","dateModified":"2024-07-18T09:53:06+00:00","breadcrumb":{"@id":"https:\/\/www.clinicaalthea.com\/farmacia\/cs\/apt\/hondro-sol\/#breadcrumb"},"inLanguage":"pl-PL","potentialAction":[{"@type":"ReadAction","target":["https:\/\/www.clinicaalthea.com\/farmacia\/cs\/apt\/hondro-sol\/"]}]},{"@type":"ImageObject","inLanguage":"pl-PL","@id":"https:\/\/www.clinicaalthea.com\/farmacia\/cs\/apt\/hondro-sol\/#primaryimage","url":"https:\/\/www.clinicaalthea.com\/farmacia\/wp-content\/uploads\/2024\/07\/Hondro-Sol.jpg","contentUrl":"https:\/\/www.clinicaalthea.com\/farmacia\/wp-content\/uploads\/2024\/07\/Hondro-Sol.jpg","width":768,"height":768,"caption":"Hondro Sol"},{"@type":"BreadcrumbList","@id":"https:\/\/www.clinicaalthea.com\/farmacia\/cs\/apt\/hondro-sol\/#breadcrumb","itemListElement":[{"@type":"ListItem","position":1,"name":"Strona g\u0142\u00f3wna","item":"https:\/\/www.clinicaalthea.com\/farmacia\/"},{"@type":"ListItem","position":2,"name":"Produkty","item":"https:\/\/www.clinicaalthea.com\/farmacia\/"},{"@type":"ListItem","position":3,"name":"Hondro Sol"}]},{"@type":"WebSite","@id":"https:\/\/www.clinicaalthea.com\/farmacia\/#website","url":"https:\/\/www.clinicaalthea.com\/farmacia\/","name":"Clinica Althea","description":"","publisher":{"@id":"https:\/\/www.clinicaalthea.com\/farmacia\/#organization"},"potentialAction":[{"@type":"SearchAction","target":{"@type":"EntryPoint","urlTemplate":"https:\/\/www.clinicaalthea.com\/farmacia\/?s={search_term_string}"},"query-input":{"@type":"PropertyValueSpecification","valueRequired":true,"valueName":"search_term_string"}}],"inLanguage":"pl-PL"},{"@type":"Organization","@id":"https:\/\/www.clinicaalthea.com\/farmacia\/#organization","name":"Clinica Althea","url":"https:\/\/www.clinicaalthea.com\/farmacia\/","logo":{"@type":"ImageObject","inLanguage":"pl-PL","@id":"https:\/\/www.clinicaalthea.com\/farmacia\/#\/schema\/logo\/image\/","url":"https:\/\/www.clinicaalthea.com\/farmacia\/wp-content\/uploads\/2023\/12\/Jak-diagnozuje-sie-FAS_-objawy-kryteria-diagnostyczne-i-metody-diagnozowania-154162903.jpg","contentUrl":"https:\/\/www.clinicaalthea.com\/farmacia\/wp-content\/uploads\/2023\/12\/Jak-diagnozuje-sie-FAS_-objawy-kryteria-diagnostyczne-i-metody-diagnozowania-154162903.jpg","width":1216,"height":832,"caption":"Clinica Althea"},"image":{"@id":"https:\/\/www.clinicaalthea.com\/farmacia\/#\/schema\/logo\/image\/"}}]}},"lang":"cs","translations":{"cs":7168,"pl":7139,"de":7148,"es":7152,"el":7156,"it":7160,"bg":7164,"hu":7170,"ro":7173,"sk":7175},"pll_sync_post":[],"_links":{"self":[{"href":"https:\/\/www.clinicaalthea.com\/farmacia\/wp-json\/wp\/v2\/product\/7168","targetHints":{"allow":["GET"]}}],"collection":[{"href":"https:\/\/www.clinicaalthea.com\/farmacia\/wp-json\/wp\/v2\/product"}],"about":[{"href":"https:\/\/www.clinicaalthea.com\/farmacia\/wp-json\/wp\/v2\/types\/product"}],"replies":[{"embeddable":true,"href":"https:\/\/www.clinicaalthea.com\/farmacia\/wp-json\/wp\/v2\/comments?post=7168"}],"wp:featuredmedia":[{"embeddable":true,"href":"https:\/\/www.clinicaalthea.com\/farmacia\/wp-json\/wp\/v2\/media\/7144"}],"wp:attachment":[{"href":"https:\/\/www.clinicaalthea.com\/farmacia\/wp-json\/wp\/v2\/media?parent=7168"}],"wp:term":[{"taxonomy":"product_brand","embeddable":true,"href":"https:\/\/www.clinicaalthea.com\/farmacia\/wp-json\/wp\/v2\/product_brand?post=7168"},{"taxonomy":"product_cat","embeddable":true,"href":"https:\/\/www.clinicaalthea.com\/farmacia\/wp-json\/wp\/v2\/product_cat?post=7168"},{"taxonomy":"product_tag","embeddable":true,"href":"https:\/\/www.clinicaalthea.com\/farmacia\/wp-json\/wp\/v2\/product_tag?post=7168"}],"curies":[{"name":"wp","href":"https:\/\/api.w.org\/{rel}","templated":true}]}}