{"id":7160,"date":"2024-07-18T10:49:22","date_gmt":"2024-07-18T09:49:22","guid":{"rendered":"https:\/\/mayoguide.org\/produkty\/?post_type=product&#038;p=7160"},"modified":"2024-07-18T10:53:06","modified_gmt":"2024-07-18T09:53:06","slug":"hondro-sol","status":"publish","type":"product","link":"https:\/\/www.clinicaalthea.com\/farmacia\/it\/apt\/hondro-sol\/","title":{"rendered":"Hondro Sol"},"content":{"rendered":"<h2 class=\"wp-block-heading\" id=\"h-co-to-jest-hondro-sol-i-jak-dziala\">Che cos&#8217;\u00e8 Hondro Sol e come funziona?<\/h2>\n\n\n<p>Hondro Sol \u00e8 un preparato a base di <strong>ingredienti naturali<\/strong> con effetto lenitivo. Il principale principio attivo \u00e8 la <em>glucosamina<\/em>, che favorisce la rigenerazione e la protezione di articolazioni e muscoli. Inoltre, Hondro Sol contiene <em>collagene<\/em>, che migliora l&#8217;elasticit\u00e0 e la resistenza dei tessuti, e <em>olio di arnica<\/em>, che ha propriet\u00e0 antinfiammatorie. Di conseguenza, lo spray Hondro Sol agisce a livello topico sulle aree colpite dal dolore, portando sollievo e riducendo il disagio.<\/p>\n\n\n<h2 class=\"wp-block-heading\">Effetti di Hondro Sol<\/h2>\n\n\n<p>L&#8217;<b>uso di Hondro Sol<\/b> ha molti effetti benefici che migliorano notevolmente il comfort della vita. Le propriet\u00e0 del preparato aiutano a ridurre i dolori articolari e muscolari, portando un sollievo immediato.<\/p>\n\n\n<p>Con Hondro Sol \u00e8 possibile anche migliorare la flessibilit\u00e0 delle articolazioni, con effetti positivi sull&#8217;ampiezza dei movimenti e sulla forma fisica generale. Si favorisce la rigenerazione delle articolazioni, evitando cos\u00ec rigidit\u00e0 e limitazioni nelle attivit\u00e0 quotidiane.<\/p>\n\n\n<p>Il rafforzamento e la ricostruzione dei muscoli sono ulteriori <b>effetti di Hondro Sol<\/b>. Grazie a questo preparato, i muscoli acquistano una maggiore resistenza, che si traduce in una migliore capacit\u00e0 di svolgere attivit\u00e0 fisicamente impegnative. Inoltre, la resistenza durante il movimento si riduce, rendendo pi\u00f9 facili le attivit\u00e0 quotidiane.<\/p>\n\n\n<p>Uno degli effetti importanti di Hondro Sol \u00e8 la <b>riduzione dei tempi di recupero<\/b> dopo lesioni o traumi. Sostenendo i processi rigenerativi dell&#8217;organismo, lo spray accelera il recupero e consente un pi\u00f9 rapido ritorno all&#8217;attivit\u00e0 fisica.<\/p>\n\n\n<h2 class=\"wp-block-heading\">Uso e dosaggio di Hondro Sol<\/h2>\n\n\n<p>Hondro Sol \u00e8 disponibile in forma di spray, per facilitare l&#8217;applicazione sulle aree interessate. La dose raccomandata \u00e8 di 2-3 applicazioni al giorno, da applicare sulla pelle pulita e asciutta, massaggiando fino a completo assorbimento. La durata del <b>trattamento<\/b> dipende dalle esigenze individuali e dall&#8217;intensit\u00e0 del dolore. Si consiglia di leggere il foglietto illustrativo o di consultare il medico prima dell&#8217;applicazione.<\/p>\n\n\n<h2 class=\"wp-block-heading\">Recensioni di Hondro Sol<\/h2>\n\n\n<p>Le <b>recensioni di Hondro Sol<\/b> sono generalmente molto positive. Molti utenti lodano l&#8217;efficacia di questo prodotto e notano una significativa riduzione del dolore e un miglioramento della qualit\u00e0 della vita. Le <b>recensioni positive<\/b> si riferiscono principalmente ai benefici in termini di sollievo dal dolore articolare e muscolare.<\/p>\n\n\n<p>Tra i commenti nei forum online, gli utenti sottolineano spesso la facilit\u00e0 di applicazione di Hondro Sol spray e la <b>comoda confezione<\/b>. Ci\u00f2 rende l&#8217;applicazione del prodotto sulle aree interessate estremamente facile e pratica.<\/p>\n\n\n<p>Tuttavia, \u00e8 bene tenere presente che le opinioni possono variare, poich\u00e9 ogni corpo reagisce in modo individuale a una particolare terapia. Ci\u00f2 che funziona per una persona pu\u00f2 non funzionare necessariamente per un&#8217;altra.<\/p>\n\n\n<h2 class=\"wp-block-heading\" id=\"h-hondro-sol-sklad-co-zawiera\">Hondro Sol &#8211; Composizione &#8211; Cosa contiene?<\/h2>\n\n\n<p>Hondro Sol \u00e8 uno spray che contiene <strong>ingredienti naturali<\/strong> con effetti benefici su articolazioni e muscoli. La <strong>composizione di<\/strong> questa formula comprende tre ingredienti chiave:<\/p>\n\n\n\n<ol class=\"wp-block-list\">\n<li><strong>Glucosamina:<\/strong> \u00e8 il principio attivo responsabile della rigenerazione della cartilagine e della prevenzione della sua degradazione. Ha un effetto protettivo sulle articolazioni, fornendo sollievo dal dolore.<\/li>\n\n\n\n<li><strong>Collagene:<\/strong> questo ingrediente \u00e8 studiato per rafforzare e ricostruire i tessuti connettivi. Migliora la flessibilit\u00e0 delle articolazioni, con effetti positivi sul loro funzionamento.<\/li>\n\n\n\n<li><strong>Olio di arnica:<\/strong> questo olio ha un effetto antinfiammatorio e analgesico. \u00c8 studiato per alleviare i sintomi dolorosi e contribuire a ridurre l&#8217;infiammazione di articolazioni e muscoli.<\/li>\n<\/ol>\n\n\n<h2 class=\"wp-block-heading\">Prezzo e acquisto di Hondro Sol<\/h2>\n\n\n<p>Se state pensando di acquistare Hondro Sol, \u00e8 importante sapere che il prezzo del prodotto pu\u00f2 variare a seconda del luogo di acquisto. Tuttavia, il posto migliore e pi\u00f9 sicuro per acquistare Hondro Sol \u00e8 il <b>sito ufficiale del produttore<\/b>.<\/p>\n\n\n<p>Il <b>sito ufficiale del produttore<\/b> Hondro Sol \u00e8 la garanzia di un prodotto originale che soddisfer\u00e0 le vostre aspettative. Inoltre, gli acquisti sul sito ufficiale sono spesso accompagnati da interessanti promozioni e sconti che consentono di risparmiare.<\/p>\n\n\n<p>\u00c8 bene ricordare che c&#8217;\u00e8 il rischio di acquistare contraffazioni, quindi evitate di acquistare Hondro Sol da siti web sconosciuti o da farmacie fisse. Il prodotto Hondro Sol autentico \u00e8 disponibile solo sul sito ufficiale del produttore.<\/p>\n\n\n<h2 class=\"wp-block-heading\">Effetti collaterali e controindicazioni di Hondro Sol<\/h2>\n\n\n<p>Hondro Sol \u00e8 generalmente considerato un prodotto sicuro, ma esiste la possibilit\u00e0 di effetti collaterali o controindicazioni al suo utilizzo. Si raccomanda di leggere il foglietto illustrativo del prodotto e di seguire scrupolosamente le raccomandazioni del produttore prima di iniziare il trattamento con Hondro Sol. \u00c8 inoltre importante testare il prodotto su una piccola area della pelle prima dell&#8217;uso completo. Se si verificano effetti collaterali indesiderati, interrompere l&#8217;uso e consultare il medico.<\/p>\n\n\n<h2 class=\"wp-block-heading\">Raccomandazioni di medici e fisioterapisti<\/h2>\n\n\n<p>Grazie alla sua azione e alla sua composizione sicura, Hondro Sol \u00e8 riconosciuto da medici e fisioterapisti che lo raccomandano ai loro pazienti. Gli <b>studi clinici<\/b> confermano l&#8217;efficacia di Hondro Sol come metodo efficace per alleviare i dolori articolari e muscolari. Pertanto, gli specialisti raccomandano questo preparato per migliorare la qualit\u00e0 della vita delle persone che soffrono di disturbi reumatici e lesioni sportive.<\/p>\n\n\n<p>Grazie alle sue propriet\u00e0 antidolorifiche e antidolorifiche, Hondro Sol \u00e8 apprezzato da medici e fisioterapisti come rimedio efficace per <b>ridurre i dolori<\/b> articolari e muscolari. La sua formulazione sicura, a base di ingredienti naturali, lo rende ben tollerato dall&#8217;organismo. Grazie agli studi clinici, sappiamo che Hondro Sol \u00e8 un metodo efficace e sicuro per favorire la rigenerazione e alleviare i disturbi muscolo-scheletrici.<\/p>\n\n\n<p>Le raccomandazioni di medici e fisioterapisti sono la prova dell&#8217;elevata efficacia e sicurezza di Hondro Sol. Grazie alle raccomandazioni di questi specialisti, i pazienti possono rivolgersi a un prodotto affidabile e degno di fiducia. Hondro Sol \u00e8 un metodo affidabile per alleviare i dolori articolari e muscolari e migliorare la qualit\u00e0 della vita.<\/p>\n","protected":false},"excerpt":{"rendered":"<p><strong>39.00 \u20ac<\/strong><\/p>\n<p><del>78.00 \u20ac<\/del><\/p>\n<p><strong>[date_countdown]<\/strong><\/p>\n","protected":false},"featured_media":7144,"comment_status":"open","ping_status":"closed","template":"","meta":{"neve_meta_sidebar":"","neve_meta_container":"","neve_meta_enable_content_width":"","neve_meta_content_width":0,"neve_meta_title_alignment":"","neve_meta_author_avatar":"","neve_post_elements_order":"","neve_meta_disable_header":"","neve_meta_disable_footer":"","neve_meta_disable_title":"","neve_meta_reading_time":""},"product_brand":[],"product_cat":[113],"product_tag":[],"class_list":{"0":"post-7160","1":"product","2":"type-product","3":"status-publish","4":"has-post-thumbnail","6":"product_cat-salute","8":"first","9":"instock","10":"shipping-taxable","11":"product-type-external"},"yoast_head":"<!-- This site is optimized with the Yoast SEO plugin v27.4 - https:\/\/yoast.com\/product\/yoast-seo-wordpress\/ -->\n<title>Hondro Sol - Clinica Althea<\/title>\n<meta name=\"robots\" content=\"index, follow, max-snippet:-1, max-image-preview:large, max-video-preview:-1\" \/>\n<link rel=\"canonical\" href=\"https:\/\/www.clinicaalthea.com\/farmacia\/it\/apt\/hondro-sol\/\" \/>\n<meta property=\"og:locale\" content=\"pl_PL\" \/>\n<meta property=\"og:type\" content=\"article\" \/>\n<meta property=\"og:title\" content=\"Hondro Sol - Clinica Althea\" \/>\n<meta property=\"og:description\" content=\"39.00 \u20ac 78.00 \u20ac\" \/>\n<meta property=\"og:url\" content=\"https:\/\/www.clinicaalthea.com\/farmacia\/it\/apt\/hondro-sol\/\" \/>\n<meta property=\"og:site_name\" content=\"Clinica Althea\" \/>\n<meta property=\"article:modified_time\" content=\"2024-07-18T09:53:06+00:00\" \/>\n<meta property=\"og:image\" content=\"https:\/\/www.clinicaalthea.com\/farmacia\/wp-content\/uploads\/2024\/07\/Hondro-Sol.jpg\" \/>\n\t<meta property=\"og:image:width\" content=\"768\" \/>\n\t<meta property=\"og:image:height\" content=\"768\" \/>\n\t<meta property=\"og:image:type\" content=\"image\/jpeg\" \/>\n<meta name=\"twitter:card\" content=\"summary_large_image\" \/>\n<meta name=\"twitter:label1\" content=\"Szacowany czas czytania\" \/>\n\t<meta name=\"twitter:data1\" content=\"6 minut\" \/>\n<script type=\"application\/ld+json\" class=\"yoast-schema-graph\">{\"@context\":\"https:\\\/\\\/schema.org\",\"@graph\":[{\"@type\":\"WebPage\",\"@id\":\"https:\\\/\\\/www.clinicaalthea.com\\\/farmacia\\\/it\\\/apt\\\/hondro-sol\\\/\",\"url\":\"https:\\\/\\\/www.clinicaalthea.com\\\/farmacia\\\/it\\\/apt\\\/hondro-sol\\\/\",\"name\":\"Hondro Sol - Clinica Althea\",\"isPartOf\":{\"@id\":\"https:\\\/\\\/www.clinicaalthea.com\\\/farmacia\\\/#website\"},\"primaryImageOfPage\":{\"@id\":\"https:\\\/\\\/www.clinicaalthea.com\\\/farmacia\\\/it\\\/apt\\\/hondro-sol\\\/#primaryimage\"},\"image\":{\"@id\":\"https:\\\/\\\/www.clinicaalthea.com\\\/farmacia\\\/it\\\/apt\\\/hondro-sol\\\/#primaryimage\"},\"thumbnailUrl\":\"https:\\\/\\\/www.clinicaalthea.com\\\/farmacia\\\/wp-content\\\/uploads\\\/2024\\\/07\\\/Hondro-Sol.jpg\",\"datePublished\":\"2024-07-18T09:49:22+00:00\",\"dateModified\":\"2024-07-18T09:53:06+00:00\",\"breadcrumb\":{\"@id\":\"https:\\\/\\\/www.clinicaalthea.com\\\/farmacia\\\/it\\\/apt\\\/hondro-sol\\\/#breadcrumb\"},\"inLanguage\":\"pl-PL\",\"potentialAction\":[{\"@type\":\"ReadAction\",\"target\":[\"https:\\\/\\\/www.clinicaalthea.com\\\/farmacia\\\/it\\\/apt\\\/hondro-sol\\\/\"]}]},{\"@type\":\"ImageObject\",\"inLanguage\":\"pl-PL\",\"@id\":\"https:\\\/\\\/www.clinicaalthea.com\\\/farmacia\\\/it\\\/apt\\\/hondro-sol\\\/#primaryimage\",\"url\":\"https:\\\/\\\/www.clinicaalthea.com\\\/farmacia\\\/wp-content\\\/uploads\\\/2024\\\/07\\\/Hondro-Sol.jpg\",\"contentUrl\":\"https:\\\/\\\/www.clinicaalthea.com\\\/farmacia\\\/wp-content\\\/uploads\\\/2024\\\/07\\\/Hondro-Sol.jpg\",\"width\":768,\"height\":768,\"caption\":\"Hondro Sol\"},{\"@type\":\"BreadcrumbList\",\"@id\":\"https:\\\/\\\/www.clinicaalthea.com\\\/farmacia\\\/it\\\/apt\\\/hondro-sol\\\/#breadcrumb\",\"itemListElement\":[{\"@type\":\"ListItem\",\"position\":1,\"name\":\"Strona g\u0142\u00f3wna\",\"item\":\"https:\\\/\\\/www.clinicaalthea.com\\\/farmacia\\\/\"},{\"@type\":\"ListItem\",\"position\":2,\"name\":\"Produkty\",\"item\":\"https:\\\/\\\/www.clinicaalthea.com\\\/farmacia\\\/\"},{\"@type\":\"ListItem\",\"position\":3,\"name\":\"Hondro Sol\"}]},{\"@type\":\"WebSite\",\"@id\":\"https:\\\/\\\/www.clinicaalthea.com\\\/farmacia\\\/#website\",\"url\":\"https:\\\/\\\/www.clinicaalthea.com\\\/farmacia\\\/\",\"name\":\"Clinica Althea\",\"description\":\"\",\"publisher\":{\"@id\":\"https:\\\/\\\/www.clinicaalthea.com\\\/farmacia\\\/#organization\"},\"potentialAction\":[{\"@type\":\"SearchAction\",\"target\":{\"@type\":\"EntryPoint\",\"urlTemplate\":\"https:\\\/\\\/www.clinicaalthea.com\\\/farmacia\\\/?s={search_term_string}\"},\"query-input\":{\"@type\":\"PropertyValueSpecification\",\"valueRequired\":true,\"valueName\":\"search_term_string\"}}],\"inLanguage\":\"pl-PL\"},{\"@type\":\"Organization\",\"@id\":\"https:\\\/\\\/www.clinicaalthea.com\\\/farmacia\\\/#organization\",\"name\":\"Clinica Althea\",\"url\":\"https:\\\/\\\/www.clinicaalthea.com\\\/farmacia\\\/\",\"logo\":{\"@type\":\"ImageObject\",\"inLanguage\":\"pl-PL\",\"@id\":\"https:\\\/\\\/www.clinicaalthea.com\\\/farmacia\\\/#\\\/schema\\\/logo\\\/image\\\/\",\"url\":\"https:\\\/\\\/www.clinicaalthea.com\\\/farmacia\\\/wp-content\\\/uploads\\\/2023\\\/12\\\/Jak-diagnozuje-sie-FAS_-objawy-kryteria-diagnostyczne-i-metody-diagnozowania-154162903.jpg\",\"contentUrl\":\"https:\\\/\\\/www.clinicaalthea.com\\\/farmacia\\\/wp-content\\\/uploads\\\/2023\\\/12\\\/Jak-diagnozuje-sie-FAS_-objawy-kryteria-diagnostyczne-i-metody-diagnozowania-154162903.jpg\",\"width\":1216,\"height\":832,\"caption\":\"Clinica Althea\"},\"image\":{\"@id\":\"https:\\\/\\\/www.clinicaalthea.com\\\/farmacia\\\/#\\\/schema\\\/logo\\\/image\\\/\"}}]}<\/script>\n<!-- \/ Yoast SEO plugin. -->","yoast_head_json":{"title":"Hondro Sol - Clinica Althea","robots":{"index":"index","follow":"follow","max-snippet":"max-snippet:-1","max-image-preview":"max-image-preview:large","max-video-preview":"max-video-preview:-1"},"canonical":"https:\/\/www.clinicaalthea.com\/farmacia\/it\/apt\/hondro-sol\/","og_locale":"pl_PL","og_type":"article","og_title":"Hondro Sol - Clinica Althea","og_description":"39.00 \u20ac 78.00 \u20ac","og_url":"https:\/\/www.clinicaalthea.com\/farmacia\/it\/apt\/hondro-sol\/","og_site_name":"Clinica Althea","article_modified_time":"2024-07-18T09:53:06+00:00","og_image":[{"width":768,"height":768,"url":"https:\/\/www.clinicaalthea.com\/farmacia\/wp-content\/uploads\/2024\/07\/Hondro-Sol.jpg","type":"image\/jpeg"}],"twitter_card":"summary_large_image","twitter_misc":{"Szacowany czas czytania":"6 minut"},"schema":{"@context":"https:\/\/schema.org","@graph":[{"@type":"WebPage","@id":"https:\/\/www.clinicaalthea.com\/farmacia\/it\/apt\/hondro-sol\/","url":"https:\/\/www.clinicaalthea.com\/farmacia\/it\/apt\/hondro-sol\/","name":"Hondro Sol - Clinica Althea","isPartOf":{"@id":"https:\/\/www.clinicaalthea.com\/farmacia\/#website"},"primaryImageOfPage":{"@id":"https:\/\/www.clinicaalthea.com\/farmacia\/it\/apt\/hondro-sol\/#primaryimage"},"image":{"@id":"https:\/\/www.clinicaalthea.com\/farmacia\/it\/apt\/hondro-sol\/#primaryimage"},"thumbnailUrl":"https:\/\/www.clinicaalthea.com\/farmacia\/wp-content\/uploads\/2024\/07\/Hondro-Sol.jpg","datePublished":"2024-07-18T09:49:22+00:00","dateModified":"2024-07-18T09:53:06+00:00","breadcrumb":{"@id":"https:\/\/www.clinicaalthea.com\/farmacia\/it\/apt\/hondro-sol\/#breadcrumb"},"inLanguage":"pl-PL","potentialAction":[{"@type":"ReadAction","target":["https:\/\/www.clinicaalthea.com\/farmacia\/it\/apt\/hondro-sol\/"]}]},{"@type":"ImageObject","inLanguage":"pl-PL","@id":"https:\/\/www.clinicaalthea.com\/farmacia\/it\/apt\/hondro-sol\/#primaryimage","url":"https:\/\/www.clinicaalthea.com\/farmacia\/wp-content\/uploads\/2024\/07\/Hondro-Sol.jpg","contentUrl":"https:\/\/www.clinicaalthea.com\/farmacia\/wp-content\/uploads\/2024\/07\/Hondro-Sol.jpg","width":768,"height":768,"caption":"Hondro Sol"},{"@type":"BreadcrumbList","@id":"https:\/\/www.clinicaalthea.com\/farmacia\/it\/apt\/hondro-sol\/#breadcrumb","itemListElement":[{"@type":"ListItem","position":1,"name":"Strona g\u0142\u00f3wna","item":"https:\/\/www.clinicaalthea.com\/farmacia\/"},{"@type":"ListItem","position":2,"name":"Produkty","item":"https:\/\/www.clinicaalthea.com\/farmacia\/"},{"@type":"ListItem","position":3,"name":"Hondro Sol"}]},{"@type":"WebSite","@id":"https:\/\/www.clinicaalthea.com\/farmacia\/#website","url":"https:\/\/www.clinicaalthea.com\/farmacia\/","name":"Clinica Althea","description":"","publisher":{"@id":"https:\/\/www.clinicaalthea.com\/farmacia\/#organization"},"potentialAction":[{"@type":"SearchAction","target":{"@type":"EntryPoint","urlTemplate":"https:\/\/www.clinicaalthea.com\/farmacia\/?s={search_term_string}"},"query-input":{"@type":"PropertyValueSpecification","valueRequired":true,"valueName":"search_term_string"}}],"inLanguage":"pl-PL"},{"@type":"Organization","@id":"https:\/\/www.clinicaalthea.com\/farmacia\/#organization","name":"Clinica Althea","url":"https:\/\/www.clinicaalthea.com\/farmacia\/","logo":{"@type":"ImageObject","inLanguage":"pl-PL","@id":"https:\/\/www.clinicaalthea.com\/farmacia\/#\/schema\/logo\/image\/","url":"https:\/\/www.clinicaalthea.com\/farmacia\/wp-content\/uploads\/2023\/12\/Jak-diagnozuje-sie-FAS_-objawy-kryteria-diagnostyczne-i-metody-diagnozowania-154162903.jpg","contentUrl":"https:\/\/www.clinicaalthea.com\/farmacia\/wp-content\/uploads\/2023\/12\/Jak-diagnozuje-sie-FAS_-objawy-kryteria-diagnostyczne-i-metody-diagnozowania-154162903.jpg","width":1216,"height":832,"caption":"Clinica Althea"},"image":{"@id":"https:\/\/www.clinicaalthea.com\/farmacia\/#\/schema\/logo\/image\/"}}]}},"lang":"it","translations":{"it":7160,"pl":7139,"de":7148,"es":7152,"el":7156,"bg":7164,"cs":7168,"hu":7170,"ro":7173,"sk":7175},"pll_sync_post":[],"_links":{"self":[{"href":"https:\/\/www.clinicaalthea.com\/farmacia\/wp-json\/wp\/v2\/product\/7160","targetHints":{"allow":["GET"]}}],"collection":[{"href":"https:\/\/www.clinicaalthea.com\/farmacia\/wp-json\/wp\/v2\/product"}],"about":[{"href":"https:\/\/www.clinicaalthea.com\/farmacia\/wp-json\/wp\/v2\/types\/product"}],"replies":[{"embeddable":true,"href":"https:\/\/www.clinicaalthea.com\/farmacia\/wp-json\/wp\/v2\/comments?post=7160"}],"wp:featuredmedia":[{"embeddable":true,"href":"https:\/\/www.clinicaalthea.com\/farmacia\/wp-json\/wp\/v2\/media\/7144"}],"wp:attachment":[{"href":"https:\/\/www.clinicaalthea.com\/farmacia\/wp-json\/wp\/v2\/media?parent=7160"}],"wp:term":[{"taxonomy":"product_brand","embeddable":true,"href":"https:\/\/www.clinicaalthea.com\/farmacia\/wp-json\/wp\/v2\/product_brand?post=7160"},{"taxonomy":"product_cat","embeddable":true,"href":"https:\/\/www.clinicaalthea.com\/farmacia\/wp-json\/wp\/v2\/product_cat?post=7160"},{"taxonomy":"product_tag","embeddable":true,"href":"https:\/\/www.clinicaalthea.com\/farmacia\/wp-json\/wp\/v2\/product_tag?post=7160"}],"curies":[{"name":"wp","href":"https:\/\/api.w.org\/{rel}","templated":true}]}}