{"id":7152,"date":"2024-07-18T10:47:44","date_gmt":"2024-07-18T09:47:44","guid":{"rendered":"https:\/\/mayoguide.org\/produkty\/?post_type=product&#038;p=7152"},"modified":"2024-07-18T10:53:06","modified_gmt":"2024-07-18T09:53:06","slug":"hondro-sol","status":"publish","type":"product","link":"https:\/\/www.clinicaalthea.com\/farmacia\/es\/apt\/hondro-sol\/","title":{"rendered":"Hondro Sol"},"content":{"rendered":"<h2 class=\"wp-block-heading\" id=\"h-co-to-jest-hondro-sol-i-jak-dziala\">\u00bfQu\u00e9 es Hondro Sol y c\u00f3mo funciona?<\/h2>\n\n\n<p>Hondro Sol es un preparado que contiene <strong>ingredientes naturales<\/strong> con efecto calmante. El principal ingrediente activo es <em>la glucosamina<\/em>, que favorece la regeneraci\u00f3n y protecci\u00f3n de articulaciones y m\u00fasculos. Adem\u00e1s, Hondro Sol contiene <em>col\u00e1geno<\/em>, que mejora la elasticidad y resistencia de los tejidos, y <em>aceite de \u00e1rnica<\/em>, que tiene propiedades antiinflamatorias. Como resultado, el spray Hondro Sol act\u00faa de forma t\u00f3pica sobre las zonas afectadas por el dolor, aportando alivio y reduciendo las molestias.<\/p>\n\n\n<h2 class=\"wp-block-heading\">Efectos de Hondro Sol<\/h2>\n\n\n<p>El <b>uso de Hondro<\/b> Sol tiene muchos efectos beneficiosos que mejoran significativamente la comodidad de la vida. Las propiedades del preparado ayudan a reducir los dolores articulares y musculares, aportando un alivio inmediato.<\/p>\n\n\n<p>Con Hondro Sol tambi\u00e9n es posible mejorar la flexibilidad de las articulaciones, lo que repercute positivamente en la amplitud de movimientos y la forma f\u00edsica general. Se promueve la regeneraci\u00f3n de las articulaciones, evitando as\u00ed la rigidez y las restricciones en las actividades diarias.<\/p>\n\n\n<p>El fortalecimiento y la reconstrucci\u00f3n de los m\u00fasculos son otros <b>efectos de Hondro Sol<\/b>. Gracias a este preparado, los m\u00fasculos adquieren mayor resistencia, lo que se traduce en una mejor capacidad para realizar actividades f\u00edsicamente exigentes. Adem\u00e1s, se reduce la resistencia durante el movimiento, lo que facilita las actividades cotidianas.<\/p>\n\n\n<p>Uno de los efectos importantes de Hondro Sol es la <b>reducci\u00f3n del tiempo de recuperaci\u00f3n<\/b> tras una lesi\u00f3n o traumatismo. Al favorecer los procesos regenerativos del organismo, el aerosol acelera la recuperaci\u00f3n y permite retomar m\u00e1s r\u00e1pidamente la actividad f\u00edsica.<\/p>\n\n\n<h2 class=\"wp-block-heading\">Uso y dosificaci\u00f3n de Hondro Sol<\/h2>\n\n\n<p>Hondro Sol est\u00e1 disponible en forma de spray, lo que facilita su aplicaci\u00f3n en las zonas afectadas. La dosis recomendada es de 2-3 aplicaciones al d\u00eda; debe aplicarse sobre la piel limpia y seca, masajeando hasta su completa absorci\u00f3n. La duraci\u00f3n del <b>tratamiento<\/b> depende de las necesidades de cada persona y de la intensidad del dolor. Se recomienda leer el prospecto o consultar al m\u00e9dico antes de la aplicaci\u00f3n.<\/p>\n\n\n<h2 class=\"wp-block-heading\">Rese\u00f1as de usuarios de Hondro Sol<\/h2>\n\n\n<p>Los <b>comentarios sobre Hondro<\/b> Sol son en general muy positivos. Muchos usuarios alaban la eficacia de este producto y observan una reducci\u00f3n significativa del dolor y una mejora de la calidad de vida. Los <b>comentarios positivos<\/b> se refieren principalmente a los beneficios para aliviar el dolor articular y muscular.<\/p>\n\n\n<p>Entre los comentarios de los foros en l\u00ednea, los usuarios suelen destacar la facilidad de aplicaci\u00f3n del spray Hondro Sol y la <b>comodidad de su envase<\/b>. Esto hace que la aplicaci\u00f3n del producto en las zonas afectadas sea extremadamente f\u00e1cil y pr\u00e1ctica.<\/p>\n\n\n<p>No obstante, conviene tener en cuenta que las opiniones pueden variar, ya que cada organismo reacciona de forma individual a una terapia concreta. Lo que funciona para una persona no tiene por qu\u00e9 funcionar para otra.<\/p>\n\n\n<h2 class=\"wp-block-heading\" id=\"h-hondro-sol-sklad-co-zawiera\">Hondro Sol &#8211; Composici\u00f3n &#8211; \u00bfQu\u00e9 contiene?<\/h2>\n\n\n<p>Hondro Sol es un spray que contiene <strong>ingredientes naturales<\/strong> con efectos beneficiosos sobre las articulaciones y los m\u00fasculos. <strong>La composici\u00f3n de<\/strong> esta f\u00f3rmula incluye tres ingredientes clave:<\/p>\n\n\n\n<ol class=\"wp-block-list\">\n<li><strong>Glucosamina:<\/strong> Es la sustancia activa responsable de promover la regeneraci\u00f3n del cart\u00edlago y prevenir su degradaci\u00f3n. Tiene un efecto protector sobre las articulaciones, proporcionando alivio del dolor.<\/li>\n\n\n\n<li><strong>Col\u00e1geno:<\/strong> Este ingrediente est\u00e1 dise\u00f1ado para fortalecer y reconstruir los tejidos conectivos. Mejora la flexibilidad de las articulaciones, lo que repercute positivamente en su funcionamiento.<\/li>\n\n\n\n<li><strong>Aceite de \u00e1rnica:<\/strong> Este aceite tiene un efecto antiinflamatorio y analg\u00e9sico. Est\u00e1 dise\u00f1ado para aliviar los s\u00edntomas dolorosos y ayudar a reducir la inflamaci\u00f3n en articulaciones y m\u00fasculos.<\/li>\n<\/ol>\n\n\n<h2 class=\"wp-block-heading\">Precio y compra de Hondro Sol<\/h2>\n\n\n<p>Si est\u00e1 considerando comprar Hondro Sol, es importante que sepa que el precio del producto puede variar dependiendo de d\u00f3nde lo compre. Sin embargo, el mejor y m\u00e1s seguro lugar para comprar Hondro Sol es <b>la p\u00e1gina web oficial<\/b> del fabricante.<\/p>\n\n\n<p><b>La web oficial del fabricante<\/b> Hondro Sol es su garant\u00eda de un producto original que cumplir\u00e1 sus expectativas. Adem\u00e1s, las compras en el sitio oficial suelen ir acompa\u00f1adas de atractivas promociones y descuentos que te ayudar\u00e1n a ahorrar dinero.<\/p>\n\n\n<p>Vale la pena recordar que existe el riesgo de comprar falsificaciones, as\u00ed que evite comprar Hondro Sol en sitios web desconocidos o farmacias estacionarias. El producto Hondro Sol genuino s\u00f3lo est\u00e1 disponible en el sitio web oficial del fabricante.<\/p>\n\n\n<h2 class=\"wp-block-heading\">Efectos secundarios y contraindicaciones de Hondro Sol<\/h2>\n\n\n<p>En general, Hondro Sol se considera un producto seguro, pero existe la posibilidad de que aparezcan efectos secundarios o contraindicaciones para su uso. Se recomienda leer el prospecto del producto y seguir estrictamente las recomendaciones del fabricante antes de iniciar el tratamiento con Hondro Sol. Tambi\u00e9n es importante probar el producto en una peque\u00f1a zona de la piel antes de utilizarlo en su totalidad. Si se produce alg\u00fan efecto secundario no deseado, interrumpa su uso y consulte a su m\u00e9dico.<\/p>\n\n\n<h2 class=\"wp-block-heading\">Recomendaciones de m\u00e9dicos y fisioterapeutas<\/h2>\n\n\n<p>Por su acci\u00f3n y composici\u00f3n segura, Hondro Sol es reconocido por m\u00e9dicos y fisioterapeutas que lo recomiendan a sus pacientes. Los <b>estudios cl\u00ednicos<\/b> confirman la eficacia de Hondro Sol como m\u00e9todo eficaz para aliviar los dolores articulares y musculares. Por ello, los especialistas recomiendan este producto para mejorar la calidad de vida de las personas que sufren dolencias reum\u00e1ticas y lesiones deportivas.<\/p>\n\n\n<p>Gracias a sus propiedades analg\u00e9sicas y reductoras del malestar, Hondro Sol es valorado por m\u00e9dicos y fisioterapeutas como un remedio eficaz para <b>reducir el dolor<\/b> articular y muscular. Su formulaci\u00f3n segura, a base de ingredientes naturales, hace que sea bien tolerado por el organismo. Gracias a los estudios cl\u00ednicos, sabemos que Hondro Sol es un m\u00e9todo eficaz y seguro para favorecer la regeneraci\u00f3n y aliviar las dolencias musculoesquel\u00e9ticas.<\/p>\n\n\n<p>Las recomendaciones de m\u00e9dicos y fisioterapeutas son prueba de la gran eficacia y seguridad de Hondro Sol. Gracias a las recomendaciones de estos especialistas, los pacientes pueden recurrir a un producto fiable y digno de confianza. Hondro Sol es un m\u00e9todo fiable para aliviar los dolores articulares y musculares y mejorar la calidad de vida.<\/p>\n","protected":false},"excerpt":{"rendered":"<p><strong>39.00 \u20ac<\/strong><\/p>\n<p><del>78.00 \u20ac<\/del><\/p>\n<p><strong>[date_countdown]<\/strong><\/p>\n","protected":false},"featured_media":7144,"comment_status":"open","ping_status":"closed","template":"","meta":{"neve_meta_sidebar":"","neve_meta_container":"","neve_meta_enable_content_width":"","neve_meta_content_width":0,"neve_meta_title_alignment":"","neve_meta_author_avatar":"","neve_post_elements_order":"","neve_meta_disable_header":"","neve_meta_disable_footer":"","neve_meta_disable_title":"","neve_meta_reading_time":""},"product_brand":[],"product_cat":[73],"product_tag":[],"class_list":{"0":"post-7152","1":"product","2":"type-product","3":"status-publish","4":"has-post-thumbnail","6":"product_cat-salud","8":"first","9":"instock","10":"shipping-taxable","11":"product-type-external"},"yoast_head":"<!-- This site is optimized with the Yoast SEO plugin v27.4 - https:\/\/yoast.com\/product\/yoast-seo-wordpress\/ -->\n<title>Hondro Sol - Clinica Althea<\/title>\n<meta name=\"robots\" content=\"index, follow, max-snippet:-1, max-image-preview:large, max-video-preview:-1\" \/>\n<link rel=\"canonical\" href=\"https:\/\/www.clinicaalthea.com\/farmacia\/es\/apt\/hondro-sol\/\" \/>\n<meta property=\"og:locale\" content=\"pl_PL\" \/>\n<meta property=\"og:type\" content=\"article\" \/>\n<meta property=\"og:title\" content=\"Hondro Sol - Clinica Althea\" \/>\n<meta property=\"og:description\" content=\"39.00 \u20ac 78.00 \u20ac\" \/>\n<meta property=\"og:url\" content=\"https:\/\/www.clinicaalthea.com\/farmacia\/es\/apt\/hondro-sol\/\" \/>\n<meta property=\"og:site_name\" content=\"Clinica Althea\" \/>\n<meta property=\"article:modified_time\" content=\"2024-07-18T09:53:06+00:00\" \/>\n<meta property=\"og:image\" content=\"https:\/\/www.clinicaalthea.com\/farmacia\/wp-content\/uploads\/2024\/07\/Hondro-Sol.jpg\" \/>\n\t<meta property=\"og:image:width\" content=\"768\" \/>\n\t<meta property=\"og:image:height\" content=\"768\" \/>\n\t<meta property=\"og:image:type\" content=\"image\/jpeg\" \/>\n<meta name=\"twitter:card\" content=\"summary_large_image\" \/>\n<meta name=\"twitter:label1\" content=\"Szacowany czas czytania\" \/>\n\t<meta name=\"twitter:data1\" content=\"7 minut\" \/>\n<script type=\"application\/ld+json\" class=\"yoast-schema-graph\">{\"@context\":\"https:\\\/\\\/schema.org\",\"@graph\":[{\"@type\":\"WebPage\",\"@id\":\"https:\\\/\\\/www.clinicaalthea.com\\\/farmacia\\\/es\\\/apt\\\/hondro-sol\\\/\",\"url\":\"https:\\\/\\\/www.clinicaalthea.com\\\/farmacia\\\/es\\\/apt\\\/hondro-sol\\\/\",\"name\":\"Hondro Sol - Clinica Althea\",\"isPartOf\":{\"@id\":\"https:\\\/\\\/www.clinicaalthea.com\\\/farmacia\\\/#website\"},\"primaryImageOfPage\":{\"@id\":\"https:\\\/\\\/www.clinicaalthea.com\\\/farmacia\\\/es\\\/apt\\\/hondro-sol\\\/#primaryimage\"},\"image\":{\"@id\":\"https:\\\/\\\/www.clinicaalthea.com\\\/farmacia\\\/es\\\/apt\\\/hondro-sol\\\/#primaryimage\"},\"thumbnailUrl\":\"https:\\\/\\\/www.clinicaalthea.com\\\/farmacia\\\/wp-content\\\/uploads\\\/2024\\\/07\\\/Hondro-Sol.jpg\",\"datePublished\":\"2024-07-18T09:47:44+00:00\",\"dateModified\":\"2024-07-18T09:53:06+00:00\",\"breadcrumb\":{\"@id\":\"https:\\\/\\\/www.clinicaalthea.com\\\/farmacia\\\/es\\\/apt\\\/hondro-sol\\\/#breadcrumb\"},\"inLanguage\":\"pl-PL\",\"potentialAction\":[{\"@type\":\"ReadAction\",\"target\":[\"https:\\\/\\\/www.clinicaalthea.com\\\/farmacia\\\/es\\\/apt\\\/hondro-sol\\\/\"]}]},{\"@type\":\"ImageObject\",\"inLanguage\":\"pl-PL\",\"@id\":\"https:\\\/\\\/www.clinicaalthea.com\\\/farmacia\\\/es\\\/apt\\\/hondro-sol\\\/#primaryimage\",\"url\":\"https:\\\/\\\/www.clinicaalthea.com\\\/farmacia\\\/wp-content\\\/uploads\\\/2024\\\/07\\\/Hondro-Sol.jpg\",\"contentUrl\":\"https:\\\/\\\/www.clinicaalthea.com\\\/farmacia\\\/wp-content\\\/uploads\\\/2024\\\/07\\\/Hondro-Sol.jpg\",\"width\":768,\"height\":768,\"caption\":\"Hondro Sol\"},{\"@type\":\"BreadcrumbList\",\"@id\":\"https:\\\/\\\/www.clinicaalthea.com\\\/farmacia\\\/es\\\/apt\\\/hondro-sol\\\/#breadcrumb\",\"itemListElement\":[{\"@type\":\"ListItem\",\"position\":1,\"name\":\"Strona g\u0142\u00f3wna\",\"item\":\"https:\\\/\\\/www.clinicaalthea.com\\\/farmacia\\\/\"},{\"@type\":\"ListItem\",\"position\":2,\"name\":\"Produkty\",\"item\":\"https:\\\/\\\/www.clinicaalthea.com\\\/farmacia\\\/\"},{\"@type\":\"ListItem\",\"position\":3,\"name\":\"Hondro Sol\"}]},{\"@type\":\"WebSite\",\"@id\":\"https:\\\/\\\/www.clinicaalthea.com\\\/farmacia\\\/#website\",\"url\":\"https:\\\/\\\/www.clinicaalthea.com\\\/farmacia\\\/\",\"name\":\"Clinica Althea\",\"description\":\"\",\"publisher\":{\"@id\":\"https:\\\/\\\/www.clinicaalthea.com\\\/farmacia\\\/#organization\"},\"potentialAction\":[{\"@type\":\"SearchAction\",\"target\":{\"@type\":\"EntryPoint\",\"urlTemplate\":\"https:\\\/\\\/www.clinicaalthea.com\\\/farmacia\\\/?s={search_term_string}\"},\"query-input\":{\"@type\":\"PropertyValueSpecification\",\"valueRequired\":true,\"valueName\":\"search_term_string\"}}],\"inLanguage\":\"pl-PL\"},{\"@type\":\"Organization\",\"@id\":\"https:\\\/\\\/www.clinicaalthea.com\\\/farmacia\\\/#organization\",\"name\":\"Clinica Althea\",\"url\":\"https:\\\/\\\/www.clinicaalthea.com\\\/farmacia\\\/\",\"logo\":{\"@type\":\"ImageObject\",\"inLanguage\":\"pl-PL\",\"@id\":\"https:\\\/\\\/www.clinicaalthea.com\\\/farmacia\\\/#\\\/schema\\\/logo\\\/image\\\/\",\"url\":\"https:\\\/\\\/www.clinicaalthea.com\\\/farmacia\\\/wp-content\\\/uploads\\\/2023\\\/12\\\/Jak-diagnozuje-sie-FAS_-objawy-kryteria-diagnostyczne-i-metody-diagnozowania-154162903.jpg\",\"contentUrl\":\"https:\\\/\\\/www.clinicaalthea.com\\\/farmacia\\\/wp-content\\\/uploads\\\/2023\\\/12\\\/Jak-diagnozuje-sie-FAS_-objawy-kryteria-diagnostyczne-i-metody-diagnozowania-154162903.jpg\",\"width\":1216,\"height\":832,\"caption\":\"Clinica Althea\"},\"image\":{\"@id\":\"https:\\\/\\\/www.clinicaalthea.com\\\/farmacia\\\/#\\\/schema\\\/logo\\\/image\\\/\"}}]}<\/script>\n<!-- \/ Yoast SEO plugin. -->","yoast_head_json":{"title":"Hondro Sol - Clinica Althea","robots":{"index":"index","follow":"follow","max-snippet":"max-snippet:-1","max-image-preview":"max-image-preview:large","max-video-preview":"max-video-preview:-1"},"canonical":"https:\/\/www.clinicaalthea.com\/farmacia\/es\/apt\/hondro-sol\/","og_locale":"pl_PL","og_type":"article","og_title":"Hondro Sol - Clinica Althea","og_description":"39.00 \u20ac 78.00 \u20ac","og_url":"https:\/\/www.clinicaalthea.com\/farmacia\/es\/apt\/hondro-sol\/","og_site_name":"Clinica Althea","article_modified_time":"2024-07-18T09:53:06+00:00","og_image":[{"width":768,"height":768,"url":"https:\/\/www.clinicaalthea.com\/farmacia\/wp-content\/uploads\/2024\/07\/Hondro-Sol.jpg","type":"image\/jpeg"}],"twitter_card":"summary_large_image","twitter_misc":{"Szacowany czas czytania":"7 minut"},"schema":{"@context":"https:\/\/schema.org","@graph":[{"@type":"WebPage","@id":"https:\/\/www.clinicaalthea.com\/farmacia\/es\/apt\/hondro-sol\/","url":"https:\/\/www.clinicaalthea.com\/farmacia\/es\/apt\/hondro-sol\/","name":"Hondro Sol - Clinica Althea","isPartOf":{"@id":"https:\/\/www.clinicaalthea.com\/farmacia\/#website"},"primaryImageOfPage":{"@id":"https:\/\/www.clinicaalthea.com\/farmacia\/es\/apt\/hondro-sol\/#primaryimage"},"image":{"@id":"https:\/\/www.clinicaalthea.com\/farmacia\/es\/apt\/hondro-sol\/#primaryimage"},"thumbnailUrl":"https:\/\/www.clinicaalthea.com\/farmacia\/wp-content\/uploads\/2024\/07\/Hondro-Sol.jpg","datePublished":"2024-07-18T09:47:44+00:00","dateModified":"2024-07-18T09:53:06+00:00","breadcrumb":{"@id":"https:\/\/www.clinicaalthea.com\/farmacia\/es\/apt\/hondro-sol\/#breadcrumb"},"inLanguage":"pl-PL","potentialAction":[{"@type":"ReadAction","target":["https:\/\/www.clinicaalthea.com\/farmacia\/es\/apt\/hondro-sol\/"]}]},{"@type":"ImageObject","inLanguage":"pl-PL","@id":"https:\/\/www.clinicaalthea.com\/farmacia\/es\/apt\/hondro-sol\/#primaryimage","url":"https:\/\/www.clinicaalthea.com\/farmacia\/wp-content\/uploads\/2024\/07\/Hondro-Sol.jpg","contentUrl":"https:\/\/www.clinicaalthea.com\/farmacia\/wp-content\/uploads\/2024\/07\/Hondro-Sol.jpg","width":768,"height":768,"caption":"Hondro Sol"},{"@type":"BreadcrumbList","@id":"https:\/\/www.clinicaalthea.com\/farmacia\/es\/apt\/hondro-sol\/#breadcrumb","itemListElement":[{"@type":"ListItem","position":1,"name":"Strona g\u0142\u00f3wna","item":"https:\/\/www.clinicaalthea.com\/farmacia\/"},{"@type":"ListItem","position":2,"name":"Produkty","item":"https:\/\/www.clinicaalthea.com\/farmacia\/"},{"@type":"ListItem","position":3,"name":"Hondro Sol"}]},{"@type":"WebSite","@id":"https:\/\/www.clinicaalthea.com\/farmacia\/#website","url":"https:\/\/www.clinicaalthea.com\/farmacia\/","name":"Clinica Althea","description":"","publisher":{"@id":"https:\/\/www.clinicaalthea.com\/farmacia\/#organization"},"potentialAction":[{"@type":"SearchAction","target":{"@type":"EntryPoint","urlTemplate":"https:\/\/www.clinicaalthea.com\/farmacia\/?s={search_term_string}"},"query-input":{"@type":"PropertyValueSpecification","valueRequired":true,"valueName":"search_term_string"}}],"inLanguage":"pl-PL"},{"@type":"Organization","@id":"https:\/\/www.clinicaalthea.com\/farmacia\/#organization","name":"Clinica Althea","url":"https:\/\/www.clinicaalthea.com\/farmacia\/","logo":{"@type":"ImageObject","inLanguage":"pl-PL","@id":"https:\/\/www.clinicaalthea.com\/farmacia\/#\/schema\/logo\/image\/","url":"https:\/\/www.clinicaalthea.com\/farmacia\/wp-content\/uploads\/2023\/12\/Jak-diagnozuje-sie-FAS_-objawy-kryteria-diagnostyczne-i-metody-diagnozowania-154162903.jpg","contentUrl":"https:\/\/www.clinicaalthea.com\/farmacia\/wp-content\/uploads\/2023\/12\/Jak-diagnozuje-sie-FAS_-objawy-kryteria-diagnostyczne-i-metody-diagnozowania-154162903.jpg","width":1216,"height":832,"caption":"Clinica Althea"},"image":{"@id":"https:\/\/www.clinicaalthea.com\/farmacia\/#\/schema\/logo\/image\/"}}]}},"lang":"es","translations":{"es":7152,"pl":7139,"de":7148,"el":7156,"it":7160,"bg":7164,"cs":7168,"hu":7170,"ro":7173,"sk":7175},"pll_sync_post":[],"_links":{"self":[{"href":"https:\/\/www.clinicaalthea.com\/farmacia\/wp-json\/wp\/v2\/product\/7152","targetHints":{"allow":["GET"]}}],"collection":[{"href":"https:\/\/www.clinicaalthea.com\/farmacia\/wp-json\/wp\/v2\/product"}],"about":[{"href":"https:\/\/www.clinicaalthea.com\/farmacia\/wp-json\/wp\/v2\/types\/product"}],"replies":[{"embeddable":true,"href":"https:\/\/www.clinicaalthea.com\/farmacia\/wp-json\/wp\/v2\/comments?post=7152"}],"wp:featuredmedia":[{"embeddable":true,"href":"https:\/\/www.clinicaalthea.com\/farmacia\/wp-json\/wp\/v2\/media\/7144"}],"wp:attachment":[{"href":"https:\/\/www.clinicaalthea.com\/farmacia\/wp-json\/wp\/v2\/media?parent=7152"}],"wp:term":[{"taxonomy":"product_brand","embeddable":true,"href":"https:\/\/www.clinicaalthea.com\/farmacia\/wp-json\/wp\/v2\/product_brand?post=7152"},{"taxonomy":"product_cat","embeddable":true,"href":"https:\/\/www.clinicaalthea.com\/farmacia\/wp-json\/wp\/v2\/product_cat?post=7152"},{"taxonomy":"product_tag","embeddable":true,"href":"https:\/\/www.clinicaalthea.com\/farmacia\/wp-json\/wp\/v2\/product_tag?post=7152"}],"curies":[{"name":"wp","href":"https:\/\/api.w.org\/{rel}","templated":true}]}}