{"id":7148,"date":"2024-07-18T10:47:03","date_gmt":"2024-07-18T09:47:03","guid":{"rendered":"https:\/\/mayoguide.org\/produkty\/?post_type=product&#038;p=7148"},"modified":"2024-07-18T10:53:06","modified_gmt":"2024-07-18T09:53:06","slug":"hondro-sol","status":"publish","type":"product","link":"https:\/\/www.clinicaalthea.com\/farmacia\/de\/apt\/hondro-sol\/","title":{"rendered":"Hondro Sol"},"content":{"rendered":"\n<h2 class=\"wp-block-heading\" id=\"h-co-to-jest-hondro-sol-i-jak-dziala\">Was ist Hondro Sol und wie funktioniert es?<\/h2>\n\n\n\n<p>Hondro Sol ist ein Pr\u00e4parat mit <strong>nat\u00fcrlichen Inhaltsstoffen<\/strong>, die eine lindernde Wirkung haben. Der Hauptwirkstoff ist <em>Glucosamin<\/em>, das die Regeneration und den Schutz von Gelenken und Muskeln unterst\u00fctzt. Dar\u00fcber hinaus enth\u00e4lt Hondro Sol <em>Kollagen<\/em>, das die Elastizit\u00e4t und Festigkeit des Gewebes verbessert, und <em>Arnika\u00f6l<\/em>, das entz\u00fcndungshemmende Eigenschaften hat. So wirkt Hondro Sol Spray lokal auf die von Schmerzen betroffenen Stellen und verschafft Erleichterung und Linderung der Beschwerden.<\/p>\n\n\n\n<h2 class=\"wp-block-heading\">Auswirkungen von Hondro Sol<\/h2>\n\n\n\n<p>Die <b>Anwendung von Hondro Sol<\/b> hat viele positive Auswirkungen, die den Lebenskomfort deutlich verbessern. Die Eigenschaften des Pr\u00e4parats tragen dazu bei, Gelenk- und Muskelschmerzen zu lindern und bringen sofortige Erleichterung.<\/p>\n\n\n\n<p>Mit Hondro Sol ist es auch m\u00f6glich, die Flexibilit\u00e4t der Gelenke zu verbessern, was sich positiv auf den Bewegungsradius und die allgemeine Fitness auswirkt. Die Regeneration der Gelenke wird gef\u00f6rdert, wodurch Steifheit und Einschr\u00e4nkungen bei t\u00e4glichen Aktivit\u00e4ten vermieden werden.<\/p>\n\n\n\n<p>Die St\u00e4rkung und der Wiederaufbau der Muskeln sind weitere <b>Wirkungen von Hondro Sol<\/b>. Dank dieses Pr\u00e4parats gewinnen die Muskeln an Ausdauer, was zu einer besseren F\u00e4higkeit f\u00fchrt, k\u00f6rperlich anspruchsvolle T\u00e4tigkeiten auszuf\u00fchren. Au\u00dferdem wird der Widerstand bei der Bewegung verringert, was die t\u00e4glichen Aktivit\u00e4ten erleichtert.<\/p>\n\n\n\n<p>Eine der wichtigsten Wirkungen von Hondro Sol ist die Verk\u00fcrzung <b>der Erholungszeit<\/b> nach einer Verletzung oder einem Trauma. Durch die Unterst\u00fctzung der k\u00f6rpereigenen Regenerationsprozesse beschleunigt das Spray die Genesung und erm\u00f6glicht eine schnellere R\u00fcckkehr zu k\u00f6rperlicher Aktivit\u00e4t.<\/p>\n\n\n\n<h2 class=\"wp-block-heading\">Anwendung und Dosierung von Hondro Sol<\/h2>\n\n\n\n<p>Hondro Sol ist in Sprayform erh\u00e4ltlich und l\u00e4sst sich leicht auf die betroffenen Stellen auftragen. Die empfohlene Dosierung liegt bei 2-3 Anwendungen pro Tag. Hondro Sol sollte auf die saubere und trockene Haut aufgetragen und einmassiert werden, bis es vollst\u00e4ndig eingezogen ist. Die Dauer der <b>Behandlung<\/b> h\u00e4ngt von den individuellen Bed\u00fcrfnissen und der Intensit\u00e4t der Schmerzen ab. Es ist ratsam, vor der Anwendung die Packungsbeilage zu lesen oder den Arzt zu befragen.<\/p>\n\n\n\n<h2 class=\"wp-block-heading\">Benutzerbewertungen von Hondro Sol<\/h2>\n\n\n\n<p>Die <b>Bewertungen von Hondro Sol<\/b> sind im Allgemeinen sehr positiv. Viele Anwender loben die Wirksamkeit dieses Produkts und stellen eine deutliche Verringerung der Schmerzen und eine Verbesserung der Lebensqualit\u00e4t fest. <b>Die positiven Bewertungen<\/b> beziehen sich haupts\u00e4chlich auf die Linderung von Gelenk- und Muskelschmerzen.<\/p>\n\n\n\n<p>In den Kommentaren in Online-Foren betonen die Nutzer h\u00e4ufig die einfache Anwendung von Hondro Sol Spray und die <b>praktische Verpackung<\/b>. Dies macht die Anwendung des Produkts auf den betroffenen Stellen extrem einfach und handlich.<\/p>\n\n\n\n<p>Es ist jedoch zu bedenken, dass die Meinungen voneinander abweichen k\u00f6nnen, da jeder K\u00f6rper individuell auf eine bestimmte Therapie reagiert. Was f\u00fcr den einen funktioniert, muss nicht unbedingt f\u00fcr den anderen gelten.<\/p>\n\n\n\n<h2 class=\"wp-block-heading\" id=\"h-hondro-sol-sklad-co-zawiera\">Hondro Sol &#8211; Zusammensetzung &#8211; Was enth\u00e4lt es?<\/h2>\n\n\n\n<p>Hondro Sol ist ein Spray, das <strong>nat\u00fcrliche Inhaltsstoffe<\/strong> mit wohltuender Wirkung auf Gelenke und Muskeln enth\u00e4lt. <strong>Die Zusammensetzung<\/strong> dieser Formel umfasst drei Hauptbestandteile:<\/p>\n\n\n\n<ol class=\"wp-block-list\">\n<li><strong>Glucosamin:<\/strong> Dies ist der Wirkstoff, der die Knorpelregeneration f\u00f6rdert und den Knorpelabbau verhindert. Er hat eine sch\u00fctzende Wirkung auf die Gelenke und lindert Schmerzen.<\/li>\n\n\n\n<li><strong>Kollagen:<\/strong> Dieser Inhaltsstoff dient der St\u00e4rkung und dem Wiederaufbau des Bindegewebes. Er verbessert die Flexibilit\u00e4t der Gelenke, was sich positiv auf deren Funktion auswirkt.<\/li>\n\n\n\n<li><strong>Arnika\u00f6l<\/strong>: Dieses \u00d6l hat eine entz\u00fcndungshemmende und schmerzlindernde Wirkung. Es soll schmerzhafte Symptome lindern und dazu beitragen, Entz\u00fcndungen in Gelenken und Muskeln zu reduzieren.<\/li>\n<\/ol>\n\n\n\n<h2 class=\"wp-block-heading\">Preis und Kauf von Hondro Sol<\/h2>\n\n\n\n<p>Wenn Sie den Kauf von Hondro Sol in Erw\u00e4gung ziehen, ist es wichtig zu wissen, dass der Preis des Produkts je nachdem, wo Sie es kaufen, variieren kann. Der beste und sicherste Ort, um Hondro Sol zu kaufen, ist jedoch die <b>offizielle Website des Herstellers<\/b>.<\/p>\n\n\n\n<p><b>Die offizielle Website des Herstellers<\/b> Hondro Sol ist Ihre Garantie f\u00fcr ein Originalprodukt, das Ihre Erwartungen erf\u00fcllen wird. Au\u00dferdem gibt es beim Einkaufen auf der offiziellen Website oft attraktive Angebote und Rabatte, die Ihnen helfen, Geld zu sparen.<\/p>\n\n\n\n<p>Denken Sie daran, dass das Risiko besteht, F\u00e4lschungen zu kaufen. Vermeiden Sie daher den Kauf von Hondro Sol auf unbekannten Websites oder in station\u00e4ren Apotheken. Das echte Hondro Sol Produkt ist nur auf der offiziellen Website des Herstellers erh\u00e4ltlich.<\/p>\n\n\n\n<h2 class=\"wp-block-heading\">Nebenwirkungen und Kontraindikationen von Hondro Sol<\/h2>\n\n\n\n<p>Hondro Sol gilt im Allgemeinen als sicheres Produkt, aber es besteht die M\u00f6glichkeit von Nebenwirkungen oder Kontraindikationen f\u00fcr seine Verwendung. Es wird empfohlen, die Packungsbeilage zu lesen und die Empfehlungen des Herstellers genau zu befolgen, bevor mit der Behandlung mit Hondro Sol begonnen wird. Es ist auch wichtig, das Produkt vor der vollst\u00e4ndigen Anwendung an einer kleinen Hautstelle zu testen. Sollten unerw\u00fcnschte Nebenwirkungen auftreten, brechen Sie die Anwendung ab und suchen Sie Ihren Arzt auf.<\/p>\n\n\n\n<h2 class=\"wp-block-heading\">Empfehlungen von \u00c4rzten und Physiotherapeuten<\/h2>\n\n\n\n<p>Aufgrund seiner Wirkung und sicheren Zusammensetzung wird Hondro Sol von \u00c4rzten und Physiotherapeuten anerkannt, die es ihren Patienten empfehlen. <b>Klinische Studien<\/b> best\u00e4tigen die Wirksamkeit von Hondro Sol als wirksame Methode zur Linderung von Gelenk- und Muskelschmerzen. Daher empfehlen Fachleute dieses Pr\u00e4parat, um die Lebensqualit\u00e4t von Menschen zu verbessern, die unter rheumatischen Beschwerden und Sportverletzungen leiden.<\/p>\n\n\n\n<p>Dank seiner schmerzlindernden und beschwerdelindernden Eigenschaften wird Hondro Sol von \u00c4rzten und Physiotherapeuten als wirksames Mittel zur <b>Linderung von<\/b> Gelenk- und <b>Muskelschmerzen<\/b> gesch\u00e4tzt. Seine sichere Formulierung auf der Grundlage nat\u00fcrlicher Inhaltsstoffe macht es f\u00fcr den K\u00f6rper gut vertr\u00e4glich. Dank klinischer Studien wissen wir, dass Hondro Sol eine wirksame und sichere Methode zur Unterst\u00fctzung der Regeneration und zur Linderung von Beschwerden des Bewegungsapparats ist.<\/p>\n\n\n\n<p>Die Empfehlungen von \u00c4rzten und Physiotherapeuten sind der Beweis f\u00fcr die hohe Wirksamkeit und Sicherheit von Hondro Sol. Dank der Empfehlungen dieser Fachleute k\u00f6nnen die Patienten zu einem Produkt greifen, das zuverl\u00e4ssig und vertrauensw\u00fcrdig ist. Hondro Sol ist eine zuverl\u00e4ssige Methode, um Gelenk- und Muskelschmerzen zu lindern und die Lebensqualit\u00e4t zu verbessern.<\/p>\n","protected":false},"excerpt":{"rendered":"<p><strong>39.00 \u20ac<\/strong><\/p>\n<p><del>78.00 \u20ac<\/del><\/p>\n<p><strong>[date_countdown]<\/strong><\/p>\n","protected":false},"featured_media":7144,"comment_status":"open","ping_status":"closed","template":"","meta":{"neve_meta_sidebar":"","neve_meta_container":"","neve_meta_enable_content_width":"","neve_meta_content_width":0,"neve_meta_title_alignment":"","neve_meta_author_avatar":"","neve_post_elements_order":"","neve_meta_disable_header":"","neve_meta_disable_footer":"","neve_meta_disable_title":"","neve_meta_reading_time":""},"product_brand":[],"product_cat":[33],"product_tag":[],"class_list":{"0":"post-7148","1":"product","2":"type-product","3":"status-publish","4":"has-post-thumbnail","6":"product_cat-gesundheit","8":"first","9":"instock","10":"shipping-taxable","11":"product-type-external"},"yoast_head":"<!-- This site is optimized with the Yoast SEO plugin v27.4 - https:\/\/yoast.com\/product\/yoast-seo-wordpress\/ -->\n<title>Hondro Sol - Clinica Althea<\/title>\n<meta name=\"robots\" content=\"index, follow, max-snippet:-1, max-image-preview:large, max-video-preview:-1\" \/>\n<link rel=\"canonical\" href=\"https:\/\/www.clinicaalthea.com\/farmacia\/de\/apt\/hondro-sol\/\" \/>\n<meta property=\"og:locale\" content=\"pl_PL\" \/>\n<meta property=\"og:type\" content=\"article\" \/>\n<meta property=\"og:title\" content=\"Hondro Sol - Clinica Althea\" \/>\n<meta property=\"og:description\" content=\"39.00 \u20ac 78.00 \u20ac\" \/>\n<meta property=\"og:url\" content=\"https:\/\/www.clinicaalthea.com\/farmacia\/de\/apt\/hondro-sol\/\" \/>\n<meta property=\"og:site_name\" content=\"Clinica Althea\" \/>\n<meta property=\"article:modified_time\" content=\"2024-07-18T09:53:06+00:00\" \/>\n<meta property=\"og:image\" content=\"https:\/\/www.clinicaalthea.com\/farmacia\/wp-content\/uploads\/2024\/07\/Hondro-Sol.jpg\" \/>\n\t<meta property=\"og:image:width\" content=\"768\" \/>\n\t<meta property=\"og:image:height\" content=\"768\" \/>\n\t<meta property=\"og:image:type\" content=\"image\/jpeg\" \/>\n<meta name=\"twitter:card\" content=\"summary_large_image\" \/>\n<meta name=\"twitter:label1\" content=\"Szacowany czas czytania\" \/>\n\t<meta name=\"twitter:data1\" content=\"6 minut\" \/>\n<script type=\"application\/ld+json\" class=\"yoast-schema-graph\">{\"@context\":\"https:\\\/\\\/schema.org\",\"@graph\":[{\"@type\":\"WebPage\",\"@id\":\"https:\\\/\\\/www.clinicaalthea.com\\\/farmacia\\\/de\\\/apt\\\/hondro-sol\\\/\",\"url\":\"https:\\\/\\\/www.clinicaalthea.com\\\/farmacia\\\/de\\\/apt\\\/hondro-sol\\\/\",\"name\":\"Hondro Sol - Clinica Althea\",\"isPartOf\":{\"@id\":\"https:\\\/\\\/www.clinicaalthea.com\\\/farmacia\\\/#website\"},\"primaryImageOfPage\":{\"@id\":\"https:\\\/\\\/www.clinicaalthea.com\\\/farmacia\\\/de\\\/apt\\\/hondro-sol\\\/#primaryimage\"},\"image\":{\"@id\":\"https:\\\/\\\/www.clinicaalthea.com\\\/farmacia\\\/de\\\/apt\\\/hondro-sol\\\/#primaryimage\"},\"thumbnailUrl\":\"https:\\\/\\\/www.clinicaalthea.com\\\/farmacia\\\/wp-content\\\/uploads\\\/2024\\\/07\\\/Hondro-Sol.jpg\",\"datePublished\":\"2024-07-18T09:47:03+00:00\",\"dateModified\":\"2024-07-18T09:53:06+00:00\",\"breadcrumb\":{\"@id\":\"https:\\\/\\\/www.clinicaalthea.com\\\/farmacia\\\/de\\\/apt\\\/hondro-sol\\\/#breadcrumb\"},\"inLanguage\":\"pl-PL\",\"potentialAction\":[{\"@type\":\"ReadAction\",\"target\":[\"https:\\\/\\\/www.clinicaalthea.com\\\/farmacia\\\/de\\\/apt\\\/hondro-sol\\\/\"]}]},{\"@type\":\"ImageObject\",\"inLanguage\":\"pl-PL\",\"@id\":\"https:\\\/\\\/www.clinicaalthea.com\\\/farmacia\\\/de\\\/apt\\\/hondro-sol\\\/#primaryimage\",\"url\":\"https:\\\/\\\/www.clinicaalthea.com\\\/farmacia\\\/wp-content\\\/uploads\\\/2024\\\/07\\\/Hondro-Sol.jpg\",\"contentUrl\":\"https:\\\/\\\/www.clinicaalthea.com\\\/farmacia\\\/wp-content\\\/uploads\\\/2024\\\/07\\\/Hondro-Sol.jpg\",\"width\":768,\"height\":768,\"caption\":\"Hondro Sol\"},{\"@type\":\"BreadcrumbList\",\"@id\":\"https:\\\/\\\/www.clinicaalthea.com\\\/farmacia\\\/de\\\/apt\\\/hondro-sol\\\/#breadcrumb\",\"itemListElement\":[{\"@type\":\"ListItem\",\"position\":1,\"name\":\"Strona g\u0142\u00f3wna\",\"item\":\"https:\\\/\\\/www.clinicaalthea.com\\\/farmacia\\\/\"},{\"@type\":\"ListItem\",\"position\":2,\"name\":\"Produkty\",\"item\":\"https:\\\/\\\/www.clinicaalthea.com\\\/farmacia\\\/\"},{\"@type\":\"ListItem\",\"position\":3,\"name\":\"Hondro Sol\"}]},{\"@type\":\"WebSite\",\"@id\":\"https:\\\/\\\/www.clinicaalthea.com\\\/farmacia\\\/#website\",\"url\":\"https:\\\/\\\/www.clinicaalthea.com\\\/farmacia\\\/\",\"name\":\"Clinica Althea\",\"description\":\"\",\"publisher\":{\"@id\":\"https:\\\/\\\/www.clinicaalthea.com\\\/farmacia\\\/#organization\"},\"potentialAction\":[{\"@type\":\"SearchAction\",\"target\":{\"@type\":\"EntryPoint\",\"urlTemplate\":\"https:\\\/\\\/www.clinicaalthea.com\\\/farmacia\\\/?s={search_term_string}\"},\"query-input\":{\"@type\":\"PropertyValueSpecification\",\"valueRequired\":true,\"valueName\":\"search_term_string\"}}],\"inLanguage\":\"pl-PL\"},{\"@type\":\"Organization\",\"@id\":\"https:\\\/\\\/www.clinicaalthea.com\\\/farmacia\\\/#organization\",\"name\":\"Clinica Althea\",\"url\":\"https:\\\/\\\/www.clinicaalthea.com\\\/farmacia\\\/\",\"logo\":{\"@type\":\"ImageObject\",\"inLanguage\":\"pl-PL\",\"@id\":\"https:\\\/\\\/www.clinicaalthea.com\\\/farmacia\\\/#\\\/schema\\\/logo\\\/image\\\/\",\"url\":\"https:\\\/\\\/www.clinicaalthea.com\\\/farmacia\\\/wp-content\\\/uploads\\\/2023\\\/12\\\/Jak-diagnozuje-sie-FAS_-objawy-kryteria-diagnostyczne-i-metody-diagnozowania-154162903.jpg\",\"contentUrl\":\"https:\\\/\\\/www.clinicaalthea.com\\\/farmacia\\\/wp-content\\\/uploads\\\/2023\\\/12\\\/Jak-diagnozuje-sie-FAS_-objawy-kryteria-diagnostyczne-i-metody-diagnozowania-154162903.jpg\",\"width\":1216,\"height\":832,\"caption\":\"Clinica Althea\"},\"image\":{\"@id\":\"https:\\\/\\\/www.clinicaalthea.com\\\/farmacia\\\/#\\\/schema\\\/logo\\\/image\\\/\"}}]}<\/script>\n<!-- \/ Yoast SEO plugin. -->","yoast_head_json":{"title":"Hondro Sol - Clinica Althea","robots":{"index":"index","follow":"follow","max-snippet":"max-snippet:-1","max-image-preview":"max-image-preview:large","max-video-preview":"max-video-preview:-1"},"canonical":"https:\/\/www.clinicaalthea.com\/farmacia\/de\/apt\/hondro-sol\/","og_locale":"pl_PL","og_type":"article","og_title":"Hondro Sol - Clinica Althea","og_description":"39.00 \u20ac 78.00 \u20ac","og_url":"https:\/\/www.clinicaalthea.com\/farmacia\/de\/apt\/hondro-sol\/","og_site_name":"Clinica Althea","article_modified_time":"2024-07-18T09:53:06+00:00","og_image":[{"width":768,"height":768,"url":"https:\/\/www.clinicaalthea.com\/farmacia\/wp-content\/uploads\/2024\/07\/Hondro-Sol.jpg","type":"image\/jpeg"}],"twitter_card":"summary_large_image","twitter_misc":{"Szacowany czas czytania":"6 minut"},"schema":{"@context":"https:\/\/schema.org","@graph":[{"@type":"WebPage","@id":"https:\/\/www.clinicaalthea.com\/farmacia\/de\/apt\/hondro-sol\/","url":"https:\/\/www.clinicaalthea.com\/farmacia\/de\/apt\/hondro-sol\/","name":"Hondro Sol - Clinica Althea","isPartOf":{"@id":"https:\/\/www.clinicaalthea.com\/farmacia\/#website"},"primaryImageOfPage":{"@id":"https:\/\/www.clinicaalthea.com\/farmacia\/de\/apt\/hondro-sol\/#primaryimage"},"image":{"@id":"https:\/\/www.clinicaalthea.com\/farmacia\/de\/apt\/hondro-sol\/#primaryimage"},"thumbnailUrl":"https:\/\/www.clinicaalthea.com\/farmacia\/wp-content\/uploads\/2024\/07\/Hondro-Sol.jpg","datePublished":"2024-07-18T09:47:03+00:00","dateModified":"2024-07-18T09:53:06+00:00","breadcrumb":{"@id":"https:\/\/www.clinicaalthea.com\/farmacia\/de\/apt\/hondro-sol\/#breadcrumb"},"inLanguage":"pl-PL","potentialAction":[{"@type":"ReadAction","target":["https:\/\/www.clinicaalthea.com\/farmacia\/de\/apt\/hondro-sol\/"]}]},{"@type":"ImageObject","inLanguage":"pl-PL","@id":"https:\/\/www.clinicaalthea.com\/farmacia\/de\/apt\/hondro-sol\/#primaryimage","url":"https:\/\/www.clinicaalthea.com\/farmacia\/wp-content\/uploads\/2024\/07\/Hondro-Sol.jpg","contentUrl":"https:\/\/www.clinicaalthea.com\/farmacia\/wp-content\/uploads\/2024\/07\/Hondro-Sol.jpg","width":768,"height":768,"caption":"Hondro Sol"},{"@type":"BreadcrumbList","@id":"https:\/\/www.clinicaalthea.com\/farmacia\/de\/apt\/hondro-sol\/#breadcrumb","itemListElement":[{"@type":"ListItem","position":1,"name":"Strona g\u0142\u00f3wna","item":"https:\/\/www.clinicaalthea.com\/farmacia\/"},{"@type":"ListItem","position":2,"name":"Produkty","item":"https:\/\/www.clinicaalthea.com\/farmacia\/"},{"@type":"ListItem","position":3,"name":"Hondro Sol"}]},{"@type":"WebSite","@id":"https:\/\/www.clinicaalthea.com\/farmacia\/#website","url":"https:\/\/www.clinicaalthea.com\/farmacia\/","name":"Clinica Althea","description":"","publisher":{"@id":"https:\/\/www.clinicaalthea.com\/farmacia\/#organization"},"potentialAction":[{"@type":"SearchAction","target":{"@type":"EntryPoint","urlTemplate":"https:\/\/www.clinicaalthea.com\/farmacia\/?s={search_term_string}"},"query-input":{"@type":"PropertyValueSpecification","valueRequired":true,"valueName":"search_term_string"}}],"inLanguage":"pl-PL"},{"@type":"Organization","@id":"https:\/\/www.clinicaalthea.com\/farmacia\/#organization","name":"Clinica Althea","url":"https:\/\/www.clinicaalthea.com\/farmacia\/","logo":{"@type":"ImageObject","inLanguage":"pl-PL","@id":"https:\/\/www.clinicaalthea.com\/farmacia\/#\/schema\/logo\/image\/","url":"https:\/\/www.clinicaalthea.com\/farmacia\/wp-content\/uploads\/2023\/12\/Jak-diagnozuje-sie-FAS_-objawy-kryteria-diagnostyczne-i-metody-diagnozowania-154162903.jpg","contentUrl":"https:\/\/www.clinicaalthea.com\/farmacia\/wp-content\/uploads\/2023\/12\/Jak-diagnozuje-sie-FAS_-objawy-kryteria-diagnostyczne-i-metody-diagnozowania-154162903.jpg","width":1216,"height":832,"caption":"Clinica Althea"},"image":{"@id":"https:\/\/www.clinicaalthea.com\/farmacia\/#\/schema\/logo\/image\/"}}]}},"lang":"de","translations":{"de":7148,"pl":7139,"es":7152,"el":7156,"it":7160,"bg":7164,"cs":7168,"hu":7170,"ro":7173,"sk":7175},"pll_sync_post":[],"_links":{"self":[{"href":"https:\/\/www.clinicaalthea.com\/farmacia\/wp-json\/wp\/v2\/product\/7148","targetHints":{"allow":["GET"]}}],"collection":[{"href":"https:\/\/www.clinicaalthea.com\/farmacia\/wp-json\/wp\/v2\/product"}],"about":[{"href":"https:\/\/www.clinicaalthea.com\/farmacia\/wp-json\/wp\/v2\/types\/product"}],"replies":[{"embeddable":true,"href":"https:\/\/www.clinicaalthea.com\/farmacia\/wp-json\/wp\/v2\/comments?post=7148"}],"wp:featuredmedia":[{"embeddable":true,"href":"https:\/\/www.clinicaalthea.com\/farmacia\/wp-json\/wp\/v2\/media\/7144"}],"wp:attachment":[{"href":"https:\/\/www.clinicaalthea.com\/farmacia\/wp-json\/wp\/v2\/media?parent=7148"}],"wp:term":[{"taxonomy":"product_brand","embeddable":true,"href":"https:\/\/www.clinicaalthea.com\/farmacia\/wp-json\/wp\/v2\/product_brand?post=7148"},{"taxonomy":"product_cat","embeddable":true,"href":"https:\/\/www.clinicaalthea.com\/farmacia\/wp-json\/wp\/v2\/product_cat?post=7148"},{"taxonomy":"product_tag","embeddable":true,"href":"https:\/\/www.clinicaalthea.com\/farmacia\/wp-json\/wp\/v2\/product_tag?post=7148"}],"curies":[{"name":"wp","href":"https:\/\/api.w.org\/{rel}","templated":true}]}}