{"id":7103,"date":"2024-07-18T10:27:48","date_gmt":"2024-07-18T09:27:48","guid":{"rendered":"https:\/\/mayoguide.org\/produkty\/?post_type=product&#038;p=7103"},"modified":"2024-07-18T10:31:35","modified_gmt":"2024-07-18T09:31:35","slug":"revitaprost","status":"publish","type":"product","link":"https:\/\/www.clinicaalthea.com\/farmacia\/hu\/apt\/revitaprost\/","title":{"rendered":"Revitaprost"},"content":{"rendered":"\n<h2 class=\"wp-block-heading\">Milyen t\u00edpus\u00fa gy\u00f3gyszer a Revitaprost \u00e9s hogyan fejti ki hat\u00e1s\u00e1t?<\/h2>\n\n\n\n<p>A <b>Revitaprost<\/b> egy <b>term\u00e9szetes \u00e9trend-kieg\u00e9sz\u00edt\u0151<\/b> kapszula form\u00e1j\u00e1ban, amelyet a prosztata eg\u00e9szs\u00e9g\u00e9re fejlesztettek ki. A formula gondosan kiv\u00e1lasztott n\u00f6v\u00e9nyi \u00f6sszetev\u0151kb\u0151l \u00e1ll, amelyek j\u00f3t\u00e9kony hat\u00e1ssal vannak a prosztata m\u0171k\u00f6d\u00e9s\u00e9re. A Revitaprost a prosztatagyullad\u00e1ssal j\u00e1r\u00f3 t\u00fcnetek, p\u00e9ld\u00e1ul a f\u00e1jdalom, a vizel\u00e9s k\u00f6zbeni \u00e9g\u0151 \u00e9rz\u00e9s vagy a gyakori vizel\u00e9si inger enyh\u00edt\u00e9s\u00e9vel <b>fejti ki hat\u00e1s\u00e1t<\/b>. A t\u00e1pl\u00e1l\u00e9kkieg\u00e9sz\u00edt\u0151 hat\u00f3anyagai ellens\u00falyozz\u00e1k a gyullad\u00e1sos folyamatokat \u00e9s t\u00e1mogatj\u00e1k a prosztat\u00e1n bel\u00fcli regener\u00e1ci\u00f3s folyamatokat.<\/p>\n\n\n\n<p>A Revitaprost egy <b>term\u00e9szetes \u00e9trend-kieg\u00e9sz\u00edt\u0151<\/b>, amely a n\u00f6v\u00e9nyi \u00f6sszetev\u0151k j\u00f3t\u00e9kony tulajdons\u00e1gait \u00f6szt\u00f6nzi. A formula t\u00f6bb szinten is m\u0171k\u00f6dik, hogy enyh\u00edtse a prosztatagyullad\u00e1s t\u00fcneteit, jav\u00edtsa a prosztata m\u0171k\u00f6d\u00e9s\u00e9t \u00e9s el\u0151seg\u00edtse a prosztata regener\u00e1l\u00f3d\u00e1s\u00e1t. Hat\u00f3anyagainak k\u00f6sz\u00f6nhet\u0151en a Revitaprost ellens\u00falyozza a gyullad\u00e1sos folyamatokat \u00e9s felgyors\u00edtja a gy\u00f3gyul\u00e1si folyamatokat a prosztat\u00e1n bel\u00fcl.<\/p>\n\n\n\n<h3 class=\"wp-block-heading\">Ellenjavallatok \u00e9s mell\u00e9khat\u00e1sok:<\/h3>\n\n\n\n<p>Mint minden kieg\u00e9sz\u00edt\u00e9s, a Revitaprost nem biztos, hogy minden egy\u00e9n sz\u00e1m\u00e1ra alkalmas. Szed\u00e9se el\u0151tt tan\u00e1csos konzult\u00e1lni kezel\u0151orvos\u00e1val, k\u00fcl\u00f6n\u00f6sen akkor, ha m\u00e1r megl\u00e9v\u0151 eg\u00e9szs\u00e9g\u00fcgyi \u00e1llapota van, vagy m\u00e1s gy\u00f3gyszereket szed. B\u00e1r ez egy term\u00e9szetes \u00f6sszetev\u0151k\u00f6n alapul\u00f3 \u00e9trend-kieg\u00e9sz\u00edt\u0151, fenn\u00e1ll az allergi\u00e1s reakci\u00f3k kock\u00e1zata azokn\u00e1l, akik t\u00fal\u00e9rz\u00e9kenyek a term\u00e9k b\u00e1rmelyik \u00f6sszetev\u0151j\u00e9re. A mell\u00e9khat\u00e1sok elker\u00fcl\u00e9se \u00e9rdek\u00e9ben ugyanilyen fontos az adagol\u00e1si aj\u00e1nl\u00e1sok betart\u00e1sa. K\u00e9ts\u00e9g eset\u00e9n mindig forduljon orvos\u00e1hoz.<\/p>\n\n\n\n<figure class=\"wp-block-table\"><table><tbody><tr><th>Ellenjavallatok<\/th><th>Mell\u00e9khat\u00e1sok<\/th><\/tr><tr><td>A term\u00e9k \u00f6sszetev\u0151ire allergi\u00e1s szem\u00e9lyek<\/td><td>Allergi\u00e1s reakci\u00f3k ritka esetei<\/td><\/tr><tr><td>Megl\u00e9v\u0151 eg\u00e9szs\u00e9gi \u00e1llapot\u00fa emberek<\/td><td><b>Mell\u00e9khat\u00e1sok<\/b> el\u0151fordulhatnak, forduljon orvos\u00e1hoz<\/td><\/tr><tr><td>Egy\u00e9b k\u00e1b\u00edt\u00f3szereket szed\u0151 szem\u00e9lyek<\/td><td>Gy\u00f3gyszerk\u00f6lcs\u00f6nhat\u00e1sok el\u0151fordulhatnak, forduljon orvos\u00e1hoz<\/td><\/tr><\/tbody><\/table><\/figure>\n\n\n\n<h2 class=\"wp-block-heading\">A Revitaprost el\u0151nyei &#8211; hat\u00e1sok<\/h2>\n\n\n\n<p>A Revitaprost alkalmaz\u00e1sa sz\u00e1mos <b>el\u0151nyt<\/b> \u00e9s hat\u00e1st biztos\u00edthat a prosztata eg\u00e9szs\u00e9g\u00e9vel kapcsolatban. Rendszeres haszn\u00e1lata enyh\u00edtheti a prosztatagyullad\u00e1s t\u00fcneteit, mint p\u00e9ld\u00e1ul a f\u00e1jdalom, \u00e9g\u0151 \u00e9rz\u00e9s \u00e9s vizel\u00e9si neh\u00e9zs\u00e9g. A Revitaprost tov\u00e1bb\u00e1 seg\u00edt fenntartani a norm\u00e1l vizelet\u00fcr\u00edt\u00e9si funkci\u00f3t, valamint t\u00e1mogatja a libid\u00f3t \u00e9s jav\u00edtja a f\u00e9rfiak szexu\u00e1lis \u00e9let\u00e9t. \u00d6sszetev\u0151i r\u00e9v\u00e9n a Revitaprost megel\u0151z\u0151 hat\u00e1s\u00fa, seg\u00edt megv\u00e9deni a prosztata rendelleness\u00e9gekkel kapcsolatos sz\u00f6v\u0151dm\u00e9nyekkel szemben.<\/p>\n\n\n\n<h2 class=\"wp-block-heading\">Hogyan kell haszn\u00e1lni a Revitaprostot &#8211; Haszn\u00e1lati utas\u00edt\u00e1s \u00e9s adagol\u00e1s<\/h2>\n\n\n\n<p>Az optim\u00e1lis eredm\u00e9ny \u00e9rdek\u00e9ben aj\u00e1nlott a Revitaprostot a gy\u00e1rt\u00f3 utas\u00edt\u00e1sainak megfelel\u0151en szedni. \u00c1ltal\u00e1ban aj\u00e1nlott naponta k\u00e9tszer egy kapszul\u00e1t bevenni a kieg\u00e9sz\u00edt\u00e9sb\u0151l, lehet\u0151leg \u00e9tkez\u00e9s k\u00f6zben. A rendszeres haszn\u00e1lat kulcsfontoss\u00e1g\u00fa a hat\u00f3anyagok \u00e1lland\u00f3 koncentr\u00e1ci\u00f3j\u00e1nak fenntart\u00e1s\u00e1hoz a szervezetben \u00e9s a k\u00edv\u00e1nt eg\u00e9szs\u00e9g\u00fcgyi <b>hat\u00e1sok<\/b> el\u00e9r\u00e9s\u00e9hez.<\/p>\n\n\n\n<p>A Revitaprost-kieg\u00e9sz\u00edt\u00e9s megkezd\u00e9se el\u0151tt mindig \u00e9rdemes konzult\u00e1lni kezel\u0151orvos\u00e1val. Ez k\u00fcl\u00f6n\u00f6sen akkor fontos, ha \u00d6n valamilyen megl\u00e9v\u0151 betegs\u00e9gben szenved, vagy m\u00e1s gy\u00f3gyszereket szed. Kezel\u0151orvosa fel tudja m\u00e9rni, hogy biztons\u00e1gos \u00e9s megfelel\u0151-e az \u00d6n sz\u00e1m\u00e1ra a kieg\u00e9sz\u00edt\u00e9s alkalmaz\u00e1sa.<\/p>\n\n\n\n<p>Ne feledje, hogy minden szem\u00e9lynek egy\u00e9ni adagol\u00e1si ig\u00e9nyei lehetnek, ez\u00e9rt javasoljuk, hogy k\u00f6vesse a gy\u00e1rt\u00f3 aj\u00e1nl\u00e1sait. Ha k\u00e9ts\u00e9gei vannak a Revitaprost alkalmaz\u00e1s\u00e1val kapcsolatban, forduljon kezel\u0151orvos\u00e1hoz vagy gy\u00f3gyszer\u00e9sz\u00e9hez, aki megfelel\u0151 t\u00e1j\u00e9koztat\u00e1st \u00e9s tan\u00e1csot tud adni \u00d6nnek.<\/p>\n\n\n\n<p>A Revitaprost egy <b>\u00e9trend-kieg\u00e9sz\u00edt\u0151<\/b>, amelyet a prosztata eg\u00e9szs\u00e9g\u00e9nek t\u00e1mogat\u00e1s\u00e1ra terveztek. Nem helyettes\u00edti azonban az eg\u00e9szs\u00e9ges \u00e9letm\u00f3dot, \u00e9s nem gy\u00f3gy\u00edtja a s\u00falyos \u00e1llapotokat. Fontos, hogy k\u00f6vesse a gy\u00e1rt\u00f3 aj\u00e1nl\u00e1sait, tartsa be az eg\u00e9szs\u00e9ges \u00e9trendet, tartson akt\u00edv \u00e9letm\u00f3dot, \u00e9s rendszeresen keressen fel egy szakembert a prosztata eg\u00e9szs\u00e9g\u00e9nek ellen\u0151rz\u00e9se c\u00e9lj\u00e1b\u00f3l.<\/p>\n\n\n\n<p>A Revitaprost haszn\u00e1lat\u00e1ra vonatkoz\u00f3 utas\u00edt\u00e1sok betart\u00e1s\u00e1val maximaliz\u00e1lhatja a term\u00e9szetes \u00e9trend-kieg\u00e9sz\u00edt\u0151ben rejl\u0151 lehet\u0151s\u00e9geket, \u00e9s kez\u00e9be veheti a prosztata eg\u00e9szs\u00e9g\u00e9t.<\/p>\n\n\n\n<h2 class=\"wp-block-heading\">Revitaprost &#8211; V\u00e9lem\u00e9nyek \u00e9s v\u00e9lem\u00e9nyek &#8211; Mit mondanak a felhaszn\u00e1l\u00f3k?<\/h2>\n\n\n\n<p>A t\u00f6bbi felhaszn\u00e1l\u00f3 <b>v\u00e9lem\u00e9nye<\/b> gyakran fontos t\u00e9nyez\u0151 a kieg\u00e9sz\u00edt\u0151 megv\u00e1s\u00e1rl\u00e1s\u00e1ra vonatkoz\u00f3 d\u00f6nt\u00e9s meghozatal\u00e1ban. A Revitaprost sz\u00e1mos pozit\u00edv v\u00e9lem\u00e9nye megtal\u00e1lhat\u00f3 a k\u00fcl\u00f6nb\u00f6z\u0151 f\u00f3rumokon \u00e9s weboldalakon. A <b>felhaszn\u00e1l\u00f3k<\/b> hangs\u00falyozz\u00e1k a term\u00e9k hat\u00e9konys\u00e1g\u00e1t a prosztatagyullad\u00e1s t\u00fcneteinek enyh\u00edt\u00e9s\u00e9ben \u00e9s az \u00e1ltal\u00e1nos k\u00f6z\u00e9rzet jav\u00edt\u00e1s\u00e1ban.<\/p>\n\n\n\n<p><em>Jan Kowalski<\/em>, az egyik Revitaprost felhaszn\u00e1l\u00f3 azt \u00edrta: &#8220;A Revitaprostnak k\u00f6sz\u00f6nhet\u0151en az \u00e9letem visszat\u00e9rt a norm\u00e1lis ker\u00e9kv\u00e1g\u00e1sba. A prosztatagyullad\u00e1s t\u00fcnetei elt\u0171ntek, sokkal jobban \u00e9s energikusabban \u00e9rzem magam. Nagyon aj\u00e1nlom ezt a term\u00e9ket!&#8221;<\/p>\n\n\n\n<blockquote class=\"wp-block-quote is-layout-flow wp-block-quote-is-layout-flow\">\n<p>Egy m\u00e1sik felhaszn\u00e1l\u00f3, <em>Marta Nowak<\/em> is megosztotta v\u00e9lem\u00e9ny\u00e9t, mondv\u00e1n: &#8220;A Revitaprost nagyszer\u0171 v\u00e1laszt\u00e1s volt sz\u00e1momra. A k\u00e9sz\u00edtm\u00e9ny rendszeres haszn\u00e1lata seg\u00edtett enyh\u00edteni a vizel\u00e9s k\u00f6zbeni f\u00e1jdalmat \u00e9s \u00e9g\u0151 \u00e9rz\u00e9st. T\u00e9nyleg m\u0171k\u00f6dik!&#8221;<\/p>\n<\/blockquote>\n\n\n\n<p>\u00c9rdemes azonban szem el\u0151tt tartani, hogy <b>a v\u00e9lem\u00e9nyek<\/b> szubjekt\u00edvek, \u00e9s az egy\u00e9ni testhelyzetekt\u0151l f\u00fcgg\u0151en v\u00e1ltozhatnak. A v\u00e1s\u00e1rl\u00e1si d\u00f6nt\u00e9s meghozatala el\u0151tt tan\u00e1csos konzult\u00e1lni orvos\u00e1val \u00e9s elolvasni k\u00fcl\u00f6nb\u00f6z\u0151 <b>v\u00e9lem\u00e9nyeket<\/b>, hogy teljesebb k\u00e9pet kapjon a term\u00e9k hat\u00e9konys\u00e1g\u00e1r\u00f3l.<\/p>\n\n\n\n<h2 class=\"wp-block-heading\">A Revitaprost \u00f6sszet\u00e9tele &#8211; Mit tartalmaz?<\/h2>\n\n\n\n<p>A Revitaprost egy <b>term\u00e9szetes \u00e9trend-kieg\u00e9sz\u00edt\u0151<\/b>, amely gondosan kiv\u00e1lasztott n\u00f6v\u00e9nyi \u00f6sszetev\u0151ket tartalmaz, amelyek pozit\u00edv hat\u00e1ssal vannak a prosztata eg\u00e9szs\u00e9g\u00e9re. A term\u00e9ket olyan f\u00e9rfiak sz\u00e1m\u00e1ra fejlesztett\u00e9k ki, akik szeretn\u00e9nek gondoskodni prosztat\u00e1juk j\u00f3 m\u0171k\u00f6d\u00e9s\u00e9r\u0151l.<\/p>\n\n\n\n<p>A Revitaprost f\u0151 \u00f6sszetev\u0151i a k\u00f6vetkez\u0151k:<\/p>\n\n\n\n<ul class=\"wp-block-list\">\n<li><em>Sabal-p\u00e1lma<\/em> &#8211; ez a n\u00f6v\u00e9ny gyullad\u00e1scs\u00f6kkent\u0151 tulajdons\u00e1gokkal rendelkezik \u00e9s szab\u00e1lyozza a hormonszintet, ami j\u00f3t\u00e9kony hat\u00e1ssal van a prosztata m\u0171k\u00f6d\u00e9s\u00e9re.<\/li>\n\n\n\n<li><em>Cink<\/em> &#8211; ez az elem hozz\u00e1j\u00e1rul a norm\u00e1lis prosztatam\u0171k\u00f6d\u00e9s \u00e9s a tesztoszterontermel\u00e9s fenntart\u00e1s\u00e1hoz, ami hozz\u00e1j\u00e1rul az eg\u00e9szs\u00e9ges urogenit\u00e1lis rendszer fenntart\u00e1s\u00e1hoz.<\/li>\n\n\n\n<li><em>T\u00f6kkivonat<\/em> &#8211; a s\u00fct\u0151t\u00f6k gazdag fitoszterolokban, amelyek t\u00e1mogatj\u00e1k a prosztata eg\u00e9szs\u00e9g\u00e9t \u00e9s j\u00f3t\u00e9konyan hatnak a prosztata m\u0171k\u00f6d\u00e9s\u00e9re.<\/li>\n\n\n\n<li><em>Magn\u00e9zium<\/em> &#8211; ez a mikrot\u00e1panyag elengedhetetlen a hormon\u00e1lis egyens\u00falyhoz \u00e9s a megfelel\u0151 prosztata m\u0171k\u00f6d\u00e9shez.<\/li>\n\n\n\n<li><em>B-vitaminok<\/em> &#8211; az ebbe a csoportba tartoz\u00f3 vitaminok t\u00e1mogatj\u00e1k a szervezet regener\u00e1ci\u00f3s folyamatait, bele\u00e9rtve a prosztat\u00e1val kapcsolatos folyamatokat is.<\/li>\n<\/ul>\n\n\n\n<p>Gondosan kiv\u00e1lasztott \u00f6sszetev\u0151ivel a Revitaprost \u00e1tfog\u00f3 t\u00e1mogat\u00e1st ny\u00fajt a prosztata eg\u00e9szs\u00e9g\u00e9hez, seg\u00edt fenntartani a prosztata m\u0171k\u00f6d\u00e9s\u00e9t \u00e9s enyh\u00edteni a prosztatagyullad\u00e1ssal j\u00e1r\u00f3 t\u00fcneteket.<\/p>\n\n\n\n<h2 class=\"wp-block-heading\">Revitaprost \u00e1r &#8211; Hol lehet megv\u00e1s\u00e1rolni?<\/h2>\n\n\n\n<p>A Revitaprost megv\u00e1s\u00e1rolhat\u00f3 a gy\u00e1rt\u00f3 hivatalos honlapj\u00e1n. Javasoljuk, hogy a term\u00e9ket err\u0151l a webhelyr\u0151l <b>v\u00e1s\u00e1rolja meg<\/b>, hogy biztos\u00edtsa, hogy az eredeti term\u00e9ket kapja meg a hamis\u00edtv\u00e1nyok megv\u00e1s\u00e1rl\u00e1s\u00e1nak kock\u00e1zata n\u00e9lk\u00fcl. A Revitaprost <b>\u00e1ra<\/b> a hivatalos weboldalon el\u00e9rhet\u0151 prom\u00f3ci\u00f3k f\u00fcggv\u00e9ny\u00e9ben v\u00e1ltozhat.<\/p>\n\n\n\n<h2 class=\"wp-block-heading\">Revitaprost &#8211; Mell\u00e9khat\u00e1sok \u00e9s ellenjavallatok &#8211; Biztons\u00e1gos?<\/h2>\n\n\n\n<p>A <strong>Revitaprost<\/strong> alkalmaz\u00e1sa el\u0151tt \u00e9rdemes megismerni a lehets\u00e9ges mell\u00e9khat\u00e1sokat \u00e9s ellenjavallatokat. B\u00e1r a term\u00e9k <b>term\u00e9szetes \u00f6sszetev\u0151k\u00f6n<\/b> alapul, fenn\u00e1ll az allergi\u00e1s reakci\u00f3k kock\u00e1zata azokn\u00e1l, akik t\u00fal\u00e9rz\u00e9kenyek a term\u00e9k \u00f6sszetev\u0151ire. Ez\u00e9rt mindig tan\u00e1csos konzult\u00e1lni orvos\u00e1val, miel\u0151tt elkezden\u00e9 a kieg\u00e9sz\u00edt\u00e9st.<\/p>\n\n\n\n<p>Az adagol\u00e1si aj\u00e1nl\u00e1sok betart\u00e1sa ugyanilyen fontos a mell\u00e9khat\u00e1sok elker\u00fcl\u00e9se \u00e9rdek\u00e9ben. A gy\u00e1rt\u00f3 aj\u00e1nl\u00e1sainak gondos betart\u00e1s\u00e1val elker\u00fclhet\u0151k a szervezet kellemetlen reakci\u00f3i. B\u00e1r a <strong>Revitaprost<\/strong> biztons\u00e1gos \u00e9trend-kieg\u00e9sz\u00edt\u0151, k\u00e9ts\u00e9g eset\u00e9n mindig forduljon orvos\u00e1hoz.<\/p>\n\n\n\n<p>Az eg\u00e9szs\u00e9ges \u00e9letm\u00f3d, a kiegyens\u00falyozott t\u00e1pl\u00e1lkoz\u00e1s \u00e9s a rendszeres orvosi vizsg\u00e1latok kulcsfontoss\u00e1g\u00faak a prosztata eg\u00e9szs\u00e9g\u00e9nek meg\u0151rz\u00e9s\u00e9ben. Az \u00e9trend-kieg\u00e9sz\u00edt\u0151k, mint p\u00e9ld\u00e1ul a <strong>Revitaprost<\/strong>, \u00e9rt\u00e9kes t\u00e1mogat\u00e1st ny\u00fajthatnak, de soha nem helyettes\u00edthetik a szakszer\u0171 orvosi ell\u00e1t\u00e1st. A term\u00e9k biztons\u00e1goss\u00e1ga \u00e9s hat\u00e9konys\u00e1ga a megfelel\u0151 haszn\u00e1laton \u00e9s az adagol\u00e1s betart\u00e1s\u00e1n alapul. K\u00e9rd\u00e9sei vagy agg\u00e1lyai eset\u00e9n mindig forduljon kezel\u0151orvos\u00e1hoz vagy gy\u00f3gyszer\u00e9sz\u00e9hez.<\/p>\n","protected":false},"excerpt":{"rendered":"<p><strong>11900.00 Ft<\/strong><\/p>\n<p><del>23800.00 Ft<\/del><\/p>\n<p><strong>[date_countdown]<\/strong><\/p>\n","protected":false},"featured_media":7087,"comment_status":"open","ping_status":"closed","template":"","meta":{"neve_meta_sidebar":"","neve_meta_container":"","neve_meta_enable_content_width":"","neve_meta_content_width":0,"neve_meta_title_alignment":"","neve_meta_author_avatar":"","neve_post_elements_order":"","neve_meta_disable_header":"","neve_meta_disable_footer":"","neve_meta_disable_title":"","neve_meta_reading_time":""},"product_brand":[],"product_cat":[105],"product_tag":[],"class_list":{"0":"post-7103","1":"product","2":"type-product","3":"status-publish","4":"has-post-thumbnail","6":"product_cat-egeszseg","8":"first","9":"instock","10":"shipping-taxable","11":"product-type-external"},"yoast_head":"<!-- This site is optimized with the Yoast SEO plugin v27.4 - https:\/\/yoast.com\/product\/yoast-seo-wordpress\/ -->\n<title>Revitaprost - Clinica Althea<\/title>\n<meta name=\"robots\" content=\"index, follow, max-snippet:-1, max-image-preview:large, max-video-preview:-1\" \/>\n<link rel=\"canonical\" href=\"https:\/\/www.clinicaalthea.com\/farmacia\/hu\/apt\/revitaprost\/\" \/>\n<meta property=\"og:locale\" content=\"pl_PL\" \/>\n<meta property=\"og:type\" content=\"article\" \/>\n<meta property=\"og:title\" content=\"Revitaprost - Clinica Althea\" \/>\n<meta property=\"og:description\" content=\"11900.00 Ft 23800.00 Ft\" \/>\n<meta property=\"og:url\" content=\"https:\/\/www.clinicaalthea.com\/farmacia\/hu\/apt\/revitaprost\/\" \/>\n<meta property=\"og:site_name\" content=\"Clinica Althea\" \/>\n<meta property=\"article:modified_time\" content=\"2024-07-18T09:31:35+00:00\" \/>\n<meta property=\"og:image\" content=\"https:\/\/www.clinicaalthea.com\/farmacia\/wp-content\/uploads\/2024\/07\/REVITAPROST.jpg\" \/>\n\t<meta property=\"og:image:width\" content=\"768\" \/>\n\t<meta property=\"og:image:height\" content=\"768\" \/>\n\t<meta property=\"og:image:type\" content=\"image\/jpeg\" \/>\n<meta name=\"twitter:card\" content=\"summary_large_image\" \/>\n<meta name=\"twitter:label1\" content=\"Szacowany czas czytania\" \/>\n\t<meta name=\"twitter:data1\" content=\"6 minut\" \/>\n<script type=\"application\/ld+json\" class=\"yoast-schema-graph\">{\"@context\":\"https:\\\/\\\/schema.org\",\"@graph\":[{\"@type\":\"WebPage\",\"@id\":\"https:\\\/\\\/www.clinicaalthea.com\\\/farmacia\\\/hu\\\/apt\\\/revitaprost\\\/\",\"url\":\"https:\\\/\\\/www.clinicaalthea.com\\\/farmacia\\\/hu\\\/apt\\\/revitaprost\\\/\",\"name\":\"Revitaprost - Clinica Althea\",\"isPartOf\":{\"@id\":\"https:\\\/\\\/www.clinicaalthea.com\\\/farmacia\\\/#website\"},\"primaryImageOfPage\":{\"@id\":\"https:\\\/\\\/www.clinicaalthea.com\\\/farmacia\\\/hu\\\/apt\\\/revitaprost\\\/#primaryimage\"},\"image\":{\"@id\":\"https:\\\/\\\/www.clinicaalthea.com\\\/farmacia\\\/hu\\\/apt\\\/revitaprost\\\/#primaryimage\"},\"thumbnailUrl\":\"https:\\\/\\\/www.clinicaalthea.com\\\/farmacia\\\/wp-content\\\/uploads\\\/2024\\\/07\\\/REVITAPROST.jpg\",\"datePublished\":\"2024-07-18T09:27:48+00:00\",\"dateModified\":\"2024-07-18T09:31:35+00:00\",\"breadcrumb\":{\"@id\":\"https:\\\/\\\/www.clinicaalthea.com\\\/farmacia\\\/hu\\\/apt\\\/revitaprost\\\/#breadcrumb\"},\"inLanguage\":\"pl-PL\",\"potentialAction\":[{\"@type\":\"ReadAction\",\"target\":[\"https:\\\/\\\/www.clinicaalthea.com\\\/farmacia\\\/hu\\\/apt\\\/revitaprost\\\/\"]}]},{\"@type\":\"ImageObject\",\"inLanguage\":\"pl-PL\",\"@id\":\"https:\\\/\\\/www.clinicaalthea.com\\\/farmacia\\\/hu\\\/apt\\\/revitaprost\\\/#primaryimage\",\"url\":\"https:\\\/\\\/www.clinicaalthea.com\\\/farmacia\\\/wp-content\\\/uploads\\\/2024\\\/07\\\/REVITAPROST.jpg\",\"contentUrl\":\"https:\\\/\\\/www.clinicaalthea.com\\\/farmacia\\\/wp-content\\\/uploads\\\/2024\\\/07\\\/REVITAPROST.jpg\",\"width\":768,\"height\":768,\"caption\":\"Revitaprost\"},{\"@type\":\"BreadcrumbList\",\"@id\":\"https:\\\/\\\/www.clinicaalthea.com\\\/farmacia\\\/hu\\\/apt\\\/revitaprost\\\/#breadcrumb\",\"itemListElement\":[{\"@type\":\"ListItem\",\"position\":1,\"name\":\"Strona g\u0142\u00f3wna\",\"item\":\"https:\\\/\\\/www.clinicaalthea.com\\\/farmacia\\\/\"},{\"@type\":\"ListItem\",\"position\":2,\"name\":\"Produkty\",\"item\":\"https:\\\/\\\/www.clinicaalthea.com\\\/farmacia\\\/\"},{\"@type\":\"ListItem\",\"position\":3,\"name\":\"Revitaprost\"}]},{\"@type\":\"WebSite\",\"@id\":\"https:\\\/\\\/www.clinicaalthea.com\\\/farmacia\\\/#website\",\"url\":\"https:\\\/\\\/www.clinicaalthea.com\\\/farmacia\\\/\",\"name\":\"Clinica Althea\",\"description\":\"\",\"publisher\":{\"@id\":\"https:\\\/\\\/www.clinicaalthea.com\\\/farmacia\\\/#organization\"},\"potentialAction\":[{\"@type\":\"SearchAction\",\"target\":{\"@type\":\"EntryPoint\",\"urlTemplate\":\"https:\\\/\\\/www.clinicaalthea.com\\\/farmacia\\\/?s={search_term_string}\"},\"query-input\":{\"@type\":\"PropertyValueSpecification\",\"valueRequired\":true,\"valueName\":\"search_term_string\"}}],\"inLanguage\":\"pl-PL\"},{\"@type\":\"Organization\",\"@id\":\"https:\\\/\\\/www.clinicaalthea.com\\\/farmacia\\\/#organization\",\"name\":\"Clinica Althea\",\"url\":\"https:\\\/\\\/www.clinicaalthea.com\\\/farmacia\\\/\",\"logo\":{\"@type\":\"ImageObject\",\"inLanguage\":\"pl-PL\",\"@id\":\"https:\\\/\\\/www.clinicaalthea.com\\\/farmacia\\\/#\\\/schema\\\/logo\\\/image\\\/\",\"url\":\"https:\\\/\\\/www.clinicaalthea.com\\\/farmacia\\\/wp-content\\\/uploads\\\/2023\\\/12\\\/Jak-diagnozuje-sie-FAS_-objawy-kryteria-diagnostyczne-i-metody-diagnozowania-154162903.jpg\",\"contentUrl\":\"https:\\\/\\\/www.clinicaalthea.com\\\/farmacia\\\/wp-content\\\/uploads\\\/2023\\\/12\\\/Jak-diagnozuje-sie-FAS_-objawy-kryteria-diagnostyczne-i-metody-diagnozowania-154162903.jpg\",\"width\":1216,\"height\":832,\"caption\":\"Clinica Althea\"},\"image\":{\"@id\":\"https:\\\/\\\/www.clinicaalthea.com\\\/farmacia\\\/#\\\/schema\\\/logo\\\/image\\\/\"}}]}<\/script>\n<!-- \/ Yoast SEO plugin. -->","yoast_head_json":{"title":"Revitaprost - Clinica Althea","robots":{"index":"index","follow":"follow","max-snippet":"max-snippet:-1","max-image-preview":"max-image-preview:large","max-video-preview":"max-video-preview:-1"},"canonical":"https:\/\/www.clinicaalthea.com\/farmacia\/hu\/apt\/revitaprost\/","og_locale":"pl_PL","og_type":"article","og_title":"Revitaprost - Clinica Althea","og_description":"11900.00 Ft 23800.00 Ft","og_url":"https:\/\/www.clinicaalthea.com\/farmacia\/hu\/apt\/revitaprost\/","og_site_name":"Clinica Althea","article_modified_time":"2024-07-18T09:31:35+00:00","og_image":[{"width":768,"height":768,"url":"https:\/\/www.clinicaalthea.com\/farmacia\/wp-content\/uploads\/2024\/07\/REVITAPROST.jpg","type":"image\/jpeg"}],"twitter_card":"summary_large_image","twitter_misc":{"Szacowany czas czytania":"6 minut"},"schema":{"@context":"https:\/\/schema.org","@graph":[{"@type":"WebPage","@id":"https:\/\/www.clinicaalthea.com\/farmacia\/hu\/apt\/revitaprost\/","url":"https:\/\/www.clinicaalthea.com\/farmacia\/hu\/apt\/revitaprost\/","name":"Revitaprost - Clinica Althea","isPartOf":{"@id":"https:\/\/www.clinicaalthea.com\/farmacia\/#website"},"primaryImageOfPage":{"@id":"https:\/\/www.clinicaalthea.com\/farmacia\/hu\/apt\/revitaprost\/#primaryimage"},"image":{"@id":"https:\/\/www.clinicaalthea.com\/farmacia\/hu\/apt\/revitaprost\/#primaryimage"},"thumbnailUrl":"https:\/\/www.clinicaalthea.com\/farmacia\/wp-content\/uploads\/2024\/07\/REVITAPROST.jpg","datePublished":"2024-07-18T09:27:48+00:00","dateModified":"2024-07-18T09:31:35+00:00","breadcrumb":{"@id":"https:\/\/www.clinicaalthea.com\/farmacia\/hu\/apt\/revitaprost\/#breadcrumb"},"inLanguage":"pl-PL","potentialAction":[{"@type":"ReadAction","target":["https:\/\/www.clinicaalthea.com\/farmacia\/hu\/apt\/revitaprost\/"]}]},{"@type":"ImageObject","inLanguage":"pl-PL","@id":"https:\/\/www.clinicaalthea.com\/farmacia\/hu\/apt\/revitaprost\/#primaryimage","url":"https:\/\/www.clinicaalthea.com\/farmacia\/wp-content\/uploads\/2024\/07\/REVITAPROST.jpg","contentUrl":"https:\/\/www.clinicaalthea.com\/farmacia\/wp-content\/uploads\/2024\/07\/REVITAPROST.jpg","width":768,"height":768,"caption":"Revitaprost"},{"@type":"BreadcrumbList","@id":"https:\/\/www.clinicaalthea.com\/farmacia\/hu\/apt\/revitaprost\/#breadcrumb","itemListElement":[{"@type":"ListItem","position":1,"name":"Strona g\u0142\u00f3wna","item":"https:\/\/www.clinicaalthea.com\/farmacia\/"},{"@type":"ListItem","position":2,"name":"Produkty","item":"https:\/\/www.clinicaalthea.com\/farmacia\/"},{"@type":"ListItem","position":3,"name":"Revitaprost"}]},{"@type":"WebSite","@id":"https:\/\/www.clinicaalthea.com\/farmacia\/#website","url":"https:\/\/www.clinicaalthea.com\/farmacia\/","name":"Clinica Althea","description":"","publisher":{"@id":"https:\/\/www.clinicaalthea.com\/farmacia\/#organization"},"potentialAction":[{"@type":"SearchAction","target":{"@type":"EntryPoint","urlTemplate":"https:\/\/www.clinicaalthea.com\/farmacia\/?s={search_term_string}"},"query-input":{"@type":"PropertyValueSpecification","valueRequired":true,"valueName":"search_term_string"}}],"inLanguage":"pl-PL"},{"@type":"Organization","@id":"https:\/\/www.clinicaalthea.com\/farmacia\/#organization","name":"Clinica Althea","url":"https:\/\/www.clinicaalthea.com\/farmacia\/","logo":{"@type":"ImageObject","inLanguage":"pl-PL","@id":"https:\/\/www.clinicaalthea.com\/farmacia\/#\/schema\/logo\/image\/","url":"https:\/\/www.clinicaalthea.com\/farmacia\/wp-content\/uploads\/2023\/12\/Jak-diagnozuje-sie-FAS_-objawy-kryteria-diagnostyczne-i-metody-diagnozowania-154162903.jpg","contentUrl":"https:\/\/www.clinicaalthea.com\/farmacia\/wp-content\/uploads\/2023\/12\/Jak-diagnozuje-sie-FAS_-objawy-kryteria-diagnostyczne-i-metody-diagnozowania-154162903.jpg","width":1216,"height":832,"caption":"Clinica Althea"},"image":{"@id":"https:\/\/www.clinicaalthea.com\/farmacia\/#\/schema\/logo\/image\/"}}]}},"lang":"hu","translations":{"hu":7103,"pl":7086,"bg":7089,"cs":7091,"de":7093,"et":7095,"es":7097,"fr":7099,"el":7101,"it":7105,"lv":7107,"pt":7109,"ro":7111,"sl":7113,"sk":7115,"nl":7117},"pll_sync_post":[],"_links":{"self":[{"href":"https:\/\/www.clinicaalthea.com\/farmacia\/wp-json\/wp\/v2\/product\/7103","targetHints":{"allow":["GET"]}}],"collection":[{"href":"https:\/\/www.clinicaalthea.com\/farmacia\/wp-json\/wp\/v2\/product"}],"about":[{"href":"https:\/\/www.clinicaalthea.com\/farmacia\/wp-json\/wp\/v2\/types\/product"}],"replies":[{"embeddable":true,"href":"https:\/\/www.clinicaalthea.com\/farmacia\/wp-json\/wp\/v2\/comments?post=7103"}],"wp:featuredmedia":[{"embeddable":true,"href":"https:\/\/www.clinicaalthea.com\/farmacia\/wp-json\/wp\/v2\/media\/7087"}],"wp:attachment":[{"href":"https:\/\/www.clinicaalthea.com\/farmacia\/wp-json\/wp\/v2\/media?parent=7103"}],"wp:term":[{"taxonomy":"product_brand","embeddable":true,"href":"https:\/\/www.clinicaalthea.com\/farmacia\/wp-json\/wp\/v2\/product_brand?post=7103"},{"taxonomy":"product_cat","embeddable":true,"href":"https:\/\/www.clinicaalthea.com\/farmacia\/wp-json\/wp\/v2\/product_cat?post=7103"},{"taxonomy":"product_tag","embeddable":true,"href":"https:\/\/www.clinicaalthea.com\/farmacia\/wp-json\/wp\/v2\/product_tag?post=7103"}],"curies":[{"name":"wp","href":"https:\/\/api.w.org\/{rel}","templated":true}]}}