{"id":7097,"date":"2024-07-18T10:26:14","date_gmt":"2024-07-18T09:26:14","guid":{"rendered":"https:\/\/mayoguide.org\/produkty\/?post_type=product&#038;p=7097"},"modified":"2024-07-18T10:31:35","modified_gmt":"2024-07-18T09:31:35","slug":"revitaprost","status":"publish","type":"product","link":"https:\/\/www.clinicaalthea.com\/farmacia\/es\/apt\/revitaprost\/","title":{"rendered":"Revitaprost"},"content":{"rendered":"\n<h2 class=\"wp-block-heading\">\u00bfQu\u00e9 es Revitaprost y c\u00f3mo act\u00faa?<\/h2>\n\n\n\n<p><b>Revitaprost<\/b> es un <b>suplemento diet\u00e9tico natural<\/b> en forma de c\u00e1psulas desarrollado para la salud de la pr\u00f3stata. La f\u00f3rmula consiste en ingredientes herbales cuidadosamente seleccionados que tienen un efecto beneficioso sobre la funci\u00f3n de la pr\u00f3stata. Revitaprost <b>act\u00faa<\/b> aliviando los s\u00edntomas asociados a la prostatitis, como el dolor, el ardor al orinar o la urgencia urinaria frecuente. Los ingredientes activos del suplemento contrarrestan los procesos inflamatorios y favorecen los procesos regenerativos dentro de la gl\u00e1ndula prost\u00e1tica.<\/p>\n\n\n\n<p>Revitaprost es un <b>complemento alimenticio natural<\/b> que potencia las propiedades beneficiosas de los ingredientes vegetales. Su f\u00f3rmula act\u00faa en m\u00faltiples niveles para aliviar los s\u00edntomas de la prostatitis, mejorar la funci\u00f3n prost\u00e1tica y favorecer la regeneraci\u00f3n de la pr\u00f3stata. Gracias a sus ingredientes activos, Revitaprost contrarresta los procesos inflamatorios y acelera los procesos de curaci\u00f3n dentro de la pr\u00f3stata.<\/p>\n\n\n\n<h3 class=\"wp-block-heading\">Contraindicaciones y efectos secundarios:<\/h3>\n\n\n\n<p>Como cualquier suplemento, Revitaprost puede no ser adecuado para todas las personas. Es aconsejable consultar a su m\u00e9dico antes de tomarlo, especialmente si padece alguna enfermedad o est\u00e1 tomando otros medicamentos. Aunque se trata de un suplemento a base de ingredientes naturales, existe el riesgo de reacciones al\u00e9rgicas en personas con hipersensibilidad a cualquiera de los ingredientes del producto. Es igualmente importante seguir las recomendaciones de dosificaci\u00f3n para evitar efectos secundarios. En caso de duda, consulte siempre a su m\u00e9dico.<\/p>\n\n\n\n<figure class=\"wp-block-table\"><table><tbody><tr><th>Contraindicaciones<\/th><th>Efectos secundarios<\/th><\/tr><tr><td>Personas al\u00e9rgicas a los ingredientes del producto<\/td><td>Casos raros de reacciones al\u00e9rgicas<\/td><\/tr><tr><td>Personas con problemas de salud<\/td><td>Pueden producirse <b>efectos secundarios<\/b>, consulte a su m\u00e9dico<\/td><\/tr><tr><td>Personas que toman otras drogas<\/td><td>Pueden producirse interacciones con otros medicamentos, consulte a su m\u00e9dico<\/td><\/tr><\/tbody><\/table><\/figure>\n\n\n\n<h2 class=\"wp-block-heading\">Beneficios de Revitaprost &#8211; Efectos<\/h2>\n\n\n\n<p>El uso de Revitaprost puede proporcionar una serie de <b>beneficios<\/b> y efectos, relacionados con la salud de la pr\u00f3stata. Su uso regular puede aliviar los s\u00edntomas de la prostatitis, como el dolor, el ardor y la dificultad para orinar. Revitaprost tambi\u00e9n ayuda a mantener una funci\u00f3n urinaria normal y favorece la libido y mejora la vida sexual de los hombres. Gracias a sus ingredientes, Revitaprost tiene un efecto preventivo, ayudando a proteger contra las complicaciones asociadas a los trastornos de la pr\u00f3stata.<\/p>\n\n\n\n<h2 class=\"wp-block-heading\">C\u00f3mo utilizar Revitaprost &#8211; Instrucciones de uso y dosificaci\u00f3n<\/h2>\n\n\n\n<p>Para obtener resultados \u00f3ptimos, se recomienda tomar Revitaprost siguiendo las instrucciones del fabricante. Normalmente se recomienda tomar una c\u00e1psula del suplemento dos veces al d\u00eda, preferiblemente con las comidas. El uso regular es clave para mantener una concentraci\u00f3n constante de ingredientes activos en el organismo y lograr los <b>efectos<\/b> deseados sobre la salud.<\/p>\n\n\n\n<p>Siempre es una buena idea consultar a su m\u00e9dico antes de empezar a tomar suplementos de Revitaprost. Esto es especialmente importante si padece alguna enfermedad o est\u00e1 tomando otros medicamentos. Su m\u00e9dico podr\u00e1 evaluar si es seguro y apropiado para usted utilizar el suplemento.<\/p>\n\n\n\n<p>Recuerde que cada persona puede tener necesidades individuales de dosificaci\u00f3n, por lo que recomendamos seguir las recomendaciones del fabricante. Si tiene alguna duda sobre el uso de Revitaprost, consulte a su m\u00e9dico o farmac\u00e9utico, que podr\u00e1n proporcionarle informaci\u00f3n y consejos adecuados.<\/p>\n\n\n\n<p>Revitaprost es un <b>suplemento diet\u00e9tico<\/b> dise\u00f1ado para apoyar la salud de la pr\u00f3stata. Sin embargo, no sustituye a un estilo de vida saludable ni cura afecciones graves. Es importante seguir las recomendaciones del fabricante, llevar una dieta sana, mantener un estilo de vida activo y visitar regularmente a un especialista para controlar la salud de la pr\u00f3stata.<\/p>\n\n\n\n<p>Siguiendo las instrucciones de uso de Revitaprost, podr\u00e1 maximizar el potencial de este suplemento diet\u00e9tico natural y hacerse cargo de la salud de su pr\u00f3stata.<\/p>\n\n\n\n<h2 class=\"wp-block-heading\">Revitaprost &#8211; Opiniones y rese\u00f1as &#8211; \u00bfQu\u00e9 dicen los usuarios?<\/h2>\n\n\n\n<p>Las <b>opiniones de<\/b> otros usuarios suelen ser un factor importante en la decisi\u00f3n de comprar un suplemento. En diversos foros y sitios web se pueden encontrar muchas opiniones positivas sobre Revitaprost. Los <b>usuarios<\/b> destacan la eficacia del producto para aliviar los s\u00edntomas de la prostatitis y mejorar el bienestar general.<\/p>\n\n\n\n<p><em>Jan Kowalski<\/em>, un usuario de Revitaprost, escribi\u00f3: &#8220;He luchado con problemas de pr\u00f3stata durante a\u00f1os, pero gracias a Revitaprost mi vida ha vuelto a la normalidad. Los s\u00edntomas de la prostatitis han desaparecido y me siento mucho mejor y con m\u00e1s energ\u00eda. Realmente recomiendo este producto&#8221;.<\/p>\n\n\n\n<blockquote class=\"wp-block-quote is-layout-flow wp-block-quote-is-layout-flow\">\n<p>Otra usuaria, <em>Marta Nowak<\/em>, comparti\u00f3 su opini\u00f3n: &#8220;Revitaprost fue una gran elecci\u00f3n para m\u00ed. El uso regular del suplemento me ha ayudado a aliviar el dolor y el ardor al orinar. Realmente funciona&#8221;.<\/p>\n<\/blockquote>\n\n\n\n<p>No obstante, conviene tener en cuenta que <b>las opiniones<\/b> son subjetivas y pueden variar en funci\u00f3n de las condiciones corporales de cada persona. Es aconsejable consultar a su m\u00e9dico y leer diversas <b>opiniones<\/b> antes de tomar una decisi\u00f3n de compra para tener una idea m\u00e1s completa de la eficacia del producto.<\/p>\n\n\n\n<h2 class=\"wp-block-heading\">Composici\u00f3n de Revitaprost &#8211; \u00bfQu\u00e9 contiene?<\/h2>\n\n\n\n<p>Revitaprost es un <b>suplemento diet\u00e9tico natural<\/b> que contiene ingredientes herbales cuidadosamente seleccionados que tienen un efecto positivo sobre la salud de la pr\u00f3stata. El producto ha sido desarrollado para los hombres que desean cuidar del buen funcionamiento de su pr\u00f3stata.<\/p>\n\n\n\n<p>Los ingredientes clave de Revitaprost son:<\/p>\n\n\n\n<ul class=\"wp-block-list\">\n<li><em>Palma sabal<\/em> &#8211; esta planta tiene propiedades antiinflamatorias y regula los niveles hormonales, lo que tiene un efecto beneficioso sobre la funci\u00f3n de la pr\u00f3stata.<\/li>\n\n\n\n<li><em>Zinc<\/em> &#8211; este elemento contribuye a mantener la funci\u00f3n normal de la pr\u00f3stata y la producci\u00f3n de testosterona, lo que contribuye a mantener un sistema genitourinario sano.<\/li>\n\n\n\n<li><em>Extracto de calabaza<\/em>: la calabaza es rica en fitoesteroles, que favorecen la salud de la pr\u00f3stata y benefician su funci\u00f3n.<\/li>\n\n\n\n<li><em>Magnesio<\/em>: este micronutriente es esencial para el equilibrio hormonal y el buen funcionamiento de la pr\u00f3stata.<\/li>\n\n\n\n<li><em>Vitaminas del grupo B<\/em>: las vitaminas de este grupo favorecen los procesos regenerativos del organismo, incluidos los relacionados con la pr\u00f3stata.<\/li>\n<\/ul>\n\n\n\n<p>Con sus ingredientes cuidadosamente seleccionados, Revitaprost ofrece un apoyo integral para la salud de la pr\u00f3stata, ayudando a mantener la funci\u00f3n prost\u00e1tica y a aliviar los s\u00edntomas asociados a la prostatitis.<\/p>\n\n\n\n<h2 class=\"wp-block-heading\">Revitaprost precio &#8211; \u00bfD\u00f3nde comprar?<\/h2>\n\n\n\n<p>Revitaprost puede adquirirse en el sitio web oficial del fabricante. Se recomienda <b>comprar<\/b> el producto en este sitio para asegurarse de que est\u00e1 adquiriendo el producto original sin el riesgo de comprar falsificaciones. El <b>precio de<\/b> Revitaprost puede variar en funci\u00f3n de las promociones disponibles en el sitio web oficial.<\/p>\n\n\n\n<h2 class=\"wp-block-heading\">Revitaprost &#8211; Efectos secundarios y contraindicaciones &#8211; \u00bfEs seguro?<\/h2>\n\n\n\n<p>Antes de empezar a tomar <strong>Revitaprost<\/strong>, conviene familiarizarse con los posibles efectos secundarios y contraindicaciones. Aunque el producto se basa en <b>ingredientes naturales<\/b>, existe el riesgo de reacciones al\u00e9rgicas en personas hipersensibles a los ingredientes del producto. Por lo tanto, siempre es aconsejable consultar a su m\u00e9dico antes de empezar a tomar suplementos.<\/p>\n\n\n\n<p>Seguir las recomendaciones de dosificaci\u00f3n es igualmente importante para evitar efectos secundarios. El cumplimiento cuidadoso de las recomendaciones del fabricante evitar\u00e1 reacciones desagradables del organismo. Aunque <strong>Revitaprost<\/strong> es un suplemento diet\u00e9tico seguro, siempre debe consultar a su m\u00e9dico si tiene alguna duda.<\/p>\n\n\n\n<p>Mantener un estilo de vida saludable, una dieta equilibrada y revisiones m\u00e9dicas peri\u00f3dicas son elementos clave para cuidar la salud de la pr\u00f3stata. Los suplementos diet\u00e9ticos, como <strong>Revitaprost<\/strong>, pueden proporcionar una valiosa ayuda, pero nunca pueden sustituir a la atenci\u00f3n m\u00e9dica profesional. La seguridad y eficacia del producto se basan en el uso adecuado y el cumplimiento de la posolog\u00eda. Consulte siempre a su m\u00e9dico o farmac\u00e9utico si tiene preguntas o dudas.<\/p>\n","protected":false},"excerpt":{"rendered":"<p><strong>39.00 \u20ac<\/strong><\/p>\n<p><del>78.00 \u20ac<\/del><\/p>\n<p><strong>[date_countdown]<\/strong><\/p>\n","protected":false},"featured_media":7087,"comment_status":"open","ping_status":"closed","template":"","meta":{"neve_meta_sidebar":"","neve_meta_container":"","neve_meta_enable_content_width":"","neve_meta_content_width":0,"neve_meta_title_alignment":"","neve_meta_author_avatar":"","neve_post_elements_order":"","neve_meta_disable_header":"","neve_meta_disable_footer":"","neve_meta_disable_title":"","neve_meta_reading_time":""},"product_brand":[],"product_cat":[73],"product_tag":[],"class_list":{"0":"post-7097","1":"product","2":"type-product","3":"status-publish","4":"has-post-thumbnail","6":"product_cat-salud","8":"first","9":"instock","10":"shipping-taxable","11":"product-type-external"},"yoast_head":"<!-- This site is optimized with the Yoast SEO plugin v27.4 - https:\/\/yoast.com\/product\/yoast-seo-wordpress\/ -->\n<title>Revitaprost - Clinica Althea<\/title>\n<meta name=\"robots\" content=\"index, follow, max-snippet:-1, max-image-preview:large, max-video-preview:-1\" \/>\n<link rel=\"canonical\" href=\"https:\/\/www.clinicaalthea.com\/farmacia\/es\/apt\/revitaprost\/\" \/>\n<meta property=\"og:locale\" content=\"pl_PL\" \/>\n<meta property=\"og:type\" content=\"article\" \/>\n<meta property=\"og:title\" content=\"Revitaprost - Clinica Althea\" \/>\n<meta property=\"og:description\" content=\"39.00 \u20ac 78.00 \u20ac\" \/>\n<meta property=\"og:url\" content=\"https:\/\/www.clinicaalthea.com\/farmacia\/es\/apt\/revitaprost\/\" \/>\n<meta property=\"og:site_name\" content=\"Clinica Althea\" \/>\n<meta property=\"article:modified_time\" content=\"2024-07-18T09:31:35+00:00\" \/>\n<meta property=\"og:image\" content=\"https:\/\/www.clinicaalthea.com\/farmacia\/wp-content\/uploads\/2024\/07\/REVITAPROST.jpg\" \/>\n\t<meta property=\"og:image:width\" content=\"768\" \/>\n\t<meta property=\"og:image:height\" content=\"768\" \/>\n\t<meta property=\"og:image:type\" content=\"image\/jpeg\" \/>\n<meta name=\"twitter:card\" content=\"summary_large_image\" \/>\n<meta name=\"twitter:label1\" content=\"Szacowany czas czytania\" \/>\n\t<meta name=\"twitter:data1\" content=\"8 minut\" \/>\n<script type=\"application\/ld+json\" class=\"yoast-schema-graph\">{\"@context\":\"https:\\\/\\\/schema.org\",\"@graph\":[{\"@type\":\"WebPage\",\"@id\":\"https:\\\/\\\/www.clinicaalthea.com\\\/farmacia\\\/es\\\/apt\\\/revitaprost\\\/\",\"url\":\"https:\\\/\\\/www.clinicaalthea.com\\\/farmacia\\\/es\\\/apt\\\/revitaprost\\\/\",\"name\":\"Revitaprost - Clinica Althea\",\"isPartOf\":{\"@id\":\"https:\\\/\\\/www.clinicaalthea.com\\\/farmacia\\\/#website\"},\"primaryImageOfPage\":{\"@id\":\"https:\\\/\\\/www.clinicaalthea.com\\\/farmacia\\\/es\\\/apt\\\/revitaprost\\\/#primaryimage\"},\"image\":{\"@id\":\"https:\\\/\\\/www.clinicaalthea.com\\\/farmacia\\\/es\\\/apt\\\/revitaprost\\\/#primaryimage\"},\"thumbnailUrl\":\"https:\\\/\\\/www.clinicaalthea.com\\\/farmacia\\\/wp-content\\\/uploads\\\/2024\\\/07\\\/REVITAPROST.jpg\",\"datePublished\":\"2024-07-18T09:26:14+00:00\",\"dateModified\":\"2024-07-18T09:31:35+00:00\",\"breadcrumb\":{\"@id\":\"https:\\\/\\\/www.clinicaalthea.com\\\/farmacia\\\/es\\\/apt\\\/revitaprost\\\/#breadcrumb\"},\"inLanguage\":\"pl-PL\",\"potentialAction\":[{\"@type\":\"ReadAction\",\"target\":[\"https:\\\/\\\/www.clinicaalthea.com\\\/farmacia\\\/es\\\/apt\\\/revitaprost\\\/\"]}]},{\"@type\":\"ImageObject\",\"inLanguage\":\"pl-PL\",\"@id\":\"https:\\\/\\\/www.clinicaalthea.com\\\/farmacia\\\/es\\\/apt\\\/revitaprost\\\/#primaryimage\",\"url\":\"https:\\\/\\\/www.clinicaalthea.com\\\/farmacia\\\/wp-content\\\/uploads\\\/2024\\\/07\\\/REVITAPROST.jpg\",\"contentUrl\":\"https:\\\/\\\/www.clinicaalthea.com\\\/farmacia\\\/wp-content\\\/uploads\\\/2024\\\/07\\\/REVITAPROST.jpg\",\"width\":768,\"height\":768,\"caption\":\"Revitaprost\"},{\"@type\":\"BreadcrumbList\",\"@id\":\"https:\\\/\\\/www.clinicaalthea.com\\\/farmacia\\\/es\\\/apt\\\/revitaprost\\\/#breadcrumb\",\"itemListElement\":[{\"@type\":\"ListItem\",\"position\":1,\"name\":\"Strona g\u0142\u00f3wna\",\"item\":\"https:\\\/\\\/www.clinicaalthea.com\\\/farmacia\\\/\"},{\"@type\":\"ListItem\",\"position\":2,\"name\":\"Produkty\",\"item\":\"https:\\\/\\\/www.clinicaalthea.com\\\/farmacia\\\/\"},{\"@type\":\"ListItem\",\"position\":3,\"name\":\"Revitaprost\"}]},{\"@type\":\"WebSite\",\"@id\":\"https:\\\/\\\/www.clinicaalthea.com\\\/farmacia\\\/#website\",\"url\":\"https:\\\/\\\/www.clinicaalthea.com\\\/farmacia\\\/\",\"name\":\"Clinica Althea\",\"description\":\"\",\"publisher\":{\"@id\":\"https:\\\/\\\/www.clinicaalthea.com\\\/farmacia\\\/#organization\"},\"potentialAction\":[{\"@type\":\"SearchAction\",\"target\":{\"@type\":\"EntryPoint\",\"urlTemplate\":\"https:\\\/\\\/www.clinicaalthea.com\\\/farmacia\\\/?s={search_term_string}\"},\"query-input\":{\"@type\":\"PropertyValueSpecification\",\"valueRequired\":true,\"valueName\":\"search_term_string\"}}],\"inLanguage\":\"pl-PL\"},{\"@type\":\"Organization\",\"@id\":\"https:\\\/\\\/www.clinicaalthea.com\\\/farmacia\\\/#organization\",\"name\":\"Clinica Althea\",\"url\":\"https:\\\/\\\/www.clinicaalthea.com\\\/farmacia\\\/\",\"logo\":{\"@type\":\"ImageObject\",\"inLanguage\":\"pl-PL\",\"@id\":\"https:\\\/\\\/www.clinicaalthea.com\\\/farmacia\\\/#\\\/schema\\\/logo\\\/image\\\/\",\"url\":\"https:\\\/\\\/www.clinicaalthea.com\\\/farmacia\\\/wp-content\\\/uploads\\\/2023\\\/12\\\/Jak-diagnozuje-sie-FAS_-objawy-kryteria-diagnostyczne-i-metody-diagnozowania-154162903.jpg\",\"contentUrl\":\"https:\\\/\\\/www.clinicaalthea.com\\\/farmacia\\\/wp-content\\\/uploads\\\/2023\\\/12\\\/Jak-diagnozuje-sie-FAS_-objawy-kryteria-diagnostyczne-i-metody-diagnozowania-154162903.jpg\",\"width\":1216,\"height\":832,\"caption\":\"Clinica Althea\"},\"image\":{\"@id\":\"https:\\\/\\\/www.clinicaalthea.com\\\/farmacia\\\/#\\\/schema\\\/logo\\\/image\\\/\"}}]}<\/script>\n<!-- \/ Yoast SEO plugin. -->","yoast_head_json":{"title":"Revitaprost - Clinica Althea","robots":{"index":"index","follow":"follow","max-snippet":"max-snippet:-1","max-image-preview":"max-image-preview:large","max-video-preview":"max-video-preview:-1"},"canonical":"https:\/\/www.clinicaalthea.com\/farmacia\/es\/apt\/revitaprost\/","og_locale":"pl_PL","og_type":"article","og_title":"Revitaprost - Clinica Althea","og_description":"39.00 \u20ac 78.00 \u20ac","og_url":"https:\/\/www.clinicaalthea.com\/farmacia\/es\/apt\/revitaprost\/","og_site_name":"Clinica Althea","article_modified_time":"2024-07-18T09:31:35+00:00","og_image":[{"width":768,"height":768,"url":"https:\/\/www.clinicaalthea.com\/farmacia\/wp-content\/uploads\/2024\/07\/REVITAPROST.jpg","type":"image\/jpeg"}],"twitter_card":"summary_large_image","twitter_misc":{"Szacowany czas czytania":"8 minut"},"schema":{"@context":"https:\/\/schema.org","@graph":[{"@type":"WebPage","@id":"https:\/\/www.clinicaalthea.com\/farmacia\/es\/apt\/revitaprost\/","url":"https:\/\/www.clinicaalthea.com\/farmacia\/es\/apt\/revitaprost\/","name":"Revitaprost - Clinica Althea","isPartOf":{"@id":"https:\/\/www.clinicaalthea.com\/farmacia\/#website"},"primaryImageOfPage":{"@id":"https:\/\/www.clinicaalthea.com\/farmacia\/es\/apt\/revitaprost\/#primaryimage"},"image":{"@id":"https:\/\/www.clinicaalthea.com\/farmacia\/es\/apt\/revitaprost\/#primaryimage"},"thumbnailUrl":"https:\/\/www.clinicaalthea.com\/farmacia\/wp-content\/uploads\/2024\/07\/REVITAPROST.jpg","datePublished":"2024-07-18T09:26:14+00:00","dateModified":"2024-07-18T09:31:35+00:00","breadcrumb":{"@id":"https:\/\/www.clinicaalthea.com\/farmacia\/es\/apt\/revitaprost\/#breadcrumb"},"inLanguage":"pl-PL","potentialAction":[{"@type":"ReadAction","target":["https:\/\/www.clinicaalthea.com\/farmacia\/es\/apt\/revitaprost\/"]}]},{"@type":"ImageObject","inLanguage":"pl-PL","@id":"https:\/\/www.clinicaalthea.com\/farmacia\/es\/apt\/revitaprost\/#primaryimage","url":"https:\/\/www.clinicaalthea.com\/farmacia\/wp-content\/uploads\/2024\/07\/REVITAPROST.jpg","contentUrl":"https:\/\/www.clinicaalthea.com\/farmacia\/wp-content\/uploads\/2024\/07\/REVITAPROST.jpg","width":768,"height":768,"caption":"Revitaprost"},{"@type":"BreadcrumbList","@id":"https:\/\/www.clinicaalthea.com\/farmacia\/es\/apt\/revitaprost\/#breadcrumb","itemListElement":[{"@type":"ListItem","position":1,"name":"Strona g\u0142\u00f3wna","item":"https:\/\/www.clinicaalthea.com\/farmacia\/"},{"@type":"ListItem","position":2,"name":"Produkty","item":"https:\/\/www.clinicaalthea.com\/farmacia\/"},{"@type":"ListItem","position":3,"name":"Revitaprost"}]},{"@type":"WebSite","@id":"https:\/\/www.clinicaalthea.com\/farmacia\/#website","url":"https:\/\/www.clinicaalthea.com\/farmacia\/","name":"Clinica Althea","description":"","publisher":{"@id":"https:\/\/www.clinicaalthea.com\/farmacia\/#organization"},"potentialAction":[{"@type":"SearchAction","target":{"@type":"EntryPoint","urlTemplate":"https:\/\/www.clinicaalthea.com\/farmacia\/?s={search_term_string}"},"query-input":{"@type":"PropertyValueSpecification","valueRequired":true,"valueName":"search_term_string"}}],"inLanguage":"pl-PL"},{"@type":"Organization","@id":"https:\/\/www.clinicaalthea.com\/farmacia\/#organization","name":"Clinica Althea","url":"https:\/\/www.clinicaalthea.com\/farmacia\/","logo":{"@type":"ImageObject","inLanguage":"pl-PL","@id":"https:\/\/www.clinicaalthea.com\/farmacia\/#\/schema\/logo\/image\/","url":"https:\/\/www.clinicaalthea.com\/farmacia\/wp-content\/uploads\/2023\/12\/Jak-diagnozuje-sie-FAS_-objawy-kryteria-diagnostyczne-i-metody-diagnozowania-154162903.jpg","contentUrl":"https:\/\/www.clinicaalthea.com\/farmacia\/wp-content\/uploads\/2023\/12\/Jak-diagnozuje-sie-FAS_-objawy-kryteria-diagnostyczne-i-metody-diagnozowania-154162903.jpg","width":1216,"height":832,"caption":"Clinica Althea"},"image":{"@id":"https:\/\/www.clinicaalthea.com\/farmacia\/#\/schema\/logo\/image\/"}}]}},"lang":"es","translations":{"es":7097,"pl":7086,"bg":7089,"cs":7091,"de":7093,"et":7095,"fr":7099,"el":7101,"hu":7103,"it":7105,"lv":7107,"pt":7109,"ro":7111,"sl":7113,"sk":7115,"nl":7117},"pll_sync_post":[],"_links":{"self":[{"href":"https:\/\/www.clinicaalthea.com\/farmacia\/wp-json\/wp\/v2\/product\/7097","targetHints":{"allow":["GET"]}}],"collection":[{"href":"https:\/\/www.clinicaalthea.com\/farmacia\/wp-json\/wp\/v2\/product"}],"about":[{"href":"https:\/\/www.clinicaalthea.com\/farmacia\/wp-json\/wp\/v2\/types\/product"}],"replies":[{"embeddable":true,"href":"https:\/\/www.clinicaalthea.com\/farmacia\/wp-json\/wp\/v2\/comments?post=7097"}],"wp:featuredmedia":[{"embeddable":true,"href":"https:\/\/www.clinicaalthea.com\/farmacia\/wp-json\/wp\/v2\/media\/7087"}],"wp:attachment":[{"href":"https:\/\/www.clinicaalthea.com\/farmacia\/wp-json\/wp\/v2\/media?parent=7097"}],"wp:term":[{"taxonomy":"product_brand","embeddable":true,"href":"https:\/\/www.clinicaalthea.com\/farmacia\/wp-json\/wp\/v2\/product_brand?post=7097"},{"taxonomy":"product_cat","embeddable":true,"href":"https:\/\/www.clinicaalthea.com\/farmacia\/wp-json\/wp\/v2\/product_cat?post=7097"},{"taxonomy":"product_tag","embeddable":true,"href":"https:\/\/www.clinicaalthea.com\/farmacia\/wp-json\/wp\/v2\/product_tag?post=7097"}],"curies":[{"name":"wp","href":"https:\/\/api.w.org\/{rel}","templated":true}]}}