{"id":6965,"date":"2024-07-18T09:14:33","date_gmt":"2024-07-18T08:14:33","guid":{"rendered":"https:\/\/mayoguide.org\/produkty\/?post_type=product&#038;p=6965"},"modified":"2024-07-18T10:04:03","modified_gmt":"2024-07-18T09:04:03","slug":"gluconol","status":"publish","type":"product","link":"https:\/\/www.clinicaalthea.com\/farmacia\/cs\/apt\/gluconol\/","title":{"rendered":"Gluconol"},"content":{"rendered":"\n<h2 class=\"wp-block-heading\">Co je to Gluconol a jak funguje?<\/h2>\n\n\n\n<p>Gluconol je dopln\u011bk stravy ve form\u011b kapsl\u00ed, kter\u00fd byl vyvinut tak, aby pom\u00e1hal udr\u017eovat norm\u00e1ln\u00ed hladinu cukru v krvi. Je vyroben z p\u0159\u00edrodn\u00edch slo\u017eek, kter\u00e9 maj\u00ed prok\u00e1zan\u00e9 vlastnosti sni\u017euj\u00edc\u00ed hladinu gluk\u00f3zy. Kapsle Gluconol jsou bezpe\u010dn\u00e9 a snadno se u\u017e\u00edvaj\u00ed, tak\u017ee jsou ide\u00e1ln\u00ed pro ty, kte\u0159\u00ed bojuj\u00ed s cukrovkou nebo prediabetem.<\/p>\n\n\n\n<p>\u00da\u010dinek p\u0159\u00edpravku Gluconol je zalo\u017een na jedine\u010dn\u00e9m slo\u017een\u00ed slo\u017eek, kter\u00e9 \u00fa\u010dinn\u011b ovliv\u0148uj\u00ed procesy souvisej\u00edc\u00ed s kontrolou hladiny cukru v krvi. Hlavn\u00ed \u00fa\u010dinnou slo\u017ekou p\u0159\u00edpravku Gluconol je extrakt z list\u016f pampeli\u0161ky, kter\u00fd m\u00e1 vlastnosti reguluj\u00edc\u00ed metabolismus gluk\u00f3zy v t\u011ble. Krom\u011b toho Gluconol obsahuje tak\u00e9 extrakt ze sko\u0159ice, kter\u00fd zlep\u0161uje citlivost bun\u011bk na inzul\u00edn, a extrakt z ko\u0159ene \u017een\u0161enu, kter\u00fd podporuje tr\u00e1vic\u00ed syst\u00e9m a p\u0159isp\u00edv\u00e1 k celkov\u00e9mu pos\u00edlen\u00ed organismu.<\/p>\n\n\n\n<h2 class=\"wp-block-heading\">\u00da\u010dinky Gluconol<\/h2>\n\n\n\n<p>Pravideln\u00e9 <b>u\u017e\u00edv\u00e1n\u00ed p\u0159\u00edpravku<\/b> Gluconol m\u016f\u017ee p\u0159in\u00e9st mnoho v\u00fdhod pro zdrav\u00ed a rovnov\u00e1hu cukru. <b>Slo\u017eky<\/b> p\u0159\u00edpravku Gluconol, jako jsou <b>Gymnema Silvestre<\/b>, <b>Banaba<\/b>, <b>Ginkgo biloba<\/b>, <b>Tribulus Terrestris<\/b> a <b>Astaxanthin<\/b>, p\u016fsob\u00ed synergicky a podporuj\u00ed udr\u017een\u00ed norm\u00e1ln\u00ed hladiny cukru.<\/p>\n\n\n\n<p>Jedn\u00edm z hlavn\u00edch \u00fa\u010dink\u016f p\u0159\u00edpravku Gluconol je udr\u017eov\u00e1n\u00ed hladiny cukru ve spr\u00e1vn\u00e9m rozmez\u00ed. Pravideln\u00e1 konzumace tohoto dopl\u0148ku stravy m\u016f\u017ee pomoci kontrolovat stav cukrovky.<\/p>\n\n\n\n<p>Krom\u011b toho m\u016f\u017ee Gluconol p\u0159isp\u011bt ke zlep\u0161en\u00ed celkov\u00e9 pohody. Pravideln\u00e9 <b>u\u017e\u00edv\u00e1n\u00ed<\/b> pom\u016f\u017ee sn\u00ed\u017eit p\u0159\u00edznaky, jako je \u00fanava, letargie a agitovanost.<\/p>\n\n\n\n<p>Za zm\u00ednku stoj\u00ed tak\u00e9 to, \u017ee Gluconol m\u016f\u017ee posilovat imunitn\u00ed syst\u00e9m, co\u017e je d\u016fle\u017eit\u00e9 pro celkov\u00e9 zdrav\u00ed. P\u0159i pravideln\u00e9m u\u017e\u00edv\u00e1n\u00ed se t\u011blo st\u00e1v\u00e1 odoln\u011bj\u0161\u00edm v\u016f\u010di r\u016fzn\u00fdm infekc\u00edm a nemocem.<\/p>\n\n\n\n<p>Je t\u0159eba poznamenat, \u017ee <b>\u00fa\u010dinky<\/b> Gluconol se mohou u jednotliv\u00fdch osob li\u0161it. Ka\u017ed\u00e9 t\u011blo je jin\u00e9, tak\u017ee se <b>\u00fa\u010dinky<\/b> dopl\u0148ku mohou li\u0161it.<\/p>\n\n\n\n<h2 class=\"wp-block-heading\">D\u00e1vkov\u00e1n\u00ed p\u0159\u00edpravku Gluconol &#8211; Jak pou\u017e\u00edvat?<\/h2>\n\n\n\n<p>\u00da\u010dinn\u00e9 <b>u\u017e\u00edv\u00e1n\u00ed<\/b> dopl\u0148ku stravy Gluconol je zalo\u017eeno na spr\u00e1vn\u00e9m d\u00e1vkov\u00e1n\u00ed. Pro dosa\u017een\u00ed optim\u00e1ln\u00edch v\u00fdsledk\u016f se doporu\u010duje u\u017e\u00edvat 2 tablety p\u0159\u00edpravku denn\u011b, nejl\u00e9pe po j\u00eddle. Toto d\u00e1vkovac\u00ed rozlo\u017een\u00ed umo\u017e\u0148uje lep\u0161\u00ed vyu\u017eit\u00ed \u00fa\u010dinn\u00fdch l\u00e1tek a m\u00e1 stabiliza\u010dn\u00ed \u00fa\u010dinek na hladinu cukru v krvi.<\/p>\n\n\n\n<p>Je d\u016fle\u017eit\u00e9 dodr\u017eovat doporu\u010den\u00e9 d\u00e1vkov\u00e1n\u00ed a nep\u0159ekra\u010dovat ho. P\u0159ed u\u017e\u00edv\u00e1n\u00edm p\u0159\u00edpravku Gluconol je v\u017edy vhodn\u00e9 poradit se s l\u00e9ka\u0159em nebo l\u00e9k\u00e1rn\u00edkem, zejm\u00e9na u osob s ur\u010dit\u00fdm zdravotn\u00edm stavem nebo u\u017e\u00edvaj\u00edc\u00edch jin\u00e9 l\u00e9ky. L\u00e9ka\u0159sk\u00e1 podpora umo\u017en\u00ed individu\u00e1ln\u011b posoudit v\u00e1\u0161 stav a p\u0159izp\u016fsobit d\u00e1vkov\u00e1n\u00ed va\u0161\u00ed konkr\u00e9tn\u00ed situaci.<\/p>\n\n\n\n<h2 class=\"wp-block-heading\">Gluconol &#8211; U\u017eivatelsk\u00e9 recenze, f\u00f3rum &#8211; Co na to \u0159\u00edkaj\u00ed u\u017eivatel\u00e9?<\/h2>\n\n\n\n<p><b>Recenze u\u017eivatel\u016f<\/b> na Gluconol jsou nesm\u00edrn\u011b d\u016fle\u017eit\u00e9 p\u0159i rozhodov\u00e1n\u00ed, zda si tento dopln\u011bk stravy zakoupit. Proch\u00e1zen\u00ed recenz\u00ed na online <b>f\u00f3rech<\/b> m\u016f\u017ee b\u00fdt u\u017eite\u010dn\u00e9 pro pochopen\u00ed toho, jak <b>slo\u017eky<\/b> v p\u0159\u00edpravku Gluconol funguj\u00ed a jak\u00e9 mohou b\u00fdt potenci\u00e1ln\u00ed vedlej\u0161\u00ed \u00fa\u010dinky. \u010cten\u00edm r\u016fzn\u00fdch <b>recenz\u00ed<\/b> je mo\u017en\u00e9 posoudit <b>\u00fa\u010dinnost p\u0159\u00edpravku<\/b> Gluconol u r\u016fzn\u00fdch lid\u00ed a zjistit, jak p\u0159\u00edpravek ovliv\u0148uje regulaci hladiny cukru v krvi.<\/p>\n\n\n\n<blockquote class=\"wp-block-quote is-layout-flow wp-block-quote-is-layout-flow\">\n<p>&#8220;Gluconol byl pro m\u011b skute\u010dn\u00fdm objevem. Po pravideln\u00e9m u\u017e\u00edv\u00e1n\u00ed jsem zaznamenal v\u00fdrazn\u00e9 zlep\u0161en\u00ed hladiny cukru. C\u00edt\u00edm se energi\u010dt\u011bj\u0161\u00ed a vyrovnan\u011bj\u0161\u00ed. V\u0159ele doporu\u010duji!&#8221; &#8211; Kasia<\/p>\n\n\n\n<p>&#8220;Po letech boje s vysokou hladinou cukru jsem kone\u010dn\u011b na\u0161la ten spr\u00e1vn\u00fd dopln\u011bk. Gluconol mi pomohl udr\u017eet rovnov\u00e1hu cukru bez vedlej\u0161\u00edch \u00fa\u010dink\u016f. S v\u00fdsledky jsem velmi spokojen\u00e1.&#8221; &#8211; Janusz<\/p>\n<\/blockquote>\n\n\n\n<p>Existuje mnoho pozitivn\u00edch recenz\u00ed od u\u017eivatel\u016f, kte\u0159\u00ed za\u017eili v\u00fdhody p\u0159\u00edpravku Gluconol. Zku\u0161enosti a v\u00fdsledky ka\u017ed\u00e9ho \u010dlov\u011bka se v\u0161ak mohou li\u0161it, proto se v\u017edy vyplat\u00ed p\u0159e\u010d\u00edst si r\u016fzn\u00e9 n\u00e1zory a vyhledat informace z r\u016fzn\u00fdch zdroj\u016f, nap\u0159\u00edklad z internetov\u00fdch f\u00f3r, abyste z\u00edskali \u00fapln\u011bj\u0161\u00ed p\u0159edstavu o \u00fa\u010dinnosti dopl\u0148ku stravy Gluconol.<\/p>\n\n\n\n<figure class=\"wp-block-table\"><table><tbody><tr><th>N\u00e1zor<\/th><th>U\u017eivatel<\/th><\/tr><tr><td>&#8220;Gluconol mi opravdu pomohl udr\u017eet stabiln\u00ed <b>hladinu cukru<\/b>. C\u00edt\u00edm se l\u00e9pe a m\u00e1m v\u00edce energie!&#8221;<\/td><td>Marta<\/td><\/tr><tr><td>&#8220;Po u\u017e\u00edv\u00e1n\u00ed p\u0159\u00edpravku Gluconol jsem si v\u0161imla, \u017ee se mi stabilizovala hladina cukru a zlep\u0161ila se mi n\u00e1lada. Jsem velmi spokojen\u00e1!&#8221;<\/td><td>Adam<\/td><\/tr><tr><td>&#8220;D\u00edky p\u0159\u00edpravku Gluconol se m\u00e9 p\u0159\u00edznaky cukrovky v\u00fdrazn\u011b zm\u00edrnily. Doporu\u010duji ho ka\u017ed\u00e9mu, kdo m\u00e1 probl\u00e9my s cukrem!&#8221;<\/td><td>Kamil<\/td><\/tr><\/tbody><\/table><\/figure>\n\n\n\n<h2 class=\"wp-block-heading\">Gluconol &#8211; slo\u017een\u00ed<\/h2>\n\n\n\n<p><b>Slo\u017een\u00ed p\u0159\u00edpravku<\/b> Gluconol je zalo\u017eeno na p\u0159\u00edrodn\u00edch slo\u017ek\u00e1ch. Jedn\u00e1 se o <b>dopln\u011bk stravy<\/b> se slo\u017ekami, jako jsou Gymnema Silvestre, Banaba, Ginkgo biloba, Tribulus Terrestris a Astaxanthin. Ka\u017ed\u00e1 slo\u017eka byla pe\u010dliv\u011b vybr\u00e1na pro sv\u00e9 vlastnosti, kter\u00e9 pom\u00e1haj\u00ed vyrovn\u00e1vat hladinu cukru v krvi.<\/p>\n\n\n\n<figure class=\"wp-block-table\"><table><tbody><tr><th>Slo\u017een\u00ed<\/th><th>Popis<\/th><\/tr><tr><td>Gymnema Silvestre<\/td><td>Rostlina s vlastnostmi reguluj\u00edc\u00edmi hladinu cukru v krvi.<\/td><\/tr><tr><td>Banaba<\/td><td>Rostlina zn\u00e1m\u00e1 pro sv\u00e9 antidiabetick\u00e9 a antioxida\u010dn\u00ed vlastnosti.<\/td><\/tr><tr><td>Ginkgo biloba<\/td><td>Strom rostouc\u00ed v Asii, kter\u00fd pom\u00e1h\u00e1 vyrovn\u00e1vat hladinu cukru.<\/td><\/tr><tr><td>Tribulus terrestris<\/td><td>Rostlina pou\u017e\u00edvan\u00e1 v tradi\u010dn\u00ed medic\u00edn\u011b k regulaci hladiny cukru v krvi.<\/td><\/tr><tr><td>Astaxanthin<\/td><td>Antioxidant, kter\u00fd m\u016f\u017ee m\u00edt p\u0159\u00edzniv\u00fd vliv na rovnov\u00e1hu cukru v krvi.<\/td><\/tr><\/tbody><\/table><\/figure>\n\n\n\n<h2 class=\"wp-block-heading\">Kde koupit a jak\u00e1 je cena p\u0159\u00edpravku Gluconol?<\/h2>\n\n\n\n<p>Gluconol je k dispozici ke koupi p\u0159\u00edmo na ofici\u00e1ln\u00edch str\u00e1nk\u00e1ch v\u00fdrobce. P\u0159i rozhodov\u00e1n\u00ed o <b>n\u00e1kupu<\/b> se doporu\u010duje pou\u017e\u00edt ofici\u00e1ln\u00ed webov\u00e9 str\u00e1nky v\u00fdrobce. <b>Cena p\u0159\u00edpravku<\/b> Gluconol se m\u016f\u017ee li\u0161it v z\u00e1vislosti na akc\u00edch a n\u00e1kupn\u00edch bal\u00ed\u010dc\u00edch nab\u00edzen\u00fdch v\u00fdrobcem. Je d\u016fle\u017eit\u00e9 zakoupit origin\u00e1ln\u00ed v\u00fdrobek pouze z ofici\u00e1ln\u00edch str\u00e1nek v\u00fdrobce, abyste si byli jisti kvalitou a \u00fa\u010dinnost\u00ed.<\/p>\n\n\n\n<h2 class=\"wp-block-heading\">Gluconol &#8211; Ne\u017e\u00e1douc\u00ed \u00fa\u010dinky a kontraindikace &#8211; Je bezpe\u010dn\u00fd?<\/h2>\n\n\n\n<p>P\u0159ed u\u017e\u00edv\u00e1n\u00edm p\u0159\u00edpravku <strong>Gluconol<\/strong> je dobr\u00e9 se sezn\u00e1mit s mo\u017en\u00fdmi ne\u017e\u00e1douc\u00edmi \u00fa\u010dinky a kontraindikacemi. P\u0159esto\u017ee je <strong>Gluconol<\/strong> dopln\u011bk stravy na b\u00e1zi p\u0159\u00edrodn\u00edch slo\u017eek, je mo\u017en\u00e9, \u017ee se u n\u011bkter\u00fdch lid\u00ed mohou vyskytnout ne\u017e\u00e1douc\u00ed \u00fa\u010dinky nebo <b>kontraindikace<\/b> u\u017e\u00edv\u00e1n\u00ed.<\/p>\n\n\n\n<p>Mo\u017en\u00e9 ne\u017e\u00e1douc\u00ed \u00fa\u010dinky p\u0159\u00edpravku <strong>Gluconol<\/strong> mohou zahrnovat nesn\u00e1\u0161enlivost n\u011bkter\u00e9 ze slo\u017eek, alergick\u00e9 reakce nebo \u017ealude\u010dn\u00ed pot\u00ed\u017ee. Pokud se u v\u00e1s po u\u017eit\u00ed dopl\u0148ku vyskytnou jak\u00e9koli ne\u017e\u00e1douc\u00ed p\u0159\u00edznaky, p\u0159esta\u0148te jej u\u017e\u00edvat a pora\u010fte se se sv\u00fdm l\u00e9ka\u0159em.<\/p>\n\n\n\n<p>Kontraindikacemi u\u017e\u00edv\u00e1n\u00ed p\u0159\u00edpravku <strong>Gluconol<\/strong> jsou zejm\u00e9na t\u011bhotenstv\u00ed, kojen\u00ed, kardiovaskul\u00e1rn\u00ed onemocn\u011bn\u00ed, onemocn\u011bn\u00ed jater nebo ledvin, diabetes 1. typu a alergie na n\u011bkterou ze slo\u017eek p\u0159\u00edpravku. V p\u0159\u00edpad\u011b t\u011bchto stav\u016f nebo onemocn\u011bn\u00ed je t\u0159eba p\u0159\u00edpravek <strong>Gluconol<\/strong> vysadit a poradit se s l\u00e9ka\u0159em.<\/p>\n","protected":false},"excerpt":{"rendered":"<p><strong>890.00 K\u010d<\/strong><\/p>\n<p><del>1780.00 K\u010d<\/del><\/p>\n<p><strong>[date_countdown]<\/strong><\/p>\n","protected":false},"featured_media":6959,"comment_status":"open","ping_status":"closed","template":"","meta":{"neve_meta_sidebar":"","neve_meta_container":"","neve_meta_enable_content_width":"","neve_meta_content_width":0,"neve_meta_title_alignment":"","neve_meta_author_avatar":"","neve_post_elements_order":"","neve_meta_disable_header":"","neve_meta_disable_footer":"","neve_meta_disable_title":"","neve_meta_reading_time":""},"product_brand":[],"product_cat":[49],"product_tag":[],"class_list":{"0":"post-6965","1":"product","2":"type-product","3":"status-publish","4":"has-post-thumbnail","6":"product_cat-zdravi","8":"first","9":"instock","10":"shipping-taxable","11":"product-type-external"},"yoast_head":"<!-- This site is optimized with the Yoast SEO plugin v27.4 - https:\/\/yoast.com\/product\/yoast-seo-wordpress\/ -->\n<title>Gluconol - Clinica Althea<\/title>\n<meta name=\"robots\" content=\"index, follow, max-snippet:-1, max-image-preview:large, max-video-preview:-1\" \/>\n<link rel=\"canonical\" href=\"https:\/\/www.clinicaalthea.com\/farmacia\/cs\/apt\/gluconol\/\" \/>\n<meta property=\"og:locale\" content=\"pl_PL\" \/>\n<meta property=\"og:type\" content=\"article\" \/>\n<meta property=\"og:title\" content=\"Gluconol - Clinica Althea\" \/>\n<meta property=\"og:description\" content=\"890.00 K\u010d 1780.00 K\u010d\" \/>\n<meta property=\"og:url\" content=\"https:\/\/www.clinicaalthea.com\/farmacia\/cs\/apt\/gluconol\/\" \/>\n<meta property=\"og:site_name\" content=\"Clinica Althea\" \/>\n<meta property=\"article:modified_time\" content=\"2024-07-18T09:04:03+00:00\" \/>\n<meta property=\"og:image\" content=\"https:\/\/www.clinicaalthea.com\/farmacia\/wp-content\/uploads\/2024\/07\/GLUCONOL.jpg\" \/>\n\t<meta property=\"og:image:width\" content=\"768\" \/>\n\t<meta property=\"og:image:height\" content=\"768\" \/>\n\t<meta property=\"og:image:type\" content=\"image\/jpeg\" \/>\n<meta name=\"twitter:card\" content=\"summary_large_image\" \/>\n<meta name=\"twitter:label1\" content=\"Szacowany czas czytania\" \/>\n\t<meta name=\"twitter:data1\" content=\"6 minut\" \/>\n<script type=\"application\/ld+json\" class=\"yoast-schema-graph\">{\"@context\":\"https:\\\/\\\/schema.org\",\"@graph\":[{\"@type\":\"WebPage\",\"@id\":\"https:\\\/\\\/www.clinicaalthea.com\\\/farmacia\\\/cs\\\/apt\\\/gluconol\\\/\",\"url\":\"https:\\\/\\\/www.clinicaalthea.com\\\/farmacia\\\/cs\\\/apt\\\/gluconol\\\/\",\"name\":\"Gluconol - Clinica Althea\",\"isPartOf\":{\"@id\":\"https:\\\/\\\/www.clinicaalthea.com\\\/farmacia\\\/#website\"},\"primaryImageOfPage\":{\"@id\":\"https:\\\/\\\/www.clinicaalthea.com\\\/farmacia\\\/cs\\\/apt\\\/gluconol\\\/#primaryimage\"},\"image\":{\"@id\":\"https:\\\/\\\/www.clinicaalthea.com\\\/farmacia\\\/cs\\\/apt\\\/gluconol\\\/#primaryimage\"},\"thumbnailUrl\":\"https:\\\/\\\/www.clinicaalthea.com\\\/farmacia\\\/wp-content\\\/uploads\\\/2024\\\/07\\\/GLUCONOL.jpg\",\"datePublished\":\"2024-07-18T08:14:33+00:00\",\"dateModified\":\"2024-07-18T09:04:03+00:00\",\"breadcrumb\":{\"@id\":\"https:\\\/\\\/www.clinicaalthea.com\\\/farmacia\\\/cs\\\/apt\\\/gluconol\\\/#breadcrumb\"},\"inLanguage\":\"pl-PL\",\"potentialAction\":[{\"@type\":\"ReadAction\",\"target\":[\"https:\\\/\\\/www.clinicaalthea.com\\\/farmacia\\\/cs\\\/apt\\\/gluconol\\\/\"]}]},{\"@type\":\"ImageObject\",\"inLanguage\":\"pl-PL\",\"@id\":\"https:\\\/\\\/www.clinicaalthea.com\\\/farmacia\\\/cs\\\/apt\\\/gluconol\\\/#primaryimage\",\"url\":\"https:\\\/\\\/www.clinicaalthea.com\\\/farmacia\\\/wp-content\\\/uploads\\\/2024\\\/07\\\/GLUCONOL.jpg\",\"contentUrl\":\"https:\\\/\\\/www.clinicaalthea.com\\\/farmacia\\\/wp-content\\\/uploads\\\/2024\\\/07\\\/GLUCONOL.jpg\",\"width\":768,\"height\":768,\"caption\":\"Gluconol\"},{\"@type\":\"BreadcrumbList\",\"@id\":\"https:\\\/\\\/www.clinicaalthea.com\\\/farmacia\\\/cs\\\/apt\\\/gluconol\\\/#breadcrumb\",\"itemListElement\":[{\"@type\":\"ListItem\",\"position\":1,\"name\":\"Strona g\u0142\u00f3wna\",\"item\":\"https:\\\/\\\/www.clinicaalthea.com\\\/farmacia\\\/\"},{\"@type\":\"ListItem\",\"position\":2,\"name\":\"Produkty\",\"item\":\"https:\\\/\\\/www.clinicaalthea.com\\\/farmacia\\\/\"},{\"@type\":\"ListItem\",\"position\":3,\"name\":\"Gluconol\"}]},{\"@type\":\"WebSite\",\"@id\":\"https:\\\/\\\/www.clinicaalthea.com\\\/farmacia\\\/#website\",\"url\":\"https:\\\/\\\/www.clinicaalthea.com\\\/farmacia\\\/\",\"name\":\"Clinica Althea\",\"description\":\"\",\"publisher\":{\"@id\":\"https:\\\/\\\/www.clinicaalthea.com\\\/farmacia\\\/#organization\"},\"potentialAction\":[{\"@type\":\"SearchAction\",\"target\":{\"@type\":\"EntryPoint\",\"urlTemplate\":\"https:\\\/\\\/www.clinicaalthea.com\\\/farmacia\\\/?s={search_term_string}\"},\"query-input\":{\"@type\":\"PropertyValueSpecification\",\"valueRequired\":true,\"valueName\":\"search_term_string\"}}],\"inLanguage\":\"pl-PL\"},{\"@type\":\"Organization\",\"@id\":\"https:\\\/\\\/www.clinicaalthea.com\\\/farmacia\\\/#organization\",\"name\":\"Clinica Althea\",\"url\":\"https:\\\/\\\/www.clinicaalthea.com\\\/farmacia\\\/\",\"logo\":{\"@type\":\"ImageObject\",\"inLanguage\":\"pl-PL\",\"@id\":\"https:\\\/\\\/www.clinicaalthea.com\\\/farmacia\\\/#\\\/schema\\\/logo\\\/image\\\/\",\"url\":\"https:\\\/\\\/www.clinicaalthea.com\\\/farmacia\\\/wp-content\\\/uploads\\\/2023\\\/12\\\/Jak-diagnozuje-sie-FAS_-objawy-kryteria-diagnostyczne-i-metody-diagnozowania-154162903.jpg\",\"contentUrl\":\"https:\\\/\\\/www.clinicaalthea.com\\\/farmacia\\\/wp-content\\\/uploads\\\/2023\\\/12\\\/Jak-diagnozuje-sie-FAS_-objawy-kryteria-diagnostyczne-i-metody-diagnozowania-154162903.jpg\",\"width\":1216,\"height\":832,\"caption\":\"Clinica Althea\"},\"image\":{\"@id\":\"https:\\\/\\\/www.clinicaalthea.com\\\/farmacia\\\/#\\\/schema\\\/logo\\\/image\\\/\"}}]}<\/script>\n<!-- \/ Yoast SEO plugin. -->","yoast_head_json":{"title":"Gluconol - Clinica Althea","robots":{"index":"index","follow":"follow","max-snippet":"max-snippet:-1","max-image-preview":"max-image-preview:large","max-video-preview":"max-video-preview:-1"},"canonical":"https:\/\/www.clinicaalthea.com\/farmacia\/cs\/apt\/gluconol\/","og_locale":"pl_PL","og_type":"article","og_title":"Gluconol - Clinica Althea","og_description":"890.00 K\u010d 1780.00 K\u010d","og_url":"https:\/\/www.clinicaalthea.com\/farmacia\/cs\/apt\/gluconol\/","og_site_name":"Clinica Althea","article_modified_time":"2024-07-18T09:04:03+00:00","og_image":[{"width":768,"height":768,"url":"https:\/\/www.clinicaalthea.com\/farmacia\/wp-content\/uploads\/2024\/07\/GLUCONOL.jpg","type":"image\/jpeg"}],"twitter_card":"summary_large_image","twitter_misc":{"Szacowany czas czytania":"6 minut"},"schema":{"@context":"https:\/\/schema.org","@graph":[{"@type":"WebPage","@id":"https:\/\/www.clinicaalthea.com\/farmacia\/cs\/apt\/gluconol\/","url":"https:\/\/www.clinicaalthea.com\/farmacia\/cs\/apt\/gluconol\/","name":"Gluconol - Clinica Althea","isPartOf":{"@id":"https:\/\/www.clinicaalthea.com\/farmacia\/#website"},"primaryImageOfPage":{"@id":"https:\/\/www.clinicaalthea.com\/farmacia\/cs\/apt\/gluconol\/#primaryimage"},"image":{"@id":"https:\/\/www.clinicaalthea.com\/farmacia\/cs\/apt\/gluconol\/#primaryimage"},"thumbnailUrl":"https:\/\/www.clinicaalthea.com\/farmacia\/wp-content\/uploads\/2024\/07\/GLUCONOL.jpg","datePublished":"2024-07-18T08:14:33+00:00","dateModified":"2024-07-18T09:04:03+00:00","breadcrumb":{"@id":"https:\/\/www.clinicaalthea.com\/farmacia\/cs\/apt\/gluconol\/#breadcrumb"},"inLanguage":"pl-PL","potentialAction":[{"@type":"ReadAction","target":["https:\/\/www.clinicaalthea.com\/farmacia\/cs\/apt\/gluconol\/"]}]},{"@type":"ImageObject","inLanguage":"pl-PL","@id":"https:\/\/www.clinicaalthea.com\/farmacia\/cs\/apt\/gluconol\/#primaryimage","url":"https:\/\/www.clinicaalthea.com\/farmacia\/wp-content\/uploads\/2024\/07\/GLUCONOL.jpg","contentUrl":"https:\/\/www.clinicaalthea.com\/farmacia\/wp-content\/uploads\/2024\/07\/GLUCONOL.jpg","width":768,"height":768,"caption":"Gluconol"},{"@type":"BreadcrumbList","@id":"https:\/\/www.clinicaalthea.com\/farmacia\/cs\/apt\/gluconol\/#breadcrumb","itemListElement":[{"@type":"ListItem","position":1,"name":"Strona g\u0142\u00f3wna","item":"https:\/\/www.clinicaalthea.com\/farmacia\/"},{"@type":"ListItem","position":2,"name":"Produkty","item":"https:\/\/www.clinicaalthea.com\/farmacia\/"},{"@type":"ListItem","position":3,"name":"Gluconol"}]},{"@type":"WebSite","@id":"https:\/\/www.clinicaalthea.com\/farmacia\/#website","url":"https:\/\/www.clinicaalthea.com\/farmacia\/","name":"Clinica Althea","description":"","publisher":{"@id":"https:\/\/www.clinicaalthea.com\/farmacia\/#organization"},"potentialAction":[{"@type":"SearchAction","target":{"@type":"EntryPoint","urlTemplate":"https:\/\/www.clinicaalthea.com\/farmacia\/?s={search_term_string}"},"query-input":{"@type":"PropertyValueSpecification","valueRequired":true,"valueName":"search_term_string"}}],"inLanguage":"pl-PL"},{"@type":"Organization","@id":"https:\/\/www.clinicaalthea.com\/farmacia\/#organization","name":"Clinica Althea","url":"https:\/\/www.clinicaalthea.com\/farmacia\/","logo":{"@type":"ImageObject","inLanguage":"pl-PL","@id":"https:\/\/www.clinicaalthea.com\/farmacia\/#\/schema\/logo\/image\/","url":"https:\/\/www.clinicaalthea.com\/farmacia\/wp-content\/uploads\/2023\/12\/Jak-diagnozuje-sie-FAS_-objawy-kryteria-diagnostyczne-i-metody-diagnozowania-154162903.jpg","contentUrl":"https:\/\/www.clinicaalthea.com\/farmacia\/wp-content\/uploads\/2023\/12\/Jak-diagnozuje-sie-FAS_-objawy-kryteria-diagnostyczne-i-metody-diagnozowania-154162903.jpg","width":1216,"height":832,"caption":"Clinica Althea"},"image":{"@id":"https:\/\/www.clinicaalthea.com\/farmacia\/#\/schema\/logo\/image\/"}}]}},"lang":"cs","translations":{"cs":6965,"pl":6958,"ro":6971,"hu":6977,"bg":6981,"pt":6985,"es":6989,"nl":6991,"sl":6995,"lv":6999,"el":7007,"fr":7011,"de":7015,"it":7021,"sk":7023},"pll_sync_post":[],"_links":{"self":[{"href":"https:\/\/www.clinicaalthea.com\/farmacia\/wp-json\/wp\/v2\/product\/6965","targetHints":{"allow":["GET"]}}],"collection":[{"href":"https:\/\/www.clinicaalthea.com\/farmacia\/wp-json\/wp\/v2\/product"}],"about":[{"href":"https:\/\/www.clinicaalthea.com\/farmacia\/wp-json\/wp\/v2\/types\/product"}],"replies":[{"embeddable":true,"href":"https:\/\/www.clinicaalthea.com\/farmacia\/wp-json\/wp\/v2\/comments?post=6965"}],"wp:featuredmedia":[{"embeddable":true,"href":"https:\/\/www.clinicaalthea.com\/farmacia\/wp-json\/wp\/v2\/media\/6959"}],"wp:attachment":[{"href":"https:\/\/www.clinicaalthea.com\/farmacia\/wp-json\/wp\/v2\/media?parent=6965"}],"wp:term":[{"taxonomy":"product_brand","embeddable":true,"href":"https:\/\/www.clinicaalthea.com\/farmacia\/wp-json\/wp\/v2\/product_brand?post=6965"},{"taxonomy":"product_cat","embeddable":true,"href":"https:\/\/www.clinicaalthea.com\/farmacia\/wp-json\/wp\/v2\/product_cat?post=6965"},{"taxonomy":"product_tag","embeddable":true,"href":"https:\/\/www.clinicaalthea.com\/farmacia\/wp-json\/wp\/v2\/product_tag?post=6965"}],"curies":[{"name":"wp","href":"https:\/\/api.w.org\/{rel}","templated":true}]}}