{"id":6862,"date":"2024-07-18T08:37:53","date_gmt":"2024-07-18T07:37:53","guid":{"rendered":"https:\/\/mayoguide.org\/produkty\/?post_type=product&#038;p=6862"},"modified":"2024-07-18T08:38:31","modified_gmt":"2024-07-18T07:38:31","slug":"vigaman","status":"publish","type":"product","link":"https:\/\/www.clinicaalthea.com\/farmacia\/sk\/apt\/vigaman\/","title":{"rendered":"Vigaman"},"content":{"rendered":"\n<h2 class=\"wp-block-heading\">\u010co je Vigaman a ako funguje?<\/h2>\n\n\n\n<p><b>Doplnok stravy<\/b> <b>Vigaman<\/b> je \u0161peci\u00e1lne vyvinut\u00fd produkt ur\u010den\u00fd pre mu\u017eov na zlep\u0161enie ich zdravia a pohody. V\u010faka jedine\u010dnej kombin\u00e1cii \u00fa\u010dinn\u00fdch l\u00e1tok p\u00f4sob\u00ed na organizmus mnoh\u00fdmi r\u00f4znymi sp\u00f4sobmi.<\/p>\n\n\n\n<p>Ako <b>Vigaman<\/b> <b>ovplyv\u0148uje<\/b> mu\u017esk\u00e9 telo? V prvom rade doplnok zlep\u0161uje sexu\u00e1lne funkcie t\u00fdm, \u017ee pom\u00e1ha dosiahnu\u0165 a udr\u017ea\u0165 erekciu a zvy\u0161uje libido. P\u00f4sob\u00ed tie\u017e na zlep\u0161enie fyzickej v\u00fdkonnosti a celkovej telesnej kond\u00edcie. Vigaman podporuje nervov\u00fd syst\u00e9m a produkciu testoster\u00f3nu, \u010do je d\u00f4le\u017eit\u00e9 pre mu\u017esk\u00e9 zdravie.<\/p>\n\n\n\n<p><b>Zlo\u017eky<\/b> Vigamanu s\u00fa k\u013e\u00fa\u010dom k jeho \u00fa\u010dinnosti:<\/p>\n\n\n\n<ul class=\"wp-block-list\">\n<li><em>Natanus thrapa:<\/em> T\u00e1to rastlina je zn\u00e1ma svojimi vlastnos\u0165ami zvy\u0161uj\u00facimi erekciu a sexu\u00e1lnu v\u00fdkonnos\u0165.<\/li>\n\n\n\n<li><em>Muira puama:<\/em> T\u00e1to zlo\u017eka podporuje produkciu testoster\u00f3nu, zlep\u0161uje sexu\u00e1lne funkcie a v\u00fdkonnos\u0165.<\/li>\n\n\n\n<li><em>Makrootok<\/em>: t\u00e1to rastlina m\u00e1 pozit\u00edvny vplyv na libido a sexu\u00e1lne zdravie mu\u017eov.<\/li>\n\n\n\n<li><em>Vitam\u00edn B6<\/em>: Je d\u00f4le\u017eit\u00fd pre produkciu testoster\u00f3nu a pre zlep\u0161enie celkovej telesnej kond\u00edcie.<\/li>\n<\/ul>\n\n\n\n<p>V\u010faka tejto jedine\u010dnej kombin\u00e1cii \u00fa\u010dinn\u00fdch l\u00e1tok m\u00e1 Vigaman komplexn\u00fd \u00fa\u010dinok na <b>mu\u017esk\u00e9 zdravie<\/b>, podporuje sexu\u00e1lne funkcie, v\u00fdkonnos\u0165 a celkov\u00fa kond\u00edciu.<\/p>\n\n\n\n<h2 class=\"wp-block-heading\">Vigaman &#8211; \u00fa\u010dinky pou\u017eitia<\/h2>\n\n\n\n<p>Ak\u00e9 <b>v\u00fdhody<\/b> m\u00f4\u017eete z\u00edska\u0165 z <b>pou\u017e\u00edvania<\/b> doplnku stravy Vigaman pre mu\u017esk\u00e9 zdravie? Tu je zoznam hlavn\u00fdch \u00fa\u010dinkov, ktor\u00e9 mo\u017eno dosiahnu\u0165 pou\u017e\u00edvan\u00edm tohto produktu.<\/p>\n\n\n\n<ul class=\"wp-block-list\">\n<li><em>Zv\u00fd\u0161en\u00e9 libido:<\/em> Vigaman obsahuje <b>zlo\u017eky,<\/b> ktor\u00e9 m\u00f4\u017eu pom\u00f4c\u0165 zlep\u0161i\u0165 sexu\u00e1lnu t\u00fa\u017ebu a zv\u00fd\u0161i\u0165 libido.<\/li>\n\n\n\n<li><em>Zlep\u0161enie erekcie:<\/em> Pravideln\u00e9 <b>u\u017e\u00edvanie<\/b> Vigamanu m\u00f4\u017ee zlep\u0161i\u0165 kvalitu erekcie, \u010do m\u00e1 pozit\u00edvny vplyv na sexu\u00e1lny \u017eivot mu\u017ea.<\/li>\n\n\n\n<li><em>Zv\u00fd\u0161en\u00e1 vytrvalos\u0165:<\/em> v\u010faka p\u00f4sobeniu zlo\u017eiek Vigamanu m\u00f4\u017ee tento doplnok pom\u00f4c\u0165 zlep\u0161i\u0165 fyzick\u00fa vytrvalos\u0165 a zn\u00ed\u017ei\u0165 pocit \u00fanavy.<\/li>\n\n\n\n<li><em>Zv\u00fd\u0161en\u00e1 vitalita:<\/em> Vigaman m\u00f4\u017ee prispie\u0165 k zv\u00fd\u0161eniu celkovej vitality organizmu, \u010do m\u00e1 pozit\u00edvny vplyv na pohodu \u010dloveka.<\/li>\n\n\n\n<li><em>Optimaliz\u00e1cia hladiny testoster\u00f3nu:<\/em> Niektor\u00e9 <b>zlo\u017eky<\/b> Vigamanu s\u00fa d\u00f4le\u017eit\u00e9 pre produkciu testoster\u00f3nu, \u010do m\u00f4\u017ee pom\u00f4c\u0165 udr\u017ea\u0165 spr\u00e1vnu hladinu horm\u00f3nu.<\/li>\n<\/ul>\n\n\n\n<blockquote class=\"wp-block-quote is-layout-flow wp-block-quote-is-layout-flow\">\n<p>&#8220;Pou\u017e\u00edvanie v\u00fd\u017eivov\u00e9ho doplnku Vigaman m\u00f4\u017ee by\u0165 <b>pre<\/b> mu\u017eov <b>prospe\u0161n\u00e9<\/b> v mnoh\u00fdch oh\u013eadoch, preto\u017ee zvy\u0161uje ich mu\u017esk\u00e9 zdravie a zlep\u0161uje kvalitu ich sexu\u00e1lneho \u017eivota.&#8221;<\/p>\n<\/blockquote>\n\n\n\n<h2 class=\"wp-block-heading\">Ako spr\u00e1vne pou\u017e\u00edva\u0165 Vigaman &#8211; d\u00e1vkovanie<\/h2>\n\n\n\n<p>Ak ste sa rozhodli u\u017e\u00edva\u0165 doplnok stravy Vigaman, je d\u00f4le\u017eit\u00e9, aby ste dodr\u017eiavali odpor\u00fa\u010dania pre jeho spr\u00e1vne u\u017e\u00edvanie. T\u00fdm zv\u00fd\u0161ite svoje \u0161ance na dosiahnutie po\u017eadovan\u00fdch zdravotn\u00fdch \u00fa\u010dinkov.<\/p>\n\n\n\n<p>Je d\u00f4le\u017eit\u00e9, aby ste Vigaman u\u017e\u00edvali pravidelne pod\u013ea odpor\u00fa\u010dania v\u00fdrobcu. Nezabudnite dodr\u017eiava\u0165 odpor\u00fa\u010dania t\u00fdkaj\u00face sa d\u00e1vkovania, ktor\u00e9 n\u00e1jdete na obale alebo v pr\u00edbalovom let\u00e1ku. Neprekra\u010dujte odpor\u00fa\u010dan\u00e9 d\u00e1vkovanie, preto\u017ee to m\u00f4\u017ee vies\u0165 k ne\u017eiaducim ved\u013eaj\u0161\u00edm \u00fa\u010dinkom.<\/p>\n\n\n\n<p>Na dosiahnutie optim\u00e1lnych v\u00fdsledkov sa zvy\u010dajne odpor\u00fa\u010da u\u017e\u00edva\u0165 jednu kapsulu Vigamanu denne. Je d\u00f4le\u017eit\u00e9 u\u017e\u00edva\u0165 ju pravidelne, najlep\u0161ie po\u010das jedla a zapi\u0165 dostato\u010dn\u00fdm mno\u017estvom vody. Nezabudnite, \u017ee <b>v\u00fd\u017eivov\u00fd doplnok<\/b> p\u00f4sob\u00ed postupne, preto neo\u010dak\u00e1vajte okam\u017eit\u00e9 v\u00fdsledky. Pri u\u017e\u00edvan\u00ed Vigamanu sa oplat\u00ed by\u0165 trpezliv\u00fd a systematick\u00fd.<\/p>\n\n\n\n<p>Pred za\u010dat\u00edm u\u017e\u00edvania Vigamanu je tie\u017e dobr\u00e9 poradi\u0165 sa so svoj\u00edm lek\u00e1rom. V\u00e1\u0161 lek\u00e1r m\u00f4\u017ee pos\u00fadi\u0165 va\u0161e individu\u00e1lne potreby a ur\u010di\u0165, \u010di bude tento v\u00fd\u017eivov\u00fd doplnok pre v\u00e1s vhodn\u00fd. T\u00fdm sa zabezpe\u010d\u00ed, \u017ee <b>u\u017e\u00edvanie<\/b> Vigamanu bude bezpe\u010dn\u00e9 a prisp\u00f4soben\u00e9 v\u00e1\u0161mu organizmu.<\/p>\n\n\n\n<p>Zhrnutie: k\u013e\u00fa\u010dom k dosiahnutiu po\u017eadovan\u00fdch zdravotn\u00fdch \u00fa\u010dinkov je dodr\u017eiavanie odpor\u00fa\u010dan\u00ed t\u00fdkaj\u00facich sa d\u00e1vkovania Vigamanu. Dbajte na pravideln\u00e9 u\u017e\u00edvanie doplnku, neprekra\u010dujte odpor\u00fa\u010dan\u00e9 d\u00e1vkovanie a pora\u010fte sa so svoj\u00edm lek\u00e1rom, aby ste sa uistili, \u017ee u\u017e\u00edvanie Vigamanu je pre v\u00e1s vhodn\u00e9.<\/p>\n\n\n\n<h2 class=\"wp-block-heading\">Recenzie a n\u00e1zory na Vigaman<\/h2>\n\n\n\n<p><b>Recenzie<\/b> a <b>sp\u00e4tn\u00e1 v\u00e4zba<\/b> z\u00e1kazn\u00edkov s\u00fa d\u00f4le\u017eit\u00fdm zdrojom inform\u00e1ci\u00ed o v\u00fdkone a \u00fa\u010dinnosti doplnku stravy Vigaman. \u010c\u00edtanie o sk\u00fasenostiach in\u00fdch \u013eud\u00ed v\u00e1m m\u00f4\u017ee pom\u00f4c\u0165 pri rozhodovan\u00ed o pou\u017e\u00edvan\u00ed tohto v\u00fdrobku.<\/p>\n\n\n\n<p>V jednej recenzii na Vigaman sa uv\u00e1dza, \u017ee po pravidelnom pou\u017e\u00edvan\u00ed doplnku po\u010das nieko\u013ek\u00fdch t\u00fd\u017ed\u0148ov do\u0161lo k v\u00fdrazn\u00e9mu zv\u00fd\u0161eniu energie a zlep\u0161eniu celkovej pohody. \u010eal\u0161\u00ed z\u00e1kazn\u00edk zaznamenal zv\u00fd\u0161en\u00e9 libido a lep\u0161iu sexu\u00e1lnu v\u00fdkonnos\u0165. T\u00ed, ktor\u00ed pou\u017e\u00edvali Vigaman, \u010dasto spom\u00ednaj\u00fa aj zlep\u0161enie kvality sp\u00e1nku, v\u00e4\u010d\u0161\u00ed pocit koncentr\u00e1cie a zn\u00ed\u017eenie \u00fanavy. To s\u00fa len niektor\u00e9 z pozit\u00edvnych recenzi\u00ed spojen\u00fdch s u\u017e\u00edvan\u00edm tohto v\u00fd\u017eivov\u00e9ho doplnku.<\/p>\n\n\n\n<blockquote class=\"wp-block-quote is-layout-flow wp-block-quote-is-layout-flow\">\n<p>&#8220;Vigaman je skuto\u010dne \u00fa\u010dinn\u00fd doplnok stravy. Predov\u0161etk\u00fdm zlep\u0161il moju v\u00fddr\u017e a silu. Teraz sa c\u00edtim energickej\u0161\u00ed a sebavedomej\u0161\u00ed. Odpor\u00fa\u010dam ho v\u0161etk\u00fdm mu\u017eom, ktor\u00ed chc\u00fa zlep\u0161i\u0165 svoje zdravie a pohodu.&#8221; &#8211; Jan, 45 rokov.<\/p>\n<\/blockquote>\n\n\n\n<p>Ako to v\u0161ak b\u00fdva, <b>n\u00e1zory na<\/b> v\u00fd\u017eivov\u00e9 doplnky sa m\u00f4\u017eu l\u00ed\u0161i\u0165. Nie ka\u017ed\u00fd \u010dlovek dosiahol po u\u017e\u00edvan\u00ed Vigamanu o\u010dak\u00e1van\u00e9 v\u00fdsledky. Preto je d\u00f4le\u017eit\u00e9, aby ste sa pred za\u010dat\u00edm u\u017e\u00edvania doplnku poradili so svoj\u00edm lek\u00e1rom a overili si, \u010di je Vigaman vhodn\u00fd pre v\u00e1\u0161 organizmus.<\/p>\n\n\n\n<p>Na z\u00e1ver mo\u017eno kon\u0161tatova\u0165, \u017ee <b>recenzie<\/b> a n\u00e1zory \u013eud\u00ed, ktor\u00ed pou\u017e\u00edvali Vigaman, s\u00fa d\u00f4le\u017eit\u00fdm zdrojom inform\u00e1ci\u00ed o \u00fa\u010dinnosti a \u00fa\u010dinkoch tohto v\u00fd\u017eivov\u00e9ho doplnku. Hoci v\u00e4\u010d\u0161ina recenzi\u00ed je pozit\u00edvna, je d\u00f4le\u017eit\u00e9, aby sa ka\u017ed\u00fd mu\u017e pred za\u010dat\u00edm u\u017e\u00edvania doplnkov poradil so svoj\u00edm lek\u00e1rom a vybral najlep\u0161ie rie\u0161enie pre svoje mu\u017esk\u00e9 zdravie.<\/p>\n\n\n\n<h2 class=\"wp-block-heading\">Zlo\u017eenie Vigamanu &#8211; \u010do obsahuje?<\/h2>\n\n\n\n<p><b>Zlo\u017eenie<\/b> Vigamanu je d\u00f4le\u017eit\u00fdm faktorom \u00fa\u010dinnosti tohto v\u00fd\u017eivov\u00e9ho doplnku. Zlo\u017eky s\u00fa prospe\u0161n\u00e9 pre mu\u017eov, ktor\u00ed zaznamenali probl\u00e9my s erekciou, aj pre t\u00fdch, ktor\u00ed chc\u00fa zlep\u0161i\u0165 svoju sexu\u00e1lnu v\u00fdkonnos\u0165.<\/p>\n\n\n\n<p>Neodkladajme u\u017e dlh\u0161ie a prejdime k diskusii o k\u013e\u00fa\u010dov\u00fdch zlo\u017ek\u00e1ch Vigamanu, ktor\u00e9 maj\u00fa pozit\u00edvny vplyv na zdravie mu\u017eov:<\/p>\n\n\n\n<ol class=\"wp-block-list\">\n<li><em>L-argin\u00edn<\/em> &#8211; aminokyselina, ktor\u00e1 je prekurzorom oxidu dusnat\u00e9ho, ktor\u00fd je zodpovedn\u00fd za roz\u0161irovanie ciev. Po po\u017eit\u00ed L-argin\u00ednu ho telo premie\u0148a na oxid dusnat\u00fd, ktor\u00fd m\u00f4\u017ee pom\u00f4c\u0165 zlep\u0161i\u0165 krvn\u00fd obeh.<\/li>\n\n\n\n<li><em>\u017den\u0161enov\u00fd extrakt<\/em> &#8211; rastlina, ktorej vlastnosti s\u00fa cenen\u00e9 u\u017e po st\u00e1ro\u010dia. V\u010faka zl\u00fa\u010denin\u00e1m, ktor\u00e9 obsahuje, ako s\u00fa ginsenosidy, vykazuje adaptog\u00e9nny <b>\u00fa\u010dinok<\/b>, ktor\u00fd pom\u00e1ha telu vyrovna\u0165 sa so stresom a \u00fanavou. M\u00f4\u017ee tie\u017e zlep\u0161i\u0165 libido a kvalitu erekcie.<\/li>\n\n\n\n<li><em>Extrakt z kore\u0148a Maca<\/em> &#8211; rastlina poch\u00e1dzaj\u00faca z h\u00f4r Peru, ktor\u00e1 obsahuje mnoho cenn\u00fdch \u017eiv\u00edn. Extrakt z kore\u0148a Maca m\u00f4\u017ee podpori\u0165 endokrinn\u00fd syst\u00e9m a zv\u00fd\u0161i\u0165 libido, \u010do m\u00f4\u017ee ma\u0165 priazniv\u00fd vplyv na sexu\u00e1lnu v\u00fdkonnos\u0165.<\/li>\n\n\n\n<li><em>V\u00fd\u0165a\u017eok z Mace<\/em> &#8211; rastlina zn\u00e1ma aj ako Tribulus terrestris. Be\u017ene sa pou\u017e\u00edva na zlep\u0161enie sexu\u00e1lnej v\u00fdkonnosti a kvality spermi\u00ed.<\/li>\n\n\n\n<li><em>Sel\u00e9n<\/em> &#8211; stopov\u00fd prvok, ktor\u00fd zohr\u00e1va d\u00f4le\u017eit\u00fa \u00falohu v organizmoch. M\u00f4\u017ee podporova\u0165 mu\u017esk\u00fa reproduk\u010dn\u00fa funkciu t\u00fdm, \u017ee ovplyv\u0148uje kvalitu spermi\u00ed.<\/li>\n<\/ol>\n\n\n\n<p>Ak sa chcete dozvedie\u0165 viac o zlo\u017een\u00ed Vigamanu, je vhodn\u00e9 poradi\u0165 sa s odborn\u00edkom, ktor\u00fd v\u00e1m pom\u00f4\u017ee ur\u010di\u0165, \u010di je tento doplnok stravy vhodn\u00fd pre va\u0161e potreby a zdravie mu\u017eov.<\/p>\n\n\n\n<h2 class=\"wp-block-heading\">Vigaman cena &#8211; Kde nak\u00fapi\u0165?<\/h2>\n\n\n\n<p><b>Cena<\/b> doplnku stravy Vigaman sa m\u00f4\u017ee l\u00ed\u0161i\u0165 v z\u00e1vislosti od toho, kde ho k\u00fapite. Ak chcete origin\u00e1lny v\u00fdrobok, odpor\u00fa\u010dame <b>n\u00e1kup<\/b> priamo od ofici\u00e1lneho v\u00fdrobcu.<\/p>\n\n\n\n<blockquote class=\"wp-block-quote is-layout-flow wp-block-quote-is-layout-flow\">\n<p>Je d\u00f4le\u017eit\u00e9 vyh\u00fdba\u0165 sa podozriv\u00fdm zdrojom n\u00e1kupu, preto\u017ee existuje riziko z\u00edskania falzifik\u00e1tov, ktor\u00e9 m\u00f4\u017eu by\u0165 nebezpe\u010dn\u00e9 pre zdravie.<\/p>\n<\/blockquote>\n\n\n\n<p>Ofici\u00e1lna webov\u00e1 str\u00e1nka v\u00fdrobcu Vigaman je najlep\u0161\u00edm miestom na bezpe\u010dn\u00fd n\u00e1kup tohto v\u00fd\u017eivov\u00e9ho doplnku. Na tejto str\u00e1nke n\u00e1jdete v\u0161etky potrebn\u00e9 inform\u00e1cie o v\u00fdrobku vr\u00e1tane mo\u017enosti n\u00e1kupu online.<\/p>\n\n\n\n<p><b>N\u00e1kup<\/b> prostredn\u00edctvom ofici\u00e1lnej webovej str\u00e1nky v\u00fdrobcu m\u00e1 nieko\u013eko v\u00fdhod. V prvom rade m\u00e1te istotu, \u017ee dostanete origin\u00e1lny v\u00fdrobok, ktor\u00fd pre\u0161iel pr\u00edslu\u0161n\u00fdmi testami kvality. Okrem toho m\u00f4\u017eete \u010dasto vyu\u017ei\u0165 akcie a z\u013eavy pon\u00fakan\u00e9 priamo v\u00fdrobcom.<\/p>\n\n\n\n<p>Ak si chcete k\u00fapi\u0165 Vigaman prostredn\u00edctvom ofici\u00e1lnej webovej str\u00e1nky v\u00fdrobcu, jednoducho prejdite na jeho webov\u00fa str\u00e1nku a postupujte pod\u013ea pokynov. Zadajte svoje kontaktn\u00e9 \u00fadaje a dodaciu adresu a potom vykonajte platbu. Po odoslan\u00ed objedn\u00e1vky v\u00e1m bude v\u00fdrobok doru\u010den\u00fd na va\u0161u adresu v priebehu nieko\u013ek\u00fdch dn\u00ed.<\/p>\n\n\n\n<p><em>Nezabudnite, \u017ee cena sa m\u00f4\u017ee meni\u0165 v z\u00e1vislosti od dostupn\u00fdch akci\u00ed a zliav, preto sa oplat\u00ed pravidelne nav\u0161tevova\u0165 ofici\u00e1lnu webov\u00fa str\u00e1nku v\u00fdrobcu, aby ste mali aktu\u00e1lne ponuky.<\/em><\/p>\n\n\n\n<h2 class=\"wp-block-heading\">Mo\u017en\u00e9 ved\u013eaj\u0161ie \u00fa\u010dinky a kontraindik\u00e1cie lieku Vigaman<\/h2>\n\n\n\n<p>V\u00fd\u017eivov\u00fd doplnok Vigaman je vo v\u0161eobecnosti dobre zn\u00e1\u0161an\u00fd v\u00e4\u010d\u0161inou mu\u017eov a nie je spojen\u00fd s nepr\u00edjemn\u00fdmi ved\u013eaj\u0161\u00edmi \u00fa\u010dinkami. Ako pri ka\u017edom v\u00fd\u017eivovom doplnku v\u0161ak existuje nieko\u013eko potenci\u00e1lnych ved\u013eaj\u0161\u00edch \u00fa\u010dinkov, ktor\u00e9 treba zv\u00e1\u017ei\u0165.<\/p>\n\n\n\n<p>Jedn\u00fdm z mo\u017en\u00fdch ved\u013eaj\u0161\u00edch \u00fa\u010dinkov je v\u00fdskyt nezn\u00e1\u0161anlivosti na niektor\u00fa zo zlo\u017eiek doplnku. \u013dudia, ktor\u00ed s\u00fa alergick\u00ed na niektor\u00fa zo zlo\u017eiek, by sa mali vyhn\u00fa\u0165 pou\u017e\u00edvaniu Vigamanu a pred za\u010dat\u00edm lie\u010dby sa poradi\u0165 s lek\u00e1rom. D\u00f4le\u017eit\u00e9 je tie\u017e dodr\u017eiava\u0165 odpor\u00fa\u010dan\u00e9 d\u00e1vkovanie, preto\u017ee nadmern\u00e9 m\u00f4\u017ee vies\u0165 k ne\u017eiaducim \u00fa\u010dinkom.<\/p>\n\n\n\n<p>Medzi kontraindik\u00e1cie pou\u017e\u00edvania Vigamanu patria aj ochorenia a zdravotn\u00e9 stavy, ktor\u00e9 si vy\u017eaduj\u00fa lek\u00e1rsku pomoc. \u013dudia s kardiovaskul\u00e1rnymi probl\u00e9mami, ochoren\u00edm pe\u010dene, obli\u010diek alebo obehov\u00e9ho syst\u00e9mu by sa mali vyhn\u00fa\u0165 u\u017e\u00edvaniu doplnku bez predch\u00e1dzaj\u00faceho lek\u00e1rskeho odpor\u00fa\u010dania.<\/p>\n\n\n\n<p>Je d\u00f4le\u017eit\u00e9, aby ste si pred u\u017eit\u00edm Vigamanu pre\u010d\u00edtali pr\u00edbalov\u00fd let\u00e1k alebo sa poradili so svoj\u00edm lek\u00e1rom, aby ste sa uistili, \u017ee je doplnok pre v\u00e1s bezpe\u010dn\u00fd. V pr\u00edpade ak\u00fdchko\u013evek pochybnost\u00ed je v\u017edy vhodn\u00e9 poradi\u0165 sa s pr\u00edslu\u0161n\u00fdm odborn\u00edkom.<\/p>\n","protected":false},"excerpt":{"rendered":"<p><strong>39.00 \u20ac<\/strong><\/p>\n<p><del>78.00 \u20ac<\/del><\/p>\n<p><strong>[date_countdown]<\/strong><\/p>\n","protected":false},"featured_media":6817,"comment_status":"open","ping_status":"closed","template":"","meta":{"neve_meta_sidebar":"","neve_meta_container":"","neve_meta_enable_content_width":"","neve_meta_content_width":0,"neve_meta_title_alignment":"","neve_meta_author_avatar":"","neve_post_elements_order":"","neve_meta_disable_header":"","neve_meta_disable_footer":"","neve_meta_disable_title":"","neve_meta_reading_time":""},"product_brand":[],"product_cat":[169],"product_tag":[],"class_list":{"0":"post-6862","1":"product","2":"type-product","3":"status-publish","4":"has-post-thumbnail","6":"product_cat-zdravie","8":"first","9":"instock","10":"shipping-taxable","11":"product-type-external"},"yoast_head":"<!-- This site is optimized with the Yoast SEO plugin v27.4 - https:\/\/yoast.com\/product\/yoast-seo-wordpress\/ -->\n<title>Vigaman - Clinica Althea<\/title>\n<meta name=\"robots\" content=\"index, follow, max-snippet:-1, max-image-preview:large, max-video-preview:-1\" \/>\n<link rel=\"canonical\" href=\"https:\/\/www.clinicaalthea.com\/farmacia\/sk\/apt\/vigaman\/\" \/>\n<meta property=\"og:locale\" content=\"pl_PL\" \/>\n<meta property=\"og:type\" content=\"article\" \/>\n<meta property=\"og:title\" content=\"Vigaman - Clinica Althea\" \/>\n<meta property=\"og:description\" content=\"39.00 \u20ac 78.00 \u20ac\" \/>\n<meta property=\"og:url\" content=\"https:\/\/www.clinicaalthea.com\/farmacia\/sk\/apt\/vigaman\/\" \/>\n<meta property=\"og:site_name\" content=\"Clinica Althea\" \/>\n<meta property=\"article:modified_time\" content=\"2024-07-18T07:38:31+00:00\" \/>\n<meta property=\"og:image\" content=\"https:\/\/www.clinicaalthea.com\/farmacia\/wp-content\/uploads\/2024\/07\/vigaman.jpg\" \/>\n\t<meta property=\"og:image:width\" content=\"768\" \/>\n\t<meta property=\"og:image:height\" content=\"768\" \/>\n\t<meta property=\"og:image:type\" content=\"image\/jpeg\" \/>\n<meta name=\"twitter:card\" content=\"summary_large_image\" \/>\n<meta name=\"twitter:label1\" content=\"Szacowany czas czytania\" \/>\n\t<meta name=\"twitter:data1\" content=\"8 minut\" \/>\n<script type=\"application\/ld+json\" class=\"yoast-schema-graph\">{\"@context\":\"https:\\\/\\\/schema.org\",\"@graph\":[{\"@type\":\"WebPage\",\"@id\":\"https:\\\/\\\/www.clinicaalthea.com\\\/farmacia\\\/sk\\\/apt\\\/vigaman\\\/\",\"url\":\"https:\\\/\\\/www.clinicaalthea.com\\\/farmacia\\\/sk\\\/apt\\\/vigaman\\\/\",\"name\":\"Vigaman - Clinica Althea\",\"isPartOf\":{\"@id\":\"https:\\\/\\\/www.clinicaalthea.com\\\/farmacia\\\/#website\"},\"primaryImageOfPage\":{\"@id\":\"https:\\\/\\\/www.clinicaalthea.com\\\/farmacia\\\/sk\\\/apt\\\/vigaman\\\/#primaryimage\"},\"image\":{\"@id\":\"https:\\\/\\\/www.clinicaalthea.com\\\/farmacia\\\/sk\\\/apt\\\/vigaman\\\/#primaryimage\"},\"thumbnailUrl\":\"https:\\\/\\\/www.clinicaalthea.com\\\/farmacia\\\/wp-content\\\/uploads\\\/2024\\\/07\\\/vigaman.jpg\",\"datePublished\":\"2024-07-18T07:37:53+00:00\",\"dateModified\":\"2024-07-18T07:38:31+00:00\",\"breadcrumb\":{\"@id\":\"https:\\\/\\\/www.clinicaalthea.com\\\/farmacia\\\/sk\\\/apt\\\/vigaman\\\/#breadcrumb\"},\"inLanguage\":\"pl-PL\",\"potentialAction\":[{\"@type\":\"ReadAction\",\"target\":[\"https:\\\/\\\/www.clinicaalthea.com\\\/farmacia\\\/sk\\\/apt\\\/vigaman\\\/\"]}]},{\"@type\":\"ImageObject\",\"inLanguage\":\"pl-PL\",\"@id\":\"https:\\\/\\\/www.clinicaalthea.com\\\/farmacia\\\/sk\\\/apt\\\/vigaman\\\/#primaryimage\",\"url\":\"https:\\\/\\\/www.clinicaalthea.com\\\/farmacia\\\/wp-content\\\/uploads\\\/2024\\\/07\\\/vigaman.jpg\",\"contentUrl\":\"https:\\\/\\\/www.clinicaalthea.com\\\/farmacia\\\/wp-content\\\/uploads\\\/2024\\\/07\\\/vigaman.jpg\",\"width\":768,\"height\":768,\"caption\":\"Vigaman\"},{\"@type\":\"BreadcrumbList\",\"@id\":\"https:\\\/\\\/www.clinicaalthea.com\\\/farmacia\\\/sk\\\/apt\\\/vigaman\\\/#breadcrumb\",\"itemListElement\":[{\"@type\":\"ListItem\",\"position\":1,\"name\":\"Strona g\u0142\u00f3wna\",\"item\":\"https:\\\/\\\/www.clinicaalthea.com\\\/farmacia\\\/\"},{\"@type\":\"ListItem\",\"position\":2,\"name\":\"Produkty\",\"item\":\"https:\\\/\\\/www.clinicaalthea.com\\\/farmacia\\\/\"},{\"@type\":\"ListItem\",\"position\":3,\"name\":\"Vigaman\"}]},{\"@type\":\"WebSite\",\"@id\":\"https:\\\/\\\/www.clinicaalthea.com\\\/farmacia\\\/#website\",\"url\":\"https:\\\/\\\/www.clinicaalthea.com\\\/farmacia\\\/\",\"name\":\"Clinica Althea\",\"description\":\"\",\"publisher\":{\"@id\":\"https:\\\/\\\/www.clinicaalthea.com\\\/farmacia\\\/#organization\"},\"potentialAction\":[{\"@type\":\"SearchAction\",\"target\":{\"@type\":\"EntryPoint\",\"urlTemplate\":\"https:\\\/\\\/www.clinicaalthea.com\\\/farmacia\\\/?s={search_term_string}\"},\"query-input\":{\"@type\":\"PropertyValueSpecification\",\"valueRequired\":true,\"valueName\":\"search_term_string\"}}],\"inLanguage\":\"pl-PL\"},{\"@type\":\"Organization\",\"@id\":\"https:\\\/\\\/www.clinicaalthea.com\\\/farmacia\\\/#organization\",\"name\":\"Clinica Althea\",\"url\":\"https:\\\/\\\/www.clinicaalthea.com\\\/farmacia\\\/\",\"logo\":{\"@type\":\"ImageObject\",\"inLanguage\":\"pl-PL\",\"@id\":\"https:\\\/\\\/www.clinicaalthea.com\\\/farmacia\\\/#\\\/schema\\\/logo\\\/image\\\/\",\"url\":\"https:\\\/\\\/www.clinicaalthea.com\\\/farmacia\\\/wp-content\\\/uploads\\\/2023\\\/12\\\/Jak-diagnozuje-sie-FAS_-objawy-kryteria-diagnostyczne-i-metody-diagnozowania-154162903.jpg\",\"contentUrl\":\"https:\\\/\\\/www.clinicaalthea.com\\\/farmacia\\\/wp-content\\\/uploads\\\/2023\\\/12\\\/Jak-diagnozuje-sie-FAS_-objawy-kryteria-diagnostyczne-i-metody-diagnozowania-154162903.jpg\",\"width\":1216,\"height\":832,\"caption\":\"Clinica Althea\"},\"image\":{\"@id\":\"https:\\\/\\\/www.clinicaalthea.com\\\/farmacia\\\/#\\\/schema\\\/logo\\\/image\\\/\"}}]}<\/script>\n<!-- \/ Yoast SEO plugin. -->","yoast_head_json":{"title":"Vigaman - Clinica Althea","robots":{"index":"index","follow":"follow","max-snippet":"max-snippet:-1","max-image-preview":"max-image-preview:large","max-video-preview":"max-video-preview:-1"},"canonical":"https:\/\/www.clinicaalthea.com\/farmacia\/sk\/apt\/vigaman\/","og_locale":"pl_PL","og_type":"article","og_title":"Vigaman - Clinica Althea","og_description":"39.00 \u20ac 78.00 \u20ac","og_url":"https:\/\/www.clinicaalthea.com\/farmacia\/sk\/apt\/vigaman\/","og_site_name":"Clinica Althea","article_modified_time":"2024-07-18T07:38:31+00:00","og_image":[{"width":768,"height":768,"url":"https:\/\/www.clinicaalthea.com\/farmacia\/wp-content\/uploads\/2024\/07\/vigaman.jpg","type":"image\/jpeg"}],"twitter_card":"summary_large_image","twitter_misc":{"Szacowany czas czytania":"8 minut"},"schema":{"@context":"https:\/\/schema.org","@graph":[{"@type":"WebPage","@id":"https:\/\/www.clinicaalthea.com\/farmacia\/sk\/apt\/vigaman\/","url":"https:\/\/www.clinicaalthea.com\/farmacia\/sk\/apt\/vigaman\/","name":"Vigaman - Clinica Althea","isPartOf":{"@id":"https:\/\/www.clinicaalthea.com\/farmacia\/#website"},"primaryImageOfPage":{"@id":"https:\/\/www.clinicaalthea.com\/farmacia\/sk\/apt\/vigaman\/#primaryimage"},"image":{"@id":"https:\/\/www.clinicaalthea.com\/farmacia\/sk\/apt\/vigaman\/#primaryimage"},"thumbnailUrl":"https:\/\/www.clinicaalthea.com\/farmacia\/wp-content\/uploads\/2024\/07\/vigaman.jpg","datePublished":"2024-07-18T07:37:53+00:00","dateModified":"2024-07-18T07:38:31+00:00","breadcrumb":{"@id":"https:\/\/www.clinicaalthea.com\/farmacia\/sk\/apt\/vigaman\/#breadcrumb"},"inLanguage":"pl-PL","potentialAction":[{"@type":"ReadAction","target":["https:\/\/www.clinicaalthea.com\/farmacia\/sk\/apt\/vigaman\/"]}]},{"@type":"ImageObject","inLanguage":"pl-PL","@id":"https:\/\/www.clinicaalthea.com\/farmacia\/sk\/apt\/vigaman\/#primaryimage","url":"https:\/\/www.clinicaalthea.com\/farmacia\/wp-content\/uploads\/2024\/07\/vigaman.jpg","contentUrl":"https:\/\/www.clinicaalthea.com\/farmacia\/wp-content\/uploads\/2024\/07\/vigaman.jpg","width":768,"height":768,"caption":"Vigaman"},{"@type":"BreadcrumbList","@id":"https:\/\/www.clinicaalthea.com\/farmacia\/sk\/apt\/vigaman\/#breadcrumb","itemListElement":[{"@type":"ListItem","position":1,"name":"Strona g\u0142\u00f3wna","item":"https:\/\/www.clinicaalthea.com\/farmacia\/"},{"@type":"ListItem","position":2,"name":"Produkty","item":"https:\/\/www.clinicaalthea.com\/farmacia\/"},{"@type":"ListItem","position":3,"name":"Vigaman"}]},{"@type":"WebSite","@id":"https:\/\/www.clinicaalthea.com\/farmacia\/#website","url":"https:\/\/www.clinicaalthea.com\/farmacia\/","name":"Clinica Althea","description":"","publisher":{"@id":"https:\/\/www.clinicaalthea.com\/farmacia\/#organization"},"potentialAction":[{"@type":"SearchAction","target":{"@type":"EntryPoint","urlTemplate":"https:\/\/www.clinicaalthea.com\/farmacia\/?s={search_term_string}"},"query-input":{"@type":"PropertyValueSpecification","valueRequired":true,"valueName":"search_term_string"}}],"inLanguage":"pl-PL"},{"@type":"Organization","@id":"https:\/\/www.clinicaalthea.com\/farmacia\/#organization","name":"Clinica Althea","url":"https:\/\/www.clinicaalthea.com\/farmacia\/","logo":{"@type":"ImageObject","inLanguage":"pl-PL","@id":"https:\/\/www.clinicaalthea.com\/farmacia\/#\/schema\/logo\/image\/","url":"https:\/\/www.clinicaalthea.com\/farmacia\/wp-content\/uploads\/2023\/12\/Jak-diagnozuje-sie-FAS_-objawy-kryteria-diagnostyczne-i-metody-diagnozowania-154162903.jpg","contentUrl":"https:\/\/www.clinicaalthea.com\/farmacia\/wp-content\/uploads\/2023\/12\/Jak-diagnozuje-sie-FAS_-objawy-kryteria-diagnostyczne-i-metody-diagnozowania-154162903.jpg","width":1216,"height":832,"caption":"Clinica Althea"},"image":{"@id":"https:\/\/www.clinicaalthea.com\/farmacia\/#\/schema\/logo\/image\/"}}]}},"lang":"sk","translations":{"sk":6862,"pl":6810,"cs":6835,"de":6839,"es":6848,"hu":6850,"it":6854,"sl":6858,"et":6866},"pll_sync_post":[],"_links":{"self":[{"href":"https:\/\/www.clinicaalthea.com\/farmacia\/wp-json\/wp\/v2\/product\/6862","targetHints":{"allow":["GET"]}}],"collection":[{"href":"https:\/\/www.clinicaalthea.com\/farmacia\/wp-json\/wp\/v2\/product"}],"about":[{"href":"https:\/\/www.clinicaalthea.com\/farmacia\/wp-json\/wp\/v2\/types\/product"}],"replies":[{"embeddable":true,"href":"https:\/\/www.clinicaalthea.com\/farmacia\/wp-json\/wp\/v2\/comments?post=6862"}],"wp:featuredmedia":[{"embeddable":true,"href":"https:\/\/www.clinicaalthea.com\/farmacia\/wp-json\/wp\/v2\/media\/6817"}],"wp:attachment":[{"href":"https:\/\/www.clinicaalthea.com\/farmacia\/wp-json\/wp\/v2\/media?parent=6862"}],"wp:term":[{"taxonomy":"product_brand","embeddable":true,"href":"https:\/\/www.clinicaalthea.com\/farmacia\/wp-json\/wp\/v2\/product_brand?post=6862"},{"taxonomy":"product_cat","embeddable":true,"href":"https:\/\/www.clinicaalthea.com\/farmacia\/wp-json\/wp\/v2\/product_cat?post=6862"},{"taxonomy":"product_tag","embeddable":true,"href":"https:\/\/www.clinicaalthea.com\/farmacia\/wp-json\/wp\/v2\/product_tag?post=6862"}],"curies":[{"name":"wp","href":"https:\/\/api.w.org\/{rel}","templated":true}]}}