{"id":6821,"date":"2024-07-18T08:26:27","date_gmt":"2024-07-18T07:26:27","guid":{"rendered":"https:\/\/mayoguide.org\/produkty\/?post_type=product&#038;p=6821"},"modified":"2024-07-18T08:31:29","modified_gmt":"2024-07-18T07:31:29","slug":"erexol","status":"publish","type":"product","link":"https:\/\/www.clinicaalthea.com\/farmacia\/cs\/apt\/erexol\/","title":{"rendered":"Erexol"},"content":{"rendered":"\n<p>Existuje zp\u016fsob, jak zlep\u0161it mu\u017eskou s\u00edlu, kter\u00e1 se op\u00edr\u00e1 o p\u0159\u00edrodn\u00ed slo\u017eky? Existuje <b>dopln\u011bk stravy,<\/b> kter\u00fd dok\u00e1\u017ee obnovit d\u016fv\u011bru v lo\u017enici? Odpov\u011bd\u00ed m\u016f\u017ee b\u00fdt <b>Erexol<\/b>, st\u00e1le popul\u00e1rn\u011bj\u0161\u00ed <b>dopln\u011bk<\/b> stravy <b>pro<\/b> mu\u017ee, kter\u00fd slibuje zlep\u0161en\u00ed potence a kvality intimn\u00edho \u017eivota.<\/p>\n\n\n\n<h2 class=\"wp-block-heading\">Co je p\u0159\u00edpravek Erexol a jak funguje?<\/h2>\n\n\n\n<p><strong>Erexol<\/strong> je inovativn\u00ed <strong>dopln\u011bk stravy<\/strong>, kter\u00fd obsahuje \u00fa\u010dinn\u00e9 p\u0159\u00edrodn\u00ed slo\u017eky ur\u010den\u00e9 k podpo\u0159e sexu\u00e1ln\u00edho zdrav\u00ed mu\u017e\u016f. Funguje tak, \u017ee zlep\u0161uje kvalitu erekce, zvy\u0161uje libido a prodlu\u017euje d\u00e9lku pohlavn\u00edho styku. Tento p\u0159\u00edpravek p\u016fsob\u00ed na t\u011blo p\u0159irozen\u011b pomoc\u00ed sm\u011bsi pe\u010dliv\u011b vybran\u00fdch slo\u017eek. Je obl\u00edben\u00fd pro svou \u00fa\u010dinnost a vysokou kvalitu.<\/p>\n\n\n\n<h2 class=\"wp-block-heading\">V\u00fdhody p\u0159\u00edpravku Erexol &#8211; \u00da\u010dinky<\/h2>\n\n\n\n<p>Pou\u017eit\u00ed p\u0159\u00edpravku <em>Erexol<\/em> m\u016f\u017ee pomoci zlep\u0161it erekci, zv\u00fd\u0161it <b>libido<\/b> a sexu\u00e1ln\u00ed v\u00fddr\u017e. <b>U\u017eivatel\u00e9<\/b> \u010dasto uv\u00e1d\u011bj\u00ed zlep\u0161en\u00ed kvality erekce, v\u011bt\u0161\u00ed spokojenost p\u0159i pohlavn\u00edm styku a v\u011bt\u0161\u00ed sebed\u016fv\u011bru v lo\u017enici.<\/p>\n\n\n\n<p>Jak\u00fdch <b>v\u00fdhod<\/b> a <b>\u00fa\u010dink\u016f<\/b> lze dos\u00e1hnout pravideln\u00fdm u\u017e\u00edv\u00e1n\u00edm p\u0159\u00edpravku <em>Erexol<\/em>? Zde jsou nejd\u016fle\u017eit\u011bj\u0161\u00ed v\u00fdsledky, kter\u00e9 <b>u\u017eivatel\u00e9<\/b> dopl\u0148ku \u010dasto za\u017e\u00edvaj\u00ed:<\/p>\n\n\n\n<ul class=\"wp-block-list\">\n<li>Zlep\u0161en\u00ed erekce: <em>Erexol<\/em> v\u00e1m m\u016f\u017ee pomoci dos\u00e1hnout siln\u011bj\u0161\u00ed a d\u00e9le trvaj\u00edc\u00ed erekce. D\u00edky tomu mohou b\u00fdt intimn\u00ed chv\u00edle uspokojiv\u011bj\u0161\u00ed a pln\u011bj\u0161\u00ed pot\u011b\u0161en\u00ed.<\/li>\n\n\n\n<li>Zv\u00fd\u0161en\u00ed <b>libida<\/b>: Tento dopln\u011bk m\u016f\u017ee m\u00edt za n\u00e1sledek zv\u00fd\u0161en\u00ed <b>libida<\/b> nebo sexu\u00e1ln\u00ed touhy. V\u011bt\u0161\u00ed libido m\u016f\u017ee znamenat v\u011bt\u0161\u00ed touhu po intimit\u011b a v\u011bt\u0161\u00ed z\u00e1jem o sex.<\/li>\n\n\n\n<li>Zv\u00fd\u0161en\u00e1 sexu\u00e1ln\u00ed v\u00fddr\u017e: <em>Erexol<\/em> m\u016f\u017ee pomoci zv\u00fd\u0161it sexu\u00e1ln\u00ed v\u00fddr\u017e, co\u017e znamen\u00e1, \u017ee si m\u016f\u017eete u\u017e\u00edvat del\u0161\u00ed a uspokojiv\u011bj\u0161\u00ed pohlavn\u00ed styk.<\/li>\n\n\n\n<li>Sebev\u011bdom\u00ed v lo\u017enici: u\u017e\u00edv\u00e1n\u00ed <em>p\u0159\u00edpravku Erexol<\/em> m\u016f\u017ee p\u0159isp\u011bt k v\u011bt\u0161\u00edmu sebev\u011bdom\u00ed v lo\u017enici. Zlep\u0161en\u00ed potence m\u016f\u017ee m\u00edt vliv na lep\u0161\u00ed pocit pohody a v\u011bt\u0161\u00ed spokojenost s intimn\u00edm \u017eivotem.<\/li>\n<\/ul>\n\n\n\n<p><b>Z<\/b> u\u017e\u00edv\u00e1n\u00ed p\u0159\u00edpravku <em>Erexol<\/em> mohou <b>m\u00edt prosp\u011bch<\/b> jak mu\u017ei s probl\u00e9my s potenc\u00ed, tak i ti, kte\u0159\u00ed cht\u011bj\u00ed zlep\u0161it kvalitu sv\u00e9ho sexu\u00e1ln\u00edho \u017eivota. Reakce organismu se samoz\u0159ejm\u011b mohou li\u0161it v z\u00e1vislosti na individu\u00e1ln\u00edch predispozic\u00edch a zdravotn\u00edm stavu. Nicm\u00e9n\u011b mnoho u\u017eivatel\u016f uv\u00e1d\u00ed pozitivn\u00ed <b>\u00fa\u010dinky<\/b> a spokojenost s dopl\u0148kem.<\/p>\n\n\n\n<h2 class=\"wp-block-heading\">Jak pou\u017e\u00edvat p\u0159\u00edpravek Erexol? &#8211; D\u00e1vkov\u00e1n\u00ed<\/h2>\n\n\n\n<p>Doporu\u010duje se u\u017e\u00edvat jednu tobolku <em>p\u0159\u00edpravku Erexol<\/em> denn\u011b, nejl\u00e9pe s j\u00eddlem. Pravideln\u00e9 u\u017e\u00edv\u00e1n\u00ed dopl\u0148ku je kl\u00ed\u010dem k dosa\u017een\u00ed optim\u00e1ln\u00edch v\u00fdsledk\u016f. P\u0159ed pou\u017eit\u00edm se doporu\u010duje p\u0159e\u010d\u00edst si p\u0159\u00edbalovou informaci.<\/p>\n\n\n\n<h3 class=\"wp-block-heading\">P\u0159\u00edklad d\u00e1vkov\u00e1n\u00ed p\u0159\u00edpravku Erexol:<\/h3>\n\n\n\n<figure class=\"wp-block-table\"><table><tbody><tr><th>Denn\u00ed doba<\/th><th>D\u00e1vka<\/th><\/tr><tr><td>Rann\u00ed<\/td><td>1 kapsle<\/td><\/tr><tr><td>B\u011bhem j\u00eddla<\/td><td>1 kapsle<\/td><\/tr><tr><td>Ve\u010dern\u00ed<\/td><td>1 kapsle<\/td><\/tr><\/tbody><\/table><\/figure>\n\n\n\n<p>Nezapome\u0148te nikdy nep\u0159ekra\u010dovat doporu\u010denou d\u00e1vku dopl\u0148ku. Pravidelnost u\u017e\u00edv\u00e1n\u00ed je kl\u00ed\u010dem k udr\u017een\u00ed \u00fa\u010dinku slo\u017eek p\u0159\u00edpravku <em>Erexol<\/em> v t\u011ble a k dosa\u017een\u00ed optim\u00e1ln\u00edch v\u00fdsledk\u016f.<\/p>\n\n\n\n<h2 class=\"wp-block-heading\">Erexol &#8211; N\u00e1zory a recenze &#8211; Co \u0159\u00edkaj\u00ed u\u017eivatel\u00e9?<\/h2>\n\n\n\n<p><b>Recenze<\/b> u\u017eivatel\u016f <b>p\u0159\u00edpravku Erexol<\/b> jsou obecn\u011b pozitivn\u00ed. Mnoz\u00ed chv\u00e1l\u00ed <b>\u00fa\u010dinky<\/b> dopl\u0148ku a hl\u00e1s\u00ed zlep\u0161en\u00ed sexu\u00e1ln\u00edch schopnost\u00ed a v\u011bt\u0161\u00ed spokojenost s jejich intimn\u00edm \u017eivotem. Reakce na dopln\u011bk v\u0161ak m\u016f\u017ee b\u00fdt individu\u00e1ln\u00ed.<\/p>\n\n\n\n<blockquote class=\"wp-block-quote is-layout-flow wp-block-quote-is-layout-flow\">\n<p>&#8220;Erexol je \u00fa\u017easn\u00fd objev! Od t\u00e9 doby, co jsem ho za\u010dal pou\u017e\u00edvat, se moje potence v\u00fdrazn\u011b zlep\u0161ila a m\u016fj intimn\u00ed \u017eivot se stal pln\u00fdm spokojenosti. V\u0159ele ho doporu\u010duji!&#8221; &#8211; Adam<\/p>\n<\/blockquote>\n\n\n\n<p>\u010cetn\u00e9 pozitivn\u00ed <b>recenze<\/b> a <b>zp\u011btn\u00e1 vazba<\/b> potvrzuj\u00ed \u00fa\u010dinnost p\u0159\u00edpravku Erexol. <b>U\u017eivatel\u00e9<\/b> \u010dasto zaznamen\u00e1vaj\u00ed zv\u00fd\u0161en\u00ed libida, zlep\u0161en\u00ed kvality erekce a zv\u00fd\u0161en\u00ed sexu\u00e1ln\u00ed v\u00fddr\u017ee po pravideln\u00e9m u\u017e\u00edv\u00e1n\u00ed tohoto dopl\u0148ku. Mnoz\u00ed tak\u00e9 vyjad\u0159uj\u00ed v\u011bt\u0161\u00ed pocit jistoty v lo\u017enici a spokojenost s v\u00fdsledky.<\/p>\n\n\n\n<p>Samoz\u0159ejm\u011b, \u017ee ka\u017ed\u00fd \u010dlov\u011bk m\u016f\u017ee m\u00edt na dopln\u011bk jinou reakci, proto je dobr\u00e9 si Erexol vyzkou\u0161et a sledovat vlastn\u00ed <b>\u00fa\u010dinky<\/b>. \u010casto je tak\u00e9 dobr\u00e9 se p\u0159ed zah\u00e1jen\u00edm u\u017e\u00edv\u00e1n\u00ed jak\u00e9hokoli dopl\u0148ku stravy poradit se sv\u00fdm l\u00e9ka\u0159em nebo l\u00e9k\u00e1rn\u00edkem, abyste se ujistili, \u017ee je vhodn\u00fd pro v\u00e1\u0161 zdravotn\u00ed stav.<\/p>\n\n\n\n<h2 class=\"wp-block-heading\">Erexol &#8211; Slo\u017een\u00ed<\/h2>\n\n\n\n<p>Erexol je dopln\u011bk stravy, kter\u00fd je zalo\u017een na p\u0159\u00edrodn\u00edch slo\u017ek\u00e1ch zn\u00e1m\u00fdch pro sv\u00e9 p\u0159\u00edzniv\u00e9 \u00fa\u010dinky na zlep\u0161en\u00ed sexu\u00e1ln\u00edho zdrav\u00ed a potence. Erexol se skl\u00e1d\u00e1 <b>ze<\/b> t\u0159\u00ed hlavn\u00edch <b>rostlinn\u00fdch slo\u017eek<\/b>:<\/p>\n\n\n\n<ol class=\"wp-block-list\">\n<li><em>Maca:<\/em> Tato rostlina je obl\u00edben\u00e1 pro sv\u00e9 afrodiziak\u00e1ln\u00ed vlastnosti a schopnost zvy\u0161ovat libido. Maca tak\u00e9 stimuluje pr\u016ftok krve do pohlavn\u00edch org\u00e1n\u016f, co\u017e m\u016f\u017ee prosp\u011bt erekci.<\/li>\n\n\n\n<li><em>\u017den\u0161en:<\/em> Tato rostlinn\u00e1 slo\u017eka je zn\u00e1m\u00e1 svou schopnost\u00ed zlep\u0161ovat fyzickou a du\u0161evn\u00ed v\u00fdkonnost. P\u016fsob\u00ed jako adaptogen a pom\u00e1h\u00e1 t\u011blu vyrovnat se se stresem, kter\u00fd \u010dasto negativn\u011b ovliv\u0148uje sexu\u00e1ln\u00ed v\u00fdkonnost.<\/li>\n\n\n\n<li><em>Tribulus terrestris<\/em>: Tato rostlina se po stalet\u00ed pou\u017e\u00edv\u00e1 v p\u0159\u00edrodn\u00ed medic\u00edn\u011b pro sv\u00e9 vlastnosti zvy\u0161uj\u00edc\u00ed potenci. Tribulus terrestris m\u016f\u017ee zv\u00fd\u0161it hladinu testosteronu a zlep\u0161it libido.<\/li>\n<\/ol>\n\n\n\n<p>D\u00edky pou\u017eit\u00ed t\u011bchto p\u0159\u00edrodn\u00edch slo\u017eek nab\u00edz\u00ed Erexol mu\u017e\u016fm \u00fa\u010dinnou podporu p\u0159i zlep\u0161ov\u00e1n\u00ed sexu\u00e1ln\u00edho zdrav\u00ed. Tento dopln\u011bk je st\u00e1le obl\u00edben\u011bj\u0161\u00ed d\u00edky sv\u00fdm p\u0159\u00edrodn\u00edm a bezpe\u010dn\u00fdm slo\u017ek\u00e1m, kter\u00e9 mohou pomoci zv\u00fd\u0161it intimn\u00ed uspokojen\u00ed.<\/p>\n\n\n\n<h2 class=\"wp-block-heading\">Kde koupit a jak\u00e1 je cena p\u0159\u00edpravku Erexol?<\/h2>\n\n\n\n<p>Erexol je dopln\u011bk stravy, kter\u00fd lze zakoupit p\u0159\u00edmo na ofici\u00e1ln\u00edch str\u00e1nk\u00e1ch v\u00fdrobce. N\u00e1kup v\u00fdrobku od v\u00fdrobce poskytuje z\u00e1ruku originality a mo\u017enost vyu\u017e\u00edt dostupn\u00fdch akc\u00ed a speci\u00e1ln\u00edch nab\u00eddek.<\/p>\n\n\n\n<p><b>Cena p\u0159\u00edpravku<\/b> Erexol se m\u016f\u017ee li\u0161it v z\u00e1vislosti na aktu\u00e1ln\u00edch akc\u00edch a bal\u00ed\u010dc\u00edch nab\u00edzen\u00fdch v\u00fdrobcem. Doporu\u010duje se v\u0161ak nakupovat p\u0159\u00edmo od v\u00fdrobce, abyste se ujistili, \u017ee dost\u00e1v\u00e1te vysoce kvalitn\u00ed v\u00fdrobek.<\/p>\n\n\n\n<p>Vyplat\u00ed se vyu\u017e\u00edt ak\u010dn\u00edch nab\u00eddek, kter\u00e9 v\u00e1m umo\u017en\u00ed koupit v\u00edce balen\u00ed p\u0159\u00edpravku Erexol za ni\u017e\u0161\u00ed cenu. T\u00edmto zp\u016fsobem m\u016f\u017eete u\u0161et\u0159it pen\u00edze a vyu\u017e\u00edvat p\u0159\u00edzniv\u00fdch \u00fa\u010dink\u016f dopl\u0148ku po del\u0161\u00ed dobu.<\/p>\n\n\n\n<h2 class=\"wp-block-heading\">Erexol &#8211; Ne\u017e\u00e1douc\u00ed \u00fa\u010dinky a kontraindikace &#8211; Je bezpe\u010dn\u00fd?<\/h2>\n\n\n\n<p>P\u0159\u00edpravek Erexol je obvykle dob\u0159e sn\u00e1\u0161en, ale vz\u00e1cn\u011b se mohou objevit <b>ne\u017e\u00e1douc\u00ed \u00fa\u010dinky<\/b>, jako jsou poruchy tr\u00e1ven\u00ed nebo alergick\u00e9 reakce. Je d\u016fle\u017eit\u00e9 si b\u00fdt v\u011bdom mo\u017enosti t\u011bchto reakc\u00ed a v\u011bnovat jim p\u0159i u\u017e\u00edv\u00e1n\u00ed dopl\u0148ku pozornost.<\/p>\n\n\n\n<p>Lid\u00e9 s chronick\u00fdm onemocn\u011bn\u00edm, jako je cukrovka nebo srde\u010dn\u00ed onemocn\u011bn\u00ed, by se m\u011bli p\u0159ed u\u017e\u00edv\u00e1n\u00edm p\u0159\u00edpravku Erexol poradit se sv\u00fdm l\u00e9ka\u0159em. Je mo\u017en\u00e9, \u017ee n\u011bkter\u00e9 slo\u017eky dopl\u0148ku mohou ovlivnit <b>\u00fa\u010dinky<\/b> n\u011bkter\u00fdch l\u00e9k\u016f nebo zdravotn\u00ed stav lid\u00ed s ur\u010dit\u00fdmi onemocn\u011bn\u00edmi.<\/p>\n\n\n\n<p>K zaji\u0161t\u011bn\u00ed bezpe\u010dn\u00e9ho pou\u017e\u00edv\u00e1n\u00ed p\u0159\u00edpravku Erexol se doporu\u010duje pe\u010dliv\u011b dodr\u017eovat doporu\u010den\u00ed v\u00fdrobce ohledn\u011b d\u00e1vkov\u00e1n\u00ed. Nep\u0159ekra\u010dov\u00e1n\u00ed doporu\u010den\u00e9 d\u00e1vky a vyvarov\u00e1n\u00ed se nekontrolovan\u00e9ho u\u017e\u00edv\u00e1n\u00ed m\u016f\u017ee sn\u00ed\u017eit riziko ne\u017e\u00e1douc\u00edch \u00fa\u010dink\u016f a negativn\u00edch reakc\u00ed.<\/p>\n","protected":false},"excerpt":{"rendered":"<p><strong>820.00 K\u010d<\/strong><\/p>\n<p><del>1640.00 K\u010d<\/del><\/p>\n<p><strong>[date_countdown]<\/strong><\/p>\n","protected":false},"featured_media":6812,"comment_status":"open","ping_status":"closed","template":"","meta":{"neve_meta_sidebar":"","neve_meta_container":"","neve_meta_enable_content_width":"","neve_meta_content_width":0,"neve_meta_title_alignment":"","neve_meta_author_avatar":"","neve_post_elements_order":"","neve_meta_disable_header":"","neve_meta_disable_footer":"","neve_meta_disable_title":"","neve_meta_reading_time":""},"product_brand":[],"product_cat":[265],"product_tag":[],"class_list":{"0":"post-6821","1":"product","2":"type-product","3":"status-publish","4":"has-post-thumbnail","6":"product_cat-sexualni-zdravi","8":"first","9":"instock","10":"shipping-taxable","11":"product-type-external"},"yoast_head":"<!-- This site is optimized with the Yoast SEO plugin v27.4 - https:\/\/yoast.com\/product\/yoast-seo-wordpress\/ -->\n<title>Erexol - Clinica Althea<\/title>\n<meta name=\"robots\" content=\"index, follow, max-snippet:-1, max-image-preview:large, max-video-preview:-1\" \/>\n<link rel=\"canonical\" href=\"https:\/\/www.clinicaalthea.com\/farmacia\/cs\/apt\/erexol\/\" \/>\n<meta property=\"og:locale\" content=\"pl_PL\" \/>\n<meta property=\"og:type\" content=\"article\" \/>\n<meta property=\"og:title\" content=\"Erexol - Clinica Althea\" \/>\n<meta property=\"og:description\" content=\"820.00 K\u010d 1640.00 K\u010d\" \/>\n<meta property=\"og:url\" content=\"https:\/\/www.clinicaalthea.com\/farmacia\/cs\/apt\/erexol\/\" \/>\n<meta property=\"og:site_name\" content=\"Clinica Althea\" \/>\n<meta property=\"article:modified_time\" content=\"2024-07-18T07:31:29+00:00\" \/>\n<meta property=\"og:image\" content=\"https:\/\/www.clinicaalthea.com\/farmacia\/wp-content\/uploads\/2024\/07\/Erexol.jpg\" \/>\n\t<meta property=\"og:image:width\" content=\"768\" \/>\n\t<meta property=\"og:image:height\" content=\"768\" \/>\n\t<meta property=\"og:image:type\" content=\"image\/jpeg\" \/>\n<meta name=\"twitter:card\" content=\"summary_large_image\" \/>\n<meta name=\"twitter:label1\" content=\"Szacowany czas czytania\" \/>\n\t<meta name=\"twitter:data1\" content=\"6 minut\" \/>\n<script type=\"application\/ld+json\" class=\"yoast-schema-graph\">{\"@context\":\"https:\\\/\\\/schema.org\",\"@graph\":[{\"@type\":\"WebPage\",\"@id\":\"https:\\\/\\\/www.clinicaalthea.com\\\/farmacia\\\/cs\\\/apt\\\/erexol\\\/\",\"url\":\"https:\\\/\\\/www.clinicaalthea.com\\\/farmacia\\\/cs\\\/apt\\\/erexol\\\/\",\"name\":\"Erexol - Clinica Althea\",\"isPartOf\":{\"@id\":\"https:\\\/\\\/www.clinicaalthea.com\\\/farmacia\\\/#website\"},\"primaryImageOfPage\":{\"@id\":\"https:\\\/\\\/www.clinicaalthea.com\\\/farmacia\\\/cs\\\/apt\\\/erexol\\\/#primaryimage\"},\"image\":{\"@id\":\"https:\\\/\\\/www.clinicaalthea.com\\\/farmacia\\\/cs\\\/apt\\\/erexol\\\/#primaryimage\"},\"thumbnailUrl\":\"https:\\\/\\\/www.clinicaalthea.com\\\/farmacia\\\/wp-content\\\/uploads\\\/2024\\\/07\\\/Erexol.jpg\",\"datePublished\":\"2024-07-18T07:26:27+00:00\",\"dateModified\":\"2024-07-18T07:31:29+00:00\",\"breadcrumb\":{\"@id\":\"https:\\\/\\\/www.clinicaalthea.com\\\/farmacia\\\/cs\\\/apt\\\/erexol\\\/#breadcrumb\"},\"inLanguage\":\"pl-PL\",\"potentialAction\":[{\"@type\":\"ReadAction\",\"target\":[\"https:\\\/\\\/www.clinicaalthea.com\\\/farmacia\\\/cs\\\/apt\\\/erexol\\\/\"]}]},{\"@type\":\"ImageObject\",\"inLanguage\":\"pl-PL\",\"@id\":\"https:\\\/\\\/www.clinicaalthea.com\\\/farmacia\\\/cs\\\/apt\\\/erexol\\\/#primaryimage\",\"url\":\"https:\\\/\\\/www.clinicaalthea.com\\\/farmacia\\\/wp-content\\\/uploads\\\/2024\\\/07\\\/Erexol.jpg\",\"contentUrl\":\"https:\\\/\\\/www.clinicaalthea.com\\\/farmacia\\\/wp-content\\\/uploads\\\/2024\\\/07\\\/Erexol.jpg\",\"width\":768,\"height\":768,\"caption\":\"Erexol\"},{\"@type\":\"BreadcrumbList\",\"@id\":\"https:\\\/\\\/www.clinicaalthea.com\\\/farmacia\\\/cs\\\/apt\\\/erexol\\\/#breadcrumb\",\"itemListElement\":[{\"@type\":\"ListItem\",\"position\":1,\"name\":\"Strona g\u0142\u00f3wna\",\"item\":\"https:\\\/\\\/www.clinicaalthea.com\\\/farmacia\\\/\"},{\"@type\":\"ListItem\",\"position\":2,\"name\":\"Produkty\",\"item\":\"https:\\\/\\\/www.clinicaalthea.com\\\/farmacia\\\/\"},{\"@type\":\"ListItem\",\"position\":3,\"name\":\"Erexol\"}]},{\"@type\":\"WebSite\",\"@id\":\"https:\\\/\\\/www.clinicaalthea.com\\\/farmacia\\\/#website\",\"url\":\"https:\\\/\\\/www.clinicaalthea.com\\\/farmacia\\\/\",\"name\":\"Clinica Althea\",\"description\":\"\",\"publisher\":{\"@id\":\"https:\\\/\\\/www.clinicaalthea.com\\\/farmacia\\\/#organization\"},\"potentialAction\":[{\"@type\":\"SearchAction\",\"target\":{\"@type\":\"EntryPoint\",\"urlTemplate\":\"https:\\\/\\\/www.clinicaalthea.com\\\/farmacia\\\/?s={search_term_string}\"},\"query-input\":{\"@type\":\"PropertyValueSpecification\",\"valueRequired\":true,\"valueName\":\"search_term_string\"}}],\"inLanguage\":\"pl-PL\"},{\"@type\":\"Organization\",\"@id\":\"https:\\\/\\\/www.clinicaalthea.com\\\/farmacia\\\/#organization\",\"name\":\"Clinica Althea\",\"url\":\"https:\\\/\\\/www.clinicaalthea.com\\\/farmacia\\\/\",\"logo\":{\"@type\":\"ImageObject\",\"inLanguage\":\"pl-PL\",\"@id\":\"https:\\\/\\\/www.clinicaalthea.com\\\/farmacia\\\/#\\\/schema\\\/logo\\\/image\\\/\",\"url\":\"https:\\\/\\\/www.clinicaalthea.com\\\/farmacia\\\/wp-content\\\/uploads\\\/2023\\\/12\\\/Jak-diagnozuje-sie-FAS_-objawy-kryteria-diagnostyczne-i-metody-diagnozowania-154162903.jpg\",\"contentUrl\":\"https:\\\/\\\/www.clinicaalthea.com\\\/farmacia\\\/wp-content\\\/uploads\\\/2023\\\/12\\\/Jak-diagnozuje-sie-FAS_-objawy-kryteria-diagnostyczne-i-metody-diagnozowania-154162903.jpg\",\"width\":1216,\"height\":832,\"caption\":\"Clinica Althea\"},\"image\":{\"@id\":\"https:\\\/\\\/www.clinicaalthea.com\\\/farmacia\\\/#\\\/schema\\\/logo\\\/image\\\/\"}}]}<\/script>\n<!-- \/ Yoast SEO plugin. -->","yoast_head_json":{"title":"Erexol - Clinica Althea","robots":{"index":"index","follow":"follow","max-snippet":"max-snippet:-1","max-image-preview":"max-image-preview:large","max-video-preview":"max-video-preview:-1"},"canonical":"https:\/\/www.clinicaalthea.com\/farmacia\/cs\/apt\/erexol\/","og_locale":"pl_PL","og_type":"article","og_title":"Erexol - Clinica Althea","og_description":"820.00 K\u010d 1640.00 K\u010d","og_url":"https:\/\/www.clinicaalthea.com\/farmacia\/cs\/apt\/erexol\/","og_site_name":"Clinica Althea","article_modified_time":"2024-07-18T07:31:29+00:00","og_image":[{"width":768,"height":768,"url":"https:\/\/www.clinicaalthea.com\/farmacia\/wp-content\/uploads\/2024\/07\/Erexol.jpg","type":"image\/jpeg"}],"twitter_card":"summary_large_image","twitter_misc":{"Szacowany czas czytania":"6 minut"},"schema":{"@context":"https:\/\/schema.org","@graph":[{"@type":"WebPage","@id":"https:\/\/www.clinicaalthea.com\/farmacia\/cs\/apt\/erexol\/","url":"https:\/\/www.clinicaalthea.com\/farmacia\/cs\/apt\/erexol\/","name":"Erexol - Clinica Althea","isPartOf":{"@id":"https:\/\/www.clinicaalthea.com\/farmacia\/#website"},"primaryImageOfPage":{"@id":"https:\/\/www.clinicaalthea.com\/farmacia\/cs\/apt\/erexol\/#primaryimage"},"image":{"@id":"https:\/\/www.clinicaalthea.com\/farmacia\/cs\/apt\/erexol\/#primaryimage"},"thumbnailUrl":"https:\/\/www.clinicaalthea.com\/farmacia\/wp-content\/uploads\/2024\/07\/Erexol.jpg","datePublished":"2024-07-18T07:26:27+00:00","dateModified":"2024-07-18T07:31:29+00:00","breadcrumb":{"@id":"https:\/\/www.clinicaalthea.com\/farmacia\/cs\/apt\/erexol\/#breadcrumb"},"inLanguage":"pl-PL","potentialAction":[{"@type":"ReadAction","target":["https:\/\/www.clinicaalthea.com\/farmacia\/cs\/apt\/erexol\/"]}]},{"@type":"ImageObject","inLanguage":"pl-PL","@id":"https:\/\/www.clinicaalthea.com\/farmacia\/cs\/apt\/erexol\/#primaryimage","url":"https:\/\/www.clinicaalthea.com\/farmacia\/wp-content\/uploads\/2024\/07\/Erexol.jpg","contentUrl":"https:\/\/www.clinicaalthea.com\/farmacia\/wp-content\/uploads\/2024\/07\/Erexol.jpg","width":768,"height":768,"caption":"Erexol"},{"@type":"BreadcrumbList","@id":"https:\/\/www.clinicaalthea.com\/farmacia\/cs\/apt\/erexol\/#breadcrumb","itemListElement":[{"@type":"ListItem","position":1,"name":"Strona g\u0142\u00f3wna","item":"https:\/\/www.clinicaalthea.com\/farmacia\/"},{"@type":"ListItem","position":2,"name":"Produkty","item":"https:\/\/www.clinicaalthea.com\/farmacia\/"},{"@type":"ListItem","position":3,"name":"Erexol"}]},{"@type":"WebSite","@id":"https:\/\/www.clinicaalthea.com\/farmacia\/#website","url":"https:\/\/www.clinicaalthea.com\/farmacia\/","name":"Clinica Althea","description":"","publisher":{"@id":"https:\/\/www.clinicaalthea.com\/farmacia\/#organization"},"potentialAction":[{"@type":"SearchAction","target":{"@type":"EntryPoint","urlTemplate":"https:\/\/www.clinicaalthea.com\/farmacia\/?s={search_term_string}"},"query-input":{"@type":"PropertyValueSpecification","valueRequired":true,"valueName":"search_term_string"}}],"inLanguage":"pl-PL"},{"@type":"Organization","@id":"https:\/\/www.clinicaalthea.com\/farmacia\/#organization","name":"Clinica Althea","url":"https:\/\/www.clinicaalthea.com\/farmacia\/","logo":{"@type":"ImageObject","inLanguage":"pl-PL","@id":"https:\/\/www.clinicaalthea.com\/farmacia\/#\/schema\/logo\/image\/","url":"https:\/\/www.clinicaalthea.com\/farmacia\/wp-content\/uploads\/2023\/12\/Jak-diagnozuje-sie-FAS_-objawy-kryteria-diagnostyczne-i-metody-diagnozowania-154162903.jpg","contentUrl":"https:\/\/www.clinicaalthea.com\/farmacia\/wp-content\/uploads\/2023\/12\/Jak-diagnozuje-sie-FAS_-objawy-kryteria-diagnostyczne-i-metody-diagnozowania-154162903.jpg","width":1216,"height":832,"caption":"Clinica Althea"},"image":{"@id":"https:\/\/www.clinicaalthea.com\/farmacia\/#\/schema\/logo\/image\/"}}]}},"lang":"cs","translations":{"cs":6821,"pl":6811,"hu":6814,"ro":6816,"bg":6819,"it":6823,"es":6825,"sk":6827,"de":6829,"sl":6831,"pt":6833,"el":6837,"fr":6841},"pll_sync_post":[],"_links":{"self":[{"href":"https:\/\/www.clinicaalthea.com\/farmacia\/wp-json\/wp\/v2\/product\/6821","targetHints":{"allow":["GET"]}}],"collection":[{"href":"https:\/\/www.clinicaalthea.com\/farmacia\/wp-json\/wp\/v2\/product"}],"about":[{"href":"https:\/\/www.clinicaalthea.com\/farmacia\/wp-json\/wp\/v2\/types\/product"}],"replies":[{"embeddable":true,"href":"https:\/\/www.clinicaalthea.com\/farmacia\/wp-json\/wp\/v2\/comments?post=6821"}],"wp:featuredmedia":[{"embeddable":true,"href":"https:\/\/www.clinicaalthea.com\/farmacia\/wp-json\/wp\/v2\/media\/6812"}],"wp:attachment":[{"href":"https:\/\/www.clinicaalthea.com\/farmacia\/wp-json\/wp\/v2\/media?parent=6821"}],"wp:term":[{"taxonomy":"product_brand","embeddable":true,"href":"https:\/\/www.clinicaalthea.com\/farmacia\/wp-json\/wp\/v2\/product_brand?post=6821"},{"taxonomy":"product_cat","embeddable":true,"href":"https:\/\/www.clinicaalthea.com\/farmacia\/wp-json\/wp\/v2\/product_cat?post=6821"},{"taxonomy":"product_tag","embeddable":true,"href":"https:\/\/www.clinicaalthea.com\/farmacia\/wp-json\/wp\/v2\/product_tag?post=6821"}],"curies":[{"name":"wp","href":"https:\/\/api.w.org\/{rel}","templated":true}]}}