{"id":6324,"date":"2024-07-17T11:11:10","date_gmt":"2024-07-17T10:11:10","guid":{"rendered":"https:\/\/mayoguide.org\/produkty\/?post_type=product&#038;p=6324"},"modified":"2024-07-17T19:18:18","modified_gmt":"2024-07-17T18:18:18","slug":"cardione","status":"publish","type":"product","link":"https:\/\/www.clinicaalthea.com\/farmacia\/ro\/apt\/cardione\/","title":{"rendered":"Cardione"},"content":{"rendered":"\n<h2 class=\"wp-block-heading\">Ce este Cardione \u0219i cum func\u021bioneaz\u0103?<\/h2>\n\n\n\n<p><b>Cardione<\/b> este un <b>supliment alimentar<\/b> inovator care este conceput pentru a sus\u021bine s\u0103n\u0103tatea cardiovascular\u0103. Bazat pe ingrediente naturale, Cardione ac\u021bioneaz\u0103 \u00een mai multe moduri pentru a \u00eembun\u0103t\u0103\u021bi s\u0103n\u0103tatea cardiovascular\u0103.<\/p>\n\n\n\n<p><b>Ingredientele<\/b> din Cardione sunt concepute pentru:<\/p>\n\n\n\n<ul class=\"wp-block-list\">\n<li>Normalizarea <b>tensiunii arteriale<\/b><\/li>\n\n\n\n<li>\u00cembun\u0103t\u0103\u021birea elasticit\u0103\u021bii vaselor de s\u00e2nge<\/li>\n\n\n\n<li>Consolidarea s\u0103n\u0103t\u0103\u021bii generale a inimii<\/li>\n<\/ul>\n\n\n\n<p>Datorit\u0103 formulei sale avansate, Cardione poate oferi multe beneficii pentru persoanele cu hipertensiune arterial\u0103 \u0219i probleme de s\u0103n\u0103tate cardiac\u0103. Aceasta ajut\u0103 la reglarea tensiunii arteriale, ceea ce este deosebit de important pentru cei care se lupt\u0103 cu aceast\u0103 afec\u021biune.<\/p>\n\n\n\n<h2 class=\"wp-block-heading\">Cardione &#8211; efecte ale aplic\u0103rii<\/h2>\n\n\n\n<p>Utilizarea <em>Cardione<\/em> are numeroase beneficii pentru s\u0103n\u0103tatea inimii \u0219i lupta \u00eempotriva hipertensiunii. Datorit\u0103 formulei sale inovatoare bazate pe ingrediente naturale, <em>Cardione<\/em> are un efect multidirec\u021bional, contribuind la normalizarea tensiunii arteriale, la \u00eembun\u0103t\u0103\u021birea elasticit\u0103\u021bii vaselor de s\u00e2nge \u0219i la reducerea simptomelor stresului.<\/p>\n\n\n\n<p>Utilizarea regulat\u0103 a <em>Cardione<\/em> poate avea urm\u0103toarele <b>efecte<\/b>:<\/p>\n\n\n\n<ol class=\"wp-block-list\">\n<li>Reducerea tensiunii arteriale \u0219i men\u021binerea acesteia la niveluri normale<\/li>\n\n\n\n<li>\u00cembun\u0103t\u0103\u021birea elasticit\u0103\u021bii \u0219i capacit\u0103\u021bii vasculare<\/li>\n\n\n\n<li>Reducerea simptomelor de stres \u0219i cre\u0219terea s\u0103n\u0103t\u0103\u021bii generale a inimii<\/li>\n\n\n\n<li>Prevenirea complica\u021biilor legate de hipertensiune<\/li>\n\n\n\n<li>Consolidarea protec\u021biei inimii \u00eempotriva factorilor de mediu negativi<\/li>\n<\/ol>\n\n\n\n<p>\u00cen plus, utilizarea regulat\u0103 a <em>Cardione<\/em> poate avea ca efect sc\u0103derea riscului de boli cardiovasculare, cum ar fi atacul de cord \u0219i accidentul vascular cerebral.<\/p>\n\n\n\n<p>Merit\u0103 s\u0103 ne amintim c\u0103 <b>efectele<\/b> utiliz\u0103rii <em>Cardione<\/em> pot varia \u00een func\u021bie de circumstan\u021bele fiec\u0103rui individ. Prin urmare, pentru a ob\u021bine cele mai bune rezultate, se recomand\u0103 s\u0103 lua\u021bi suplimentul \u00een conformitate cu recomand\u0103rile produc\u0103torului \u0219i s\u0103 \u00eel utiliza\u021bi pentru o perioad\u0103 adecvat\u0103 de timp pentru a permite ingredientelor active s\u0103 ac\u021bioneze \u00een organism.<\/p>\n\n\n\n<h2 class=\"wp-block-heading\">Cum s\u0103 utiliza\u021bi Cardione corect &#8211; Dozaj<\/h2>\n\n\n\n<p>Pentru a ob\u021bine rezultate optime \u00een \u00eengrijirea s\u0103n\u0103t\u0103\u021bii inimii \u0219i combaterea hipertensiunii arteriale, este important s\u0103 lua\u021bi Cardione \u00een conformitate cu recomand\u0103rile produc\u0103torului. Mai jos sunt recomand\u0103rile de dozare \u0219i cele mai bune practici pentru administrarea acestui supliment alimentar.<\/p>\n\n\n\n<p><em>Doza recomandat\u0103:<\/em><\/p>\n\n\n\n<ol class=\"wp-block-list\">\n<li>Lua\u021bi Cardione \u00een mod regulat, conform instruc\u021biunilor de pe ambalaj sau recomand\u0103rii medicului dumneavoastr\u0103.<\/li>\n\n\n\n<li>De obicei, se recomand\u0103 administrarea unei capsule de Cardione pe zi.<\/li>\n\n\n\n<li>Lua\u021bi o capsul\u0103 de Cardione cu o mas\u0103 \u0219i be\u021bi suficient\u0103 ap\u0103.<\/li>\n<\/ol>\n\n\n\n<p>Luarea Cardione conform indica\u021biilor v\u0103 va oferi cele mai bune rezultate \u00een \u00eembun\u0103t\u0103\u021birea s\u0103n\u0103t\u0103\u021bii inimii \u0219i \u00een reglarea tensiunii arteriale. Nu uita\u021bi s\u0103 fi\u021bi regulat, astfel \u00eenc\u00e2t <b>ingredientele<\/b> Cardione s\u0103 poat\u0103 func\u021biona la poten\u021bialul lor maxim \u0219i s\u0103 v\u0103 sus\u021bin\u0103 inima.<\/p>\n\n\n\n<p><em>Cele mai bune practici pentru adoptarea Cardione:<\/em><\/p>\n\n\n\n<ul class=\"wp-block-list\">\n<li>Citi\u021bi prospectul sau informa\u021biile produc\u0103torului \u00eenainte de a lua Cardione.<\/li>\n\n\n\n<li>Dac\u0103 ave\u021bi nel\u0103muriri sau \u00eentreb\u0103ri cu privire la utilizarea Cardione, adresa\u021bi-v\u0103 medicului dumneavoastr\u0103.<\/li>\n\n\n\n<li>Lua\u021bi Cardione sistematic pentru a men\u021bine suplimentarea constant\u0103 \u0219i pentru a ob\u021bine efecte pozitive de durat\u0103.<\/li>\n\n\n\n<li>Dac\u0103 uita\u021bi s\u0103 lua\u021bi o doz\u0103 de Cardione, nu lua\u021bi o doz\u0103 dubl\u0103. Lua\u021bi urm\u0103toarea capsul\u0103 conform programului.<\/li>\n<\/ul>\n\n\n\n<p>Re\u021bine\u021bi c\u0103 Cardione este un supliment alimentar \u0219i nu un medicament. Nu este recomandat s\u0103 dep\u0103\u0219i\u021bi doza recomandat\u0103 de Cardione sau s\u0103 \u00eel utiliza\u021bi ca substitut pentru o diet\u0103 echilibrat\u0103 \u0219i s\u0103n\u0103toas\u0103 sau pentru tratamentul prescris de medicul dumneavoastr\u0103.<\/p>\n\n\n\n<h2 class=\"wp-block-heading\">Cardione &#8211; Opinii \u0219i recenzii &#8211; Ce spun utilizatorii?<\/h2>\n\n\n\n<p>Sunte\u021bi curio\u0219i s\u0103 afla\u021bi ce spun al\u021bi <b>utilizatori<\/b> despre Cardione? Citi\u021bi <b>opiniile<\/b> \u0219i <b>recenziile<\/b> persoanelor care au utilizat acest supliment alimentar. Afla\u021bi cum ajut\u0103 Cardione \u00een cazul hipertensiunii arteriale \u0219i ce rezultate au ob\u021binut al\u021bi <b>utilizatori<\/b>. Afla\u021bi ce spun <b>utilizatorii<\/b> despre efectul \u0219i eficien\u021ba Cardione.<\/p>\n\n\n\n<blockquote class=\"wp-block-quote is-layout-flow wp-block-quote-is-layout-flow\">\n<p>&#8220;Cardione este o lovitur\u0103 absolut\u0103! Dup\u0103 o lun\u0103 de utilizare am observat o \u00eembun\u0103t\u0103\u021bire uria\u0219\u0103 a s\u0103n\u0103t\u0103\u021bii inimii mele. Tensiunea mea arterial\u0103 este acum normal\u0103 \u0219i simt mai mult\u0103 energie \u0219i rezisten\u021b\u0103. \u00cel recomand tuturor celor cu tensiune arterial\u0103 ridicat\u0103!&#8221; &#8211; Alicia<\/p>\n\n\n\n<p>&#8220;Sunt foarte mul\u021bumit de rezultatele pe care le-am ob\u021binut cu Cardione. Tensiunea mea arterial\u0103 este acum stabil\u0103 \u0219i, de asemenea, m\u0103 simt mai concentrat \u0219i mai pu\u021bin stresat. Acesta este un supliment cu adev\u0103rat eficient!&#8221; &#8211; Peter<\/p>\n\n\n\n<p>&#8220;Cardione este un supliment alimentar senza\u021bional. De c\u00e2nd \u00eel folosesc, <b>hipertensiunea<\/b> mea este sub control \u0219i m\u0103 simt mai bine \u00een general. L-a\u0219 recomanda oricui se lupt\u0103 cu probleme cardiace.&#8221; &#8211; Magdalena<\/p>\n<\/blockquote>\n\n\n\n<p><b>Feedback-ul<\/b> \u0219i <b>recenziile<\/b> utilizatorilor confirm\u0103 f\u0103r\u0103 echivoc eficacitatea Cardione \u00een combaterea hipertensiunii \u0219i \u00eembun\u0103t\u0103\u021birea s\u0103n\u0103t\u0103\u021bii inimii. Utilizatorii acestui supliment observ\u0103 o stabilizare a tensiunii arteriale, o cre\u0219tere a energiei \u0219i a rezisten\u021bei, precum \u0219i o reducere a simptomelor de stres. Cardione c\u00e2\u0219tig\u0103 <b>recenzii<\/b> pozitive pentru <b>ac\u021biunea<\/b> \u0219i eficacitatea sa.<\/p>\n\n\n\n<h2 class=\"wp-block-heading\">Compozi\u021bia cardionei &#8211; Analiza ingredientelor<\/h2>\n\n\n\n<p>Cardione este un supliment alimentar bazat pe ingrediente naturale atent selec\u021bionate. Fiecare ingredient are propriet\u0103\u021bi specifice pentru a sus\u021bine s\u0103n\u0103tatea cardiovascular\u0103. Citi\u021bi o analiz\u0103 aprofundat\u0103 a compozi\u021biei Cardione pentru a afla cum afecteaz\u0103 fiecare <b>ingredient<\/b> s\u0103n\u0103tatea inimii \u0219i beneficiile pe care le poate oferi.<\/p>\n\n\n\n<p>Aici este o analiz\u0103 a compozi\u021biei Cardione \u0219i a ingredientelor sale:<\/p>\n\n\n\n<figure class=\"wp-block-table\"><table><tbody><tr><th>Ingrediente active Cardione<\/th><th>Ac\u021biune<\/th><\/tr><tr><td>Extract de usturoi<\/td><td>Reglarea tensiunii arteriale<br>\u00cembun\u0103t\u0103\u021birea elasticit\u0103\u021bii vasculare \u0219i a s\u0103n\u0103t\u0103\u021bii cardiovasculare generale<\/td><\/tr><tr><td>Extract de Ginkgo biloba<\/td><td>Sus\u021binerea func\u021biei cardiace normale<br>Prevenirea tulbur\u0103rilor circulatorii<\/td><\/tr><tr><td>Extract de Melissa<\/td><td>Efect calmant<br>Ameliorarea simptomelor de stres \u0219i nervozitate<\/td><\/tr><tr><td>Extract de urzic\u0103<\/td><td>Efect calmant<br>Ameliorarea simptomelor de stres \u0219i nervozitate<\/td><\/tr><\/tbody><\/table><\/figure>\n\n\n\n<h2 class=\"wp-block-heading\">Unde s\u0103 cump\u0103ra\u021bi \u0219i c\u00e2t cost\u0103 Cardione &#8211; pre\u021b<\/h2>\n\n\n\n<p>Dori\u021bi s\u0103 cump\u0103ra\u021bi Cardione? Afla\u021bi unde pute\u021bi g\u0103si acest supliment alimentar \u0219i cele mai bune surse de achizi\u021bie. Afla\u021bi care sunt pre\u021burile lui Cardione \u0219i de ce ar trebui s\u0103 \u00eel cump\u0103ra\u021bi de pe site-ul oficial al produc\u0103torului. Evita\u021bi farmaciile \u0219i intermediarii pentru a v\u0103 asigura c\u0103 ob\u021bine\u021bi un produs autentic.<\/p>\n\n\n\n<h2 class=\"wp-block-heading\">Reac\u021bii adverse poten\u021biale \u0219i contraindica\u021bii la utilizarea Cardione<\/h2>\n\n\n\n<p>Este important s\u0103 re\u021bine\u021bi c\u0103 organismul fiec\u0103rei persoane poate reac\u021biona diferit, deci este important s\u0103 v\u0103 monitoriza\u021bi propria bun\u0103stare \u0219i reac\u021bie la administrarea suplimentului. De asemenea, trebuie s\u0103 v\u0103 consulta\u021bi medicul \u00eenainte de a \u00eencepe suplimentarea cu Cardione, mai ales dac\u0103 ave\u021bi orice afec\u021biuni medicale sau lua\u021bi alte medicamente.<\/p>\n\n\n\n<p>\u00cen ceea ce prive\u0219te <b>efectele secundare<\/b>, unele persoane pot prezenta simptome precum dureri de cap, indigestie, senza\u021bie de oboseal\u0103 sau reac\u021bii alergice. Dac\u0103 observa\u021bi orice <b>efecte secundare<\/b> nedorite dup\u0103 ce a\u021bi \u00eenceput s\u0103 lua\u021bi Cardione, opri\u021bi imediat administrarea \u0219i consulta\u021bi medicul dumneavoastr\u0103.<\/p>\n\n\n\n<p>Exist\u0103, de asemenea, <b>contraindica\u021bii<\/b> pentru utilizarea Cardione. Acestea includ sarcina, al\u0103ptarea, alergiile la ingredientele suplimentului \u0219i prezen\u021ba unor probleme de s\u0103n\u0103tate semnificative. Dac\u0103 ave\u021bi orice afec\u021biuni medicale sau sunte\u021bi gravid\u0103 sau al\u0103pta\u021bi, consulta\u021bi \u00eentotdeauna medicul dumneavoastr\u0103 \u00eenainte de a \u00eencepe suplimentarea cu Cardione.<\/p>\n","protected":false},"excerpt":{"rendered":"<p><strong>169.00 lei<\/strong><\/p>\n<p><del>338.00 lei<\/del><\/p>\n<p><strong>[date_countdown]<\/strong><\/p>\n","protected":false},"featured_media":6295,"comment_status":"open","ping_status":"closed","template":"","meta":{"neve_meta_sidebar":"","neve_meta_container":"","neve_meta_enable_content_width":"","neve_meta_content_width":0,"neve_meta_title_alignment":"","neve_meta_author_avatar":"","neve_post_elements_order":"","neve_meta_disable_header":"","neve_meta_disable_footer":"","neve_meta_disable_title":"","neve_meta_reading_time":""},"product_brand":[],"product_cat":[153],"product_tag":[],"class_list":{"0":"post-6324","1":"product","2":"type-product","3":"status-publish","4":"has-post-thumbnail","6":"product_cat-sanatate","8":"first","9":"instock","10":"shipping-taxable","11":"product-type-external"},"yoast_head":"<!-- This site is optimized with the Yoast SEO plugin v27.4 - https:\/\/yoast.com\/product\/yoast-seo-wordpress\/ -->\n<title>Cardione - Clinica Althea<\/title>\n<meta name=\"robots\" content=\"index, follow, max-snippet:-1, max-image-preview:large, max-video-preview:-1\" \/>\n<link rel=\"canonical\" href=\"https:\/\/www.clinicaalthea.com\/farmacia\/ro\/apt\/cardione\/\" \/>\n<meta property=\"og:locale\" content=\"pl_PL\" \/>\n<meta property=\"og:type\" content=\"article\" \/>\n<meta property=\"og:title\" content=\"Cardione - Clinica Althea\" \/>\n<meta property=\"og:description\" content=\"169.00 lei 338.00 lei\" \/>\n<meta property=\"og:url\" content=\"https:\/\/www.clinicaalthea.com\/farmacia\/ro\/apt\/cardione\/\" \/>\n<meta property=\"og:site_name\" content=\"Clinica Althea\" \/>\n<meta property=\"article:modified_time\" content=\"2024-07-17T18:18:18+00:00\" \/>\n<meta property=\"og:image\" content=\"https:\/\/www.clinicaalthea.com\/farmacia\/wp-content\/uploads\/2024\/07\/Cardione.jpg\" \/>\n\t<meta property=\"og:image:width\" content=\"768\" \/>\n\t<meta property=\"og:image:height\" content=\"768\" \/>\n\t<meta property=\"og:image:type\" content=\"image\/jpeg\" \/>\n<meta name=\"twitter:card\" content=\"summary_large_image\" \/>\n<meta name=\"twitter:label1\" content=\"Szacowany czas czytania\" \/>\n\t<meta name=\"twitter:data1\" content=\"6 minut\" \/>\n<script type=\"application\/ld+json\" class=\"yoast-schema-graph\">{\"@context\":\"https:\\\/\\\/schema.org\",\"@graph\":[{\"@type\":\"WebPage\",\"@id\":\"https:\\\/\\\/www.clinicaalthea.com\\\/farmacia\\\/ro\\\/apt\\\/cardione\\\/\",\"url\":\"https:\\\/\\\/www.clinicaalthea.com\\\/farmacia\\\/ro\\\/apt\\\/cardione\\\/\",\"name\":\"Cardione - Clinica Althea\",\"isPartOf\":{\"@id\":\"https:\\\/\\\/www.clinicaalthea.com\\\/farmacia\\\/#website\"},\"primaryImageOfPage\":{\"@id\":\"https:\\\/\\\/www.clinicaalthea.com\\\/farmacia\\\/ro\\\/apt\\\/cardione\\\/#primaryimage\"},\"image\":{\"@id\":\"https:\\\/\\\/www.clinicaalthea.com\\\/farmacia\\\/ro\\\/apt\\\/cardione\\\/#primaryimage\"},\"thumbnailUrl\":\"https:\\\/\\\/www.clinicaalthea.com\\\/farmacia\\\/wp-content\\\/uploads\\\/2024\\\/07\\\/Cardione.jpg\",\"datePublished\":\"2024-07-17T10:11:10+00:00\",\"dateModified\":\"2024-07-17T18:18:18+00:00\",\"breadcrumb\":{\"@id\":\"https:\\\/\\\/www.clinicaalthea.com\\\/farmacia\\\/ro\\\/apt\\\/cardione\\\/#breadcrumb\"},\"inLanguage\":\"pl-PL\",\"potentialAction\":[{\"@type\":\"ReadAction\",\"target\":[\"https:\\\/\\\/www.clinicaalthea.com\\\/farmacia\\\/ro\\\/apt\\\/cardione\\\/\"]}]},{\"@type\":\"ImageObject\",\"inLanguage\":\"pl-PL\",\"@id\":\"https:\\\/\\\/www.clinicaalthea.com\\\/farmacia\\\/ro\\\/apt\\\/cardione\\\/#primaryimage\",\"url\":\"https:\\\/\\\/www.clinicaalthea.com\\\/farmacia\\\/wp-content\\\/uploads\\\/2024\\\/07\\\/Cardione.jpg\",\"contentUrl\":\"https:\\\/\\\/www.clinicaalthea.com\\\/farmacia\\\/wp-content\\\/uploads\\\/2024\\\/07\\\/Cardione.jpg\",\"width\":768,\"height\":768,\"caption\":\"Cardione\"},{\"@type\":\"BreadcrumbList\",\"@id\":\"https:\\\/\\\/www.clinicaalthea.com\\\/farmacia\\\/ro\\\/apt\\\/cardione\\\/#breadcrumb\",\"itemListElement\":[{\"@type\":\"ListItem\",\"position\":1,\"name\":\"Strona g\u0142\u00f3wna\",\"item\":\"https:\\\/\\\/www.clinicaalthea.com\\\/farmacia\\\/\"},{\"@type\":\"ListItem\",\"position\":2,\"name\":\"Produkty\",\"item\":\"https:\\\/\\\/www.clinicaalthea.com\\\/farmacia\\\/\"},{\"@type\":\"ListItem\",\"position\":3,\"name\":\"Cardione\"}]},{\"@type\":\"WebSite\",\"@id\":\"https:\\\/\\\/www.clinicaalthea.com\\\/farmacia\\\/#website\",\"url\":\"https:\\\/\\\/www.clinicaalthea.com\\\/farmacia\\\/\",\"name\":\"Clinica Althea\",\"description\":\"\",\"publisher\":{\"@id\":\"https:\\\/\\\/www.clinicaalthea.com\\\/farmacia\\\/#organization\"},\"potentialAction\":[{\"@type\":\"SearchAction\",\"target\":{\"@type\":\"EntryPoint\",\"urlTemplate\":\"https:\\\/\\\/www.clinicaalthea.com\\\/farmacia\\\/?s={search_term_string}\"},\"query-input\":{\"@type\":\"PropertyValueSpecification\",\"valueRequired\":true,\"valueName\":\"search_term_string\"}}],\"inLanguage\":\"pl-PL\"},{\"@type\":\"Organization\",\"@id\":\"https:\\\/\\\/www.clinicaalthea.com\\\/farmacia\\\/#organization\",\"name\":\"Clinica Althea\",\"url\":\"https:\\\/\\\/www.clinicaalthea.com\\\/farmacia\\\/\",\"logo\":{\"@type\":\"ImageObject\",\"inLanguage\":\"pl-PL\",\"@id\":\"https:\\\/\\\/www.clinicaalthea.com\\\/farmacia\\\/#\\\/schema\\\/logo\\\/image\\\/\",\"url\":\"https:\\\/\\\/www.clinicaalthea.com\\\/farmacia\\\/wp-content\\\/uploads\\\/2023\\\/12\\\/Jak-diagnozuje-sie-FAS_-objawy-kryteria-diagnostyczne-i-metody-diagnozowania-154162903.jpg\",\"contentUrl\":\"https:\\\/\\\/www.clinicaalthea.com\\\/farmacia\\\/wp-content\\\/uploads\\\/2023\\\/12\\\/Jak-diagnozuje-sie-FAS_-objawy-kryteria-diagnostyczne-i-metody-diagnozowania-154162903.jpg\",\"width\":1216,\"height\":832,\"caption\":\"Clinica Althea\"},\"image\":{\"@id\":\"https:\\\/\\\/www.clinicaalthea.com\\\/farmacia\\\/#\\\/schema\\\/logo\\\/image\\\/\"}}]}<\/script>\n<!-- \/ Yoast SEO plugin. -->","yoast_head_json":{"title":"Cardione - Clinica Althea","robots":{"index":"index","follow":"follow","max-snippet":"max-snippet:-1","max-image-preview":"max-image-preview:large","max-video-preview":"max-video-preview:-1"},"canonical":"https:\/\/www.clinicaalthea.com\/farmacia\/ro\/apt\/cardione\/","og_locale":"pl_PL","og_type":"article","og_title":"Cardione - Clinica Althea","og_description":"169.00 lei 338.00 lei","og_url":"https:\/\/www.clinicaalthea.com\/farmacia\/ro\/apt\/cardione\/","og_site_name":"Clinica Althea","article_modified_time":"2024-07-17T18:18:18+00:00","og_image":[{"width":768,"height":768,"url":"https:\/\/www.clinicaalthea.com\/farmacia\/wp-content\/uploads\/2024\/07\/Cardione.jpg","type":"image\/jpeg"}],"twitter_card":"summary_large_image","twitter_misc":{"Szacowany czas czytania":"6 minut"},"schema":{"@context":"https:\/\/schema.org","@graph":[{"@type":"WebPage","@id":"https:\/\/www.clinicaalthea.com\/farmacia\/ro\/apt\/cardione\/","url":"https:\/\/www.clinicaalthea.com\/farmacia\/ro\/apt\/cardione\/","name":"Cardione - Clinica Althea","isPartOf":{"@id":"https:\/\/www.clinicaalthea.com\/farmacia\/#website"},"primaryImageOfPage":{"@id":"https:\/\/www.clinicaalthea.com\/farmacia\/ro\/apt\/cardione\/#primaryimage"},"image":{"@id":"https:\/\/www.clinicaalthea.com\/farmacia\/ro\/apt\/cardione\/#primaryimage"},"thumbnailUrl":"https:\/\/www.clinicaalthea.com\/farmacia\/wp-content\/uploads\/2024\/07\/Cardione.jpg","datePublished":"2024-07-17T10:11:10+00:00","dateModified":"2024-07-17T18:18:18+00:00","breadcrumb":{"@id":"https:\/\/www.clinicaalthea.com\/farmacia\/ro\/apt\/cardione\/#breadcrumb"},"inLanguage":"pl-PL","potentialAction":[{"@type":"ReadAction","target":["https:\/\/www.clinicaalthea.com\/farmacia\/ro\/apt\/cardione\/"]}]},{"@type":"ImageObject","inLanguage":"pl-PL","@id":"https:\/\/www.clinicaalthea.com\/farmacia\/ro\/apt\/cardione\/#primaryimage","url":"https:\/\/www.clinicaalthea.com\/farmacia\/wp-content\/uploads\/2024\/07\/Cardione.jpg","contentUrl":"https:\/\/www.clinicaalthea.com\/farmacia\/wp-content\/uploads\/2024\/07\/Cardione.jpg","width":768,"height":768,"caption":"Cardione"},{"@type":"BreadcrumbList","@id":"https:\/\/www.clinicaalthea.com\/farmacia\/ro\/apt\/cardione\/#breadcrumb","itemListElement":[{"@type":"ListItem","position":1,"name":"Strona g\u0142\u00f3wna","item":"https:\/\/www.clinicaalthea.com\/farmacia\/"},{"@type":"ListItem","position":2,"name":"Produkty","item":"https:\/\/www.clinicaalthea.com\/farmacia\/"},{"@type":"ListItem","position":3,"name":"Cardione"}]},{"@type":"WebSite","@id":"https:\/\/www.clinicaalthea.com\/farmacia\/#website","url":"https:\/\/www.clinicaalthea.com\/farmacia\/","name":"Clinica Althea","description":"","publisher":{"@id":"https:\/\/www.clinicaalthea.com\/farmacia\/#organization"},"potentialAction":[{"@type":"SearchAction","target":{"@type":"EntryPoint","urlTemplate":"https:\/\/www.clinicaalthea.com\/farmacia\/?s={search_term_string}"},"query-input":{"@type":"PropertyValueSpecification","valueRequired":true,"valueName":"search_term_string"}}],"inLanguage":"pl-PL"},{"@type":"Organization","@id":"https:\/\/www.clinicaalthea.com\/farmacia\/#organization","name":"Clinica Althea","url":"https:\/\/www.clinicaalthea.com\/farmacia\/","logo":{"@type":"ImageObject","inLanguage":"pl-PL","@id":"https:\/\/www.clinicaalthea.com\/farmacia\/#\/schema\/logo\/image\/","url":"https:\/\/www.clinicaalthea.com\/farmacia\/wp-content\/uploads\/2023\/12\/Jak-diagnozuje-sie-FAS_-objawy-kryteria-diagnostyczne-i-metody-diagnozowania-154162903.jpg","contentUrl":"https:\/\/www.clinicaalthea.com\/farmacia\/wp-content\/uploads\/2023\/12\/Jak-diagnozuje-sie-FAS_-objawy-kryteria-diagnostyczne-i-metody-diagnozowania-154162903.jpg","width":1216,"height":832,"caption":"Clinica Althea"},"image":{"@id":"https:\/\/www.clinicaalthea.com\/farmacia\/#\/schema\/logo\/image\/"}}]}},"lang":"ro","translations":{"ro":6324,"pl":6294,"el":6297,"es":6299,"lv":6301,"lt":6303,"pt":6308,"sl":6310,"et":6312,"nl":6314,"cs":6317,"fr":6319,"sk":6321,"it":6326,"de":6328},"pll_sync_post":[],"_links":{"self":[{"href":"https:\/\/www.clinicaalthea.com\/farmacia\/wp-json\/wp\/v2\/product\/6324","targetHints":{"allow":["GET"]}}],"collection":[{"href":"https:\/\/www.clinicaalthea.com\/farmacia\/wp-json\/wp\/v2\/product"}],"about":[{"href":"https:\/\/www.clinicaalthea.com\/farmacia\/wp-json\/wp\/v2\/types\/product"}],"replies":[{"embeddable":true,"href":"https:\/\/www.clinicaalthea.com\/farmacia\/wp-json\/wp\/v2\/comments?post=6324"}],"wp:featuredmedia":[{"embeddable":true,"href":"https:\/\/www.clinicaalthea.com\/farmacia\/wp-json\/wp\/v2\/media\/6295"}],"wp:attachment":[{"href":"https:\/\/www.clinicaalthea.com\/farmacia\/wp-json\/wp\/v2\/media?parent=6324"}],"wp:term":[{"taxonomy":"product_brand","embeddable":true,"href":"https:\/\/www.clinicaalthea.com\/farmacia\/wp-json\/wp\/v2\/product_brand?post=6324"},{"taxonomy":"product_cat","embeddable":true,"href":"https:\/\/www.clinicaalthea.com\/farmacia\/wp-json\/wp\/v2\/product_cat?post=6324"},{"taxonomy":"product_tag","embeddable":true,"href":"https:\/\/www.clinicaalthea.com\/farmacia\/wp-json\/wp\/v2\/product_tag?post=6324"}],"curies":[{"name":"wp","href":"https:\/\/api.w.org\/{rel}","templated":true}]}}