{"id":6301,"date":"2024-07-17T10:53:21","date_gmt":"2024-07-17T09:53:21","guid":{"rendered":"https:\/\/mayoguide.org\/produkty\/?post_type=product&#038;p=6301"},"modified":"2024-07-17T19:18:17","modified_gmt":"2024-07-17T18:18:17","slug":"cardione","status":"publish","type":"product","link":"https:\/\/www.clinicaalthea.com\/farmacia\/lv\/apt\/cardione\/","title":{"rendered":"Cardione"},"content":{"rendered":"\n<h2 class=\"wp-block-heading\">Kas ir Cardione un k\u0101 tas darbojas?<\/h2>\n\n\n\n<p><b>Cardione<\/b> ir inovat\u012bvs <b>uztura bag\u0101tin\u0101t\u0101js<\/b>, kas paredz\u0113ts sirds un asinsvadu sist\u0113mas vesel\u012bbas veicin\u0101\u0161anai. Cardione, kura pamat\u0101 ir dab\u012bgas sast\u0101vda\u013cas, darbojas da\u017e\u0101dos veidos, lai uzlabotu sirds un asinsvadu vesel\u012bbu.<\/p>\n\n\n\n<p>Cardione sast\u0101v\u0101 eso\u0161\u0101s <b>sast\u0101vda\u013cas<\/b> ir izstr\u0101d\u0101tas, lai:<\/p>\n\n\n\n<ul class=\"wp-block-list\">\n<li>Normaliz\u0113t <b>asinsspiedienu<\/b><\/li>\n\n\n\n<li>Uzlabo asinsvadu elast\u012bbu<\/li>\n\n\n\n<li>Stiprin\u0101t visp\u0101r\u0113jo sirds vesel\u012bbu<\/li>\n<\/ul>\n\n\n\n<p>Pateicoties uzlabotai formulai, Cardione var sniegt daudz priek\u0161roc\u012bbu cilv\u0113kiem ar hipertensiju un sirds vesel\u012bbas probl\u0113m\u0101m. Tas pal\u012bdz regul\u0113t asinsspiedienu, kas ir \u012bpa\u0161i svar\u012bgi cilv\u0113kiem, kuri c\u012bn\u0101s ar \u0161o slim\u012bbu.<\/p>\n\n\n\n<h2 class=\"wp-block-heading\">Cardione &#8211; lieto\u0161anas ietekme<\/h2>\n\n\n\n<p><em>Cardione<\/em> lieto\u0161ana sniedz daudz priek\u0161roc\u012bbu sirds vesel\u012bbai un c\u012b\u0146ai pret hipertensiju. Pateicoties inovat\u012bvai formulai, kuras pamat\u0101 ir dab\u012bgas sast\u0101vda\u013cas, <em>Cardione<\/em> iedarbojas daudzpus\u012bgi, pal\u012bdzot normaliz\u0113t asinsspiedienu, uzlabot asinsvadu elast\u012bbu un mazin\u0101t stresa simptomus.<\/p>\n\n\n\n<p>Regul\u0101ra <em>Cardione<\/em> lieto\u0161ana var izrais\u012bt \u0161\u0101das <b>sekas<\/b>:<\/p>\n\n\n\n<ol class=\"wp-block-list\">\n<li>Asinsspiediena samazin\u0101\u0161ana un uztur\u0113\u0161ana norm\u0101l\u0101 l\u012bmen\u012b<\/li>\n\n\n\n<li>Asinsvadu elast\u012bbas un kapacit\u0101tes uzlabo\u0161ana<\/li>\n\n\n\n<li>Stresa simptomu mazin\u0101\u0161ana un visp\u0101r\u0113jas sirds vesel\u012bbas uzlabo\u0161ana.<\/li>\n\n\n\n<li>Ar hipertensiju saist\u012btu komplik\u0101ciju profilakse<\/li>\n\n\n\n<li>Stiprin\u0101t sirds aizsardz\u012bbu pret negat\u012bviem vides faktoriem<\/li>\n<\/ol>\n\n\n\n<p>Turkl\u0101t regul\u0101ra <em>Cardione<\/em> lieto\u0161ana var mazin\u0101t sirds un asinsvadu slim\u012bbu, piem\u0113ram, sirdsl\u0113kmes un insulta, risku.<\/p>\n\n\n\n<p>Ir v\u0113rts atcer\u0113ties, ka <em>Cardione<\/em> lieto\u0161anas <b>ietekme<\/b> var at\u0161\u0137irties atkar\u012bb\u0101 no katra individu\u0101l\u0101 st\u0101vok\u013ca. T\u0101p\u0113c, lai ieg\u016btu vislab\u0101kos rezult\u0101tus, ieteicams lietot uztura bag\u0101tin\u0101t\u0101ju atbilsto\u0161i ra\u017eot\u0101ja ieteikumiem un lietot to piem\u0113rotu laiku, lai akt\u012bv\u0101s vielas var\u0113tu iedarboties organism\u0101.<\/p>\n\n\n\n<h2 class=\"wp-block-heading\">K\u0101 pareizi lietot Cardione &#8211; doz\u0113\u0161ana<\/h2>\n\n\n\n<p>Lai sasniegtu optim\u0101lus rezult\u0101tus sirds vesel\u012bbas apr\u016bp\u0113 un c\u012b\u0146\u0101 ar hipertensiju, ir svar\u012bgi lietot Cardione saska\u0146\u0101 ar ra\u017eot\u0101ja ieteikumiem. Zem\u0101k ir sniegti ieteikumi par devu un lab\u0101k\u0101 prakse \u0161\u012b uztura bag\u0101tin\u0101t\u0101ja lieto\u0161an\u0101.<\/p>\n\n\n\n<p><em>Ieteicam\u0101 deva:<\/em><\/p>\n\n\n\n<ol class=\"wp-block-list\">\n<li>Regul\u0101ri lietojiet Cardione saska\u0146\u0101 ar nor\u0101d\u012bjumiem uz iepakojuma vai \u0101rsta ieteikumu.<\/li>\n\n\n\n<li>Parasti ieteicams lietot vienu Cardione kapsulu dien\u0101.<\/li>\n\n\n\n<li>Lietojiet vienu Cardione kapsulu \u0113\u0161anas laik\u0101 un dzeriet pietiekami daudz \u016bdens.<\/li>\n<\/ol>\n\n\n\n<p>Lietojot Cardione saska\u0146\u0101 ar nor\u0101d\u012bjumiem, j\u016bs g\u016bsiet vislab\u0101kos rezult\u0101tus, lai uzlabotu sirds vesel\u012bbu un regul\u0113tu asinsspiedienu. Neaizmirstiet par regul\u0101ru lieto\u0161anu, lai Cardione <b>sast\u0101v\u0101 eso\u0161\u0101s vielas<\/b> var\u0113tu pilnv\u0113rt\u012bgi darboties un atbalst\u012bt J\u016bsu sirdi.<\/p>\n\n\n\n<p><em>Lab\u0101k\u0101 prakse Cardione pie\u0146em\u0161anai:<\/em><\/p>\n\n\n\n<ul class=\"wp-block-list\">\n<li>Pirms Cardione lieto\u0161anas izlasiet lieto\u0161anas instrukciju vai ra\u017eot\u0101ja inform\u0101ciju.<\/li>\n\n\n\n<li>Ja Jums ir k\u0101das ba\u017eas vai jaut\u0101jumi par Cardione lieto\u0161anu, konsult\u0113jieties ar savu \u0101rstu.<\/li>\n\n\n\n<li>Lietojiet Cardione sistem\u0101tiski, lai uztur\u0113tu konsekventu lieto\u0161anu un pan\u0101ktu ilgsto\u0161u pozit\u012bvu iedarb\u012bbu.<\/li>\n\n\n\n<li>Ja esat aizmirsis iedzert Cardione devu, nelietojiet dubultu devu. Lietojiet n\u0101kamo kapsulu, k\u0101 paredz\u0113ts.<\/li>\n<\/ul>\n\n\n\n<p>Atcerieties, ka Cardione ir uztura bag\u0101tin\u0101t\u0101js, nevis z\u0101les. Nav ieteicams p\u0101rsniegt ieteicamo Cardione devu vai lietot to k\u0101 sabalans\u0113ta un vesel\u012bga uztura vai \u0101rsta noz\u012bm\u0113tas \u0101rst\u0113\u0161anas aizst\u0101j\u0113ju.<\/p>\n\n\n\n<h2 class=\"wp-block-heading\">Cardione &#8211; Viedok\u013ci un atsauksmes &#8211; Ko saka lietot\u0101ji?<\/h2>\n\n\n\n<p>Vai v\u0113laties uzzin\u0101t, ko citi <b>lietot\u0101ji<\/b> saka par Cardione? Izlasiet <b>viedok\u013cus<\/b> un <b>atsauksmes<\/b> no cilv\u0113kiem, kuri lietoju\u0161i \u0161o uztura bag\u0101tin\u0101t\u0101ju. Uzziniet, k\u0101 Cardione pal\u012bdz augsta asinsspiediena gad\u012bjum\u0101 un k\u0101dus rezult\u0101tus ir sasniegu\u0161i citi <b>lietot\u0101ji<\/b>. Uzziniet, ko <b>lietot\u0101ji<\/b> saka par Cardione iedarb\u012bbu un efektivit\u0101ti.<\/p>\n\n\n\n<blockquote class=\"wp-block-quote is-layout-flow wp-block-quote-is-layout-flow\">\n<p>&#8220;Cardione ir absol\u016bts tr\u0101p\u012bjums! P\u0113c m\u0113ne\u0161a lieto\u0161anas esmu paman\u012bjis milz\u012bgu uzlabojumu sirds vesel\u012bb\u0101. Mans asinsspiediens tagad ir norm\u0101ls, un es j\u016btos ener\u0123isk\u0101ks un iztur\u012bg\u0101ks. Es iesaku to visiem, kam ir paaugstin\u0101ts asinsspiediens!&#8221; &#8211; Al\u012bsija<\/p>\n\n\n\n<p>&#8220;Esmu \u013coti apmierin\u0101ts ar rezult\u0101tiem, ko esmu sasniedzis ar Cardione. Mans asinsspiediens tagad ir stabils, un es ar\u012b j\u016btos daudz koncentr\u0113t\u0101ks un maz\u0101k stresa. \u0160is ir patie\u0161\u0101m efekt\u012bvs uztura bag\u0101tin\u0101t\u0101js!&#8221; &#8211; P\u0113teris<\/p>\n\n\n\n<p>&#8220;Cardione ir sensacion\u0101ls uztura bag\u0101tin\u0101t\u0101js. Kop\u0161 t\u0101 lieto\u0161anas mana <b>hipertensija<\/b> ir kontrol\u0113ta, un kopum\u0101 j\u016btos lab\u0101k. Es to ieteiktu ikvienam, kam ir probl\u0113mas ar sirdi.&#8221; &#8211; Magdalena<\/p>\n<\/blockquote>\n\n\n\n<p><b>Atsauksmes<\/b> un lietot\u0101ju <b>atsauksmes<\/b> nep\u0101rprotami apstiprina Cardione efektivit\u0101ti c\u012b\u0146\u0101 ar hipertensiju un sirds vesel\u012bbas uzlabo\u0161an\u0101. \u0160\u012b uztura bag\u0101tin\u0101t\u0101ja lietot\u0101ji nov\u0113ro asinsspiediena stabiliz\u0101ciju, ener\u0123ijas un iztur\u012bbas pieaugumu un stresa simptomu samazin\u0101\u0161anos. Cardione g\u016bst pozit\u012bvas <b>atsauksmes par<\/b> t\u0101 <b>iedarb\u012bbu<\/b> un efektivit\u0101ti.<\/p>\n\n\n\n<h2 class=\"wp-block-heading\">Cardione sast\u0101vs &#8211; sast\u0101vda\u013cu anal\u012bze<\/h2>\n\n\n\n<p>Cardione ir uztura bag\u0101tin\u0101t\u0101js, kura pamat\u0101 ir r\u016bp\u012bgi atlas\u012btas dab\u012bgas sast\u0101vda\u013cas. Katrai sast\u0101vda\u013cai piem\u012bt \u012bpa\u0161as \u012bpa\u0161\u012bbas, kas veicina sirds un asinsvadu vesel\u012bbu. Izlasiet padzi\u013cin\u0101tu Cardione sast\u0101va anal\u012bzi, lai uzzin\u0101tu, k\u0101 katra <b>sast\u0101vda\u013ca<\/b> ietekm\u0113 sirds vesel\u012bbu un k\u0101das priek\u0161roc\u012bbas t\u0101 var sniegt.<\/p>\n\n\n\n<p>\u0160eit ir Cardione sast\u0101va un t\u0101 sast\u0101vda\u013cu anal\u012bze:<\/p>\n\n\n\n<figure class=\"wp-block-table\"><table><tbody><tr><th>Cardione akt\u012bv\u0101s sast\u0101vda\u013cas<\/th><th>R\u012bc\u012bba<\/th><\/tr><tr><td>\u0136iploku ekstrakts<\/td><td>Asinsspiediena regul\u0113\u0161ana<br>uzlabota asinsvadu elast\u012bba un visp\u0101r\u0113j\u0101 sirds un asinsvadu vesel\u012bba.<\/td><\/tr><tr><td>Ginkgo biloba ekstrakts<\/td><td>Atbalsts norm\u0101lai sirds darb\u012bbai<br>Asinsrites trauc\u0113jumu profilakse<\/td><\/tr><tr><td>Melisas ekstrakts<\/td><td>Nomierino\u0161s efekts<br>mazina stresa un nervozit\u0101tes simptomus.<\/td><\/tr><tr><td>N\u0101tru ekstrakts<\/td><td>Nomierino\u0161s efekts<br>mazina stresa un nervozit\u0101tes simptomus.<\/td><\/tr><\/tbody><\/table><\/figure>\n\n\n\n<h2 class=\"wp-block-heading\">Kur nopirkt un Cik maks\u0101 Cardione &#8211; cena<\/h2>\n\n\n\n<p>Vai v\u0113laties ieg\u0101d\u0101ties Cardione? Uzziniet, kur j\u016bs varat atrast \u0161o uztura bag\u0101tin\u0101t\u0101ju un lab\u0101kos ieg\u0101des avotus. Uzziniet, k\u0101das ir Cardione cenas un k\u0101p\u0113c jums vajadz\u0113tu to ieg\u0101d\u0101ties no ra\u017eot\u0101ja ofici\u0101l\u0101s t\u012bmek\u013ca vietnes. Izvairieties no aptiek\u0101m un starpniekiem, lai p\u0101rliecin\u0101tos, ka sa\u0146emat autentisku produktu.<\/p>\n\n\n\n<h2 class=\"wp-block-heading\">Iesp\u0113jam\u0101s blakuspar\u0101d\u012bbas un kontrindik\u0101cijas Cardione lieto\u0161anai<\/h2>\n\n\n\n<p>Ir svar\u012bgi atcer\u0113ties, ka katra cilv\u0113ka organisms var rea\u0123\u0113t at\u0161\u0137ir\u012bgi, t\u0101p\u0113c ir svar\u012bgi uzraudz\u012bt savu pa\u0161saj\u016btu un reakciju uz uztura bag\u0101tin\u0101t\u0101ja lieto\u0161anu. Pirms s\u0101kt lietot Cardione uztura bag\u0101tin\u0101t\u0101ju, j\u0101konsult\u0113jas ar savu \u0101rstu, \u012bpa\u0161i, ja Jums ir k\u0101di vesel\u012bbas trauc\u0113jumi vai lietojat citus medikamentus.<\/p>\n\n\n\n<p>Attiec\u012bb\u0101 uz <b>blakuspar\u0101d\u012bb\u0101m<\/b> da\u017eiem cilv\u0113kiem var rasties t\u0101di simptomi k\u0101 galvass\u0101pes, gremo\u0161anas trauc\u0113jumi, noguruma saj\u016bta vai aler\u0123iskas reakcijas. Ja p\u0113c Cardione lieto\u0161anas uzs\u0101k\u0161anas nov\u0113rojat jebk\u0101das nev\u0113lamas <b>blakuspar\u0101d\u012bbas<\/b>, nekav\u0113joties p\u0101rtrauciet to lietot un konsult\u0113jieties ar savu \u0101rstu.<\/p>\n\n\n\n<p>Ir ar\u012b <b>kontrindik\u0101cijas<\/b> Cardione lieto\u0161anai. T\u0101s ir gr\u016btniec\u012bba, baro\u0161ana ar kr\u016bti, aler\u0123ija pret uztura bag\u0101tin\u0101t\u0101ja sast\u0101vda\u013c\u0101m un b\u016btiskas vesel\u012bbas probl\u0113mas. Ja Jums ir k\u0101di vesel\u012bbas trauc\u0113jumi, esat gr\u016btniece vai barojat b\u0113rnu ar kr\u016bti, vienm\u0113r vispirms konsult\u0113jieties ar savu \u0101rstu, pirms s\u0101kat lietot Cardione.<\/p>\n","protected":false},"excerpt":{"rendered":"<p><strong>39.00 \u20ac<\/strong><\/p>\n<p><del>78.00 \u20ac<\/del><\/p>\n<p><strong>[date_countdown]<\/strong><\/p>\n","protected":false},"featured_media":6295,"comment_status":"open","ping_status":"closed","template":"","meta":{"neve_meta_sidebar":"","neve_meta_container":"","neve_meta_enable_content_width":"","neve_meta_content_width":0,"neve_meta_title_alignment":"","neve_meta_author_avatar":"","neve_post_elements_order":"","neve_meta_disable_header":"","neve_meta_disable_footer":"","neve_meta_disable_title":"","neve_meta_reading_time":""},"product_brand":[],"product_cat":[129],"product_tag":[],"class_list":{"0":"post-6301","1":"product","2":"type-product","3":"status-publish","4":"has-post-thumbnail","6":"product_cat-veseliba","8":"first","9":"instock","10":"shipping-taxable","11":"product-type-external"},"yoast_head":"<!-- This site is optimized with the Yoast SEO plugin v27.4 - https:\/\/yoast.com\/product\/yoast-seo-wordpress\/ -->\n<title>Cardione - Clinica Althea<\/title>\n<meta name=\"robots\" content=\"index, follow, max-snippet:-1, max-image-preview:large, max-video-preview:-1\" \/>\n<link rel=\"canonical\" href=\"https:\/\/www.clinicaalthea.com\/farmacia\/lv\/apt\/cardione\/\" \/>\n<meta property=\"og:locale\" content=\"pl_PL\" \/>\n<meta property=\"og:type\" content=\"article\" \/>\n<meta property=\"og:title\" content=\"Cardione - Clinica Althea\" \/>\n<meta property=\"og:description\" content=\"39.00 \u20ac 78.00 \u20ac\" \/>\n<meta property=\"og:url\" content=\"https:\/\/www.clinicaalthea.com\/farmacia\/lv\/apt\/cardione\/\" \/>\n<meta property=\"og:site_name\" content=\"Clinica Althea\" \/>\n<meta property=\"article:modified_time\" content=\"2024-07-17T18:18:17+00:00\" \/>\n<meta property=\"og:image\" content=\"https:\/\/www.clinicaalthea.com\/farmacia\/wp-content\/uploads\/2024\/07\/Cardione.jpg\" \/>\n\t<meta property=\"og:image:width\" content=\"768\" \/>\n\t<meta property=\"og:image:height\" content=\"768\" \/>\n\t<meta property=\"og:image:type\" content=\"image\/jpeg\" \/>\n<meta name=\"twitter:card\" content=\"summary_large_image\" \/>\n<meta name=\"twitter:label1\" content=\"Szacowany czas czytania\" \/>\n\t<meta name=\"twitter:data1\" content=\"5 minut\" \/>\n<script type=\"application\/ld+json\" class=\"yoast-schema-graph\">{\"@context\":\"https:\\\/\\\/schema.org\",\"@graph\":[{\"@type\":\"WebPage\",\"@id\":\"https:\\\/\\\/www.clinicaalthea.com\\\/farmacia\\\/lv\\\/apt\\\/cardione\\\/\",\"url\":\"https:\\\/\\\/www.clinicaalthea.com\\\/farmacia\\\/lv\\\/apt\\\/cardione\\\/\",\"name\":\"Cardione - Clinica Althea\",\"isPartOf\":{\"@id\":\"https:\\\/\\\/www.clinicaalthea.com\\\/farmacia\\\/#website\"},\"primaryImageOfPage\":{\"@id\":\"https:\\\/\\\/www.clinicaalthea.com\\\/farmacia\\\/lv\\\/apt\\\/cardione\\\/#primaryimage\"},\"image\":{\"@id\":\"https:\\\/\\\/www.clinicaalthea.com\\\/farmacia\\\/lv\\\/apt\\\/cardione\\\/#primaryimage\"},\"thumbnailUrl\":\"https:\\\/\\\/www.clinicaalthea.com\\\/farmacia\\\/wp-content\\\/uploads\\\/2024\\\/07\\\/Cardione.jpg\",\"datePublished\":\"2024-07-17T09:53:21+00:00\",\"dateModified\":\"2024-07-17T18:18:17+00:00\",\"breadcrumb\":{\"@id\":\"https:\\\/\\\/www.clinicaalthea.com\\\/farmacia\\\/lv\\\/apt\\\/cardione\\\/#breadcrumb\"},\"inLanguage\":\"pl-PL\",\"potentialAction\":[{\"@type\":\"ReadAction\",\"target\":[\"https:\\\/\\\/www.clinicaalthea.com\\\/farmacia\\\/lv\\\/apt\\\/cardione\\\/\"]}]},{\"@type\":\"ImageObject\",\"inLanguage\":\"pl-PL\",\"@id\":\"https:\\\/\\\/www.clinicaalthea.com\\\/farmacia\\\/lv\\\/apt\\\/cardione\\\/#primaryimage\",\"url\":\"https:\\\/\\\/www.clinicaalthea.com\\\/farmacia\\\/wp-content\\\/uploads\\\/2024\\\/07\\\/Cardione.jpg\",\"contentUrl\":\"https:\\\/\\\/www.clinicaalthea.com\\\/farmacia\\\/wp-content\\\/uploads\\\/2024\\\/07\\\/Cardione.jpg\",\"width\":768,\"height\":768,\"caption\":\"Cardione\"},{\"@type\":\"BreadcrumbList\",\"@id\":\"https:\\\/\\\/www.clinicaalthea.com\\\/farmacia\\\/lv\\\/apt\\\/cardione\\\/#breadcrumb\",\"itemListElement\":[{\"@type\":\"ListItem\",\"position\":1,\"name\":\"Strona g\u0142\u00f3wna\",\"item\":\"https:\\\/\\\/www.clinicaalthea.com\\\/farmacia\\\/\"},{\"@type\":\"ListItem\",\"position\":2,\"name\":\"Produkty\",\"item\":\"https:\\\/\\\/www.clinicaalthea.com\\\/farmacia\\\/\"},{\"@type\":\"ListItem\",\"position\":3,\"name\":\"Cardione\"}]},{\"@type\":\"WebSite\",\"@id\":\"https:\\\/\\\/www.clinicaalthea.com\\\/farmacia\\\/#website\",\"url\":\"https:\\\/\\\/www.clinicaalthea.com\\\/farmacia\\\/\",\"name\":\"Clinica Althea\",\"description\":\"\",\"publisher\":{\"@id\":\"https:\\\/\\\/www.clinicaalthea.com\\\/farmacia\\\/#organization\"},\"potentialAction\":[{\"@type\":\"SearchAction\",\"target\":{\"@type\":\"EntryPoint\",\"urlTemplate\":\"https:\\\/\\\/www.clinicaalthea.com\\\/farmacia\\\/?s={search_term_string}\"},\"query-input\":{\"@type\":\"PropertyValueSpecification\",\"valueRequired\":true,\"valueName\":\"search_term_string\"}}],\"inLanguage\":\"pl-PL\"},{\"@type\":\"Organization\",\"@id\":\"https:\\\/\\\/www.clinicaalthea.com\\\/farmacia\\\/#organization\",\"name\":\"Clinica Althea\",\"url\":\"https:\\\/\\\/www.clinicaalthea.com\\\/farmacia\\\/\",\"logo\":{\"@type\":\"ImageObject\",\"inLanguage\":\"pl-PL\",\"@id\":\"https:\\\/\\\/www.clinicaalthea.com\\\/farmacia\\\/#\\\/schema\\\/logo\\\/image\\\/\",\"url\":\"https:\\\/\\\/www.clinicaalthea.com\\\/farmacia\\\/wp-content\\\/uploads\\\/2023\\\/12\\\/Jak-diagnozuje-sie-FAS_-objawy-kryteria-diagnostyczne-i-metody-diagnozowania-154162903.jpg\",\"contentUrl\":\"https:\\\/\\\/www.clinicaalthea.com\\\/farmacia\\\/wp-content\\\/uploads\\\/2023\\\/12\\\/Jak-diagnozuje-sie-FAS_-objawy-kryteria-diagnostyczne-i-metody-diagnozowania-154162903.jpg\",\"width\":1216,\"height\":832,\"caption\":\"Clinica Althea\"},\"image\":{\"@id\":\"https:\\\/\\\/www.clinicaalthea.com\\\/farmacia\\\/#\\\/schema\\\/logo\\\/image\\\/\"}}]}<\/script>\n<!-- \/ Yoast SEO plugin. -->","yoast_head_json":{"title":"Cardione - Clinica Althea","robots":{"index":"index","follow":"follow","max-snippet":"max-snippet:-1","max-image-preview":"max-image-preview:large","max-video-preview":"max-video-preview:-1"},"canonical":"https:\/\/www.clinicaalthea.com\/farmacia\/lv\/apt\/cardione\/","og_locale":"pl_PL","og_type":"article","og_title":"Cardione - Clinica Althea","og_description":"39.00 \u20ac 78.00 \u20ac","og_url":"https:\/\/www.clinicaalthea.com\/farmacia\/lv\/apt\/cardione\/","og_site_name":"Clinica Althea","article_modified_time":"2024-07-17T18:18:17+00:00","og_image":[{"width":768,"height":768,"url":"https:\/\/www.clinicaalthea.com\/farmacia\/wp-content\/uploads\/2024\/07\/Cardione.jpg","type":"image\/jpeg"}],"twitter_card":"summary_large_image","twitter_misc":{"Szacowany czas czytania":"5 minut"},"schema":{"@context":"https:\/\/schema.org","@graph":[{"@type":"WebPage","@id":"https:\/\/www.clinicaalthea.com\/farmacia\/lv\/apt\/cardione\/","url":"https:\/\/www.clinicaalthea.com\/farmacia\/lv\/apt\/cardione\/","name":"Cardione - Clinica Althea","isPartOf":{"@id":"https:\/\/www.clinicaalthea.com\/farmacia\/#website"},"primaryImageOfPage":{"@id":"https:\/\/www.clinicaalthea.com\/farmacia\/lv\/apt\/cardione\/#primaryimage"},"image":{"@id":"https:\/\/www.clinicaalthea.com\/farmacia\/lv\/apt\/cardione\/#primaryimage"},"thumbnailUrl":"https:\/\/www.clinicaalthea.com\/farmacia\/wp-content\/uploads\/2024\/07\/Cardione.jpg","datePublished":"2024-07-17T09:53:21+00:00","dateModified":"2024-07-17T18:18:17+00:00","breadcrumb":{"@id":"https:\/\/www.clinicaalthea.com\/farmacia\/lv\/apt\/cardione\/#breadcrumb"},"inLanguage":"pl-PL","potentialAction":[{"@type":"ReadAction","target":["https:\/\/www.clinicaalthea.com\/farmacia\/lv\/apt\/cardione\/"]}]},{"@type":"ImageObject","inLanguage":"pl-PL","@id":"https:\/\/www.clinicaalthea.com\/farmacia\/lv\/apt\/cardione\/#primaryimage","url":"https:\/\/www.clinicaalthea.com\/farmacia\/wp-content\/uploads\/2024\/07\/Cardione.jpg","contentUrl":"https:\/\/www.clinicaalthea.com\/farmacia\/wp-content\/uploads\/2024\/07\/Cardione.jpg","width":768,"height":768,"caption":"Cardione"},{"@type":"BreadcrumbList","@id":"https:\/\/www.clinicaalthea.com\/farmacia\/lv\/apt\/cardione\/#breadcrumb","itemListElement":[{"@type":"ListItem","position":1,"name":"Strona g\u0142\u00f3wna","item":"https:\/\/www.clinicaalthea.com\/farmacia\/"},{"@type":"ListItem","position":2,"name":"Produkty","item":"https:\/\/www.clinicaalthea.com\/farmacia\/"},{"@type":"ListItem","position":3,"name":"Cardione"}]},{"@type":"WebSite","@id":"https:\/\/www.clinicaalthea.com\/farmacia\/#website","url":"https:\/\/www.clinicaalthea.com\/farmacia\/","name":"Clinica Althea","description":"","publisher":{"@id":"https:\/\/www.clinicaalthea.com\/farmacia\/#organization"},"potentialAction":[{"@type":"SearchAction","target":{"@type":"EntryPoint","urlTemplate":"https:\/\/www.clinicaalthea.com\/farmacia\/?s={search_term_string}"},"query-input":{"@type":"PropertyValueSpecification","valueRequired":true,"valueName":"search_term_string"}}],"inLanguage":"pl-PL"},{"@type":"Organization","@id":"https:\/\/www.clinicaalthea.com\/farmacia\/#organization","name":"Clinica Althea","url":"https:\/\/www.clinicaalthea.com\/farmacia\/","logo":{"@type":"ImageObject","inLanguage":"pl-PL","@id":"https:\/\/www.clinicaalthea.com\/farmacia\/#\/schema\/logo\/image\/","url":"https:\/\/www.clinicaalthea.com\/farmacia\/wp-content\/uploads\/2023\/12\/Jak-diagnozuje-sie-FAS_-objawy-kryteria-diagnostyczne-i-metody-diagnozowania-154162903.jpg","contentUrl":"https:\/\/www.clinicaalthea.com\/farmacia\/wp-content\/uploads\/2023\/12\/Jak-diagnozuje-sie-FAS_-objawy-kryteria-diagnostyczne-i-metody-diagnozowania-154162903.jpg","width":1216,"height":832,"caption":"Clinica Althea"},"image":{"@id":"https:\/\/www.clinicaalthea.com\/farmacia\/#\/schema\/logo\/image\/"}}]}},"lang":"lv","translations":{"lv":6301,"pl":6294,"el":6297,"es":6299,"lt":6303,"pt":6308,"sl":6310,"et":6312,"nl":6314,"cs":6317,"fr":6319,"sk":6321,"ro":6324,"it":6326,"de":6328},"pll_sync_post":[],"_links":{"self":[{"href":"https:\/\/www.clinicaalthea.com\/farmacia\/wp-json\/wp\/v2\/product\/6301","targetHints":{"allow":["GET"]}}],"collection":[{"href":"https:\/\/www.clinicaalthea.com\/farmacia\/wp-json\/wp\/v2\/product"}],"about":[{"href":"https:\/\/www.clinicaalthea.com\/farmacia\/wp-json\/wp\/v2\/types\/product"}],"replies":[{"embeddable":true,"href":"https:\/\/www.clinicaalthea.com\/farmacia\/wp-json\/wp\/v2\/comments?post=6301"}],"wp:featuredmedia":[{"embeddable":true,"href":"https:\/\/www.clinicaalthea.com\/farmacia\/wp-json\/wp\/v2\/media\/6295"}],"wp:attachment":[{"href":"https:\/\/www.clinicaalthea.com\/farmacia\/wp-json\/wp\/v2\/media?parent=6301"}],"wp:term":[{"taxonomy":"product_brand","embeddable":true,"href":"https:\/\/www.clinicaalthea.com\/farmacia\/wp-json\/wp\/v2\/product_brand?post=6301"},{"taxonomy":"product_cat","embeddable":true,"href":"https:\/\/www.clinicaalthea.com\/farmacia\/wp-json\/wp\/v2\/product_cat?post=6301"},{"taxonomy":"product_tag","embeddable":true,"href":"https:\/\/www.clinicaalthea.com\/farmacia\/wp-json\/wp\/v2\/product_tag?post=6301"}],"curies":[{"name":"wp","href":"https:\/\/api.w.org\/{rel}","templated":true}]}}