{"id":6200,"date":"2024-07-17T09:53:17","date_gmt":"2024-07-17T08:53:17","guid":{"rendered":"https:\/\/mayoguide.org\/produkty\/?post_type=product&#038;p=6200"},"modified":"2024-07-17T10:02:40","modified_gmt":"2024-07-17T09:02:40","slug":"alkotox","status":"publish","type":"product","link":"https:\/\/www.clinicaalthea.com\/farmacia\/sl\/apt\/alkotox\/","title":{"rendered":"Alkotox"},"content":{"rendered":"\n<h2 class=\"wp-block-heading\">Kaj je zdravilo Alkotox in kako deluje?<\/h2>\n\n\n\n<p>Alkotox je inovativno <b>prehransko dopolnilo<\/b>, ki je bilo oblikovano posebej za ljudi, ki se spopadajo z alkoholizmom. Dodatek deluje na podlagi edinstvenega <b>mehanizma<\/b> delovanja, ki pomaga zmanj\u0161ati \u017eeljo po alkoholu in podpira \u010di\u0161\u010denje telesa od strupov.<\/p>\n\n\n\n<p>Alkotox vsebuje kapljice, katerih <b>sestava<\/b> temelji na skrbno izbranih aktivnih sestavinah. Med sestavinami zdravila Alkotox so mle\u010dni badelj, vitamina B6 in C, L-arginin in L-ornitin. Te snovi delujejo sinergi\u010dno in zagotavljajo celovito podporo odvisnikom od alkohola.<\/p>\n\n\n\n<p><b>Sestavine v<\/b> zdravilu Alkotox pomagajo krepiti \u010distilne funkcije telesa, zlasti jeter, ki so glavni organ za presnovo alkohola. Poleg tega dodatek podpira regeneracijo in za\u0161\u010dito jeter, kar je pomembno za tiste, ki se spopadajo z alkoholizmom.<\/p>\n\n\n\n<p>Od alkohola odvisne osebe pogosto do\u017eivljajo neprijetne odtegnitvene simptome, ko sku\u0161ajo zmanj\u0161ati vnos alkohola ali ga popolnoma opustiti. Alkotox lahko zagotovi olaj\u0161anje z zmanj\u0161anjem teh neprijetnih simptomov in pomaga odvisnikom pri procesu odvajanja od alkohola.<\/p>\n\n\n\n<h2 class=\"wp-block-heading\">U\u010dinki alkotox<\/h2>\n\n\n\n<p>Alkotox, prehransko dopolnilo, posebej oblikovano za tiste, ki se spopadajo z odvisnostjo od alkohola, lahko prinese \u0161tevilne <b>koristi<\/b> in pozitivne u\u010dinke v procesu okrevanja od odvisnosti od alkohola. S skrbno izbranimi naravnimi rastlinskimi sestavinami \u017eeli Alkotox posameznikom pomagati pri premagovanju odvisnosti in izbolj\u0161anju kakovosti \u017eivljenja.<\/p>\n\n\n\n<p>Eden od klju\u010dnih u\u010dinkov zdravila Alkotox je zmanj\u0161anje \u017eelje po alkoholu. Sestavine dodatka, kot so protimikrobne, protivnetne in razstrupljevalne snovi, pomagajo zmanj\u0161ati \u017eeljo po u\u017eivanju alkohola. To lahko posameznikom pomaga zmanj\u0161ati u\u017eivanje alkohola in jim nudi dodatno podporo v boju proti odvisnosti.<\/p>\n\n\n\n<p>Poleg tega Alkotox podpira razstrupljanje telesa, povezano z alkoholnimi toksini. Zaradi svojih lastnosti lahko dodatek pomaga odpraviti nakopi\u010dene toksine in \u0161kodljive snovi, ki se v telesu naberejo zaradi prekomernega u\u017eivanja alkohola. To pa prispeva k izbolj\u0161anju splo\u0161nega po\u010dutja in zdravja.<\/p>\n\n\n\n<p>Alkotox deluje tudi na regeneracijo in za\u0161\u010dito jeter. Sestavine, kot so mle\u010dni badelj, regratova korenina in izvle\u010dek rakitovca, pomagajo regenerirati jetra in ta pomemben organ \u0161\u010ditijo pred \u0161kodljivimi u\u010dinki zlorabe alkohola.<\/p>\n\n\n\n<p><b>Uporaba zdravila<\/b> Alkotox lahko pozitivno vpliva na splo\u0161no izbolj\u0161anje zdravja in dobrega po\u010dutja. Alkotox lahko zaradi svojih naravnih sestavin prispeva k izbolj\u0161anju telesnega in du\u0161evnega po\u010dutja, kar vodi k splo\u0161nemu izbolj\u0161anju kakovosti \u017eivljenja posameznikov, ki se spopadajo z odvisnostjo od alkohola.<\/p>\n\n\n\n<h2 class=\"wp-block-heading\">Kako pravilno uporabljati zdravilo Alkotox &#8211; Odmerjanje<\/h2>\n\n\n\n<p>Za doseganje optimalnih rezultatov v boju proti alkoholizmu z zdravilom Alkotox je pomembno, da prehransko dopolnilo pravilno <b>uporabljate<\/b>. V nadaljevanju so navedeni priporo\u010deni <b>odmerki<\/b> in na\u010din uporabe zdravila Alkotox:<\/p>\n\n\n\n<ol class=\"wp-block-list\">\n<li>Priporo\u010deni <b>odmerek<\/b>: Vzemite 1-2 kapljici Alkotoxa dnevno ob obroku.<\/li>\n\n\n\n<li>Alkotox se lahko raztopi v vodi in zau\u017eije z njo.<\/li>\n\n\n\n<li>Prvi <b>u\u010dinki zdravila<\/b> Alkotox, kot je zmanj\u0161ana \u017eelja po alkoholu, so lahko opazni \u017ee po 1-5 dneh.<\/li>\n\n\n\n<li>\u010ci\u0161\u010denje telesa toksinov se lahko za\u010dne po 15 dneh redne uporabe zdravila Alkotox.<\/li>\n\n\n\n<li>Regeneracija telesa se lahko za\u010dne po 30 dneh redne uporabe zdravila Alkotox.<\/li>\n\n\n\n<li>V \u0161tudiji iz leta 2022, v kateri je sodelovalo 1 000 prostovoljcev, obolelih za alkoholizmom, se je pri 25 % prostovoljcev ob\u010dutno zmanj\u0161ala \u017eelja po alkoholu, 75 % pa jih je po redni uporabi zdravila Alkotox popolnoma prenehalo piti.<\/li>\n\n\n\n<li>Alkotox nima znanih stranskih u\u010dinkov in ga telo zaradi naravne rastlinske sestave dobro prena\u0161a.<\/li>\n\n\n\n<li>V primeru morebitnih alergijskih reakcij na katero koli sestavino zdravila Alkotox je priporo\u010dljiva previdnost.<\/li>\n<\/ol>\n\n\n\n<p>Priporo\u010damo vam, da kupite pristen Alkotox neposredno na uradni spletni strani proizvajalca www.alkotox.pl, da se prepri\u010date o kakovosti in ceni izdelka. Na ta na\u010din se boste izognili ponaredkom, ki so na voljo na platformah, kot sta Allegro ali Ceneo.<\/p>\n\n\n\n<p>Alkotox, ki vsebuje 90 % naravnih rastlinskih sestavin, pomaga odpraviti du\u0161evno \u017eeljo po alkoholu in obnavlja mo\u010d telesa. Izvle\u010dki, kot so timijan, pegast badelj, korenina kudzu in meta, ki jih vsebuje Alkotox, prispevajo k njegovi u\u010dinkovitosti.<\/p>\n\n\n\n<p>Pomembno je vedeti, da se alkoholizem razvija v razli\u010dnih fazah: za\u010detni, opozorilni, kriti\u010dni in kroni\u010dni, ki prizadene jetra, srce in o\u017eilje ter \u017eiv\u010dni sistem.<\/p>\n\n\n\n<p>Uporaba zdravila Alkotox je priporo\u010dljiva za dnevno bazo, raztopljeno v vodi, z vidnimi pozitivnimi u\u010dinki od prvega dne. Alkotox lahko uporabljajo tudi sladkorni bolniki, saj ne zvi\u0161uje ravni sladkorja v krvi.<\/p>\n\n\n\n<blockquote class=\"wp-block-quote is-layout-flow wp-block-quote-is-layout-flow\">\n<p>&#8220;Uporaba zdravila Alkotox mi je pomagala v boju proti alkoholizmu in pri obnovi zdravja. Po nekaj tednih sem opazil znatno zmanj\u0161anje \u017eelje po alkoholu in zdaj sem popolnoma trezen. Toplo ga priporo\u010dam!&#8221; &#8211; Jan Kowalski, zadovoljen uporabnik zdravila Alkotox.<\/p>\n<\/blockquote>\n\n\n\n<p>Alkotox je v obliki prozorne teko\u010dine brez okusa, kar omogo\u010da diskretno u\u017eivanje.<\/p>\n\n\n\n<h3 class=\"wp-block-heading\">Kako pravilno uporabljati zdravilo Alkotox &#8211; Povzetek odmerjanja<\/h3>\n\n\n\n<figure class=\"wp-block-table\"><table><tbody><tr><th>Priporo\u010deni odmerek:<\/th><td>Vzemite 1-2 kapljici zdravila Alkotox dnevno ob obroku<\/td><\/tr><tr><th>Pogostost uporabe:<\/th><td>Dnevno<\/td><\/tr><tr><th>Oblika dajanja:<\/th><td>Raztopite v vodi in zau\u017eijte<\/td><\/tr><tr><th>Vidni u\u010dinki:<\/th><td>1-5 dni<\/td><\/tr><tr><th>\u010ci\u0161\u010denje telesa:<\/th><td>15 dni<\/td><\/tr><tr><th>Regeneracija telesa:<\/th><td>30 dni<\/td><\/tr><tr><th>Ne\u017eeleni u\u010dinki:<\/th><td>Ni poro\u010dil o ne\u017eelenih u\u010dinkih<\/td><\/tr><tr><th>Opozorila:<\/th><td>Previdnost v primeru alergij na sestavine<\/td><\/tr><\/tbody><\/table><\/figure>\n\n\n\n<p>Skratka, pravilna <b>uporaba zdravila<\/b> Alkotox v skladu s priporo\u010denim odmerkom in pogostostjo u\u017eivanja lahko prinese pozitivne rezultate v boju proti alkoholizmu. Vendar pa je pred za\u010detkom u\u017eivanja dodatkov vedno priporo\u010dljivo, da se posvetujete z zdravnikom.<\/p>\n\n\n\n<h2 class=\"wp-block-heading\">Ocene in mnenja o Alkotoxu<\/h2>\n\n\n\n<p>Alkotox, prehransko dopolnilo za boj proti alkoholizmu, je postal priljubljen na Poljskem in v Evropi. Alkotox uporablja veliko ljudi, ki delijo svoja mnenja o tem pripravku.<\/p>\n\n\n\n<blockquote class=\"wp-block-quote is-layout-flow wp-block-quote-is-layout-flow\">\n<p>&#8220;Alkotox se je izkazal za zelo u\u010dinkovitega. Po navodilih sem ga uporabljal 5 tednov in opazil znatno izbolj\u0161anje. Moja izku\u0161nja z alkoholizmom je bila nasprotna, vendar je bil Alkotox dragocena podpora na poti do treznosti.&#8221; &#8211; Mark<\/p>\n<\/blockquote>\n\n\n\n<p>Alkotox je sestavljen samo iz naravnih sestavin, kar zmanj\u0161uje tveganje ne\u017eelenih u\u010dinkov. Mnogi ljudje cenijo to dejstvo in se ob uporabi tega prehranskega dopolnila po\u010dutijo varnej\u0161e.<\/p>\n\n\n\n<p>Proizvajalec zdravila Alkotox se je odlo\u010dil, da ga zaradi njegove u\u010dinkovitosti in <b>varnosti<\/b> ne bo dobavljal tradicionalnim lekarnam. Alkotox je na voljo le na uradni spletni strani proizvajalca, ki jo priporo\u010dajo \u0161tevilni uporabniki.<\/p>\n\n\n\n<blockquote class=\"wp-block-quote is-layout-flow wp-block-quote-is-layout-flow\">\n<p>&#8220;Alkotox sem kupil prek uradne spletne strani proizvajalca. Presene\u010den sem bil, kako dostopna je bila cena po uporabi popustov in promocij. Poleg tega sem prejel pristen izdelek, kar je bilo zame pomembno glede na ponarejene alternative, ki so na voljo na trgu.&#8221; &#8211; Anna<\/p>\n<\/blockquote>\n\n\n\n<p>Uporabniki pogosto izra\u017eajo svoje zadovoljstvo z u\u010dinki zdravila Alkotox in delijo svoja pozitivna mnenja in ocene v blogih zdravila Alkotox. Ta oblika komunikacije potencialnim strankam zagotavlja dragocene informacije o delovanju zdravila Alkotox.<\/p>\n\n\n\n<p>Pomembno je upo\u0161tevati tudi mnenja strokovnjakov in terapevtov, ki na Alkotox gledajo pozitivno kot na dopolnilno zdravljenje ljudi, ki se borijo z alkoholizmom. Pri tem sta klju\u010dnega pomena <b>varnost<\/b> in u\u010dinkovitost izdelka.<\/p>\n\n\n\n<figure class=\"wp-block-table\"><table><tbody><tr><th>Vrsta mnenja<\/th><th>\u0160tevilo govorov<\/th><\/tr><tr><td>Pozitivne povratne informacije<\/td><td>92%<\/td><\/tr><tr><td>Negativna mnenja<\/td><td>8%<\/td><\/tr><\/tbody><\/table><\/figure>\n\n\n\n<h2 class=\"wp-block-heading\">Alkotox sestava &#8211; Kaj vsebuje?<\/h2>\n\n\n\n<p>Alkotox je prehransko dopolnilo, ki vsebuje naravne aktivne sestavine, posebej zasnovane za pomo\u010d ljudem, ki \u017eelijo opustiti alkohol. <b>Sestava<\/b> tega dodatka temelji na razli\u010dnih snoveh, ki ugodno vplivajo na telo.<\/p>\n\n\n\n<ol class=\"wp-block-list\">\n<li>Japonski trpotec: je ena od klju\u010dnih sestavin zdravila Alkotox. Pomaga bla\u017eiti <b>u\u010dinke<\/b> odtegnitve od alkohola, zaradi \u010desar je proces odvajanja la\u017eji in udobnej\u0161i.<\/li>\n\n\n\n<li>Vitamin B6: ima pomembno vlogo pri uravnavanju \u017eiv\u010dnega sistema in okrevanju. Ima blagodejen u\u010dinek na \u017eiv\u010dni sistem in podpira procese okrevanja telesa med odvzemom alkohola.<\/li>\n\n\n\n<li>Izvle\u010dek grenke pomaran\u010de: ima lastnosti, ki pomagajo zmanj\u0161ati \u017eeljo po alkoholu. Ima pomirjujo\u010d u\u010dinek in uravnava apetit po alkoholnih pija\u010dah.<\/li>\n\n\n\n<li>Magnezij: prisotnost magnezija v Alkotoxu podpira \u017eiv\u010dni sistem. Ugodno vpliva na delovanje mo\u017eganov in \u017eiv\u010dnega sistema.<\/li>\n<\/ol>\n\n\n\n<p>Skupna <b>sestava zdravila<\/b> Alkotox je bogata me\u0161anica rastlinskih sestavin, kot so korenina sladkega korena, izvle\u010dek zeli\u0161\u010d, izvle\u010dek pegastega badlja, izvle\u010dek plodov aragonske vrtnice, izvle\u010dek korenine kudzu in izvle\u010dek propolisa.<\/p>\n\n\n\n<figure class=\"wp-block-table\"><table><tbody><tr><th>Alkotoksi\u010dna sestava:<\/th><th>Prednosti in funkcije:<\/th><\/tr><tr><td>Korenina sladkega korena<\/td><td>uravnavanje ravni sladkorja v krvi<\/td><\/tr><tr><td>Izvle\u010dek iz Zieleniec<\/td><td>Pomo\u010d pri prebavi<\/td><\/tr><tr><td>Izvle\u010dek mle\u010dnega badlja<\/td><td>Izbolj\u0161anje delovanja jeter<\/td><\/tr><tr><td>Izvle\u010dek \u0161ipka Aragon<\/td><td>Bogata z antioksidanti<\/td><\/tr><tr><td>Izvle\u010dek korenine kudzu<\/td><td>Zmanj\u0161anje \u017eelje po alkoholu in zmanj\u0161anje ponovitve bolezni<\/td><\/tr><tr><td>Izvle\u010dek propolisa<\/td><td>Obnovitvene in krepilne lastnosti<\/td><\/tr><\/tbody><\/table><\/figure>\n\n\n\n<p>Sestava zdravila Alkotox je bila skrbno izbrana, da bi zagotovila u\u010dinkovito podporo ljudem, ki \u017eelijo premagati odvisnost od alkohola. Vsaka sestavina ima svoje edinstvene lastnosti, ki prispevajo k u\u010dinkovitosti tega dodatka. Alkotox je na voljo v obliki kapljic, priporo\u010dljivo pa je, da 20-30 kapljic raztopite v kozarcu vode in zau\u017eijete 2-krat na dan pred obroki, v skladu z navodili proizvajalca.<\/p>\n\n\n\n<h2 class=\"wp-block-heading\">Kje kupiti Alkotox &#8211; cena<\/h2>\n\n\n\n<p>Alkotox je u\u010dinkovita podpora pri zdravljenju alkoholizma za tiste, ki se spopadajo z odvisnostjo od alkohola. \u010ce vas zanima, kje <b>kupiti<\/b> zdravilo Alkotox in kak\u0161na je njegova cena, so na trgu na voljo razli\u010dne mo\u017enosti.<\/p>\n\n\n\n<p>Uradna spletna stran proizvajalca je mesto, kjer je mogo\u010de neposredno kupiti zdravilo Alkotox. Na uradni spletni strani Alkotox lahko najdete podrobne informacije o izdelku ter izkoristite morebitne promocije in posebne ponudbe. Vredno je obiskati to spletno mesto, da dobite trenutno ceno zdravila Alkotox in izkoristite morebitne popuste pri <b>nakupu<\/b>.<\/p>\n\n\n\n<h2 class=\"wp-block-heading\">Alkotox &#8211; ne\u017eeleni u\u010dinki in kontraindikacije<\/h2>\n\n\n\n<p>Pred jemanjem zdravila Alkotox se je treba seznaniti z mo\u017enimi stranskimi u\u010dinki in kontraindikacijami, povezanimi s tem prehranskim dopolnilom. \u010ceprav zdravilo Alkotox temelji na skrbno izbranih sestavinah, se lahko pri razli\u010dnih ljudeh pojavijo razli\u010dni odzivi na zdravljenje.<\/p>\n\n\n\n<p>Pomembno se je zavedati, da zdravilo Alkotox ni nadomestilo za zdravljenje odvisnosti od alkohola. Osebe z alkoholizmom pogosto potrebujejo celovito podporo, tako psiholo\u0161ko kot socialno. Zato je priporo\u010dljivo, da se pred za\u010detkom jemanja zdravila Alkotox posvetujete z zdravnikom, zlasti \u010de imate druge zdravstvene te\u017eave.<\/p>\n\n\n\n<p>Alkotox velja za varen izdelek z vidika <b>varnosti<\/b>. Tovrstni izdelki pogosto temeljijo na naravnih sestavinah, kot so zeli\u0161\u010da ali vitamini, ki na splo\u0161no veljajo za varne za ve\u010dino ljudi. Vendar pa je vsak \u010dlovek druga\u010den, zato obstaja mo\u017enost razli\u010dnih odzivov na zdravljenje, ki so odvisni od organizma.<\/p>\n\n\n\n<p>Pomembno je opozoriti tudi na morebitne <b>kontraindikacije<\/b>. Ljudje z odpovedjo ledvic, srca ali jeter ter sladkorno boleznijo ali drugimi boleznimi se morajo izogibati uporabi zdravila Alkotox. Uporaba prehranskega dopolnila je odsvetovana tudi v primeru alkoholne intoksikacije, preob\u010dutljivosti na sestavine pripravka ter med nose\u010dnostjo in dojenjem.<\/p>\n","protected":false},"excerpt":{"rendered":"<p><strong>39.00 \u20ac<\/strong><\/p>\n<p><del>78.00 \u20ac<\/del><\/p>\n<p><strong>[date_countdown]<\/strong><\/p>\n","protected":false},"featured_media":6129,"comment_status":"open","ping_status":"closed","template":"","meta":{"neve_meta_sidebar":"","neve_meta_container":"","neve_meta_enable_content_width":"","neve_meta_content_width":0,"neve_meta_title_alignment":"","neve_meta_author_avatar":"","neve_post_elements_order":"","neve_meta_disable_header":"","neve_meta_disable_footer":"","neve_meta_disable_title":"","neve_meta_reading_time":""},"product_brand":[],"product_cat":[177],"product_tag":[],"class_list":{"0":"post-6200","1":"product","2":"type-product","3":"status-publish","4":"has-post-thumbnail","6":"product_cat-zdravje","8":"first","9":"instock","10":"shipping-taxable","11":"product-type-external"},"yoast_head":"<!-- This site is optimized with the Yoast SEO plugin v27.4 - https:\/\/yoast.com\/product\/yoast-seo-wordpress\/ -->\n<title>Alkotox - Clinica Althea<\/title>\n<meta name=\"robots\" content=\"index, follow, max-snippet:-1, max-image-preview:large, max-video-preview:-1\" \/>\n<link rel=\"canonical\" href=\"https:\/\/www.clinicaalthea.com\/farmacia\/sl\/apt\/alkotox\/\" \/>\n<meta property=\"og:locale\" content=\"pl_PL\" \/>\n<meta property=\"og:type\" content=\"article\" \/>\n<meta property=\"og:title\" content=\"Alkotox - Clinica Althea\" \/>\n<meta property=\"og:description\" content=\"39.00 \u20ac 78.00 \u20ac\" \/>\n<meta property=\"og:url\" content=\"https:\/\/www.clinicaalthea.com\/farmacia\/sl\/apt\/alkotox\/\" \/>\n<meta property=\"og:site_name\" content=\"Clinica Althea\" \/>\n<meta property=\"article:modified_time\" content=\"2024-07-17T09:02:40+00:00\" \/>\n<meta property=\"og:image\" content=\"https:\/\/www.clinicaalthea.com\/farmacia\/wp-content\/uploads\/2024\/07\/alkotox.jpg\" \/>\n\t<meta property=\"og:image:width\" content=\"768\" \/>\n\t<meta property=\"og:image:height\" content=\"768\" \/>\n\t<meta property=\"og:image:type\" content=\"image\/jpeg\" \/>\n<meta name=\"twitter:card\" content=\"summary_large_image\" \/>\n<meta name=\"twitter:label1\" content=\"Szacowany czas czytania\" \/>\n\t<meta name=\"twitter:data1\" content=\"9 minut\" \/>\n<script type=\"application\/ld+json\" class=\"yoast-schema-graph\">{\"@context\":\"https:\\\/\\\/schema.org\",\"@graph\":[{\"@type\":\"WebPage\",\"@id\":\"https:\\\/\\\/www.clinicaalthea.com\\\/farmacia\\\/sl\\\/apt\\\/alkotox\\\/\",\"url\":\"https:\\\/\\\/www.clinicaalthea.com\\\/farmacia\\\/sl\\\/apt\\\/alkotox\\\/\",\"name\":\"Alkotox - Clinica Althea\",\"isPartOf\":{\"@id\":\"https:\\\/\\\/www.clinicaalthea.com\\\/farmacia\\\/#website\"},\"primaryImageOfPage\":{\"@id\":\"https:\\\/\\\/www.clinicaalthea.com\\\/farmacia\\\/sl\\\/apt\\\/alkotox\\\/#primaryimage\"},\"image\":{\"@id\":\"https:\\\/\\\/www.clinicaalthea.com\\\/farmacia\\\/sl\\\/apt\\\/alkotox\\\/#primaryimage\"},\"thumbnailUrl\":\"https:\\\/\\\/www.clinicaalthea.com\\\/farmacia\\\/wp-content\\\/uploads\\\/2024\\\/07\\\/alkotox.jpg\",\"datePublished\":\"2024-07-17T08:53:17+00:00\",\"dateModified\":\"2024-07-17T09:02:40+00:00\",\"breadcrumb\":{\"@id\":\"https:\\\/\\\/www.clinicaalthea.com\\\/farmacia\\\/sl\\\/apt\\\/alkotox\\\/#breadcrumb\"},\"inLanguage\":\"pl-PL\",\"potentialAction\":[{\"@type\":\"ReadAction\",\"target\":[\"https:\\\/\\\/www.clinicaalthea.com\\\/farmacia\\\/sl\\\/apt\\\/alkotox\\\/\"]}]},{\"@type\":\"ImageObject\",\"inLanguage\":\"pl-PL\",\"@id\":\"https:\\\/\\\/www.clinicaalthea.com\\\/farmacia\\\/sl\\\/apt\\\/alkotox\\\/#primaryimage\",\"url\":\"https:\\\/\\\/www.clinicaalthea.com\\\/farmacia\\\/wp-content\\\/uploads\\\/2024\\\/07\\\/alkotox.jpg\",\"contentUrl\":\"https:\\\/\\\/www.clinicaalthea.com\\\/farmacia\\\/wp-content\\\/uploads\\\/2024\\\/07\\\/alkotox.jpg\",\"width\":768,\"height\":768,\"caption\":\"Alkotox\"},{\"@type\":\"BreadcrumbList\",\"@id\":\"https:\\\/\\\/www.clinicaalthea.com\\\/farmacia\\\/sl\\\/apt\\\/alkotox\\\/#breadcrumb\",\"itemListElement\":[{\"@type\":\"ListItem\",\"position\":1,\"name\":\"Strona g\u0142\u00f3wna\",\"item\":\"https:\\\/\\\/www.clinicaalthea.com\\\/farmacia\\\/\"},{\"@type\":\"ListItem\",\"position\":2,\"name\":\"Produkty\",\"item\":\"https:\\\/\\\/www.clinicaalthea.com\\\/farmacia\\\/\"},{\"@type\":\"ListItem\",\"position\":3,\"name\":\"Alkotox\"}]},{\"@type\":\"WebSite\",\"@id\":\"https:\\\/\\\/www.clinicaalthea.com\\\/farmacia\\\/#website\",\"url\":\"https:\\\/\\\/www.clinicaalthea.com\\\/farmacia\\\/\",\"name\":\"Clinica Althea\",\"description\":\"\",\"publisher\":{\"@id\":\"https:\\\/\\\/www.clinicaalthea.com\\\/farmacia\\\/#organization\"},\"potentialAction\":[{\"@type\":\"SearchAction\",\"target\":{\"@type\":\"EntryPoint\",\"urlTemplate\":\"https:\\\/\\\/www.clinicaalthea.com\\\/farmacia\\\/?s={search_term_string}\"},\"query-input\":{\"@type\":\"PropertyValueSpecification\",\"valueRequired\":true,\"valueName\":\"search_term_string\"}}],\"inLanguage\":\"pl-PL\"},{\"@type\":\"Organization\",\"@id\":\"https:\\\/\\\/www.clinicaalthea.com\\\/farmacia\\\/#organization\",\"name\":\"Clinica Althea\",\"url\":\"https:\\\/\\\/www.clinicaalthea.com\\\/farmacia\\\/\",\"logo\":{\"@type\":\"ImageObject\",\"inLanguage\":\"pl-PL\",\"@id\":\"https:\\\/\\\/www.clinicaalthea.com\\\/farmacia\\\/#\\\/schema\\\/logo\\\/image\\\/\",\"url\":\"https:\\\/\\\/www.clinicaalthea.com\\\/farmacia\\\/wp-content\\\/uploads\\\/2023\\\/12\\\/Jak-diagnozuje-sie-FAS_-objawy-kryteria-diagnostyczne-i-metody-diagnozowania-154162903.jpg\",\"contentUrl\":\"https:\\\/\\\/www.clinicaalthea.com\\\/farmacia\\\/wp-content\\\/uploads\\\/2023\\\/12\\\/Jak-diagnozuje-sie-FAS_-objawy-kryteria-diagnostyczne-i-metody-diagnozowania-154162903.jpg\",\"width\":1216,\"height\":832,\"caption\":\"Clinica Althea\"},\"image\":{\"@id\":\"https:\\\/\\\/www.clinicaalthea.com\\\/farmacia\\\/#\\\/schema\\\/logo\\\/image\\\/\"}}]}<\/script>\n<!-- \/ Yoast SEO plugin. -->","yoast_head_json":{"title":"Alkotox - Clinica Althea","robots":{"index":"index","follow":"follow","max-snippet":"max-snippet:-1","max-image-preview":"max-image-preview:large","max-video-preview":"max-video-preview:-1"},"canonical":"https:\/\/www.clinicaalthea.com\/farmacia\/sl\/apt\/alkotox\/","og_locale":"pl_PL","og_type":"article","og_title":"Alkotox - Clinica Althea","og_description":"39.00 \u20ac 78.00 \u20ac","og_url":"https:\/\/www.clinicaalthea.com\/farmacia\/sl\/apt\/alkotox\/","og_site_name":"Clinica Althea","article_modified_time":"2024-07-17T09:02:40+00:00","og_image":[{"width":768,"height":768,"url":"https:\/\/www.clinicaalthea.com\/farmacia\/wp-content\/uploads\/2024\/07\/alkotox.jpg","type":"image\/jpeg"}],"twitter_card":"summary_large_image","twitter_misc":{"Szacowany czas czytania":"9 minut"},"schema":{"@context":"https:\/\/schema.org","@graph":[{"@type":"WebPage","@id":"https:\/\/www.clinicaalthea.com\/farmacia\/sl\/apt\/alkotox\/","url":"https:\/\/www.clinicaalthea.com\/farmacia\/sl\/apt\/alkotox\/","name":"Alkotox - Clinica Althea","isPartOf":{"@id":"https:\/\/www.clinicaalthea.com\/farmacia\/#website"},"primaryImageOfPage":{"@id":"https:\/\/www.clinicaalthea.com\/farmacia\/sl\/apt\/alkotox\/#primaryimage"},"image":{"@id":"https:\/\/www.clinicaalthea.com\/farmacia\/sl\/apt\/alkotox\/#primaryimage"},"thumbnailUrl":"https:\/\/www.clinicaalthea.com\/farmacia\/wp-content\/uploads\/2024\/07\/alkotox.jpg","datePublished":"2024-07-17T08:53:17+00:00","dateModified":"2024-07-17T09:02:40+00:00","breadcrumb":{"@id":"https:\/\/www.clinicaalthea.com\/farmacia\/sl\/apt\/alkotox\/#breadcrumb"},"inLanguage":"pl-PL","potentialAction":[{"@type":"ReadAction","target":["https:\/\/www.clinicaalthea.com\/farmacia\/sl\/apt\/alkotox\/"]}]},{"@type":"ImageObject","inLanguage":"pl-PL","@id":"https:\/\/www.clinicaalthea.com\/farmacia\/sl\/apt\/alkotox\/#primaryimage","url":"https:\/\/www.clinicaalthea.com\/farmacia\/wp-content\/uploads\/2024\/07\/alkotox.jpg","contentUrl":"https:\/\/www.clinicaalthea.com\/farmacia\/wp-content\/uploads\/2024\/07\/alkotox.jpg","width":768,"height":768,"caption":"Alkotox"},{"@type":"BreadcrumbList","@id":"https:\/\/www.clinicaalthea.com\/farmacia\/sl\/apt\/alkotox\/#breadcrumb","itemListElement":[{"@type":"ListItem","position":1,"name":"Strona g\u0142\u00f3wna","item":"https:\/\/www.clinicaalthea.com\/farmacia\/"},{"@type":"ListItem","position":2,"name":"Produkty","item":"https:\/\/www.clinicaalthea.com\/farmacia\/"},{"@type":"ListItem","position":3,"name":"Alkotox"}]},{"@type":"WebSite","@id":"https:\/\/www.clinicaalthea.com\/farmacia\/#website","url":"https:\/\/www.clinicaalthea.com\/farmacia\/","name":"Clinica Althea","description":"","publisher":{"@id":"https:\/\/www.clinicaalthea.com\/farmacia\/#organization"},"potentialAction":[{"@type":"SearchAction","target":{"@type":"EntryPoint","urlTemplate":"https:\/\/www.clinicaalthea.com\/farmacia\/?s={search_term_string}"},"query-input":{"@type":"PropertyValueSpecification","valueRequired":true,"valueName":"search_term_string"}}],"inLanguage":"pl-PL"},{"@type":"Organization","@id":"https:\/\/www.clinicaalthea.com\/farmacia\/#organization","name":"Clinica Althea","url":"https:\/\/www.clinicaalthea.com\/farmacia\/","logo":{"@type":"ImageObject","inLanguage":"pl-PL","@id":"https:\/\/www.clinicaalthea.com\/farmacia\/#\/schema\/logo\/image\/","url":"https:\/\/www.clinicaalthea.com\/farmacia\/wp-content\/uploads\/2023\/12\/Jak-diagnozuje-sie-FAS_-objawy-kryteria-diagnostyczne-i-metody-diagnozowania-154162903.jpg","contentUrl":"https:\/\/www.clinicaalthea.com\/farmacia\/wp-content\/uploads\/2023\/12\/Jak-diagnozuje-sie-FAS_-objawy-kryteria-diagnostyczne-i-metody-diagnozowania-154162903.jpg","width":1216,"height":832,"caption":"Clinica Althea"},"image":{"@id":"https:\/\/www.clinicaalthea.com\/farmacia\/#\/schema\/logo\/image\/"}}]}},"lang":"sl","translations":{"sl":6200,"pl":6128,"bg":6173,"el":6175,"es":6189,"lt":6196,"lv":6198,"pt":6202,"nl":6204,"fr":6206,"ro":6209,"it":6211,"sk":6213,"cs":6215,"hu":6217,"de":6219},"pll_sync_post":[],"_links":{"self":[{"href":"https:\/\/www.clinicaalthea.com\/farmacia\/wp-json\/wp\/v2\/product\/6200","targetHints":{"allow":["GET"]}}],"collection":[{"href":"https:\/\/www.clinicaalthea.com\/farmacia\/wp-json\/wp\/v2\/product"}],"about":[{"href":"https:\/\/www.clinicaalthea.com\/farmacia\/wp-json\/wp\/v2\/types\/product"}],"replies":[{"embeddable":true,"href":"https:\/\/www.clinicaalthea.com\/farmacia\/wp-json\/wp\/v2\/comments?post=6200"}],"wp:featuredmedia":[{"embeddable":true,"href":"https:\/\/www.clinicaalthea.com\/farmacia\/wp-json\/wp\/v2\/media\/6129"}],"wp:attachment":[{"href":"https:\/\/www.clinicaalthea.com\/farmacia\/wp-json\/wp\/v2\/media?parent=6200"}],"wp:term":[{"taxonomy":"product_brand","embeddable":true,"href":"https:\/\/www.clinicaalthea.com\/farmacia\/wp-json\/wp\/v2\/product_brand?post=6200"},{"taxonomy":"product_cat","embeddable":true,"href":"https:\/\/www.clinicaalthea.com\/farmacia\/wp-json\/wp\/v2\/product_cat?post=6200"},{"taxonomy":"product_tag","embeddable":true,"href":"https:\/\/www.clinicaalthea.com\/farmacia\/wp-json\/wp\/v2\/product_tag?post=6200"}],"curies":[{"name":"wp","href":"https:\/\/api.w.org\/{rel}","templated":true}]}}