{"id":6109,"date":"2024-07-17T09:07:43","date_gmt":"2024-07-17T08:07:43","guid":{"rendered":"https:\/\/mayoguide.org\/produkty\/?post_type=product&#038;p=6109"},"modified":"2024-07-17T09:08:23","modified_gmt":"2024-07-17T08:08:23","slug":"alfazone","status":"publish","type":"product","link":"https:\/\/www.clinicaalthea.com\/farmacia\/fr\/apt\/alfazone\/","title":{"rendered":"Alfazone"},"content":{"rendered":"\n<h2 class=\"wp-block-heading\">Qu&#8217;est-ce que l&#8217;Alfazone et comment fonctionne-t-il ?<\/h2>\n\n\n\n<p>Alfazone est un <b>compl\u00e9ment alimentaire<\/b> con\u00e7u sp\u00e9cifiquement pour les hommes, dont l&#8217;objectif principal est de <b>renforcer la puissance<\/b> et d&#8217;<b>am\u00e9liorer la libido<\/b>. Il contient des <b>ingr\u00e9dients naturels<\/b> qui soutiennent une physiologie et des processus sexuels sains.<\/p>\n\n\n\n<p>Le compl\u00e9ment Alfazone agit en utilisant des ingr\u00e9dients soigneusement s\u00e9lectionn\u00e9s qui stimulent la circulation sanguine dans le corps. Par cons\u00e9quent, il a un effet positif sur la performance sexuelle et am\u00e9liore la fonction sexuelle chez les hommes.<\/p>\n\n\n\n<p>Le m\u00e9canisme d&#8217;action de l&#8217;Alfazone se concentre sur la stimulation sanguine, ce qui rend les processus sexuels plus efficaces. En utilisant r\u00e9guli\u00e8rement ce compl\u00e9ment, les hommes peuvent constater une augmentation de leur libido et une am\u00e9lioration de la qualit\u00e9 de leur vie sexuelle.<\/p>\n\n\n\n<h2 class=\"wp-block-heading\">Avantages d&#8217;Alfazone &#8211; Effets<\/h2>\n\n\n\n<p>L&#8217;utilisation du compl\u00e9ment alimentaire Alfazone peut apporter de nombreux avantages et effets positifs pour les hommes. Les principaux avantages associ\u00e9s \u00e0 son utilisation sont l&#8217;<b>am\u00e9lioration de la puissance<\/b> et l&#8217;<b>augmentation de la libido<\/b>. L&#8217;utilisation r\u00e9guli\u00e8re d&#8217;Alfazone peut conduire \u00e0 des \u00e9rections plus intenses et plus longues, ce qui se traduit par une plus grande satisfaction sexuelle.<\/p>\n\n\n\n<p>L&#8217;<b>am\u00e9lioration de la qualit\u00e9 de la vie sexuelle<\/b> est l&#8217;un des principaux effets de la prise d&#8217;Alfazone. Le compl\u00e9ment favorise une physiologie saine et peut avoir un effet positif sur l&#8217;\u00e9tat g\u00e9n\u00e9ral de l&#8217;organisme, contribuant ainsi \u00e0 l&#8217;am\u00e9lioration du bien-\u00eatre sexuel.<\/p>\n\n\n\n<p>L&#8217;<b>augmentation de la libido<\/b> et l&#8217;<b>am\u00e9lioration de la puissance<\/b> sont des effets souhait\u00e9s par de nombreux hommes qui peuvent avoir un impact positif sur leur vie sexuelle. Alfazone, avec ses ingr\u00e9dients sp\u00e9cialement s\u00e9lectionn\u00e9s, peut apporter un soutien efficace \u00e0 la physiologie masculine.<\/p>\n\n\n\n<figure class=\"wp-block-table\"><table><tbody><tr><th>Avantages de l&#8217;utilisation d&#8217;Alfazone :<\/th><\/tr><tr><td><em>Am\u00e9lioration de la puissance<\/em> &#8211; L&#8217;utilisation d&#8217;Alfazone peut avoir pour effet d&#8217;<b>am\u00e9liorer la puissance<\/b> masculine.<\/td><\/tr><tr><td><em>Augmentation de la lib<\/em> ido &#8211; L&#8217;utilisation r\u00e9guli\u00e8re du compl\u00e9ment peut aider \u00e0 augmenter les niveaux de libido.<\/td><\/tr><tr><td>Des <em>\u00e9rections plus intenses et plus longues<\/em> &#8211; Le compl\u00e9ment favorise l&#8217;obtention d&#8217;\u00e9rections plus intenses et plus longues.<\/td><\/tr><tr><td><em>Augmentation de la satisfaction<\/em> sexuelle &#8211; <b>Les effets de l&#8217;Alfazone<\/b> peuvent contribuer \u00e0 une augmentation de la satisfaction sexuelle.<\/td><\/tr><tr><td><em>Am\u00e9lioration de la vie sexuelle<\/em> &#8211; L&#8217;utilisation r\u00e9guli\u00e8re du compl\u00e9ment peut avoir des <b>effets<\/b> b\u00e9n\u00e9fiques sur le bien-\u00eatre sexuel g\u00e9n\u00e9ral.<\/td><\/tr><\/tbody><\/table><\/figure>\n\n\n\n<h2 class=\"wp-block-heading\">Comment utiliser Alfazone ? &#8211; Dosage<\/h2>\n\n\n\n<p><b>La posologie d&#8217;<\/b> Alfazone est tr\u00e8s simple. Il est recommand\u00e9 de prendre <em>1 g\u00e9lule 2 fois par jour<\/em>, de pr\u00e9f\u00e9rence avant les repas. La dur\u00e9e minimale d&#8217;utilisation recommand\u00e9e est de <em>2 semaines<\/em>. Il est important de suivre les recommandations du fabricant et de <em>ne pas d\u00e9passer la dose recommand\u00e9e<\/em>. Il est toujours conseill\u00e9 de consulter un m\u00e9decin avant de commencer un traitement, surtout s&#8217;il y a des <em>contre-indications<\/em> ou des doutes sur la <em>s\u00e9curit\u00e9 du suppl\u00e9ment<\/em>.<\/p>\n\n\n\n<figure class=\"wp-block-table\"><table><tbody><tr><th>Instructions de dosage<\/th><th>Description<\/th><\/tr><tr><td><em>1 g\u00e9lule 2 fois par jour<\/em><\/td><td>Prendre une g\u00e9lule deux fois par jour avant les repas.<\/td><\/tr><tr><td><em>Dur\u00e9e minimale de la demande : 2 semaines<\/em><\/td><td>Le compl\u00e9ment doit \u00eatre utilis\u00e9 pendant au moins 2 semaines pour obtenir les <b>r\u00e9sultats<\/b> souhait\u00e9s.<\/td><\/tr><tr><td><em>Suivre les recommandations du fabricant<\/em><\/td><td>Il est important de lire attentivement les instructions et de suivre les recommandations du fabricant.<\/td><\/tr><tr><td><em>Ne pas d\u00e9passer la dose recommand\u00e9e<\/em><\/td><td>Il est important de ne pas d\u00e9passer la dose recommand\u00e9e afin d&#8217;\u00e9viter d&#8217;\u00e9ventuels effets secondaires.<\/td><\/tr><tr><td><em>Consultation d&#8217;un m\u00e9decin<\/em><\/td><td>Il est toujours bon de consulter son m\u00e9decin avant de commencer un traitement, surtout s&#8217;il y a des contre-indications ou des inqui\u00e9tudes quant \u00e0 la s\u00e9curit\u00e9 du suppl\u00e9ment.<\/td><\/tr><\/tbody><\/table><\/figure>\n\n\n\n<h2 class=\"wp-block-heading\">Critiques et opinions sur Alfazone<\/h2>\n\n\n\n<p>Les <b>avis des utilisateurs d&#8217;<\/b> Alfazone sont vari\u00e9s. Nombre d&#8217;entre eux font \u00e9tat d&#8217;<b>effets<\/b> positifs et recommandent ce compl\u00e9ment comme un soutien efficace \u00e0 la physiologie masculine. Toutefois, il convient de garder \u00e0 l&#8217;esprit que les effets peuvent varier en fonction de l&#8217;organisme et des conditions individuelles. Il est conseill\u00e9 de lire plusieurs avis et critiques avant de prendre une d\u00e9cision d&#8217;achat afin de se faire une id\u00e9e plus compl\u00e8te du produit.<\/p>\n\n\n\n<blockquote class=\"wp-block-quote is-layout-flow wp-block-quote-is-layout-flow\">\n<p>&#8220;Alfazone est un compl\u00e9ment sensationnel qui a d\u00e9finitivement am\u00e9lior\u00e9 mon humeur et mes performances sexuelles. Depuis que je l&#8217;utilise, j&#8217;ai plus d&#8217;\u00e9nergie et des \u00e9rections plus intenses. Je le recommande sinc\u00e8rement !&#8221; &#8211; Karol Kowalski<\/p>\n<\/blockquote>\n\n\n\n<p>Les <b>avis des utilisateurs<\/b> sont importants, mais il ne faut pas oublier que chaque corps est diff\u00e9rent. <b>Les effets de l&#8217;utilisation d&#8217;<\/b> Alfazone peuvent varier d&#8217;une personne \u00e0 l&#8217;autre. Il vaut donc la peine de lire les diff\u00e9rents avis pour se faire une id\u00e9e plus compl\u00e8te et d\u00e9terminer si le compl\u00e9ment convient \u00e0 notre physiologie individuelle.<\/p>\n\n\n\n<h2 class=\"wp-block-heading\">Alfazone &#8211; Composition &#8211; Que contient le produit ?<\/h2>\n\n\n\n<p>La <b>composition d&#8217;<\/b> Alfazone est bas\u00e9e sur des ingr\u00e9dients naturels qui ont un effet positif sur la physiologie masculine. Le compl\u00e9ment contient des <b>substances actives<\/b> telles que l&#8217;extrait de th\u00e9 Damian, le <b>ginseng<\/b> et le <b>zinc<\/b>. Chacun de ces ingr\u00e9dients a une action unique et soutient la fonction sexuelle.<\/p>\n\n\n\n<p>Les experts en compl\u00e9ments alimentaires soulignent que le <b>th\u00e9 Damiana<\/b> est connu pour son effet libidineux, qui a un impact positif sur la sph\u00e8re sexuelle des hommes. Le <b>ginseng<\/b>, quant \u00e0 lui, a un effet tonifiant et fortifiant, soutenant les performances physiques de l&#8217;organisme. Le <b>zinc<\/b>, pr\u00e9sent dans la composition d&#8217;Alfazone, est essentiel au bon fonctionnement de l&#8217;organisme, y compris \u00e0 l&#8217;am\u00e9lioration de la vie sexuelle.<\/p>\n\n\n\n<p>Tous les ingr\u00e9dients d&#8217;Alfazone sont soigneusement s\u00e9lectionn\u00e9s et fournissent des ingr\u00e9dients actifs concentr\u00e9s qui peuvent soutenir efficacement la fonction sexuelle masculine. Ce compl\u00e9ment apporte un soutien aux hommes de tous \u00e2ges et peut avoir un effet positif sur l&#8217;am\u00e9lioration de la puissance et l&#8217;augmentation de la satisfaction sexuelle.<\/p>\n\n\n\n<h2 class=\"wp-block-heading\">Alfazone price &#8211; O\u00f9 acheter ?<\/h2>\n\n\n\n<p>Le <b>prix du compl\u00e9ment Alfazone<\/b> peut varier en fonction du lieu d&#8217;achat. Cependant, il est toujours important de choisir des sources autoris\u00e9es et des magasins de confiance pour \u00eatre s\u00fbr de l&#8217;authenticit\u00e9 du produit.<\/p>\n\n\n\n<p>Le moyen le plus s\u00fbr et le plus s\u00e9curis\u00e9 d&#8217;acheter le compl\u00e9ment naturel Alfazone est de le faire sur le site officiel du fabricant. Sur le site du fabricant, vous trouverez des informations fiables sur le produit et la possibilit\u00e9 de l&#8217;acheter en toute s\u00e9curit\u00e9. Cependant, vous devez vous m\u00e9fier des faux sites web qui tentent de vendre des produits contrefaits. Par cons\u00e9quent, v\u00e9rifiez toujours soigneusement l&#8217;adresse du site web du fabricant avant d&#8217;effectuer un achat.<\/p>\n\n\n\n<h2 class=\"wp-block-heading\">Effets secondaires potentiels et contre-indications de l&#8217;alfazone<\/h2>\n\n\n\n<p>Avant de prendre le compl\u00e9ment alimentaire Alfazone, lisez toujours les contre-indications et proc\u00e9dez \u00e0 une \u00e9valuation \u00e9clair\u00e9e de votre \u00e9tat de sant\u00e9. Plusieurs facteurs peuvent constituer des <b>contre-indications<\/b> \u00e0 l&#8217;utilisation de ce produit. Alfazone doit \u00eatre \u00e9vit\u00e9 si vous \u00eates allergique \u00e0 l&#8217;un des composants du compl\u00e9ment. Si vous souffrez d&#8217;une maladie chronique ou si vous prenez des m\u00e9dicaments, il est toujours conseill\u00e9 de consulter votre m\u00e9decin avant de commencer le traitement.<\/p>\n\n\n\n<p>Bien que les effets secondaires de l&#8217;Alfazone soient rares, certaines personnes peuvent occasionnellement ressentir des effets ind\u00e9sirables. Il peut s&#8217;agir de naus\u00e9es, de maux de t\u00eate, de r\u00e9actions allergiques ou d&#8217;autres sympt\u00f4mes. Si vous ressentez des sympt\u00f4mes p\u00e9nibles pendant la prise du compl\u00e9ment, il est recommand\u00e9 d&#8217;interrompre le traitement et de consulter votre m\u00e9decin.<\/p>\n\n\n\n<p>La <b>s\u00e9curit\u00e9<\/b> et l&#8217;utilisation correcte du compl\u00e9ment Alfazone sont essentielles pour obtenir des r\u00e9sultats positifs.<br>Il est extr\u00eamement important de suivre les recommandations du fabricant, de respecter le <b>dosage<\/b> et d&#8217;adopter une approche consciente de sa sant\u00e9. Si les pr\u00e9cautions appropri\u00e9es sont prises et que les <b>contre-indications<\/b> potentielles sont identifi\u00e9es, l&#8217;utilisation du compl\u00e9ment Alfazone peut \u00eatre s\u00fbre et efficace pour am\u00e9liorer la fonction sexuelle masculine.<\/p>\n","protected":false},"excerpt":{"rendered":"<p><strong>49.00 \u20ac<\/strong><\/p>\n<p><del>98.00 \u20ac<\/del><\/p>\n<p><strong>[date_countdown]<\/strong><\/p>\n","protected":false},"featured_media":6067,"comment_status":"open","ping_status":"closed","template":"","meta":{"neve_meta_sidebar":"","neve_meta_container":"","neve_meta_enable_content_width":"","neve_meta_content_width":0,"neve_meta_title_alignment":"","neve_meta_author_avatar":"","neve_post_elements_order":"","neve_meta_disable_header":"","neve_meta_disable_footer":"","neve_meta_disable_title":"","neve_meta_reading_time":""},"product_brand":[],"product_cat":[272],"product_tag":[],"class_list":{"0":"post-6109","1":"product","2":"type-product","3":"status-publish","4":"has-post-thumbnail","6":"product_cat-sante-sexuelle","8":"first","9":"instock","10":"shipping-taxable","11":"product-type-external"},"yoast_head":"<!-- This site is optimized with the Yoast SEO plugin v27.4 - https:\/\/yoast.com\/product\/yoast-seo-wordpress\/ -->\n<title>Alfazone - Clinica Althea<\/title>\n<meta name=\"robots\" content=\"index, follow, max-snippet:-1, max-image-preview:large, max-video-preview:-1\" \/>\n<link rel=\"canonical\" href=\"https:\/\/www.clinicaalthea.com\/farmacia\/fr\/apt\/alfazone\/\" \/>\n<meta property=\"og:locale\" content=\"pl_PL\" \/>\n<meta property=\"og:type\" content=\"article\" \/>\n<meta property=\"og:title\" content=\"Alfazone - Clinica Althea\" \/>\n<meta property=\"og:description\" content=\"49.00 \u20ac 98.00 \u20ac\" \/>\n<meta property=\"og:url\" content=\"https:\/\/www.clinicaalthea.com\/farmacia\/fr\/apt\/alfazone\/\" \/>\n<meta property=\"og:site_name\" content=\"Clinica Althea\" \/>\n<meta property=\"article:modified_time\" content=\"2024-07-17T08:08:23+00:00\" \/>\n<meta property=\"og:image\" content=\"https:\/\/www.clinicaalthea.com\/farmacia\/wp-content\/uploads\/2024\/07\/ALFAZONE.jpg\" \/>\n\t<meta property=\"og:image:width\" content=\"768\" \/>\n\t<meta property=\"og:image:height\" content=\"768\" \/>\n\t<meta property=\"og:image:type\" content=\"image\/jpeg\" \/>\n<meta name=\"twitter:card\" content=\"summary_large_image\" \/>\n<meta name=\"twitter:label1\" content=\"Szacowany czas czytania\" \/>\n\t<meta name=\"twitter:data1\" content=\"8 minut\" \/>\n<script type=\"application\/ld+json\" class=\"yoast-schema-graph\">{\"@context\":\"https:\\\/\\\/schema.org\",\"@graph\":[{\"@type\":\"WebPage\",\"@id\":\"https:\\\/\\\/www.clinicaalthea.com\\\/farmacia\\\/fr\\\/apt\\\/alfazone\\\/\",\"url\":\"https:\\\/\\\/www.clinicaalthea.com\\\/farmacia\\\/fr\\\/apt\\\/alfazone\\\/\",\"name\":\"Alfazone - Clinica Althea\",\"isPartOf\":{\"@id\":\"https:\\\/\\\/www.clinicaalthea.com\\\/farmacia\\\/#website\"},\"primaryImageOfPage\":{\"@id\":\"https:\\\/\\\/www.clinicaalthea.com\\\/farmacia\\\/fr\\\/apt\\\/alfazone\\\/#primaryimage\"},\"image\":{\"@id\":\"https:\\\/\\\/www.clinicaalthea.com\\\/farmacia\\\/fr\\\/apt\\\/alfazone\\\/#primaryimage\"},\"thumbnailUrl\":\"https:\\\/\\\/www.clinicaalthea.com\\\/farmacia\\\/wp-content\\\/uploads\\\/2024\\\/07\\\/ALFAZONE.jpg\",\"datePublished\":\"2024-07-17T08:07:43+00:00\",\"dateModified\":\"2024-07-17T08:08:23+00:00\",\"breadcrumb\":{\"@id\":\"https:\\\/\\\/www.clinicaalthea.com\\\/farmacia\\\/fr\\\/apt\\\/alfazone\\\/#breadcrumb\"},\"inLanguage\":\"pl-PL\",\"potentialAction\":[{\"@type\":\"ReadAction\",\"target\":[\"https:\\\/\\\/www.clinicaalthea.com\\\/farmacia\\\/fr\\\/apt\\\/alfazone\\\/\"]}]},{\"@type\":\"ImageObject\",\"inLanguage\":\"pl-PL\",\"@id\":\"https:\\\/\\\/www.clinicaalthea.com\\\/farmacia\\\/fr\\\/apt\\\/alfazone\\\/#primaryimage\",\"url\":\"https:\\\/\\\/www.clinicaalthea.com\\\/farmacia\\\/wp-content\\\/uploads\\\/2024\\\/07\\\/ALFAZONE.jpg\",\"contentUrl\":\"https:\\\/\\\/www.clinicaalthea.com\\\/farmacia\\\/wp-content\\\/uploads\\\/2024\\\/07\\\/ALFAZONE.jpg\",\"width\":768,\"height\":768,\"caption\":\"Alfazone\"},{\"@type\":\"BreadcrumbList\",\"@id\":\"https:\\\/\\\/www.clinicaalthea.com\\\/farmacia\\\/fr\\\/apt\\\/alfazone\\\/#breadcrumb\",\"itemListElement\":[{\"@type\":\"ListItem\",\"position\":1,\"name\":\"Strona g\u0142\u00f3wna\",\"item\":\"https:\\\/\\\/www.clinicaalthea.com\\\/farmacia\\\/\"},{\"@type\":\"ListItem\",\"position\":2,\"name\":\"Produkty\",\"item\":\"https:\\\/\\\/www.clinicaalthea.com\\\/farmacia\\\/\"},{\"@type\":\"ListItem\",\"position\":3,\"name\":\"Alfazone\"}]},{\"@type\":\"WebSite\",\"@id\":\"https:\\\/\\\/www.clinicaalthea.com\\\/farmacia\\\/#website\",\"url\":\"https:\\\/\\\/www.clinicaalthea.com\\\/farmacia\\\/\",\"name\":\"Clinica Althea\",\"description\":\"\",\"publisher\":{\"@id\":\"https:\\\/\\\/www.clinicaalthea.com\\\/farmacia\\\/#organization\"},\"potentialAction\":[{\"@type\":\"SearchAction\",\"target\":{\"@type\":\"EntryPoint\",\"urlTemplate\":\"https:\\\/\\\/www.clinicaalthea.com\\\/farmacia\\\/?s={search_term_string}\"},\"query-input\":{\"@type\":\"PropertyValueSpecification\",\"valueRequired\":true,\"valueName\":\"search_term_string\"}}],\"inLanguage\":\"pl-PL\"},{\"@type\":\"Organization\",\"@id\":\"https:\\\/\\\/www.clinicaalthea.com\\\/farmacia\\\/#organization\",\"name\":\"Clinica Althea\",\"url\":\"https:\\\/\\\/www.clinicaalthea.com\\\/farmacia\\\/\",\"logo\":{\"@type\":\"ImageObject\",\"inLanguage\":\"pl-PL\",\"@id\":\"https:\\\/\\\/www.clinicaalthea.com\\\/farmacia\\\/#\\\/schema\\\/logo\\\/image\\\/\",\"url\":\"https:\\\/\\\/www.clinicaalthea.com\\\/farmacia\\\/wp-content\\\/uploads\\\/2023\\\/12\\\/Jak-diagnozuje-sie-FAS_-objawy-kryteria-diagnostyczne-i-metody-diagnozowania-154162903.jpg\",\"contentUrl\":\"https:\\\/\\\/www.clinicaalthea.com\\\/farmacia\\\/wp-content\\\/uploads\\\/2023\\\/12\\\/Jak-diagnozuje-sie-FAS_-objawy-kryteria-diagnostyczne-i-metody-diagnozowania-154162903.jpg\",\"width\":1216,\"height\":832,\"caption\":\"Clinica Althea\"},\"image\":{\"@id\":\"https:\\\/\\\/www.clinicaalthea.com\\\/farmacia\\\/#\\\/schema\\\/logo\\\/image\\\/\"}}]}<\/script>\n<!-- \/ Yoast SEO plugin. -->","yoast_head_json":{"title":"Alfazone - Clinica Althea","robots":{"index":"index","follow":"follow","max-snippet":"max-snippet:-1","max-image-preview":"max-image-preview:large","max-video-preview":"max-video-preview:-1"},"canonical":"https:\/\/www.clinicaalthea.com\/farmacia\/fr\/apt\/alfazone\/","og_locale":"pl_PL","og_type":"article","og_title":"Alfazone - Clinica Althea","og_description":"49.00 \u20ac 98.00 \u20ac","og_url":"https:\/\/www.clinicaalthea.com\/farmacia\/fr\/apt\/alfazone\/","og_site_name":"Clinica Althea","article_modified_time":"2024-07-17T08:08:23+00:00","og_image":[{"width":768,"height":768,"url":"https:\/\/www.clinicaalthea.com\/farmacia\/wp-content\/uploads\/2024\/07\/ALFAZONE.jpg","type":"image\/jpeg"}],"twitter_card":"summary_large_image","twitter_misc":{"Szacowany czas czytania":"8 minut"},"schema":{"@context":"https:\/\/schema.org","@graph":[{"@type":"WebPage","@id":"https:\/\/www.clinicaalthea.com\/farmacia\/fr\/apt\/alfazone\/","url":"https:\/\/www.clinicaalthea.com\/farmacia\/fr\/apt\/alfazone\/","name":"Alfazone - Clinica Althea","isPartOf":{"@id":"https:\/\/www.clinicaalthea.com\/farmacia\/#website"},"primaryImageOfPage":{"@id":"https:\/\/www.clinicaalthea.com\/farmacia\/fr\/apt\/alfazone\/#primaryimage"},"image":{"@id":"https:\/\/www.clinicaalthea.com\/farmacia\/fr\/apt\/alfazone\/#primaryimage"},"thumbnailUrl":"https:\/\/www.clinicaalthea.com\/farmacia\/wp-content\/uploads\/2024\/07\/ALFAZONE.jpg","datePublished":"2024-07-17T08:07:43+00:00","dateModified":"2024-07-17T08:08:23+00:00","breadcrumb":{"@id":"https:\/\/www.clinicaalthea.com\/farmacia\/fr\/apt\/alfazone\/#breadcrumb"},"inLanguage":"pl-PL","potentialAction":[{"@type":"ReadAction","target":["https:\/\/www.clinicaalthea.com\/farmacia\/fr\/apt\/alfazone\/"]}]},{"@type":"ImageObject","inLanguage":"pl-PL","@id":"https:\/\/www.clinicaalthea.com\/farmacia\/fr\/apt\/alfazone\/#primaryimage","url":"https:\/\/www.clinicaalthea.com\/farmacia\/wp-content\/uploads\/2024\/07\/ALFAZONE.jpg","contentUrl":"https:\/\/www.clinicaalthea.com\/farmacia\/wp-content\/uploads\/2024\/07\/ALFAZONE.jpg","width":768,"height":768,"caption":"Alfazone"},{"@type":"BreadcrumbList","@id":"https:\/\/www.clinicaalthea.com\/farmacia\/fr\/apt\/alfazone\/#breadcrumb","itemListElement":[{"@type":"ListItem","position":1,"name":"Strona g\u0142\u00f3wna","item":"https:\/\/www.clinicaalthea.com\/farmacia\/"},{"@type":"ListItem","position":2,"name":"Produkty","item":"https:\/\/www.clinicaalthea.com\/farmacia\/"},{"@type":"ListItem","position":3,"name":"Alfazone"}]},{"@type":"WebSite","@id":"https:\/\/www.clinicaalthea.com\/farmacia\/#website","url":"https:\/\/www.clinicaalthea.com\/farmacia\/","name":"Clinica Althea","description":"","publisher":{"@id":"https:\/\/www.clinicaalthea.com\/farmacia\/#organization"},"potentialAction":[{"@type":"SearchAction","target":{"@type":"EntryPoint","urlTemplate":"https:\/\/www.clinicaalthea.com\/farmacia\/?s={search_term_string}"},"query-input":{"@type":"PropertyValueSpecification","valueRequired":true,"valueName":"search_term_string"}}],"inLanguage":"pl-PL"},{"@type":"Organization","@id":"https:\/\/www.clinicaalthea.com\/farmacia\/#organization","name":"Clinica Althea","url":"https:\/\/www.clinicaalthea.com\/farmacia\/","logo":{"@type":"ImageObject","inLanguage":"pl-PL","@id":"https:\/\/www.clinicaalthea.com\/farmacia\/#\/schema\/logo\/image\/","url":"https:\/\/www.clinicaalthea.com\/farmacia\/wp-content\/uploads\/2023\/12\/Jak-diagnozuje-sie-FAS_-objawy-kryteria-diagnostyczne-i-metody-diagnozowania-154162903.jpg","contentUrl":"https:\/\/www.clinicaalthea.com\/farmacia\/wp-content\/uploads\/2023\/12\/Jak-diagnozuje-sie-FAS_-objawy-kryteria-diagnostyczne-i-metody-diagnozowania-154162903.jpg","width":1216,"height":832,"caption":"Clinica Althea"},"image":{"@id":"https:\/\/www.clinicaalthea.com\/farmacia\/#\/schema\/logo\/image\/"}}]}},"lang":"fr","translations":{"fr":6109,"pl":6066,"hu":6088,"ro":6090,"cs":6095,"sk":6101,"de":6103,"es":6105,"it":6107,"nl":6111},"pll_sync_post":[],"_links":{"self":[{"href":"https:\/\/www.clinicaalthea.com\/farmacia\/wp-json\/wp\/v2\/product\/6109","targetHints":{"allow":["GET"]}}],"collection":[{"href":"https:\/\/www.clinicaalthea.com\/farmacia\/wp-json\/wp\/v2\/product"}],"about":[{"href":"https:\/\/www.clinicaalthea.com\/farmacia\/wp-json\/wp\/v2\/types\/product"}],"replies":[{"embeddable":true,"href":"https:\/\/www.clinicaalthea.com\/farmacia\/wp-json\/wp\/v2\/comments?post=6109"}],"wp:featuredmedia":[{"embeddable":true,"href":"https:\/\/www.clinicaalthea.com\/farmacia\/wp-json\/wp\/v2\/media\/6067"}],"wp:attachment":[{"href":"https:\/\/www.clinicaalthea.com\/farmacia\/wp-json\/wp\/v2\/media?parent=6109"}],"wp:term":[{"taxonomy":"product_brand","embeddable":true,"href":"https:\/\/www.clinicaalthea.com\/farmacia\/wp-json\/wp\/v2\/product_brand?post=6109"},{"taxonomy":"product_cat","embeddable":true,"href":"https:\/\/www.clinicaalthea.com\/farmacia\/wp-json\/wp\/v2\/product_cat?post=6109"},{"taxonomy":"product_tag","embeddable":true,"href":"https:\/\/www.clinicaalthea.com\/farmacia\/wp-json\/wp\/v2\/product_tag?post=6109"}],"curies":[{"name":"wp","href":"https:\/\/api.w.org\/{rel}","templated":true}]}}