{"id":6107,"date":"2024-07-17T09:07:03","date_gmt":"2024-07-17T08:07:03","guid":{"rendered":"https:\/\/mayoguide.org\/produkty\/?post_type=product&#038;p=6107"},"modified":"2024-07-17T09:08:23","modified_gmt":"2024-07-17T08:08:23","slug":"alfazone","status":"publish","type":"product","link":"https:\/\/www.clinicaalthea.com\/farmacia\/it\/apt\/alfazone\/","title":{"rendered":"Alfazone"},"content":{"rendered":"\n<h2 class=\"wp-block-heading\">Che cos&#8217;\u00e8 Alfazone e come funziona?<\/h2>\n\n\n\n<p>Alfazone \u00e8 un <b>integratore alimentare<\/b> studiato appositamente per gli uomini con l&#8217;obiettivo principale di <b>aumentare la potenza<\/b> e <b>migliorare la libido<\/b>. Contiene <b>ingredienti naturali<\/b> che favoriscono la salute della fisiologia e dei processi sessuali.<\/p>\n\n\n\n<p>L&#8217;integratore Alfazone funziona grazie a ingredienti accuratamente selezionati che stimolano la circolazione sanguigna nel corpo. Di conseguenza, ha un effetto positivo sulle prestazioni sessuali e migliora la funzione sessuale negli uomini.<\/p>\n\n\n\n<p>Il meccanismo d&#8217;azione di Alfazone si concentra sulla stimolazione del sangue, rendendo pi\u00f9 efficaci i processi sessuali. Con l&#8217;uso regolare dell&#8217;integratore, gli uomini possono notare un aumento della libido e un miglioramento della qualit\u00e0 della loro vita sessuale.<\/p>\n\n\n\n<h2 class=\"wp-block-heading\">Benefici di Alfazone &#8211; Effetti<\/h2>\n\n\n\n<p>L&#8217;uso dell&#8217;integratore alimentare Alfazone pu\u00f2 fornire molti benefici ed effetti positivi per gli uomini. I principali benefici associati al suo utilizzo sono il <b>miglioramento della potenza<\/b> e l&#8217;<b>aumento della libido<\/b>. L&#8217;uso regolare di Alfazone pu\u00f2 portare a erezioni pi\u00f9 intense e pi\u00f9 lunghe, che si traducono in una maggiore soddisfazione sessuale.<\/p>\n\n\n\n<p>Il <b>miglioramento della qualit\u00e0 della vita sessuale<\/b> \u00e8 uno degli effetti principali dell&#8217;assunzione di Alfazone. L&#8217;integratore sostiene una fisiologia sana e pu\u00f2 avere un effetto positivo sulle condizioni generali dell&#8217;organismo, contribuendo a migliorare il benessere sessuale.<\/p>\n\n\n\n<p>L&#8217;<b>aumento della libido<\/b> e il <b>miglioramento della potenza<\/b> sono effetti desiderabili per molti uomini che possono avere un impatto positivo sulla loro vita sessuale. Alfazone, con i suoi ingredienti appositamente selezionati, pu\u00f2 essere un efficace sostegno alla fisiologia maschile.<\/p>\n\n\n\n<figure class=\"wp-block-table\"><table><tbody><tr><th>Vantaggi dell&#8217;uso di Alfazone:<\/th><\/tr><tr><td><em>Miglioramento della potenza<\/em> &#8211; L&#8217;uso di Alfazone pu\u00f2 avere l&#8217;effetto di <b>aumentare la potenza<\/b> maschile.<\/td><\/tr><tr><td><em>Aumento della libido<\/em> &#8211; L&#8217;uso regolare dell&#8217;integratore pu\u00f2 contribuire ad aumentare i livelli di libido.<\/td><\/tr><tr><td><em>Erezioni pi\u00f9 intense e pi\u00f9 lunghe<\/em> &#8211; L&#8217;integratore favorisce il raggiungimento di erezioni di maggiore intensit\u00e0 e durata.<\/td><\/tr><tr><td><em>Aumento della soddisfazione sessuale<\/em> &#8211; <b>Gli effetti di Alfazone<\/b> possono contribuire ad aumentare la soddisfazione sessuale.<\/td><\/tr><tr><td><em>Miglioramento della vita sessuale<\/em> &#8211; L&#8217;uso regolare dell&#8217;integratore pu\u00f2 avere <b>effetti<\/b> benefici sul benessere sessuale generale.<\/td><\/tr><\/tbody><\/table><\/figure>\n\n\n\n<h2 class=\"wp-block-heading\">Come utilizzare Alfazone? &#8211; Dosaggio<\/h2>\n\n\n\n<p>Il <b>dosaggio di<\/b> Alfazone \u00e8 molto semplice. Si consiglia di assumere <em>1 capsula 2 volte al giorno<\/em>, preferibilmente prima dei pasti. La durata minima di utilizzo consigliata \u00e8 di <em>2 settimane<\/em>. \u00c8 importante seguire le raccomandazioni del produttore e <em>non superare la dose consigliata<\/em>. \u00c8 sempre consigliabile consultare un medico prima di iniziare il trattamento, soprattutto in caso di <em>controindicazioni<\/em> o dubbi sulla <em>sicurezza dell&#8217;integratore<\/em>.<\/p>\n\n\n\n<figure class=\"wp-block-table\"><table><tbody><tr><th>Istruzioni per il dosaggio<\/th><th>Descrizione<\/th><\/tr><tr><td><em>1 capsula 2 volte al giorno<\/em><\/td><td>Assumere una capsula due volte al giorno prima dei pasti.<\/td><\/tr><tr><td><em>Durata minima dell&#8217;applicazione: 2 settimane<\/em><\/td><td>L&#8217;integratore deve essere utilizzato per almeno 2 settimane per ottenere gli <b>effetti<\/b> desiderati.<\/td><\/tr><tr><td><em>Seguire le raccomandazioni del produttore<\/em><\/td><td>\u00c8 importante leggere attentamente le istruzioni e seguire le raccomandazioni del produttore.<\/td><\/tr><tr><td><em>Non superare la dose raccomandata<\/em><\/td><td>\u00c8 importante non superare la dose raccomandata per evitare possibili effetti collaterali.<\/td><\/tr><tr><td><em>Consultazione con un medico<\/em><\/td><td>\u00c8 sempre bene consultare il proprio medico prima di iniziare il trattamento, soprattutto in caso di controindicazioni o dubbi sulla sicurezza dell&#8217;integratore.<\/td><\/tr><\/tbody><\/table><\/figure>\n\n\n\n<h2 class=\"wp-block-heading\">Recensioni e opinioni su Alfazone<\/h2>\n\n\n\n<p>Le <b>recensioni degli utenti<\/b> su Alfazone sono varie. Molti riportano <b>effetti<\/b> positivi <b>dell&#8217;uso<\/b> e raccomandano questo integratore come un efficace supporto per la fisiologia maschile. Tuttavia, \u00e8 bene tenere presente che gli effetti possono variare a seconda dell&#8217;organismo e delle condizioni individuali. \u00c8 consigliabile leggere le varie opinioni e recensioni prima di prendere una decisione d&#8217;acquisto, per avere un quadro pi\u00f9 completo del prodotto.<\/p>\n\n\n\n<blockquote class=\"wp-block-quote is-layout-flow wp-block-quote-is-layout-flow\">\n<p>&#8220;Alfazone \u00e8 un integratore sensazionale che ha decisamente migliorato il mio umore e le mie prestazioni sessuali. Da quando lo uso, ho pi\u00f9 energia e erezioni pi\u00f9 intense. Lo consiglio sinceramente!&#8221;. &#8211; Karol Kowalski<\/p>\n<\/blockquote>\n\n\n\n<p>Le <b>opinioni degli utenti<\/b> sono importanti, ma \u00e8 importante ricordare che ogni corpo \u00e8 diverso. <b>Gli effetti dell&#8217;uso di<\/b> Alfazone possono variare da persona a persona. Pertanto, vale la pena di leggere le varie recensioni per avere un quadro pi\u00f9 completo e valutare se l&#8217;integratore \u00e8 adatto alla nostra fisiologia individuale.<\/p>\n\n\n\n<h2 class=\"wp-block-heading\">Alfazone &#8211; Composizione &#8211; Cosa contiene?<\/h2>\n\n\n\n<p>La <b>composizione di<\/b> Alfazone si basa su ingredienti naturali che hanno un effetto positivo sulla fisiologia maschile. L&#8217;integratore contiene <b>sostanze attive<\/b> tra cui l&#8217;estratto di t\u00e8 di Damiano, il <b>ginseng<\/b> e lo <b>zinco<\/b>. Ognuno di questi ingredienti ha un&#8217;azione unica e supporta la funzione sessuale.<\/p>\n\n\n\n<p>Gli esperti nel campo degli integratori alimentari sottolineano che il <b>t\u00e8 Damiana<\/b> \u00e8 noto per il suo effetto libidico, che ha un impatto positivo sulla sfera sessuale degli uomini. Il <b>ginseng<\/b>, invece, ha un effetto tonificante e rinforzante, che sostiene le prestazioni fisiche dell&#8217;organismo. Lo <b>zinco<\/b>, presente nella composizione di Alfazone, \u00e8 essenziale per il sano funzionamento dell&#8217;organismo, compreso il miglioramento della vita sessuale.<\/p>\n\n\n\n<p>Tutti gli ingredienti di Alfazone sono accuratamente selezionati e forniscono principi attivi concentrati in grado di supportare efficacemente la funzione sessuale maschile. Questo integratore fornisce un supporto agli uomini di tutte le et\u00e0 e pu\u00f2 avere un effetto positivo sul miglioramento della potenza e sull&#8217;aumento della soddisfazione sessuale.<\/p>\n\n\n\n<h2 class=\"wp-block-heading\">Alfazone prezzo &#8211; Dove acquistare?<\/h2>\n\n\n\n<p>Il <b>prezzo dell&#8217;integratore Alfazone<\/b> pu\u00f2 variare a seconda del luogo di acquisto. Tuttavia, \u00e8 sempre importante scegliere fonti autorizzate e negozi di fiducia per essere sicuri dell&#8217;autenticit\u00e0 del prodotto.<\/p>\n\n\n\n<p>Il modo pi\u00f9 sicuro e protetto per acquistare l&#8217;integratore naturale Alfazone \u00e8 il sito ufficiale del produttore. Sul sito del produttore troverete informazioni affidabili sul prodotto e la possibilit\u00e0 di acquistarlo in modo sicuro. Tuttavia, \u00e8 necessario diffidare dei siti web falsi che possono cercare di vendere prodotti contraffatti. Pertanto, prima di effettuare un acquisto, \u00e8 bene controllare sempre con attenzione l&#8217;indirizzo del sito web del produttore.<\/p>\n\n\n\n<h2 class=\"wp-block-heading\">Potenziali effetti collaterali e controindicazioni di Alfazone<\/h2>\n\n\n\n<p>Prima di assumere l&#8217;integratore alimentare Alfazone, leggere sempre le controindicazioni e valutare con cognizione di causa il proprio stato di salute. Esistono diversi fattori che possono costituire delle <b>controindicazioni<\/b> all&#8217;uso di questo prodotto. Alfazone deve essere evitato se si \u00e8 allergici a qualsiasi componente dell&#8217;integratore. In caso di patologie croniche o di assunzione di farmaci, \u00e8 sempre consigliabile consultare il medico prima di iniziare il trattamento.<\/p>\n\n\n\n<p>Sebbene gli effetti collaterali di Alfazone siano rari, occasionalmente alcune persone manifestano alcuni effetti indesiderati. Questi possono includere nausea, mal di testa, reazioni allergiche o altri sintomi. Se si verificano sintomi fastidiosi durante l&#8217;assunzione dell&#8217;integratore, si consiglia di interrompere il trattamento e di consultare il medico.<\/p>\n\n\n\n<p>La <b>sicurezza<\/b> e l&#8217;uso corretto dell&#8217;integratore Alfazone sono fondamentali per ottenere risultati positivi.<br>Seguire le raccomandazioni del produttore, il <b>dosaggio<\/b> corretto e adottare un approccio consapevole alla propria salute sono estremamente importanti. Se si prendono le dovute precauzioni e si identificano le potenziali <b>controindicazioni<\/b>, l&#8217;uso dell&#8217;integratore Alfazone pu\u00f2 essere sicuro ed efficace per migliorare la funzione sessuale maschile.<\/p>\n","protected":false},"excerpt":{"rendered":"<p><strong>39.00 \u20ac<\/strong><\/p>\n<p><del>78.00 \u20ac<\/del><\/p>\n<p><strong>[date_countdown]<\/strong><\/p>\n","protected":false},"featured_media":6067,"comment_status":"open","ping_status":"closed","template":"","meta":{"neve_meta_sidebar":"","neve_meta_container":"","neve_meta_enable_content_width":"","neve_meta_content_width":0,"neve_meta_title_alignment":"","neve_meta_author_avatar":"","neve_post_elements_order":"","neve_meta_disable_header":"","neve_meta_disable_footer":"","neve_meta_disable_title":"","neve_meta_reading_time":""},"product_brand":[],"product_cat":[278],"product_tag":[],"class_list":{"0":"post-6107","1":"product","2":"type-product","3":"status-publish","4":"has-post-thumbnail","6":"product_cat-salute-sessuale","8":"first","9":"instock","10":"shipping-taxable","11":"product-type-external"},"yoast_head":"<!-- This site is optimized with the Yoast SEO plugin v27.4 - https:\/\/yoast.com\/product\/yoast-seo-wordpress\/ -->\n<title>Alfazone - Clinica Althea<\/title>\n<meta name=\"robots\" content=\"index, follow, max-snippet:-1, max-image-preview:large, max-video-preview:-1\" \/>\n<link rel=\"canonical\" href=\"https:\/\/www.clinicaalthea.com\/farmacia\/it\/apt\/alfazone\/\" \/>\n<meta property=\"og:locale\" content=\"pl_PL\" \/>\n<meta property=\"og:type\" content=\"article\" \/>\n<meta property=\"og:title\" content=\"Alfazone - Clinica Althea\" \/>\n<meta property=\"og:description\" content=\"39.00 \u20ac 78.00 \u20ac\" \/>\n<meta property=\"og:url\" content=\"https:\/\/www.clinicaalthea.com\/farmacia\/it\/apt\/alfazone\/\" \/>\n<meta property=\"og:site_name\" content=\"Clinica Althea\" \/>\n<meta property=\"article:modified_time\" content=\"2024-07-17T08:08:23+00:00\" \/>\n<meta property=\"og:image\" content=\"https:\/\/www.clinicaalthea.com\/farmacia\/wp-content\/uploads\/2024\/07\/ALFAZONE.jpg\" \/>\n\t<meta property=\"og:image:width\" content=\"768\" \/>\n\t<meta property=\"og:image:height\" content=\"768\" \/>\n\t<meta property=\"og:image:type\" content=\"image\/jpeg\" \/>\n<meta name=\"twitter:card\" content=\"summary_large_image\" \/>\n<meta name=\"twitter:label1\" content=\"Szacowany czas czytania\" \/>\n\t<meta name=\"twitter:data1\" content=\"7 minut\" \/>\n<script type=\"application\/ld+json\" class=\"yoast-schema-graph\">{\"@context\":\"https:\\\/\\\/schema.org\",\"@graph\":[{\"@type\":\"WebPage\",\"@id\":\"https:\\\/\\\/www.clinicaalthea.com\\\/farmacia\\\/it\\\/apt\\\/alfazone\\\/\",\"url\":\"https:\\\/\\\/www.clinicaalthea.com\\\/farmacia\\\/it\\\/apt\\\/alfazone\\\/\",\"name\":\"Alfazone - Clinica Althea\",\"isPartOf\":{\"@id\":\"https:\\\/\\\/www.clinicaalthea.com\\\/farmacia\\\/#website\"},\"primaryImageOfPage\":{\"@id\":\"https:\\\/\\\/www.clinicaalthea.com\\\/farmacia\\\/it\\\/apt\\\/alfazone\\\/#primaryimage\"},\"image\":{\"@id\":\"https:\\\/\\\/www.clinicaalthea.com\\\/farmacia\\\/it\\\/apt\\\/alfazone\\\/#primaryimage\"},\"thumbnailUrl\":\"https:\\\/\\\/www.clinicaalthea.com\\\/farmacia\\\/wp-content\\\/uploads\\\/2024\\\/07\\\/ALFAZONE.jpg\",\"datePublished\":\"2024-07-17T08:07:03+00:00\",\"dateModified\":\"2024-07-17T08:08:23+00:00\",\"breadcrumb\":{\"@id\":\"https:\\\/\\\/www.clinicaalthea.com\\\/farmacia\\\/it\\\/apt\\\/alfazone\\\/#breadcrumb\"},\"inLanguage\":\"pl-PL\",\"potentialAction\":[{\"@type\":\"ReadAction\",\"target\":[\"https:\\\/\\\/www.clinicaalthea.com\\\/farmacia\\\/it\\\/apt\\\/alfazone\\\/\"]}]},{\"@type\":\"ImageObject\",\"inLanguage\":\"pl-PL\",\"@id\":\"https:\\\/\\\/www.clinicaalthea.com\\\/farmacia\\\/it\\\/apt\\\/alfazone\\\/#primaryimage\",\"url\":\"https:\\\/\\\/www.clinicaalthea.com\\\/farmacia\\\/wp-content\\\/uploads\\\/2024\\\/07\\\/ALFAZONE.jpg\",\"contentUrl\":\"https:\\\/\\\/www.clinicaalthea.com\\\/farmacia\\\/wp-content\\\/uploads\\\/2024\\\/07\\\/ALFAZONE.jpg\",\"width\":768,\"height\":768,\"caption\":\"Alfazone\"},{\"@type\":\"BreadcrumbList\",\"@id\":\"https:\\\/\\\/www.clinicaalthea.com\\\/farmacia\\\/it\\\/apt\\\/alfazone\\\/#breadcrumb\",\"itemListElement\":[{\"@type\":\"ListItem\",\"position\":1,\"name\":\"Strona g\u0142\u00f3wna\",\"item\":\"https:\\\/\\\/www.clinicaalthea.com\\\/farmacia\\\/\"},{\"@type\":\"ListItem\",\"position\":2,\"name\":\"Produkty\",\"item\":\"https:\\\/\\\/www.clinicaalthea.com\\\/farmacia\\\/\"},{\"@type\":\"ListItem\",\"position\":3,\"name\":\"Alfazone\"}]},{\"@type\":\"WebSite\",\"@id\":\"https:\\\/\\\/www.clinicaalthea.com\\\/farmacia\\\/#website\",\"url\":\"https:\\\/\\\/www.clinicaalthea.com\\\/farmacia\\\/\",\"name\":\"Clinica Althea\",\"description\":\"\",\"publisher\":{\"@id\":\"https:\\\/\\\/www.clinicaalthea.com\\\/farmacia\\\/#organization\"},\"potentialAction\":[{\"@type\":\"SearchAction\",\"target\":{\"@type\":\"EntryPoint\",\"urlTemplate\":\"https:\\\/\\\/www.clinicaalthea.com\\\/farmacia\\\/?s={search_term_string}\"},\"query-input\":{\"@type\":\"PropertyValueSpecification\",\"valueRequired\":true,\"valueName\":\"search_term_string\"}}],\"inLanguage\":\"pl-PL\"},{\"@type\":\"Organization\",\"@id\":\"https:\\\/\\\/www.clinicaalthea.com\\\/farmacia\\\/#organization\",\"name\":\"Clinica Althea\",\"url\":\"https:\\\/\\\/www.clinicaalthea.com\\\/farmacia\\\/\",\"logo\":{\"@type\":\"ImageObject\",\"inLanguage\":\"pl-PL\",\"@id\":\"https:\\\/\\\/www.clinicaalthea.com\\\/farmacia\\\/#\\\/schema\\\/logo\\\/image\\\/\",\"url\":\"https:\\\/\\\/www.clinicaalthea.com\\\/farmacia\\\/wp-content\\\/uploads\\\/2023\\\/12\\\/Jak-diagnozuje-sie-FAS_-objawy-kryteria-diagnostyczne-i-metody-diagnozowania-154162903.jpg\",\"contentUrl\":\"https:\\\/\\\/www.clinicaalthea.com\\\/farmacia\\\/wp-content\\\/uploads\\\/2023\\\/12\\\/Jak-diagnozuje-sie-FAS_-objawy-kryteria-diagnostyczne-i-metody-diagnozowania-154162903.jpg\",\"width\":1216,\"height\":832,\"caption\":\"Clinica Althea\"},\"image\":{\"@id\":\"https:\\\/\\\/www.clinicaalthea.com\\\/farmacia\\\/#\\\/schema\\\/logo\\\/image\\\/\"}}]}<\/script>\n<!-- \/ Yoast SEO plugin. -->","yoast_head_json":{"title":"Alfazone - Clinica Althea","robots":{"index":"index","follow":"follow","max-snippet":"max-snippet:-1","max-image-preview":"max-image-preview:large","max-video-preview":"max-video-preview:-1"},"canonical":"https:\/\/www.clinicaalthea.com\/farmacia\/it\/apt\/alfazone\/","og_locale":"pl_PL","og_type":"article","og_title":"Alfazone - Clinica Althea","og_description":"39.00 \u20ac 78.00 \u20ac","og_url":"https:\/\/www.clinicaalthea.com\/farmacia\/it\/apt\/alfazone\/","og_site_name":"Clinica Althea","article_modified_time":"2024-07-17T08:08:23+00:00","og_image":[{"width":768,"height":768,"url":"https:\/\/www.clinicaalthea.com\/farmacia\/wp-content\/uploads\/2024\/07\/ALFAZONE.jpg","type":"image\/jpeg"}],"twitter_card":"summary_large_image","twitter_misc":{"Szacowany czas czytania":"7 minut"},"schema":{"@context":"https:\/\/schema.org","@graph":[{"@type":"WebPage","@id":"https:\/\/www.clinicaalthea.com\/farmacia\/it\/apt\/alfazone\/","url":"https:\/\/www.clinicaalthea.com\/farmacia\/it\/apt\/alfazone\/","name":"Alfazone - Clinica Althea","isPartOf":{"@id":"https:\/\/www.clinicaalthea.com\/farmacia\/#website"},"primaryImageOfPage":{"@id":"https:\/\/www.clinicaalthea.com\/farmacia\/it\/apt\/alfazone\/#primaryimage"},"image":{"@id":"https:\/\/www.clinicaalthea.com\/farmacia\/it\/apt\/alfazone\/#primaryimage"},"thumbnailUrl":"https:\/\/www.clinicaalthea.com\/farmacia\/wp-content\/uploads\/2024\/07\/ALFAZONE.jpg","datePublished":"2024-07-17T08:07:03+00:00","dateModified":"2024-07-17T08:08:23+00:00","breadcrumb":{"@id":"https:\/\/www.clinicaalthea.com\/farmacia\/it\/apt\/alfazone\/#breadcrumb"},"inLanguage":"pl-PL","potentialAction":[{"@type":"ReadAction","target":["https:\/\/www.clinicaalthea.com\/farmacia\/it\/apt\/alfazone\/"]}]},{"@type":"ImageObject","inLanguage":"pl-PL","@id":"https:\/\/www.clinicaalthea.com\/farmacia\/it\/apt\/alfazone\/#primaryimage","url":"https:\/\/www.clinicaalthea.com\/farmacia\/wp-content\/uploads\/2024\/07\/ALFAZONE.jpg","contentUrl":"https:\/\/www.clinicaalthea.com\/farmacia\/wp-content\/uploads\/2024\/07\/ALFAZONE.jpg","width":768,"height":768,"caption":"Alfazone"},{"@type":"BreadcrumbList","@id":"https:\/\/www.clinicaalthea.com\/farmacia\/it\/apt\/alfazone\/#breadcrumb","itemListElement":[{"@type":"ListItem","position":1,"name":"Strona g\u0142\u00f3wna","item":"https:\/\/www.clinicaalthea.com\/farmacia\/"},{"@type":"ListItem","position":2,"name":"Produkty","item":"https:\/\/www.clinicaalthea.com\/farmacia\/"},{"@type":"ListItem","position":3,"name":"Alfazone"}]},{"@type":"WebSite","@id":"https:\/\/www.clinicaalthea.com\/farmacia\/#website","url":"https:\/\/www.clinicaalthea.com\/farmacia\/","name":"Clinica Althea","description":"","publisher":{"@id":"https:\/\/www.clinicaalthea.com\/farmacia\/#organization"},"potentialAction":[{"@type":"SearchAction","target":{"@type":"EntryPoint","urlTemplate":"https:\/\/www.clinicaalthea.com\/farmacia\/?s={search_term_string}"},"query-input":{"@type":"PropertyValueSpecification","valueRequired":true,"valueName":"search_term_string"}}],"inLanguage":"pl-PL"},{"@type":"Organization","@id":"https:\/\/www.clinicaalthea.com\/farmacia\/#organization","name":"Clinica Althea","url":"https:\/\/www.clinicaalthea.com\/farmacia\/","logo":{"@type":"ImageObject","inLanguage":"pl-PL","@id":"https:\/\/www.clinicaalthea.com\/farmacia\/#\/schema\/logo\/image\/","url":"https:\/\/www.clinicaalthea.com\/farmacia\/wp-content\/uploads\/2023\/12\/Jak-diagnozuje-sie-FAS_-objawy-kryteria-diagnostyczne-i-metody-diagnozowania-154162903.jpg","contentUrl":"https:\/\/www.clinicaalthea.com\/farmacia\/wp-content\/uploads\/2023\/12\/Jak-diagnozuje-sie-FAS_-objawy-kryteria-diagnostyczne-i-metody-diagnozowania-154162903.jpg","width":1216,"height":832,"caption":"Clinica Althea"},"image":{"@id":"https:\/\/www.clinicaalthea.com\/farmacia\/#\/schema\/logo\/image\/"}}]}},"lang":"it","translations":{"it":6107,"pl":6066,"hu":6088,"ro":6090,"cs":6095,"sk":6101,"de":6103,"es":6105,"fr":6109,"nl":6111},"pll_sync_post":[],"_links":{"self":[{"href":"https:\/\/www.clinicaalthea.com\/farmacia\/wp-json\/wp\/v2\/product\/6107","targetHints":{"allow":["GET"]}}],"collection":[{"href":"https:\/\/www.clinicaalthea.com\/farmacia\/wp-json\/wp\/v2\/product"}],"about":[{"href":"https:\/\/www.clinicaalthea.com\/farmacia\/wp-json\/wp\/v2\/types\/product"}],"replies":[{"embeddable":true,"href":"https:\/\/www.clinicaalthea.com\/farmacia\/wp-json\/wp\/v2\/comments?post=6107"}],"wp:featuredmedia":[{"embeddable":true,"href":"https:\/\/www.clinicaalthea.com\/farmacia\/wp-json\/wp\/v2\/media\/6067"}],"wp:attachment":[{"href":"https:\/\/www.clinicaalthea.com\/farmacia\/wp-json\/wp\/v2\/media?parent=6107"}],"wp:term":[{"taxonomy":"product_brand","embeddable":true,"href":"https:\/\/www.clinicaalthea.com\/farmacia\/wp-json\/wp\/v2\/product_brand?post=6107"},{"taxonomy":"product_cat","embeddable":true,"href":"https:\/\/www.clinicaalthea.com\/farmacia\/wp-json\/wp\/v2\/product_cat?post=6107"},{"taxonomy":"product_tag","embeddable":true,"href":"https:\/\/www.clinicaalthea.com\/farmacia\/wp-json\/wp\/v2\/product_tag?post=6107"}],"curies":[{"name":"wp","href":"https:\/\/api.w.org\/{rel}","templated":true}]}}