{"id":6101,"date":"2024-07-17T09:04:46","date_gmt":"2024-07-17T08:04:46","guid":{"rendered":"https:\/\/mayoguide.org\/produkty\/?post_type=product&#038;p=6101"},"modified":"2024-07-17T09:08:23","modified_gmt":"2024-07-17T08:08:23","slug":"alfazone","status":"publish","type":"product","link":"https:\/\/www.clinicaalthea.com\/farmacia\/sk\/apt\/alfazone\/","title":{"rendered":"Alfazone"},"content":{"rendered":"\n<h2 class=\"wp-block-heading\">\u010co je Alfazone a ako funguje?<\/h2>\n\n\n\n<p>Alfazone je <b>doplnok stravy<\/b> ur\u010den\u00fd \u0161peci\u00e1lne pre mu\u017eov s hlavn\u00fdm cie\u013eom <b>zv\u00fd\u0161i\u0165 potenciu<\/b> a <b>zlep\u0161i\u0165 libido<\/b>. Obsahuje <b>pr\u00edrodn\u00e9 zlo\u017eky,<\/b> ktor\u00e9 podporuj\u00fa zdrav\u00fa fyziol\u00f3giu a sexu\u00e1lne procesy.<\/p>\n\n\n\n<p>Doplnok Alfazone funguje pomocou starostlivo vybran\u00fdch zlo\u017eiek, ktor\u00e9 stimuluj\u00fa krvn\u00fd obeh v tele. V d\u00f4sledku toho m\u00e1 pozit\u00edvny vplyv na sexu\u00e1lnu v\u00fdkonnos\u0165 a zlep\u0161uje sexu\u00e1lne funkcie u mu\u017eov.<\/p>\n\n\n\n<p>Mechanizmus \u00fa\u010dinku Alfazonu sa zameriava na stimul\u00e1ciu krvi, v\u010faka \u010domu s\u00fa sexu\u00e1lne procesy \u00fa\u010dinnej\u0161ie. Pri pravidelnom u\u017e\u00edvan\u00ed doplnku m\u00f4\u017eu mu\u017ei zaznamena\u0165 zv\u00fd\u0161enie libida a zlep\u0161enie kvality svojho sexu\u00e1lneho \u017eivota.<\/p>\n\n\n\n<h2 class=\"wp-block-heading\">V\u00fdhody Alfazone &#8211; \u00fa\u010dinky<\/h2>\n\n\n\n<p>Pou\u017e\u00edvanie doplnku stravy Alfazone m\u00f4\u017ee mu\u017eom poskytn\u00fa\u0165 mnoho v\u00fdhod a pozit\u00edvnych \u00fa\u010dinkov. Hlavn\u00fdmi v\u00fdhodami spojen\u00fdmi s jeho pou\u017e\u00edvan\u00edm s\u00fa <b>zlep\u0161enie potencie<\/b> a <b>zv\u00fd\u0161enie libida<\/b>. Pravideln\u00e9 u\u017e\u00edvanie Alfazonu m\u00f4\u017ee vies\u0165 k intenz\u00edvnej\u0161ej a dlh\u0161ej erekcii, \u010do sa prejavuje vo v\u00e4\u010d\u0161om sexu\u00e1lnom uspokojen\u00ed.<\/p>\n\n\n\n<p><b>Zlep\u0161enie kvality sexu\u00e1lneho \u017eivota<\/b> je jedn\u00fdm z k\u013e\u00fa\u010dov\u00fdch \u00fa\u010dinkov u\u017e\u00edvania Alfazonu. Doplnok podporuje zdrav\u00fa fyziol\u00f3giu a m\u00f4\u017ee ma\u0165 pozit\u00edvny vplyv na celkov\u00fd stav organizmu, \u010d\u00edm prispieva k zlep\u0161eniu sexu\u00e1lnej pohody.<\/p>\n\n\n\n<p><b>Zv\u00fd\u0161en\u00e9 libido<\/b> a <b>zlep\u0161en\u00e1 potencia<\/b> s\u00fa pre mnoh\u00fdch mu\u017eov \u017eiaduce \u00fa\u010dinky, ktor\u00e9 m\u00f4\u017eu ma\u0165 pozit\u00edvny vplyv na ich sexu\u00e1lny \u017eivot. Alfazone so svojimi \u0161peci\u00e1lne vybran\u00fdmi zlo\u017ekami m\u00f4\u017ee by\u0165 \u00fa\u010dinnou podporou mu\u017eskej fyziol\u00f3gie.<\/p>\n\n\n\n<figure class=\"wp-block-table\"><table><tbody><tr><th>V\u00fdhody pou\u017e\u00edvania Alfazone:<\/th><\/tr><tr><td><em>Zlep\u0161enie potencie<\/em> &#8211; Pou\u017eitie Alfazonu m\u00f4\u017ee ma\u0165 za n\u00e1sledok <b>zv\u00fd\u0161enie<\/b> mu\u017eskej <b>potencie<\/b>.<\/td><\/tr><tr><td><em>Zv\u00fd\u0161enie libida<\/em> &#8211; Pravideln\u00e9 u\u017e\u00edvanie doplnku m\u00f4\u017ee pom\u00f4c\u0165 zv\u00fd\u0161i\u0165 \u00farove\u0148 libida.<\/td><\/tr><tr><td><em>Intenz\u00edvnej\u0161ia a dlh\u0161ia erekcia<\/em> &#8211; doplnok podporuje dosiahnutie intenz\u00edvnej\u0161ej a dlh\u0161ej erekcie.<\/td><\/tr><tr><td><em>Zv\u00fd\u0161en\u00e1 sexu\u00e1lna spokojnos\u0165<\/em> &#8211; <b>\u00da\u010dinky Alfazonu<\/b> m\u00f4\u017eu prispie\u0165 k zv\u00fd\u0161eniu sexu\u00e1lnej spokojnosti.<\/td><\/tr><tr><td><em>Zlep\u0161enie sexu\u00e1lneho \u017eivota<\/em> &#8211; Pravideln\u00e9 u\u017e\u00edvanie doplnku m\u00f4\u017ee ma\u0165 priazniv\u00fd <b>vplyv<\/b> na celkov\u00fa sexu\u00e1lnu pohodu.<\/td><\/tr><\/tbody><\/table><\/figure>\n\n\n\n<h2 class=\"wp-block-heading\">Ako pou\u017e\u00edva\u0165 Alfazone? &#8211; D\u00e1vkovanie<\/h2>\n\n\n\n<p><b>D\u00e1vkovanie<\/b> lieku Alfazone je ve\u013emi jednoduch\u00e9. Odpor\u00fa\u010da sa u\u017e\u00edva\u0165 <em>1 kapsulu 2-kr\u00e1t denne<\/em>, najlep\u0161ie pred jedlom. Minim\u00e1lna odpor\u00fa\u010dan\u00e1 d\u013a\u017eka u\u017e\u00edvania je <em>2 t\u00fd\u017edne<\/em>. Je d\u00f4le\u017eit\u00e9 dodr\u017eiava\u0165 odpor\u00fa\u010dania v\u00fdrobcu a <em>neprekra\u010dova\u0165 odpor\u00fa\u010dan\u00fa d\u00e1vku<\/em>. Pred za\u010dat\u00edm lie\u010dby je v\u017edy vhodn\u00e9 poradi\u0165 sa s lek\u00e1rom, najm\u00e4 ak existuj\u00fa ak\u00e9ko\u013evek <em>kontraindik\u00e1cie<\/em> alebo pochybnosti o <em>bezpe\u010dnosti doplnku<\/em>.<\/p>\n\n\n\n<figure class=\"wp-block-table\"><table><tbody><tr><th>Pokyny na d\u00e1vkovanie<\/th><th>Popis<\/th><\/tr><tr><td><em>1 kapsula 2-kr\u00e1t denne<\/em><\/td><td>U\u017e\u00edvajte jednu kapsulu dvakr\u00e1t denne pred jedlom.<\/td><\/tr><tr><td><em>Minim\u00e1lna d\u013a\u017eka trvania aplik\u00e1cie: 2 t\u00fd\u017edne<\/em><\/td><td>Doplnok by sa mal pou\u017e\u00edva\u0165 minim\u00e1lne 2 t\u00fd\u017edne, aby sa dosiahli po\u017eadovan\u00e9 <b>\u00fa\u010dinky<\/b>.<\/td><\/tr><tr><td><em>Dodr\u017eiavajte odpor\u00fa\u010dania v\u00fdrobcu<\/em><\/td><td>Je d\u00f4le\u017eit\u00e9 pozorne si pre\u010d\u00edta\u0165 n\u00e1vod na pou\u017eitie a dodr\u017eiava\u0165 odpor\u00fa\u010dania v\u00fdrobcu.<\/td><\/tr><tr><td><em>Neprekra\u010dujte odpor\u00fa\u010dan\u00fa d\u00e1vku<\/em><\/td><td>Je d\u00f4le\u017eit\u00e9 neprekro\u010di\u0165 odpor\u00fa\u010dan\u00fa d\u00e1vku, aby ste sa vyhli mo\u017en\u00fdm ved\u013eaj\u0161\u00edm \u00fa\u010dinkom.<\/td><\/tr><tr><td><em>Konzult\u00e1cia s lek\u00e1rom<\/em><\/td><td>Pred za\u010dat\u00edm lie\u010dby je v\u017edy dobr\u00e9 poradi\u0165 sa s lek\u00e1rom, najm\u00e4 ak existuj\u00fa nejak\u00e9 kontraindik\u00e1cie alebo obavy o bezpe\u010dnos\u0165 doplnku.<\/td><\/tr><\/tbody><\/table><\/figure>\n\n\n\n<h2 class=\"wp-block-heading\">Recenzie a n\u00e1zory na Alfazone<\/h2>\n\n\n\n<p><b>Recenzie pou\u017e\u00edvate\u013eov<\/b> Alfazone s\u00fa r\u00f4zne. Mnoh\u00ed uv\u00e1dzaj\u00fa pozit\u00edvne <b>\u00fa\u010dinky pou\u017e\u00edvania<\/b> a odpor\u00fa\u010daj\u00fa tento doplnok ako \u00fa\u010dinn\u00fa podporu mu\u017eskej fyziol\u00f3gie. Je v\u0161ak potrebn\u00e9 ma\u0165 na pam\u00e4ti, \u017ee \u00fa\u010dinky sa m\u00f4\u017eu l\u00ed\u0161i\u0165 v z\u00e1vislosti od tela a individu\u00e1lnych podmienok. Pred rozhodnut\u00edm o k\u00fape sa odpor\u00fa\u010da pre\u010d\u00edta\u0165 si r\u00f4zne n\u00e1zory a recenzie, aby ste mali \u00faplnej\u0161\u00ed obraz o v\u00fdrobku.<\/p>\n\n\n\n<blockquote class=\"wp-block-quote is-layout-flow wp-block-quote-is-layout-flow\">\n<p>&#8220;Alfazone je senza\u010dn\u00fd doplnok, ktor\u00fd ur\u010dite zlep\u0161il moju n\u00e1ladu a sexu\u00e1lnu v\u00fdkonnos\u0165. Odkedy ho pou\u017e\u00edvam, m\u00e1m viac energie a intenz\u00edvnej\u0161iu erekciu. \u00daprimne ho odpor\u00fa\u010dam!&#8221; &#8211; Karol Kowalski<\/p>\n<\/blockquote>\n\n\n\n<p><b>N\u00e1zory pou\u017e\u00edvate\u013eov<\/b> s\u00fa d\u00f4le\u017eit\u00e9, ale je d\u00f4le\u017eit\u00e9 si uvedomi\u0165, \u017ee ka\u017ed\u00e9 telo je in\u00e9. <b>\u00da\u010dinky pou\u017e\u00edvania<\/b> Alfazonu sa m\u00f4\u017eu u jednotliv\u00fdch os\u00f4b l\u00ed\u0161i\u0165. Preto stoj\u00ed za to pre\u010d\u00edta\u0165 si r\u00f4zne recenzie, aby ste z\u00edskali \u00faplnej\u0161\u00ed obraz a pos\u00fadili, \u010di je doplnok vhodn\u00fd pre na\u0161u individu\u00e1lnu fyziol\u00f3giu.<\/p>\n\n\n\n<h2 class=\"wp-block-heading\">Alfazone &#8211; Zlo\u017eenie &#8211; \u010co obsahuje?<\/h2>\n\n\n\n<p><b>Zlo\u017eenie<\/b> Alfazone je zalo\u017een\u00e9 na pr\u00edrodn\u00fdch zlo\u017ek\u00e1ch, ktor\u00e9 maj\u00fa pozit\u00edvny vplyv na mu\u017esk\u00fa fyziol\u00f3giu. Doplnok obsahuje <b>\u00fa\u010dinn\u00e9 l\u00e1tky<\/b> vr\u00e1tane extraktu z dami\u00e1nskeho \u010daju, <b>\u017een\u0161enu<\/b> a <b>zinku<\/b>. Ka\u017ed\u00e1 z t\u00fdchto zlo\u017eiek m\u00e1 svoje jedine\u010dn\u00e9 p\u00f4sobenie a podporuje sexu\u00e1lne funkcie.<\/p>\n\n\n\n<p>Odborn\u00edci v oblasti v\u00fd\u017eivov\u00fdch doplnkov zd\u00f4raz\u0148uj\u00fa, \u017ee <b>\u010daj Damiana<\/b> je zn\u00e1my svoj\u00edm libido-posil\u0148uj\u00facim \u00fa\u010dinkom, ktor\u00fd m\u00e1 pozit\u00edvny vplyv na sexu\u00e1lnu sf\u00e9ru mu\u017eov. <b>\u017den\u0161en<\/b> m\u00e1 zasa tonizuj\u00faci a posil\u0148uj\u00faci \u00fa\u010dinok, \u010d\u00edm podporuje fyzick\u00fa v\u00fdkonnos\u0165 organizmu. <b>Zinok,<\/b> pr\u00edtomn\u00fd v zlo\u017een\u00ed Alfazone, je nevyhnutn\u00fd pre zdrav\u00e9 fungovanie organizmu vr\u00e1tane zlep\u0161enia sexu\u00e1lneho \u017eivota.<\/p>\n\n\n\n<p>V\u0161etky zlo\u017eky v Alfazone s\u00fa starostlivo vybran\u00e9 a poskytuj\u00fa koncentrovan\u00e9 \u00fa\u010dinn\u00e9 l\u00e1tky, ktor\u00e9 m\u00f4\u017eu \u00fa\u010dinne podpori\u0165 mu\u017esk\u00fa sexu\u00e1lnu funkciu. Tento doplnok poskytuje podporu mu\u017eom v\u0161etk\u00fdch vekov\u00fdch kateg\u00f3ri\u00ed a m\u00f4\u017ee ma\u0165 pozit\u00edvny vplyv na zlep\u0161enie potencie a zv\u00fd\u0161enie sexu\u00e1lneho uspokojenia.<\/p>\n\n\n\n<h2 class=\"wp-block-heading\">Alfazone cena &#8211; Kde nak\u00fapi\u0165?<\/h2>\n\n\n\n<p><b>Cena doplnku Alfazone<\/b> sa m\u00f4\u017ee l\u00ed\u0161i\u0165 v z\u00e1vislosti od miesta n\u00e1kupu. V\u017edy je v\u0161ak d\u00f4le\u017eit\u00e9 vybra\u0165 si autorizovan\u00e9 zdroje a d\u00f4veryhodn\u00e9 obchody, aby ste si boli ist\u00ed pravos\u0165ou v\u00fdrobku.<\/p>\n\n\n\n<p>Najbezpe\u010dnej\u0161\u00ed a najbezpe\u010dnej\u0161\u00ed sp\u00f4sob n\u00e1kupu pr\u00edrodn\u00e9ho doplnku Alfazone je z ofici\u00e1lnej webovej str\u00e1nky v\u00fdrobcu. Na webovej str\u00e1nke v\u00fdrobcu n\u00e1jdete spo\u013eahliv\u00e9 inform\u00e1cie o v\u00fdrobku a mo\u017enos\u0165 bezpe\u010dn\u00e9ho n\u00e1kupu. Mus\u00edte si v\u0161ak d\u00e1va\u0165 pozor na falo\u0161n\u00e9 webov\u00e9 str\u00e1nky, ktor\u00e9 sa m\u00f4\u017eu pok\u00fa\u0161a\u0165 pred\u00e1va\u0165 fal\u0161ovan\u00e9 v\u00fdrobky. Preto si pred n\u00e1kupom v\u017edy starostlivo skontrolujte adresu webovej str\u00e1nky v\u00fdrobcu.<\/p>\n\n\n\n<h2 class=\"wp-block-heading\">Mo\u017en\u00e9 ved\u013eaj\u0161ie \u00fa\u010dinky a kontraindik\u00e1cie lieku Alfazone<\/h2>\n\n\n\n<p>Pred u\u017eit\u00edm doplnku stravy Alfazone si v\u017edy pre\u010d\u00edtajte kontraindik\u00e1cie a informovane zhodno\u0165te svoj zdravotn\u00fd stav. Existuje nieko\u013eko faktorov, ktor\u00e9 m\u00f4\u017eu predstavova\u0165 <b>kontraindik\u00e1cie<\/b> u\u017e\u00edvania tohto v\u00fdrobku. Alfazone by ste sa mali vyhn\u00fa\u0165, ak ste alergick\u00fd na niektor\u00fa zlo\u017eku doplnku. Ak m\u00e1te chronick\u00e9 ochorenie alebo u\u017e\u00edvate ak\u00e9ko\u013evek lieky, v\u017edy sa odpor\u00fa\u010da pred za\u010dat\u00edm lie\u010dby poradi\u0165 s lek\u00e1rom.<\/p>\n\n\n\n<p>Hoci ved\u013eaj\u0161ie \u00fa\u010dinky Alfazonu s\u00fa zriedkav\u00e9, ob\u010das sa u niektor\u00fdch \u013eud\u00ed vyskytn\u00fa niektor\u00e9 ne\u017eiaduce \u00fa\u010dinky. Tie m\u00f4\u017eu zah\u0155\u0148a\u0165 nevo\u013enos\u0165, bolesti hlavy, alergick\u00e9 reakcie alebo in\u00e9 pr\u00edznaky. Ak sa u v\u00e1s po\u010das u\u017e\u00edvania doplnku vyskytn\u00fa ak\u00e9ko\u013evek nepr\u00edjemn\u00e9 pr\u00edznaky, odpor\u00fa\u010da sa lie\u010dbu preru\u0161i\u0165 a poradi\u0165 sa s lek\u00e1rom.<\/p>\n\n\n\n<p><b>Bezpe\u010dnos\u0165<\/b> a spr\u00e1vne pou\u017e\u00edvanie doplnku Alfazone s\u00fa k\u013e\u00fa\u010dom k dosiahnutiu pozit\u00edvnych v\u00fdsledkov.<br>Dodr\u017eiavanie odpor\u00fa\u010dan\u00ed v\u00fdrobcu, spr\u00e1vne <b>d\u00e1vkovanie<\/b> a uvedomel\u00fd pr\u00edstup k svojmu zdraviu s\u00fa mimoriadne d\u00f4le\u017eit\u00e9. Ak sa dodr\u017eia spr\u00e1vne prevent\u00edvne opatrenia a identifikuj\u00fa sa potenci\u00e1lne <b>kontraindik\u00e1cie<\/b>, m\u00f4\u017ee by\u0165 u\u017e\u00edvanie doplnku Alfazone bezpe\u010dn\u00e9 a \u00fa\u010dinn\u00e9 na zlep\u0161enie mu\u017eskej sexu\u00e1lnej funkcie.<\/p>\n","protected":false},"excerpt":{"rendered":"<p><strong>39.00 \u20ac<\/strong><\/p>\n<p><del>78.00 \u20ac<\/del><\/p>\n<p><strong>[date_countdown]<\/strong><\/p>\n","protected":false},"featured_media":6067,"comment_status":"open","ping_status":"closed","template":"","meta":{"neve_meta_sidebar":"","neve_meta_container":"","neve_meta_enable_content_width":"","neve_meta_content_width":0,"neve_meta_title_alignment":"","neve_meta_author_avatar":"","neve_post_elements_order":"","neve_meta_disable_header":"","neve_meta_disable_footer":"","neve_meta_disable_title":"","neve_meta_reading_time":""},"product_brand":[],"product_cat":[397],"product_tag":[],"class_list":{"0":"post-6101","1":"product","2":"type-product","3":"status-publish","4":"has-post-thumbnail","6":"product_cat-sexualne-zdravie","8":"first","9":"instock","10":"shipping-taxable","11":"product-type-external"},"yoast_head":"<!-- This site is optimized with the Yoast SEO plugin v27.4 - https:\/\/yoast.com\/product\/yoast-seo-wordpress\/ -->\n<title>Alfazone - Clinica Althea<\/title>\n<meta name=\"robots\" content=\"index, follow, max-snippet:-1, max-image-preview:large, max-video-preview:-1\" \/>\n<link rel=\"canonical\" href=\"https:\/\/www.clinicaalthea.com\/farmacia\/sk\/apt\/alfazone\/\" \/>\n<meta property=\"og:locale\" content=\"pl_PL\" \/>\n<meta property=\"og:type\" content=\"article\" \/>\n<meta property=\"og:title\" content=\"Alfazone - Clinica Althea\" \/>\n<meta property=\"og:description\" content=\"39.00 \u20ac 78.00 \u20ac\" \/>\n<meta property=\"og:url\" content=\"https:\/\/www.clinicaalthea.com\/farmacia\/sk\/apt\/alfazone\/\" \/>\n<meta property=\"og:site_name\" content=\"Clinica Althea\" \/>\n<meta property=\"article:modified_time\" content=\"2024-07-17T08:08:23+00:00\" \/>\n<meta property=\"og:image\" content=\"https:\/\/www.clinicaalthea.com\/farmacia\/wp-content\/uploads\/2024\/07\/ALFAZONE.jpg\" \/>\n\t<meta property=\"og:image:width\" content=\"768\" \/>\n\t<meta property=\"og:image:height\" content=\"768\" \/>\n\t<meta property=\"og:image:type\" content=\"image\/jpeg\" \/>\n<meta name=\"twitter:card\" content=\"summary_large_image\" \/>\n<meta name=\"twitter:label1\" content=\"Szacowany czas czytania\" \/>\n\t<meta name=\"twitter:data1\" content=\"6 minut\" \/>\n<script type=\"application\/ld+json\" class=\"yoast-schema-graph\">{\"@context\":\"https:\\\/\\\/schema.org\",\"@graph\":[{\"@type\":\"WebPage\",\"@id\":\"https:\\\/\\\/www.clinicaalthea.com\\\/farmacia\\\/sk\\\/apt\\\/alfazone\\\/\",\"url\":\"https:\\\/\\\/www.clinicaalthea.com\\\/farmacia\\\/sk\\\/apt\\\/alfazone\\\/\",\"name\":\"Alfazone - Clinica Althea\",\"isPartOf\":{\"@id\":\"https:\\\/\\\/www.clinicaalthea.com\\\/farmacia\\\/#website\"},\"primaryImageOfPage\":{\"@id\":\"https:\\\/\\\/www.clinicaalthea.com\\\/farmacia\\\/sk\\\/apt\\\/alfazone\\\/#primaryimage\"},\"image\":{\"@id\":\"https:\\\/\\\/www.clinicaalthea.com\\\/farmacia\\\/sk\\\/apt\\\/alfazone\\\/#primaryimage\"},\"thumbnailUrl\":\"https:\\\/\\\/www.clinicaalthea.com\\\/farmacia\\\/wp-content\\\/uploads\\\/2024\\\/07\\\/ALFAZONE.jpg\",\"datePublished\":\"2024-07-17T08:04:46+00:00\",\"dateModified\":\"2024-07-17T08:08:23+00:00\",\"breadcrumb\":{\"@id\":\"https:\\\/\\\/www.clinicaalthea.com\\\/farmacia\\\/sk\\\/apt\\\/alfazone\\\/#breadcrumb\"},\"inLanguage\":\"pl-PL\",\"potentialAction\":[{\"@type\":\"ReadAction\",\"target\":[\"https:\\\/\\\/www.clinicaalthea.com\\\/farmacia\\\/sk\\\/apt\\\/alfazone\\\/\"]}]},{\"@type\":\"ImageObject\",\"inLanguage\":\"pl-PL\",\"@id\":\"https:\\\/\\\/www.clinicaalthea.com\\\/farmacia\\\/sk\\\/apt\\\/alfazone\\\/#primaryimage\",\"url\":\"https:\\\/\\\/www.clinicaalthea.com\\\/farmacia\\\/wp-content\\\/uploads\\\/2024\\\/07\\\/ALFAZONE.jpg\",\"contentUrl\":\"https:\\\/\\\/www.clinicaalthea.com\\\/farmacia\\\/wp-content\\\/uploads\\\/2024\\\/07\\\/ALFAZONE.jpg\",\"width\":768,\"height\":768,\"caption\":\"Alfazone\"},{\"@type\":\"BreadcrumbList\",\"@id\":\"https:\\\/\\\/www.clinicaalthea.com\\\/farmacia\\\/sk\\\/apt\\\/alfazone\\\/#breadcrumb\",\"itemListElement\":[{\"@type\":\"ListItem\",\"position\":1,\"name\":\"Strona g\u0142\u00f3wna\",\"item\":\"https:\\\/\\\/www.clinicaalthea.com\\\/farmacia\\\/\"},{\"@type\":\"ListItem\",\"position\":2,\"name\":\"Produkty\",\"item\":\"https:\\\/\\\/www.clinicaalthea.com\\\/farmacia\\\/\"},{\"@type\":\"ListItem\",\"position\":3,\"name\":\"Alfazone\"}]},{\"@type\":\"WebSite\",\"@id\":\"https:\\\/\\\/www.clinicaalthea.com\\\/farmacia\\\/#website\",\"url\":\"https:\\\/\\\/www.clinicaalthea.com\\\/farmacia\\\/\",\"name\":\"Clinica Althea\",\"description\":\"\",\"publisher\":{\"@id\":\"https:\\\/\\\/www.clinicaalthea.com\\\/farmacia\\\/#organization\"},\"potentialAction\":[{\"@type\":\"SearchAction\",\"target\":{\"@type\":\"EntryPoint\",\"urlTemplate\":\"https:\\\/\\\/www.clinicaalthea.com\\\/farmacia\\\/?s={search_term_string}\"},\"query-input\":{\"@type\":\"PropertyValueSpecification\",\"valueRequired\":true,\"valueName\":\"search_term_string\"}}],\"inLanguage\":\"pl-PL\"},{\"@type\":\"Organization\",\"@id\":\"https:\\\/\\\/www.clinicaalthea.com\\\/farmacia\\\/#organization\",\"name\":\"Clinica Althea\",\"url\":\"https:\\\/\\\/www.clinicaalthea.com\\\/farmacia\\\/\",\"logo\":{\"@type\":\"ImageObject\",\"inLanguage\":\"pl-PL\",\"@id\":\"https:\\\/\\\/www.clinicaalthea.com\\\/farmacia\\\/#\\\/schema\\\/logo\\\/image\\\/\",\"url\":\"https:\\\/\\\/www.clinicaalthea.com\\\/farmacia\\\/wp-content\\\/uploads\\\/2023\\\/12\\\/Jak-diagnozuje-sie-FAS_-objawy-kryteria-diagnostyczne-i-metody-diagnozowania-154162903.jpg\",\"contentUrl\":\"https:\\\/\\\/www.clinicaalthea.com\\\/farmacia\\\/wp-content\\\/uploads\\\/2023\\\/12\\\/Jak-diagnozuje-sie-FAS_-objawy-kryteria-diagnostyczne-i-metody-diagnozowania-154162903.jpg\",\"width\":1216,\"height\":832,\"caption\":\"Clinica Althea\"},\"image\":{\"@id\":\"https:\\\/\\\/www.clinicaalthea.com\\\/farmacia\\\/#\\\/schema\\\/logo\\\/image\\\/\"}}]}<\/script>\n<!-- \/ Yoast SEO plugin. -->","yoast_head_json":{"title":"Alfazone - Clinica Althea","robots":{"index":"index","follow":"follow","max-snippet":"max-snippet:-1","max-image-preview":"max-image-preview:large","max-video-preview":"max-video-preview:-1"},"canonical":"https:\/\/www.clinicaalthea.com\/farmacia\/sk\/apt\/alfazone\/","og_locale":"pl_PL","og_type":"article","og_title":"Alfazone - Clinica Althea","og_description":"39.00 \u20ac 78.00 \u20ac","og_url":"https:\/\/www.clinicaalthea.com\/farmacia\/sk\/apt\/alfazone\/","og_site_name":"Clinica Althea","article_modified_time":"2024-07-17T08:08:23+00:00","og_image":[{"width":768,"height":768,"url":"https:\/\/www.clinicaalthea.com\/farmacia\/wp-content\/uploads\/2024\/07\/ALFAZONE.jpg","type":"image\/jpeg"}],"twitter_card":"summary_large_image","twitter_misc":{"Szacowany czas czytania":"6 minut"},"schema":{"@context":"https:\/\/schema.org","@graph":[{"@type":"WebPage","@id":"https:\/\/www.clinicaalthea.com\/farmacia\/sk\/apt\/alfazone\/","url":"https:\/\/www.clinicaalthea.com\/farmacia\/sk\/apt\/alfazone\/","name":"Alfazone - Clinica Althea","isPartOf":{"@id":"https:\/\/www.clinicaalthea.com\/farmacia\/#website"},"primaryImageOfPage":{"@id":"https:\/\/www.clinicaalthea.com\/farmacia\/sk\/apt\/alfazone\/#primaryimage"},"image":{"@id":"https:\/\/www.clinicaalthea.com\/farmacia\/sk\/apt\/alfazone\/#primaryimage"},"thumbnailUrl":"https:\/\/www.clinicaalthea.com\/farmacia\/wp-content\/uploads\/2024\/07\/ALFAZONE.jpg","datePublished":"2024-07-17T08:04:46+00:00","dateModified":"2024-07-17T08:08:23+00:00","breadcrumb":{"@id":"https:\/\/www.clinicaalthea.com\/farmacia\/sk\/apt\/alfazone\/#breadcrumb"},"inLanguage":"pl-PL","potentialAction":[{"@type":"ReadAction","target":["https:\/\/www.clinicaalthea.com\/farmacia\/sk\/apt\/alfazone\/"]}]},{"@type":"ImageObject","inLanguage":"pl-PL","@id":"https:\/\/www.clinicaalthea.com\/farmacia\/sk\/apt\/alfazone\/#primaryimage","url":"https:\/\/www.clinicaalthea.com\/farmacia\/wp-content\/uploads\/2024\/07\/ALFAZONE.jpg","contentUrl":"https:\/\/www.clinicaalthea.com\/farmacia\/wp-content\/uploads\/2024\/07\/ALFAZONE.jpg","width":768,"height":768,"caption":"Alfazone"},{"@type":"BreadcrumbList","@id":"https:\/\/www.clinicaalthea.com\/farmacia\/sk\/apt\/alfazone\/#breadcrumb","itemListElement":[{"@type":"ListItem","position":1,"name":"Strona g\u0142\u00f3wna","item":"https:\/\/www.clinicaalthea.com\/farmacia\/"},{"@type":"ListItem","position":2,"name":"Produkty","item":"https:\/\/www.clinicaalthea.com\/farmacia\/"},{"@type":"ListItem","position":3,"name":"Alfazone"}]},{"@type":"WebSite","@id":"https:\/\/www.clinicaalthea.com\/farmacia\/#website","url":"https:\/\/www.clinicaalthea.com\/farmacia\/","name":"Clinica Althea","description":"","publisher":{"@id":"https:\/\/www.clinicaalthea.com\/farmacia\/#organization"},"potentialAction":[{"@type":"SearchAction","target":{"@type":"EntryPoint","urlTemplate":"https:\/\/www.clinicaalthea.com\/farmacia\/?s={search_term_string}"},"query-input":{"@type":"PropertyValueSpecification","valueRequired":true,"valueName":"search_term_string"}}],"inLanguage":"pl-PL"},{"@type":"Organization","@id":"https:\/\/www.clinicaalthea.com\/farmacia\/#organization","name":"Clinica Althea","url":"https:\/\/www.clinicaalthea.com\/farmacia\/","logo":{"@type":"ImageObject","inLanguage":"pl-PL","@id":"https:\/\/www.clinicaalthea.com\/farmacia\/#\/schema\/logo\/image\/","url":"https:\/\/www.clinicaalthea.com\/farmacia\/wp-content\/uploads\/2023\/12\/Jak-diagnozuje-sie-FAS_-objawy-kryteria-diagnostyczne-i-metody-diagnozowania-154162903.jpg","contentUrl":"https:\/\/www.clinicaalthea.com\/farmacia\/wp-content\/uploads\/2023\/12\/Jak-diagnozuje-sie-FAS_-objawy-kryteria-diagnostyczne-i-metody-diagnozowania-154162903.jpg","width":1216,"height":832,"caption":"Clinica Althea"},"image":{"@id":"https:\/\/www.clinicaalthea.com\/farmacia\/#\/schema\/logo\/image\/"}}]}},"lang":"sk","translations":{"sk":6101,"pl":6066,"hu":6088,"ro":6090,"cs":6095,"de":6103,"es":6105,"it":6107,"fr":6109,"nl":6111},"pll_sync_post":[],"_links":{"self":[{"href":"https:\/\/www.clinicaalthea.com\/farmacia\/wp-json\/wp\/v2\/product\/6101","targetHints":{"allow":["GET"]}}],"collection":[{"href":"https:\/\/www.clinicaalthea.com\/farmacia\/wp-json\/wp\/v2\/product"}],"about":[{"href":"https:\/\/www.clinicaalthea.com\/farmacia\/wp-json\/wp\/v2\/types\/product"}],"replies":[{"embeddable":true,"href":"https:\/\/www.clinicaalthea.com\/farmacia\/wp-json\/wp\/v2\/comments?post=6101"}],"wp:featuredmedia":[{"embeddable":true,"href":"https:\/\/www.clinicaalthea.com\/farmacia\/wp-json\/wp\/v2\/media\/6067"}],"wp:attachment":[{"href":"https:\/\/www.clinicaalthea.com\/farmacia\/wp-json\/wp\/v2\/media?parent=6101"}],"wp:term":[{"taxonomy":"product_brand","embeddable":true,"href":"https:\/\/www.clinicaalthea.com\/farmacia\/wp-json\/wp\/v2\/product_brand?post=6101"},{"taxonomy":"product_cat","embeddable":true,"href":"https:\/\/www.clinicaalthea.com\/farmacia\/wp-json\/wp\/v2\/product_cat?post=6101"},{"taxonomy":"product_tag","embeddable":true,"href":"https:\/\/www.clinicaalthea.com\/farmacia\/wp-json\/wp\/v2\/product_tag?post=6101"}],"curies":[{"name":"wp","href":"https:\/\/api.w.org\/{rel}","templated":true}]}}