{"id":6095,"date":"2024-07-17T09:04:08","date_gmt":"2024-07-17T08:04:08","guid":{"rendered":"https:\/\/mayoguide.org\/produkty\/?post_type=product&#038;p=6095"},"modified":"2024-07-17T09:08:23","modified_gmt":"2024-07-17T08:08:23","slug":"alfazone","status":"publish","type":"product","link":"https:\/\/www.clinicaalthea.com\/farmacia\/cs\/apt\/alfazone\/","title":{"rendered":"Alfazone"},"content":{"rendered":"\n<h2 class=\"wp-block-heading\">Co je p\u0159\u00edpravek Alfazone a jak funguje?<\/h2>\n\n\n\n<p>Alfazone je <b>dopln\u011bk stravy<\/b> ur\u010den\u00fd speci\u00e1ln\u011b pro mu\u017ee, jeho\u017e hlavn\u00edm c\u00edlem je <b>zv\u00fd\u0161en\u00ed potence<\/b> a <b>zlep\u0161en\u00ed libida<\/b>. Obsahuje <b>p\u0159\u00edrodn\u00ed slo\u017eky,<\/b> kter\u00e9 podporuj\u00ed zdravou fyziologii a sexu\u00e1ln\u00ed procesy.<\/p>\n\n\n\n<p>Dopln\u011bk Alfazone funguje d\u00edky pou\u017eit\u00ed pe\u010dliv\u011b vybran\u00fdch slo\u017eek, kter\u00e9 stimuluj\u00ed krevn\u00ed ob\u011bh v t\u011ble. V d\u016fsledku toho m\u00e1 pozitivn\u00ed vliv na sexu\u00e1ln\u00ed v\u00fdkonnost a zlep\u0161uje sexu\u00e1ln\u00ed funkce u mu\u017e\u016f.<\/p>\n\n\n\n<p>Mechanismus \u00fa\u010dinku p\u0159\u00edpravku Alfazone se zam\u011b\u0159uje na stimulaci krve, co\u017e zvy\u0161uje \u00fa\u010dinnost sexu\u00e1ln\u00edch proces\u016f. P\u0159i pravideln\u00e9m u\u017e\u00edv\u00e1n\u00ed dopl\u0148ku mohou mu\u017ei zaznamenat zv\u00fd\u0161en\u00ed libida a zlep\u0161en\u00ed kvality sv\u00e9ho sexu\u00e1ln\u00edho \u017eivota.<\/p>\n\n\n\n<h2 class=\"wp-block-heading\">V\u00fdhody Alfazone &#8211; \u00da\u010dinky<\/h2>\n\n\n\n<p>Pou\u017eit\u00ed dopl\u0148ku stravy Alfazone m\u016f\u017ee mu\u017e\u016fm p\u0159in\u00e9st mnoho v\u00fdhod a pozitivn\u00edch \u00fa\u010dink\u016f. Hlavn\u00edmi v\u00fdhodami spojen\u00fdmi s jeho u\u017e\u00edv\u00e1n\u00edm jsou <b>zlep\u0161en\u00ed potence<\/b> a <b>zv\u00fd\u0161en\u00ed libida<\/b>. Pravideln\u00e9 u\u017e\u00edv\u00e1n\u00ed p\u0159\u00edpravku Alfazone m\u016f\u017ee v\u00e9st k intenzivn\u011bj\u0161\u00ed a del\u0161\u00ed erekci, co\u017e se prom\u00edt\u00e1 do v\u011bt\u0161\u00edho sexu\u00e1ln\u00edho uspokojen\u00ed.<\/p>\n\n\n\n<p><b>Zlep\u0161en\u00ed kvality sexu\u00e1ln\u00edho \u017eivota<\/b> je jedn\u00edm z kl\u00ed\u010dov\u00fdch \u00fa\u010dink\u016f u\u017e\u00edv\u00e1n\u00ed p\u0159\u00edpravku Alfazone. Dopln\u011bk podporuje zdravou fyziologii a m\u016f\u017ee m\u00edt pozitivn\u00ed vliv na celkov\u00fd stav organismu, co\u017e p\u0159isp\u00edv\u00e1 ke zlep\u0161en\u00ed sexu\u00e1ln\u00ed pohody.<\/p>\n\n\n\n<p><b>Zv\u00fd\u0161en\u00e9 libido<\/b> a <b>zlep\u0161en\u00e1 potence<\/b> jsou pro mnoho mu\u017e\u016f \u017e\u00e1douc\u00ed \u00fa\u010dinky, kter\u00e9 mohou m\u00edt pozitivn\u00ed dopad na jejich sexu\u00e1ln\u00ed \u017eivot. Alfazone se sv\u00fdmi speci\u00e1ln\u011b vybran\u00fdmi slo\u017ekami m\u016f\u017ee b\u00fdt \u00fa\u010dinnou podporou mu\u017esk\u00e9 fyziologie.<\/p>\n\n\n\n<figure class=\"wp-block-table\"><table><tbody><tr><th>V\u00fdhody pou\u017e\u00edv\u00e1n\u00ed p\u0159\u00edpravku Alfazone:<\/th><\/tr><tr><td><em>Zlep\u0161en\u00ed potence<\/em> &#8211; U\u017e\u00edv\u00e1n\u00ed p\u0159\u00edpravku Alfazone m\u016f\u017ee m\u00edt za n\u00e1sledek <b>zv\u00fd\u0161en\u00ed<\/b> mu\u017esk\u00e9 <b>potence<\/b>.<\/td><\/tr><tr><td><em>Zv\u00fd\u0161en\u00e9 libido<\/em> &#8211; Pravideln\u00e9 u\u017e\u00edv\u00e1n\u00ed dopl\u0148ku m\u016f\u017ee p\u0159isp\u011bt ke zv\u00fd\u0161en\u00ed libida.<\/td><\/tr><tr><td><em>Intenzivn\u011bj\u0161\u00ed a del\u0161\u00ed erekce<\/em> &#8211; dopln\u011bk podporuje dosa\u017een\u00ed erekce v\u011bt\u0161\u00ed intenzity a del\u0161\u00edho trv\u00e1n\u00ed.<\/td><\/tr><tr><td><em>Zv\u00fd\u0161en\u00e9 sexu\u00e1ln\u00ed uspokojen\u00ed<\/em> &#8211; <b>\u00da\u010dinky p\u0159\u00edpravku Alfazone<\/b> mohou p\u0159isp\u011bt ke zv\u00fd\u0161en\u00ed sexu\u00e1ln\u00edho uspokojen\u00ed.<\/td><\/tr><tr><td><em>Zlep\u0161en\u00ed sexu\u00e1ln\u00edho \u017eivota<\/em> &#8211; Pravideln\u00e9 u\u017e\u00edv\u00e1n\u00ed dopl\u0148ku m\u016f\u017ee m\u00edt p\u0159\u00edzniv\u00fd <b>vliv<\/b> na celkovou sexu\u00e1ln\u00ed pohodu.<\/td><\/tr><\/tbody><\/table><\/figure>\n\n\n\n<h2 class=\"wp-block-heading\">Jak pou\u017e\u00edvat Alfazone? &#8211; D\u00e1vkov\u00e1n\u00ed<\/h2>\n\n\n\n<p><b>D\u00e1vkov\u00e1n\u00ed p\u0159\u00edprav<\/b> ku Alfazone je velmi jednoduch\u00e9. Doporu\u010duje se u\u017e\u00edvat <em>1 tobolku 2kr\u00e1t denn\u011b<\/em>, nejl\u00e9pe p\u0159ed j\u00eddlem. Minim\u00e1ln\u00ed doporu\u010den\u00e1 doba u\u017e\u00edv\u00e1n\u00ed jsou <em>2 t\u00fddny<\/em>. Je d\u016fle\u017eit\u00e9 dodr\u017eovat doporu\u010den\u00ed v\u00fdrobce a <em>nep\u0159ekra\u010dovat doporu\u010denou d\u00e1vku<\/em>. P\u0159ed zah\u00e1jen\u00edm l\u00e9\u010dby je v\u017edy vhodn\u00e9 poradit se s l\u00e9ka\u0159em, zejm\u00e9na pokud existuj\u00ed n\u011bjak\u00e9 <em>kontraindikace<\/em> nebo pochybnosti o <em>bezpe\u010dnosti dopl\u0148ku<\/em>.<\/p>\n\n\n\n<figure class=\"wp-block-table\"><table><tbody><tr><th>Pokyny pro d\u00e1vkov\u00e1n\u00ed<\/th><th>Popis<\/th><\/tr><tr><td><em>1 kapsle 2x denn\u011b<\/em><\/td><td>U\u017e\u00edvejte jednu kapsli dvakr\u00e1t denn\u011b p\u0159ed j\u00eddlem.<\/td><\/tr><tr><td><em>Minim\u00e1ln\u00ed doba trv\u00e1n\u00ed aplikace: 2 t\u00fddny<\/em><\/td><td>Dopln\u011bk by m\u011bl b\u00fdt pou\u017e\u00edv\u00e1n po dobu minim\u00e1ln\u011b 2 t\u00fddn\u016f, aby bylo dosa\u017eeno po\u017eadovan\u00fdch <b>v\u00fdsledk\u016f<\/b>.<\/td><\/tr><tr><td><em>Dodr\u017eujte doporu\u010den\u00ed v\u00fdrobce<\/em><\/td><td>Je d\u016fle\u017eit\u00e9 pe\u010dliv\u011b si p\u0159e\u010d\u00edst n\u00e1vod a dodr\u017eovat doporu\u010den\u00ed v\u00fdrobce.<\/td><\/tr><tr><td><em>Nep\u0159ekra\u010dujte doporu\u010denou d\u00e1vku<\/em><\/td><td>Je d\u016fle\u017eit\u00e9 nep\u0159ekra\u010dovat doporu\u010denou d\u00e1vku, aby se p\u0159ede\u0161lo mo\u017en\u00fdm ne\u017e\u00e1douc\u00edm \u00fa\u010dink\u016fm.<\/td><\/tr><tr><td><em>Konzultace s l\u00e9ka\u0159em<\/em><\/td><td>P\u0159ed zah\u00e1jen\u00edm l\u00e9\u010dby je v\u017edy dobr\u00e9 poradit se s l\u00e9ka\u0159em, zejm\u00e9na pokud existuj\u00ed n\u011bjak\u00e9 kontraindikace nebo obavy o bezpe\u010dnost dopl\u0148ku.<\/td><\/tr><\/tbody><\/table><\/figure>\n\n\n\n<h2 class=\"wp-block-heading\">Recenze a n\u00e1zory na Alfazone<\/h2>\n\n\n\n<p><b>U\u017eivatelsk\u00e9 recenze<\/b> Alfazone jsou r\u016fzn\u00e9. Mnoz\u00ed uv\u00e1d\u011bj\u00ed pozitivn\u00ed <b>\u00fa\u010dinky u\u017e\u00edv\u00e1n\u00ed<\/b> a doporu\u010duj\u00ed tento dopln\u011bk jako \u00fa\u010dinnou podporu mu\u017esk\u00e9 fyziologie. Je v\u0161ak t\u0159eba m\u00edt na pam\u011bti, \u017ee \u00fa\u010dinky se mohou li\u0161it v z\u00e1vislosti na t\u011ble a individu\u00e1ln\u00edch podm\u00ednk\u00e1ch. P\u0159ed rozhodnut\u00edm o koupi je vhodn\u00e9 p\u0159e\u010d\u00edst si r\u016fzn\u00e9 n\u00e1zory a recenze, abyste m\u011bli o v\u00fdrobku \u00fapln\u011bj\u0161\u00ed p\u0159edstavu.<\/p>\n\n\n\n<blockquote class=\"wp-block-quote is-layout-flow wp-block-quote-is-layout-flow\">\n<p>&#8220;Alfazone je senza\u010dn\u00ed dopln\u011bk, kter\u00fd rozhodn\u011b zlep\u0161il mou n\u00e1ladu a sexu\u00e1ln\u00ed v\u00fdkonnost. Od t\u00e9 doby, co ho pou\u017e\u00edv\u00e1m, m\u00e1m v\u00edce energie a intenzivn\u011bj\u0161\u00ed erekci. Up\u0159\u00edmn\u011b ho doporu\u010duji!&#8221; &#8211; Karol Kowalski<\/p>\n<\/blockquote>\n\n\n\n<p><b>N\u00e1zory u\u017eivatel\u016f<\/b> jsou d\u016fle\u017eit\u00e9, ale je t\u0159eba si uv\u011bdomit, \u017ee ka\u017ed\u00fd \u010dlov\u011bk je jin\u00fd. <b>\u00da\u010dinky u\u017e\u00edv\u00e1n\u00ed p\u0159\u00edprav<\/b> ku Alfazone se mohou u jednotliv\u00fdch osob li\u0161it. Proto stoj\u00ed za to p\u0159e\u010d\u00edst si r\u016fzn\u00e9 recenze, abychom z\u00edskali \u00fapln\u011bj\u0161\u00ed obr\u00e1zek a posoudili, zda je dopln\u011bk vhodn\u00fd pro na\u0161i individu\u00e1ln\u00ed fyziologii.<\/p>\n\n\n\n<h2 class=\"wp-block-heading\">Alfazone &#8211; Slo\u017een\u00ed &#8211; Co obsahuje?<\/h2>\n\n\n\n<p><b>Slo\u017een\u00ed p\u0159\u00edpravku<\/b> Alfazone je zalo\u017eeno na p\u0159\u00edrodn\u00edch slo\u017ek\u00e1ch, kter\u00e9 maj\u00ed pozitivn\u00ed vliv na mu\u017eskou fyziologii. Dopln\u011bk obsahuje <b>\u00fa\u010dinn\u00e9 l\u00e1tky<\/b> v\u010detn\u011b extraktu z dami\u00e1nsk\u00e9ho \u010daje, <b>\u017een\u0161enu<\/b> a <b>zinku<\/b>. Ka\u017ed\u00e1 z t\u011bchto slo\u017eek m\u00e1 sv\u00e9 jedine\u010dn\u00e9 p\u016fsoben\u00ed a podporuje sexu\u00e1ln\u00ed funkce.<\/p>\n\n\n\n<p>Odborn\u00edci v oblasti dopl\u0148k\u016f stravy zd\u016fraz\u0148uj\u00ed, \u017ee <b>\u010daj z dami\u00e1ny<\/b> je zn\u00e1m\u00fd pro sv\u016fj libido zvy\u0161uj\u00edc\u00ed \u00fa\u010dinek, kter\u00fd m\u00e1 pozitivn\u00ed dopad na sexu\u00e1ln\u00ed sf\u00e9ru mu\u017e\u016f. <b>\u017den\u0161en<\/b> m\u00e1 zase tonizuj\u00edc\u00ed a posiluj\u00edc\u00ed \u00fa\u010dinek, \u010d\u00edm\u017e podporuje fyzickou v\u00fdkonnost organismu. <b>Zinek,<\/b> p\u0159\u00edtomn\u00fd ve slo\u017een\u00ed Alfazonu, je nezbytn\u00fd pro zdrav\u00e9 fungov\u00e1n\u00ed organismu, v\u010detn\u011b zlep\u0161en\u00ed sexu\u00e1ln\u00edho \u017eivota.<\/p>\n\n\n\n<p>V\u0161echny slo\u017eky p\u0159\u00edpravku Alfazone jsou pe\u010dliv\u011b vybran\u00e9 a poskytuj\u00ed koncentrovan\u00e9 \u00fa\u010dinn\u00e9 l\u00e1tky, kter\u00e9 mohou \u00fa\u010dinn\u011b podpo\u0159it mu\u017eskou sexu\u00e1ln\u00ed funkci. Tento dopln\u011bk stravy poskytuje podporu mu\u017e\u016fm v\u0161ech v\u011bkov\u00fdch kategori\u00ed a m\u016f\u017ee m\u00edt pozitivn\u00ed vliv na zlep\u0161en\u00ed potence a zv\u00fd\u0161en\u00ed sexu\u00e1ln\u00edho uspokojen\u00ed.<\/p>\n\n\n\n<h2 class=\"wp-block-heading\">Alfazone cena &#8211; Kde koupit?<\/h2>\n\n\n\n<p><b>Cena p\u0159\u00edpravku Alfazone<\/b> se m\u016f\u017ee li\u0161it v z\u00e1vislosti na m\u00edst\u011b n\u00e1kupu. V\u017edy je v\u0161ak d\u016fle\u017eit\u00e9 vyb\u00edrat autorizovan\u00e9 zdroje a d\u016fv\u011bryhodn\u00e9 obchody, abyste si byli jisti pravost\u00ed v\u00fdrobku.<\/p>\n\n\n\n<p>Nejbezpe\u010dn\u011bj\u0161\u00ed a nejbezpe\u010dn\u011bj\u0161\u00ed zp\u016fsob n\u00e1kupu p\u0159\u00edrodn\u00edho dopl\u0148ku Alfazone je z ofici\u00e1ln\u00edch str\u00e1nek v\u00fdrobce. Na webov\u00fdch str\u00e1nk\u00e1ch v\u00fdrobce najdete spolehliv\u00e9 informace o produktu a mo\u017enost bezpe\u010dn\u00e9ho n\u00e1kupu. Mus\u00edte si v\u0161ak d\u00e1vat pozor na fale\u0161n\u00e9 webov\u00e9 str\u00e1nky, kter\u00e9 se mohou sna\u017eit prod\u00e1vat pad\u011blan\u00e9 v\u00fdrobky. P\u0159ed n\u00e1kupem proto v\u017edy pe\u010dliv\u011b zkontrolujte adresu webov\u00fdch str\u00e1nek v\u00fdrobce.<\/p>\n\n\n\n<h2 class=\"wp-block-heading\">Mo\u017en\u00e9 ne\u017e\u00e1douc\u00ed \u00fa\u010dinky a kontraindikace p\u0159\u00edpravku Alfazone<\/h2>\n\n\n\n<p>P\u0159ed u\u017eit\u00edm dopl\u0148ku stravy Alfazone si v\u017edy p\u0159e\u010dt\u011bte kontraindikace a v\u011bdom\u011b zhodno\u0165te sv\u016fj zdravotn\u00ed stav. Existuje n\u011bkolik faktor\u016f, kter\u00e9 mohou p\u0159edstavovat <b>kontraindikace<\/b> u\u017e\u00edv\u00e1n\u00ed tohoto p\u0159\u00edpravku. P\u0159\u00edpravku Alfazone byste se m\u011bli vyhnout, pokud jste alergi\u010dt\u00ed na n\u011bkterou slo\u017eku dopl\u0148ku. Pokud m\u00e1te chronick\u00e9 onemocn\u011bn\u00ed nebo u\u017e\u00edv\u00e1te n\u011bjak\u00e9 l\u00e9ky, je v\u017edy vhodn\u00e9 se p\u0159ed zah\u00e1jen\u00edm l\u00e9\u010dby poradit s l\u00e9ka\u0159em.<\/p>\n\n\n\n<p>P\u0159esto\u017ee jsou ne\u017e\u00e1douc\u00ed \u00fa\u010dinky p\u0159\u00edpravku Alfazone vz\u00e1cn\u00e9, ob\u010das se u n\u011bkter\u00fdch lid\u00ed vyskytnou ne\u017e\u00e1douc\u00ed \u00fa\u010dinky. Ty mohou zahrnovat nevolnost, bolesti hlavy, alergick\u00e9 reakce nebo jin\u00e9 p\u0159\u00edznaky. Pokud se u V\u00e1s b\u011bhem u\u017e\u00edv\u00e1n\u00ed dopl\u0148ku vyskytnou jak\u00e9koli obt\u011b\u017euj\u00edc\u00ed p\u0159\u00edznaky, doporu\u010dujeme l\u00e9\u010dbu p\u0159eru\u0161it a poradit se s l\u00e9ka\u0159em.<\/p>\n\n\n\n<p>Kl\u00ed\u010dem k dosa\u017een\u00ed pozitivn\u00edch v\u00fdsledk\u016f je <b>bezpe\u010dnost<\/b> a spr\u00e1vn\u00e9 pou\u017e\u00edv\u00e1n\u00ed dopl\u0148ku Alfazone.<br>Dodr\u017eov\u00e1n\u00ed doporu\u010den\u00ed v\u00fdrobce, spr\u00e1vn\u00e9 <b>d\u00e1vkov\u00e1n\u00ed<\/b> a uv\u011bdom\u011bl\u00fd p\u0159\u00edstup ke sv\u00e9mu zdrav\u00ed jsou nesm\u00edrn\u011b d\u016fle\u017eit\u00e9. Pokud jsou p\u0159ijata spr\u00e1vn\u00e1 opat\u0159en\u00ed a identifikov\u00e1ny potenci\u00e1ln\u00ed <b>kontraindikace<\/b>, m\u016f\u017ee b\u00fdt u\u017e\u00edv\u00e1n\u00ed dopl\u0148ku Alfazone bezpe\u010dn\u00e9 a \u00fa\u010dinn\u00e9 pro zlep\u0161en\u00ed mu\u017esk\u00e9 sexu\u00e1ln\u00ed funkce.<\/p>\n","protected":false},"excerpt":{"rendered":"<p><strong>890.00 K\u010d<\/strong><\/p>\n<p><del>1780.00 K\u010d<\/del><\/p>\n<p><strong>[date_countdown]<\/strong><\/p>\n","protected":false},"featured_media":6067,"comment_status":"open","ping_status":"closed","template":"","meta":{"neve_meta_sidebar":"","neve_meta_container":"","neve_meta_enable_content_width":"","neve_meta_content_width":0,"neve_meta_title_alignment":"","neve_meta_author_avatar":"","neve_post_elements_order":"","neve_meta_disable_header":"","neve_meta_disable_footer":"","neve_meta_disable_title":"","neve_meta_reading_time":""},"product_brand":[],"product_cat":[265],"product_tag":[],"class_list":{"0":"post-6095","1":"product","2":"type-product","3":"status-publish","4":"has-post-thumbnail","6":"product_cat-sexualni-zdravi","8":"first","9":"instock","10":"shipping-taxable","11":"product-type-external"},"yoast_head":"<!-- This site is optimized with the Yoast SEO plugin v27.4 - https:\/\/yoast.com\/product\/yoast-seo-wordpress\/ -->\n<title>Alfazone - Clinica Althea<\/title>\n<meta name=\"robots\" content=\"index, follow, max-snippet:-1, max-image-preview:large, max-video-preview:-1\" \/>\n<link rel=\"canonical\" href=\"https:\/\/www.clinicaalthea.com\/farmacia\/cs\/apt\/alfazone\/\" \/>\n<meta property=\"og:locale\" content=\"pl_PL\" \/>\n<meta property=\"og:type\" content=\"article\" \/>\n<meta property=\"og:title\" content=\"Alfazone - Clinica Althea\" \/>\n<meta property=\"og:description\" content=\"890.00 K\u010d 1780.00 K\u010d\" \/>\n<meta property=\"og:url\" content=\"https:\/\/www.clinicaalthea.com\/farmacia\/cs\/apt\/alfazone\/\" \/>\n<meta property=\"og:site_name\" content=\"Clinica Althea\" \/>\n<meta property=\"article:modified_time\" content=\"2024-07-17T08:08:23+00:00\" \/>\n<meta property=\"og:image\" content=\"https:\/\/www.clinicaalthea.com\/farmacia\/wp-content\/uploads\/2024\/07\/ALFAZONE.jpg\" \/>\n\t<meta property=\"og:image:width\" content=\"768\" \/>\n\t<meta property=\"og:image:height\" content=\"768\" \/>\n\t<meta property=\"og:image:type\" content=\"image\/jpeg\" \/>\n<meta name=\"twitter:card\" content=\"summary_large_image\" \/>\n<meta name=\"twitter:label1\" content=\"Szacowany czas czytania\" \/>\n\t<meta name=\"twitter:data1\" content=\"6 minut\" \/>\n<script type=\"application\/ld+json\" class=\"yoast-schema-graph\">{\"@context\":\"https:\\\/\\\/schema.org\",\"@graph\":[{\"@type\":\"WebPage\",\"@id\":\"https:\\\/\\\/www.clinicaalthea.com\\\/farmacia\\\/cs\\\/apt\\\/alfazone\\\/\",\"url\":\"https:\\\/\\\/www.clinicaalthea.com\\\/farmacia\\\/cs\\\/apt\\\/alfazone\\\/\",\"name\":\"Alfazone - Clinica Althea\",\"isPartOf\":{\"@id\":\"https:\\\/\\\/www.clinicaalthea.com\\\/farmacia\\\/#website\"},\"primaryImageOfPage\":{\"@id\":\"https:\\\/\\\/www.clinicaalthea.com\\\/farmacia\\\/cs\\\/apt\\\/alfazone\\\/#primaryimage\"},\"image\":{\"@id\":\"https:\\\/\\\/www.clinicaalthea.com\\\/farmacia\\\/cs\\\/apt\\\/alfazone\\\/#primaryimage\"},\"thumbnailUrl\":\"https:\\\/\\\/www.clinicaalthea.com\\\/farmacia\\\/wp-content\\\/uploads\\\/2024\\\/07\\\/ALFAZONE.jpg\",\"datePublished\":\"2024-07-17T08:04:08+00:00\",\"dateModified\":\"2024-07-17T08:08:23+00:00\",\"breadcrumb\":{\"@id\":\"https:\\\/\\\/www.clinicaalthea.com\\\/farmacia\\\/cs\\\/apt\\\/alfazone\\\/#breadcrumb\"},\"inLanguage\":\"pl-PL\",\"potentialAction\":[{\"@type\":\"ReadAction\",\"target\":[\"https:\\\/\\\/www.clinicaalthea.com\\\/farmacia\\\/cs\\\/apt\\\/alfazone\\\/\"]}]},{\"@type\":\"ImageObject\",\"inLanguage\":\"pl-PL\",\"@id\":\"https:\\\/\\\/www.clinicaalthea.com\\\/farmacia\\\/cs\\\/apt\\\/alfazone\\\/#primaryimage\",\"url\":\"https:\\\/\\\/www.clinicaalthea.com\\\/farmacia\\\/wp-content\\\/uploads\\\/2024\\\/07\\\/ALFAZONE.jpg\",\"contentUrl\":\"https:\\\/\\\/www.clinicaalthea.com\\\/farmacia\\\/wp-content\\\/uploads\\\/2024\\\/07\\\/ALFAZONE.jpg\",\"width\":768,\"height\":768,\"caption\":\"Alfazone\"},{\"@type\":\"BreadcrumbList\",\"@id\":\"https:\\\/\\\/www.clinicaalthea.com\\\/farmacia\\\/cs\\\/apt\\\/alfazone\\\/#breadcrumb\",\"itemListElement\":[{\"@type\":\"ListItem\",\"position\":1,\"name\":\"Strona g\u0142\u00f3wna\",\"item\":\"https:\\\/\\\/www.clinicaalthea.com\\\/farmacia\\\/\"},{\"@type\":\"ListItem\",\"position\":2,\"name\":\"Produkty\",\"item\":\"https:\\\/\\\/www.clinicaalthea.com\\\/farmacia\\\/\"},{\"@type\":\"ListItem\",\"position\":3,\"name\":\"Alfazone\"}]},{\"@type\":\"WebSite\",\"@id\":\"https:\\\/\\\/www.clinicaalthea.com\\\/farmacia\\\/#website\",\"url\":\"https:\\\/\\\/www.clinicaalthea.com\\\/farmacia\\\/\",\"name\":\"Clinica Althea\",\"description\":\"\",\"publisher\":{\"@id\":\"https:\\\/\\\/www.clinicaalthea.com\\\/farmacia\\\/#organization\"},\"potentialAction\":[{\"@type\":\"SearchAction\",\"target\":{\"@type\":\"EntryPoint\",\"urlTemplate\":\"https:\\\/\\\/www.clinicaalthea.com\\\/farmacia\\\/?s={search_term_string}\"},\"query-input\":{\"@type\":\"PropertyValueSpecification\",\"valueRequired\":true,\"valueName\":\"search_term_string\"}}],\"inLanguage\":\"pl-PL\"},{\"@type\":\"Organization\",\"@id\":\"https:\\\/\\\/www.clinicaalthea.com\\\/farmacia\\\/#organization\",\"name\":\"Clinica Althea\",\"url\":\"https:\\\/\\\/www.clinicaalthea.com\\\/farmacia\\\/\",\"logo\":{\"@type\":\"ImageObject\",\"inLanguage\":\"pl-PL\",\"@id\":\"https:\\\/\\\/www.clinicaalthea.com\\\/farmacia\\\/#\\\/schema\\\/logo\\\/image\\\/\",\"url\":\"https:\\\/\\\/www.clinicaalthea.com\\\/farmacia\\\/wp-content\\\/uploads\\\/2023\\\/12\\\/Jak-diagnozuje-sie-FAS_-objawy-kryteria-diagnostyczne-i-metody-diagnozowania-154162903.jpg\",\"contentUrl\":\"https:\\\/\\\/www.clinicaalthea.com\\\/farmacia\\\/wp-content\\\/uploads\\\/2023\\\/12\\\/Jak-diagnozuje-sie-FAS_-objawy-kryteria-diagnostyczne-i-metody-diagnozowania-154162903.jpg\",\"width\":1216,\"height\":832,\"caption\":\"Clinica Althea\"},\"image\":{\"@id\":\"https:\\\/\\\/www.clinicaalthea.com\\\/farmacia\\\/#\\\/schema\\\/logo\\\/image\\\/\"}}]}<\/script>\n<!-- \/ Yoast SEO plugin. -->","yoast_head_json":{"title":"Alfazone - Clinica Althea","robots":{"index":"index","follow":"follow","max-snippet":"max-snippet:-1","max-image-preview":"max-image-preview:large","max-video-preview":"max-video-preview:-1"},"canonical":"https:\/\/www.clinicaalthea.com\/farmacia\/cs\/apt\/alfazone\/","og_locale":"pl_PL","og_type":"article","og_title":"Alfazone - Clinica Althea","og_description":"890.00 K\u010d 1780.00 K\u010d","og_url":"https:\/\/www.clinicaalthea.com\/farmacia\/cs\/apt\/alfazone\/","og_site_name":"Clinica Althea","article_modified_time":"2024-07-17T08:08:23+00:00","og_image":[{"width":768,"height":768,"url":"https:\/\/www.clinicaalthea.com\/farmacia\/wp-content\/uploads\/2024\/07\/ALFAZONE.jpg","type":"image\/jpeg"}],"twitter_card":"summary_large_image","twitter_misc":{"Szacowany czas czytania":"6 minut"},"schema":{"@context":"https:\/\/schema.org","@graph":[{"@type":"WebPage","@id":"https:\/\/www.clinicaalthea.com\/farmacia\/cs\/apt\/alfazone\/","url":"https:\/\/www.clinicaalthea.com\/farmacia\/cs\/apt\/alfazone\/","name":"Alfazone - Clinica Althea","isPartOf":{"@id":"https:\/\/www.clinicaalthea.com\/farmacia\/#website"},"primaryImageOfPage":{"@id":"https:\/\/www.clinicaalthea.com\/farmacia\/cs\/apt\/alfazone\/#primaryimage"},"image":{"@id":"https:\/\/www.clinicaalthea.com\/farmacia\/cs\/apt\/alfazone\/#primaryimage"},"thumbnailUrl":"https:\/\/www.clinicaalthea.com\/farmacia\/wp-content\/uploads\/2024\/07\/ALFAZONE.jpg","datePublished":"2024-07-17T08:04:08+00:00","dateModified":"2024-07-17T08:08:23+00:00","breadcrumb":{"@id":"https:\/\/www.clinicaalthea.com\/farmacia\/cs\/apt\/alfazone\/#breadcrumb"},"inLanguage":"pl-PL","potentialAction":[{"@type":"ReadAction","target":["https:\/\/www.clinicaalthea.com\/farmacia\/cs\/apt\/alfazone\/"]}]},{"@type":"ImageObject","inLanguage":"pl-PL","@id":"https:\/\/www.clinicaalthea.com\/farmacia\/cs\/apt\/alfazone\/#primaryimage","url":"https:\/\/www.clinicaalthea.com\/farmacia\/wp-content\/uploads\/2024\/07\/ALFAZONE.jpg","contentUrl":"https:\/\/www.clinicaalthea.com\/farmacia\/wp-content\/uploads\/2024\/07\/ALFAZONE.jpg","width":768,"height":768,"caption":"Alfazone"},{"@type":"BreadcrumbList","@id":"https:\/\/www.clinicaalthea.com\/farmacia\/cs\/apt\/alfazone\/#breadcrumb","itemListElement":[{"@type":"ListItem","position":1,"name":"Strona g\u0142\u00f3wna","item":"https:\/\/www.clinicaalthea.com\/farmacia\/"},{"@type":"ListItem","position":2,"name":"Produkty","item":"https:\/\/www.clinicaalthea.com\/farmacia\/"},{"@type":"ListItem","position":3,"name":"Alfazone"}]},{"@type":"WebSite","@id":"https:\/\/www.clinicaalthea.com\/farmacia\/#website","url":"https:\/\/www.clinicaalthea.com\/farmacia\/","name":"Clinica Althea","description":"","publisher":{"@id":"https:\/\/www.clinicaalthea.com\/farmacia\/#organization"},"potentialAction":[{"@type":"SearchAction","target":{"@type":"EntryPoint","urlTemplate":"https:\/\/www.clinicaalthea.com\/farmacia\/?s={search_term_string}"},"query-input":{"@type":"PropertyValueSpecification","valueRequired":true,"valueName":"search_term_string"}}],"inLanguage":"pl-PL"},{"@type":"Organization","@id":"https:\/\/www.clinicaalthea.com\/farmacia\/#organization","name":"Clinica Althea","url":"https:\/\/www.clinicaalthea.com\/farmacia\/","logo":{"@type":"ImageObject","inLanguage":"pl-PL","@id":"https:\/\/www.clinicaalthea.com\/farmacia\/#\/schema\/logo\/image\/","url":"https:\/\/www.clinicaalthea.com\/farmacia\/wp-content\/uploads\/2023\/12\/Jak-diagnozuje-sie-FAS_-objawy-kryteria-diagnostyczne-i-metody-diagnozowania-154162903.jpg","contentUrl":"https:\/\/www.clinicaalthea.com\/farmacia\/wp-content\/uploads\/2023\/12\/Jak-diagnozuje-sie-FAS_-objawy-kryteria-diagnostyczne-i-metody-diagnozowania-154162903.jpg","width":1216,"height":832,"caption":"Clinica Althea"},"image":{"@id":"https:\/\/www.clinicaalthea.com\/farmacia\/#\/schema\/logo\/image\/"}}]}},"lang":"cs","translations":{"cs":6095,"pl":6066,"hu":6088,"ro":6090,"sk":6101,"de":6103,"es":6105,"it":6107,"fr":6109,"nl":6111},"pll_sync_post":[],"_links":{"self":[{"href":"https:\/\/www.clinicaalthea.com\/farmacia\/wp-json\/wp\/v2\/product\/6095","targetHints":{"allow":["GET"]}}],"collection":[{"href":"https:\/\/www.clinicaalthea.com\/farmacia\/wp-json\/wp\/v2\/product"}],"about":[{"href":"https:\/\/www.clinicaalthea.com\/farmacia\/wp-json\/wp\/v2\/types\/product"}],"replies":[{"embeddable":true,"href":"https:\/\/www.clinicaalthea.com\/farmacia\/wp-json\/wp\/v2\/comments?post=6095"}],"wp:featuredmedia":[{"embeddable":true,"href":"https:\/\/www.clinicaalthea.com\/farmacia\/wp-json\/wp\/v2\/media\/6067"}],"wp:attachment":[{"href":"https:\/\/www.clinicaalthea.com\/farmacia\/wp-json\/wp\/v2\/media?parent=6095"}],"wp:term":[{"taxonomy":"product_brand","embeddable":true,"href":"https:\/\/www.clinicaalthea.com\/farmacia\/wp-json\/wp\/v2\/product_brand?post=6095"},{"taxonomy":"product_cat","embeddable":true,"href":"https:\/\/www.clinicaalthea.com\/farmacia\/wp-json\/wp\/v2\/product_cat?post=6095"},{"taxonomy":"product_tag","embeddable":true,"href":"https:\/\/www.clinicaalthea.com\/farmacia\/wp-json\/wp\/v2\/product_tag?post=6095"}],"curies":[{"name":"wp","href":"https:\/\/api.w.org\/{rel}","templated":true}]}}